{"id":84185,"date":"2023-09-27T18:56:12","date_gmt":"2023-09-27T17:56:12","guid":{"rendered":"https:\/\/onlinelotto365.com\/dobitni-brojevi\/rezultati-izvlacenja-powerball-a"},"modified":"2023-09-27T18:56:12","modified_gmt":"2023-09-27T17:56:12","slug":"rezultati-izvlacenja-powerball-a","status":"publish","type":"page","link":"https:\/\/onlinelotto365.com\/hr\/dobitni-brojevi\/rezultati-izvlacenja-powerball-a\/","title":{"rendered":"Rezultati izvla\u010denja Powerball-a"},"content":{"rendered":"<h2>Provjerite brojeve koji su izvu\u010deni za Powerball<\/h2>\n<p><img decoding=\"async\" class=\"aligncenter\" src=\"https:\/\/redfoxlotto.com\/image?size=8&amp;lottery=powerball\" alt=\"Powerball\" \/><br \/>\nAko \u017eivite u SAD-u, pronala\u017eenje izvu\u010denih brojeva za Powerball je jednostavno. Posebno kada je jackpot vrlo visok, rezultati \u0107e biti objavljeni u vijestima i objavljeni u svakom novinskom listu.<\/p>\n<p>Ali \u0161to ako ne \u017eivite u SAD-u, kako do\u0107i do izvu\u010denih brojeva za Powerball? Kako saznati rezultate i vidjeti koliko ste osvojili?<\/p>\n<h2>Kako saznati je li va\u0161a online ulaznica osvojila<\/h2>\n<p>Pa, ako ste kupili online ulaznicu, to je zapravo prili\u010dno jednostavno. Vratite se na na\u0161u web stranicu, prijavite se sa svojim korisni\u010dkim imenom i lozinkom, zatim idite na odjeljak gdje se digitalno pohranjuje va\u0161a kupljena ulaznica. Brojevi koje ste odabrali bit \u0107e istaknuti druga\u010dijom bojom ako se podudaraju s izvu\u010denim brojevima dana izvla\u010denja za koji ste kupili ulaznicu.<br \/>\n<img loading=\"lazy\" decoding=\"async\" class=\"size-full wp-image-50704 alignright\" src=\"https:\/\/onlinelotto365.com\/wp-content\/uploads\/2021\/01\/online_lottery-136.jpg\" alt=\"lottery results\" width=\"297\" height=\"101\" \/><br \/>\nNaravno, mo\u017eete otvoriti i na\u0161 pregled rezultata i usporediti rezultate izvla\u010denja s va\u0161om ulaznicom na taj na\u010din. Neki od na\u0161ih korisnika vole isprintati svoje online ulaznice i ozna\u010diti izvu\u010dene brojeve na ispisu kako bi vidjeli jesu li osvojili.<\/p>\n<h2>Arhiva rezultata Powerball<\/h2>\n<p>Na\u0161a stranica za pregled rezultata lutrije tako\u0111er vam omogu\u0107ava da pogledate izvu\u010dene brojeve iz pro\u0161lih tjedana. To vam mo\u017ee pomo\u0107i u strategiji odabira svojih sretnih brojeva. Na primjer, mo\u017eete poku\u0161ati prona\u0107i brojeve koji su dugo izostali, a zatim stvoriti lutrijsku ulaznicu koriste\u0107i samo te brojeve.<\/p>\n<p>Ili, mo\u017eete odabrati svoje Powerball pobjedni\u010dke brojeve saznaju\u0107i koji su brojevi \u010de\u0161\u0107e izlazili nego drugi. Mnogi igra\u010di koriste kombinaciju ta dva na\u010dina za odabir svojih osobnih lutrijskih brojeva.<\/p>\n<p>Ako ne mo\u017eete odlu\u010diti koje brojeve odabrati za dobitnu ulaznicu, kako vam zvu\u010di ovaj na\u010din: Provjerite pro\u0161le dobitne brojeve neke druge lutrije s rasponom brojeva sli\u010dnim lutriji koju planirate igrati. Prona\u0111ite dobitnu kombinaciju koja vam se svi\u0111a u tim pro\u0161lim rezultatima, a zatim koristite te starije dobitne brojeve za igranje nove<\/p>\n<h2>Moja ulaznica je osvojila, \u0161to se doga\u0111a dalje?<\/h2>\n<p>Pa, \u010destitam, dobro za vas! Naravno, uvijek smo sretni kad jedan od na\u0161ih korisnika ima ulaznicu s dobitnom Powerball ulaznicom. Bilo da je rije\u010d o manjem ili ve\u0107em dobitku, brinemo se za isplatu za vas, besplatno, naravno!<\/p>\n<p>Dobitak od \u20ac2500 ili manje &#8211; osvojeni iznos bit \u0107e vam pripisan na saldo na na\u0161oj web stranici. Isplatite ga odatle ili koristite saldo za kupnju vi\u0161e ulaznica.<\/p>\n<p>Dobitak od vi\u0161e od \u20ac2500 &#8211; na\u0161 tim za podr\u0161ku \u0107e vam pomo\u0107i da dobijete isplatu. Nakon \u0161to ste dostavili neke informacije o svojem identitetu i \u017eeljenom na\u010dinu isplate (bankovni transfer ili \u010dek), iznos \u0107e vam biti ispla\u0107en na na\u010din koji ste odabrali.<\/p>\n","protected":false},"excerpt":{"rendered":"<p>Provjerite brojeve koji su izvu\u010deni za Powerball Ako \u017eivite u SAD-u, pronala\u017eenje izvu\u010denih brojeva za Powerball je jednostavno. Posebno kada je jackpot vrlo visok, rezultati \u0107e biti objavljeni u vijestima i objavljeni u svakom novinskom listu. Ali \u0161to ako ne \u017eivite u SAD-u, kako do\u0107i do izvu\u010denih brojeva za Powerball? Kako saznati rezultate i vidjeti [&hellip;]<\/p>\n","protected":false},"author":1,"featured_media":0,"parent":5822,"menu_order":1,"comment_status":"closed","ping_status":"closed","template":"powerball-usa-info.php","meta":{"_et_pb_use_builder":"","_et_pb_old_content":"","_et_gb_content_width":"","exclude_from_search":false,"footnotes":""},"class_list":["post-84185","page","type-page","status-publish","hentry"],"yoast_head":"<!-- This site is optimized with the Yoast SEO plugin v23.4 - https:\/\/yoast.com\/wordpress\/plugins\/seo\/ -->\n<title>Powerball dobitni brojevi | Provjerite rezultate i dobitke za Powerball SAD<\/title>\n<meta name=\"description\" content=\"\u017delite li provjeriti je li va\u0161a Powerball ulaznica dobitna? Provjerite dobitne brojeve na na\u0161oj web stranici!\" \/>\n<meta name=\"robots\" content=\"index, follow, max-snippet:-1, max-image-preview:large, max-video-preview:-1\" \/>\n<link rel=\"canonical\" href=\"https:\/\/onlinelotto365.com\/hr\/dobitni-brojevi\/rezultati-izvlacenja-powerball-a\/\" \/>\n<meta property=\"og:locale\" content=\"hr_HR\" \/>\n<meta property=\"og:type\" content=\"article\" \/>\n<meta property=\"og:title\" content=\"Powerball dobitni brojevi | Provjerite rezultate i dobitke za Powerball SAD\" \/>\n<meta property=\"og:description\" content=\"\u017delite li provjeriti je li va\u0161a Powerball ulaznica dobitna? Provjerite dobitne brojeve na na\u0161oj web stranici!\" \/>\n<meta property=\"og:url\" content=\"https:\/\/onlinelotto365.com\/hr\/dobitni-brojevi\/rezultati-izvlacenja-powerball-a\/\" \/>\n<meta property=\"og:site_name\" content=\"OnlineLotto365\" \/>\n<meta property=\"og:image\" content=\"https:\/\/redfoxlotto.com\/image?size=8&amp;lottery=powerball\" \/>\n<meta name=\"twitter:card\" content=\"summary_large_image\" \/>\n<meta name=\"twitter:label1\" content=\"Procijenjeno vrijeme \u010ditanja\" \/>\n\t<meta name=\"twitter:data1\" content=\"2 minute\" \/>\n<script type=\"application\/ld+json\" class=\"yoast-schema-graph\">{\"@context\":\"https:\/\/schema.org\",\"@graph\":[{\"@type\":\"WebPage\",\"@id\":\"https:\/\/onlinelotto365.com\/hr\/dobitni-brojevi\/rezultati-izvlacenja-powerball-a\/\",\"url\":\"https:\/\/onlinelotto365.com\/hr\/dobitni-brojevi\/rezultati-izvlacenja-powerball-a\/\",\"name\":\"Powerball dobitni brojevi | Provjerite rezultate i dobitke za Powerball SAD\",\"isPartOf\":{\"@id\":\"https:\/\/onlinelotto365.com\/hr\/#website\"},\"primaryImageOfPage\":{\"@id\":\"https:\/\/onlinelotto365.com\/hr\/dobitni-brojevi\/rezultati-izvlacenja-powerball-a\/#primaryimage\"},\"image\":{\"@id\":\"https:\/\/onlinelotto365.com\/hr\/dobitni-brojevi\/rezultati-izvlacenja-powerball-a\/#primaryimage\"},\"thumbnailUrl\":\"https:\/\/redfoxlotto.com\/image?size=8&amp;lottery=powerball\",\"datePublished\":\"2023-09-27T17:56:12+00:00\",\"dateModified\":\"2023-09-27T17:56:12+00:00\",\"description\":\"\u017delite li provjeriti je li va\u0161a Powerball ulaznica dobitna? Provjerite dobitne brojeve na na\u0161oj web stranici!\",\"breadcrumb\":{\"@id\":\"https:\/\/onlinelotto365.com\/hr\/dobitni-brojevi\/rezultati-izvlacenja-powerball-a\/#breadcrumb\"},\"inLanguage\":\"hr\",\"potentialAction\":[{\"@type\":\"ReadAction\",\"target\":[\"https:\/\/onlinelotto365.com\/hr\/dobitni-brojevi\/rezultati-izvlacenja-powerball-a\/\"]}]},{\"@type\":\"ImageObject\",\"inLanguage\":\"hr\",\"@id\":\"https:\/\/onlinelotto365.com\/hr\/dobitni-brojevi\/rezultati-izvlacenja-powerball-a\/#primaryimage\",\"url\":\"https:\/\/redfoxlotto.com\/image?size=8&amp;lottery=powerball\",\"contentUrl\":\"https:\/\/redfoxlotto.com\/image?size=8&amp;lottery=powerball\"},{\"@type\":\"BreadcrumbList\",\"@id\":\"https:\/\/onlinelotto365.com\/hr\/dobitni-brojevi\/rezultati-izvlacenja-powerball-a\/#breadcrumb\",\"itemListElement\":[{\"@type\":\"ListItem\",\"position\":1,\"name\":\"Home\",\"item\":\"https:\/\/onlinelotto365.com\/hr\/\"},{\"@type\":\"ListItem\",\"position\":2,\"name\":\"Svi rezultati me\u0111unarodnih lota\",\"item\":\"https:\/\/onlinelotto365.com\/hr\/dobitni-brojevi\/\"},{\"@type\":\"ListItem\",\"position\":3,\"name\":\"Rezultati izvla\u010denja Powerball-a\"}]},{\"@type\":\"WebSite\",\"@id\":\"https:\/\/onlinelotto365.com\/hr\/#website\",\"url\":\"https:\/\/onlinelotto365.com\/hr\/\",\"name\":\"OnlineLotto365\",\"description\":\"\",\"potentialAction\":[{\"@type\":\"SearchAction\",\"target\":{\"@type\":\"EntryPoint\",\"urlTemplate\":\"https:\/\/onlinelotto365.com\/hr\/?s={search_term_string}\"},\"query-input\":{\"@type\":\"PropertyValueSpecification\",\"valueRequired\":true,\"valueName\":\"search_term_string\"}}],\"inLanguage\":\"hr\"}]}<\/script>\n<!-- \/ Yoast SEO plugin. -->","yoast_head_json":{"title":"Powerball dobitni brojevi | Provjerite rezultate i dobitke za Powerball SAD","description":"\u017delite li provjeriti je li va\u0161a Powerball ulaznica dobitna? Provjerite dobitne brojeve na na\u0161oj web stranici!","robots":{"index":"index","follow":"follow","max-snippet":"max-snippet:-1","max-image-preview":"max-image-preview:large","max-video-preview":"max-video-preview:-1"},"canonical":"https:\/\/onlinelotto365.com\/hr\/dobitni-brojevi\/rezultati-izvlacenja-powerball-a\/","og_locale":"hr_HR","og_type":"article","og_title":"Powerball dobitni brojevi | Provjerite rezultate i dobitke za Powerball SAD","og_description":"\u017delite li provjeriti je li va\u0161a Powerball ulaznica dobitna? Provjerite dobitne brojeve na na\u0161oj web stranici!","og_url":"https:\/\/onlinelotto365.com\/hr\/dobitni-brojevi\/rezultati-izvlacenja-powerball-a\/","og_site_name":"OnlineLotto365","og_image":[{"url":"https:\/\/redfoxlotto.com\/image?size=8&amp;lottery=powerball"}],"twitter_card":"summary_large_image","twitter_misc":{"Procijenjeno vrijeme \u010ditanja":"2 minute"},"schema":{"@context":"https:\/\/schema.org","@graph":[{"@type":"WebPage","@id":"https:\/\/onlinelotto365.com\/hr\/dobitni-brojevi\/rezultati-izvlacenja-powerball-a\/","url":"https:\/\/onlinelotto365.com\/hr\/dobitni-brojevi\/rezultati-izvlacenja-powerball-a\/","name":"Powerball dobitni brojevi | Provjerite rezultate i dobitke za Powerball SAD","isPartOf":{"@id":"https:\/\/onlinelotto365.com\/hr\/#website"},"primaryImageOfPage":{"@id":"https:\/\/onlinelotto365.com\/hr\/dobitni-brojevi\/rezultati-izvlacenja-powerball-a\/#primaryimage"},"image":{"@id":"https:\/\/onlinelotto365.com\/hr\/dobitni-brojevi\/rezultati-izvlacenja-powerball-a\/#primaryimage"},"thumbnailUrl":"https:\/\/redfoxlotto.com\/image?size=8&amp;lottery=powerball","datePublished":"2023-09-27T17:56:12+00:00","dateModified":"2023-09-27T17:56:12+00:00","description":"\u017delite li provjeriti je li va\u0161a Powerball ulaznica dobitna? Provjerite dobitne brojeve na na\u0161oj web stranici!","breadcrumb":{"@id":"https:\/\/onlinelotto365.com\/hr\/dobitni-brojevi\/rezultati-izvlacenja-powerball-a\/#breadcrumb"},"inLanguage":"hr","potentialAction":[{"@type":"ReadAction","target":["https:\/\/onlinelotto365.com\/hr\/dobitni-brojevi\/rezultati-izvlacenja-powerball-a\/"]}]},{"@type":"ImageObject","inLanguage":"hr","@id":"https:\/\/onlinelotto365.com\/hr\/dobitni-brojevi\/rezultati-izvlacenja-powerball-a\/#primaryimage","url":"https:\/\/redfoxlotto.com\/image?size=8&amp;lottery=powerball","contentUrl":"https:\/\/redfoxlotto.com\/image?size=8&amp;lottery=powerball"},{"@type":"BreadcrumbList","@id":"https:\/\/onlinelotto365.com\/hr\/dobitni-brojevi\/rezultati-izvlacenja-powerball-a\/#breadcrumb","itemListElement":[{"@type":"ListItem","position":1,"name":"Home","item":"https:\/\/onlinelotto365.com\/hr\/"},{"@type":"ListItem","position":2,"name":"Svi rezultati me\u0111unarodnih lota","item":"https:\/\/onlinelotto365.com\/hr\/dobitni-brojevi\/"},{"@type":"ListItem","position":3,"name":"Rezultati izvla\u010denja Powerball-a"}]},{"@type":"WebSite","@id":"https:\/\/onlinelotto365.com\/hr\/#website","url":"https:\/\/onlinelotto365.com\/hr\/","name":"OnlineLotto365","description":"","potentialAction":[{"@type":"SearchAction","target":{"@type":"EntryPoint","urlTemplate":"https:\/\/onlinelotto365.com\/hr\/?s={search_term_string}"},"query-input":{"@type":"PropertyValueSpecification","valueRequired":true,"valueName":"search_term_string"}}],"inLanguage":"hr"}]}},"_links":{"self":[{"href":"https:\/\/onlinelotto365.com\/hr\/wp-json\/wp\/v2\/pages\/84185","targetHints":{"allow":["GET"]}}],"collection":[{"href":"https:\/\/onlinelotto365.com\/hr\/wp-json\/wp\/v2\/pages"}],"about":[{"href":"https:\/\/onlinelotto365.com\/hr\/wp-json\/wp\/v2\/types\/page"}],"author":[{"embeddable":true,"href":"https:\/\/onlinelotto365.com\/hr\/wp-json\/wp\/v2\/users\/1"}],"replies":[{"embeddable":true,"href":"https:\/\/onlinelotto365.com\/hr\/wp-json\/wp\/v2\/comments?post=84185"}],"version-history":[{"count":0,"href":"https:\/\/onlinelotto365.com\/hr\/wp-json\/wp\/v2\/pages\/84185\/revisions"}],"up":[{"embeddable":true,"href":"https:\/\/onlinelotto365.com\/hr\/wp-json\/wp\/v2\/pages\/5822"}],"wp:attachment":[{"href":"https:\/\/onlinelotto365.com\/hr\/wp-json\/wp\/v2\/media?parent=84185"}],"curies":[{"name":"wp","href":"https:\/\/api.w.org\/{rel}","templated":true}]}}