{"id":84193,"date":"2023-09-27T20:46:13","date_gmt":"2023-09-27T19:46:13","guid":{"rendered":"https:\/\/onlinelotto365.com\/dobitni-brojevi\/provjerite-dobitne-brojeve-za-mega-millions-ovdje"},"modified":"2023-09-27T20:46:13","modified_gmt":"2023-09-27T19:46:13","slug":"provjerite-dobitne-brojeve-za-mega-millions-ovdje","status":"publish","type":"page","link":"https:\/\/onlinelotto365.com\/hr\/dobitni-brojevi\/provjerite-dobitne-brojeve-za-mega-millions-ovdje\/","title":{"rendered":"Provjerite dobitne brojeve za Mega Millions ovdje."},"content":{"rendered":"<p>Sa svim me\u0111unarodnim lutrijama koje mo\u017eete igrati na na\u0161oj web stranici, dobivanje dobitnih brojeva i rezultata mo\u017ee biti problem. Vjerojatno ne\u0107ete mo\u0107i prona\u0107i dobitne brojeve za Mega Millions u svom listu. Mo\u017eete potra\u017eiti TV kanal dostupan vama koji uklju\u010duje rezultate izvla\u010denja u svojim vijestima, ali to bi zahtijevalo neka istra\u017eivanja.<\/p>\n<p>Jedna opcija bila bi provjeriti ima li slu\u017ebena web stranica lutrije Mega Millions u\u017eivo prijenos postupka izvla\u010denja. Gledanje brojeva izvu\u010denih u\u017eivo, naravno, vrlo je uzbudljivo. Tako\u0111er bi to bio najbr\u017ei na\u010din da saznate jesu li va\u0161i brojevi pobijedili. Me\u0111utim, ve\u0107ina lutrija ne nudi u\u017eivo prijenos izvla\u010denja u stvarnom vremenu.<\/p>\n<p>Ako je izvla\u010denje ve\u0107 obavljeno u trenutku kada \u017eelite provjeriti dobitne brojeve, mo\u017eete oti\u0107i na Youtube i pretra\u017eiti video koji prikazuje najnovije izvla\u010denje Mega Millions.<br \/>\n<img decoding=\"async\" class=\"aligncenter\" src=\"https:\/\/redfoxlotto.com\/image?size=8&amp;lottery=mega-millions\" alt=\"Mega Millions\" \/><br \/>\nAli vrlo prakti\u010dan na\u010din za provjeru dobitnih brojeva, kao i rezultata i nagrada Mega Millions, jest na\u0161a vlastita stranica s rezultatima lutrije. Na jednoj stranici mo\u017eete prona\u0107i dobitne brojeve za sve lutrije koje nudimo.<\/p>\n<h2>Kako saznati jesu li va\u0161i online tiketi osvojili dobitke za Mega Millions<\/h2>\n<p>I bolje od toga! Ako ste kupili tiket za Mega Millions na na\u0161oj web stranici, mo\u017eete pogledati svoj ra\u010dun (prvo se morate prijaviti, naravno) i odjeljak gdje su pohranjeni va\u0161i tiketi. Za svaku lutriju koju ste igrali, dobitni brojevi prikazuju se odmah pored brojeva koje ste odabrali. Svi brojevi s va\u0161eg tiketa koji se podudaraju s rezultatima izvla\u010denja bit \u0107e ozna\u010deni bojom. Nakon \u0161to znate koliko ste brojeva ispravno odabrali, mo\u017eete provjeriti koliko ste osvojili. Tako\u0111er, zapamtite da \u0107e svi dobitci manji od 2500 \u20ac biti odmah pripisani va\u0161em igra\u010dkom ra\u010dunu \u010dim lutrija potvrdi slu\u017ebene rezultate.<\/p>\n<h2>Arhiva rezultata Mega Millions<\/h2>\n<p>Stranice na na\u0161oj web stranici koje prikazuju najnovije rezultate Mega Millions tako\u0111er vam daju opciju provjere prethodnih rezultata izvla\u010denja. To je ne\u0161to \u0161to mnogi igra\u010di koriste kako bi provjerili koje su brojevi nedavno izvu\u010deni, ili koji brojevi nisu izvu\u010deni u pro\u0161losti. To je vrlo popularna lutrijska strategija koju koristite pri odabiru brojeva za svoj sljede\u0107i tiket.<\/p>\n<h2>Moj tiket je dobio, \u0161to se doga\u0111a dalje?<\/h2>\n<p><img loading=\"lazy\" decoding=\"async\" class=\"alignright wp-image-1213\" src=\"https:\/\/onlinelotto365.com\/wp-content\/uploads\/2020\/11\/online_lottery-103-300x201.jpg\" alt=\"mega millions winning numbers\" width=\"266\" height=\"177\" \/><br \/>\nKao \u0161to smo ve\u0107 spomenuli, dobitci manji od 2500 \u20ac bit \u0107e vam odmah pripisani na va\u0161 igra\u010dki ra\u010dun na na\u0161oj web stranici. S tog ra\u010duna mo\u017eete povu\u0107i sve ili dio sredstava, pod uvjetom da imate saldo od barem 10 \u20ac. Ili mo\u017eete koristiti dio sredstava za kupnju novih tiketa. Ako odlu\u010dite povu\u0107i sredstva na svoju kreditnu karticu ili bankovni ra\u010dun, morat \u0107ete nam dostaviti neke dokumente radi identifikacije. Ovo je zahtjev na\u0161ih procesora pla\u0107anja, zbog zakona protiv pranja novca. Tako\u0111er, ne mo\u017eete koristiti na\u010din povla\u010denja koji prethodno nije kori\u0161ten za kupnju ili depozit.<\/p>\n","protected":false},"excerpt":{"rendered":"<p>Sa svim me\u0111unarodnim lutrijama koje mo\u017eete igrati na na\u0161oj web stranici, dobivanje dobitnih brojeva i rezultata mo\u017ee biti problem. Vjerojatno ne\u0107ete mo\u0107i prona\u0107i dobitne brojeve za Mega Millions u svom listu. Mo\u017eete potra\u017eiti TV kanal dostupan vama koji uklju\u010duje rezultate izvla\u010denja u svojim vijestima, ali to bi zahtijevalo neka istra\u017eivanja. Jedna opcija bila bi provjeriti [&hellip;]<\/p>\n","protected":false},"author":1,"featured_media":0,"parent":5822,"menu_order":2,"comment_status":"closed","ping_status":"closed","template":"megamillion-results.php","meta":{"_et_pb_use_builder":"","_et_pb_old_content":"","_et_gb_content_width":"","exclude_from_search":false,"footnotes":""},"class_list":["post-84193","page","type-page","status-publish","hentry"],"yoast_head":"<!-- This site is optimized with the Yoast SEO plugin v23.4 - https:\/\/yoast.com\/wordpress\/plugins\/seo\/ -->\n<title>Dobitni brojevi Mega Millions | Najnoviji rezultati izvla\u010denja i nagrade za Mega Millions<\/title>\n<meta name=\"description\" content=\"Dobitni brojevi Mega Millions | Najnoviji rezultati izvla\u010denja i nagrade za Mega Millions\" \/>\n<meta name=\"robots\" content=\"index, follow, max-snippet:-1, max-image-preview:large, max-video-preview:-1\" \/>\n<link rel=\"canonical\" href=\"https:\/\/onlinelotto365.com\/hr\/dobitni-brojevi\/provjerite-dobitne-brojeve-za-mega-millions-ovdje\/\" \/>\n<meta property=\"og:locale\" content=\"hr_HR\" \/>\n<meta property=\"og:type\" content=\"article\" \/>\n<meta property=\"og:title\" content=\"Dobitni brojevi Mega Millions | Najnoviji rezultati izvla\u010denja i nagrade za Mega Millions\" \/>\n<meta property=\"og:description\" content=\"Dobitni brojevi Mega Millions | Najnoviji rezultati izvla\u010denja i nagrade za Mega Millions\" \/>\n<meta property=\"og:url\" content=\"https:\/\/onlinelotto365.com\/hr\/dobitni-brojevi\/provjerite-dobitne-brojeve-za-mega-millions-ovdje\/\" \/>\n<meta property=\"og:site_name\" content=\"OnlineLotto365\" \/>\n<meta property=\"og:image\" content=\"https:\/\/redfoxlotto.com\/image?size=8&amp;lottery=mega-millions\" \/>\n<meta name=\"twitter:card\" content=\"summary_large_image\" \/>\n<meta name=\"twitter:label1\" content=\"Procijenjeno vrijeme \u010ditanja\" \/>\n\t<meta name=\"twitter:data1\" content=\"2 minute\" \/>\n<script type=\"application\/ld+json\" class=\"yoast-schema-graph\">{\"@context\":\"https:\/\/schema.org\",\"@graph\":[{\"@type\":\"WebPage\",\"@id\":\"https:\/\/onlinelotto365.com\/hr\/dobitni-brojevi\/provjerite-dobitne-brojeve-za-mega-millions-ovdje\/\",\"url\":\"https:\/\/onlinelotto365.com\/hr\/dobitni-brojevi\/provjerite-dobitne-brojeve-za-mega-millions-ovdje\/\",\"name\":\"Dobitni brojevi Mega Millions | Najnoviji rezultati izvla\u010denja i nagrade za Mega Millions\",\"isPartOf\":{\"@id\":\"https:\/\/onlinelotto365.com\/hr\/#website\"},\"primaryImageOfPage\":{\"@id\":\"https:\/\/onlinelotto365.com\/hr\/dobitni-brojevi\/provjerite-dobitne-brojeve-za-mega-millions-ovdje\/#primaryimage\"},\"image\":{\"@id\":\"https:\/\/onlinelotto365.com\/hr\/dobitni-brojevi\/provjerite-dobitne-brojeve-za-mega-millions-ovdje\/#primaryimage\"},\"thumbnailUrl\":\"https:\/\/redfoxlotto.com\/image?size=8&amp;lottery=mega-millions\",\"datePublished\":\"2023-09-27T19:46:13+00:00\",\"dateModified\":\"2023-09-27T19:46:13+00:00\",\"description\":\"Dobitni brojevi Mega Millions | Najnoviji rezultati izvla\u010denja i nagrade za Mega Millions\",\"breadcrumb\":{\"@id\":\"https:\/\/onlinelotto365.com\/hr\/dobitni-brojevi\/provjerite-dobitne-brojeve-za-mega-millions-ovdje\/#breadcrumb\"},\"inLanguage\":\"hr\",\"potentialAction\":[{\"@type\":\"ReadAction\",\"target\":[\"https:\/\/onlinelotto365.com\/hr\/dobitni-brojevi\/provjerite-dobitne-brojeve-za-mega-millions-ovdje\/\"]}]},{\"@type\":\"ImageObject\",\"inLanguage\":\"hr\",\"@id\":\"https:\/\/onlinelotto365.com\/hr\/dobitni-brojevi\/provjerite-dobitne-brojeve-za-mega-millions-ovdje\/#primaryimage\",\"url\":\"https:\/\/redfoxlotto.com\/image?size=8&amp;lottery=mega-millions\",\"contentUrl\":\"https:\/\/redfoxlotto.com\/image?size=8&amp;lottery=mega-millions\"},{\"@type\":\"BreadcrumbList\",\"@id\":\"https:\/\/onlinelotto365.com\/hr\/dobitni-brojevi\/provjerite-dobitne-brojeve-za-mega-millions-ovdje\/#breadcrumb\",\"itemListElement\":[{\"@type\":\"ListItem\",\"position\":1,\"name\":\"Home\",\"item\":\"https:\/\/onlinelotto365.com\/hr\/\"},{\"@type\":\"ListItem\",\"position\":2,\"name\":\"Svi rezultati me\u0111unarodnih lota\",\"item\":\"https:\/\/onlinelotto365.com\/hr\/dobitni-brojevi\/\"},{\"@type\":\"ListItem\",\"position\":3,\"name\":\"Provjerite dobitne brojeve za Mega Millions ovdje.\"}]},{\"@type\":\"WebSite\",\"@id\":\"https:\/\/onlinelotto365.com\/hr\/#website\",\"url\":\"https:\/\/onlinelotto365.com\/hr\/\",\"name\":\"OnlineLotto365\",\"description\":\"\",\"potentialAction\":[{\"@type\":\"SearchAction\",\"target\":{\"@type\":\"EntryPoint\",\"urlTemplate\":\"https:\/\/onlinelotto365.com\/hr\/?s={search_term_string}\"},\"query-input\":{\"@type\":\"PropertyValueSpecification\",\"valueRequired\":true,\"valueName\":\"search_term_string\"}}],\"inLanguage\":\"hr\"}]}<\/script>\n<!-- \/ Yoast SEO plugin. -->","yoast_head_json":{"title":"Dobitni brojevi Mega Millions | Najnoviji rezultati izvla\u010denja i nagrade za Mega Millions","description":"Dobitni brojevi Mega Millions | Najnoviji rezultati izvla\u010denja i nagrade za Mega Millions","robots":{"index":"index","follow":"follow","max-snippet":"max-snippet:-1","max-image-preview":"max-image-preview:large","max-video-preview":"max-video-preview:-1"},"canonical":"https:\/\/onlinelotto365.com\/hr\/dobitni-brojevi\/provjerite-dobitne-brojeve-za-mega-millions-ovdje\/","og_locale":"hr_HR","og_type":"article","og_title":"Dobitni brojevi Mega Millions | Najnoviji rezultati izvla\u010denja i nagrade za Mega Millions","og_description":"Dobitni brojevi Mega Millions | Najnoviji rezultati izvla\u010denja i nagrade za Mega Millions","og_url":"https:\/\/onlinelotto365.com\/hr\/dobitni-brojevi\/provjerite-dobitne-brojeve-za-mega-millions-ovdje\/","og_site_name":"OnlineLotto365","og_image":[{"url":"https:\/\/redfoxlotto.com\/image?size=8&amp;lottery=mega-millions"}],"twitter_card":"summary_large_image","twitter_misc":{"Procijenjeno vrijeme \u010ditanja":"2 minute"},"schema":{"@context":"https:\/\/schema.org","@graph":[{"@type":"WebPage","@id":"https:\/\/onlinelotto365.com\/hr\/dobitni-brojevi\/provjerite-dobitne-brojeve-za-mega-millions-ovdje\/","url":"https:\/\/onlinelotto365.com\/hr\/dobitni-brojevi\/provjerite-dobitne-brojeve-za-mega-millions-ovdje\/","name":"Dobitni brojevi Mega Millions | Najnoviji rezultati izvla\u010denja i nagrade za Mega Millions","isPartOf":{"@id":"https:\/\/onlinelotto365.com\/hr\/#website"},"primaryImageOfPage":{"@id":"https:\/\/onlinelotto365.com\/hr\/dobitni-brojevi\/provjerite-dobitne-brojeve-za-mega-millions-ovdje\/#primaryimage"},"image":{"@id":"https:\/\/onlinelotto365.com\/hr\/dobitni-brojevi\/provjerite-dobitne-brojeve-za-mega-millions-ovdje\/#primaryimage"},"thumbnailUrl":"https:\/\/redfoxlotto.com\/image?size=8&amp;lottery=mega-millions","datePublished":"2023-09-27T19:46:13+00:00","dateModified":"2023-09-27T19:46:13+00:00","description":"Dobitni brojevi Mega Millions | Najnoviji rezultati izvla\u010denja i nagrade za Mega Millions","breadcrumb":{"@id":"https:\/\/onlinelotto365.com\/hr\/dobitni-brojevi\/provjerite-dobitne-brojeve-za-mega-millions-ovdje\/#breadcrumb"},"inLanguage":"hr","potentialAction":[{"@type":"ReadAction","target":["https:\/\/onlinelotto365.com\/hr\/dobitni-brojevi\/provjerite-dobitne-brojeve-za-mega-millions-ovdje\/"]}]},{"@type":"ImageObject","inLanguage":"hr","@id":"https:\/\/onlinelotto365.com\/hr\/dobitni-brojevi\/provjerite-dobitne-brojeve-za-mega-millions-ovdje\/#primaryimage","url":"https:\/\/redfoxlotto.com\/image?size=8&amp;lottery=mega-millions","contentUrl":"https:\/\/redfoxlotto.com\/image?size=8&amp;lottery=mega-millions"},{"@type":"BreadcrumbList","@id":"https:\/\/onlinelotto365.com\/hr\/dobitni-brojevi\/provjerite-dobitne-brojeve-za-mega-millions-ovdje\/#breadcrumb","itemListElement":[{"@type":"ListItem","position":1,"name":"Home","item":"https:\/\/onlinelotto365.com\/hr\/"},{"@type":"ListItem","position":2,"name":"Svi rezultati me\u0111unarodnih lota","item":"https:\/\/onlinelotto365.com\/hr\/dobitni-brojevi\/"},{"@type":"ListItem","position":3,"name":"Provjerite dobitne brojeve za Mega Millions ovdje."}]},{"@type":"WebSite","@id":"https:\/\/onlinelotto365.com\/hr\/#website","url":"https:\/\/onlinelotto365.com\/hr\/","name":"OnlineLotto365","description":"","potentialAction":[{"@type":"SearchAction","target":{"@type":"EntryPoint","urlTemplate":"https:\/\/onlinelotto365.com\/hr\/?s={search_term_string}"},"query-input":{"@type":"PropertyValueSpecification","valueRequired":true,"valueName":"search_term_string"}}],"inLanguage":"hr"}]}},"_links":{"self":[{"href":"https:\/\/onlinelotto365.com\/hr\/wp-json\/wp\/v2\/pages\/84193","targetHints":{"allow":["GET"]}}],"collection":[{"href":"https:\/\/onlinelotto365.com\/hr\/wp-json\/wp\/v2\/pages"}],"about":[{"href":"https:\/\/onlinelotto365.com\/hr\/wp-json\/wp\/v2\/types\/page"}],"author":[{"embeddable":true,"href":"https:\/\/onlinelotto365.com\/hr\/wp-json\/wp\/v2\/users\/1"}],"replies":[{"embeddable":true,"href":"https:\/\/onlinelotto365.com\/hr\/wp-json\/wp\/v2\/comments?post=84193"}],"version-history":[{"count":0,"href":"https:\/\/onlinelotto365.com\/hr\/wp-json\/wp\/v2\/pages\/84193\/revisions"}],"up":[{"embeddable":true,"href":"https:\/\/onlinelotto365.com\/hr\/wp-json\/wp\/v2\/pages\/5822"}],"wp:attachment":[{"href":"https:\/\/onlinelotto365.com\/hr\/wp-json\/wp\/v2\/media?parent=84193"}],"curies":[{"name":"wp","href":"https:\/\/api.w.org\/{rel}","templated":true}]}}