{"id":84205,"date":"2023-09-27T23:03:29","date_gmt":"2023-09-27T22:03:29","guid":{"rendered":"https:\/\/onlinelotto365.com\/dobitni-brojevi\/pogledajte-dobitne-brojeve-euromillions"},"modified":"2023-09-27T23:03:29","modified_gmt":"2023-09-27T22:03:29","slug":"pogledajte-dobitne-brojeve-euromillions","status":"publish","type":"page","link":"https:\/\/onlinelotto365.com\/hr\/dobitni-brojevi\/pogledajte-dobitne-brojeve-euromillions\/","title":{"rendered":"Pogledajte dobitne brojeve Euromillions"},"content":{"rendered":"<p>Znamo da na na\u0161oj web stranici postoji mnogo me\u0111unarodnih lutrija i to vam mo\u017ee malo zbuniti. No, ne mora biti tako zbunjuju\u0107e kao \u0161to mislite. Tako\u0111er, ne mora biti tako te\u0161ko prona\u0107i dobitne brojeve za igru koju \u017eelite. Mo\u017eda ste razmi\u0161ljali o provjeri drugdje. Novine i televizija su neke od opcija, ali ako niste lokalni, mo\u017ee biti te\u0161ko prona\u0107i rezultate na tim mjestima.<\/p>\n<p>Mo\u017eete odlu\u010diti posjetiti slu\u017ebenu web stranicu lutrije EuroMillions. To je jedno od najboljih mjesta za dobivanje rezultata jer su dostupni podaci, a mo\u017eda \u010dak mo\u017eete gledati prijenos u\u017eivo izvla\u010denja. Mo\u017ee biti zabavno i uzbudljivo gledati to izvla\u010denje u\u017eivo, pogotovo ako ste vi taj sretnik koji pobje\u0111uje i mo\u017eete vidjeti svoje brojeve kako izlaze. No, to mo\u017ee potrajati dosta vremena, a nisu sve lutrije u\u017eivo preno\u0161ene.<\/p>\n<p>Kada je lutrija ve\u0107 izvu\u010dena, druga opcija je provjeriti YouTube kako biste vidjeli mo\u017eete li prona\u0107i video izvla\u010denja ili nekoga tko objavljuje brojeve nakon izvla\u010denja.<\/p>\n<p>No, najbolji na\u010din za dobivanje dobitnih brojeva je provjeriti na\u0161u web stranicu i provjeriti rezultate. Sve je dostupno na na\u0161oj stranici s rezultatima lutrije, na kojoj mo\u017eete prona\u0107i dobitne brojeve za bilo koju lutriju koju mo\u017eete kupiti na na\u0161oj web stranici.<\/p>\n<h2>Kako saznati je li va\u0161a internetska ulaznica osvojila dobitne brojeve Euromillions<\/h2>\n<p><img decoding=\"async\" class=\"aligncenter\" src=\"https:\/\/redfoxlotto.com\/image?size=8&amp;lottery=euromillions\" alt=\"euromillions\" \/><br \/>\n\u0160to je jo\u0161 bolje, ako ste zaista kupili ulaznicu za ovu igru, \u010dak se ne morate brinuti o odlasku na stranicu s rezultatima. Jednostavno mo\u017eete oti\u0107i izravno na svoj ra\u010dun i stranicu s va\u0161im ulaznicama.<\/p>\n<p>Odatle mo\u017eete vidjeti dobitne brojeve i usporediti ih s va\u0161im brojevima. I mi isti\u010demo brojeve koji se podudaraju kako ih ne biste propustili. Tako\u0111er, brinemo se da dobijete dobitke za svoje brojeve ako imate bilo \u0161to ispod 2500 eura. Ako je iznos ve\u0107i, sve \u0161to morate u\u010diniti je ispuniti obrazac i mi \u0107emo vam i dalje pomo\u0107i da sve rije\u0161ite.<\/p>\n<h2>Arhiva rezultata Euromillions<\/h2>\n<p><img loading=\"lazy\" decoding=\"async\" class=\"alignright wp-image-3645\" src=\"https:\/\/onlinelotto365.com\/wp-content\/uploads\/2020\/11\/online_lottery-129-300x300.jpg\" alt=\"Euromillions winning numbers\" width=\"210\" height=\"210\" srcset=\"https:\/\/onlinelotto365.com\/wp-content\/uploads\/2020\/11\/online_lottery-129-300x300.jpg 300w, https:\/\/onlinelotto365.com\/wp-content\/uploads\/2020\/11\/online_lottery-129-100x100.jpg 100w, https:\/\/onlinelotto365.com\/wp-content\/uploads\/2020\/11\/online_lottery-129-150x150.jpg 150w, https:\/\/onlinelotto365.com\/wp-content\/uploads\/2020\/11\/online_lottery-129.jpg 320w\" sizes=\"auto, (max-width: 210px) 100vw, 210px\" \/><br \/>\nImamo nekoliko podru\u010dja na na\u0161oj web stranici gdje mo\u017eete vidjeti najnovije dobitne brojeve za EuroMillions i rezultate drugih igara, ali tako\u0111er imamo opcije za pregled starih dobitnih brojeva. Ako \u017eelite biti sigurni da birate prave brojeve za sljede\u0107u igru, gledanje starih igara mo\u017ee biti dobar na\u010din da napravite tu odluku.<\/p>\n<h2>Moja ulaznica je osvojila, \u0161to se doga\u0111a dalje?<\/h2>\n<p>Ve\u0107 smo spomenuli da \u0107e svi dobitci ispod 2500 eura biti stavljani na va\u0161 ra\u010dun od strane na\u0161eg tima za korisni\u010dku podr\u0161ku. Nakon \u0161to novac bude na va\u0161em ra\u010dunu, mo\u0107i \u0107ete ga povu\u0107i, koristiti ili u\u010diniti \u0161to god \u017eelite. To \u0107e vam olak\u0161ati nastavak igranja ili upotrebu novca kako god \u017eelite.<\/p>\n<p>Nije to jedini na\u010din, ve\u0107 novac mo\u017eete povu\u0107i s bilo kojeg ra\u010duna koji ste ve\u0107 koristili za kupnju ili uplatu dodatnog novca na svoj ra\u010dun. To uklju\u010duje bankovne ra\u010dune, kreditne kartice i jo\u0161 mnogo toga.<\/p>\n","protected":false},"excerpt":{"rendered":"<p>Znamo da na na\u0161oj web stranici postoji mnogo me\u0111unarodnih lutrija i to vam mo\u017ee malo zbuniti. No, ne mora biti tako zbunjuju\u0107e kao \u0161to mislite. Tako\u0111er, ne mora biti tako te\u0161ko prona\u0107i dobitne brojeve za igru koju \u017eelite. Mo\u017eda ste razmi\u0161ljali o provjeri drugdje. Novine i televizija su neke od opcija, ali ako niste lokalni, [&hellip;]<\/p>\n","protected":false},"author":1,"featured_media":0,"parent":5822,"menu_order":3,"comment_status":"closed","ping_status":"closed","template":"euromillions-results.php","meta":{"_et_pb_use_builder":"","_et_pb_old_content":"","_et_gb_content_width":"","exclude_from_search":false,"footnotes":""},"class_list":["post-84205","page","type-page","status-publish","hentry"],"yoast_head":"<!-- This site is optimized with the Yoast SEO plugin v23.4 - https:\/\/yoast.com\/wordpress\/plugins\/seo\/ -->\n<title>Dobitni brojevi Euromillions | Pogledajte najnovije nagrade i rezultate za Euromillions<\/title>\n<meta name=\"description\" content=\"Usporedite svoj Euromillions listi\u0107 s dobitnim brojevima - pogledajte sve rezultate lutrije ovdje\" \/>\n<meta name=\"robots\" content=\"index, follow, max-snippet:-1, max-image-preview:large, max-video-preview:-1\" \/>\n<link rel=\"canonical\" href=\"https:\/\/onlinelotto365.com\/hr\/dobitni-brojevi\/pogledajte-dobitne-brojeve-euromillions\/\" \/>\n<meta property=\"og:locale\" content=\"hr_HR\" \/>\n<meta property=\"og:type\" content=\"article\" \/>\n<meta property=\"og:title\" content=\"Dobitni brojevi Euromillions | Pogledajte najnovije nagrade i rezultate za Euromillions\" \/>\n<meta property=\"og:description\" content=\"Usporedite svoj Euromillions listi\u0107 s dobitnim brojevima - pogledajte sve rezultate lutrije ovdje\" \/>\n<meta property=\"og:url\" content=\"https:\/\/onlinelotto365.com\/hr\/dobitni-brojevi\/pogledajte-dobitne-brojeve-euromillions\/\" \/>\n<meta property=\"og:site_name\" content=\"OnlineLotto365\" \/>\n<meta property=\"og:image\" content=\"https:\/\/redfoxlotto.com\/image?size=8&amp;lottery=euromillions\" \/>\n<meta name=\"twitter:card\" content=\"summary_large_image\" \/>\n<meta name=\"twitter:label1\" content=\"Procijenjeno vrijeme \u010ditanja\" \/>\n\t<meta name=\"twitter:data1\" content=\"3 minute\" \/>\n<script type=\"application\/ld+json\" class=\"yoast-schema-graph\">{\"@context\":\"https:\/\/schema.org\",\"@graph\":[{\"@type\":\"WebPage\",\"@id\":\"https:\/\/onlinelotto365.com\/hr\/dobitni-brojevi\/pogledajte-dobitne-brojeve-euromillions\/\",\"url\":\"https:\/\/onlinelotto365.com\/hr\/dobitni-brojevi\/pogledajte-dobitne-brojeve-euromillions\/\",\"name\":\"Dobitni brojevi Euromillions | Pogledajte najnovije nagrade i rezultate za Euromillions\",\"isPartOf\":{\"@id\":\"https:\/\/onlinelotto365.com\/hr\/#website\"},\"primaryImageOfPage\":{\"@id\":\"https:\/\/onlinelotto365.com\/hr\/dobitni-brojevi\/pogledajte-dobitne-brojeve-euromillions\/#primaryimage\"},\"image\":{\"@id\":\"https:\/\/onlinelotto365.com\/hr\/dobitni-brojevi\/pogledajte-dobitne-brojeve-euromillions\/#primaryimage\"},\"thumbnailUrl\":\"https:\/\/redfoxlotto.com\/image?size=8&amp;lottery=euromillions\",\"datePublished\":\"2023-09-27T22:03:29+00:00\",\"dateModified\":\"2023-09-27T22:03:29+00:00\",\"description\":\"Usporedite svoj Euromillions listi\u0107 s dobitnim brojevima - pogledajte sve rezultate lutrije ovdje\",\"breadcrumb\":{\"@id\":\"https:\/\/onlinelotto365.com\/hr\/dobitni-brojevi\/pogledajte-dobitne-brojeve-euromillions\/#breadcrumb\"},\"inLanguage\":\"hr\",\"potentialAction\":[{\"@type\":\"ReadAction\",\"target\":[\"https:\/\/onlinelotto365.com\/hr\/dobitni-brojevi\/pogledajte-dobitne-brojeve-euromillions\/\"]}]},{\"@type\":\"ImageObject\",\"inLanguage\":\"hr\",\"@id\":\"https:\/\/onlinelotto365.com\/hr\/dobitni-brojevi\/pogledajte-dobitne-brojeve-euromillions\/#primaryimage\",\"url\":\"https:\/\/redfoxlotto.com\/image?size=8&amp;lottery=euromillions\",\"contentUrl\":\"https:\/\/redfoxlotto.com\/image?size=8&amp;lottery=euromillions\"},{\"@type\":\"BreadcrumbList\",\"@id\":\"https:\/\/onlinelotto365.com\/hr\/dobitni-brojevi\/pogledajte-dobitne-brojeve-euromillions\/#breadcrumb\",\"itemListElement\":[{\"@type\":\"ListItem\",\"position\":1,\"name\":\"Home\",\"item\":\"https:\/\/onlinelotto365.com\/hr\/\"},{\"@type\":\"ListItem\",\"position\":2,\"name\":\"Svi rezultati me\u0111unarodnih lota\",\"item\":\"https:\/\/onlinelotto365.com\/hr\/dobitni-brojevi\/\"},{\"@type\":\"ListItem\",\"position\":3,\"name\":\"Pogledajte dobitne brojeve Euromillions\"}]},{\"@type\":\"WebSite\",\"@id\":\"https:\/\/onlinelotto365.com\/hr\/#website\",\"url\":\"https:\/\/onlinelotto365.com\/hr\/\",\"name\":\"OnlineLotto365\",\"description\":\"\",\"potentialAction\":[{\"@type\":\"SearchAction\",\"target\":{\"@type\":\"EntryPoint\",\"urlTemplate\":\"https:\/\/onlinelotto365.com\/hr\/?s={search_term_string}\"},\"query-input\":{\"@type\":\"PropertyValueSpecification\",\"valueRequired\":true,\"valueName\":\"search_term_string\"}}],\"inLanguage\":\"hr\"}]}<\/script>\n<!-- \/ Yoast SEO plugin. -->","yoast_head_json":{"title":"Dobitni brojevi Euromillions | Pogledajte najnovije nagrade i rezultate za Euromillions","description":"Usporedite svoj Euromillions listi\u0107 s dobitnim brojevima - pogledajte sve rezultate lutrije ovdje","robots":{"index":"index","follow":"follow","max-snippet":"max-snippet:-1","max-image-preview":"max-image-preview:large","max-video-preview":"max-video-preview:-1"},"canonical":"https:\/\/onlinelotto365.com\/hr\/dobitni-brojevi\/pogledajte-dobitne-brojeve-euromillions\/","og_locale":"hr_HR","og_type":"article","og_title":"Dobitni brojevi Euromillions | Pogledajte najnovije nagrade i rezultate za Euromillions","og_description":"Usporedite svoj Euromillions listi\u0107 s dobitnim brojevima - pogledajte sve rezultate lutrije ovdje","og_url":"https:\/\/onlinelotto365.com\/hr\/dobitni-brojevi\/pogledajte-dobitne-brojeve-euromillions\/","og_site_name":"OnlineLotto365","og_image":[{"url":"https:\/\/redfoxlotto.com\/image?size=8&amp;lottery=euromillions"}],"twitter_card":"summary_large_image","twitter_misc":{"Procijenjeno vrijeme \u010ditanja":"3 minute"},"schema":{"@context":"https:\/\/schema.org","@graph":[{"@type":"WebPage","@id":"https:\/\/onlinelotto365.com\/hr\/dobitni-brojevi\/pogledajte-dobitne-brojeve-euromillions\/","url":"https:\/\/onlinelotto365.com\/hr\/dobitni-brojevi\/pogledajte-dobitne-brojeve-euromillions\/","name":"Dobitni brojevi Euromillions | Pogledajte najnovije nagrade i rezultate za Euromillions","isPartOf":{"@id":"https:\/\/onlinelotto365.com\/hr\/#website"},"primaryImageOfPage":{"@id":"https:\/\/onlinelotto365.com\/hr\/dobitni-brojevi\/pogledajte-dobitne-brojeve-euromillions\/#primaryimage"},"image":{"@id":"https:\/\/onlinelotto365.com\/hr\/dobitni-brojevi\/pogledajte-dobitne-brojeve-euromillions\/#primaryimage"},"thumbnailUrl":"https:\/\/redfoxlotto.com\/image?size=8&amp;lottery=euromillions","datePublished":"2023-09-27T22:03:29+00:00","dateModified":"2023-09-27T22:03:29+00:00","description":"Usporedite svoj Euromillions listi\u0107 s dobitnim brojevima - pogledajte sve rezultate lutrije ovdje","breadcrumb":{"@id":"https:\/\/onlinelotto365.com\/hr\/dobitni-brojevi\/pogledajte-dobitne-brojeve-euromillions\/#breadcrumb"},"inLanguage":"hr","potentialAction":[{"@type":"ReadAction","target":["https:\/\/onlinelotto365.com\/hr\/dobitni-brojevi\/pogledajte-dobitne-brojeve-euromillions\/"]}]},{"@type":"ImageObject","inLanguage":"hr","@id":"https:\/\/onlinelotto365.com\/hr\/dobitni-brojevi\/pogledajte-dobitne-brojeve-euromillions\/#primaryimage","url":"https:\/\/redfoxlotto.com\/image?size=8&amp;lottery=euromillions","contentUrl":"https:\/\/redfoxlotto.com\/image?size=8&amp;lottery=euromillions"},{"@type":"BreadcrumbList","@id":"https:\/\/onlinelotto365.com\/hr\/dobitni-brojevi\/pogledajte-dobitne-brojeve-euromillions\/#breadcrumb","itemListElement":[{"@type":"ListItem","position":1,"name":"Home","item":"https:\/\/onlinelotto365.com\/hr\/"},{"@type":"ListItem","position":2,"name":"Svi rezultati me\u0111unarodnih lota","item":"https:\/\/onlinelotto365.com\/hr\/dobitni-brojevi\/"},{"@type":"ListItem","position":3,"name":"Pogledajte dobitne brojeve Euromillions"}]},{"@type":"WebSite","@id":"https:\/\/onlinelotto365.com\/hr\/#website","url":"https:\/\/onlinelotto365.com\/hr\/","name":"OnlineLotto365","description":"","potentialAction":[{"@type":"SearchAction","target":{"@type":"EntryPoint","urlTemplate":"https:\/\/onlinelotto365.com\/hr\/?s={search_term_string}"},"query-input":{"@type":"PropertyValueSpecification","valueRequired":true,"valueName":"search_term_string"}}],"inLanguage":"hr"}]}},"_links":{"self":[{"href":"https:\/\/onlinelotto365.com\/hr\/wp-json\/wp\/v2\/pages\/84205","targetHints":{"allow":["GET"]}}],"collection":[{"href":"https:\/\/onlinelotto365.com\/hr\/wp-json\/wp\/v2\/pages"}],"about":[{"href":"https:\/\/onlinelotto365.com\/hr\/wp-json\/wp\/v2\/types\/page"}],"author":[{"embeddable":true,"href":"https:\/\/onlinelotto365.com\/hr\/wp-json\/wp\/v2\/users\/1"}],"replies":[{"embeddable":true,"href":"https:\/\/onlinelotto365.com\/hr\/wp-json\/wp\/v2\/comments?post=84205"}],"version-history":[{"count":0,"href":"https:\/\/onlinelotto365.com\/hr\/wp-json\/wp\/v2\/pages\/84205\/revisions"}],"up":[{"embeddable":true,"href":"https:\/\/onlinelotto365.com\/hr\/wp-json\/wp\/v2\/pages\/5822"}],"wp:attachment":[{"href":"https:\/\/onlinelotto365.com\/hr\/wp-json\/wp\/v2\/media?parent=84205"}],"curies":[{"name":"wp","href":"https:\/\/api.w.org\/{rel}","templated":true}]}}