{"id":84239,"date":"2023-09-28T09:21:18","date_gmt":"2023-09-28T08:21:18","guid":{"rendered":"https:\/\/onlinelotto365.com\/dobitni-brojevi\/provjerite-pobjednicke-brojeve-eurojackpota-ovdje"},"modified":"2023-09-28T09:21:18","modified_gmt":"2023-09-28T08:21:18","slug":"provjerite-pobjednicke-brojeve-eurojackpota-ovdje","status":"publish","type":"page","link":"https:\/\/onlinelotto365.com\/hr\/dobitni-brojevi\/provjerite-pobjednicke-brojeve-eurojackpota-ovdje\/","title":{"rendered":"Provjerite pobjedni\u010dke brojeve Eurojackpota ovdje."},"content":{"rendered":"<p>Na na\u0161oj web stranici dostupno je mnogo razli\u010ditih me\u0111unarodnih lutrija, \u0161to zna\u010di da pronala\u017eenje brojeva i rezultata mo\u017ee biti te\u0161ko za neke ljude. Kada je u pitanju pronala\u017eenje brojeva na drugim mestima, stvari mogu biti jo\u0161 gore. Verovatno ne\u0107ete prona\u0107i rezultate Eurojackpota u svom lokalnom novinskom listu, a mo\u017ee biti te\u0161ko prona\u0107i ih i na televiziji. Pogotovo jer se \u010desto ne prenose u\u017eivo.<\/p>\n<p>Tako\u0111e mo\u017eete proveriti web stranicu lutrije Eurojackpot, koja vam omogu\u0107ava pristup direktnom prenosu rezultata i izvla\u010denja. Ovo mo\u017ee biti veoma zabavno i omogu\u0107ava vam da br\u017ee saznate da li ste pobedili. Me\u0111utim, ovo nije uvek mogu\u0107e i treba\u0107e vam pravi trenutak.<\/p>\n<p>Ako tra\u017eite brojeve nakon izvla\u010denja, uvek mo\u017eete proveriti na YouTubeu da vidite da li je izvla\u010denje dostupno ili da li neko ima video sa dobitnim brojevima.<\/p>\n<p>Najlak\u0161i na\u010din da prona\u0111ete dobitne brojeve, pa \u010dak i da vidite sve nagrade i rezultate, jeste da posetite na\u0161u web stranicu na stranici rezultata lutrije. Tamo \u0107ete prona\u0107i sve dobitne brojeve iz Eurojackpota i sve ostale igre koje nudimo.<\/p>\n<h2>Kako da saznate da li ste pobedili<\/h2>\n<p><img decoding=\"async\" class=\"aligncenter\" src=\"https:\/\/redfoxlotto.com\/image?size=8&amp;lottery=eurojackpot\" alt=\"eurojackpot\" \/><br \/>\nDa li ste kupili tiket za Eurojackpot? Ako jeste, \u010dak i ne morate i\u0107i na stranicu rezultata. Samo idite na svoj nalog i vide\u0107ete dobitne brojeve odmah pored svog tiketa. \u010cak \u0107ete mo\u0107i da vidite koji brojevi su bili ta\u010dni, a koji nisu, i da vidite koliko ste osvojili kao rezultat toga. Ako ste osvojili manje od 2.500 evra, novac \u0107e biti odmah upla\u0107en na va\u0161 nalog, \u010dim se potvrde brojevi lutrije.<\/p>\n<p>Na\u0161a web stranica \u0107e vam prikazati rezultate poslednjeg Eurojackpota, ali \u0107e vam tako\u0111e pru\u017eiti mnoge opcije za proveru starijih izvla\u010denja. Tako mo\u017eete proveriti starije tikete ili ako tra\u017eite najbolje brojeve za slede\u0107i put kada kupite tiket. Zapravo, ovo je jedna od najpopularnijih strategija lutrije koje ljudi koriste.<\/p>\n<h2>Moj tiket je dobitnik, \u0161ta se de\u0161ava dalje?<\/h2>\n<p><img loading=\"lazy\" decoding=\"async\" class=\"alignright wp-image-25127\" src=\"https:\/\/onlinelotto365.com\/wp-content\/uploads\/2021\/01\/lottery_balls1-300x160-1.jpg\" alt=\"Eurojackpot winning numbers\" width=\"265\" height=\"142\" \/><br \/>\nVe\u0107 smo govorili o nagradama ispod 2.500 evra. Te nagrade \u0107e odmah biti upla\u0107ene na va\u0161 nalog i mo\u0107i \u0107ete da odlu\u010dite da li \u0107ete kupiti vi\u0161e tiketa ili povu\u0107i ceo ili deo novca. Sve \u0161to trebate da uradite je da se pobrinite da imate barem 10 evra na svom nalogu kako biste mogli da ih povu\u010dete putem metode po va\u0161em izboru.<\/p>\n<p>Mo\u017eete izabrati da povu\u010dete novac na svoj bankovni ra\u010dun ili kreditnu karticu, i mi vam olak\u0161avamo i to. \u017delimo da mo\u017eete da do\u0111ete do svog novca, ali trebamo preduzeti nekoliko koraka kako bismo novac preneli na va\u0161 ra\u010dun. Na kraju krajeva, online transferi novca podlo\u017eni su strogoj regulativi.<\/p>\n","protected":false},"excerpt":{"rendered":"<p>Na na\u0161oj web stranici dostupno je mnogo razli\u010ditih me\u0111unarodnih lutrija, \u0161to zna\u010di da pronala\u017eenje brojeva i rezultata mo\u017ee biti te\u0161ko za neke ljude. Kada je u pitanju pronala\u017eenje brojeva na drugim mestima, stvari mogu biti jo\u0161 gore. Verovatno ne\u0107ete prona\u0107i rezultate Eurojackpota u svom lokalnom novinskom listu, a mo\u017ee biti te\u0161ko prona\u0107i ih i na [&hellip;]<\/p>\n","protected":false},"author":1,"featured_media":0,"parent":5822,"menu_order":4,"comment_status":"closed","ping_status":"closed","template":"eurojackpot-results.php","meta":{"_et_pb_use_builder":"","_et_pb_old_content":"","_et_gb_content_width":"","exclude_from_search":false,"footnotes":""},"class_list":["post-84239","page","type-page","status-publish","hentry"],"yoast_head":"<!-- This site is optimized with the Yoast SEO plugin v23.4 - https:\/\/yoast.com\/wordpress\/plugins\/seo\/ -->\n<title>Pogledajte dobitne brojeve Eurojackpota | Provjerite rezultate izvla\u010denja i dobitke za Eurojackpot ovdje.<\/title>\n<meta name=\"description\" content=\"Objavljujemo rezultate i dobitne brojeve Eurojackpota, uklju\u010duju\u0107i i arhivu za pro\u0161le izvla\u010denje.\" \/>\n<meta name=\"robots\" content=\"index, follow, max-snippet:-1, max-image-preview:large, max-video-preview:-1\" \/>\n<link rel=\"canonical\" href=\"https:\/\/onlinelotto365.com\/hr\/dobitni-brojevi\/provjerite-pobjednicke-brojeve-eurojackpota-ovdje\/\" \/>\n<meta property=\"og:locale\" content=\"hr_HR\" \/>\n<meta property=\"og:type\" content=\"article\" \/>\n<meta property=\"og:title\" content=\"Pogledajte dobitne brojeve Eurojackpota | Provjerite rezultate izvla\u010denja i dobitke za Eurojackpot ovdje.\" \/>\n<meta property=\"og:description\" content=\"Objavljujemo rezultate i dobitne brojeve Eurojackpota, uklju\u010duju\u0107i i arhivu za pro\u0161le izvla\u010denje.\" \/>\n<meta property=\"og:url\" content=\"https:\/\/onlinelotto365.com\/hr\/dobitni-brojevi\/provjerite-pobjednicke-brojeve-eurojackpota-ovdje\/\" \/>\n<meta property=\"og:site_name\" content=\"OnlineLotto365\" \/>\n<meta property=\"og:image\" content=\"https:\/\/redfoxlotto.com\/image?size=8&amp;lottery=eurojackpot\" \/>\n<meta name=\"twitter:card\" content=\"summary_large_image\" \/>\n<meta name=\"twitter:label1\" content=\"Procijenjeno vrijeme \u010ditanja\" \/>\n\t<meta name=\"twitter:data1\" content=\"2 minute\" \/>\n<script type=\"application\/ld+json\" class=\"yoast-schema-graph\">{\"@context\":\"https:\/\/schema.org\",\"@graph\":[{\"@type\":\"WebPage\",\"@id\":\"https:\/\/onlinelotto365.com\/hr\/dobitni-brojevi\/provjerite-pobjednicke-brojeve-eurojackpota-ovdje\/\",\"url\":\"https:\/\/onlinelotto365.com\/hr\/dobitni-brojevi\/provjerite-pobjednicke-brojeve-eurojackpota-ovdje\/\",\"name\":\"Pogledajte dobitne brojeve Eurojackpota | Provjerite rezultate izvla\u010denja i dobitke za Eurojackpot ovdje.\",\"isPartOf\":{\"@id\":\"https:\/\/onlinelotto365.com\/hr\/#website\"},\"primaryImageOfPage\":{\"@id\":\"https:\/\/onlinelotto365.com\/hr\/dobitni-brojevi\/provjerite-pobjednicke-brojeve-eurojackpota-ovdje\/#primaryimage\"},\"image\":{\"@id\":\"https:\/\/onlinelotto365.com\/hr\/dobitni-brojevi\/provjerite-pobjednicke-brojeve-eurojackpota-ovdje\/#primaryimage\"},\"thumbnailUrl\":\"https:\/\/redfoxlotto.com\/image?size=8&amp;lottery=eurojackpot\",\"datePublished\":\"2023-09-28T08:21:18+00:00\",\"dateModified\":\"2023-09-28T08:21:18+00:00\",\"description\":\"Objavljujemo rezultate i dobitne brojeve Eurojackpota, uklju\u010duju\u0107i i arhivu za pro\u0161le izvla\u010denje.\",\"breadcrumb\":{\"@id\":\"https:\/\/onlinelotto365.com\/hr\/dobitni-brojevi\/provjerite-pobjednicke-brojeve-eurojackpota-ovdje\/#breadcrumb\"},\"inLanguage\":\"hr\",\"potentialAction\":[{\"@type\":\"ReadAction\",\"target\":[\"https:\/\/onlinelotto365.com\/hr\/dobitni-brojevi\/provjerite-pobjednicke-brojeve-eurojackpota-ovdje\/\"]}]},{\"@type\":\"ImageObject\",\"inLanguage\":\"hr\",\"@id\":\"https:\/\/onlinelotto365.com\/hr\/dobitni-brojevi\/provjerite-pobjednicke-brojeve-eurojackpota-ovdje\/#primaryimage\",\"url\":\"https:\/\/redfoxlotto.com\/image?size=8&amp;lottery=eurojackpot\",\"contentUrl\":\"https:\/\/redfoxlotto.com\/image?size=8&amp;lottery=eurojackpot\"},{\"@type\":\"BreadcrumbList\",\"@id\":\"https:\/\/onlinelotto365.com\/hr\/dobitni-brojevi\/provjerite-pobjednicke-brojeve-eurojackpota-ovdje\/#breadcrumb\",\"itemListElement\":[{\"@type\":\"ListItem\",\"position\":1,\"name\":\"Home\",\"item\":\"https:\/\/onlinelotto365.com\/hr\/\"},{\"@type\":\"ListItem\",\"position\":2,\"name\":\"Svi rezultati me\u0111unarodnih lota\",\"item\":\"https:\/\/onlinelotto365.com\/hr\/dobitni-brojevi\/\"},{\"@type\":\"ListItem\",\"position\":3,\"name\":\"Provjerite pobjedni\u010dke brojeve Eurojackpota ovdje.\"}]},{\"@type\":\"WebSite\",\"@id\":\"https:\/\/onlinelotto365.com\/hr\/#website\",\"url\":\"https:\/\/onlinelotto365.com\/hr\/\",\"name\":\"OnlineLotto365\",\"description\":\"\",\"potentialAction\":[{\"@type\":\"SearchAction\",\"target\":{\"@type\":\"EntryPoint\",\"urlTemplate\":\"https:\/\/onlinelotto365.com\/hr\/?s={search_term_string}\"},\"query-input\":{\"@type\":\"PropertyValueSpecification\",\"valueRequired\":true,\"valueName\":\"search_term_string\"}}],\"inLanguage\":\"hr\"}]}<\/script>\n<!-- \/ Yoast SEO plugin. -->","yoast_head_json":{"title":"Pogledajte dobitne brojeve Eurojackpota | Provjerite rezultate izvla\u010denja i dobitke za Eurojackpot ovdje.","description":"Objavljujemo rezultate i dobitne brojeve Eurojackpota, uklju\u010duju\u0107i i arhivu za pro\u0161le izvla\u010denje.","robots":{"index":"index","follow":"follow","max-snippet":"max-snippet:-1","max-image-preview":"max-image-preview:large","max-video-preview":"max-video-preview:-1"},"canonical":"https:\/\/onlinelotto365.com\/hr\/dobitni-brojevi\/provjerite-pobjednicke-brojeve-eurojackpota-ovdje\/","og_locale":"hr_HR","og_type":"article","og_title":"Pogledajte dobitne brojeve Eurojackpota | Provjerite rezultate izvla\u010denja i dobitke za Eurojackpot ovdje.","og_description":"Objavljujemo rezultate i dobitne brojeve Eurojackpota, uklju\u010duju\u0107i i arhivu za pro\u0161le izvla\u010denje.","og_url":"https:\/\/onlinelotto365.com\/hr\/dobitni-brojevi\/provjerite-pobjednicke-brojeve-eurojackpota-ovdje\/","og_site_name":"OnlineLotto365","og_image":[{"url":"https:\/\/redfoxlotto.com\/image?size=8&amp;lottery=eurojackpot"}],"twitter_card":"summary_large_image","twitter_misc":{"Procijenjeno vrijeme \u010ditanja":"2 minute"},"schema":{"@context":"https:\/\/schema.org","@graph":[{"@type":"WebPage","@id":"https:\/\/onlinelotto365.com\/hr\/dobitni-brojevi\/provjerite-pobjednicke-brojeve-eurojackpota-ovdje\/","url":"https:\/\/onlinelotto365.com\/hr\/dobitni-brojevi\/provjerite-pobjednicke-brojeve-eurojackpota-ovdje\/","name":"Pogledajte dobitne brojeve Eurojackpota | Provjerite rezultate izvla\u010denja i dobitke za Eurojackpot ovdje.","isPartOf":{"@id":"https:\/\/onlinelotto365.com\/hr\/#website"},"primaryImageOfPage":{"@id":"https:\/\/onlinelotto365.com\/hr\/dobitni-brojevi\/provjerite-pobjednicke-brojeve-eurojackpota-ovdje\/#primaryimage"},"image":{"@id":"https:\/\/onlinelotto365.com\/hr\/dobitni-brojevi\/provjerite-pobjednicke-brojeve-eurojackpota-ovdje\/#primaryimage"},"thumbnailUrl":"https:\/\/redfoxlotto.com\/image?size=8&amp;lottery=eurojackpot","datePublished":"2023-09-28T08:21:18+00:00","dateModified":"2023-09-28T08:21:18+00:00","description":"Objavljujemo rezultate i dobitne brojeve Eurojackpota, uklju\u010duju\u0107i i arhivu za pro\u0161le izvla\u010denje.","breadcrumb":{"@id":"https:\/\/onlinelotto365.com\/hr\/dobitni-brojevi\/provjerite-pobjednicke-brojeve-eurojackpota-ovdje\/#breadcrumb"},"inLanguage":"hr","potentialAction":[{"@type":"ReadAction","target":["https:\/\/onlinelotto365.com\/hr\/dobitni-brojevi\/provjerite-pobjednicke-brojeve-eurojackpota-ovdje\/"]}]},{"@type":"ImageObject","inLanguage":"hr","@id":"https:\/\/onlinelotto365.com\/hr\/dobitni-brojevi\/provjerite-pobjednicke-brojeve-eurojackpota-ovdje\/#primaryimage","url":"https:\/\/redfoxlotto.com\/image?size=8&amp;lottery=eurojackpot","contentUrl":"https:\/\/redfoxlotto.com\/image?size=8&amp;lottery=eurojackpot"},{"@type":"BreadcrumbList","@id":"https:\/\/onlinelotto365.com\/hr\/dobitni-brojevi\/provjerite-pobjednicke-brojeve-eurojackpota-ovdje\/#breadcrumb","itemListElement":[{"@type":"ListItem","position":1,"name":"Home","item":"https:\/\/onlinelotto365.com\/hr\/"},{"@type":"ListItem","position":2,"name":"Svi rezultati me\u0111unarodnih lota","item":"https:\/\/onlinelotto365.com\/hr\/dobitni-brojevi\/"},{"@type":"ListItem","position":3,"name":"Provjerite pobjedni\u010dke brojeve Eurojackpota ovdje."}]},{"@type":"WebSite","@id":"https:\/\/onlinelotto365.com\/hr\/#website","url":"https:\/\/onlinelotto365.com\/hr\/","name":"OnlineLotto365","description":"","potentialAction":[{"@type":"SearchAction","target":{"@type":"EntryPoint","urlTemplate":"https:\/\/onlinelotto365.com\/hr\/?s={search_term_string}"},"query-input":{"@type":"PropertyValueSpecification","valueRequired":true,"valueName":"search_term_string"}}],"inLanguage":"hr"}]}},"_links":{"self":[{"href":"https:\/\/onlinelotto365.com\/hr\/wp-json\/wp\/v2\/pages\/84239","targetHints":{"allow":["GET"]}}],"collection":[{"href":"https:\/\/onlinelotto365.com\/hr\/wp-json\/wp\/v2\/pages"}],"about":[{"href":"https:\/\/onlinelotto365.com\/hr\/wp-json\/wp\/v2\/types\/page"}],"author":[{"embeddable":true,"href":"https:\/\/onlinelotto365.com\/hr\/wp-json\/wp\/v2\/users\/1"}],"replies":[{"embeddable":true,"href":"https:\/\/onlinelotto365.com\/hr\/wp-json\/wp\/v2\/comments?post=84239"}],"version-history":[{"count":0,"href":"https:\/\/onlinelotto365.com\/hr\/wp-json\/wp\/v2\/pages\/84239\/revisions"}],"up":[{"embeddable":true,"href":"https:\/\/onlinelotto365.com\/hr\/wp-json\/wp\/v2\/pages\/5822"}],"wp:attachment":[{"href":"https:\/\/onlinelotto365.com\/hr\/wp-json\/wp\/v2\/media?parent=84239"}],"curies":[{"name":"wp","href":"https:\/\/api.w.org\/{rel}","templated":true}]}}