{"id":84247,"date":"2023-09-28T10:19:26","date_gmt":"2023-09-28T09:19:26","guid":{"rendered":"https:\/\/onlinelotto365.com\/dobitni-brojevi\/provjerite-dobitne-brojeve-superenalotta-ovdje"},"modified":"2023-09-28T10:19:26","modified_gmt":"2023-09-28T09:19:26","slug":"provjerite-dobitne-brojeve-superenalotta-ovdje","status":"publish","type":"page","link":"https:\/\/onlinelotto365.com\/hr\/dobitni-brojevi\/provjerite-dobitne-brojeve-superenalotta-ovdje\/","title":{"rendered":"Provjerite dobitne brojeve Superenalotta ovdje."},"content":{"rendered":"<p>Na na\u0161oj web stranici nudimo mnoge razli\u010dite me\u0111unarodne lutrijske igre, ali \u017eelimo se pobrinuti da pronala\u017eenje rezultata ne bude problem. Naravno, mo\u017eete provjeriti rezultate na televiziji, ako imate sre\u0107e prona\u0107i rezultate izvla\u010denja u vijestima. Ili ih mo\u017eete prona\u0107i u novinama ako \u017eivite u podru\u010dju gdje se igre odr\u017eavaju lokalno. No, to tako\u0111er mo\u017ee biti te\u0161ko.<\/p>\n<p>Tako\u0111er mo\u017eete posjetiti web stranicu Superenalotta kako biste prona\u0161li prijenos u\u017eivo procesa izvla\u010denja ako je dostupan. To mo\u017ee biti zabavno za igre koje to nude i pru\u017eiti vam uzbudljiv trenutak gledanja kako biste vidjeli jesu li va\u0161i brojevi oni koji su pobijedili, ali ne svaka lutrija zapravo nudi tu opciju.<\/p>\n<p>Nakon izvla\u010denja, ponekad mo\u017eete prona\u0107i dobitne brojeve i crte\u017ee za Superenalotto na YouTubeu ako znate kako provesti istra\u017eivanje i gdje tra\u017eiti. No, to mo\u017ee potrajati.<br \/>\n<img decoding=\"async\" class=\"aligncenter\" src=\"https:\/\/redfoxlotto.com\/image?size=8&amp;lottery=superenalotto\" alt=\"superenalotto\" \/><br \/>\nNajbolji na\u010din je jednostavno posjetiti na\u0161u stranicu s rezultatima lutrije i vidjeti sve brojeve za svaku razli\u010ditu lutriju. To uklju\u010duje Superenalotto i jo\u0161 mnogo toga.<\/p>\n<h2>Kako saznati je li va\u0161a internetska ulaznica osvojila<\/h2>\n<p>Za one koji su kupili ulaznicu za Superenalotto putem na\u0161e stranice, lako mo\u017eete provjeriti svoj ra\u010dun kako biste saznali dobitne brojeve. Bit \u0107e puno lak\u0161e nego \u0161to mislite, a \u0161to je bolje, \u010dak se ni ne morate uspore\u0111ivati s brojevima.<\/p>\n<p>Mi se brinemo o tom dijelu za vas. Zapravo, pokazujemo vam koje brojeve imate koji se podudaraju s dobitnim brojevima tako da ih isti\u010demo. Zatim, sve \u0161to osvojite do 2500 \u20ac stavljamo izravno na va\u0161 ra\u010dun. Ne morate brinuti o tome da to preuzimate ili provjeravate. Mi to sve radimo kako biste mogli u\u017eivati u svojim dobitcima.<\/p>\n<h2>Arhiva rezultata Superenalotta<\/h2>\n<p><img loading=\"lazy\" decoding=\"async\" class=\"alignright size-full wp-image-3634\" src=\"https:\/\/onlinelotto365.com\/wp-content\/uploads\/2020\/11\/online_lottery-136.jpg\" alt=\"superenalotto winning numbers\" width=\"297\" height=\"101\" \/><br \/>\nSvaka stranica na na\u0161oj web stranici koja prikazuje dobitne brojeve za Superenalotto tako\u0111er \u0107e vam pokazati kako se mo\u017eete vratiti na prethodne rezultate i provjeriti starije crte\u017ee. To vam mo\u017ee pomo\u0107i da odaberete prave brojeve koje \u017eelite igrati kad do\u0111e vrijeme za sljede\u0107e izvla\u010denje. To je jedan od najpopularnijih na\u010dina odabira brojeva.<\/p>\n<h2>Moja ulaznica je pobijedila, \u0161to se doga\u0111a sljede\u0107e?<\/h2>\n<p>Svaka nagrada manja od 2500 \u20ac odmah \u0107e se staviti na va\u0161 igra\u010dki ra\u010dun. Na taj na\u010din mo\u017eete je povu\u0107i (iznos ve\u0107i od 10 \u20ac) ili je mo\u017eete koristiti za kupnju dodatnih ulaznica. Samo imajte na umu da mo\u017eete povu\u0107i sredstva na kreditnu ili debitnu karticu ili ih mo\u017eete povu\u0107i na bankovni ra\u010dun. Na koji god ra\u010dun \u017eelite povu\u0107i novac, ve\u0107 ste ga morali koristiti i za uplatu. To je kako vam poma\u017eemo i kako se pridr\u017eavamo propisa o spre\u010davanju pranja novca i drugih propisa.<\/p>\n","protected":false},"excerpt":{"rendered":"<p>Na na\u0161oj web stranici nudimo mnoge razli\u010dite me\u0111unarodne lutrijske igre, ali \u017eelimo se pobrinuti da pronala\u017eenje rezultata ne bude problem. Naravno, mo\u017eete provjeriti rezultate na televiziji, ako imate sre\u0107e prona\u0107i rezultate izvla\u010denja u vijestima. Ili ih mo\u017eete prona\u0107i u novinama ako \u017eivite u podru\u010dju gdje se igre odr\u017eavaju lokalno. No, to tako\u0111er mo\u017ee biti te\u0161ko. [&hellip;]<\/p>\n","protected":false},"author":1,"featured_media":0,"parent":5822,"menu_order":5,"comment_status":"closed","ping_status":"closed","template":"superenalotto-results.php","meta":{"_et_pb_use_builder":"","_et_pb_old_content":"","_et_gb_content_width":"","exclude_from_search":false,"footnotes":""},"class_list":["post-84247","page","type-page","status-publish","hentry"],"yoast_head":"<!-- This site is optimized with the Yoast SEO plugin v23.4 - https:\/\/yoast.com\/wordpress\/plugins\/seo\/ -->\n<title>Najnoviji dobitni brojevi za Superenalotto<\/title>\n<meta name=\"description\" content=\"\u017delite saznati dobitne brojeve za Superenalotto? Prona\u0111ite rezultate i vi\u0161e ovdje!\" \/>\n<meta name=\"robots\" content=\"index, follow, max-snippet:-1, max-image-preview:large, max-video-preview:-1\" \/>\n<link rel=\"canonical\" href=\"https:\/\/onlinelotto365.com\/hr\/dobitni-brojevi\/provjerite-dobitne-brojeve-superenalotta-ovdje\/\" \/>\n<meta property=\"og:locale\" content=\"hr_HR\" \/>\n<meta property=\"og:type\" content=\"article\" \/>\n<meta property=\"og:title\" content=\"Najnoviji dobitni brojevi za Superenalotto\" \/>\n<meta property=\"og:description\" content=\"\u017delite saznati dobitne brojeve za Superenalotto? Prona\u0111ite rezultate i vi\u0161e ovdje!\" \/>\n<meta property=\"og:url\" content=\"https:\/\/onlinelotto365.com\/hr\/dobitni-brojevi\/provjerite-dobitne-brojeve-superenalotta-ovdje\/\" \/>\n<meta property=\"og:site_name\" content=\"OnlineLotto365\" \/>\n<meta property=\"og:image\" content=\"https:\/\/redfoxlotto.com\/image?size=8&amp;lottery=superenalotto\" \/>\n<meta name=\"twitter:card\" content=\"summary_large_image\" \/>\n<meta name=\"twitter:label1\" content=\"Procijenjeno vrijeme \u010ditanja\" \/>\n\t<meta name=\"twitter:data1\" content=\"2 minute\" \/>\n<script type=\"application\/ld+json\" class=\"yoast-schema-graph\">{\"@context\":\"https:\/\/schema.org\",\"@graph\":[{\"@type\":\"WebPage\",\"@id\":\"https:\/\/onlinelotto365.com\/hr\/dobitni-brojevi\/provjerite-dobitne-brojeve-superenalotta-ovdje\/\",\"url\":\"https:\/\/onlinelotto365.com\/hr\/dobitni-brojevi\/provjerite-dobitne-brojeve-superenalotta-ovdje\/\",\"name\":\"Najnoviji dobitni brojevi za Superenalotto\",\"isPartOf\":{\"@id\":\"https:\/\/onlinelotto365.com\/hr\/#website\"},\"primaryImageOfPage\":{\"@id\":\"https:\/\/onlinelotto365.com\/hr\/dobitni-brojevi\/provjerite-dobitne-brojeve-superenalotta-ovdje\/#primaryimage\"},\"image\":{\"@id\":\"https:\/\/onlinelotto365.com\/hr\/dobitni-brojevi\/provjerite-dobitne-brojeve-superenalotta-ovdje\/#primaryimage\"},\"thumbnailUrl\":\"https:\/\/redfoxlotto.com\/image?size=8&amp;lottery=superenalotto\",\"datePublished\":\"2023-09-28T09:19:26+00:00\",\"dateModified\":\"2023-09-28T09:19:26+00:00\",\"description\":\"\u017delite saznati dobitne brojeve za Superenalotto? Prona\u0111ite rezultate i vi\u0161e ovdje!\",\"breadcrumb\":{\"@id\":\"https:\/\/onlinelotto365.com\/hr\/dobitni-brojevi\/provjerite-dobitne-brojeve-superenalotta-ovdje\/#breadcrumb\"},\"inLanguage\":\"hr\",\"potentialAction\":[{\"@type\":\"ReadAction\",\"target\":[\"https:\/\/onlinelotto365.com\/hr\/dobitni-brojevi\/provjerite-dobitne-brojeve-superenalotta-ovdje\/\"]}]},{\"@type\":\"ImageObject\",\"inLanguage\":\"hr\",\"@id\":\"https:\/\/onlinelotto365.com\/hr\/dobitni-brojevi\/provjerite-dobitne-brojeve-superenalotta-ovdje\/#primaryimage\",\"url\":\"https:\/\/redfoxlotto.com\/image?size=8&amp;lottery=superenalotto\",\"contentUrl\":\"https:\/\/redfoxlotto.com\/image?size=8&amp;lottery=superenalotto\"},{\"@type\":\"BreadcrumbList\",\"@id\":\"https:\/\/onlinelotto365.com\/hr\/dobitni-brojevi\/provjerite-dobitne-brojeve-superenalotta-ovdje\/#breadcrumb\",\"itemListElement\":[{\"@type\":\"ListItem\",\"position\":1,\"name\":\"Home\",\"item\":\"https:\/\/onlinelotto365.com\/hr\/\"},{\"@type\":\"ListItem\",\"position\":2,\"name\":\"Svi rezultati me\u0111unarodnih lota\",\"item\":\"https:\/\/onlinelotto365.com\/hr\/dobitni-brojevi\/\"},{\"@type\":\"ListItem\",\"position\":3,\"name\":\"Provjerite dobitne brojeve Superenalotta ovdje.\"}]},{\"@type\":\"WebSite\",\"@id\":\"https:\/\/onlinelotto365.com\/hr\/#website\",\"url\":\"https:\/\/onlinelotto365.com\/hr\/\",\"name\":\"OnlineLotto365\",\"description\":\"\",\"potentialAction\":[{\"@type\":\"SearchAction\",\"target\":{\"@type\":\"EntryPoint\",\"urlTemplate\":\"https:\/\/onlinelotto365.com\/hr\/?s={search_term_string}\"},\"query-input\":{\"@type\":\"PropertyValueSpecification\",\"valueRequired\":true,\"valueName\":\"search_term_string\"}}],\"inLanguage\":\"hr\"}]}<\/script>\n<!-- \/ Yoast SEO plugin. -->","yoast_head_json":{"title":"Najnoviji dobitni brojevi za Superenalotto","description":"\u017delite saznati dobitne brojeve za Superenalotto? Prona\u0111ite rezultate i vi\u0161e ovdje!","robots":{"index":"index","follow":"follow","max-snippet":"max-snippet:-1","max-image-preview":"max-image-preview:large","max-video-preview":"max-video-preview:-1"},"canonical":"https:\/\/onlinelotto365.com\/hr\/dobitni-brojevi\/provjerite-dobitne-brojeve-superenalotta-ovdje\/","og_locale":"hr_HR","og_type":"article","og_title":"Najnoviji dobitni brojevi za Superenalotto","og_description":"\u017delite saznati dobitne brojeve za Superenalotto? Prona\u0111ite rezultate i vi\u0161e ovdje!","og_url":"https:\/\/onlinelotto365.com\/hr\/dobitni-brojevi\/provjerite-dobitne-brojeve-superenalotta-ovdje\/","og_site_name":"OnlineLotto365","og_image":[{"url":"https:\/\/redfoxlotto.com\/image?size=8&amp;lottery=superenalotto"}],"twitter_card":"summary_large_image","twitter_misc":{"Procijenjeno vrijeme \u010ditanja":"2 minute"},"schema":{"@context":"https:\/\/schema.org","@graph":[{"@type":"WebPage","@id":"https:\/\/onlinelotto365.com\/hr\/dobitni-brojevi\/provjerite-dobitne-brojeve-superenalotta-ovdje\/","url":"https:\/\/onlinelotto365.com\/hr\/dobitni-brojevi\/provjerite-dobitne-brojeve-superenalotta-ovdje\/","name":"Najnoviji dobitni brojevi za Superenalotto","isPartOf":{"@id":"https:\/\/onlinelotto365.com\/hr\/#website"},"primaryImageOfPage":{"@id":"https:\/\/onlinelotto365.com\/hr\/dobitni-brojevi\/provjerite-dobitne-brojeve-superenalotta-ovdje\/#primaryimage"},"image":{"@id":"https:\/\/onlinelotto365.com\/hr\/dobitni-brojevi\/provjerite-dobitne-brojeve-superenalotta-ovdje\/#primaryimage"},"thumbnailUrl":"https:\/\/redfoxlotto.com\/image?size=8&amp;lottery=superenalotto","datePublished":"2023-09-28T09:19:26+00:00","dateModified":"2023-09-28T09:19:26+00:00","description":"\u017delite saznati dobitne brojeve za Superenalotto? Prona\u0111ite rezultate i vi\u0161e ovdje!","breadcrumb":{"@id":"https:\/\/onlinelotto365.com\/hr\/dobitni-brojevi\/provjerite-dobitne-brojeve-superenalotta-ovdje\/#breadcrumb"},"inLanguage":"hr","potentialAction":[{"@type":"ReadAction","target":["https:\/\/onlinelotto365.com\/hr\/dobitni-brojevi\/provjerite-dobitne-brojeve-superenalotta-ovdje\/"]}]},{"@type":"ImageObject","inLanguage":"hr","@id":"https:\/\/onlinelotto365.com\/hr\/dobitni-brojevi\/provjerite-dobitne-brojeve-superenalotta-ovdje\/#primaryimage","url":"https:\/\/redfoxlotto.com\/image?size=8&amp;lottery=superenalotto","contentUrl":"https:\/\/redfoxlotto.com\/image?size=8&amp;lottery=superenalotto"},{"@type":"BreadcrumbList","@id":"https:\/\/onlinelotto365.com\/hr\/dobitni-brojevi\/provjerite-dobitne-brojeve-superenalotta-ovdje\/#breadcrumb","itemListElement":[{"@type":"ListItem","position":1,"name":"Home","item":"https:\/\/onlinelotto365.com\/hr\/"},{"@type":"ListItem","position":2,"name":"Svi rezultati me\u0111unarodnih lota","item":"https:\/\/onlinelotto365.com\/hr\/dobitni-brojevi\/"},{"@type":"ListItem","position":3,"name":"Provjerite dobitne brojeve Superenalotta ovdje."}]},{"@type":"WebSite","@id":"https:\/\/onlinelotto365.com\/hr\/#website","url":"https:\/\/onlinelotto365.com\/hr\/","name":"OnlineLotto365","description":"","potentialAction":[{"@type":"SearchAction","target":{"@type":"EntryPoint","urlTemplate":"https:\/\/onlinelotto365.com\/hr\/?s={search_term_string}"},"query-input":{"@type":"PropertyValueSpecification","valueRequired":true,"valueName":"search_term_string"}}],"inLanguage":"hr"}]}},"_links":{"self":[{"href":"https:\/\/onlinelotto365.com\/hr\/wp-json\/wp\/v2\/pages\/84247","targetHints":{"allow":["GET"]}}],"collection":[{"href":"https:\/\/onlinelotto365.com\/hr\/wp-json\/wp\/v2\/pages"}],"about":[{"href":"https:\/\/onlinelotto365.com\/hr\/wp-json\/wp\/v2\/types\/page"}],"author":[{"embeddable":true,"href":"https:\/\/onlinelotto365.com\/hr\/wp-json\/wp\/v2\/users\/1"}],"replies":[{"embeddable":true,"href":"https:\/\/onlinelotto365.com\/hr\/wp-json\/wp\/v2\/comments?post=84247"}],"version-history":[{"count":0,"href":"https:\/\/onlinelotto365.com\/hr\/wp-json\/wp\/v2\/pages\/84247\/revisions"}],"up":[{"embeddable":true,"href":"https:\/\/onlinelotto365.com\/hr\/wp-json\/wp\/v2\/pages\/5822"}],"wp:attachment":[{"href":"https:\/\/onlinelotto365.com\/hr\/wp-json\/wp\/v2\/media?parent=84247"}],"curies":[{"name":"wp","href":"https:\/\/api.w.org\/{rel}","templated":true}]}}