{"id":84272,"date":"2023-09-28T17:55:18","date_gmt":"2023-09-28T16:55:18","guid":{"rendered":"https:\/\/onlinelotto365.com\/dobitni-brojevi\/svi-rezultati-mon-wed-lotta-australija"},"modified":"2023-09-28T17:55:18","modified_gmt":"2023-09-28T16:55:18","slug":"svi-rezultati-mon-wed-lotta-australija","status":"publish","type":"page","link":"https:\/\/onlinelotto365.com\/hr\/dobitni-brojevi\/svi-rezultati-mon-wed-lotta-australija\/","title":{"rendered":"Svi rezultati Mon &#038; Wed Lotta Australija"},"content":{"rendered":"<p>Postoji mnogo razli\u010ditih me\u0111unarodnih igara na koje mo\u017eete igrati kada je rije\u010d o lutriji. A \u017eelite dobiti rezultate za njih \u0161to je br\u017ee mogu\u0107e. Jedan na\u010din da to postignete je potra\u017eiti novine koje nude dobitne brojeve Mon &amp; Wed Lotta Australija. No, te novine mogu biti te\u0161ke za prona\u0107i. Druga opcija je televizija, ali i ti kanali mogu biti te\u0161ki za pra\u0107enje. \u0160to ako ne \u017eelite provoditi puno istra\u017eivanja?<\/p>\n<p>Posjetite web stranicu Mon &amp; Wed Lotto Australije da biste vidjeli nude li u\u017eivo izvla\u010denje. U\u017eivo izvla\u010denja za bilo koju igru mogu biti izuzetno zabavna jer vam pru\u017eaju puno trenuta\u010dnog uzbu\u0111enja dok gledate. No, ne svaka igra nudi ovakva izvla\u010denja. Morali biste se uvjeriti da Mon &amp; Wed Lotto spada me\u0111u one koje to nude.<br \/>\n<img decoding=\"async\" class=\"aligncenter\" src=\"https:\/\/redfoxlotto.com\/image?size=8&amp;lottery=monday-wednesday-lotto-au\" alt=\"Mon &amp; Wed Lotto Australia\" \/><br \/>\nZatim mo\u017eete provjeriti YouTube da biste vidjeli jesu li rezultati dostupni tamo. Mo\u017eda \u0107ete biti iznena\u0111eni kako neki ljudi objavljuju rezultate izvla\u010denja ili \u010dak u\u017eivo videozapise izvla\u010denja za gotovo svaku igru.<\/p>\n<p>Najjednostavnija opcija za vas, me\u0111utim, bit \u0107e pregled na\u0161e web stranice. Nudimo sve dobitne brojeve i iznose nagrada za svaku igru koju mo\u017eete kupiti na na\u0161oj web stranici. To vam olak\u0161ava dobivanje rezultata na jednom mjestu i to koliko god brzo \u017eelite.<\/p>\n<h2>Kako saznati je li va\u0161a internetska ulaznica osvojila<\/h2>\n<p>Jo\u0161 bolja vijest je da ako ste kupili ulaznicu za Mon &amp; Wed Lotto Australija kod nas, mo\u017eete izravno oti\u0107i na svoj igra\u010dki ra\u010dun kako biste dobili rezultate. Tamo \u0107ete prona\u0107i ulaznice koje ste kupili, kao i dobitne brojeve za sve igre koje ste odabrali za igranje.<\/p>\n<p>Vidjet \u0107ete brojeve koje ste odabrali koji se podudaraju s brojevima koji su izvu\u010deni, a sva nov\u010dana dobit koja je manja od 2500 \u20ac automatski \u0107e se dodati na va\u0161 ra\u010dun. \u0160to bi moglo biti jednostavnije od toga?<\/p>\n<h2>Arhiva rezultata Mon &amp; Wed Lotto Australija<\/h2>\n<p><img loading=\"lazy\" decoding=\"async\" class=\"alignright wp-image-3542\" src=\"https:\/\/onlinelotto365.com\/wp-content\/uploads\/2020\/11\/online_lottery-154-300x200.jpg\" alt=\"Mon &amp; Wed Lotto winning numbers\" width=\"197\" height=\"131\" srcset=\"https:\/\/onlinelotto365.com\/wp-content\/uploads\/2020\/11\/online_lottery-154-300x200.jpg 300w, https:\/\/onlinelotto365.com\/wp-content\/uploads\/2020\/11\/online_lottery-154.jpg 320w\" sizes=\"auto, (max-width: 197px) 100vw, 197px\" \/><br \/>\nBilo koja stranica na na\u0161oj web stranici koja prikazuje najnovije rezultate Mon &amp; Wed Lotto Australije tako\u0111er \u0107e vam prikazati starije brojeve koje biste mogli \u017eeljeti provjeriti. Ovi brojevi vam mogu pomo\u0107i kad je rije\u010d o odabiru brojeva koje \u017eelite igrati sljede\u0107i put kad kupite ulaznicu.<\/p>\n<h2>Moja ulaznica je osvojila, \u0161to se doga\u0111a sljede\u0107e?<\/h2>\n<p>Ako ste osvojili na svojoj ulaznici, samo trebate pogledati koliko ste osvojili. Ako je manje od 2500 \u20ac, mi \u0107emo se pobrinuti da to \u0161to prije potvrdimo i dodamo na va\u0161 ra\u010dun. Zatim, ako na svom ra\u010dunu imate barem 10 \u20ac, mo\u017eete ga povu\u0107i na bilo koji na\u010din pla\u0107anja koji ste prethodno koristili sa svojim ra\u010dunom. Samo trebate dostaviti nekoliko dokumenata koji \u0107e obavijestiti na\u0161eg procesora pla\u0107anja tko ste i da imate pravo na novac. Ako imate manje od 10 \u20ac ili odlu\u010dite ostaviti novac na svom ra\u010dunu, mo\u017eete ga koristiti za kupnju vi\u0161e ulaznica<\/p>\n","protected":false},"excerpt":{"rendered":"<p>Postoji mnogo razli\u010ditih me\u0111unarodnih igara na koje mo\u017eete igrati kada je rije\u010d o lutriji. A \u017eelite dobiti rezultate za njih \u0161to je br\u017ee mogu\u0107e. Jedan na\u010din da to postignete je potra\u017eiti novine koje nude dobitne brojeve Mon &amp; Wed Lotta Australija. No, te novine mogu biti te\u0161ke za prona\u0107i. Druga opcija je televizija, ali i [&hellip;]<\/p>\n","protected":false},"author":1,"featured_media":0,"parent":5822,"menu_order":16,"comment_status":"closed","ping_status":"closed","template":"template-rightsidebar.php","meta":{"_et_pb_use_builder":"","_et_pb_old_content":"","_et_gb_content_width":"","exclude_from_search":false,"footnotes":""},"class_list":["post-84272","page","type-page","status-publish","hentry"],"yoast_head":"<!-- This site is optimized with the Yoast SEO plugin v23.4 - https:\/\/yoast.com\/wordpress\/plugins\/seo\/ -->\n<title>Dobitni brojevi za Mon &amp; Wed Lotto Australija<\/title>\n<meta name=\"description\" content=\"Na\u0161a web stranica donosi vam najnovije dobitne brojeve i iznose nagrada za Mon &amp; Wed loto.\" \/>\n<meta name=\"robots\" content=\"index, follow, max-snippet:-1, max-image-preview:large, max-video-preview:-1\" \/>\n<link rel=\"canonical\" href=\"https:\/\/onlinelotto365.com\/hr\/dobitni-brojevi\/svi-rezultati-mon-wed-lotta-australija\/\" \/>\n<meta property=\"og:locale\" content=\"hr_HR\" \/>\n<meta property=\"og:type\" content=\"article\" \/>\n<meta property=\"og:title\" content=\"Dobitni brojevi za Mon &amp; Wed Lotto Australija\" \/>\n<meta property=\"og:description\" content=\"Na\u0161a web stranica donosi vam najnovije dobitne brojeve i iznose nagrada za Mon &amp; Wed loto.\" \/>\n<meta property=\"og:url\" content=\"https:\/\/onlinelotto365.com\/hr\/dobitni-brojevi\/svi-rezultati-mon-wed-lotta-australija\/\" \/>\n<meta property=\"og:site_name\" content=\"OnlineLotto365\" \/>\n<meta property=\"og:image\" content=\"https:\/\/redfoxlotto.com\/image?size=8&amp;lottery=monday-wednesday-lotto-au\" \/>\n<meta name=\"twitter:card\" content=\"summary_large_image\" \/>\n<meta name=\"twitter:label1\" content=\"Procijenjeno vrijeme \u010ditanja\" \/>\n\t<meta name=\"twitter:data1\" content=\"2 minute\" \/>\n<script type=\"application\/ld+json\" class=\"yoast-schema-graph\">{\"@context\":\"https:\/\/schema.org\",\"@graph\":[{\"@type\":\"WebPage\",\"@id\":\"https:\/\/onlinelotto365.com\/hr\/dobitni-brojevi\/svi-rezultati-mon-wed-lotta-australija\/\",\"url\":\"https:\/\/onlinelotto365.com\/hr\/dobitni-brojevi\/svi-rezultati-mon-wed-lotta-australija\/\",\"name\":\"Dobitni brojevi za Mon & Wed Lotto Australija\",\"isPartOf\":{\"@id\":\"https:\/\/onlinelotto365.com\/hr\/#website\"},\"primaryImageOfPage\":{\"@id\":\"https:\/\/onlinelotto365.com\/hr\/dobitni-brojevi\/svi-rezultati-mon-wed-lotta-australija\/#primaryimage\"},\"image\":{\"@id\":\"https:\/\/onlinelotto365.com\/hr\/dobitni-brojevi\/svi-rezultati-mon-wed-lotta-australija\/#primaryimage\"},\"thumbnailUrl\":\"https:\/\/redfoxlotto.com\/image?size=8&amp;lottery=monday-wednesday-lotto-au\",\"datePublished\":\"2023-09-28T16:55:18+00:00\",\"dateModified\":\"2023-09-28T16:55:18+00:00\",\"description\":\"Na\u0161a web stranica donosi vam najnovije dobitne brojeve i iznose nagrada za Mon & Wed loto.\",\"breadcrumb\":{\"@id\":\"https:\/\/onlinelotto365.com\/hr\/dobitni-brojevi\/svi-rezultati-mon-wed-lotta-australija\/#breadcrumb\"},\"inLanguage\":\"hr\",\"potentialAction\":[{\"@type\":\"ReadAction\",\"target\":[\"https:\/\/onlinelotto365.com\/hr\/dobitni-brojevi\/svi-rezultati-mon-wed-lotta-australija\/\"]}]},{\"@type\":\"ImageObject\",\"inLanguage\":\"hr\",\"@id\":\"https:\/\/onlinelotto365.com\/hr\/dobitni-brojevi\/svi-rezultati-mon-wed-lotta-australija\/#primaryimage\",\"url\":\"https:\/\/redfoxlotto.com\/image?size=8&amp;lottery=monday-wednesday-lotto-au\",\"contentUrl\":\"https:\/\/redfoxlotto.com\/image?size=8&amp;lottery=monday-wednesday-lotto-au\"},{\"@type\":\"BreadcrumbList\",\"@id\":\"https:\/\/onlinelotto365.com\/hr\/dobitni-brojevi\/svi-rezultati-mon-wed-lotta-australija\/#breadcrumb\",\"itemListElement\":[{\"@type\":\"ListItem\",\"position\":1,\"name\":\"Home\",\"item\":\"https:\/\/onlinelotto365.com\/hr\/\"},{\"@type\":\"ListItem\",\"position\":2,\"name\":\"Svi rezultati me\u0111unarodnih lota\",\"item\":\"https:\/\/onlinelotto365.com\/hr\/dobitni-brojevi\/\"},{\"@type\":\"ListItem\",\"position\":3,\"name\":\"Svi rezultati Mon &#038; Wed Lotta Australija\"}]},{\"@type\":\"WebSite\",\"@id\":\"https:\/\/onlinelotto365.com\/hr\/#website\",\"url\":\"https:\/\/onlinelotto365.com\/hr\/\",\"name\":\"OnlineLotto365\",\"description\":\"\",\"potentialAction\":[{\"@type\":\"SearchAction\",\"target\":{\"@type\":\"EntryPoint\",\"urlTemplate\":\"https:\/\/onlinelotto365.com\/hr\/?s={search_term_string}\"},\"query-input\":{\"@type\":\"PropertyValueSpecification\",\"valueRequired\":true,\"valueName\":\"search_term_string\"}}],\"inLanguage\":\"hr\"}]}<\/script>\n<!-- \/ Yoast SEO plugin. -->","yoast_head_json":{"title":"Dobitni brojevi za Mon & Wed Lotto Australija","description":"Na\u0161a web stranica donosi vam najnovije dobitne brojeve i iznose nagrada za Mon & Wed loto.","robots":{"index":"index","follow":"follow","max-snippet":"max-snippet:-1","max-image-preview":"max-image-preview:large","max-video-preview":"max-video-preview:-1"},"canonical":"https:\/\/onlinelotto365.com\/hr\/dobitni-brojevi\/svi-rezultati-mon-wed-lotta-australija\/","og_locale":"hr_HR","og_type":"article","og_title":"Dobitni brojevi za Mon & Wed Lotto Australija","og_description":"Na\u0161a web stranica donosi vam najnovije dobitne brojeve i iznose nagrada za Mon & Wed loto.","og_url":"https:\/\/onlinelotto365.com\/hr\/dobitni-brojevi\/svi-rezultati-mon-wed-lotta-australija\/","og_site_name":"OnlineLotto365","og_image":[{"url":"https:\/\/redfoxlotto.com\/image?size=8&amp;lottery=monday-wednesday-lotto-au"}],"twitter_card":"summary_large_image","twitter_misc":{"Procijenjeno vrijeme \u010ditanja":"2 minute"},"schema":{"@context":"https:\/\/schema.org","@graph":[{"@type":"WebPage","@id":"https:\/\/onlinelotto365.com\/hr\/dobitni-brojevi\/svi-rezultati-mon-wed-lotta-australija\/","url":"https:\/\/onlinelotto365.com\/hr\/dobitni-brojevi\/svi-rezultati-mon-wed-lotta-australija\/","name":"Dobitni brojevi za Mon & Wed Lotto Australija","isPartOf":{"@id":"https:\/\/onlinelotto365.com\/hr\/#website"},"primaryImageOfPage":{"@id":"https:\/\/onlinelotto365.com\/hr\/dobitni-brojevi\/svi-rezultati-mon-wed-lotta-australija\/#primaryimage"},"image":{"@id":"https:\/\/onlinelotto365.com\/hr\/dobitni-brojevi\/svi-rezultati-mon-wed-lotta-australija\/#primaryimage"},"thumbnailUrl":"https:\/\/redfoxlotto.com\/image?size=8&amp;lottery=monday-wednesday-lotto-au","datePublished":"2023-09-28T16:55:18+00:00","dateModified":"2023-09-28T16:55:18+00:00","description":"Na\u0161a web stranica donosi vam najnovije dobitne brojeve i iznose nagrada za Mon & Wed loto.","breadcrumb":{"@id":"https:\/\/onlinelotto365.com\/hr\/dobitni-brojevi\/svi-rezultati-mon-wed-lotta-australija\/#breadcrumb"},"inLanguage":"hr","potentialAction":[{"@type":"ReadAction","target":["https:\/\/onlinelotto365.com\/hr\/dobitni-brojevi\/svi-rezultati-mon-wed-lotta-australija\/"]}]},{"@type":"ImageObject","inLanguage":"hr","@id":"https:\/\/onlinelotto365.com\/hr\/dobitni-brojevi\/svi-rezultati-mon-wed-lotta-australija\/#primaryimage","url":"https:\/\/redfoxlotto.com\/image?size=8&amp;lottery=monday-wednesday-lotto-au","contentUrl":"https:\/\/redfoxlotto.com\/image?size=8&amp;lottery=monday-wednesday-lotto-au"},{"@type":"BreadcrumbList","@id":"https:\/\/onlinelotto365.com\/hr\/dobitni-brojevi\/svi-rezultati-mon-wed-lotta-australija\/#breadcrumb","itemListElement":[{"@type":"ListItem","position":1,"name":"Home","item":"https:\/\/onlinelotto365.com\/hr\/"},{"@type":"ListItem","position":2,"name":"Svi rezultati me\u0111unarodnih lota","item":"https:\/\/onlinelotto365.com\/hr\/dobitni-brojevi\/"},{"@type":"ListItem","position":3,"name":"Svi rezultati Mon &#038; Wed Lotta Australija"}]},{"@type":"WebSite","@id":"https:\/\/onlinelotto365.com\/hr\/#website","url":"https:\/\/onlinelotto365.com\/hr\/","name":"OnlineLotto365","description":"","potentialAction":[{"@type":"SearchAction","target":{"@type":"EntryPoint","urlTemplate":"https:\/\/onlinelotto365.com\/hr\/?s={search_term_string}"},"query-input":{"@type":"PropertyValueSpecification","valueRequired":true,"valueName":"search_term_string"}}],"inLanguage":"hr"}]}},"_links":{"self":[{"href":"https:\/\/onlinelotto365.com\/hr\/wp-json\/wp\/v2\/pages\/84272","targetHints":{"allow":["GET"]}}],"collection":[{"href":"https:\/\/onlinelotto365.com\/hr\/wp-json\/wp\/v2\/pages"}],"about":[{"href":"https:\/\/onlinelotto365.com\/hr\/wp-json\/wp\/v2\/types\/page"}],"author":[{"embeddable":true,"href":"https:\/\/onlinelotto365.com\/hr\/wp-json\/wp\/v2\/users\/1"}],"replies":[{"embeddable":true,"href":"https:\/\/onlinelotto365.com\/hr\/wp-json\/wp\/v2\/comments?post=84272"}],"version-history":[{"count":0,"href":"https:\/\/onlinelotto365.com\/hr\/wp-json\/wp\/v2\/pages\/84272\/revisions"}],"up":[{"embeddable":true,"href":"https:\/\/onlinelotto365.com\/hr\/wp-json\/wp\/v2\/pages\/5822"}],"wp:attachment":[{"href":"https:\/\/onlinelotto365.com\/hr\/wp-json\/wp\/v2\/media?parent=84272"}],"curies":[{"name":"wp","href":"https:\/\/api.w.org\/{rel}","templated":true}]}}