{"id":84312,"date":"2023-10-02T13:32:17","date_gmt":"2023-10-02T12:32:17","guid":{"rendered":"https:\/\/onlinelotto365.com\/dobitni-brojevi\/provjerite-rezultate-i-dobitke-za-el-gordo-ovdje"},"modified":"2023-10-02T13:32:17","modified_gmt":"2023-10-02T12:32:17","slug":"provjerite-rezultate-i-dobitke-za-el-gordo-ovdje","status":"publish","type":"page","link":"https:\/\/onlinelotto365.com\/hr\/dobitni-brojevi\/provjerite-rezultate-i-dobitke-za-el-gordo-ovdje\/","title":{"rendered":"Provjerite rezultate i dobitke za El Gordo ovdje."},"content":{"rendered":"<p>Znamo da nudimo niz razli\u010ditih me\u0111unarodnih lutrija i to mo\u017ee biti malo zbunjuju\u0107e poku\u0161avaju\u0107i prona\u0107i pobjedni\u010dke brojeve. Mnogi ljudi tra\u017ee pobjedni\u010dke brojeve za svoje omiljene igre u novinama, ali osim ako \u017eivite u tom podru\u010dju, pronala\u017eenje brojeva za El Gordo mo\u017ee biti te\u0161ko. Isto vrijedi i za poku\u0161aj gledanja izvla\u010denja ili pregledavanja pobjedni\u010dkih brojeva na televiziji.<\/p>\n<p>Druga opcija je da posjetite slu\u017ebenu web stranicu El Gorda i provjerite nude li u\u017eivo prijenos procesa izvla\u010denja. Za igre koje to nude, to mo\u017ee biti zabavna i zanimljiva prilika za svakoga.<\/p>\n<p>No, mnoge igre zapravo to ne nude. Umjesto toga, morali biste \u010dekati dok izvla\u010denje ne zavr\u0161i i sve bude prijavljeno kako biste vidjeli rezultate. Na kraju, ako je izvla\u010denje ve\u0107 zavr\u0161ilo, mo\u017eda \u0107ete mo\u0107i posjetiti YouTube i prona\u0107i izvla\u010denje El Gorda tamo. No, ovo je jo\u0161 jedno podru\u010dje gdje mo\u017eda ne\u0107ete uspjeti. Mo\u017eda ne\u0107e biti dostupnih informacija za va\u0161e izvla\u010denje.<\/p>\n<p>Jedan od najboljih i najlak\u0161ih na\u010dina za pronala\u017eenje pobjedni\u010dkih brojeva je putem na\u0161e web stranice. Provjerite na\u0161e stranice s pobjedni\u010dkim brojevima i rezultatima kako biste prona\u0161li rezultate za El Gordo i bilo koju drugu lutriju koju imamo na raspolaganju.<img decoding=\"async\" class=\"aligncenter\" src=\"https:\/\/redfoxlotto.com\/image?size=8&amp;lottery=el-gordo-primitiva\" alt=\"el gordo\" \/><\/p>\n<h2>Kako saznati je li va\u0161a internetska ulaznica pobijedila<\/h2>\n<p>Jo\u0161 bolji dio je da \u010dak ne morate i\u0107i na stranicu s rezultatima lutrije. Mo\u017eete direktno pristupiti svom ra\u010dunu ako ste kupili ulaznice. Odatle \u0107ete mo\u0107i vidjeti ne samo pobjedni\u010dke brojeve ve\u0107 i kako se va\u0161i brojevi sla\u017eu. Mo\u017eete vidjeti usporedbu brojeva, a zatim mo\u017eete vidjeti koji se podudaraju i koliko ste stvarno osvojili. Ako ste osvojili manje od 2500 eura, \u010dak ni\u0161ta ne morate raditi jer \u0107e dobitci biti odmah u va\u0161em ra\u010dunu.<\/p>\n<h2>Arhiva rezultata El Gorda<\/h2>\n<p><img loading=\"lazy\" decoding=\"async\" class=\"alignright wp-image-3573\" src=\"https:\/\/onlinelotto365.com\/wp-content\/uploads\/2020\/11\/online_lottery-96-300x212.jpg\" alt=\"Rezultati El Gorda\" width=\"166\" height=\"117\" srcset=\"https:\/\/onlinelotto365.com\/wp-content\/uploads\/2020\/11\/online_lottery-96-300x212.jpg 300w, https:\/\/onlinelotto365.com\/wp-content\/uploads\/2020\/11\/online_lottery-96.jpg 320w\" sizes=\"auto, (max-width: 166px) 100vw, 166px\" \/><br \/>\nAko \u017eelite provjeriti stare brojeve i vidjeti \u0161to su bili, to mo\u017eete lako u\u010diniti. Zapravo, bilo koja stranica na na\u0161oj web stranici gdje mo\u017eete vidjeti najnovije rezultate El Gorda omogu\u0107it \u0107e vam i provjeru starijih brojeva. To vam olak\u0161ava da odaberete brojeve koje \u017eelite igrati sljede\u0107i put.<\/p>\n<h2>Moja ulaznica je pobijedila, \u0161to slijedi?<\/h2>\n<p>Ako osvojite, lako \u0107ete dobiti svoj novac jer ga upla\u0107ujemo izravno na va\u0161 ra\u010dun \u010dim se rezultati certificiraju. Ako je manje od 2500 eura, novac \u0107ete dobiti brzo. Zatim, ako je iznos ve\u0107i od 10 eura, mo\u017eete povu\u0107i novac na svoj ra\u010dun. Ili mo\u017eete ostaviti novac na svom igra\u010dkom ra\u010dunu i koristiti ga za kupnju dodatnih ulaznica za dodatne igre. Samo imajte na umu da povla\u010denje novca zahtijeva neku dokumentaciju radi uskla\u0111ivanja s federalnim propisima. Tako\u0111er trebate koristiti metodu koju ste ve\u0107 koristili za uplatu.<\/p>\n","protected":false},"excerpt":{"rendered":"<p>Znamo da nudimo niz razli\u010ditih me\u0111unarodnih lutrija i to mo\u017ee biti malo zbunjuju\u0107e poku\u0161avaju\u0107i prona\u0107i pobjedni\u010dke brojeve. Mnogi ljudi tra\u017ee pobjedni\u010dke brojeve za svoje omiljene igre u novinama, ali osim ako \u017eivite u tom podru\u010dju, pronala\u017eenje brojeva za El Gordo mo\u017ee biti te\u0161ko. Isto vrijedi i za poku\u0161aj gledanja izvla\u010denja ili pregledavanja pobjedni\u010dkih brojeva na [&hellip;]<\/p>\n","protected":false},"author":1,"featured_media":0,"parent":5822,"menu_order":6,"comment_status":"closed","ping_status":"closed","template":"el-gordo-results.php","meta":{"_et_pb_use_builder":"","_et_pb_old_content":"","_et_gb_content_width":"","exclude_from_search":false,"footnotes":""},"class_list":["post-84312","page","type-page","status-publish","hentry"],"yoast_head":"<!-- This site is optimized with the Yoast SEO plugin v23.4 - https:\/\/yoast.com\/wordpress\/plugins\/seo\/ -->\n<title>Brojevi dobitaka El Gorda | Rezultati izvla\u010denja i nagrade El Gorda<\/title>\n<meta name=\"description\" content=\"Pobjedni\u010dki brojevi, rezultati, nagrade za El Gordo i mnoge druge lutrije, uvijek a\u017eurirani na na\u0161oj web stranici.\" \/>\n<meta name=\"robots\" content=\"index, follow, max-snippet:-1, max-image-preview:large, max-video-preview:-1\" \/>\n<link rel=\"canonical\" href=\"https:\/\/onlinelotto365.com\/hr\/dobitni-brojevi\/provjerite-rezultate-i-dobitke-za-el-gordo-ovdje\/\" \/>\n<meta property=\"og:locale\" content=\"hr_HR\" \/>\n<meta property=\"og:type\" content=\"article\" \/>\n<meta property=\"og:title\" content=\"Brojevi dobitaka El Gorda | Rezultati izvla\u010denja i nagrade El Gorda\" \/>\n<meta property=\"og:description\" content=\"Pobjedni\u010dki brojevi, rezultati, nagrade za El Gordo i mnoge druge lutrije, uvijek a\u017eurirani na na\u0161oj web stranici.\" \/>\n<meta property=\"og:url\" content=\"https:\/\/onlinelotto365.com\/hr\/dobitni-brojevi\/provjerite-rezultate-i-dobitke-za-el-gordo-ovdje\/\" \/>\n<meta property=\"og:site_name\" content=\"OnlineLotto365\" \/>\n<meta property=\"og:image\" content=\"https:\/\/redfoxlotto.com\/image?size=8&amp;lottery=el-gordo-primitiva\" \/>\n<meta name=\"twitter:card\" content=\"summary_large_image\" \/>\n<meta name=\"twitter:label1\" content=\"Procijenjeno vrijeme \u010ditanja\" \/>\n\t<meta name=\"twitter:data1\" content=\"2 minute\" \/>\n<script type=\"application\/ld+json\" class=\"yoast-schema-graph\">{\"@context\":\"https:\/\/schema.org\",\"@graph\":[{\"@type\":\"WebPage\",\"@id\":\"https:\/\/onlinelotto365.com\/hr\/dobitni-brojevi\/provjerite-rezultate-i-dobitke-za-el-gordo-ovdje\/\",\"url\":\"https:\/\/onlinelotto365.com\/hr\/dobitni-brojevi\/provjerite-rezultate-i-dobitke-za-el-gordo-ovdje\/\",\"name\":\"Brojevi dobitaka El Gorda | Rezultati izvla\u010denja i nagrade El Gorda\",\"isPartOf\":{\"@id\":\"https:\/\/onlinelotto365.com\/hr\/#website\"},\"primaryImageOfPage\":{\"@id\":\"https:\/\/onlinelotto365.com\/hr\/dobitni-brojevi\/provjerite-rezultate-i-dobitke-za-el-gordo-ovdje\/#primaryimage\"},\"image\":{\"@id\":\"https:\/\/onlinelotto365.com\/hr\/dobitni-brojevi\/provjerite-rezultate-i-dobitke-za-el-gordo-ovdje\/#primaryimage\"},\"thumbnailUrl\":\"https:\/\/redfoxlotto.com\/image?size=8&amp;lottery=el-gordo-primitiva\",\"datePublished\":\"2023-10-02T12:32:17+00:00\",\"dateModified\":\"2023-10-02T12:32:17+00:00\",\"description\":\"Pobjedni\u010dki brojevi, rezultati, nagrade za El Gordo i mnoge druge lutrije, uvijek a\u017eurirani na na\u0161oj web stranici.\",\"breadcrumb\":{\"@id\":\"https:\/\/onlinelotto365.com\/hr\/dobitni-brojevi\/provjerite-rezultate-i-dobitke-za-el-gordo-ovdje\/#breadcrumb\"},\"inLanguage\":\"hr\",\"potentialAction\":[{\"@type\":\"ReadAction\",\"target\":[\"https:\/\/onlinelotto365.com\/hr\/dobitni-brojevi\/provjerite-rezultate-i-dobitke-za-el-gordo-ovdje\/\"]}]},{\"@type\":\"ImageObject\",\"inLanguage\":\"hr\",\"@id\":\"https:\/\/onlinelotto365.com\/hr\/dobitni-brojevi\/provjerite-rezultate-i-dobitke-za-el-gordo-ovdje\/#primaryimage\",\"url\":\"https:\/\/redfoxlotto.com\/image?size=8&amp;lottery=el-gordo-primitiva\",\"contentUrl\":\"https:\/\/redfoxlotto.com\/image?size=8&amp;lottery=el-gordo-primitiva\"},{\"@type\":\"BreadcrumbList\",\"@id\":\"https:\/\/onlinelotto365.com\/hr\/dobitni-brojevi\/provjerite-rezultate-i-dobitke-za-el-gordo-ovdje\/#breadcrumb\",\"itemListElement\":[{\"@type\":\"ListItem\",\"position\":1,\"name\":\"Home\",\"item\":\"https:\/\/onlinelotto365.com\/hr\/\"},{\"@type\":\"ListItem\",\"position\":2,\"name\":\"Svi rezultati me\u0111unarodnih lota\",\"item\":\"https:\/\/onlinelotto365.com\/hr\/dobitni-brojevi\/\"},{\"@type\":\"ListItem\",\"position\":3,\"name\":\"Provjerite rezultate i dobitke za El Gordo ovdje.\"}]},{\"@type\":\"WebSite\",\"@id\":\"https:\/\/onlinelotto365.com\/hr\/#website\",\"url\":\"https:\/\/onlinelotto365.com\/hr\/\",\"name\":\"OnlineLotto365\",\"description\":\"\",\"potentialAction\":[{\"@type\":\"SearchAction\",\"target\":{\"@type\":\"EntryPoint\",\"urlTemplate\":\"https:\/\/onlinelotto365.com\/hr\/?s={search_term_string}\"},\"query-input\":{\"@type\":\"PropertyValueSpecification\",\"valueRequired\":true,\"valueName\":\"search_term_string\"}}],\"inLanguage\":\"hr\"}]}<\/script>\n<!-- \/ Yoast SEO plugin. -->","yoast_head_json":{"title":"Brojevi dobitaka El Gorda | Rezultati izvla\u010denja i nagrade El Gorda","description":"Pobjedni\u010dki brojevi, rezultati, nagrade za El Gordo i mnoge druge lutrije, uvijek a\u017eurirani na na\u0161oj web stranici.","robots":{"index":"index","follow":"follow","max-snippet":"max-snippet:-1","max-image-preview":"max-image-preview:large","max-video-preview":"max-video-preview:-1"},"canonical":"https:\/\/onlinelotto365.com\/hr\/dobitni-brojevi\/provjerite-rezultate-i-dobitke-za-el-gordo-ovdje\/","og_locale":"hr_HR","og_type":"article","og_title":"Brojevi dobitaka El Gorda | Rezultati izvla\u010denja i nagrade El Gorda","og_description":"Pobjedni\u010dki brojevi, rezultati, nagrade za El Gordo i mnoge druge lutrije, uvijek a\u017eurirani na na\u0161oj web stranici.","og_url":"https:\/\/onlinelotto365.com\/hr\/dobitni-brojevi\/provjerite-rezultate-i-dobitke-za-el-gordo-ovdje\/","og_site_name":"OnlineLotto365","og_image":[{"url":"https:\/\/redfoxlotto.com\/image?size=8&amp;lottery=el-gordo-primitiva"}],"twitter_card":"summary_large_image","twitter_misc":{"Procijenjeno vrijeme \u010ditanja":"2 minute"},"schema":{"@context":"https:\/\/schema.org","@graph":[{"@type":"WebPage","@id":"https:\/\/onlinelotto365.com\/hr\/dobitni-brojevi\/provjerite-rezultate-i-dobitke-za-el-gordo-ovdje\/","url":"https:\/\/onlinelotto365.com\/hr\/dobitni-brojevi\/provjerite-rezultate-i-dobitke-za-el-gordo-ovdje\/","name":"Brojevi dobitaka El Gorda | Rezultati izvla\u010denja i nagrade El Gorda","isPartOf":{"@id":"https:\/\/onlinelotto365.com\/hr\/#website"},"primaryImageOfPage":{"@id":"https:\/\/onlinelotto365.com\/hr\/dobitni-brojevi\/provjerite-rezultate-i-dobitke-za-el-gordo-ovdje\/#primaryimage"},"image":{"@id":"https:\/\/onlinelotto365.com\/hr\/dobitni-brojevi\/provjerite-rezultate-i-dobitke-za-el-gordo-ovdje\/#primaryimage"},"thumbnailUrl":"https:\/\/redfoxlotto.com\/image?size=8&amp;lottery=el-gordo-primitiva","datePublished":"2023-10-02T12:32:17+00:00","dateModified":"2023-10-02T12:32:17+00:00","description":"Pobjedni\u010dki brojevi, rezultati, nagrade za El Gordo i mnoge druge lutrije, uvijek a\u017eurirani na na\u0161oj web stranici.","breadcrumb":{"@id":"https:\/\/onlinelotto365.com\/hr\/dobitni-brojevi\/provjerite-rezultate-i-dobitke-za-el-gordo-ovdje\/#breadcrumb"},"inLanguage":"hr","potentialAction":[{"@type":"ReadAction","target":["https:\/\/onlinelotto365.com\/hr\/dobitni-brojevi\/provjerite-rezultate-i-dobitke-za-el-gordo-ovdje\/"]}]},{"@type":"ImageObject","inLanguage":"hr","@id":"https:\/\/onlinelotto365.com\/hr\/dobitni-brojevi\/provjerite-rezultate-i-dobitke-za-el-gordo-ovdje\/#primaryimage","url":"https:\/\/redfoxlotto.com\/image?size=8&amp;lottery=el-gordo-primitiva","contentUrl":"https:\/\/redfoxlotto.com\/image?size=8&amp;lottery=el-gordo-primitiva"},{"@type":"BreadcrumbList","@id":"https:\/\/onlinelotto365.com\/hr\/dobitni-brojevi\/provjerite-rezultate-i-dobitke-za-el-gordo-ovdje\/#breadcrumb","itemListElement":[{"@type":"ListItem","position":1,"name":"Home","item":"https:\/\/onlinelotto365.com\/hr\/"},{"@type":"ListItem","position":2,"name":"Svi rezultati me\u0111unarodnih lota","item":"https:\/\/onlinelotto365.com\/hr\/dobitni-brojevi\/"},{"@type":"ListItem","position":3,"name":"Provjerite rezultate i dobitke za El Gordo ovdje."}]},{"@type":"WebSite","@id":"https:\/\/onlinelotto365.com\/hr\/#website","url":"https:\/\/onlinelotto365.com\/hr\/","name":"OnlineLotto365","description":"","potentialAction":[{"@type":"SearchAction","target":{"@type":"EntryPoint","urlTemplate":"https:\/\/onlinelotto365.com\/hr\/?s={search_term_string}"},"query-input":{"@type":"PropertyValueSpecification","valueRequired":true,"valueName":"search_term_string"}}],"inLanguage":"hr"}]}},"_links":{"self":[{"href":"https:\/\/onlinelotto365.com\/hr\/wp-json\/wp\/v2\/pages\/84312","targetHints":{"allow":["GET"]}}],"collection":[{"href":"https:\/\/onlinelotto365.com\/hr\/wp-json\/wp\/v2\/pages"}],"about":[{"href":"https:\/\/onlinelotto365.com\/hr\/wp-json\/wp\/v2\/types\/page"}],"author":[{"embeddable":true,"href":"https:\/\/onlinelotto365.com\/hr\/wp-json\/wp\/v2\/users\/1"}],"replies":[{"embeddable":true,"href":"https:\/\/onlinelotto365.com\/hr\/wp-json\/wp\/v2\/comments?post=84312"}],"version-history":[{"count":0,"href":"https:\/\/onlinelotto365.com\/hr\/wp-json\/wp\/v2\/pages\/84312\/revisions"}],"up":[{"embeddable":true,"href":"https:\/\/onlinelotto365.com\/hr\/wp-json\/wp\/v2\/pages\/5822"}],"wp:attachment":[{"href":"https:\/\/onlinelotto365.com\/hr\/wp-json\/wp\/v2\/media?parent=84312"}],"curies":[{"name":"wp","href":"https:\/\/api.w.org\/{rel}","templated":true}]}}