{"id":84325,"date":"2023-10-02T15:22:04","date_gmt":"2023-10-02T14:22:04","guid":{"rendered":"https:\/\/onlinelotto365.com\/dobitni-brojevi\/spanjolski-rezultati-igre-bonoloto"},"modified":"2023-10-02T15:22:04","modified_gmt":"2023-10-02T14:22:04","slug":"spanjolski-rezultati-igre-bonoloto","status":"publish","type":"page","link":"https:\/\/onlinelotto365.com\/hr\/dobitni-brojevi\/spanjolski-rezultati-igre-bonoloto\/","title":{"rendered":"\u0160panjolski rezultati igre Bonoloto"},"content":{"rendered":"<p>Me\u0111unarodne lutrije mogu biti izuzetno zabavne, ali morate znati kako provjeriti dobitne brojeve. Jedan na\u010din da pogledate dobitne brojeve za BonoLoto je da proverite u novinama. Me\u0111utim, samo lokalni listovi \u0107e obi\u010dno imati rezultate koje tra\u017eite.<\/p>\n<p>Druga opcija je da pogledate televizijske stanice, ali mo\u017eda tamo ne\u0107ete prona\u0107i tra\u017eene informacije. Morate \u017eiveti na ta\u010dno odre\u0111enom podru\u010dju i znati kada da proverite brojeve.<\/p>\n<p>Zatim, mo\u017eete posetiti slu\u017ebenu web stranicu BonoLoto-a da biste videli da li nude prenos u\u017eivo izvla\u010denja na mre\u017ei. Za igre koje to omogu\u0107avaju, to mo\u017ee biti uzbudljivo za svakoga jer mo\u017eete biti uhva\u0107eni u trenutku kada se brojevi pojave odmah. Ali imajte na umu da sve lutrije ne nude ovu opciju.<img decoding=\"async\" class=\"aligncenter\" src=\"https:\/\/redfoxlotto.com\/image?size=8&amp;lottery=bonoloto\" alt=\"BonoLoto\" \/><\/p>\n<p>Na kraju, mo\u017eete pogledati na YouTube da biste videli da li je neko postavio u\u017eivo video izvla\u010denja ili da li su na neki drugi na\u010din zabele\u017eili dobitne brojeve kako bi ih podelili sa BonoLoto izvla\u010denjem.<\/p>\n<p>Najprakti\u010dniji na\u010din da dobijete dobitne brojeve je svakako putem na\u0161e web stranice. Dajemo vam sve dobitne brojeve za BonoLoto, kao i za sve druge igre koje imamo dostupne na na\u0161oj web stranici kako biste mogli pratiti sve na jednom mestu.<\/p>\n<h2>Kako saznati da li je va\u0161a online sre\u0107ka dobila<\/h2>\n<p><img loading=\"lazy\" decoding=\"async\" class=\"alignright wp-image-3651\" src=\"https:\/\/onlinelotto365.com\/wp-content\/uploads\/2020\/11\/online_lottery-79-300x292.jpg\" alt=\"Dobitni brojevi za Bonoloto\" width=\"148\" height=\"145\" srcset=\"https:\/\/onlinelotto365.com\/wp-content\/uploads\/2020\/11\/online_lottery-79-300x292.jpg 300w, https:\/\/onlinelotto365.com\/wp-content\/uploads\/2020\/11\/online_lottery-79.jpg 320w\" sizes=\"auto, (max-width: 148px) 100vw, 148px\" \/><br \/>\nZa one koji su ve\u0107 kupili sre\u0107ku za BonoLoto, mo\u017eete direktno oti\u0107i u svoj korisni\u010dki ra\u010dun. Prijavite se i idite na stranicu sa svojim sre\u0107kama. Kada budete tamo, mo\u0107i \u0107ete videti rezultate za sve igre za koje ste kupili sre\u0107ke. To \u0107e vam olak\u0161ati da vidite koje brojeve ste pogodili i koji nisu. Tako\u0111e \u0107ete mo\u0107i odmah da dobijete svoj novac ako ste osvojili manje od 2500 \u20ac. To je zato \u0161to se ovi iznosi automatski dodaju na va\u0161 ra\u010dun bez potrebe da ne\u0161to dodatno radite.<\/p>\n<h2>Arhiva rezultata za BonoLoto<\/h2>\n<p>Ako tra\u017eite stare brojeve za BonoLoto, ne morate daleko da tra\u017eite. To je zato \u0161to smo sve stare brojeve ve\u0107 pripremili za vas. \u010cak smo ih postavili na isto mesto kao i najnovije brojeve, tako da se ne morate brinuti kako biste ih prona\u0161li. To je zato \u0161to znamo koliko je va\u017eno da mo\u017eete da prona\u0111ete te brojeve kada god \u017eelite.<\/p>\n<h2>Ako je va\u0161a sre\u0107ka pobedila, \u0161ta se de\u0161ava slede\u0107e?<\/h2>\n<p>Ve\u0107 smo govorili da ako osvojite neke od manjih nagrada za bilo koju lutriju, ne morate brinuti o tome kako \u0107ete dobiti svoj novac. To je zato \u0161to mi brinemo o tome da vam se iznos odmah deponuje na va\u0161 ra\u010dun. Svota manja od 2500 \u20ac \u0107e automatski biti dodata na va\u0161 ra\u010dun i spremna je kada god je \u017eelite koristiti. To \u0107e vam definitivno biti prakti\u010dno i pomo\u0107i \u0107e vam da zapo\u010dnete kori\u0161\u0107enje tog novca. To je zato \u0161to ga mo\u017eete koristiti da kupite vi\u0161e sre\u0107aka kad god \u017eelite. Ako je iznos ve\u0107i od 10 \u20ac, mo\u017eete \u010dak povu\u0107i novac na bilo koji ra\u010dun koji ste prethodno koristili na na\u0161oj web stranici.<\/p>\n","protected":false},"excerpt":{"rendered":"<p>Me\u0111unarodne lutrije mogu biti izuzetno zabavne, ali morate znati kako provjeriti dobitne brojeve. Jedan na\u010din da pogledate dobitne brojeve za BonoLoto je da proverite u novinama. Me\u0111utim, samo lokalni listovi \u0107e obi\u010dno imati rezultate koje tra\u017eite. Druga opcija je da pogledate televizijske stanice, ali mo\u017eda tamo ne\u0107ete prona\u0107i tra\u017eene informacije. Morate \u017eiveti na ta\u010dno odre\u0111enom [&hellip;]<\/p>\n","protected":false},"author":1,"featured_media":0,"parent":5822,"menu_order":8,"comment_status":"closed","ping_status":"closed","template":"template-rightsidebar.php","meta":{"_et_pb_use_builder":"","_et_pb_old_content":"","_et_gb_content_width":"","exclude_from_search":false,"footnotes":""},"class_list":["post-84325","page","type-page","status-publish","hentry"],"yoast_head":"<!-- This site is optimized with the Yoast SEO plugin v23.4 - https:\/\/yoast.com\/wordpress\/plugins\/seo\/ -->\n<title>Rezultati i nagrade za \u0161panjolsku igru BonoLoto<\/title>\n<meta name=\"description\" content=\"Pogledajte ovdje da saznate je li va\u0161a Bonoloto ulaznica osvojila\" \/>\n<meta name=\"robots\" content=\"index, follow, max-snippet:-1, max-image-preview:large, max-video-preview:-1\" \/>\n<link rel=\"canonical\" href=\"https:\/\/onlinelotto365.com\/hr\/dobitni-brojevi\/spanjolski-rezultati-igre-bonoloto\/\" \/>\n<meta property=\"og:locale\" content=\"hr_HR\" \/>\n<meta property=\"og:type\" content=\"article\" \/>\n<meta property=\"og:title\" content=\"Rezultati i nagrade za \u0161panjolsku igru BonoLoto\" \/>\n<meta property=\"og:description\" content=\"Pogledajte ovdje da saznate je li va\u0161a Bonoloto ulaznica osvojila\" \/>\n<meta property=\"og:url\" content=\"https:\/\/onlinelotto365.com\/hr\/dobitni-brojevi\/spanjolski-rezultati-igre-bonoloto\/\" \/>\n<meta property=\"og:site_name\" content=\"OnlineLotto365\" \/>\n<meta property=\"og:image\" content=\"https:\/\/redfoxlotto.com\/image?size=8&amp;lottery=bonoloto\" \/>\n<meta name=\"twitter:card\" content=\"summary_large_image\" \/>\n<meta name=\"twitter:label1\" content=\"Procijenjeno vrijeme \u010ditanja\" \/>\n\t<meta name=\"twitter:data1\" content=\"3 minute\" \/>\n<script type=\"application\/ld+json\" class=\"yoast-schema-graph\">{\"@context\":\"https:\/\/schema.org\",\"@graph\":[{\"@type\":\"WebPage\",\"@id\":\"https:\/\/onlinelotto365.com\/hr\/dobitni-brojevi\/spanjolski-rezultati-igre-bonoloto\/\",\"url\":\"https:\/\/onlinelotto365.com\/hr\/dobitni-brojevi\/spanjolski-rezultati-igre-bonoloto\/\",\"name\":\"Rezultati i nagrade za \u0161panjolsku igru BonoLoto\",\"isPartOf\":{\"@id\":\"https:\/\/onlinelotto365.com\/hr\/#website\"},\"primaryImageOfPage\":{\"@id\":\"https:\/\/onlinelotto365.com\/hr\/dobitni-brojevi\/spanjolski-rezultati-igre-bonoloto\/#primaryimage\"},\"image\":{\"@id\":\"https:\/\/onlinelotto365.com\/hr\/dobitni-brojevi\/spanjolski-rezultati-igre-bonoloto\/#primaryimage\"},\"thumbnailUrl\":\"https:\/\/redfoxlotto.com\/image?size=8&amp;lottery=bonoloto\",\"datePublished\":\"2023-10-02T14:22:04+00:00\",\"dateModified\":\"2023-10-02T14:22:04+00:00\",\"description\":\"Pogledajte ovdje da saznate je li va\u0161a Bonoloto ulaznica osvojila\",\"breadcrumb\":{\"@id\":\"https:\/\/onlinelotto365.com\/hr\/dobitni-brojevi\/spanjolski-rezultati-igre-bonoloto\/#breadcrumb\"},\"inLanguage\":\"hr\",\"potentialAction\":[{\"@type\":\"ReadAction\",\"target\":[\"https:\/\/onlinelotto365.com\/hr\/dobitni-brojevi\/spanjolski-rezultati-igre-bonoloto\/\"]}]},{\"@type\":\"ImageObject\",\"inLanguage\":\"hr\",\"@id\":\"https:\/\/onlinelotto365.com\/hr\/dobitni-brojevi\/spanjolski-rezultati-igre-bonoloto\/#primaryimage\",\"url\":\"https:\/\/redfoxlotto.com\/image?size=8&amp;lottery=bonoloto\",\"contentUrl\":\"https:\/\/redfoxlotto.com\/image?size=8&amp;lottery=bonoloto\"},{\"@type\":\"BreadcrumbList\",\"@id\":\"https:\/\/onlinelotto365.com\/hr\/dobitni-brojevi\/spanjolski-rezultati-igre-bonoloto\/#breadcrumb\",\"itemListElement\":[{\"@type\":\"ListItem\",\"position\":1,\"name\":\"Home\",\"item\":\"https:\/\/onlinelotto365.com\/hr\/\"},{\"@type\":\"ListItem\",\"position\":2,\"name\":\"Svi rezultati me\u0111unarodnih lota\",\"item\":\"https:\/\/onlinelotto365.com\/hr\/dobitni-brojevi\/\"},{\"@type\":\"ListItem\",\"position\":3,\"name\":\"\u0160panjolski rezultati igre Bonoloto\"}]},{\"@type\":\"WebSite\",\"@id\":\"https:\/\/onlinelotto365.com\/hr\/#website\",\"url\":\"https:\/\/onlinelotto365.com\/hr\/\",\"name\":\"OnlineLotto365\",\"description\":\"\",\"potentialAction\":[{\"@type\":\"SearchAction\",\"target\":{\"@type\":\"EntryPoint\",\"urlTemplate\":\"https:\/\/onlinelotto365.com\/hr\/?s={search_term_string}\"},\"query-input\":{\"@type\":\"PropertyValueSpecification\",\"valueRequired\":true,\"valueName\":\"search_term_string\"}}],\"inLanguage\":\"hr\"}]}<\/script>\n<!-- \/ Yoast SEO plugin. -->","yoast_head_json":{"title":"Rezultati i nagrade za \u0161panjolsku igru BonoLoto","description":"Pogledajte ovdje da saznate je li va\u0161a Bonoloto ulaznica osvojila","robots":{"index":"index","follow":"follow","max-snippet":"max-snippet:-1","max-image-preview":"max-image-preview:large","max-video-preview":"max-video-preview:-1"},"canonical":"https:\/\/onlinelotto365.com\/hr\/dobitni-brojevi\/spanjolski-rezultati-igre-bonoloto\/","og_locale":"hr_HR","og_type":"article","og_title":"Rezultati i nagrade za \u0161panjolsku igru BonoLoto","og_description":"Pogledajte ovdje da saznate je li va\u0161a Bonoloto ulaznica osvojila","og_url":"https:\/\/onlinelotto365.com\/hr\/dobitni-brojevi\/spanjolski-rezultati-igre-bonoloto\/","og_site_name":"OnlineLotto365","og_image":[{"url":"https:\/\/redfoxlotto.com\/image?size=8&amp;lottery=bonoloto"}],"twitter_card":"summary_large_image","twitter_misc":{"Procijenjeno vrijeme \u010ditanja":"3 minute"},"schema":{"@context":"https:\/\/schema.org","@graph":[{"@type":"WebPage","@id":"https:\/\/onlinelotto365.com\/hr\/dobitni-brojevi\/spanjolski-rezultati-igre-bonoloto\/","url":"https:\/\/onlinelotto365.com\/hr\/dobitni-brojevi\/spanjolski-rezultati-igre-bonoloto\/","name":"Rezultati i nagrade za \u0161panjolsku igru BonoLoto","isPartOf":{"@id":"https:\/\/onlinelotto365.com\/hr\/#website"},"primaryImageOfPage":{"@id":"https:\/\/onlinelotto365.com\/hr\/dobitni-brojevi\/spanjolski-rezultati-igre-bonoloto\/#primaryimage"},"image":{"@id":"https:\/\/onlinelotto365.com\/hr\/dobitni-brojevi\/spanjolski-rezultati-igre-bonoloto\/#primaryimage"},"thumbnailUrl":"https:\/\/redfoxlotto.com\/image?size=8&amp;lottery=bonoloto","datePublished":"2023-10-02T14:22:04+00:00","dateModified":"2023-10-02T14:22:04+00:00","description":"Pogledajte ovdje da saznate je li va\u0161a Bonoloto ulaznica osvojila","breadcrumb":{"@id":"https:\/\/onlinelotto365.com\/hr\/dobitni-brojevi\/spanjolski-rezultati-igre-bonoloto\/#breadcrumb"},"inLanguage":"hr","potentialAction":[{"@type":"ReadAction","target":["https:\/\/onlinelotto365.com\/hr\/dobitni-brojevi\/spanjolski-rezultati-igre-bonoloto\/"]}]},{"@type":"ImageObject","inLanguage":"hr","@id":"https:\/\/onlinelotto365.com\/hr\/dobitni-brojevi\/spanjolski-rezultati-igre-bonoloto\/#primaryimage","url":"https:\/\/redfoxlotto.com\/image?size=8&amp;lottery=bonoloto","contentUrl":"https:\/\/redfoxlotto.com\/image?size=8&amp;lottery=bonoloto"},{"@type":"BreadcrumbList","@id":"https:\/\/onlinelotto365.com\/hr\/dobitni-brojevi\/spanjolski-rezultati-igre-bonoloto\/#breadcrumb","itemListElement":[{"@type":"ListItem","position":1,"name":"Home","item":"https:\/\/onlinelotto365.com\/hr\/"},{"@type":"ListItem","position":2,"name":"Svi rezultati me\u0111unarodnih lota","item":"https:\/\/onlinelotto365.com\/hr\/dobitni-brojevi\/"},{"@type":"ListItem","position":3,"name":"\u0160panjolski rezultati igre Bonoloto"}]},{"@type":"WebSite","@id":"https:\/\/onlinelotto365.com\/hr\/#website","url":"https:\/\/onlinelotto365.com\/hr\/","name":"OnlineLotto365","description":"","potentialAction":[{"@type":"SearchAction","target":{"@type":"EntryPoint","urlTemplate":"https:\/\/onlinelotto365.com\/hr\/?s={search_term_string}"},"query-input":{"@type":"PropertyValueSpecification","valueRequired":true,"valueName":"search_term_string"}}],"inLanguage":"hr"}]}},"_links":{"self":[{"href":"https:\/\/onlinelotto365.com\/hr\/wp-json\/wp\/v2\/pages\/84325","targetHints":{"allow":["GET"]}}],"collection":[{"href":"https:\/\/onlinelotto365.com\/hr\/wp-json\/wp\/v2\/pages"}],"about":[{"href":"https:\/\/onlinelotto365.com\/hr\/wp-json\/wp\/v2\/types\/page"}],"author":[{"embeddable":true,"href":"https:\/\/onlinelotto365.com\/hr\/wp-json\/wp\/v2\/users\/1"}],"replies":[{"embeddable":true,"href":"https:\/\/onlinelotto365.com\/hr\/wp-json\/wp\/v2\/comments?post=84325"}],"version-history":[{"count":0,"href":"https:\/\/onlinelotto365.com\/hr\/wp-json\/wp\/v2\/pages\/84325\/revisions"}],"up":[{"embeddable":true,"href":"https:\/\/onlinelotto365.com\/hr\/wp-json\/wp\/v2\/pages\/5822"}],"wp:attachment":[{"href":"https:\/\/onlinelotto365.com\/hr\/wp-json\/wp\/v2\/media?parent=84325"}],"curies":[{"name":"wp","href":"https:\/\/api.w.org\/{rel}","templated":true}]}}