{"id":84333,"date":"2023-10-02T18:00:55","date_gmt":"2023-10-02T17:00:55","guid":{"rendered":"https:\/\/onlinelotto365.com\/dobitni-brojevi\/rezultati-britanske-lutrije"},"modified":"2023-10-02T18:00:55","modified_gmt":"2023-10-02T17:00:55","slug":"rezultati-britanske-lutrije","status":"publish","type":"page","link":"https:\/\/onlinelotto365.com\/hr\/dobitni-brojevi\/rezultati-britanske-lutrije\/","title":{"rendered":"Rezultati britanske lutrije"},"content":{"rendered":"<p>Postoji mnogo razli\u010ditih me\u0111unarodnih igara, a mi ih nudimo mnogo. To mo\u017ee zna\u010diti da \u0107ete imati te\u0161ko\u0107a u pronala\u017eenju rezultata nakon izvla\u010denja. Neki \u017eele pogledati u novinama, ali va\u0161i lokalni listovi mo\u017eda nemaju rezultate britanske lutrije. S druge strane, televizijske stanice mo\u017eda tako\u0111er nemaju te rezultate ili bi moglo potrajati da prona\u0111ete pravi kanal koji ih prikazuje.<\/p>\n<p>Druga opcija je da pogledate slu\u017ebenu web stranicu britanske lutrije, koja mo\u017ee imati u\u017eivo prijenos izvla\u010denja. Me\u0111utim, nisu sve lutrije dostupne putem ovakvog u\u017eivo prijenosa, a \u010dak i kada jesu, morate biti tamo u pravo vrijeme. Dakle, koji je na\u010din da saznate rezultate britanske lutrije?<br \/>\n<img decoding=\"async\" class=\"aligncenter\" src=\"https:\/\/redfoxlotto.com\/image?size=8&amp;lottery=lotto-uk\" alt=\"uk lottery\" \/><br \/>\nJo\u0161 jedna opcija je provjeriti na YouTubeu najnovije izvla\u010denje britanske lutrije ako je ve\u0107 zavr\u0161ilo. Ponekad ljudi objave snimak ili objave dobitne brojeve na neki drugi na\u010din.<\/p>\n<p>Najlak\u0161i na\u010din za vas da dobijete dobitne brojeve, me\u0111utim, je da provjerite na\u0161u web stranicu. Na\u0161a stranica s rezultatima lutrije prikazivat \u0107e vam rezultate i nagrade za britansku lutriju, kao i za svaku drugu lutriju koju imamo na raspolaganju.<\/p>\n<h2>Kako saznati je li va\u0161a internetska ulaznica osvojila<\/h2>\n<p><img loading=\"lazy\" decoding=\"async\" class=\"alignright wp-image-3550\" src=\"https:\/\/onlinelotto365.com\/wp-content\/uploads\/2020\/11\/online_lottery-108-300x232.jpg\" alt=\"Rezultati britanske lutrije\" width=\"146\" height=\"113\" srcset=\"https:\/\/onlinelotto365.com\/wp-content\/uploads\/2020\/11\/online_lottery-108-300x232.jpg 300w, https:\/\/onlinelotto365.com\/wp-content\/uploads\/2020\/11\/online_lottery-108.jpg 320w\" sizes=\"auto, (max-width: 146px) 100vw, 146px\" \/><br \/>\n\u0160to je jo\u0161 bolje za vas je da mo\u017eete provjeriti svoju stranicu s ra\u010dunima ako ve\u0107 imate kupljene ulaznice. Na svojoj stranici s ra\u010dunima pokazat \u0107emo vam dobitne brojeve za svaku ulaznicu koju imate i usporedit \u0107emo ih s va\u0161om ulaznicom. \u010cak \u0107emo istaknuti brojeve koji se podudaraju. I, ako osvojite manje od 2500 \u20ac, ne morate ni\u0161ta raditi jer \u0107e novac ve\u0107 biti automatski dodan na va\u0161 ra\u010dun za igra\u010de \u010dim se rezultati provjere. To \u0107e vam olak\u0161ati kupovinu ulaznica za sljede\u0107e izvla\u010denje.<\/p>\n<h2>Arhiva rezultata britanske lutrije<\/h2>\n<p>Svaka stranica na na\u0161oj web stranici koja prikazuje trenutne dobitne brojeve tako\u0111er \u0107e vam pokazivati starije rezultate britanske lutrije. Mo\u0107i \u0107ete provjeriti prethodna izvla\u010denja za stare ulaznice ili saznati brojeve koje \u017eelite igrati sljede\u0107i put. Na kraju krajeva, mnogi ljudi vole provjeriti stare brojeve kako bi odabrali svoje.<\/p>\n<h2>Moja ulaznica je osvojila, \u0161to se doga\u0111a dalje?<\/h2>\n<p>Ako imate dobitnu ulaznicu i imate pravo na manje od 2500 \u20ac, ne morate ni\u0161ta raditi. Mi \u0107emo se pobrinuti za sve za vas i osigurati da svoj dobitak dobijete izravno na svoj ra\u010dun. Ako \u017eelite koristiti taj novac, mo\u017eete ga koristiti za kupnju jo\u0161 ulaznica. Ako to ne \u017eelite, mo\u017eete povu\u0107i novac pod uvjetom da imate najmanje 10 \u20ac na raspolaganju. Taj se novac mora povu\u0107i putem metode pla\u0107anja koja je ve\u0107 kori\u0161tena na na\u0161oj web stranici i mo\u017eda \u0107ete morati potvrditi svoj identitet radi uskla\u0111ivanja s federalnim propisima.<\/p>\n","protected":false},"excerpt":{"rendered":"<p>Postoji mnogo razli\u010ditih me\u0111unarodnih igara, a mi ih nudimo mnogo. To mo\u017ee zna\u010diti da \u0107ete imati te\u0161ko\u0107a u pronala\u017eenju rezultata nakon izvla\u010denja. Neki \u017eele pogledati u novinama, ali va\u0161i lokalni listovi mo\u017eda nemaju rezultate britanske lutrije. S druge strane, televizijske stanice mo\u017eda tako\u0111er nemaju te rezultate ili bi moglo potrajati da prona\u0111ete pravi kanal koji [&hellip;]<\/p>\n","protected":false},"author":1,"featured_media":0,"parent":5822,"menu_order":9,"comment_status":"closed","ping_status":"closed","template":"lotto-uk-results.php","meta":{"_et_pb_use_builder":"","_et_pb_old_content":"","_et_gb_content_width":"","exclude_from_search":false,"footnotes":""},"class_list":["post-84333","page","type-page","status-publish","hentry"],"yoast_head":"<!-- This site is optimized with the Yoast SEO plugin v23.4 - https:\/\/yoast.com\/wordpress\/plugins\/seo\/ -->\n<title>Rezultati, dobitni brojevi za britansku lutriju<\/title>\n<meta name=\"description\" content=\"Odmah nakon izvla\u010denja, pogledajte rezultate i brojeve britanske lutrije ovdje.\" \/>\n<meta name=\"robots\" content=\"index, follow, max-snippet:-1, max-image-preview:large, max-video-preview:-1\" \/>\n<link rel=\"canonical\" href=\"https:\/\/onlinelotto365.com\/hr\/dobitni-brojevi\/rezultati-britanske-lutrije\/\" \/>\n<meta property=\"og:locale\" content=\"hr_HR\" \/>\n<meta property=\"og:type\" content=\"article\" \/>\n<meta property=\"og:title\" content=\"Rezultati, dobitni brojevi za britansku lutriju\" \/>\n<meta property=\"og:description\" content=\"Odmah nakon izvla\u010denja, pogledajte rezultate i brojeve britanske lutrije ovdje.\" \/>\n<meta property=\"og:url\" content=\"https:\/\/onlinelotto365.com\/hr\/dobitni-brojevi\/rezultati-britanske-lutrije\/\" \/>\n<meta property=\"og:site_name\" content=\"OnlineLotto365\" \/>\n<meta property=\"og:image\" content=\"https:\/\/redfoxlotto.com\/image?size=8&amp;lottery=lotto-uk\" \/>\n<meta name=\"twitter:card\" content=\"summary_large_image\" \/>\n<meta name=\"twitter:label1\" content=\"Procijenjeno vrijeme \u010ditanja\" \/>\n\t<meta name=\"twitter:data1\" content=\"2 minute\" \/>\n<script type=\"application\/ld+json\" class=\"yoast-schema-graph\">{\"@context\":\"https:\/\/schema.org\",\"@graph\":[{\"@type\":\"WebPage\",\"@id\":\"https:\/\/onlinelotto365.com\/hr\/dobitni-brojevi\/rezultati-britanske-lutrije\/\",\"url\":\"https:\/\/onlinelotto365.com\/hr\/dobitni-brojevi\/rezultati-britanske-lutrije\/\",\"name\":\"Rezultati, dobitni brojevi za britansku lutriju\",\"isPartOf\":{\"@id\":\"https:\/\/onlinelotto365.com\/hr\/#website\"},\"primaryImageOfPage\":{\"@id\":\"https:\/\/onlinelotto365.com\/hr\/dobitni-brojevi\/rezultati-britanske-lutrije\/#primaryimage\"},\"image\":{\"@id\":\"https:\/\/onlinelotto365.com\/hr\/dobitni-brojevi\/rezultati-britanske-lutrije\/#primaryimage\"},\"thumbnailUrl\":\"https:\/\/redfoxlotto.com\/image?size=8&amp;lottery=lotto-uk\",\"datePublished\":\"2023-10-02T17:00:55+00:00\",\"dateModified\":\"2023-10-02T17:00:55+00:00\",\"description\":\"Odmah nakon izvla\u010denja, pogledajte rezultate i brojeve britanske lutrije ovdje.\",\"breadcrumb\":{\"@id\":\"https:\/\/onlinelotto365.com\/hr\/dobitni-brojevi\/rezultati-britanske-lutrije\/#breadcrumb\"},\"inLanguage\":\"hr\",\"potentialAction\":[{\"@type\":\"ReadAction\",\"target\":[\"https:\/\/onlinelotto365.com\/hr\/dobitni-brojevi\/rezultati-britanske-lutrije\/\"]}]},{\"@type\":\"ImageObject\",\"inLanguage\":\"hr\",\"@id\":\"https:\/\/onlinelotto365.com\/hr\/dobitni-brojevi\/rezultati-britanske-lutrije\/#primaryimage\",\"url\":\"https:\/\/redfoxlotto.com\/image?size=8&amp;lottery=lotto-uk\",\"contentUrl\":\"https:\/\/redfoxlotto.com\/image?size=8&amp;lottery=lotto-uk\"},{\"@type\":\"BreadcrumbList\",\"@id\":\"https:\/\/onlinelotto365.com\/hr\/dobitni-brojevi\/rezultati-britanske-lutrije\/#breadcrumb\",\"itemListElement\":[{\"@type\":\"ListItem\",\"position\":1,\"name\":\"Home\",\"item\":\"https:\/\/onlinelotto365.com\/hr\/\"},{\"@type\":\"ListItem\",\"position\":2,\"name\":\"Svi rezultati me\u0111unarodnih lota\",\"item\":\"https:\/\/onlinelotto365.com\/hr\/dobitni-brojevi\/\"},{\"@type\":\"ListItem\",\"position\":3,\"name\":\"Rezultati britanske lutrije\"}]},{\"@type\":\"WebSite\",\"@id\":\"https:\/\/onlinelotto365.com\/hr\/#website\",\"url\":\"https:\/\/onlinelotto365.com\/hr\/\",\"name\":\"OnlineLotto365\",\"description\":\"\",\"potentialAction\":[{\"@type\":\"SearchAction\",\"target\":{\"@type\":\"EntryPoint\",\"urlTemplate\":\"https:\/\/onlinelotto365.com\/hr\/?s={search_term_string}\"},\"query-input\":{\"@type\":\"PropertyValueSpecification\",\"valueRequired\":true,\"valueName\":\"search_term_string\"}}],\"inLanguage\":\"hr\"}]}<\/script>\n<!-- \/ Yoast SEO plugin. -->","yoast_head_json":{"title":"Rezultati, dobitni brojevi za britansku lutriju","description":"Odmah nakon izvla\u010denja, pogledajte rezultate i brojeve britanske lutrije ovdje.","robots":{"index":"index","follow":"follow","max-snippet":"max-snippet:-1","max-image-preview":"max-image-preview:large","max-video-preview":"max-video-preview:-1"},"canonical":"https:\/\/onlinelotto365.com\/hr\/dobitni-brojevi\/rezultati-britanske-lutrije\/","og_locale":"hr_HR","og_type":"article","og_title":"Rezultati, dobitni brojevi za britansku lutriju","og_description":"Odmah nakon izvla\u010denja, pogledajte rezultate i brojeve britanske lutrije ovdje.","og_url":"https:\/\/onlinelotto365.com\/hr\/dobitni-brojevi\/rezultati-britanske-lutrije\/","og_site_name":"OnlineLotto365","og_image":[{"url":"https:\/\/redfoxlotto.com\/image?size=8&amp;lottery=lotto-uk"}],"twitter_card":"summary_large_image","twitter_misc":{"Procijenjeno vrijeme \u010ditanja":"2 minute"},"schema":{"@context":"https:\/\/schema.org","@graph":[{"@type":"WebPage","@id":"https:\/\/onlinelotto365.com\/hr\/dobitni-brojevi\/rezultati-britanske-lutrije\/","url":"https:\/\/onlinelotto365.com\/hr\/dobitni-brojevi\/rezultati-britanske-lutrije\/","name":"Rezultati, dobitni brojevi za britansku lutriju","isPartOf":{"@id":"https:\/\/onlinelotto365.com\/hr\/#website"},"primaryImageOfPage":{"@id":"https:\/\/onlinelotto365.com\/hr\/dobitni-brojevi\/rezultati-britanske-lutrije\/#primaryimage"},"image":{"@id":"https:\/\/onlinelotto365.com\/hr\/dobitni-brojevi\/rezultati-britanske-lutrije\/#primaryimage"},"thumbnailUrl":"https:\/\/redfoxlotto.com\/image?size=8&amp;lottery=lotto-uk","datePublished":"2023-10-02T17:00:55+00:00","dateModified":"2023-10-02T17:00:55+00:00","description":"Odmah nakon izvla\u010denja, pogledajte rezultate i brojeve britanske lutrije ovdje.","breadcrumb":{"@id":"https:\/\/onlinelotto365.com\/hr\/dobitni-brojevi\/rezultati-britanske-lutrije\/#breadcrumb"},"inLanguage":"hr","potentialAction":[{"@type":"ReadAction","target":["https:\/\/onlinelotto365.com\/hr\/dobitni-brojevi\/rezultati-britanske-lutrije\/"]}]},{"@type":"ImageObject","inLanguage":"hr","@id":"https:\/\/onlinelotto365.com\/hr\/dobitni-brojevi\/rezultati-britanske-lutrije\/#primaryimage","url":"https:\/\/redfoxlotto.com\/image?size=8&amp;lottery=lotto-uk","contentUrl":"https:\/\/redfoxlotto.com\/image?size=8&amp;lottery=lotto-uk"},{"@type":"BreadcrumbList","@id":"https:\/\/onlinelotto365.com\/hr\/dobitni-brojevi\/rezultati-britanske-lutrije\/#breadcrumb","itemListElement":[{"@type":"ListItem","position":1,"name":"Home","item":"https:\/\/onlinelotto365.com\/hr\/"},{"@type":"ListItem","position":2,"name":"Svi rezultati me\u0111unarodnih lota","item":"https:\/\/onlinelotto365.com\/hr\/dobitni-brojevi\/"},{"@type":"ListItem","position":3,"name":"Rezultati britanske lutrije"}]},{"@type":"WebSite","@id":"https:\/\/onlinelotto365.com\/hr\/#website","url":"https:\/\/onlinelotto365.com\/hr\/","name":"OnlineLotto365","description":"","potentialAction":[{"@type":"SearchAction","target":{"@type":"EntryPoint","urlTemplate":"https:\/\/onlinelotto365.com\/hr\/?s={search_term_string}"},"query-input":{"@type":"PropertyValueSpecification","valueRequired":true,"valueName":"search_term_string"}}],"inLanguage":"hr"}]}},"_links":{"self":[{"href":"https:\/\/onlinelotto365.com\/hr\/wp-json\/wp\/v2\/pages\/84333","targetHints":{"allow":["GET"]}}],"collection":[{"href":"https:\/\/onlinelotto365.com\/hr\/wp-json\/wp\/v2\/pages"}],"about":[{"href":"https:\/\/onlinelotto365.com\/hr\/wp-json\/wp\/v2\/types\/page"}],"author":[{"embeddable":true,"href":"https:\/\/onlinelotto365.com\/hr\/wp-json\/wp\/v2\/users\/1"}],"replies":[{"embeddable":true,"href":"https:\/\/onlinelotto365.com\/hr\/wp-json\/wp\/v2\/comments?post=84333"}],"version-history":[{"count":0,"href":"https:\/\/onlinelotto365.com\/hr\/wp-json\/wp\/v2\/pages\/84333\/revisions"}],"up":[{"embeddable":true,"href":"https:\/\/onlinelotto365.com\/hr\/wp-json\/wp\/v2\/pages\/5822"}],"wp:attachment":[{"href":"https:\/\/onlinelotto365.com\/hr\/wp-json\/wp\/v2\/media?parent=84333"}],"curies":[{"name":"wp","href":"https:\/\/api.w.org\/{rel}","templated":true}]}}