{"id":84342,"date":"2023-10-02T19:03:13","date_gmt":"2023-10-02T18:03:13","guid":{"rendered":"https:\/\/onlinelotto365.com\/dobitni-brojevi\/rezultati-izvlacenja-za-igru-set-for-life"},"modified":"2023-10-02T19:03:13","modified_gmt":"2023-10-02T18:03:13","slug":"rezultati-izvlacenja-za-igru-set-for-life","status":"publish","type":"page","link":"https:\/\/onlinelotto365.com\/hr\/dobitni-brojevi\/rezultati-izvlacenja-za-igru-set-for-life\/","title":{"rendered":"Rezultati izvla\u010denja za igru &#8220;Set for Life&#8221;"},"content":{"rendered":"<p>Me\u0111unarodne lutrijske igre mogu biti veoma zabavne, ali kako biste saznali dobitne brojeve, morate ulo\u017eiti malo truda. Brojevi za igru &#8220;Set for Life&#8221; mo\u017eda nisu dostupni u va\u0161em lokalnom listu, to je zato \u0161to se mo\u017eda ne nalazite u pravom podru\u010dju.<\/p>\n<p>Isto va\u017ei i za pra\u0107enje rezultata na televiziji. Ako se ne nalazite u odgovaraju\u0107em podru\u010dju, morate tra\u017eiti kanal koji prikazuje rezultate.<\/p>\n<p>Tako\u0111e, mo\u017eete posetiti zvani\u010dnu web stranicu igre &#8220;Set for Life&#8221; kako biste videli da li postoji u\u017eivo prenos dobitnih brojeva. Ako postoji, preporu\u010dljivo je da to proverite jer pra\u0107enje izvla\u010denja u\u017eivo mo\u017ee biti veoma uzbudljivo. Me\u0111utim, ne sve lutrije nude ovu opciju i mo\u017eda je ne\u0107ete prona\u0107i.<img decoding=\"async\" class=\"aligncenter\" src=\"https:\/\/redfoxlotto.com\/image?size=8&amp;lottery=set-for-life-uk\" alt=\"set for life\" \/><\/p>\n<p>Jo\u0161 jedno mesto na koje mo\u017eete pogledati su YouTube video zapisi. Ponekad se videi izvla\u010denja postave tamo nakon \u0161to se izvla\u010denje ve\u0107 dogodilo i mo\u017eda \u0107ete mo\u0107i prona\u0107i dobitne brojeve.<\/p>\n<p>Najprakti\u010dniji na\u010din da saznate dobitne brojeve za igru &#8220;Set for Life&#8221; je da posetite na\u0161u web stranicu. Imamo sve dobitne brojeve dostupne za sve igre koje nudimo, uklju\u010duju\u0107i &#8220;Set for Life&#8221;.<\/p>\n<h2>Kako saznati da li je va\u0161a online ulaznica dobitna<\/h2>\n<p><img loading=\"lazy\" decoding=\"async\" class=\"alignright wp-image-3543\" src=\"https:\/\/onlinelotto365.com\/wp-content\/uploads\/2020\/11\/online_lottery-3-300x300.jpg\" alt=\"Pogodite brojevi za \"Set for Life\" \u017erebanje\" width=\"187\" height=\"187\" srcset=\"https:\/\/onlinelotto365.com\/wp-content\/uploads\/2020\/11\/online_lottery-3-300x300.jpg 300w, https:\/\/onlinelotto365.com\/wp-content\/uploads\/2020\/11\/online_lottery-3-100x100.jpg 100w, https:\/\/onlinelotto365.com\/wp-content\/uploads\/2020\/11\/online_lottery-3-150x150.jpg 150w, https:\/\/onlinelotto365.com\/wp-content\/uploads\/2020\/11\/online_lottery-3.jpg 320w\" sizes=\"auto, (max-width: 187px) 100vw, 187px\" \/><br \/>\nJo\u0161 bolje, ako ste ve\u0107 kupili ulaznice za &#8220;Set for Life&#8221; kod nas, olak\u0161ali smo vam proveru va\u0161ih ulaznica. Mo\u017eete proveriti stranicu na kojoj se \u010duvaju sve va\u0161e ulaznice i na\u0107i \u0107ete ne samo brojeve svoje ulaznice, ve\u0107 i brojeve dobitne ulaznice. \u010cak \u0107emo vam pomo\u0107i da saznate koji brojevi se poklapaju tako \u0161to \u0107emo ih ozna\u010diti bojama. Na taj na\u010din ne morate sami proveravati opcije. Tako\u0111e, ako je iznos dobitka manji od 2500 evra, ne morate se brinuti jer \u0107emo novac odmah staviti na va\u0161 ra\u010dun.<\/p>\n<h2>Arhiva rezultata za &#8220;Set for Life&#8221;<\/h2>\n<p>Za one koji \u017eele da pogledaju stare brojeve za igru &#8220;Set for Life&#8221;, to mo\u017eete lako uraditi. Imamo arhivu brojeva dostupnu svugdje gde se nalaze najnoviji rezultati. Na taj na\u010din mo\u017eete videti koji brojevi se naj\u010de\u0161\u0107e izvla\u010de i koji bi mogli biti slede\u0107i.<\/p>\n<h2>Moja ulaznica je dobitna, \u0161ta se de\u0161ava dalje?<\/h2>\n<p>Ako osvojite na svojoj lutrijskoj ulaznici za igru &#8220;Set for Life&#8221;, sve \u0161to trebate da uradite je da sa\u010dekate i vidite \u0161ta \u0107e se desiti. Mi \u0107emo se pobrinuti za ve\u0107inu stvari za vas. Mo\u017eete \u010dekati na bilo koji iznos manji od 2500 evra jer \u0107emo novac odmah staviti na va\u0161 ra\u010dun \u010dim se provere dobitni brojevi.<\/p>\n<p>Zatim, ako imate najmanje 10 evra na svom ra\u010dunu, ima\u0107ete opciju da povu\u010dete novac na svoj bankovni ra\u010dun. Samo se pobrinite da koristite ra\u010dun koji ste ve\u0107 koristili sa na\u0161im sistemom i trebate potvrditi svoj identitet i informacije za na\u0161eg procesora pla\u0107anja. Ovaj je postupak jednostavan i mo\u017ee se obaviti sa samo nekoliko obrazaca i pre nego \u0161to primetite, va\u0161 novac \u0107e biti dostupan.<\/p>\n","protected":false},"excerpt":{"rendered":"<p>Me\u0111unarodne lutrijske igre mogu biti veoma zabavne, ali kako biste saznali dobitne brojeve, morate ulo\u017eiti malo truda. Brojevi za igru &#8220;Set for Life&#8221; mo\u017eda nisu dostupni u va\u0161em lokalnom listu, to je zato \u0161to se mo\u017eda ne nalazite u pravom podru\u010dju. Isto va\u017ei i za pra\u0107enje rezultata na televiziji. Ako se ne nalazite u odgovaraju\u0107em [&hellip;]<\/p>\n","protected":false},"author":1,"featured_media":0,"parent":5822,"menu_order":10,"comment_status":"closed","ping_status":"closed","template":"set-for-life-results.php","meta":{"_et_pb_use_builder":"","_et_pb_old_content":"","_et_gb_content_width":"","exclude_from_search":false,"footnotes":""},"class_list":["post-84342","page","type-page","status-publish","hentry"],"yoast_head":"<!-- This site is optimized with the Yoast SEO plugin v23.4 - https:\/\/yoast.com\/wordpress\/plugins\/seo\/ -->\n<title>Najnoviji dobitni brojevi i isplate za &quot;Set for Life&quot;<\/title>\n<meta name=\"description\" content=\"Jeste li sudjelovali u lutriji &quot;Set for Life&quot;? Imamo najnovije i pro\u0161le dobitne brojeve.\" \/>\n<meta name=\"robots\" content=\"index, follow, max-snippet:-1, max-image-preview:large, max-video-preview:-1\" \/>\n<link rel=\"canonical\" href=\"https:\/\/onlinelotto365.com\/hr\/dobitni-brojevi\/rezultati-izvlacenja-za-igru-set-for-life\/\" \/>\n<meta property=\"og:locale\" content=\"hr_HR\" \/>\n<meta property=\"og:type\" content=\"article\" \/>\n<meta property=\"og:title\" content=\"Najnoviji dobitni brojevi i isplate za &quot;Set for Life&quot;\" \/>\n<meta property=\"og:description\" content=\"Jeste li sudjelovali u lutriji &quot;Set for Life&quot;? Imamo najnovije i pro\u0161le dobitne brojeve.\" \/>\n<meta property=\"og:url\" content=\"https:\/\/onlinelotto365.com\/hr\/dobitni-brojevi\/rezultati-izvlacenja-za-igru-set-for-life\/\" \/>\n<meta property=\"og:site_name\" content=\"OnlineLotto365\" \/>\n<meta property=\"og:image\" content=\"https:\/\/redfoxlotto.com\/image?size=8&amp;lottery=set-for-life-uk\" \/>\n<meta name=\"twitter:card\" content=\"summary_large_image\" \/>\n<meta name=\"twitter:label1\" content=\"Procijenjeno vrijeme \u010ditanja\" \/>\n\t<meta name=\"twitter:data1\" content=\"3 minute\" \/>\n<script type=\"application\/ld+json\" class=\"yoast-schema-graph\">{\"@context\":\"https:\/\/schema.org\",\"@graph\":[{\"@type\":\"WebPage\",\"@id\":\"https:\/\/onlinelotto365.com\/hr\/dobitni-brojevi\/rezultati-izvlacenja-za-igru-set-for-life\/\",\"url\":\"https:\/\/onlinelotto365.com\/hr\/dobitni-brojevi\/rezultati-izvlacenja-za-igru-set-for-life\/\",\"name\":\"Najnoviji dobitni brojevi i isplate za \\\"Set for Life\\\"\",\"isPartOf\":{\"@id\":\"https:\/\/onlinelotto365.com\/hr\/#website\"},\"primaryImageOfPage\":{\"@id\":\"https:\/\/onlinelotto365.com\/hr\/dobitni-brojevi\/rezultati-izvlacenja-za-igru-set-for-life\/#primaryimage\"},\"image\":{\"@id\":\"https:\/\/onlinelotto365.com\/hr\/dobitni-brojevi\/rezultati-izvlacenja-za-igru-set-for-life\/#primaryimage\"},\"thumbnailUrl\":\"https:\/\/redfoxlotto.com\/image?size=8&amp;lottery=set-for-life-uk\",\"datePublished\":\"2023-10-02T18:03:13+00:00\",\"dateModified\":\"2023-10-02T18:03:13+00:00\",\"description\":\"Jeste li sudjelovali u lutriji \\\"Set for Life\\\"? Imamo najnovije i pro\u0161le dobitne brojeve.\",\"breadcrumb\":{\"@id\":\"https:\/\/onlinelotto365.com\/hr\/dobitni-brojevi\/rezultati-izvlacenja-za-igru-set-for-life\/#breadcrumb\"},\"inLanguage\":\"hr\",\"potentialAction\":[{\"@type\":\"ReadAction\",\"target\":[\"https:\/\/onlinelotto365.com\/hr\/dobitni-brojevi\/rezultati-izvlacenja-za-igru-set-for-life\/\"]}]},{\"@type\":\"ImageObject\",\"inLanguage\":\"hr\",\"@id\":\"https:\/\/onlinelotto365.com\/hr\/dobitni-brojevi\/rezultati-izvlacenja-za-igru-set-for-life\/#primaryimage\",\"url\":\"https:\/\/redfoxlotto.com\/image?size=8&amp;lottery=set-for-life-uk\",\"contentUrl\":\"https:\/\/redfoxlotto.com\/image?size=8&amp;lottery=set-for-life-uk\"},{\"@type\":\"BreadcrumbList\",\"@id\":\"https:\/\/onlinelotto365.com\/hr\/dobitni-brojevi\/rezultati-izvlacenja-za-igru-set-for-life\/#breadcrumb\",\"itemListElement\":[{\"@type\":\"ListItem\",\"position\":1,\"name\":\"Home\",\"item\":\"https:\/\/onlinelotto365.com\/hr\/\"},{\"@type\":\"ListItem\",\"position\":2,\"name\":\"Svi rezultati me\u0111unarodnih lota\",\"item\":\"https:\/\/onlinelotto365.com\/hr\/dobitni-brojevi\/\"},{\"@type\":\"ListItem\",\"position\":3,\"name\":\"Rezultati izvla\u010denja za igru &#8220;Set for Life&#8221;\"}]},{\"@type\":\"WebSite\",\"@id\":\"https:\/\/onlinelotto365.com\/hr\/#website\",\"url\":\"https:\/\/onlinelotto365.com\/hr\/\",\"name\":\"OnlineLotto365\",\"description\":\"\",\"potentialAction\":[{\"@type\":\"SearchAction\",\"target\":{\"@type\":\"EntryPoint\",\"urlTemplate\":\"https:\/\/onlinelotto365.com\/hr\/?s={search_term_string}\"},\"query-input\":{\"@type\":\"PropertyValueSpecification\",\"valueRequired\":true,\"valueName\":\"search_term_string\"}}],\"inLanguage\":\"hr\"}]}<\/script>\n<!-- \/ Yoast SEO plugin. -->","yoast_head_json":{"title":"Najnoviji dobitni brojevi i isplate za \"Set for Life\"","description":"Jeste li sudjelovali u lutriji \"Set for Life\"? Imamo najnovije i pro\u0161le dobitne brojeve.","robots":{"index":"index","follow":"follow","max-snippet":"max-snippet:-1","max-image-preview":"max-image-preview:large","max-video-preview":"max-video-preview:-1"},"canonical":"https:\/\/onlinelotto365.com\/hr\/dobitni-brojevi\/rezultati-izvlacenja-za-igru-set-for-life\/","og_locale":"hr_HR","og_type":"article","og_title":"Najnoviji dobitni brojevi i isplate za \"Set for Life\"","og_description":"Jeste li sudjelovali u lutriji \"Set for Life\"? Imamo najnovije i pro\u0161le dobitne brojeve.","og_url":"https:\/\/onlinelotto365.com\/hr\/dobitni-brojevi\/rezultati-izvlacenja-za-igru-set-for-life\/","og_site_name":"OnlineLotto365","og_image":[{"url":"https:\/\/redfoxlotto.com\/image?size=8&amp;lottery=set-for-life-uk"}],"twitter_card":"summary_large_image","twitter_misc":{"Procijenjeno vrijeme \u010ditanja":"3 minute"},"schema":{"@context":"https:\/\/schema.org","@graph":[{"@type":"WebPage","@id":"https:\/\/onlinelotto365.com\/hr\/dobitni-brojevi\/rezultati-izvlacenja-za-igru-set-for-life\/","url":"https:\/\/onlinelotto365.com\/hr\/dobitni-brojevi\/rezultati-izvlacenja-za-igru-set-for-life\/","name":"Najnoviji dobitni brojevi i isplate za \"Set for Life\"","isPartOf":{"@id":"https:\/\/onlinelotto365.com\/hr\/#website"},"primaryImageOfPage":{"@id":"https:\/\/onlinelotto365.com\/hr\/dobitni-brojevi\/rezultati-izvlacenja-za-igru-set-for-life\/#primaryimage"},"image":{"@id":"https:\/\/onlinelotto365.com\/hr\/dobitni-brojevi\/rezultati-izvlacenja-za-igru-set-for-life\/#primaryimage"},"thumbnailUrl":"https:\/\/redfoxlotto.com\/image?size=8&amp;lottery=set-for-life-uk","datePublished":"2023-10-02T18:03:13+00:00","dateModified":"2023-10-02T18:03:13+00:00","description":"Jeste li sudjelovali u lutriji \"Set for Life\"? Imamo najnovije i pro\u0161le dobitne brojeve.","breadcrumb":{"@id":"https:\/\/onlinelotto365.com\/hr\/dobitni-brojevi\/rezultati-izvlacenja-za-igru-set-for-life\/#breadcrumb"},"inLanguage":"hr","potentialAction":[{"@type":"ReadAction","target":["https:\/\/onlinelotto365.com\/hr\/dobitni-brojevi\/rezultati-izvlacenja-za-igru-set-for-life\/"]}]},{"@type":"ImageObject","inLanguage":"hr","@id":"https:\/\/onlinelotto365.com\/hr\/dobitni-brojevi\/rezultati-izvlacenja-za-igru-set-for-life\/#primaryimage","url":"https:\/\/redfoxlotto.com\/image?size=8&amp;lottery=set-for-life-uk","contentUrl":"https:\/\/redfoxlotto.com\/image?size=8&amp;lottery=set-for-life-uk"},{"@type":"BreadcrumbList","@id":"https:\/\/onlinelotto365.com\/hr\/dobitni-brojevi\/rezultati-izvlacenja-za-igru-set-for-life\/#breadcrumb","itemListElement":[{"@type":"ListItem","position":1,"name":"Home","item":"https:\/\/onlinelotto365.com\/hr\/"},{"@type":"ListItem","position":2,"name":"Svi rezultati me\u0111unarodnih lota","item":"https:\/\/onlinelotto365.com\/hr\/dobitni-brojevi\/"},{"@type":"ListItem","position":3,"name":"Rezultati izvla\u010denja za igru &#8220;Set for Life&#8221;"}]},{"@type":"WebSite","@id":"https:\/\/onlinelotto365.com\/hr\/#website","url":"https:\/\/onlinelotto365.com\/hr\/","name":"OnlineLotto365","description":"","potentialAction":[{"@type":"SearchAction","target":{"@type":"EntryPoint","urlTemplate":"https:\/\/onlinelotto365.com\/hr\/?s={search_term_string}"},"query-input":{"@type":"PropertyValueSpecification","valueRequired":true,"valueName":"search_term_string"}}],"inLanguage":"hr"}]}},"_links":{"self":[{"href":"https:\/\/onlinelotto365.com\/hr\/wp-json\/wp\/v2\/pages\/84342","targetHints":{"allow":["GET"]}}],"collection":[{"href":"https:\/\/onlinelotto365.com\/hr\/wp-json\/wp\/v2\/pages"}],"about":[{"href":"https:\/\/onlinelotto365.com\/hr\/wp-json\/wp\/v2\/types\/page"}],"author":[{"embeddable":true,"href":"https:\/\/onlinelotto365.com\/hr\/wp-json\/wp\/v2\/users\/1"}],"replies":[{"embeddable":true,"href":"https:\/\/onlinelotto365.com\/hr\/wp-json\/wp\/v2\/comments?post=84342"}],"version-history":[{"count":0,"href":"https:\/\/onlinelotto365.com\/hr\/wp-json\/wp\/v2\/pages\/84342\/revisions"}],"up":[{"embeddable":true,"href":"https:\/\/onlinelotto365.com\/hr\/wp-json\/wp\/v2\/pages\/5822"}],"wp:attachment":[{"href":"https:\/\/onlinelotto365.com\/hr\/wp-json\/wp\/v2\/media?parent=84342"}],"curies":[{"name":"wp","href":"https:\/\/api.w.org\/{rel}","templated":true}]}}