{"id":84350,"date":"2023-10-03T04:57:47","date_gmt":"2023-10-03T03:57:47","guid":{"rendered":"https:\/\/onlinelotto365.com\/dobitni-brojevi\/pogledajte-pobjednicke-brojeve-njemackog-lotoa-ovdje"},"modified":"2023-10-03T04:57:47","modified_gmt":"2023-10-03T03:57:47","slug":"pogledajte-pobjednicke-brojeve-njemackog-lotoa-ovdje","status":"publish","type":"page","link":"https:\/\/onlinelotto365.com\/hr\/dobitni-brojevi\/pogledajte-pobjednicke-brojeve-njemackog-lotoa-ovdje\/","title":{"rendered":"Pogledajte pobjedni\u010dke brojeve njema\u010dkog Lotoa ovdje."},"content":{"rendered":"<p>Me\u0111unarodne lutrijske igre mogu biti ne\u0161to te\u017ee pratiti jer mo\u017eda ne \u017eivite u istom podru\u010dju gdje se vr\u0161e izvla\u010denja. Mo\u017eda ne\u0107ete mo\u0107i provjeriti rezultate njema\u010dkog Lota u lokalnim novinama. Tako\u0111er, mo\u017eda ne\u0107ete mo\u0107i prona\u0107i te pobjedni\u010dke brojeve njema\u010dkog Lota ni na televiziji. Ako ih prona\u0111ete na bilo kojem od tih mjesta, trebat \u0107ete ulo\u017eiti pristojan napor kako biste do\u0161li do njih.<\/p>\n<p>Mo\u017eda biste razmislili o posjeti web stranici njema\u010dkog Lota. Ponekad te slu\u017ebene web stranice nude prijenose u\u017eivo kako biste mogli vidjeti rezultate dok se objavljuju. Me\u0111utim, nisu sve igre dostupne s ovom opcijom, pa biste se mogli na\u0107i bez mogu\u0107nosti pronalaska rezultata \u010dak i na slu\u017ebenoj stranici.<img decoding=\"async\" class=\"aligncenter\" src=\"https:\/\/redfoxlotto.com\/image?size=8&amp;lottery=lotto-6aus49\" alt=\"German Lotto 6aus49\" \/><\/p>\n<p>Tako\u0111er mo\u017eete provjeriti YouTube kako biste vidjeli je li netko objavio videozapis u\u017eivo izvla\u010denja ili \u010dak videozapis s rezultatima nakon \u0161to je izvla\u010denje ve\u0107 zavr\u0161ilo.<\/p>\n<p>Najjednostavniji na\u010din da dobijete rezultate koje tra\u017eite jest posjetiti na\u0161u web stranicu. Pomo\u0107i \u0107emo vam da prona\u0111ete rezultate za njema\u010dki Loto upravo na na\u0161oj stranici s rezultatima. Tamo \u0107emo podijeliti pobjedni\u010dke brojeve za sve lutrijske igre koje su dostupne na na\u0161oj web stranici.<\/p>\n<h2>Kako saznati je li va\u0161a internetska ulaznica dobitna<\/h2>\n<p><img loading=\"lazy\" decoding=\"async\" class=\"alignright size-medium wp-image-3593\" src=\"https:\/\/onlinelotto365.com\/wp-content\/uploads\/2020\/11\/online_lottery-39-300x150.jpg\" alt=\"Njema\u010dki Loto dobitni brojevi\" width=\"300\" height=\"150\" srcset=\"https:\/\/onlinelotto365.com\/wp-content\/uploads\/2020\/11\/online_lottery-39-300x150.jpg 300w, https:\/\/onlinelotto365.com\/wp-content\/uploads\/2020\/11\/online_lottery-39.jpg 490w\" sizes=\"auto, (max-width: 300px) 100vw, 300px\" \/><br \/>\nZa one koji su kod nas kupili ulaznice za njema\u010dki Loto, otkrit \u0107ete da je jo\u0161 lak\u0161e dobiti rezultate. To je zato \u0161to morate samo pogledati svoju korisni\u010dku stranicu. Kad tamo budete, mo\u0107i \u0107ete vidjeti ulaznice koje ste kupili za bilo koju od igara koje imamo dostupne. Zatim mo\u017eete provjeriti dobitne brojeve na istom mjestu. \u010cak \u0107emo i naglasiti brojeve koji se podudaraju s va\u0161im ulaznicama kako biste znali \u0161to ste osvojili. Ako osvojite manje od 2500 eura, brinut \u0107emo se o tome da vam to dodamo na ra\u010dun \u010dim brojevi budu slu\u017ebeno provjereni od strane igre. To je vrlo jednostavno za vas.<\/p>\n<h2>Arhiva rezultata njema\u010dkog Lota<\/h2>\n<p>Stranice na na\u0161oj web stranici koje sadr\u017ee najnovije brojeve njema\u010dkog Lota tako\u0111er \u0107e vam pokazati sve stare brojeve iz na\u0161e arhive. To je zato \u0161to znamo da mnogi ljudi \u017eele znati starije brojeve kako bi im pomogli odabrati brojeve koje \u017eele koristiti za svoje sljede\u0107e ulaznice. Stavljamo ih na svaku stranicu na kojoj se prikazuju novi brojevi.<\/p>\n<h2>Moja ulaznica je dobitna, \u0161to sada?<\/h2>\n<p>Ako ste osvojili njema\u010dki Loto i va\u0161a dobitna ulaznica vrijedi manje od 2500 eura, pobrinut \u0107emo se da vam taj novac dodamo na ra\u010dun \u010dim budu slu\u017ebeno provjereni svi brojevi. To zna\u010di da ne morate ni\u0161ta raditi. Ako je dobitna ulaznica vrijedna vi\u0161e od 2500 eura, morat \u0107ete ispuniti obrazac, ali mi \u0107emo vam i dalje pomo\u0107i u tom postupku. Zatim, ako na ra\u010dunu imate najmanje 10 eura, mo\u0107i \u0107ete povu\u0107i novac na bilo koji bankovni ili kreditni ra\u010dun koji ste ve\u0107 koristili s na\u0161om web stranicom. Ako niste ve\u0107 koristili ra\u010dun kod nas, ne\u0107ete mo\u0107i povu\u0107i novac na njega.<\/p>\n","protected":false},"excerpt":{"rendered":"<p>Me\u0111unarodne lutrijske igre mogu biti ne\u0161to te\u017ee pratiti jer mo\u017eda ne \u017eivite u istom podru\u010dju gdje se vr\u0161e izvla\u010denja. Mo\u017eda ne\u0107ete mo\u0107i provjeriti rezultate njema\u010dkog Lota u lokalnim novinama. Tako\u0111er, mo\u017eda ne\u0107ete mo\u0107i prona\u0107i te pobjedni\u010dke brojeve njema\u010dkog Lota ni na televiziji. Ako ih prona\u0111ete na bilo kojem od tih mjesta, trebat \u0107ete ulo\u017eiti pristojan [&hellip;]<\/p>\n","protected":false},"author":1,"featured_media":0,"parent":5822,"menu_order":11,"comment_status":"closed","ping_status":"closed","template":"lotto-german-results.php","meta":{"_et_pb_use_builder":"","_et_pb_old_content":"","_et_gb_content_width":"","exclude_from_search":false,"footnotes":""},"class_list":["post-84350","page","type-page","status-publish","hentry"],"yoast_head":"<!-- This site is optimized with the Yoast SEO plugin v23.4 - https:\/\/yoast.com\/wordpress\/plugins\/seo\/ -->\n<title>Dobitni brojevi Njema\u010dkog Lota | Rezultati izvla\u010denja i iznos dobitka za Njema\u010dki Loto<\/title>\n<meta name=\"description\" content=\"Ako \u017eelite prona\u0107i dobitne brojeve za Njema\u010dku Lutriju 6aus49, pogledajte ovdje!\" \/>\n<meta name=\"robots\" content=\"index, follow, max-snippet:-1, max-image-preview:large, max-video-preview:-1\" \/>\n<link rel=\"canonical\" href=\"https:\/\/onlinelotto365.com\/hr\/dobitni-brojevi\/pogledajte-pobjednicke-brojeve-njemackog-lotoa-ovdje\/\" \/>\n<meta property=\"og:locale\" content=\"hr_HR\" \/>\n<meta property=\"og:type\" content=\"article\" \/>\n<meta property=\"og:title\" content=\"Dobitni brojevi Njema\u010dkog Lota | Rezultati izvla\u010denja i iznos dobitka za Njema\u010dki Loto\" \/>\n<meta property=\"og:description\" content=\"Ako \u017eelite prona\u0107i dobitne brojeve za Njema\u010dku Lutriju 6aus49, pogledajte ovdje!\" \/>\n<meta property=\"og:url\" content=\"https:\/\/onlinelotto365.com\/hr\/dobitni-brojevi\/pogledajte-pobjednicke-brojeve-njemackog-lotoa-ovdje\/\" \/>\n<meta property=\"og:site_name\" content=\"OnlineLotto365\" \/>\n<meta property=\"og:image\" content=\"https:\/\/redfoxlotto.com\/image?size=8&amp;lottery=lotto-6aus49\" \/>\n<meta name=\"twitter:card\" content=\"summary_large_image\" \/>\n<meta name=\"twitter:label1\" content=\"Procijenjeno vrijeme \u010ditanja\" \/>\n\t<meta name=\"twitter:data1\" content=\"3 minute\" \/>\n<script type=\"application\/ld+json\" class=\"yoast-schema-graph\">{\"@context\":\"https:\/\/schema.org\",\"@graph\":[{\"@type\":\"WebPage\",\"@id\":\"https:\/\/onlinelotto365.com\/hr\/dobitni-brojevi\/pogledajte-pobjednicke-brojeve-njemackog-lotoa-ovdje\/\",\"url\":\"https:\/\/onlinelotto365.com\/hr\/dobitni-brojevi\/pogledajte-pobjednicke-brojeve-njemackog-lotoa-ovdje\/\",\"name\":\"Dobitni brojevi Njema\u010dkog Lota | Rezultati izvla\u010denja i iznos dobitka za Njema\u010dki Loto\",\"isPartOf\":{\"@id\":\"https:\/\/onlinelotto365.com\/hr\/#website\"},\"primaryImageOfPage\":{\"@id\":\"https:\/\/onlinelotto365.com\/hr\/dobitni-brojevi\/pogledajte-pobjednicke-brojeve-njemackog-lotoa-ovdje\/#primaryimage\"},\"image\":{\"@id\":\"https:\/\/onlinelotto365.com\/hr\/dobitni-brojevi\/pogledajte-pobjednicke-brojeve-njemackog-lotoa-ovdje\/#primaryimage\"},\"thumbnailUrl\":\"https:\/\/redfoxlotto.com\/image?size=8&amp;lottery=lotto-6aus49\",\"datePublished\":\"2023-10-03T03:57:47+00:00\",\"dateModified\":\"2023-10-03T03:57:47+00:00\",\"description\":\"Ako \u017eelite prona\u0107i dobitne brojeve za Njema\u010dku Lutriju 6aus49, pogledajte ovdje!\",\"breadcrumb\":{\"@id\":\"https:\/\/onlinelotto365.com\/hr\/dobitni-brojevi\/pogledajte-pobjednicke-brojeve-njemackog-lotoa-ovdje\/#breadcrumb\"},\"inLanguage\":\"hr\",\"potentialAction\":[{\"@type\":\"ReadAction\",\"target\":[\"https:\/\/onlinelotto365.com\/hr\/dobitni-brojevi\/pogledajte-pobjednicke-brojeve-njemackog-lotoa-ovdje\/\"]}]},{\"@type\":\"ImageObject\",\"inLanguage\":\"hr\",\"@id\":\"https:\/\/onlinelotto365.com\/hr\/dobitni-brojevi\/pogledajte-pobjednicke-brojeve-njemackog-lotoa-ovdje\/#primaryimage\",\"url\":\"https:\/\/redfoxlotto.com\/image?size=8&amp;lottery=lotto-6aus49\",\"contentUrl\":\"https:\/\/redfoxlotto.com\/image?size=8&amp;lottery=lotto-6aus49\"},{\"@type\":\"BreadcrumbList\",\"@id\":\"https:\/\/onlinelotto365.com\/hr\/dobitni-brojevi\/pogledajte-pobjednicke-brojeve-njemackog-lotoa-ovdje\/#breadcrumb\",\"itemListElement\":[{\"@type\":\"ListItem\",\"position\":1,\"name\":\"Home\",\"item\":\"https:\/\/onlinelotto365.com\/hr\/\"},{\"@type\":\"ListItem\",\"position\":2,\"name\":\"Svi rezultati me\u0111unarodnih lota\",\"item\":\"https:\/\/onlinelotto365.com\/hr\/dobitni-brojevi\/\"},{\"@type\":\"ListItem\",\"position\":3,\"name\":\"Pogledajte pobjedni\u010dke brojeve njema\u010dkog Lotoa ovdje.\"}]},{\"@type\":\"WebSite\",\"@id\":\"https:\/\/onlinelotto365.com\/hr\/#website\",\"url\":\"https:\/\/onlinelotto365.com\/hr\/\",\"name\":\"OnlineLotto365\",\"description\":\"\",\"potentialAction\":[{\"@type\":\"SearchAction\",\"target\":{\"@type\":\"EntryPoint\",\"urlTemplate\":\"https:\/\/onlinelotto365.com\/hr\/?s={search_term_string}\"},\"query-input\":{\"@type\":\"PropertyValueSpecification\",\"valueRequired\":true,\"valueName\":\"search_term_string\"}}],\"inLanguage\":\"hr\"}]}<\/script>\n<!-- \/ Yoast SEO plugin. -->","yoast_head_json":{"title":"Dobitni brojevi Njema\u010dkog Lota | Rezultati izvla\u010denja i iznos dobitka za Njema\u010dki Loto","description":"Ako \u017eelite prona\u0107i dobitne brojeve za Njema\u010dku Lutriju 6aus49, pogledajte ovdje!","robots":{"index":"index","follow":"follow","max-snippet":"max-snippet:-1","max-image-preview":"max-image-preview:large","max-video-preview":"max-video-preview:-1"},"canonical":"https:\/\/onlinelotto365.com\/hr\/dobitni-brojevi\/pogledajte-pobjednicke-brojeve-njemackog-lotoa-ovdje\/","og_locale":"hr_HR","og_type":"article","og_title":"Dobitni brojevi Njema\u010dkog Lota | Rezultati izvla\u010denja i iznos dobitka za Njema\u010dki Loto","og_description":"Ako \u017eelite prona\u0107i dobitne brojeve za Njema\u010dku Lutriju 6aus49, pogledajte ovdje!","og_url":"https:\/\/onlinelotto365.com\/hr\/dobitni-brojevi\/pogledajte-pobjednicke-brojeve-njemackog-lotoa-ovdje\/","og_site_name":"OnlineLotto365","og_image":[{"url":"https:\/\/redfoxlotto.com\/image?size=8&amp;lottery=lotto-6aus49"}],"twitter_card":"summary_large_image","twitter_misc":{"Procijenjeno vrijeme \u010ditanja":"3 minute"},"schema":{"@context":"https:\/\/schema.org","@graph":[{"@type":"WebPage","@id":"https:\/\/onlinelotto365.com\/hr\/dobitni-brojevi\/pogledajte-pobjednicke-brojeve-njemackog-lotoa-ovdje\/","url":"https:\/\/onlinelotto365.com\/hr\/dobitni-brojevi\/pogledajte-pobjednicke-brojeve-njemackog-lotoa-ovdje\/","name":"Dobitni brojevi Njema\u010dkog Lota | Rezultati izvla\u010denja i iznos dobitka za Njema\u010dki Loto","isPartOf":{"@id":"https:\/\/onlinelotto365.com\/hr\/#website"},"primaryImageOfPage":{"@id":"https:\/\/onlinelotto365.com\/hr\/dobitni-brojevi\/pogledajte-pobjednicke-brojeve-njemackog-lotoa-ovdje\/#primaryimage"},"image":{"@id":"https:\/\/onlinelotto365.com\/hr\/dobitni-brojevi\/pogledajte-pobjednicke-brojeve-njemackog-lotoa-ovdje\/#primaryimage"},"thumbnailUrl":"https:\/\/redfoxlotto.com\/image?size=8&amp;lottery=lotto-6aus49","datePublished":"2023-10-03T03:57:47+00:00","dateModified":"2023-10-03T03:57:47+00:00","description":"Ako \u017eelite prona\u0107i dobitne brojeve za Njema\u010dku Lutriju 6aus49, pogledajte ovdje!","breadcrumb":{"@id":"https:\/\/onlinelotto365.com\/hr\/dobitni-brojevi\/pogledajte-pobjednicke-brojeve-njemackog-lotoa-ovdje\/#breadcrumb"},"inLanguage":"hr","potentialAction":[{"@type":"ReadAction","target":["https:\/\/onlinelotto365.com\/hr\/dobitni-brojevi\/pogledajte-pobjednicke-brojeve-njemackog-lotoa-ovdje\/"]}]},{"@type":"ImageObject","inLanguage":"hr","@id":"https:\/\/onlinelotto365.com\/hr\/dobitni-brojevi\/pogledajte-pobjednicke-brojeve-njemackog-lotoa-ovdje\/#primaryimage","url":"https:\/\/redfoxlotto.com\/image?size=8&amp;lottery=lotto-6aus49","contentUrl":"https:\/\/redfoxlotto.com\/image?size=8&amp;lottery=lotto-6aus49"},{"@type":"BreadcrumbList","@id":"https:\/\/onlinelotto365.com\/hr\/dobitni-brojevi\/pogledajte-pobjednicke-brojeve-njemackog-lotoa-ovdje\/#breadcrumb","itemListElement":[{"@type":"ListItem","position":1,"name":"Home","item":"https:\/\/onlinelotto365.com\/hr\/"},{"@type":"ListItem","position":2,"name":"Svi rezultati me\u0111unarodnih lota","item":"https:\/\/onlinelotto365.com\/hr\/dobitni-brojevi\/"},{"@type":"ListItem","position":3,"name":"Pogledajte pobjedni\u010dke brojeve njema\u010dkog Lotoa ovdje."}]},{"@type":"WebSite","@id":"https:\/\/onlinelotto365.com\/hr\/#website","url":"https:\/\/onlinelotto365.com\/hr\/","name":"OnlineLotto365","description":"","potentialAction":[{"@type":"SearchAction","target":{"@type":"EntryPoint","urlTemplate":"https:\/\/onlinelotto365.com\/hr\/?s={search_term_string}"},"query-input":{"@type":"PropertyValueSpecification","valueRequired":true,"valueName":"search_term_string"}}],"inLanguage":"hr"}]}},"_links":{"self":[{"href":"https:\/\/onlinelotto365.com\/hr\/wp-json\/wp\/v2\/pages\/84350","targetHints":{"allow":["GET"]}}],"collection":[{"href":"https:\/\/onlinelotto365.com\/hr\/wp-json\/wp\/v2\/pages"}],"about":[{"href":"https:\/\/onlinelotto365.com\/hr\/wp-json\/wp\/v2\/types\/page"}],"author":[{"embeddable":true,"href":"https:\/\/onlinelotto365.com\/hr\/wp-json\/wp\/v2\/users\/1"}],"replies":[{"embeddable":true,"href":"https:\/\/onlinelotto365.com\/hr\/wp-json\/wp\/v2\/comments?post=84350"}],"version-history":[{"count":0,"href":"https:\/\/onlinelotto365.com\/hr\/wp-json\/wp\/v2\/pages\/84350\/revisions"}],"up":[{"embeddable":true,"href":"https:\/\/onlinelotto365.com\/hr\/wp-json\/wp\/v2\/pages\/5822"}],"wp:attachment":[{"href":"https:\/\/onlinelotto365.com\/hr\/wp-json\/wp\/v2\/media?parent=84350"}],"curies":[{"name":"wp","href":"https:\/\/api.w.org\/{rel}","templated":true}]}}