{"id":84358,"date":"2023-10-03T05:46:56","date_gmt":"2023-10-03T04:46:56","guid":{"rendered":"https:\/\/onlinelotto365.com\/dobitni-brojevi\/mega-sena-iz-brazila-najnoviji-dobitni-brojevi"},"modified":"2023-10-03T05:46:56","modified_gmt":"2023-10-03T04:46:56","slug":"mega-sena-iz-brazila-najnoviji-dobitni-brojevi","status":"publish","type":"page","link":"https:\/\/onlinelotto365.com\/hr\/dobitni-brojevi\/mega-sena-iz-brazila-najnoviji-dobitni-brojevi\/","title":{"rendered":"Mega-Sena iz Brazila &#8211; najnoviji dobitni brojevi"},"content":{"rendered":"<p>Postoji mnogo razli\u010ditih igara i \u017eelite se osigurati da mo\u017eete \u0161to prije prona\u0107i dobitne brojeve. Pa, to je mogu\u0107e na nekoliko razli\u010ditih na\u010dina, ako znate gdje tra\u017eiti. Ponekad su dobitni brojevi dostupni u novinama ako \u017eivite u podru\u010dju gdje se igra lokalna igra. To mo\u017ee zna\u010diti da rezultati Mega-Sene nisu dostupni u va\u0161em podru\u010dju. Tako\u0111er, neka podru\u010dja prikazuju dobitne brojeve na televiziji, \u0161to \u0107e se dogoditi samo ako \u017eivite u odre\u0111enim podru\u010djima.<img decoding=\"async\" class=\"aligncenter\" src=\"https:\/\/redfoxlotto.com\/image?size=8&amp;lottery=mega-sena\" alt=\"mega-sena\" \/><\/p>\n<p>Druga opcija je pogledati web stranicu lutrije Mega-Sena da biste vidjeli imaju li prijenos u\u017eivo kada se igra izvla\u010di. Ne sve igre to rade, ali za one koje to rade, to mo\u017ee biti uzbudljivo iskustvo za svakoga tko gleda. Pogotovo ako stvarno jeste dobitnik i gledate kako se va\u0161i brojevi izvla\u010de.<\/p>\n<p>Tu je i opcija da odete na YouTube. Ponekad ljudi postavljaju u\u017eivo videozapise izvla\u010denja na mre\u017eu i mo\u017eda \u0107ete mo\u0107i vidjeti najnovije izvla\u010denje Mega Sene.<\/p>\n<p>Najlak\u0161i na\u010din za vas da prona\u0111ete dobitne brojeve, me\u0111utim, bit \u0107e provjera na\u0161e web stranice. Mo\u017eemo vam omogu\u0107iti pristup svim dobitnim brojevima za Mega Senu, kao i za bilo koju drugu igru koju \u017eelite, a koju imamo dostupnu. To vam olak\u0161ava pronala\u017eenje \u017eeljenih rezultata.<\/p>\n<h2>Kako saznati je li va\u0161a internetska ulaznica dobitna<\/h2>\n<p><img loading=\"lazy\" decoding=\"async\" class=\"alignright wp-image-3640\" src=\"https:\/\/onlinelotto365.com\/wp-content\/uploads\/2020\/11\/lottery_balls1-300x160.jpg\" alt=\"Rezultati Mega-Sene\" width=\"249\" height=\"133\" srcset=\"https:\/\/onlinelotto365.com\/wp-content\/uploads\/2020\/11\/lottery_balls1-300x160.jpg 300w, https:\/\/onlinelotto365.com\/wp-content\/uploads\/2020\/11\/lottery_balls1.jpg 472w\" sizes=\"auto, (max-width: 249px) 100vw, 249px\" \/><br \/>\nJo\u0161 bolje, mo\u017eete se izravno prijaviti na svoj ra\u010dun i prona\u0107i rezultate bilo koje igre za koju ste kupili ulaznice. Samo idete na odjeljak web stranice na kojem su pohranjene va\u0161e ulaznice i mo\u017eete prona\u0107i dobitne brojeve koji se odnose na te ulaznice.<\/p>\n<p>Tada mo\u017eete vidjeti i koji su dobitni brojevi koji se podudaraju s va\u0161im trenuta\u010dnim brojevima kako biste vidjeli koliko ste ve\u0107 osvojili. Ako je manje od 2500 eura, pobrinut \u0107emo se da taj novac stavimo izravno na va\u0161 ra\u010dun kako biste ga mogli po\u010deti tro\u0161iti ili ga povu\u0107i na svoj vlastiti ra\u010dun. Sve \u0161to morate u\u010diniti je osigurati se da novac povu\u010dete na ra\u010dun koji ste ve\u0107 koristili s nama.<\/p>\n<h2>Arhiva rezultata Mega-Sene<\/h2>\n<p>Za one koji \u017eele pristup starijim brojevima za Mega-Senu, trebali biste pa\u017eljivo pogledati web stranice koje ve\u0107 nude najnovije brojeve. Tamo mo\u017eete prona\u0107i sve stare brojeve tako da se ne morate brinuti zbog propu\u0161tanja nekih od najboljih informacija za odabir va\u0161eg sljede\u0107eg skupa brojeva.<\/p>\n","protected":false},"excerpt":{"rendered":"<p>Postoji mnogo razli\u010ditih igara i \u017eelite se osigurati da mo\u017eete \u0161to prije prona\u0107i dobitne brojeve. Pa, to je mogu\u0107e na nekoliko razli\u010ditih na\u010dina, ako znate gdje tra\u017eiti. Ponekad su dobitni brojevi dostupni u novinama ako \u017eivite u podru\u010dju gdje se igra lokalna igra. To mo\u017ee zna\u010diti da rezultati Mega-Sene nisu dostupni u va\u0161em podru\u010dju. Tako\u0111er, [&hellip;]<\/p>\n","protected":false},"author":1,"featured_media":0,"parent":5822,"menu_order":12,"comment_status":"closed","ping_status":"closed","template":"megasena-results.php","meta":{"_et_pb_use_builder":"","_et_pb_old_content":"","_et_gb_content_width":"","exclude_from_search":false,"footnotes":""},"class_list":["post-84358","page","type-page","status-publish","hentry"],"yoast_head":"<!-- This site is optimized with the Yoast SEO plugin v23.4 - https:\/\/yoast.com\/wordpress\/plugins\/seo\/ -->\n<title>Najnoviji rezultati izvla\u010denja i nagrade za Mega-Senu<\/title>\n<meta name=\"description\" content=\"Rezultati za Mega-Senu u Brazilu i mnoge druge svjetske lutrije mogu se prona\u0107i ovdje.\" \/>\n<meta name=\"robots\" content=\"index, follow, max-snippet:-1, max-image-preview:large, max-video-preview:-1\" \/>\n<link rel=\"canonical\" href=\"https:\/\/onlinelotto365.com\/hr\/dobitni-brojevi\/mega-sena-iz-brazila-najnoviji-dobitni-brojevi\/\" \/>\n<meta property=\"og:locale\" content=\"hr_HR\" \/>\n<meta property=\"og:type\" content=\"article\" \/>\n<meta property=\"og:title\" content=\"Najnoviji rezultati izvla\u010denja i nagrade za Mega-Senu\" \/>\n<meta property=\"og:description\" content=\"Rezultati za Mega-Senu u Brazilu i mnoge druge svjetske lutrije mogu se prona\u0107i ovdje.\" \/>\n<meta property=\"og:url\" content=\"https:\/\/onlinelotto365.com\/hr\/dobitni-brojevi\/mega-sena-iz-brazila-najnoviji-dobitni-brojevi\/\" \/>\n<meta property=\"og:site_name\" content=\"OnlineLotto365\" \/>\n<meta property=\"og:image\" content=\"https:\/\/redfoxlotto.com\/image?size=8&amp;lottery=mega-sena\" \/>\n<meta name=\"twitter:card\" content=\"summary_large_image\" \/>\n<meta name=\"twitter:label1\" content=\"Procijenjeno vrijeme \u010ditanja\" \/>\n\t<meta name=\"twitter:data1\" content=\"2 minute\" \/>\n<script type=\"application\/ld+json\" class=\"yoast-schema-graph\">{\"@context\":\"https:\/\/schema.org\",\"@graph\":[{\"@type\":\"WebPage\",\"@id\":\"https:\/\/onlinelotto365.com\/hr\/dobitni-brojevi\/mega-sena-iz-brazila-najnoviji-dobitni-brojevi\/\",\"url\":\"https:\/\/onlinelotto365.com\/hr\/dobitni-brojevi\/mega-sena-iz-brazila-najnoviji-dobitni-brojevi\/\",\"name\":\"Najnoviji rezultati izvla\u010denja i nagrade za Mega-Senu\",\"isPartOf\":{\"@id\":\"https:\/\/onlinelotto365.com\/hr\/#website\"},\"primaryImageOfPage\":{\"@id\":\"https:\/\/onlinelotto365.com\/hr\/dobitni-brojevi\/mega-sena-iz-brazila-najnoviji-dobitni-brojevi\/#primaryimage\"},\"image\":{\"@id\":\"https:\/\/onlinelotto365.com\/hr\/dobitni-brojevi\/mega-sena-iz-brazila-najnoviji-dobitni-brojevi\/#primaryimage\"},\"thumbnailUrl\":\"https:\/\/redfoxlotto.com\/image?size=8&amp;lottery=mega-sena\",\"datePublished\":\"2023-10-03T04:46:56+00:00\",\"dateModified\":\"2023-10-03T04:46:56+00:00\",\"description\":\"Rezultati za Mega-Senu u Brazilu i mnoge druge svjetske lutrije mogu se prona\u0107i ovdje.\",\"breadcrumb\":{\"@id\":\"https:\/\/onlinelotto365.com\/hr\/dobitni-brojevi\/mega-sena-iz-brazila-najnoviji-dobitni-brojevi\/#breadcrumb\"},\"inLanguage\":\"hr\",\"potentialAction\":[{\"@type\":\"ReadAction\",\"target\":[\"https:\/\/onlinelotto365.com\/hr\/dobitni-brojevi\/mega-sena-iz-brazila-najnoviji-dobitni-brojevi\/\"]}]},{\"@type\":\"ImageObject\",\"inLanguage\":\"hr\",\"@id\":\"https:\/\/onlinelotto365.com\/hr\/dobitni-brojevi\/mega-sena-iz-brazila-najnoviji-dobitni-brojevi\/#primaryimage\",\"url\":\"https:\/\/redfoxlotto.com\/image?size=8&amp;lottery=mega-sena\",\"contentUrl\":\"https:\/\/redfoxlotto.com\/image?size=8&amp;lottery=mega-sena\"},{\"@type\":\"BreadcrumbList\",\"@id\":\"https:\/\/onlinelotto365.com\/hr\/dobitni-brojevi\/mega-sena-iz-brazila-najnoviji-dobitni-brojevi\/#breadcrumb\",\"itemListElement\":[{\"@type\":\"ListItem\",\"position\":1,\"name\":\"Home\",\"item\":\"https:\/\/onlinelotto365.com\/hr\/\"},{\"@type\":\"ListItem\",\"position\":2,\"name\":\"Svi rezultati me\u0111unarodnih lota\",\"item\":\"https:\/\/onlinelotto365.com\/hr\/dobitni-brojevi\/\"},{\"@type\":\"ListItem\",\"position\":3,\"name\":\"Mega-Sena iz Brazila &#8211; najnoviji dobitni brojevi\"}]},{\"@type\":\"WebSite\",\"@id\":\"https:\/\/onlinelotto365.com\/hr\/#website\",\"url\":\"https:\/\/onlinelotto365.com\/hr\/\",\"name\":\"OnlineLotto365\",\"description\":\"\",\"potentialAction\":[{\"@type\":\"SearchAction\",\"target\":{\"@type\":\"EntryPoint\",\"urlTemplate\":\"https:\/\/onlinelotto365.com\/hr\/?s={search_term_string}\"},\"query-input\":{\"@type\":\"PropertyValueSpecification\",\"valueRequired\":true,\"valueName\":\"search_term_string\"}}],\"inLanguage\":\"hr\"}]}<\/script>\n<!-- \/ Yoast SEO plugin. -->","yoast_head_json":{"title":"Najnoviji rezultati izvla\u010denja i nagrade za Mega-Senu","description":"Rezultati za Mega-Senu u Brazilu i mnoge druge svjetske lutrije mogu se prona\u0107i ovdje.","robots":{"index":"index","follow":"follow","max-snippet":"max-snippet:-1","max-image-preview":"max-image-preview:large","max-video-preview":"max-video-preview:-1"},"canonical":"https:\/\/onlinelotto365.com\/hr\/dobitni-brojevi\/mega-sena-iz-brazila-najnoviji-dobitni-brojevi\/","og_locale":"hr_HR","og_type":"article","og_title":"Najnoviji rezultati izvla\u010denja i nagrade za Mega-Senu","og_description":"Rezultati za Mega-Senu u Brazilu i mnoge druge svjetske lutrije mogu se prona\u0107i ovdje.","og_url":"https:\/\/onlinelotto365.com\/hr\/dobitni-brojevi\/mega-sena-iz-brazila-najnoviji-dobitni-brojevi\/","og_site_name":"OnlineLotto365","og_image":[{"url":"https:\/\/redfoxlotto.com\/image?size=8&amp;lottery=mega-sena"}],"twitter_card":"summary_large_image","twitter_misc":{"Procijenjeno vrijeme \u010ditanja":"2 minute"},"schema":{"@context":"https:\/\/schema.org","@graph":[{"@type":"WebPage","@id":"https:\/\/onlinelotto365.com\/hr\/dobitni-brojevi\/mega-sena-iz-brazila-najnoviji-dobitni-brojevi\/","url":"https:\/\/onlinelotto365.com\/hr\/dobitni-brojevi\/mega-sena-iz-brazila-najnoviji-dobitni-brojevi\/","name":"Najnoviji rezultati izvla\u010denja i nagrade za Mega-Senu","isPartOf":{"@id":"https:\/\/onlinelotto365.com\/hr\/#website"},"primaryImageOfPage":{"@id":"https:\/\/onlinelotto365.com\/hr\/dobitni-brojevi\/mega-sena-iz-brazila-najnoviji-dobitni-brojevi\/#primaryimage"},"image":{"@id":"https:\/\/onlinelotto365.com\/hr\/dobitni-brojevi\/mega-sena-iz-brazila-najnoviji-dobitni-brojevi\/#primaryimage"},"thumbnailUrl":"https:\/\/redfoxlotto.com\/image?size=8&amp;lottery=mega-sena","datePublished":"2023-10-03T04:46:56+00:00","dateModified":"2023-10-03T04:46:56+00:00","description":"Rezultati za Mega-Senu u Brazilu i mnoge druge svjetske lutrije mogu se prona\u0107i ovdje.","breadcrumb":{"@id":"https:\/\/onlinelotto365.com\/hr\/dobitni-brojevi\/mega-sena-iz-brazila-najnoviji-dobitni-brojevi\/#breadcrumb"},"inLanguage":"hr","potentialAction":[{"@type":"ReadAction","target":["https:\/\/onlinelotto365.com\/hr\/dobitni-brojevi\/mega-sena-iz-brazila-najnoviji-dobitni-brojevi\/"]}]},{"@type":"ImageObject","inLanguage":"hr","@id":"https:\/\/onlinelotto365.com\/hr\/dobitni-brojevi\/mega-sena-iz-brazila-najnoviji-dobitni-brojevi\/#primaryimage","url":"https:\/\/redfoxlotto.com\/image?size=8&amp;lottery=mega-sena","contentUrl":"https:\/\/redfoxlotto.com\/image?size=8&amp;lottery=mega-sena"},{"@type":"BreadcrumbList","@id":"https:\/\/onlinelotto365.com\/hr\/dobitni-brojevi\/mega-sena-iz-brazila-najnoviji-dobitni-brojevi\/#breadcrumb","itemListElement":[{"@type":"ListItem","position":1,"name":"Home","item":"https:\/\/onlinelotto365.com\/hr\/"},{"@type":"ListItem","position":2,"name":"Svi rezultati me\u0111unarodnih lota","item":"https:\/\/onlinelotto365.com\/hr\/dobitni-brojevi\/"},{"@type":"ListItem","position":3,"name":"Mega-Sena iz Brazila &#8211; najnoviji dobitni brojevi"}]},{"@type":"WebSite","@id":"https:\/\/onlinelotto365.com\/hr\/#website","url":"https:\/\/onlinelotto365.com\/hr\/","name":"OnlineLotto365","description":"","potentialAction":[{"@type":"SearchAction","target":{"@type":"EntryPoint","urlTemplate":"https:\/\/onlinelotto365.com\/hr\/?s={search_term_string}"},"query-input":{"@type":"PropertyValueSpecification","valueRequired":true,"valueName":"search_term_string"}}],"inLanguage":"hr"}]}},"_links":{"self":[{"href":"https:\/\/onlinelotto365.com\/hr\/wp-json\/wp\/v2\/pages\/84358","targetHints":{"allow":["GET"]}}],"collection":[{"href":"https:\/\/onlinelotto365.com\/hr\/wp-json\/wp\/v2\/pages"}],"about":[{"href":"https:\/\/onlinelotto365.com\/hr\/wp-json\/wp\/v2\/types\/page"}],"author":[{"embeddable":true,"href":"https:\/\/onlinelotto365.com\/hr\/wp-json\/wp\/v2\/users\/1"}],"replies":[{"embeddable":true,"href":"https:\/\/onlinelotto365.com\/hr\/wp-json\/wp\/v2\/comments?post=84358"}],"version-history":[{"count":0,"href":"https:\/\/onlinelotto365.com\/hr\/wp-json\/wp\/v2\/pages\/84358\/revisions"}],"up":[{"embeddable":true,"href":"https:\/\/onlinelotto365.com\/hr\/wp-json\/wp\/v2\/pages\/5822"}],"wp:attachment":[{"href":"https:\/\/onlinelotto365.com\/hr\/wp-json\/wp\/v2\/media?parent=84358"}],"curies":[{"name":"wp","href":"https:\/\/api.w.org\/{rel}","templated":true}]}}