{"id":84366,"date":"2023-10-03T06:27:40","date_gmt":"2023-10-03T05:27:40","guid":{"rendered":"https:\/\/onlinelotto365.com\/dobitni-brojevi\/powerball-australija-najnoviji-i-prethodni-dobitni-brojevi-rezultati"},"modified":"2023-10-03T06:27:40","modified_gmt":"2023-10-03T05:27:40","slug":"powerball-australija-najnoviji-i-prethodni-dobitni-brojevi-rezultati","status":"publish","type":"page","link":"https:\/\/onlinelotto365.com\/hr\/dobitni-brojevi\/powerball-australija-najnoviji-i-prethodni-dobitni-brojevi-rezultati\/","title":{"rendered":"Powerball Australija &#8211; najnoviji i prethodni dobitni brojevi, rezultati"},"content":{"rendered":"<p>S me\u0111unarodnim lutrijama, mo\u017eete poku\u0161ati provjeriti rezultate u novinama, ali malo je vjerojatno da \u0107ete prona\u0107i dobitne brojeve za Powerball Australija u svojim lokalnim novinama. Tako\u0111er ih mo\u017eda ne\u0107ete prona\u0107i ni na jednom od lokalnih TV kanala. Ako ih i prona\u0111ete, bit \u0107e potrebno neko vrijeme i truda da biste prona\u0161li pravi kanal.<\/p>\n<p>Druga opcija je provjeriti web stranicu Powerball Australija kako biste vidjeli nude li opciju prijenosa u\u017eivo. Ako to nude, mo\u017eda \u0107ete mo\u0107i pratiti izvla\u010denje i u\u017eivati u gledanju kako se va\u0161i brojevi izvla\u010de u\u017eivo. Me\u0111utim, nisu sve igre dostupne s tom opcijom, pa se mo\u017eda ne\u0107ete mo\u0107i ni priklju\u010diti tom iskustvu. Tako\u0111er mo\u017eete provjeriti na YouTubeu postoji li snimka u\u017eivo izvla\u010denja za Powerball Australija. To bi mogao biti dobar na\u010din da prona\u0111ete rezultate nakon \u0161to je izvla\u010denje ve\u0107 zavr\u0161eno.<img decoding=\"async\" class=\"aligncenter\" src=\"https:\/\/redfoxlotto.com\/image?size=8&amp;lottery=powerball-au\" alt=\"Powerball Australija\" \/><\/p>\n<p>Najbolji na\u010din da prona\u0111ete rezultate za Powerball Australija, me\u0111utim, je da provjerite na\u0161u web stranicu. Na njoj \u0107ete mo\u0107i prona\u0107i rezultate za ovu i sve ostale igre koje imamo dostupne, tako da se ne morate brinuti da \u0107ete \u0161to propustiti.<\/p>\n<h2>Kako saznati je li va\u0161 online tiket dobitan<\/h2>\n<p>A \u0161to ako ste ve\u0107 kupili vlastite tikete za Powerball Australija? Pa, onda je jo\u0161 lak\u0161e provjeriti dobitne brojeve. Umjesto da provjeravate obi\u010dnu stranicu s rezultatima lutrije, mo\u017eete provjeriti stranicu sa tiketima na svom ra\u010dunu. To \u0107e vam omogu\u0107iti da vidite dobitne brojeve u usporedbi s va\u0161im vlastitim, \u0161to \u0107e biti jo\u0161 bolje za va\u0161e potrebe.<\/p>\n<p>Mo\u017eete tra\u017eiti bilo koje brojeve na svom tiketu koji su ozna\u010deni, \u0161to zna\u010di da se podudaraju s dobitnim brojevima. Zatim mo\u017eete vidjeti koliko ste to\u010dno osvojili. Ako je manje od 2500 \u20ac, bit \u0107e vam automatski dodijeljeno na va\u0161 ra\u010dun.<\/p>\n<h2>Arhiva rezultata Powerball Australija<\/h2>\n<p>Na na\u0161oj web stranici olak\u0161avamo vam provjeru ne samo trenutnih brojeva lutrije za Powerball Australija i vi\u0161e, ve\u0107 i starih brojeva. Jedan od najpopularnijih na\u010dina kako ljudi biraju svoje brojeve je gledaju\u0107i neke od starijih brojeva, pa se pobrinemo da te brojeve mo\u017eete prona\u0107i na svakoj stranici na kojoj nudimo trenutne dobitne brojeve.<\/p>\n<p>Ako je va\u0161 tiket dobitan, samo se opustite i pustite nas da vam pomognemo dobiti novac na koji imate pravo. Ako osvojite manje od 2500 \u20ac, bit \u0107e vam automatski dodijeljen na va\u0161 igra\u010dki ra\u010dun \u010dim se rezultati provjere. Zatim \u0107ete mo\u0107i povu\u0107i novac ako na svom ra\u010dunu imate barem 10 \u20ac.<\/p>\n","protected":false},"excerpt":{"rendered":"<p>S me\u0111unarodnim lutrijama, mo\u017eete poku\u0161ati provjeriti rezultate u novinama, ali malo je vjerojatno da \u0107ete prona\u0107i dobitne brojeve za Powerball Australija u svojim lokalnim novinama. Tako\u0111er ih mo\u017eda ne\u0107ete prona\u0107i ni na jednom od lokalnih TV kanala. Ako ih i prona\u0111ete, bit \u0107e potrebno neko vrijeme i truda da biste prona\u0161li pravi kanal. Druga opcija [&hellip;]<\/p>\n","protected":false},"author":1,"featured_media":0,"parent":5822,"menu_order":13,"comment_status":"closed","ping_status":"closed","template":"powerball-au-results.php","meta":{"_et_pb_use_builder":"","_et_pb_old_content":"","_et_gb_content_width":"","exclude_from_search":false,"footnotes":""},"class_list":["post-84366","page","type-page","status-publish","hentry"],"yoast_head":"<!-- This site is optimized with the Yoast SEO plugin v23.4 - https:\/\/yoast.com\/wordpress\/plugins\/seo\/ -->\n<title>Najnoviji i prethodni rezultati izvla\u010denja i dobitni brojevi za Powerball Australija<\/title>\n<meta name=\"description\" content=\"Objavljujemo dobitne brojeve za Powerball Australija odmah nakon izvla\u010denja.\" \/>\n<meta name=\"robots\" content=\"index, follow, max-snippet:-1, max-image-preview:large, max-video-preview:-1\" \/>\n<link rel=\"canonical\" href=\"https:\/\/onlinelotto365.com\/hr\/dobitni-brojevi\/powerball-australija-najnoviji-i-prethodni-dobitni-brojevi-rezultati\/\" \/>\n<meta property=\"og:locale\" content=\"hr_HR\" \/>\n<meta property=\"og:type\" content=\"article\" \/>\n<meta property=\"og:title\" content=\"Najnoviji i prethodni rezultati izvla\u010denja i dobitni brojevi za Powerball Australija\" \/>\n<meta property=\"og:description\" content=\"Objavljujemo dobitne brojeve za Powerball Australija odmah nakon izvla\u010denja.\" \/>\n<meta property=\"og:url\" content=\"https:\/\/onlinelotto365.com\/hr\/dobitni-brojevi\/powerball-australija-najnoviji-i-prethodni-dobitni-brojevi-rezultati\/\" \/>\n<meta property=\"og:site_name\" content=\"OnlineLotto365\" \/>\n<meta property=\"og:image\" content=\"https:\/\/redfoxlotto.com\/image?size=8&amp;lottery=powerball-au\" \/>\n<meta name=\"twitter:card\" content=\"summary_large_image\" \/>\n<meta name=\"twitter:label1\" content=\"Procijenjeno vrijeme \u010ditanja\" \/>\n\t<meta name=\"twitter:data1\" content=\"2 minute\" \/>\n<script type=\"application\/ld+json\" class=\"yoast-schema-graph\">{\"@context\":\"https:\/\/schema.org\",\"@graph\":[{\"@type\":\"WebPage\",\"@id\":\"https:\/\/onlinelotto365.com\/hr\/dobitni-brojevi\/powerball-australija-najnoviji-i-prethodni-dobitni-brojevi-rezultati\/\",\"url\":\"https:\/\/onlinelotto365.com\/hr\/dobitni-brojevi\/powerball-australija-najnoviji-i-prethodni-dobitni-brojevi-rezultati\/\",\"name\":\"Najnoviji i prethodni rezultati izvla\u010denja i dobitni brojevi za Powerball Australija\",\"isPartOf\":{\"@id\":\"https:\/\/onlinelotto365.com\/hr\/#website\"},\"primaryImageOfPage\":{\"@id\":\"https:\/\/onlinelotto365.com\/hr\/dobitni-brojevi\/powerball-australija-najnoviji-i-prethodni-dobitni-brojevi-rezultati\/#primaryimage\"},\"image\":{\"@id\":\"https:\/\/onlinelotto365.com\/hr\/dobitni-brojevi\/powerball-australija-najnoviji-i-prethodni-dobitni-brojevi-rezultati\/#primaryimage\"},\"thumbnailUrl\":\"https:\/\/redfoxlotto.com\/image?size=8&amp;lottery=powerball-au\",\"datePublished\":\"2023-10-03T05:27:40+00:00\",\"dateModified\":\"2023-10-03T05:27:40+00:00\",\"description\":\"Objavljujemo dobitne brojeve za Powerball Australija odmah nakon izvla\u010denja.\",\"breadcrumb\":{\"@id\":\"https:\/\/onlinelotto365.com\/hr\/dobitni-brojevi\/powerball-australija-najnoviji-i-prethodni-dobitni-brojevi-rezultati\/#breadcrumb\"},\"inLanguage\":\"hr\",\"potentialAction\":[{\"@type\":\"ReadAction\",\"target\":[\"https:\/\/onlinelotto365.com\/hr\/dobitni-brojevi\/powerball-australija-najnoviji-i-prethodni-dobitni-brojevi-rezultati\/\"]}]},{\"@type\":\"ImageObject\",\"inLanguage\":\"hr\",\"@id\":\"https:\/\/onlinelotto365.com\/hr\/dobitni-brojevi\/powerball-australija-najnoviji-i-prethodni-dobitni-brojevi-rezultati\/#primaryimage\",\"url\":\"https:\/\/redfoxlotto.com\/image?size=8&amp;lottery=powerball-au\",\"contentUrl\":\"https:\/\/redfoxlotto.com\/image?size=8&amp;lottery=powerball-au\"},{\"@type\":\"BreadcrumbList\",\"@id\":\"https:\/\/onlinelotto365.com\/hr\/dobitni-brojevi\/powerball-australija-najnoviji-i-prethodni-dobitni-brojevi-rezultati\/#breadcrumb\",\"itemListElement\":[{\"@type\":\"ListItem\",\"position\":1,\"name\":\"Home\",\"item\":\"https:\/\/onlinelotto365.com\/hr\/\"},{\"@type\":\"ListItem\",\"position\":2,\"name\":\"Svi rezultati me\u0111unarodnih lota\",\"item\":\"https:\/\/onlinelotto365.com\/hr\/dobitni-brojevi\/\"},{\"@type\":\"ListItem\",\"position\":3,\"name\":\"Powerball Australija &#8211; najnoviji i prethodni dobitni brojevi, rezultati\"}]},{\"@type\":\"WebSite\",\"@id\":\"https:\/\/onlinelotto365.com\/hr\/#website\",\"url\":\"https:\/\/onlinelotto365.com\/hr\/\",\"name\":\"OnlineLotto365\",\"description\":\"\",\"potentialAction\":[{\"@type\":\"SearchAction\",\"target\":{\"@type\":\"EntryPoint\",\"urlTemplate\":\"https:\/\/onlinelotto365.com\/hr\/?s={search_term_string}\"},\"query-input\":{\"@type\":\"PropertyValueSpecification\",\"valueRequired\":true,\"valueName\":\"search_term_string\"}}],\"inLanguage\":\"hr\"}]}<\/script>\n<!-- \/ Yoast SEO plugin. -->","yoast_head_json":{"title":"Najnoviji i prethodni rezultati izvla\u010denja i dobitni brojevi za Powerball Australija","description":"Objavljujemo dobitne brojeve za Powerball Australija odmah nakon izvla\u010denja.","robots":{"index":"index","follow":"follow","max-snippet":"max-snippet:-1","max-image-preview":"max-image-preview:large","max-video-preview":"max-video-preview:-1"},"canonical":"https:\/\/onlinelotto365.com\/hr\/dobitni-brojevi\/powerball-australija-najnoviji-i-prethodni-dobitni-brojevi-rezultati\/","og_locale":"hr_HR","og_type":"article","og_title":"Najnoviji i prethodni rezultati izvla\u010denja i dobitni brojevi za Powerball Australija","og_description":"Objavljujemo dobitne brojeve za Powerball Australija odmah nakon izvla\u010denja.","og_url":"https:\/\/onlinelotto365.com\/hr\/dobitni-brojevi\/powerball-australija-najnoviji-i-prethodni-dobitni-brojevi-rezultati\/","og_site_name":"OnlineLotto365","og_image":[{"url":"https:\/\/redfoxlotto.com\/image?size=8&amp;lottery=powerball-au"}],"twitter_card":"summary_large_image","twitter_misc":{"Procijenjeno vrijeme \u010ditanja":"2 minute"},"schema":{"@context":"https:\/\/schema.org","@graph":[{"@type":"WebPage","@id":"https:\/\/onlinelotto365.com\/hr\/dobitni-brojevi\/powerball-australija-najnoviji-i-prethodni-dobitni-brojevi-rezultati\/","url":"https:\/\/onlinelotto365.com\/hr\/dobitni-brojevi\/powerball-australija-najnoviji-i-prethodni-dobitni-brojevi-rezultati\/","name":"Najnoviji i prethodni rezultati izvla\u010denja i dobitni brojevi za Powerball Australija","isPartOf":{"@id":"https:\/\/onlinelotto365.com\/hr\/#website"},"primaryImageOfPage":{"@id":"https:\/\/onlinelotto365.com\/hr\/dobitni-brojevi\/powerball-australija-najnoviji-i-prethodni-dobitni-brojevi-rezultati\/#primaryimage"},"image":{"@id":"https:\/\/onlinelotto365.com\/hr\/dobitni-brojevi\/powerball-australija-najnoviji-i-prethodni-dobitni-brojevi-rezultati\/#primaryimage"},"thumbnailUrl":"https:\/\/redfoxlotto.com\/image?size=8&amp;lottery=powerball-au","datePublished":"2023-10-03T05:27:40+00:00","dateModified":"2023-10-03T05:27:40+00:00","description":"Objavljujemo dobitne brojeve za Powerball Australija odmah nakon izvla\u010denja.","breadcrumb":{"@id":"https:\/\/onlinelotto365.com\/hr\/dobitni-brojevi\/powerball-australija-najnoviji-i-prethodni-dobitni-brojevi-rezultati\/#breadcrumb"},"inLanguage":"hr","potentialAction":[{"@type":"ReadAction","target":["https:\/\/onlinelotto365.com\/hr\/dobitni-brojevi\/powerball-australija-najnoviji-i-prethodni-dobitni-brojevi-rezultati\/"]}]},{"@type":"ImageObject","inLanguage":"hr","@id":"https:\/\/onlinelotto365.com\/hr\/dobitni-brojevi\/powerball-australija-najnoviji-i-prethodni-dobitni-brojevi-rezultati\/#primaryimage","url":"https:\/\/redfoxlotto.com\/image?size=8&amp;lottery=powerball-au","contentUrl":"https:\/\/redfoxlotto.com\/image?size=8&amp;lottery=powerball-au"},{"@type":"BreadcrumbList","@id":"https:\/\/onlinelotto365.com\/hr\/dobitni-brojevi\/powerball-australija-najnoviji-i-prethodni-dobitni-brojevi-rezultati\/#breadcrumb","itemListElement":[{"@type":"ListItem","position":1,"name":"Home","item":"https:\/\/onlinelotto365.com\/hr\/"},{"@type":"ListItem","position":2,"name":"Svi rezultati me\u0111unarodnih lota","item":"https:\/\/onlinelotto365.com\/hr\/dobitni-brojevi\/"},{"@type":"ListItem","position":3,"name":"Powerball Australija &#8211; najnoviji i prethodni dobitni brojevi, rezultati"}]},{"@type":"WebSite","@id":"https:\/\/onlinelotto365.com\/hr\/#website","url":"https:\/\/onlinelotto365.com\/hr\/","name":"OnlineLotto365","description":"","potentialAction":[{"@type":"SearchAction","target":{"@type":"EntryPoint","urlTemplate":"https:\/\/onlinelotto365.com\/hr\/?s={search_term_string}"},"query-input":{"@type":"PropertyValueSpecification","valueRequired":true,"valueName":"search_term_string"}}],"inLanguage":"hr"}]}},"_links":{"self":[{"href":"https:\/\/onlinelotto365.com\/hr\/wp-json\/wp\/v2\/pages\/84366","targetHints":{"allow":["GET"]}}],"collection":[{"href":"https:\/\/onlinelotto365.com\/hr\/wp-json\/wp\/v2\/pages"}],"about":[{"href":"https:\/\/onlinelotto365.com\/hr\/wp-json\/wp\/v2\/types\/page"}],"author":[{"embeddable":true,"href":"https:\/\/onlinelotto365.com\/hr\/wp-json\/wp\/v2\/users\/1"}],"replies":[{"embeddable":true,"href":"https:\/\/onlinelotto365.com\/hr\/wp-json\/wp\/v2\/comments?post=84366"}],"version-history":[{"count":0,"href":"https:\/\/onlinelotto365.com\/hr\/wp-json\/wp\/v2\/pages\/84366\/revisions"}],"up":[{"embeddable":true,"href":"https:\/\/onlinelotto365.com\/hr\/wp-json\/wp\/v2\/pages\/5822"}],"wp:attachment":[{"href":"https:\/\/onlinelotto365.com\/hr\/wp-json\/wp\/v2\/media?parent=84366"}],"curies":[{"name":"wp","href":"https:\/\/api.w.org\/{rel}","templated":true}]}}