{"id":84374,"date":"2023-10-03T07:07:15","date_gmt":"2023-10-03T06:07:15","guid":{"rendered":"https:\/\/onlinelotto365.com\/dobitni-brojevi\/dobitni-brojevi-iz-oz-lotta"},"modified":"2023-10-03T07:07:15","modified_gmt":"2023-10-03T06:07:15","slug":"dobitni-brojevi-iz-oz-lotta","status":"publish","type":"page","link":"https:\/\/onlinelotto365.com\/hr\/dobitni-brojevi\/dobitni-brojevi-iz-oz-lotta\/","title":{"rendered":"Dobitni brojevi iz Oz Lotta"},"content":{"rendered":"<p>Postoji mnogo me\u0111unarodnih opcija lutrije dostupnih na na\u0161em web mjestu i kada igrate ove igre, \u017eelite se osigurati da mo\u017eete provjeriti dobitne brojeve. Jedan na\u010din je putem novina, ali pronala\u017eenje rezultata Oz Lotto u novinama mo\u017ee biti te\u017eak zadatak. Druga opcija je na televiziji, ali pronala\u017eenje pravog kanala za gledanje izvla\u010denja ili pregled rezultata tako\u0111er mo\u017ee biti te\u0161ka situacija za ve\u0107inu ljudi.<\/p>\n<p>Zatim mo\u017eete provjeriti slu\u017ebenu web stranicu Oz Lotto i vidjeti jesu li rezultati dostupni tamo. Neke igre omogu\u0107uju vam da gledate izvla\u010denje u\u017eivo na svojoj web stranici. Ali imajte na umu da ovo nije mogu\u0107e sa svim lutrijskim igrama i mo\u017eda \u0107ete se na\u0107i bez te prilike.<img decoding=\"async\" class=\"aligncenter\" src=\"https:\/\/redfoxlotto.com\/image?size=8&amp;lottery=oz-lotto\" alt=\"Oz Lotto\" \/><\/p>\n<p>Nakon \u0161to je izvla\u010denje ve\u0107 obavljeno, ponekad mo\u017eete pretra\u017eiti YouTube za rezultate najnovijeg izvla\u010denja Oz Lotto. Ovi videozapisi nisu uvijek dostupni, ali ponekad netko objavi video izvu\u010denih brojeva ili izvla\u010denja u\u017eivo.<\/p>\n<p>Najbolja stvar koju mo\u017eete u\u010diniti, me\u0111utim, ako \u017eelite dobiti najnovije dobitne brojeve, jest provjeriti na\u0161u web stranicu i na\u0161u stranicu s rezultatima lutrije. Tamo objavljujemo rezultate za svaku lutrijsku igru koju mo\u017eete kupiti na na\u0161oj web stranici, tako da znate gdje tra\u017eiti.<\/p>\n<h2>Kako saznati je li va\u0161a internetska ulaznica dobitna<\/h2>\n<p><img loading=\"lazy\" decoding=\"async\" class=\"alignright wp-image-3624\" src=\"https:\/\/onlinelotto365.com\/wp-content\/uploads\/2020\/11\/online_lottery-74-200x300.jpg\" alt=\"Ovdje su dobitni brojevi za Oz Lotto\" width=\"123\" height=\"185\" srcset=\"https:\/\/onlinelotto365.com\/wp-content\/uploads\/2020\/11\/online_lottery-74-200x300.jpg 200w, https:\/\/onlinelotto365.com\/wp-content\/uploads\/2020\/11\/online_lottery-74.jpg 320w\" sizes=\"auto, (max-width: 123px) 100vw, 123px\" \/><br \/>\nZa one koji su kupili ulaznice za bilo koju od igara koje nudimo, mogu se prijaviti na svoj ra\u010dun i oti\u0107i na stranicu na kojoj se pohranjuju njihove ulaznice. Na toj stranici prona\u0107i \u0107ete sve informacije koje trebate. Mo\u0107i \u0107ete vidjeti svoje lutrijske ulaznice kao i dobitne brojeve. Ako imate sre\u0107e i podudaraju se neki brojevi, tako\u0111er \u0107ete vidjeti ozna\u010dene brojeve na svom ekranu. Mo\u017eete provjeriti koliko brojeva ste pogodili i koju nagradu ste osvojili. Ako je manje od \u20ac2500, novac \u0107e biti dodan na va\u0161 igra\u010dki ra\u010dun \u010dim budu potvr\u0111eni rezultati.<\/p>\n<h2>Arhiva rezultata Oz Lotto<\/h2>\n<p>Za one koji \u017eele pogledati starije brojeve iz Oz Lotta ili drugih lutrijskih igara, lako mo\u017eete prona\u0107i arhive povezane s bilo kojom stranicom na kojoj su prikazani trenutni brojevi. To vam olak\u0161ava pronala\u017eenje brojeva koje tra\u017eite kako biste vam pomogli pri budu\u0107im odabirima.<\/p>\n<h2>Moja ulaznica je dobitna, \u0161to se doga\u0111a sljede\u0107e?<\/h2>\n<p>Ve\u0107 smo razgovarali o tome kako mo\u017eete dobiti svoj dobitak ako se va\u0161a ulaznica podudara s dobitnim brojevima, ali pogledajmo to malo bli\u017ee. Ako imate ulaznicu vrijednu manje od \u20ac2500, novac \u0107e automatski biti dodan na va\u0161 ra\u010dun \u010dim budu potvr\u0111eni dobitni brojevi.<\/p>\n<p>Zatim, ako imate barem \u20ac10 na svom ra\u010dunu, mo\u017eete povu\u0107i taj novac koriste\u0107i bilo koji na\u010din pla\u0107anja koji ste ve\u0107 koristili na svom ra\u010dunu. Samo morate ispuniti nekoliko obrazaca kako biste potvrdili svoj identitet, a novac \u0107e biti na va\u0161em ra\u010dunu u tren oka. Ili ga mo\u017eete ostaviti gdje jest i koristiti ga za kupnju jo\u0161 ulaznica kasnije.<\/p>\n","protected":false},"excerpt":{"rendered":"<p>Postoji mnogo me\u0111unarodnih opcija lutrije dostupnih na na\u0161em web mjestu i kada igrate ove igre, \u017eelite se osigurati da mo\u017eete provjeriti dobitne brojeve. Jedan na\u010din je putem novina, ali pronala\u017eenje rezultata Oz Lotto u novinama mo\u017ee biti te\u017eak zadatak. Druga opcija je na televiziji, ali pronala\u017eenje pravog kanala za gledanje izvla\u010denja ili pregled rezultata tako\u0111er [&hellip;]<\/p>\n","protected":false},"author":1,"featured_media":0,"parent":5822,"menu_order":14,"comment_status":"closed","ping_status":"closed","template":"template-rightsidebar.php","meta":{"_et_pb_use_builder":"","_et_pb_old_content":"","_et_gb_content_width":"","exclude_from_search":false,"footnotes":""},"class_list":["post-84374","page","type-page","status-publish","hentry"],"yoast_head":"<!-- This site is optimized with the Yoast SEO plugin v23.4 - https:\/\/yoast.com\/wordpress\/plugins\/seo\/ -->\n<title>Rezultati izvla\u010denja i nagrade za Oz Lotto su dostupni ovdje.<\/title>\n<meta name=\"description\" content=\"Tra\u017eite rezultate izvla\u010denja Oz Lotta? Evo dobitnih brojeva.\" \/>\n<meta name=\"robots\" content=\"index, follow, max-snippet:-1, max-image-preview:large, max-video-preview:-1\" \/>\n<link rel=\"canonical\" href=\"https:\/\/onlinelotto365.com\/hr\/dobitni-brojevi\/dobitni-brojevi-iz-oz-lotta\/\" \/>\n<meta property=\"og:locale\" content=\"hr_HR\" \/>\n<meta property=\"og:type\" content=\"article\" \/>\n<meta property=\"og:title\" content=\"Rezultati izvla\u010denja i nagrade za Oz Lotto su dostupni ovdje.\" \/>\n<meta property=\"og:description\" content=\"Tra\u017eite rezultate izvla\u010denja Oz Lotta? Evo dobitnih brojeva.\" \/>\n<meta property=\"og:url\" content=\"https:\/\/onlinelotto365.com\/hr\/dobitni-brojevi\/dobitni-brojevi-iz-oz-lotta\/\" \/>\n<meta property=\"og:site_name\" content=\"OnlineLotto365\" \/>\n<meta property=\"og:image\" content=\"https:\/\/redfoxlotto.com\/image?size=8&amp;lottery=oz-lotto\" \/>\n<meta name=\"twitter:card\" content=\"summary_large_image\" \/>\n<meta name=\"twitter:label1\" content=\"Procijenjeno vrijeme \u010ditanja\" \/>\n\t<meta name=\"twitter:data1\" content=\"3 minute\" \/>\n<script type=\"application\/ld+json\" class=\"yoast-schema-graph\">{\"@context\":\"https:\/\/schema.org\",\"@graph\":[{\"@type\":\"WebPage\",\"@id\":\"https:\/\/onlinelotto365.com\/hr\/dobitni-brojevi\/dobitni-brojevi-iz-oz-lotta\/\",\"url\":\"https:\/\/onlinelotto365.com\/hr\/dobitni-brojevi\/dobitni-brojevi-iz-oz-lotta\/\",\"name\":\"Rezultati izvla\u010denja i nagrade za Oz Lotto su dostupni ovdje.\",\"isPartOf\":{\"@id\":\"https:\/\/onlinelotto365.com\/hr\/#website\"},\"primaryImageOfPage\":{\"@id\":\"https:\/\/onlinelotto365.com\/hr\/dobitni-brojevi\/dobitni-brojevi-iz-oz-lotta\/#primaryimage\"},\"image\":{\"@id\":\"https:\/\/onlinelotto365.com\/hr\/dobitni-brojevi\/dobitni-brojevi-iz-oz-lotta\/#primaryimage\"},\"thumbnailUrl\":\"https:\/\/redfoxlotto.com\/image?size=8&amp;lottery=oz-lotto\",\"datePublished\":\"2023-10-03T06:07:15+00:00\",\"dateModified\":\"2023-10-03T06:07:15+00:00\",\"description\":\"Tra\u017eite rezultate izvla\u010denja Oz Lotta? Evo dobitnih brojeva.\",\"breadcrumb\":{\"@id\":\"https:\/\/onlinelotto365.com\/hr\/dobitni-brojevi\/dobitni-brojevi-iz-oz-lotta\/#breadcrumb\"},\"inLanguage\":\"hr\",\"potentialAction\":[{\"@type\":\"ReadAction\",\"target\":[\"https:\/\/onlinelotto365.com\/hr\/dobitni-brojevi\/dobitni-brojevi-iz-oz-lotta\/\"]}]},{\"@type\":\"ImageObject\",\"inLanguage\":\"hr\",\"@id\":\"https:\/\/onlinelotto365.com\/hr\/dobitni-brojevi\/dobitni-brojevi-iz-oz-lotta\/#primaryimage\",\"url\":\"https:\/\/redfoxlotto.com\/image?size=8&amp;lottery=oz-lotto\",\"contentUrl\":\"https:\/\/redfoxlotto.com\/image?size=8&amp;lottery=oz-lotto\"},{\"@type\":\"BreadcrumbList\",\"@id\":\"https:\/\/onlinelotto365.com\/hr\/dobitni-brojevi\/dobitni-brojevi-iz-oz-lotta\/#breadcrumb\",\"itemListElement\":[{\"@type\":\"ListItem\",\"position\":1,\"name\":\"Home\",\"item\":\"https:\/\/onlinelotto365.com\/hr\/\"},{\"@type\":\"ListItem\",\"position\":2,\"name\":\"Svi rezultati me\u0111unarodnih lota\",\"item\":\"https:\/\/onlinelotto365.com\/hr\/dobitni-brojevi\/\"},{\"@type\":\"ListItem\",\"position\":3,\"name\":\"Dobitni brojevi iz Oz Lotta\"}]},{\"@type\":\"WebSite\",\"@id\":\"https:\/\/onlinelotto365.com\/hr\/#website\",\"url\":\"https:\/\/onlinelotto365.com\/hr\/\",\"name\":\"OnlineLotto365\",\"description\":\"\",\"potentialAction\":[{\"@type\":\"SearchAction\",\"target\":{\"@type\":\"EntryPoint\",\"urlTemplate\":\"https:\/\/onlinelotto365.com\/hr\/?s={search_term_string}\"},\"query-input\":{\"@type\":\"PropertyValueSpecification\",\"valueRequired\":true,\"valueName\":\"search_term_string\"}}],\"inLanguage\":\"hr\"}]}<\/script>\n<!-- \/ Yoast SEO plugin. -->","yoast_head_json":{"title":"Rezultati izvla\u010denja i nagrade za Oz Lotto su dostupni ovdje.","description":"Tra\u017eite rezultate izvla\u010denja Oz Lotta? Evo dobitnih brojeva.","robots":{"index":"index","follow":"follow","max-snippet":"max-snippet:-1","max-image-preview":"max-image-preview:large","max-video-preview":"max-video-preview:-1"},"canonical":"https:\/\/onlinelotto365.com\/hr\/dobitni-brojevi\/dobitni-brojevi-iz-oz-lotta\/","og_locale":"hr_HR","og_type":"article","og_title":"Rezultati izvla\u010denja i nagrade za Oz Lotto su dostupni ovdje.","og_description":"Tra\u017eite rezultate izvla\u010denja Oz Lotta? Evo dobitnih brojeva.","og_url":"https:\/\/onlinelotto365.com\/hr\/dobitni-brojevi\/dobitni-brojevi-iz-oz-lotta\/","og_site_name":"OnlineLotto365","og_image":[{"url":"https:\/\/redfoxlotto.com\/image?size=8&amp;lottery=oz-lotto"}],"twitter_card":"summary_large_image","twitter_misc":{"Procijenjeno vrijeme \u010ditanja":"3 minute"},"schema":{"@context":"https:\/\/schema.org","@graph":[{"@type":"WebPage","@id":"https:\/\/onlinelotto365.com\/hr\/dobitni-brojevi\/dobitni-brojevi-iz-oz-lotta\/","url":"https:\/\/onlinelotto365.com\/hr\/dobitni-brojevi\/dobitni-brojevi-iz-oz-lotta\/","name":"Rezultati izvla\u010denja i nagrade za Oz Lotto su dostupni ovdje.","isPartOf":{"@id":"https:\/\/onlinelotto365.com\/hr\/#website"},"primaryImageOfPage":{"@id":"https:\/\/onlinelotto365.com\/hr\/dobitni-brojevi\/dobitni-brojevi-iz-oz-lotta\/#primaryimage"},"image":{"@id":"https:\/\/onlinelotto365.com\/hr\/dobitni-brojevi\/dobitni-brojevi-iz-oz-lotta\/#primaryimage"},"thumbnailUrl":"https:\/\/redfoxlotto.com\/image?size=8&amp;lottery=oz-lotto","datePublished":"2023-10-03T06:07:15+00:00","dateModified":"2023-10-03T06:07:15+00:00","description":"Tra\u017eite rezultate izvla\u010denja Oz Lotta? Evo dobitnih brojeva.","breadcrumb":{"@id":"https:\/\/onlinelotto365.com\/hr\/dobitni-brojevi\/dobitni-brojevi-iz-oz-lotta\/#breadcrumb"},"inLanguage":"hr","potentialAction":[{"@type":"ReadAction","target":["https:\/\/onlinelotto365.com\/hr\/dobitni-brojevi\/dobitni-brojevi-iz-oz-lotta\/"]}]},{"@type":"ImageObject","inLanguage":"hr","@id":"https:\/\/onlinelotto365.com\/hr\/dobitni-brojevi\/dobitni-brojevi-iz-oz-lotta\/#primaryimage","url":"https:\/\/redfoxlotto.com\/image?size=8&amp;lottery=oz-lotto","contentUrl":"https:\/\/redfoxlotto.com\/image?size=8&amp;lottery=oz-lotto"},{"@type":"BreadcrumbList","@id":"https:\/\/onlinelotto365.com\/hr\/dobitni-brojevi\/dobitni-brojevi-iz-oz-lotta\/#breadcrumb","itemListElement":[{"@type":"ListItem","position":1,"name":"Home","item":"https:\/\/onlinelotto365.com\/hr\/"},{"@type":"ListItem","position":2,"name":"Svi rezultati me\u0111unarodnih lota","item":"https:\/\/onlinelotto365.com\/hr\/dobitni-brojevi\/"},{"@type":"ListItem","position":3,"name":"Dobitni brojevi iz Oz Lotta"}]},{"@type":"WebSite","@id":"https:\/\/onlinelotto365.com\/hr\/#website","url":"https:\/\/onlinelotto365.com\/hr\/","name":"OnlineLotto365","description":"","potentialAction":[{"@type":"SearchAction","target":{"@type":"EntryPoint","urlTemplate":"https:\/\/onlinelotto365.com\/hr\/?s={search_term_string}"},"query-input":{"@type":"PropertyValueSpecification","valueRequired":true,"valueName":"search_term_string"}}],"inLanguage":"hr"}]}},"_links":{"self":[{"href":"https:\/\/onlinelotto365.com\/hr\/wp-json\/wp\/v2\/pages\/84374","targetHints":{"allow":["GET"]}}],"collection":[{"href":"https:\/\/onlinelotto365.com\/hr\/wp-json\/wp\/v2\/pages"}],"about":[{"href":"https:\/\/onlinelotto365.com\/hr\/wp-json\/wp\/v2\/types\/page"}],"author":[{"embeddable":true,"href":"https:\/\/onlinelotto365.com\/hr\/wp-json\/wp\/v2\/users\/1"}],"replies":[{"embeddable":true,"href":"https:\/\/onlinelotto365.com\/hr\/wp-json\/wp\/v2\/comments?post=84374"}],"version-history":[{"count":0,"href":"https:\/\/onlinelotto365.com\/hr\/wp-json\/wp\/v2\/pages\/84374\/revisions"}],"up":[{"embeddable":true,"href":"https:\/\/onlinelotto365.com\/hr\/wp-json\/wp\/v2\/pages\/5822"}],"wp:attachment":[{"href":"https:\/\/onlinelotto365.com\/hr\/wp-json\/wp\/v2\/media?parent=84374"}],"curies":[{"name":"wp","href":"https:\/\/api.w.org\/{rel}","templated":true}]}}