{"id":84381,"date":"2023-10-03T07:49:33","date_gmt":"2023-10-03T06:49:33","guid":{"rendered":"https:\/\/onlinelotto365.com\/dobitni-brojevi\/provjerite-dobitne-brojeve-i-iznose-za-subotu-loto-australija"},"modified":"2023-10-03T07:49:33","modified_gmt":"2023-10-03T06:49:33","slug":"provjerite-dobitne-brojeve-i-iznose-za-subotu-loto-australija","status":"publish","type":"page","link":"https:\/\/onlinelotto365.com\/hr\/dobitni-brojevi\/provjerite-dobitne-brojeve-i-iznose-za-subotu-loto-australija\/","title":{"rendered":"Provjerite dobitne brojeve i iznose za subotu Loto Australija."},"content":{"rendered":"<p>Postoji mnogo razli\u010ditih me\u0111unarodnih igara dostupnih na na\u0161oj web stranici, a znamo da \u017eelite \u0161to br\u017ee saznati dobitne brojeve. Uobi\u010dajeno nije dobro gledati novine kako biste prona\u0161li dobitne brojeve za subotu Loto Australija. Tako\u0111er, nije preporu\u010dljivo pretra\u017eivati TV kanale i nadati se da \u0107ete prona\u0107i pravi kanal za ovu igru. Dakle, gdje mo\u017eete prona\u0107i rezultate?<\/p>\n<p>Web stranica lutrije je jedno mjesto gdje mo\u017eete potra\u017eiti. Neke lutrijske igre nude prijenos u\u017eivo svojih izvla\u010denja, ali subota Loto Australija mo\u017eda nije jedna od njih. Morate provjeriti web stranicu kako biste bili sigurni, a zatim se morate pobrinuti da gledate u pravo vrijeme ako nude prijenos u\u017eivo.<img decoding=\"async\" class=\"aligncenter\" src=\"https:\/\/redfoxlotto.com\/image?size=8&amp;lottery=saturday-lotto-au\" alt=\"Subotnji Loto Australija\" \/><\/p>\n<p>Na kraju, ako je izvla\u010denje ve\u0107 zavr\u0161eno, mo\u017eda \u0107ete mo\u0107i pretra\u017eiti YouTube kako biste prona\u0161li rezultate koje je netko ve\u0107 objavio. Mogli bi imati videozapise u\u017eivo izvla\u010denja.<\/p>\n<p>Najlak\u0161i na\u010din da dobijete rezultate koje tra\u017eite je da se vratite na na\u0161u web stranicu. Tamo \u0107ete prona\u0107i sve brojeve za subotu Loto Australija, kao i brojeve za bilo koje druge igre koje \u017eelite igrati. Brojevi su dostupni na na\u0161oj stranici s rezultatima lutrije i lako se pronalaze.<\/p>\n<h2>Kako saznati je li va\u0161a internetska ulaznica dobitna<\/h2>\n<p><img loading=\"lazy\" decoding=\"async\" class=\"alignright wp-image-3649\" src=\"https:\/\/onlinelotto365.com\/wp-content\/uploads\/2020\/11\/online_lottery-90-300x225.jpg\" alt=\"Pobjedni\u010dki brojevi subotnjeg Lota Australija\" width=\"207\" height=\"155\" srcset=\"https:\/\/onlinelotto365.com\/wp-content\/uploads\/2020\/11\/online_lottery-90-300x225.jpg 300w, https:\/\/onlinelotto365.com\/wp-content\/uploads\/2020\/11\/online_lottery-90.jpg 320w\" sizes=\"auto, (max-width: 207px) 100vw, 207px\" \/><br \/>\nSvi koji su ve\u0107 kupili ulaznice za subotu Loto Australija na na\u0161oj web stranici imat \u0107e jo\u0161 lak\u0161i na\u010din jer mogu jednostavno u\u0107i u svoj ra\u010dun. Prijavite se i pregledajte stranicu gdje su spremljene va\u0161e ulaznice. Tamo \u0107ete prona\u0107i ne samo brojeve svoje ulaznice, ve\u0107 i dobitne brojeve za bilo koju igru koju ste igrali.<\/p>\n<p>Zatim mo\u017eete tra\u017eiti podudaranja, koja \u0107emo vam ozna\u010diti razli\u010ditim bojama. Na taj na\u010din mo\u017eete vidjeti koliko ste osvojili i gdje se novac nalazi na va\u0161em ra\u010dunu. Ako je manje od 2500 \u20ac, novac \u0107emo ve\u0107 automatski staviti na va\u0161 ra\u010dun, tako da ne morate ni\u0161ta \u010diniti.<\/p>\n<h2>Arhiva rezultata subote Loto Australija<\/h2>\n<p>Za one koji \u017eele pregledavati starije brojeve za subotu Loto Australija, ne morate se brinuti. Osiguravamo da su arhive lako dostupne tako da su povezane s bilo kojom stranicom gdje prikazujemo trenutne rezultate lutrije. Na taj na\u010din mo\u017eete provjeriti bilo koje brojeve koje \u017eelite, \u010dak i iz davne pro\u0161losti.<\/p>\n<h2>Moja ulaznica je dobitna, \u0161to sada?<\/h2>\n<p>Ve\u0107 smo razgovarali o dobitcima koje mo\u017eete dobiti iz svojih lutrijskih ulaznica. Ako su ti dobitci manji od 2500 \u20ac, ne morate ni\u0161ta \u010diniti kako biste ih preuzeli. Novac \u0107emo automatski staviti na va\u0161 igra\u010dki ra\u010dun odmah. Ako su dobitci ve\u0107i od 2500 \u20ac, pomo\u0107i \u0107emo vam da ih preuzmete.<\/p>\n<p>Tako\u0111er imajte na umu da mo\u017eete povu\u0107i novac s va\u0161eg ra\u010duna ako imate najmanje 10 \u20ac. Sve \u0161to trebate u\u010diniti je odabrati na\u010din pla\u0107anja koji ste ve\u0107 koristili na ra\u010dunu i ispuniti nekoliko obrazaca za provjeru identiteta za na\u0161eg procesora pla\u0107anja.<\/p>\n","protected":false},"excerpt":{"rendered":"<p>Postoji mnogo razli\u010ditih me\u0111unarodnih igara dostupnih na na\u0161oj web stranici, a znamo da \u017eelite \u0161to br\u017ee saznati dobitne brojeve. Uobi\u010dajeno nije dobro gledati novine kako biste prona\u0161li dobitne brojeve za subotu Loto Australija. Tako\u0111er, nije preporu\u010dljivo pretra\u017eivati TV kanale i nadati se da \u0107ete prona\u0107i pravi kanal za ovu igru. Dakle, gdje mo\u017eete prona\u0107i rezultate? [&hellip;]<\/p>\n","protected":false},"author":1,"featured_media":0,"parent":5822,"menu_order":15,"comment_status":"closed","ping_status":"closed","template":"saturday-lotto-results.php","meta":{"_et_pb_use_builder":"","_et_pb_old_content":"","_et_gb_content_width":"","exclude_from_search":false,"footnotes":""},"class_list":["post-84381","page","type-page","status-publish","hentry"],"yoast_head":"<!-- This site is optimized with the Yoast SEO plugin v23.4 - https:\/\/yoast.com\/wordpress\/plugins\/seo\/ -->\n<title>Provjerite pobjedni\u010dke brojeve i iznose za subotnji Loto Australija.<\/title>\n<meta name=\"description\" content=\"Rezultati izvla\u010denja, pobjedni\u010dki brojevi subotnjeg Lota Australija, kao i arhiva rezultata.\" \/>\n<meta name=\"robots\" content=\"index, follow, max-snippet:-1, max-image-preview:large, max-video-preview:-1\" \/>\n<link rel=\"canonical\" href=\"https:\/\/onlinelotto365.com\/hr\/dobitni-brojevi\/provjerite-dobitne-brojeve-i-iznose-za-subotu-loto-australija\/\" \/>\n<meta property=\"og:locale\" content=\"hr_HR\" \/>\n<meta property=\"og:type\" content=\"article\" \/>\n<meta property=\"og:title\" content=\"Provjerite pobjedni\u010dke brojeve i iznose za subotnji Loto Australija.\" \/>\n<meta property=\"og:description\" content=\"Rezultati izvla\u010denja, pobjedni\u010dki brojevi subotnjeg Lota Australija, kao i arhiva rezultata.\" \/>\n<meta property=\"og:url\" content=\"https:\/\/onlinelotto365.com\/hr\/dobitni-brojevi\/provjerite-dobitne-brojeve-i-iznose-za-subotu-loto-australija\/\" \/>\n<meta property=\"og:site_name\" content=\"OnlineLotto365\" \/>\n<meta property=\"og:image\" content=\"https:\/\/redfoxlotto.com\/image?size=8&amp;lottery=saturday-lotto-au\" \/>\n<meta name=\"twitter:card\" content=\"summary_large_image\" \/>\n<meta name=\"twitter:label1\" content=\"Procijenjeno vrijeme \u010ditanja\" \/>\n\t<meta name=\"twitter:data1\" content=\"3 minute\" \/>\n<script type=\"application\/ld+json\" class=\"yoast-schema-graph\">{\"@context\":\"https:\/\/schema.org\",\"@graph\":[{\"@type\":\"WebPage\",\"@id\":\"https:\/\/onlinelotto365.com\/hr\/dobitni-brojevi\/provjerite-dobitne-brojeve-i-iznose-za-subotu-loto-australija\/\",\"url\":\"https:\/\/onlinelotto365.com\/hr\/dobitni-brojevi\/provjerite-dobitne-brojeve-i-iznose-za-subotu-loto-australija\/\",\"name\":\"Provjerite pobjedni\u010dke brojeve i iznose za subotnji Loto Australija.\",\"isPartOf\":{\"@id\":\"https:\/\/onlinelotto365.com\/hr\/#website\"},\"primaryImageOfPage\":{\"@id\":\"https:\/\/onlinelotto365.com\/hr\/dobitni-brojevi\/provjerite-dobitne-brojeve-i-iznose-za-subotu-loto-australija\/#primaryimage\"},\"image\":{\"@id\":\"https:\/\/onlinelotto365.com\/hr\/dobitni-brojevi\/provjerite-dobitne-brojeve-i-iznose-za-subotu-loto-australija\/#primaryimage\"},\"thumbnailUrl\":\"https:\/\/redfoxlotto.com\/image?size=8&amp;lottery=saturday-lotto-au\",\"datePublished\":\"2023-10-03T06:49:33+00:00\",\"dateModified\":\"2023-10-03T06:49:33+00:00\",\"description\":\"Rezultati izvla\u010denja, pobjedni\u010dki brojevi subotnjeg Lota Australija, kao i arhiva rezultata.\",\"breadcrumb\":{\"@id\":\"https:\/\/onlinelotto365.com\/hr\/dobitni-brojevi\/provjerite-dobitne-brojeve-i-iznose-za-subotu-loto-australija\/#breadcrumb\"},\"inLanguage\":\"hr\",\"potentialAction\":[{\"@type\":\"ReadAction\",\"target\":[\"https:\/\/onlinelotto365.com\/hr\/dobitni-brojevi\/provjerite-dobitne-brojeve-i-iznose-za-subotu-loto-australija\/\"]}]},{\"@type\":\"ImageObject\",\"inLanguage\":\"hr\",\"@id\":\"https:\/\/onlinelotto365.com\/hr\/dobitni-brojevi\/provjerite-dobitne-brojeve-i-iznose-za-subotu-loto-australija\/#primaryimage\",\"url\":\"https:\/\/redfoxlotto.com\/image?size=8&amp;lottery=saturday-lotto-au\",\"contentUrl\":\"https:\/\/redfoxlotto.com\/image?size=8&amp;lottery=saturday-lotto-au\"},{\"@type\":\"BreadcrumbList\",\"@id\":\"https:\/\/onlinelotto365.com\/hr\/dobitni-brojevi\/provjerite-dobitne-brojeve-i-iznose-za-subotu-loto-australija\/#breadcrumb\",\"itemListElement\":[{\"@type\":\"ListItem\",\"position\":1,\"name\":\"Home\",\"item\":\"https:\/\/onlinelotto365.com\/hr\/\"},{\"@type\":\"ListItem\",\"position\":2,\"name\":\"Svi rezultati me\u0111unarodnih lota\",\"item\":\"https:\/\/onlinelotto365.com\/hr\/dobitni-brojevi\/\"},{\"@type\":\"ListItem\",\"position\":3,\"name\":\"Provjerite dobitne brojeve i iznose za subotu Loto Australija.\"}]},{\"@type\":\"WebSite\",\"@id\":\"https:\/\/onlinelotto365.com\/hr\/#website\",\"url\":\"https:\/\/onlinelotto365.com\/hr\/\",\"name\":\"OnlineLotto365\",\"description\":\"\",\"potentialAction\":[{\"@type\":\"SearchAction\",\"target\":{\"@type\":\"EntryPoint\",\"urlTemplate\":\"https:\/\/onlinelotto365.com\/hr\/?s={search_term_string}\"},\"query-input\":{\"@type\":\"PropertyValueSpecification\",\"valueRequired\":true,\"valueName\":\"search_term_string\"}}],\"inLanguage\":\"hr\"}]}<\/script>\n<!-- \/ Yoast SEO plugin. -->","yoast_head_json":{"title":"Provjerite pobjedni\u010dke brojeve i iznose za subotnji Loto Australija.","description":"Rezultati izvla\u010denja, pobjedni\u010dki brojevi subotnjeg Lota Australija, kao i arhiva rezultata.","robots":{"index":"index","follow":"follow","max-snippet":"max-snippet:-1","max-image-preview":"max-image-preview:large","max-video-preview":"max-video-preview:-1"},"canonical":"https:\/\/onlinelotto365.com\/hr\/dobitni-brojevi\/provjerite-dobitne-brojeve-i-iznose-za-subotu-loto-australija\/","og_locale":"hr_HR","og_type":"article","og_title":"Provjerite pobjedni\u010dke brojeve i iznose za subotnji Loto Australija.","og_description":"Rezultati izvla\u010denja, pobjedni\u010dki brojevi subotnjeg Lota Australija, kao i arhiva rezultata.","og_url":"https:\/\/onlinelotto365.com\/hr\/dobitni-brojevi\/provjerite-dobitne-brojeve-i-iznose-za-subotu-loto-australija\/","og_site_name":"OnlineLotto365","og_image":[{"url":"https:\/\/redfoxlotto.com\/image?size=8&amp;lottery=saturday-lotto-au"}],"twitter_card":"summary_large_image","twitter_misc":{"Procijenjeno vrijeme \u010ditanja":"3 minute"},"schema":{"@context":"https:\/\/schema.org","@graph":[{"@type":"WebPage","@id":"https:\/\/onlinelotto365.com\/hr\/dobitni-brojevi\/provjerite-dobitne-brojeve-i-iznose-za-subotu-loto-australija\/","url":"https:\/\/onlinelotto365.com\/hr\/dobitni-brojevi\/provjerite-dobitne-brojeve-i-iznose-za-subotu-loto-australija\/","name":"Provjerite pobjedni\u010dke brojeve i iznose za subotnji Loto Australija.","isPartOf":{"@id":"https:\/\/onlinelotto365.com\/hr\/#website"},"primaryImageOfPage":{"@id":"https:\/\/onlinelotto365.com\/hr\/dobitni-brojevi\/provjerite-dobitne-brojeve-i-iznose-za-subotu-loto-australija\/#primaryimage"},"image":{"@id":"https:\/\/onlinelotto365.com\/hr\/dobitni-brojevi\/provjerite-dobitne-brojeve-i-iznose-za-subotu-loto-australija\/#primaryimage"},"thumbnailUrl":"https:\/\/redfoxlotto.com\/image?size=8&amp;lottery=saturday-lotto-au","datePublished":"2023-10-03T06:49:33+00:00","dateModified":"2023-10-03T06:49:33+00:00","description":"Rezultati izvla\u010denja, pobjedni\u010dki brojevi subotnjeg Lota Australija, kao i arhiva rezultata.","breadcrumb":{"@id":"https:\/\/onlinelotto365.com\/hr\/dobitni-brojevi\/provjerite-dobitne-brojeve-i-iznose-za-subotu-loto-australija\/#breadcrumb"},"inLanguage":"hr","potentialAction":[{"@type":"ReadAction","target":["https:\/\/onlinelotto365.com\/hr\/dobitni-brojevi\/provjerite-dobitne-brojeve-i-iznose-za-subotu-loto-australija\/"]}]},{"@type":"ImageObject","inLanguage":"hr","@id":"https:\/\/onlinelotto365.com\/hr\/dobitni-brojevi\/provjerite-dobitne-brojeve-i-iznose-za-subotu-loto-australija\/#primaryimage","url":"https:\/\/redfoxlotto.com\/image?size=8&amp;lottery=saturday-lotto-au","contentUrl":"https:\/\/redfoxlotto.com\/image?size=8&amp;lottery=saturday-lotto-au"},{"@type":"BreadcrumbList","@id":"https:\/\/onlinelotto365.com\/hr\/dobitni-brojevi\/provjerite-dobitne-brojeve-i-iznose-za-subotu-loto-australija\/#breadcrumb","itemListElement":[{"@type":"ListItem","position":1,"name":"Home","item":"https:\/\/onlinelotto365.com\/hr\/"},{"@type":"ListItem","position":2,"name":"Svi rezultati me\u0111unarodnih lota","item":"https:\/\/onlinelotto365.com\/hr\/dobitni-brojevi\/"},{"@type":"ListItem","position":3,"name":"Provjerite dobitne brojeve i iznose za subotu Loto Australija."}]},{"@type":"WebSite","@id":"https:\/\/onlinelotto365.com\/hr\/#website","url":"https:\/\/onlinelotto365.com\/hr\/","name":"OnlineLotto365","description":"","potentialAction":[{"@type":"SearchAction","target":{"@type":"EntryPoint","urlTemplate":"https:\/\/onlinelotto365.com\/hr\/?s={search_term_string}"},"query-input":{"@type":"PropertyValueSpecification","valueRequired":true,"valueName":"search_term_string"}}],"inLanguage":"hr"}]}},"_links":{"self":[{"href":"https:\/\/onlinelotto365.com\/hr\/wp-json\/wp\/v2\/pages\/84381","targetHints":{"allow":["GET"]}}],"collection":[{"href":"https:\/\/onlinelotto365.com\/hr\/wp-json\/wp\/v2\/pages"}],"about":[{"href":"https:\/\/onlinelotto365.com\/hr\/wp-json\/wp\/v2\/types\/page"}],"author":[{"embeddable":true,"href":"https:\/\/onlinelotto365.com\/hr\/wp-json\/wp\/v2\/users\/1"}],"replies":[{"embeddable":true,"href":"https:\/\/onlinelotto365.com\/hr\/wp-json\/wp\/v2\/comments?post=84381"}],"version-history":[{"count":0,"href":"https:\/\/onlinelotto365.com\/hr\/wp-json\/wp\/v2\/pages\/84381\/revisions"}],"up":[{"embeddable":true,"href":"https:\/\/onlinelotto365.com\/hr\/wp-json\/wp\/v2\/pages\/5822"}],"wp:attachment":[{"href":"https:\/\/onlinelotto365.com\/hr\/wp-json\/wp\/v2\/media?parent=84381"}],"curies":[{"name":"wp","href":"https:\/\/api.w.org\/{rel}","templated":true}]}}