{"id":84459,"date":"2023-10-03T13:35:00","date_gmt":"2023-10-03T12:35:00","guid":{"rendered":"https:\/\/onlinelotto365.com\/cpp"},"modified":"2023-10-03T13:35:00","modified_gmt":"2023-10-03T12:35:00","slug":"cpp","status":"publish","type":"page","link":"https:\/\/onlinelotto365.com\/hr\/cpp\/","title":{"rendered":"\u010cPP"},"content":{"rendered":"<h1>Online Lotarija &#8211; \u010cPP (\u010cesto postavljana pitanja)<\/h1>\n<p>Ovdje mo\u017eete prona\u0107i odgovore na naj\u010de\u0161\u0107e postavljana pitanja o tome kako na\u0161a usluga online lotarije funkcionira.<\/p>\n<p>Kako do\u0107i do svojih ulaznica?<\/p>\n<p>Jedan od na\u0161ih agenata na licu mjesta kupuje ulaznicu u va\u0161e ime i za vas. Zatim se ulaznica skenira i u\u010ditava na va\u0161 korisni\u010dki ra\u010dun. Poslat \u0107emo vam e-mail kad osvojite, a na\u0161a usluga uklju\u010duje isplatu va\u0161ih dobitaka (vidi ispod za pojedinosti) kada i vi osvojite.<\/p>\n<p>Koje su prednosti igranja me\u0111unarodnih lutrija online putem nas?<\/p>\n<ul>\n<li>Mo\u017eete birati izme\u0111u mnogih lutrija i uvijek vas \u010deka veliki Jackpot.<\/li>\n<li>Dobivate stvarnu ulaznicu.<\/li>\n<li>Mo\u017eete igrati odakle god da se nalazite.<\/li>\n<li>Mo\u017eete udobno platiti online, imamo nekoliko opcija, uklju\u010duju\u0107i kreditnu karticu.<\/li>\n<li>Va\u0161i manji dobitci do 2500 eura bit \u0107e vam odmah pripisani na va\u0161 igra\u010dki ra\u010dun.<\/li>\n<li>Za dobitke ve\u0107e od 2500 eura, isplatit \u0107emo vam ih izravno iz lutrije, bez naknade.<\/li>\n<\/ul>\n<p>Tko mo\u017ee igrati lutrije?<\/p>\n<p>Svi mogu igrati &#8211; ali morate biti stariji od 18 godina da biste igrali lutriju.<\/p>\n<p>Mogu li igrati lutriju iz strane zemlje?<\/p>\n<p>Da. Bez obzira u kojoj zemlji \u017eivite, mo\u017eete sudjelovati u svim lutrijama prikazanim na na\u0161oj web stranici.<\/p>\n<p>Mogu li sam odlu\u010diti o svojim brojevima za lutriju?<\/p>\n<p>Da. Mo\u017eete ru\u010dno odabrati brojeve ili mo\u017eete koristiti funkciju &#8220;Brzi odabir&#8221; i generirati nasumi\u010dne brojeve.<\/p>\n<p>Kako \u0107u dobiti svoju ulaznicu za lutriju?<\/p>\n<p>Nakon uspje\u0161ne uplate, primit \u0107ete e-mail s potvrdom kupnje. Brojevi koje ste odabrali bit \u0107e vidljivi na va\u0161em ra\u010dunu. O\u010dito, proces kupnje i skeniranja traje neko vrijeme, ali 2 ili 3 sata kasnije, mo\u0107i \u0107ete prona\u0107i skeniranu ulaznicu nakon \u0161to se prijavite na svoj ra\u010dun.<\/p>\n<p>Kako mogu platiti svoje lutrijske ulaznice?<\/p>\n<p>Imamo razli\u010dite mogu\u0107nosti pla\u0107anja za vas, uklju\u010duju\u0107i pla\u0107anje kreditnom karticom, trenutni bankovni prijenos, razli\u010dite kriptovalute i jo\u0161 mnogo toga. Tako\u0111er mo\u017eete unaprijed polo\u017eiti novac na svoj igra\u010dki ra\u010dun i zatim koristiti svoj novi saldo za kupnju ulaznica kad god \u017eelite. Posjedovanje salda \u010dini proces pla\u0107anja puno br\u017eim!<\/p>\n<p>Napla\u0107ujete li proviziju ako osvojim?<\/p>\n<p>Ne, ne napla\u0107ujemo. Svi va\u0161i dobitci bit \u0107e u potpunosti ispla\u0107eni, bez naplate naknada osim naknada za bankovni prijenos u nekim slu\u010dajevima.<\/p>\n<p>Kako \u0107u saznati jesam li osvojio\/la?<\/p>\n<p>Prvo \u0107emo vam poslati e-mail koji vas obavje\u0161tava o va\u0161em dobitku. Tako\u0111er, uvijek se mo\u017eete prijaviti na svoj ra\u010dun i provjeriti odjeljak &#8220;Moje ulaznice&#8221; i provjeriti status svojih ulaznica tamo. A\u017euriranja s dobitnim brojevima za sve lutrije mogu se prona\u0107i na na\u0161oj web stranici.<\/p>\n<p>Kako \u0107u biti ispla\u0107en ako osvojim?<\/p>\n<p>Ako osvojite nagradu do 2500 eura, bit \u0107e vam trenuta\u010dno pripisana na va\u0161 igra\u010dki ra\u010dun. Za ve\u0107e dobitke, poslat \u0107emo vam e-mail s obrazacem za potra\u017eivanje. Morate se identificirati i pru\u017eiti neke osnovne informacije, poput na\u010dina na koji \u017eelite biti pla\u0107eni. Zatim \u0107emo va\u0161 zahtjev prezentirati lutrijskoj kompaniji. Lutrijska kompanija \u0107e vam potom platiti izravno. Ako to vi\u0161e preferirate, tako\u0111er mo\u017eete preuzeti svoju ulaznicu u jednom od ureda na\u0161ih agenata i zatim je osobno prezentirati lutriji.<\/p>\n<p>Je li va\u0161a usluga stvarno legalna?<\/p>\n<p>Da, apsolutno. To je kao da ste na odmoru u zemlji lutrije i sami kupujete ulaznicu. Ako ta ulaznica osvoji, imate isto pravo na dobitak kao i svi ostali.<\/p>\n<p>Kako znam da se kupuje ulaznica za lutriju u moje ime?<\/p>\n<p>Nakon \u0161to platite ulaznicu za lutriju, prvo \u0107ete primiti potvrdu pla\u0107anja. Malo kasnije, mo\u0107i \u0107ete vidjeti skeniranu ulaznicu u podru\u010dju korisnika na na\u0161oj web stranici.<\/p>\n","protected":false},"excerpt":{"rendered":"<p>Online Lotarija &#8211; \u010cPP (\u010cesto postavljana pitanja) Ovdje mo\u017eete prona\u0107i odgovore na naj\u010de\u0161\u0107e postavljana pitanja o tome kako na\u0161a usluga online lotarije funkcionira. Kako do\u0107i do svojih ulaznica? Jedan od na\u0161ih agenata na licu mjesta kupuje ulaznicu u va\u0161e ime i za vas. Zatim se ulaznica skenira i u\u010ditava na va\u0161 korisni\u010dki ra\u010dun. Poslat \u0107emo [&hellip;]<\/p>\n","protected":false},"author":1,"featured_media":0,"parent":0,"menu_order":50,"comment_status":"closed","ping_status":"closed","template":"","meta":{"_et_pb_use_builder":"","_et_pb_old_content":"","_et_gb_content_width":"","exclude_from_search":false,"footnotes":""},"class_list":["post-84459","page","type-page","status-publish","hentry"],"yoast_head":"<!-- This site is optimized with the Yoast SEO plugin v23.4 - https:\/\/yoast.com\/wordpress\/plugins\/seo\/ -->\n<title>Odgovori na naj\u010de\u0161\u0107a pitanja o na\u0161oj usluzi online lutrije<\/title>\n<meta name=\"description\" content=\"\u017delite saznati vi\u0161e o tome kako na\u0161a usluga dostave online lutrijskih ulaznica funkcionira? Prona\u0111ite odgovore na naj\u010de\u0161\u0107a pitanja ovdje\" \/>\n<meta name=\"robots\" content=\"index, follow, max-snippet:-1, max-image-preview:large, max-video-preview:-1\" \/>\n<link rel=\"canonical\" href=\"https:\/\/onlinelotto365.com\/hr\/cpp\/\" \/>\n<meta property=\"og:locale\" content=\"hr_HR\" \/>\n<meta property=\"og:type\" content=\"article\" \/>\n<meta property=\"og:title\" content=\"Odgovori na naj\u010de\u0161\u0107a pitanja o na\u0161oj usluzi online lutrije\" \/>\n<meta property=\"og:description\" content=\"\u017delite saznati vi\u0161e o tome kako na\u0161a usluga dostave online lutrijskih ulaznica funkcionira? Prona\u0111ite odgovore na naj\u010de\u0161\u0107a pitanja ovdje\" \/>\n<meta property=\"og:url\" content=\"https:\/\/onlinelotto365.com\/hr\/cpp\/\" \/>\n<meta property=\"og:site_name\" content=\"OnlineLotto365\" \/>\n<meta name=\"twitter:card\" content=\"summary_large_image\" \/>\n<meta name=\"twitter:label1\" content=\"Procijenjeno vrijeme \u010ditanja\" \/>\n\t<meta name=\"twitter:data1\" content=\"3 minute\" \/>\n<script type=\"application\/ld+json\" class=\"yoast-schema-graph\">{\"@context\":\"https:\/\/schema.org\",\"@graph\":[{\"@type\":\"WebPage\",\"@id\":\"https:\/\/onlinelotto365.com\/hr\/cpp\/\",\"url\":\"https:\/\/onlinelotto365.com\/hr\/cpp\/\",\"name\":\"Odgovori na naj\u010de\u0161\u0107a pitanja o na\u0161oj usluzi online lutrije\",\"isPartOf\":{\"@id\":\"https:\/\/onlinelotto365.com\/hr\/#website\"},\"datePublished\":\"2023-10-03T12:35:00+00:00\",\"dateModified\":\"2023-10-03T12:35:00+00:00\",\"description\":\"\u017delite saznati vi\u0161e o tome kako na\u0161a usluga dostave online lutrijskih ulaznica funkcionira? Prona\u0111ite odgovore na naj\u010de\u0161\u0107a pitanja ovdje\",\"breadcrumb\":{\"@id\":\"https:\/\/onlinelotto365.com\/hr\/cpp\/#breadcrumb\"},\"inLanguage\":\"hr\",\"potentialAction\":[{\"@type\":\"ReadAction\",\"target\":[\"https:\/\/onlinelotto365.com\/hr\/cpp\/\"]}]},{\"@type\":\"BreadcrumbList\",\"@id\":\"https:\/\/onlinelotto365.com\/hr\/cpp\/#breadcrumb\",\"itemListElement\":[{\"@type\":\"ListItem\",\"position\":1,\"name\":\"Home\",\"item\":\"https:\/\/onlinelotto365.com\/hr\/\"},{\"@type\":\"ListItem\",\"position\":2,\"name\":\"\u010cPP\"}]},{\"@type\":\"WebSite\",\"@id\":\"https:\/\/onlinelotto365.com\/hr\/#website\",\"url\":\"https:\/\/onlinelotto365.com\/hr\/\",\"name\":\"OnlineLotto365\",\"description\":\"\",\"potentialAction\":[{\"@type\":\"SearchAction\",\"target\":{\"@type\":\"EntryPoint\",\"urlTemplate\":\"https:\/\/onlinelotto365.com\/hr\/?s={search_term_string}\"},\"query-input\":{\"@type\":\"PropertyValueSpecification\",\"valueRequired\":true,\"valueName\":\"search_term_string\"}}],\"inLanguage\":\"hr\"}]}<\/script>\n<!-- \/ Yoast SEO plugin. -->","yoast_head_json":{"title":"Odgovori na naj\u010de\u0161\u0107a pitanja o na\u0161oj usluzi online lutrije","description":"\u017delite saznati vi\u0161e o tome kako na\u0161a usluga dostave online lutrijskih ulaznica funkcionira? Prona\u0111ite odgovore na naj\u010de\u0161\u0107a pitanja ovdje","robots":{"index":"index","follow":"follow","max-snippet":"max-snippet:-1","max-image-preview":"max-image-preview:large","max-video-preview":"max-video-preview:-1"},"canonical":"https:\/\/onlinelotto365.com\/hr\/cpp\/","og_locale":"hr_HR","og_type":"article","og_title":"Odgovori na naj\u010de\u0161\u0107a pitanja o na\u0161oj usluzi online lutrije","og_description":"\u017delite saznati vi\u0161e o tome kako na\u0161a usluga dostave online lutrijskih ulaznica funkcionira? Prona\u0111ite odgovore na naj\u010de\u0161\u0107a pitanja ovdje","og_url":"https:\/\/onlinelotto365.com\/hr\/cpp\/","og_site_name":"OnlineLotto365","twitter_card":"summary_large_image","twitter_misc":{"Procijenjeno vrijeme \u010ditanja":"3 minute"},"schema":{"@context":"https:\/\/schema.org","@graph":[{"@type":"WebPage","@id":"https:\/\/onlinelotto365.com\/hr\/cpp\/","url":"https:\/\/onlinelotto365.com\/hr\/cpp\/","name":"Odgovori na naj\u010de\u0161\u0107a pitanja o na\u0161oj usluzi online lutrije","isPartOf":{"@id":"https:\/\/onlinelotto365.com\/hr\/#website"},"datePublished":"2023-10-03T12:35:00+00:00","dateModified":"2023-10-03T12:35:00+00:00","description":"\u017delite saznati vi\u0161e o tome kako na\u0161a usluga dostave online lutrijskih ulaznica funkcionira? Prona\u0111ite odgovore na naj\u010de\u0161\u0107a pitanja ovdje","breadcrumb":{"@id":"https:\/\/onlinelotto365.com\/hr\/cpp\/#breadcrumb"},"inLanguage":"hr","potentialAction":[{"@type":"ReadAction","target":["https:\/\/onlinelotto365.com\/hr\/cpp\/"]}]},{"@type":"BreadcrumbList","@id":"https:\/\/onlinelotto365.com\/hr\/cpp\/#breadcrumb","itemListElement":[{"@type":"ListItem","position":1,"name":"Home","item":"https:\/\/onlinelotto365.com\/hr\/"},{"@type":"ListItem","position":2,"name":"\u010cPP"}]},{"@type":"WebSite","@id":"https:\/\/onlinelotto365.com\/hr\/#website","url":"https:\/\/onlinelotto365.com\/hr\/","name":"OnlineLotto365","description":"","potentialAction":[{"@type":"SearchAction","target":{"@type":"EntryPoint","urlTemplate":"https:\/\/onlinelotto365.com\/hr\/?s={search_term_string}"},"query-input":{"@type":"PropertyValueSpecification","valueRequired":true,"valueName":"search_term_string"}}],"inLanguage":"hr"}]}},"_links":{"self":[{"href":"https:\/\/onlinelotto365.com\/hr\/wp-json\/wp\/v2\/pages\/84459","targetHints":{"allow":["GET"]}}],"collection":[{"href":"https:\/\/onlinelotto365.com\/hr\/wp-json\/wp\/v2\/pages"}],"about":[{"href":"https:\/\/onlinelotto365.com\/hr\/wp-json\/wp\/v2\/types\/page"}],"author":[{"embeddable":true,"href":"https:\/\/onlinelotto365.com\/hr\/wp-json\/wp\/v2\/users\/1"}],"replies":[{"embeddable":true,"href":"https:\/\/onlinelotto365.com\/hr\/wp-json\/wp\/v2\/comments?post=84459"}],"version-history":[{"count":0,"href":"https:\/\/onlinelotto365.com\/hr\/wp-json\/wp\/v2\/pages\/84459\/revisions"}],"wp:attachment":[{"href":"https:\/\/onlinelotto365.com\/hr\/wp-json\/wp\/v2\/media?parent=84459"}],"curies":[{"name":"wp","href":"https:\/\/api.w.org\/{rel}","templated":true}]}}