{"id":9539,"date":"2020-12-13T09:55:02","date_gmt":"2020-12-13T08:55:02","guid":{"rendered":"http:\/\/onlinelotto365.net\/?page_id=9539"},"modified":"2021-03-07T12:01:41","modified_gmt":"2021-03-07T11:01:41","slug":"powerball","status":"publish","type":"page","link":"https:\/\/onlinelotto365.com\/hr\/igrajte\/powerball\/","title":{"rendered":"Powerball iz Hrvatske"},"content":{"rendered":"<p>Upravo nedavno, 13. Listopada 2016. godine tri sretna igra\u010da su osvojila najve\u0107u ameri\u010dku lutriju u povijesti. Igra\u010di lutrije diljem Sjedinjenih Ameri\u010dkih Dr\u017eava su zbog nevjerojatnog jackpot iznosa od 1,5 milijarde ameri\u010dkih dolara proveli sate stajaju\u0107i u redu kako bi kupili listi\u0107. No \u0161to je sa igra\u010dima iz Hrvatske? Jesu li oni bili izop\u0107eni iz kupnje listi\u0107a osim ako nisu u to vrijeme bili u SAD-u? Nisu &#8211; ukoliko su znali da se Powerball lutrija mo\u017ee igrati i iz Hrvatske!<\/p>\n<p><a href=\"https:\/\/redfoxlotto.com\/play\/powerball\/?ref=a8564250a2&amp;medium=ol365\" target=\"_blank\" rel=\"noopener noreferrer\"><img loading=\"lazy\" decoding=\"async\" class=\"aligncenter\" src=\"https:\/\/redfoxlotto.com\/image?size=8&amp;lottery=powerball\" alt=\"powerball\" width=\"793\" height=\"98\" \/><\/a><\/p>\n<p>O\u010dito je da je internet taj koji omogu\u0107uje kupnju listi\u0107a za ameri\u010dke lutrije. Ne morate \u017eivjeti u SAD-u da bi imali \u0161ansu osvojiti te nevjerojatne jackpote.<br \/>\nDa bi ste igrali, <strong><a href=\"https:\/\/redfoxlotto.com\/hr\/?ref=A8564250A2&amp;campaign=ol\" target=\"_blank\" rel=\"noopener\">pratite ovaj link koji \u0107e Vas odvesti do RedFoxLotto online<\/a><\/strong> prodajnog mjesta za kupnju listi\u0107a. Jednostavno odaberite Va\u0161 loto broj, platite online, i u roku od nekoliko sati \u0107ete imati svoj Powerball ili Mega Millions listi\u0107.<\/p>\n<h2>O Powerballu<\/h2>\n<ul>\n<li>Dr\u017eava: SAD<\/li>\n<li>Raspon glavnih brojeva: 69<\/li>\n<li>Odaberete: 5<\/li>\n<li>Dodatni brojevi: 26<\/li>\n<li>Odaberete: 1<\/li>\n<li>Izvla\u010denje dana, sati: srijeda, subota, 21:00 EST, +1 dan 3:00 CET<\/li>\n<li>Minimalni jackpot: 40 milijuna USD<\/li>\n<li>Maksimalni iznos Jackpota: nijedan<\/li>\n<li>Vjerojatnost dobitka jackpota: 1 u 175.223.510<\/li>\n<li>Vjerojatnost pobjede 2. razine: 1 u 5.006.386<\/li>\n<li>Vjerojatnost pobjede u bilo kojem nizu: 1 prema 24,87<\/li>\n<li>Broj nagradnih razreda: 9<\/li>\n<\/ul>\n<h2>Igrajte Powerball lutriju online ako \u017eivite u Hrvatskoj<\/h2>\n<p><img loading=\"lazy\" decoding=\"async\" class=\"size-medium wp-image-1356 alignright\" src=\"https:\/\/onlinelotto365.com\/wp-content\/uploads\/2020\/11\/online_lottery-117-300x217.jpg\" alt=\"igrajte powerball online\" width=\"300\" height=\"217\" \/><\/p>\n<p>Stvari funkcioniraju ovako: nakon odaberete svoje brojeve i platite listi\u0107, online loto servis \u0107e Vam dodijeliti agenta za lutrijsko prodajno mjesto u SAD-u. Agent \u0107e kupiti kartu u Va\u0161e ime, osigurati da su Va\u0161i brojevi i ime na listi\u0107u, te \u0107e ga potom skenirati i poslati Vam ga putem e-mail-a.<\/p>\n<p>Ukoliko pobjedite, postupak isplate ovisi o koli\u010dini novca kojeg osvojite. Iznosi ispod 500 dolara \u0107e biti dodijeljeni na Va\u0161 ra\u010dun. Novac mo\u017eete podignuti ili ga iskoristiti za kupnju jo\u0161 listi\u0107a. Ako osvojite ve\u0107i iznos, RedFoxLotto \u0107e Vam poslati obrazac kojeg morate ispuniti, te ga poslati natrag putem elektronske po\u0161te. RedFoxLotto \u0107e Vam potom poslati obrazac za loto komisiju, te \u0107e Vam isplatiti novac.<\/p>\n<p>Va\u017eno je znati da RedFoxLotto je zakonit i pouzdan davatelj usluge. Online kupnjom loto listi\u0107a dobivate ugovor sa lutrijom, \u0161to osigurava da \u0107ete dobiti osvojeni novac.<\/p>\n<h2>Druge lutrije koje se mogu igrati iz Hrvatske<\/h2>\n<p>Kroz ovu online loto uslugu mo\u017eete kupiti listi\u0107e za 20 najve\u0107ih svjetskih lutrija. \u010cak iako \u017eivite u Hrvatskoj, mo\u017eete igrati mnoge strane lutrije.<\/p>\n<h2>Evolucija lutrije<\/h2>\n<p>Povijesno gledano, \u010dini se da su prve lutrije odr\u017eavane u Kini, a \u010dak su i one tada uglavnom slu\u017eile za financiranje javnih projekata. \u010cak je i Kineski zid bio jedan od tih projekata. U anti\u010dkom Rimu, lutrije su se odr\u017eavale tijekom doga\u0111anja za bogate gra\u0111ane, a prihodi su kori\u0161teni za financiranje popravaka u gradu. U sije\u010dnju 1449. godine, rat izme\u0111u Milana i Venecije financiran je lutrijom.<\/p>\n<p>Tijekom stolje\u0107a, lutrije su uglavnom sankcionirane i vo\u0111ene od strane dr\u017eava i vlada kako bi prikupile novac. Na neki su na\u010din te lutrije slu\u017eile kao oblik dobrovoljnog oporezivanja masa. Zbog toga je postotak prihoda od prodaje ulaznica u odnosu na isplatu nagrada i \u010desto bio vrlo nizak.<\/p>\n<h2>Lutrija u moderno doba<\/h2>\n<p><img loading=\"lazy\" decoding=\"async\" class=\" wp-image-1521 alignright\" src=\"https:\/\/onlinelotto365.com\/wp-content\/uploads\/2020\/11\/online_lottery-133-300x212.jpg\" alt=\"powerball iz Hrvatske\" width=\"231\" height=\"164\" \/><\/p>\n<p>Budu\u0107i da je internet olak\u0161ao mnoge od nas, ve\u0107ina nacionalnih lutrija po\u010dela je nuditi mogu\u0107nost kupnje karata putem interneta. No kupnja karata za lutri putem internetskih stranica nacionalnih lutrija bila je ograni\u010dena na igra\u010de iz zemlje u kojoj se odvija. Iako je online kupnja bila prakti\u010dnija, to nije pobolj\u0161alo izglede za pobjedu na bilo koji na\u010din. To bi se postiglo samo sljede\u0107im korakom u razvoju lutrije.<\/p>\n<h2>Vi\u0161e izbora daje vam bolje izglede<\/h2>\n<p>Ideja o usluzi kao \u0161to je RedFoxLotto.com koja omogu\u0107uje loto fanovima sudjelovanje u lutriji iz drugih jurisdikcija bio je sljede\u0107i logi\u010dan korak u razvoju. Sada loto igra\u010di su u mogu\u0107nosti izabrati iz brojnih lutrija. Ciljanjem na trenutno najve\u0107i jackpot, oni mogu znatno pobolj\u0161ati svoja o\u010dekivanja. Za lutrije kao \u0161to su Mega Millions, Powerball i Euromillions, postotak kupnje online lutrijskih karata od strane igra\u010da iz cijelog svijeta raste iz mjeseca u mjesec.<\/p>\n<h2>Pogled u budu\u0107nost<\/h2>\n<p>Ve\u0107 postoje planovi za &#8220;Svjetsku lutriju&#8221;, koju \u0107e voditi ne dr\u017eava, ve\u0107 globalna korporacija. Planovi za takvu lutriju uklju\u010duju marketin\u0161ki koncept samo na internetu s ve\u0107im postotkom isplate od dr\u017eavnih lutrija.<\/p>\n<p>Veliki postotak dobiti od ove lutrije koristit \u0107e se u dobrotvorne svrhe. No, \u0161to je jo\u0161 va\u017enije, planovi za ovaj svjetski projekt uklju\u010duju vi\u0161e demokratski proces kako bi se odlu\u010dilo kako \u0107e se sredstva koristiti. To\u010dan proces je jo\u0161 uvijek nepoznat, ali na ovaj ili onaj na\u010din, igra\u010di \u0107e imati mogu\u0107nost glasovati za razne me\u0111unarodne dobrotvorne projekte. Svakako se s vremena na vrijeme vra\u0107ajte na na\u0161u web stranicu &#8211; obavijestit \u0107emo vas o projektu Svjetske lutrije \u010dim bude vi\u0161e informacija!<\/p>\n","protected":false},"excerpt":{"rendered":"<p>Upravo nedavno, 13. Listopada 2016. godine tri sretna igra\u010da su osvojila najve\u0107u ameri\u010dku lutriju u povijesti. Igra\u010di lutrije diljem Sjedinjenih Ameri\u010dkih Dr\u017eava su zbog nevjerojatnog jackpot iznosa od 1,5 milijarde ameri\u010dkih dolara proveli sate stajaju\u0107i u redu kako bi kupili listi\u0107. No \u0161to je sa igra\u010dima iz Hrvatske? Jesu li oni bili izop\u0107eni iz kupnje [&hellip;]<\/p>\n","protected":false},"author":1,"featured_media":0,"parent":5011,"menu_order":1,"comment_status":"closed","ping_status":"closed","template":"powerball-usa.php","meta":{"_et_pb_use_builder":"","_et_pb_old_content":"","_et_gb_content_width":"","exclude_from_search":false,"footnotes":""},"class_list":["post-9539","page","type-page","status-publish","hentry"],"yoast_head":"<!-- This site is optimized with the Yoast SEO plugin v23.4 - https:\/\/yoast.com\/wordpress\/plugins\/seo\/ -->\n<title>Preuzmite u Hrvatskoj listi\u0107e za veliku ameri\u010dku lutriju iz Hrvatske | Mogu li osvojiti Powerball iz Hrvatske<\/title>\n<meta name=\"description\" content=\"Ovdje igrajte Powerball Lotto - najve\u0107u ameri\u010dku lutriju, dostupnu na mre\u017ei iz Hrvatske i bilo koje druge zemlje\" \/>\n<meta name=\"robots\" content=\"index, follow, max-snippet:-1, max-image-preview:large, max-video-preview:-1\" \/>\n<link rel=\"canonical\" href=\"https:\/\/onlinelotto365.com\/hr\/igrajte\/powerball\/\" \/>\n<meta property=\"og:locale\" content=\"hr_HR\" \/>\n<meta property=\"og:type\" content=\"article\" \/>\n<meta property=\"og:title\" content=\"Preuzmite u Hrvatskoj listi\u0107e za veliku ameri\u010dku lutriju iz Hrvatske | Mogu li osvojiti Powerball iz Hrvatske\" \/>\n<meta property=\"og:description\" content=\"Ovdje igrajte Powerball Lotto - najve\u0107u ameri\u010dku lutriju, dostupnu na mre\u017ei iz Hrvatske i bilo koje druge zemlje\" \/>\n<meta property=\"og:url\" content=\"https:\/\/onlinelotto365.com\/hr\/igrajte\/powerball\/\" \/>\n<meta property=\"og:site_name\" content=\"OnlineLotto365\" \/>\n<meta property=\"article:modified_time\" content=\"2021-03-07T11:01:41+00:00\" \/>\n<meta property=\"og:image\" content=\"https:\/\/redfoxlotto.com\/image?size=8&amp;lottery=powerball\" \/>\n<meta name=\"twitter:card\" content=\"summary_large_image\" \/>\n<meta name=\"twitter:label1\" content=\"Procijenjeno vrijeme \u010ditanja\" \/>\n\t<meta name=\"twitter:data1\" content=\"5 minuta\" \/>\n<script type=\"application\/ld+json\" class=\"yoast-schema-graph\">{\"@context\":\"https:\/\/schema.org\",\"@graph\":[{\"@type\":\"WebPage\",\"@id\":\"https:\/\/onlinelotto365.com\/hr\/igrajte\/powerball\/\",\"url\":\"https:\/\/onlinelotto365.com\/hr\/igrajte\/powerball\/\",\"name\":\"Preuzmite u Hrvatskoj listi\u0107e za veliku ameri\u010dku lutriju iz Hrvatske | Mogu li osvojiti Powerball iz Hrvatske\",\"isPartOf\":{\"@id\":\"https:\/\/onlinelotto365.com\/hr\/#website\"},\"primaryImageOfPage\":{\"@id\":\"https:\/\/onlinelotto365.com\/hr\/igrajte\/powerball\/#primaryimage\"},\"image\":{\"@id\":\"https:\/\/onlinelotto365.com\/hr\/igrajte\/powerball\/#primaryimage\"},\"thumbnailUrl\":\"https:\/\/redfoxlotto.com\/image?size=8&amp;lottery=powerball\",\"datePublished\":\"2020-12-13T08:55:02+00:00\",\"dateModified\":\"2021-03-07T11:01:41+00:00\",\"description\":\"Ovdje igrajte Powerball Lotto - najve\u0107u ameri\u010dku lutriju, dostupnu na mre\u017ei iz Hrvatske i bilo koje druge zemlje\",\"breadcrumb\":{\"@id\":\"https:\/\/onlinelotto365.com\/hr\/igrajte\/powerball\/#breadcrumb\"},\"inLanguage\":\"hr\",\"potentialAction\":[{\"@type\":\"ReadAction\",\"target\":[\"https:\/\/onlinelotto365.com\/hr\/igrajte\/powerball\/\"]}]},{\"@type\":\"ImageObject\",\"inLanguage\":\"hr\",\"@id\":\"https:\/\/onlinelotto365.com\/hr\/igrajte\/powerball\/#primaryimage\",\"url\":\"https:\/\/redfoxlotto.com\/image?size=8&amp;lottery=powerball\",\"contentUrl\":\"https:\/\/redfoxlotto.com\/image?size=8&amp;lottery=powerball\"},{\"@type\":\"BreadcrumbList\",\"@id\":\"https:\/\/onlinelotto365.com\/hr\/igrajte\/powerball\/#breadcrumb\",\"itemListElement\":[{\"@type\":\"ListItem\",\"position\":1,\"name\":\"Home\",\"item\":\"https:\/\/onlinelotto365.com\/hr\/\"},{\"@type\":\"ListItem\",\"position\":2,\"name\":\"Sve \u0161to morate znati o va\u0161im mogu\u0107nostima igranja najboljih lutrija online\",\"item\":\"https:\/\/onlinelotto365.com\/hr\/play\/\"},{\"@type\":\"ListItem\",\"position\":3,\"name\":\"Powerball iz Hrvatske\"}]},{\"@type\":\"WebSite\",\"@id\":\"https:\/\/onlinelotto365.com\/hr\/#website\",\"url\":\"https:\/\/onlinelotto365.com\/hr\/\",\"name\":\"OnlineLotto365\",\"description\":\"\",\"potentialAction\":[{\"@type\":\"SearchAction\",\"target\":{\"@type\":\"EntryPoint\",\"urlTemplate\":\"https:\/\/onlinelotto365.com\/hr\/?s={search_term_string}\"},\"query-input\":{\"@type\":\"PropertyValueSpecification\",\"valueRequired\":true,\"valueName\":\"search_term_string\"}}],\"inLanguage\":\"hr\"}]}<\/script>\n<!-- \/ Yoast SEO plugin. -->","yoast_head_json":{"title":"Preuzmite u Hrvatskoj listi\u0107e za veliku ameri\u010dku lutriju iz Hrvatske | Mogu li osvojiti Powerball iz Hrvatske","description":"Ovdje igrajte Powerball Lotto - najve\u0107u ameri\u010dku lutriju, dostupnu na mre\u017ei iz Hrvatske i bilo koje druge zemlje","robots":{"index":"index","follow":"follow","max-snippet":"max-snippet:-1","max-image-preview":"max-image-preview:large","max-video-preview":"max-video-preview:-1"},"canonical":"https:\/\/onlinelotto365.com\/hr\/igrajte\/powerball\/","og_locale":"hr_HR","og_type":"article","og_title":"Preuzmite u Hrvatskoj listi\u0107e za veliku ameri\u010dku lutriju iz Hrvatske | Mogu li osvojiti Powerball iz Hrvatske","og_description":"Ovdje igrajte Powerball Lotto - najve\u0107u ameri\u010dku lutriju, dostupnu na mre\u017ei iz Hrvatske i bilo koje druge zemlje","og_url":"https:\/\/onlinelotto365.com\/hr\/igrajte\/powerball\/","og_site_name":"OnlineLotto365","article_modified_time":"2021-03-07T11:01:41+00:00","og_image":[{"url":"https:\/\/redfoxlotto.com\/image?size=8&amp;lottery=powerball"}],"twitter_card":"summary_large_image","twitter_misc":{"Procijenjeno vrijeme \u010ditanja":"5 minuta"},"schema":{"@context":"https:\/\/schema.org","@graph":[{"@type":"WebPage","@id":"https:\/\/onlinelotto365.com\/hr\/igrajte\/powerball\/","url":"https:\/\/onlinelotto365.com\/hr\/igrajte\/powerball\/","name":"Preuzmite u Hrvatskoj listi\u0107e za veliku ameri\u010dku lutriju iz Hrvatske | Mogu li osvojiti Powerball iz Hrvatske","isPartOf":{"@id":"https:\/\/onlinelotto365.com\/hr\/#website"},"primaryImageOfPage":{"@id":"https:\/\/onlinelotto365.com\/hr\/igrajte\/powerball\/#primaryimage"},"image":{"@id":"https:\/\/onlinelotto365.com\/hr\/igrajte\/powerball\/#primaryimage"},"thumbnailUrl":"https:\/\/redfoxlotto.com\/image?size=8&amp;lottery=powerball","datePublished":"2020-12-13T08:55:02+00:00","dateModified":"2021-03-07T11:01:41+00:00","description":"Ovdje igrajte Powerball Lotto - najve\u0107u ameri\u010dku lutriju, dostupnu na mre\u017ei iz Hrvatske i bilo koje druge zemlje","breadcrumb":{"@id":"https:\/\/onlinelotto365.com\/hr\/igrajte\/powerball\/#breadcrumb"},"inLanguage":"hr","potentialAction":[{"@type":"ReadAction","target":["https:\/\/onlinelotto365.com\/hr\/igrajte\/powerball\/"]}]},{"@type":"ImageObject","inLanguage":"hr","@id":"https:\/\/onlinelotto365.com\/hr\/igrajte\/powerball\/#primaryimage","url":"https:\/\/redfoxlotto.com\/image?size=8&amp;lottery=powerball","contentUrl":"https:\/\/redfoxlotto.com\/image?size=8&amp;lottery=powerball"},{"@type":"BreadcrumbList","@id":"https:\/\/onlinelotto365.com\/hr\/igrajte\/powerball\/#breadcrumb","itemListElement":[{"@type":"ListItem","position":1,"name":"Home","item":"https:\/\/onlinelotto365.com\/hr\/"},{"@type":"ListItem","position":2,"name":"Sve \u0161to morate znati o va\u0161im mogu\u0107nostima igranja najboljih lutrija online","item":"https:\/\/onlinelotto365.com\/hr\/play\/"},{"@type":"ListItem","position":3,"name":"Powerball iz Hrvatske"}]},{"@type":"WebSite","@id":"https:\/\/onlinelotto365.com\/hr\/#website","url":"https:\/\/onlinelotto365.com\/hr\/","name":"OnlineLotto365","description":"","potentialAction":[{"@type":"SearchAction","target":{"@type":"EntryPoint","urlTemplate":"https:\/\/onlinelotto365.com\/hr\/?s={search_term_string}"},"query-input":{"@type":"PropertyValueSpecification","valueRequired":true,"valueName":"search_term_string"}}],"inLanguage":"hr"}]}},"_links":{"self":[{"href":"https:\/\/onlinelotto365.com\/hr\/wp-json\/wp\/v2\/pages\/9539","targetHints":{"allow":["GET"]}}],"collection":[{"href":"https:\/\/onlinelotto365.com\/hr\/wp-json\/wp\/v2\/pages"}],"about":[{"href":"https:\/\/onlinelotto365.com\/hr\/wp-json\/wp\/v2\/types\/page"}],"author":[{"embeddable":true,"href":"https:\/\/onlinelotto365.com\/hr\/wp-json\/wp\/v2\/users\/1"}],"replies":[{"embeddable":true,"href":"https:\/\/onlinelotto365.com\/hr\/wp-json\/wp\/v2\/comments?post=9539"}],"version-history":[{"count":0,"href":"https:\/\/onlinelotto365.com\/hr\/wp-json\/wp\/v2\/pages\/9539\/revisions"}],"up":[{"embeddable":true,"href":"https:\/\/onlinelotto365.com\/hr\/wp-json\/wp\/v2\/pages\/5011"}],"wp:attachment":[{"href":"https:\/\/onlinelotto365.com\/hr\/wp-json\/wp\/v2\/media?parent=9539"}],"curies":[{"name":"wp","href":"https:\/\/api.w.org\/{rel}","templated":true}]}}