{"id":9888,"date":"2020-12-15T17:46:52","date_gmt":"2020-12-15T16:46:52","guid":{"rendered":"http:\/\/onlinelotto365.net\/?page_id=9888"},"modified":"2021-03-18T10:26:39","modified_gmt":"2021-03-18T09:26:39","slug":"mega-millions","status":"publish","type":"page","link":"https:\/\/onlinelotto365.com\/hr\/igrajte\/mega-millions\/","title":{"rendered":"Mega Millions online"},"content":{"rendered":"<h2>O Mega Millions<\/h2>\n<p>Ovo je vjerojatno najpoznatija lutrija na svijetu. Pru\u017eanje ljubiteljima lota iz Hrvatske mogu\u0107nost da igraju Mega Millions online poma\u017ee igra\u010dima da ostvare svoje snove. Ako \u017eivite u Hrvatskoj, jo\u0161 uvijek mo\u017eete igrati Mega Millions s online listi\u0107em. Na\u0161a usluga je potpuno legalna i dajemo vam priliku da sudjelujete u ovoj mega-lutriji iz SAD-a.<br \/>\n<a href=\"https:\/\/redfoxlotto.com\/play\/mega-millions\/?ref=a8564250a2&amp;medium=ol365\" target=\"_blank\" rel=\"noopener noreferrer\"><img decoding=\"async\" class=\"aligncenter\" src=\"https:\/\/redfoxlotto.com\/image?size=8&amp;lottery=mega-millions\" alt=\"mega millions\" \/><\/a><\/p>\n<ul>\n<li>Zemlja: SAD<\/li>\n<li>Raspon glavnih brojeva: 70<\/li>\n<li>Vi morate odabrati: 5<\/li>\n<li>Raspon dodatnih brojeva: 25<\/li>\n<li>Vi morate odabrati: 1<\/li>\n<li>Dani, sati izvla\u010denja: Utorak, petak, , 21:00 EST &#8211; +1 dan 3:00 CET<\/li>\n<li>Mega Millions jackpot po\u010dinje na: $ 40 milijuna<\/li>\n<li>Mega Millions jackpot najvi\u0161i iznos: nema<\/li>\n<li>\u0160ansa da osvojite jackpot: 1 u 175711536<\/li>\n<li>\u0160ansa da osvojite drugu nagradu: 1 u 3819816<\/li>\n<li>\u0160ansa da osvojite bilo koju nagradu: 1 u 24,12<\/li>\n<li>Broj kategorija nagrada: 9<\/li>\n<\/ul>\n<h2>Najbolje zna\u010dajke Mega Millionsa<\/h2>\n<p><img loading=\"lazy\" decoding=\"async\" class=\"alignright wp-image-1026\" src=\"https:\/\/onlinelotto365.com\/wp-content\/uploads\/2020\/11\/online_lottery-85.jpg\" alt=\"igrajte mega millions online\" width=\"189\" height=\"162\" \/><\/p>\n<p>Glavna atrakcija Mega Millionsa je, naravno, veli\u010dina jackpotova. Jackpot Mega Millionsa nikada ne\u0107e biti manji od 40 milijuna dolara. Svaki put kad netko osvoji jackpot, on kre\u0107e iznova od ovog minimalnog iznosa od 40 milijuna dolara. S dva izvla\u010denja tjedno, Mega Millions jackpot raste prili\u010dno brzo. U SAD-u milijuni ljudi igraju Mega Millions svaki tjedan, a puno ljudi iz drugih zemalja poput Hrvatske igra Mega Millions i online.<\/p>\n<p>Tako da je normalno da Mega Millions jackpot naraste za 10 milijuna dolara nakon svakog izvla\u010denja (osim ako netko ne osvoji jackpot). To je ukupno oko 20 milijuna dolara tjedno, jer postoje dva izvla\u010denja tjedno.<\/p>\n<p>A kad jackpot naraste preko 100 milijuna dolara, prodaje se jo\u0161 vi\u0161e listi\u0107a, kako u loto trgovinama, tako i igra\u010dima online. U mnogim prilikama jackpot je dosegao iznos od 400 milijuna dolara i vi\u0161e. I od tog trenutka nadalje, tjedni rast od 100 milijuna dolara je normalan, zbog sve ve\u0107e prodaje listi\u0107a. Trenutni rekordni jackpot iznosi 1500 milijuna dolara (da, 1,5 milijardi USD!).<\/p>\n<h2>Kako provjeriti rezultate Mega Millionsa<\/h2>\n<p><img loading=\"lazy\" decoding=\"async\" class=\"alignright size-full wp-image-1103\" src=\"https:\/\/onlinelotto365.com\/wp-content\/uploads\/2020\/11\/online_lottery-93.jpg\" alt=\"mega millions Hrvatska\" width=\"212\" height=\"142\" \/><\/p>\n<p>Ako \u017eivite u Hrvatskoj ili u bilo kojoj drugoj zemlji izvan SAD-a, najvjerojatnije ne\u0107ete mo\u0107i saznati dobitne brojeve na lokalnom radiju ili tv kanalu. Mo\u017eete posjetiti slu\u017ebenu web stranicu Mega Millionsa, ali za vas postoji jedno puno lak\u0161e rje\u0161enje. Samo se vratite na na\u0161u web stranicu i pogledajte na\u0161u stranicu s rezultatima. Rezultate za sve lutrije objavljujemo upravo ovdje.<\/p>\n<p>Poslat \u0107emo vam i e-mail s obavijesti o dobitku &#8211; ako ste igrali online i na svom ra\u010dunu imate listi\u0107 za Mega Millions.<\/p>\n<p>Tako\u0111er, mo\u017eete provjeriti svoje vlastite rezultate lutrije na svom igra\u010dem ra\u010dunu. Jednom kada ste odigrali Mega Millions online na na\u0161oj web stranici, listi\u0107 ili listi\u0107i koje ste igrali spremaju se na va\u0161 ra\u010dun. Nakon izvla\u010denja mo\u017eete se vratiti tamo i odmah usporediti svoj listi\u0107 Mega Millions s najnovijim dobitnim brojevima.<\/p>\n<h2>Igrali ste Mega Millions online i osvojili \u2013 \u0161to se doga\u0111a dalje?<\/h2>\n<p>Ako ste osvojili ve\u0107u nagradu, na\u0161 tim za podr\u0161ku poslat \u0107e vam poruku s uputama kako dalje. Onda \u0107ete morati popuniti obrazac koji \u0107emo vam pru\u017eiti. Na\u0161 tim \u0107e poslati va\u0161 obrazac komisiji za lutriju. Obrazac \u0107e tako\u0111er sadr\u017eavati podatke o va\u0161em bankovnom ra\u010dunu ili va\u0161oj fizi\u010dkoj adresi u Hrvatskoj (ili gdje god \u017eivite), a vi u tom obrascu morate definirati i svoje \u017eelje glede na\u010dina isplate. U roku od nekoliko dana novac \u0107ete dobiti na na\u010din koji ste odabrali za isplatu.<\/p>\n<p>I ako osvojite manji iznos novca (to\u010dnije, do 2500 \u20ac), isplata \u0107e odmah sjesti na va\u0161 igra\u010di ra\u010dun &#8211; samo provjerite svoje stanje. Tada mo\u017eete odlu\u010diti \u017eelite li sredstva ostaviti tamo i koristiti ih za nastavak igranja drugih lutrija (ili Mega Millionsa) online, ili mo\u017eete uzeti svoj novac.<\/p>\n","protected":false},"excerpt":{"rendered":"<p>O Mega Millions Ovo je vjerojatno najpoznatija lutrija na svijetu. Pru\u017eanje ljubiteljima lota iz Hrvatske mogu\u0107nost da igraju Mega Millions online poma\u017ee igra\u010dima da ostvare svoje snove. Ako \u017eivite u Hrvatskoj, jo\u0161 uvijek mo\u017eete igrati Mega Millions s online listi\u0107em. Na\u0161a usluga je potpuno legalna i dajemo vam priliku da sudjelujete u ovoj mega-lutriji iz [&hellip;]<\/p>\n","protected":false},"author":1,"featured_media":0,"parent":5011,"menu_order":2,"comment_status":"closed","ping_status":"closed","template":"megamillion.php","meta":{"_et_pb_use_builder":"","_et_pb_old_content":"","_et_gb_content_width":"","exclude_from_search":false,"footnotes":""},"class_list":["post-9888","page","type-page","status-publish","hentry"],"yoast_head":"<!-- This site is optimized with the Yoast SEO plugin v23.4 - https:\/\/yoast.com\/wordpress\/plugins\/seo\/ -->\n<title>Igrajte Mega Millions SAD online | Kako stanovnici Hrvatske mogu legalno sudjelovati u Mega Millions<\/title>\n<meta name=\"description\" content=\"Sada i vi mo\u017eete igrati Mega Millions - na\u0161a online usluga vam omogu\u0107uje da kupite listi\u0107e za Mega Millions iz Hrvatske\" \/>\n<meta name=\"robots\" content=\"index, follow, max-snippet:-1, max-image-preview:large, max-video-preview:-1\" \/>\n<link rel=\"canonical\" href=\"https:\/\/onlinelotto365.com\/hr\/igrajte\/mega-millions\/\" \/>\n<meta property=\"og:locale\" content=\"hr_HR\" \/>\n<meta property=\"og:type\" content=\"article\" \/>\n<meta property=\"og:title\" content=\"Igrajte Mega Millions SAD online | Kako stanovnici Hrvatske mogu legalno sudjelovati u Mega Millions\" \/>\n<meta property=\"og:description\" content=\"Sada i vi mo\u017eete igrati Mega Millions - na\u0161a online usluga vam omogu\u0107uje da kupite listi\u0107e za Mega Millions iz Hrvatske\" \/>\n<meta property=\"og:url\" content=\"https:\/\/onlinelotto365.com\/hr\/igrajte\/mega-millions\/\" \/>\n<meta property=\"og:site_name\" content=\"OnlineLotto365\" \/>\n<meta property=\"article:modified_time\" content=\"2021-03-18T09:26:39+00:00\" \/>\n<meta property=\"og:image\" content=\"https:\/\/redfoxlotto.com\/image?size=8&amp;lottery=mega-millions\" \/>\n<meta name=\"twitter:card\" content=\"summary_large_image\" \/>\n<meta name=\"twitter:label1\" content=\"Procijenjeno vrijeme \u010ditanja\" \/>\n\t<meta name=\"twitter:data1\" content=\"4 minute\" \/>\n<script type=\"application\/ld+json\" class=\"yoast-schema-graph\">{\"@context\":\"https:\/\/schema.org\",\"@graph\":[{\"@type\":\"WebPage\",\"@id\":\"https:\/\/onlinelotto365.com\/hr\/igrajte\/mega-millions\/\",\"url\":\"https:\/\/onlinelotto365.com\/hr\/igrajte\/mega-millions\/\",\"name\":\"Igrajte Mega Millions SAD online | Kako stanovnici Hrvatske mogu legalno sudjelovati u Mega Millions\",\"isPartOf\":{\"@id\":\"https:\/\/onlinelotto365.com\/hr\/#website\"},\"primaryImageOfPage\":{\"@id\":\"https:\/\/onlinelotto365.com\/hr\/igrajte\/mega-millions\/#primaryimage\"},\"image\":{\"@id\":\"https:\/\/onlinelotto365.com\/hr\/igrajte\/mega-millions\/#primaryimage\"},\"thumbnailUrl\":\"https:\/\/redfoxlotto.com\/image?size=8&amp;lottery=mega-millions\",\"datePublished\":\"2020-12-15T16:46:52+00:00\",\"dateModified\":\"2021-03-18T09:26:39+00:00\",\"description\":\"Sada i vi mo\u017eete igrati Mega Millions - na\u0161a online usluga vam omogu\u0107uje da kupite listi\u0107e za Mega Millions iz Hrvatske\",\"breadcrumb\":{\"@id\":\"https:\/\/onlinelotto365.com\/hr\/igrajte\/mega-millions\/#breadcrumb\"},\"inLanguage\":\"hr\",\"potentialAction\":[{\"@type\":\"ReadAction\",\"target\":[\"https:\/\/onlinelotto365.com\/hr\/igrajte\/mega-millions\/\"]}]},{\"@type\":\"ImageObject\",\"inLanguage\":\"hr\",\"@id\":\"https:\/\/onlinelotto365.com\/hr\/igrajte\/mega-millions\/#primaryimage\",\"url\":\"https:\/\/redfoxlotto.com\/image?size=8&amp;lottery=mega-millions\",\"contentUrl\":\"https:\/\/redfoxlotto.com\/image?size=8&amp;lottery=mega-millions\"},{\"@type\":\"BreadcrumbList\",\"@id\":\"https:\/\/onlinelotto365.com\/hr\/igrajte\/mega-millions\/#breadcrumb\",\"itemListElement\":[{\"@type\":\"ListItem\",\"position\":1,\"name\":\"Home\",\"item\":\"https:\/\/onlinelotto365.com\/hr\/\"},{\"@type\":\"ListItem\",\"position\":2,\"name\":\"Sve \u0161to morate znati o va\u0161im mogu\u0107nostima igranja najboljih lutrija online\",\"item\":\"https:\/\/onlinelotto365.com\/hr\/play\/\"},{\"@type\":\"ListItem\",\"position\":3,\"name\":\"Mega Millions online\"}]},{\"@type\":\"WebSite\",\"@id\":\"https:\/\/onlinelotto365.com\/hr\/#website\",\"url\":\"https:\/\/onlinelotto365.com\/hr\/\",\"name\":\"OnlineLotto365\",\"description\":\"\",\"potentialAction\":[{\"@type\":\"SearchAction\",\"target\":{\"@type\":\"EntryPoint\",\"urlTemplate\":\"https:\/\/onlinelotto365.com\/hr\/?s={search_term_string}\"},\"query-input\":{\"@type\":\"PropertyValueSpecification\",\"valueRequired\":true,\"valueName\":\"search_term_string\"}}],\"inLanguage\":\"hr\"}]}<\/script>\n<!-- \/ Yoast SEO plugin. -->","yoast_head_json":{"title":"Igrajte Mega Millions SAD online | Kako stanovnici Hrvatske mogu legalno sudjelovati u Mega Millions","description":"Sada i vi mo\u017eete igrati Mega Millions - na\u0161a online usluga vam omogu\u0107uje da kupite listi\u0107e za Mega Millions iz Hrvatske","robots":{"index":"index","follow":"follow","max-snippet":"max-snippet:-1","max-image-preview":"max-image-preview:large","max-video-preview":"max-video-preview:-1"},"canonical":"https:\/\/onlinelotto365.com\/hr\/igrajte\/mega-millions\/","og_locale":"hr_HR","og_type":"article","og_title":"Igrajte Mega Millions SAD online | Kako stanovnici Hrvatske mogu legalno sudjelovati u Mega Millions","og_description":"Sada i vi mo\u017eete igrati Mega Millions - na\u0161a online usluga vam omogu\u0107uje da kupite listi\u0107e za Mega Millions iz Hrvatske","og_url":"https:\/\/onlinelotto365.com\/hr\/igrajte\/mega-millions\/","og_site_name":"OnlineLotto365","article_modified_time":"2021-03-18T09:26:39+00:00","og_image":[{"url":"https:\/\/redfoxlotto.com\/image?size=8&amp;lottery=mega-millions"}],"twitter_card":"summary_large_image","twitter_misc":{"Procijenjeno vrijeme \u010ditanja":"4 minute"},"schema":{"@context":"https:\/\/schema.org","@graph":[{"@type":"WebPage","@id":"https:\/\/onlinelotto365.com\/hr\/igrajte\/mega-millions\/","url":"https:\/\/onlinelotto365.com\/hr\/igrajte\/mega-millions\/","name":"Igrajte Mega Millions SAD online | Kako stanovnici Hrvatske mogu legalno sudjelovati u Mega Millions","isPartOf":{"@id":"https:\/\/onlinelotto365.com\/hr\/#website"},"primaryImageOfPage":{"@id":"https:\/\/onlinelotto365.com\/hr\/igrajte\/mega-millions\/#primaryimage"},"image":{"@id":"https:\/\/onlinelotto365.com\/hr\/igrajte\/mega-millions\/#primaryimage"},"thumbnailUrl":"https:\/\/redfoxlotto.com\/image?size=8&amp;lottery=mega-millions","datePublished":"2020-12-15T16:46:52+00:00","dateModified":"2021-03-18T09:26:39+00:00","description":"Sada i vi mo\u017eete igrati Mega Millions - na\u0161a online usluga vam omogu\u0107uje da kupite listi\u0107e za Mega Millions iz Hrvatske","breadcrumb":{"@id":"https:\/\/onlinelotto365.com\/hr\/igrajte\/mega-millions\/#breadcrumb"},"inLanguage":"hr","potentialAction":[{"@type":"ReadAction","target":["https:\/\/onlinelotto365.com\/hr\/igrajte\/mega-millions\/"]}]},{"@type":"ImageObject","inLanguage":"hr","@id":"https:\/\/onlinelotto365.com\/hr\/igrajte\/mega-millions\/#primaryimage","url":"https:\/\/redfoxlotto.com\/image?size=8&amp;lottery=mega-millions","contentUrl":"https:\/\/redfoxlotto.com\/image?size=8&amp;lottery=mega-millions"},{"@type":"BreadcrumbList","@id":"https:\/\/onlinelotto365.com\/hr\/igrajte\/mega-millions\/#breadcrumb","itemListElement":[{"@type":"ListItem","position":1,"name":"Home","item":"https:\/\/onlinelotto365.com\/hr\/"},{"@type":"ListItem","position":2,"name":"Sve \u0161to morate znati o va\u0161im mogu\u0107nostima igranja najboljih lutrija online","item":"https:\/\/onlinelotto365.com\/hr\/play\/"},{"@type":"ListItem","position":3,"name":"Mega Millions online"}]},{"@type":"WebSite","@id":"https:\/\/onlinelotto365.com\/hr\/#website","url":"https:\/\/onlinelotto365.com\/hr\/","name":"OnlineLotto365","description":"","potentialAction":[{"@type":"SearchAction","target":{"@type":"EntryPoint","urlTemplate":"https:\/\/onlinelotto365.com\/hr\/?s={search_term_string}"},"query-input":{"@type":"PropertyValueSpecification","valueRequired":true,"valueName":"search_term_string"}}],"inLanguage":"hr"}]}},"_links":{"self":[{"href":"https:\/\/onlinelotto365.com\/hr\/wp-json\/wp\/v2\/pages\/9888","targetHints":{"allow":["GET"]}}],"collection":[{"href":"https:\/\/onlinelotto365.com\/hr\/wp-json\/wp\/v2\/pages"}],"about":[{"href":"https:\/\/onlinelotto365.com\/hr\/wp-json\/wp\/v2\/types\/page"}],"author":[{"embeddable":true,"href":"https:\/\/onlinelotto365.com\/hr\/wp-json\/wp\/v2\/users\/1"}],"replies":[{"embeddable":true,"href":"https:\/\/onlinelotto365.com\/hr\/wp-json\/wp\/v2\/comments?post=9888"}],"version-history":[{"count":0,"href":"https:\/\/onlinelotto365.com\/hr\/wp-json\/wp\/v2\/pages\/9888\/revisions"}],"up":[{"embeddable":true,"href":"https:\/\/onlinelotto365.com\/hr\/wp-json\/wp\/v2\/pages\/5011"}],"wp:attachment":[{"href":"https:\/\/onlinelotto365.com\/hr\/wp-json\/wp\/v2\/media?parent=9888"}],"curies":[{"name":"wp","href":"https:\/\/api.w.org\/{rel}","templated":true}]}}