{"id":9890,"date":"2020-12-15T17:48:22","date_gmt":"2020-12-15T16:48:22","guid":{"rendered":"http:\/\/onlinelotto365.net\/?page_id=9890"},"modified":"2021-03-06T20:42:32","modified_gmt":"2021-03-06T19:42:32","slug":"euromillions","status":"publish","type":"page","link":"https:\/\/onlinelotto365.com\/hr\/igrajte\/euromillions\/","title":{"rendered":"Vi\u0161e lutrija za loto igra\u010de iz Hrvatske"},"content":{"rendered":"<p>Ako vam samo lokalna lutrija na dohvat ruke nije privla\u010dna? U vama su u Hrvatskoj, lutrije poput Euromilliona sigurno izgledaju puno atraktivnije. Kao gra\u0111anin Hrvatske mo\u017eda niste uspjeli dobiti kartu za te lutrije. Ali \u010dekajte &#8211; sada postoji rje\u0161enje!<\/p>\n<p><a href=\"https:\/\/redfoxlotto.com\/play\/euromillions\/?ref=a8564250a2&amp;medium=ol365\" target=\"_blank\" rel=\"noopener noreferrer\"><img loading=\"lazy\" decoding=\"async\" class=\"aligncenter\" src=\"https:\/\/redfoxlotto.com\/image?size=8&amp;lottery=euromillions\" alt=\"Euromillions\" width=\"720\" height=\"90\" \/><\/a><\/p>\n<h2>RedFoxLotto vam daje pristup Euromillionu<\/h2>\n<p><a href=\"https:\/\/redfoxlotto.com\/hr\/?ref=A8564250A2&amp;medium=ol365\" target=\"_blank\" rel=\"noopener\">Ako posjetite RedFoxLotto.com klikom na ovaj link<\/a>, prva stvar koju vidite je popis razli\u010ditih me\u0111unarodnih lutrija. Popis je poredan po veli\u010dini jackpota. Mo\u017eete prona\u0107i Euromillions i kliknuti na njih, ili ako vidite jo\u0161 jednu lutriju s jo\u0161 vi\u0161im jackpotom, slobodno je odaberite. Zatim odabirete brojeve. Ne brinite ako ne znate koliko brojeva morate kliknuti. Web-mjesto \u0107e vam re\u0107i ako vam nedostaje broj. Naravno, mo\u017eete dodati vi\u0161e ulaznica, a mo\u017eete \u010dak i igrati vi\u0161e lutrija. Zatim registrirate ra\u010dun s RedFoxlotto.<\/p>\n<h2>Vi\u0161e informacija o Euromilionima<\/h2>\n<ul>\n<li>Lutrija se odr\u017eava u raznim europskim zemljama<\/li>\n<li>Koliko glavnih brojeva mo\u017eete odabrati: 50<\/li>\n<li>Morate odabrati: 5<\/li>\n<li>Koliko dodatnih brojeva mo\u017eete odabrati: 12<\/li>\n<li>Morate odabrati: 2<\/li>\n<li>Izvla\u010denje dana, sati: utorak, petak 19:30 GMT &#8211; 20:30 CET<\/li>\n<li>Minimalni jackpot: 17 milijuna eura<\/li>\n<li>Maksimalni iznos Jackpota: 190 milijuna eura<\/li>\n<li>Mogu\u0107a kombinacija brojeva za dobitak jackpota: 1 u 186.450.880<\/li>\n<li>Mogu\u0107a kombinacija brojeva za pobjedu 2. razine: 1 u 2.118.760<\/li>\n<li>Vjerojatnost pobjede u bilo kojem stupnju: 1 u 12,98<\/li>\n<li>Koliko razina nagrada: 13<\/li>\n<li>Posebna izvla\u010denja za Euromillions: tri puta godi\u0161nje jackpot je postavljen na 140 milijuna eura<\/li>\n<\/ul>\n<p><img loading=\"lazy\" decoding=\"async\" class=\"alignright wp-image-1873\" style=\"font-size: 16px; font-weight: inherit;\" src=\"https:\/\/onlinelotto365.com\/wp-content\/uploads\/2020\/11\/online_lottery-167-300x197.jpg\" alt=\"igrajte euromillions online\" width=\"203\" height=\"134\" \/><\/p>\n<p>Morate potvrditi svoju adresu e-po\u0161te &#8211; samo slijedite upute na zaslonu. Pla\u0107anje je tako\u0111er dovoljno jednostavno. Postoji niz opcija kao \u0161to su Paypal, Skrill, kreditna kartica ili bankovni transfer. Kada platite, ulaznica \u0107e se pojaviti na va\u0161em ra\u010dunu. Mo\u017eete vidjeti svoje brojeve, a nakon \u0161to su izvu\u010deni brojevi za va\u0161e lutrije, na Va\u0161em \u0107e se ra\u010dunu prikazati i izvu\u010deni brojevi pored odabranog broja. Dobitni brojevi su istaknuti tako da mo\u017eete brzo vidjeti da li su va\u0161e ulaznice ne\u0161to osvojile ili ne.<\/p>\n<h2>Vi\u0161e lutrija koje mo\u017eete izabrati za ljubitelje lotoa iz Hrvatske<\/h2>\n<p>Uz Euromillions ili Eurojackpot, preporu\u010dujemo da provjerite velike ameri\u010dke lutrije Powerball i Mega Millions. Njihovi d\u017eekpotovi \u010desto su mnogo ve\u0107i, a iznose vi\u0161e od 300 milijuna dolara su \u010deste. Ali tu je i talijanski Superenalotto. Najbolja stvar koju mo\u017eete u\u010diniti je usporediti jackpote prije igranja. Uvijek ide za lutriju s najve\u0107im jackpotom je svakako strategija koja ima smisla s ekonomskog stajali\u0161ta! Ne dopustite da vas \u010dinjenica da \u017eivite u Hrvatskoj sprije\u010di da igrate Euromillions &#8211; igrajte online jo\u0161 danas!<\/p>\n","protected":false},"excerpt":{"rendered":"<p>Ako vam samo lokalna lutrija na dohvat ruke nije privla\u010dna? U vama su u Hrvatskoj, lutrije poput Euromilliona sigurno izgledaju puno atraktivnije. Kao gra\u0111anin Hrvatske mo\u017eda niste uspjeli dobiti kartu za te lutrije. Ali \u010dekajte &#8211; sada postoji rje\u0161enje! RedFoxLotto vam daje pristup Euromillionu Ako posjetite RedFoxLotto.com klikom na ovaj link, prva stvar koju vidite [&hellip;]<\/p>\n","protected":false},"author":1,"featured_media":0,"parent":5011,"menu_order":3,"comment_status":"closed","ping_status":"closed","template":"euromillions.php","meta":{"_et_pb_use_builder":"","_et_pb_old_content":"","_et_gb_content_width":"","exclude_from_search":false,"footnotes":""},"class_list":["post-9890","page","type-page","status-publish","hentry"],"yoast_head":"<!-- This site is optimized with the Yoast SEO plugin v23.4 - https:\/\/yoast.com\/wordpress\/plugins\/seo\/ -->\n<title>Mogu li gra\u0111ani Hrvatske sudjelovati u Euromillionu?<\/title>\n<meta name=\"description\" content=\"Igrajte EuroMillions Lotto, uz online ulaznicu, \u010dak i iz Hrvatske.\" \/>\n<meta name=\"robots\" content=\"index, follow, max-snippet:-1, max-image-preview:large, max-video-preview:-1\" \/>\n<link rel=\"canonical\" href=\"https:\/\/onlinelotto365.com\/hr\/igrajte\/euromillions\/\" \/>\n<meta property=\"og:locale\" content=\"hr_HR\" \/>\n<meta property=\"og:type\" content=\"article\" \/>\n<meta property=\"og:title\" content=\"Mogu li gra\u0111ani Hrvatske sudjelovati u Euromillionu?\" \/>\n<meta property=\"og:description\" content=\"Igrajte EuroMillions Lotto, uz online ulaznicu, \u010dak i iz Hrvatske.\" \/>\n<meta property=\"og:url\" content=\"https:\/\/onlinelotto365.com\/hr\/igrajte\/euromillions\/\" \/>\n<meta property=\"og:site_name\" content=\"OnlineLotto365\" \/>\n<meta property=\"article:modified_time\" content=\"2021-03-06T19:42:32+00:00\" \/>\n<meta property=\"og:image\" content=\"https:\/\/redfoxlotto.com\/image?size=8&amp;lottery=euromillions\" \/>\n<meta name=\"twitter:card\" content=\"summary_large_image\" \/>\n<meta name=\"twitter:label1\" content=\"Procijenjeno vrijeme \u010ditanja\" \/>\n\t<meta name=\"twitter:data1\" content=\"3 minute\" \/>\n<script type=\"application\/ld+json\" class=\"yoast-schema-graph\">{\"@context\":\"https:\/\/schema.org\",\"@graph\":[{\"@type\":\"WebPage\",\"@id\":\"https:\/\/onlinelotto365.com\/hr\/igrajte\/euromillions\/\",\"url\":\"https:\/\/onlinelotto365.com\/hr\/igrajte\/euromillions\/\",\"name\":\"Mogu li gra\u0111ani Hrvatske sudjelovati u Euromillionu?\",\"isPartOf\":{\"@id\":\"https:\/\/onlinelotto365.com\/hr\/#website\"},\"primaryImageOfPage\":{\"@id\":\"https:\/\/onlinelotto365.com\/hr\/igrajte\/euromillions\/#primaryimage\"},\"image\":{\"@id\":\"https:\/\/onlinelotto365.com\/hr\/igrajte\/euromillions\/#primaryimage\"},\"thumbnailUrl\":\"https:\/\/redfoxlotto.com\/image?size=8&amp;lottery=euromillions\",\"datePublished\":\"2020-12-15T16:48:22+00:00\",\"dateModified\":\"2021-03-06T19:42:32+00:00\",\"description\":\"Igrajte EuroMillions Lotto, uz online ulaznicu, \u010dak i iz Hrvatske.\",\"breadcrumb\":{\"@id\":\"https:\/\/onlinelotto365.com\/hr\/igrajte\/euromillions\/#breadcrumb\"},\"inLanguage\":\"hr\",\"potentialAction\":[{\"@type\":\"ReadAction\",\"target\":[\"https:\/\/onlinelotto365.com\/hr\/igrajte\/euromillions\/\"]}]},{\"@type\":\"ImageObject\",\"inLanguage\":\"hr\",\"@id\":\"https:\/\/onlinelotto365.com\/hr\/igrajte\/euromillions\/#primaryimage\",\"url\":\"https:\/\/redfoxlotto.com\/image?size=8&amp;lottery=euromillions\",\"contentUrl\":\"https:\/\/redfoxlotto.com\/image?size=8&amp;lottery=euromillions\"},{\"@type\":\"BreadcrumbList\",\"@id\":\"https:\/\/onlinelotto365.com\/hr\/igrajte\/euromillions\/#breadcrumb\",\"itemListElement\":[{\"@type\":\"ListItem\",\"position\":1,\"name\":\"Home\",\"item\":\"https:\/\/onlinelotto365.com\/hr\/\"},{\"@type\":\"ListItem\",\"position\":2,\"name\":\"Sve \u0161to morate znati o va\u0161im mogu\u0107nostima igranja najboljih lutrija online\",\"item\":\"https:\/\/onlinelotto365.com\/hr\/play\/\"},{\"@type\":\"ListItem\",\"position\":3,\"name\":\"Vi\u0161e lutrija za loto igra\u010de iz Hrvatske\"}]},{\"@type\":\"WebSite\",\"@id\":\"https:\/\/onlinelotto365.com\/hr\/#website\",\"url\":\"https:\/\/onlinelotto365.com\/hr\/\",\"name\":\"OnlineLotto365\",\"description\":\"\",\"potentialAction\":[{\"@type\":\"SearchAction\",\"target\":{\"@type\":\"EntryPoint\",\"urlTemplate\":\"https:\/\/onlinelotto365.com\/hr\/?s={search_term_string}\"},\"query-input\":{\"@type\":\"PropertyValueSpecification\",\"valueRequired\":true,\"valueName\":\"search_term_string\"}}],\"inLanguage\":\"hr\"}]}<\/script>\n<!-- \/ Yoast SEO plugin. -->","yoast_head_json":{"title":"Mogu li gra\u0111ani Hrvatske sudjelovati u Euromillionu?","description":"Igrajte EuroMillions Lotto, uz online ulaznicu, \u010dak i iz Hrvatske.","robots":{"index":"index","follow":"follow","max-snippet":"max-snippet:-1","max-image-preview":"max-image-preview:large","max-video-preview":"max-video-preview:-1"},"canonical":"https:\/\/onlinelotto365.com\/hr\/igrajte\/euromillions\/","og_locale":"hr_HR","og_type":"article","og_title":"Mogu li gra\u0111ani Hrvatske sudjelovati u Euromillionu?","og_description":"Igrajte EuroMillions Lotto, uz online ulaznicu, \u010dak i iz Hrvatske.","og_url":"https:\/\/onlinelotto365.com\/hr\/igrajte\/euromillions\/","og_site_name":"OnlineLotto365","article_modified_time":"2021-03-06T19:42:32+00:00","og_image":[{"url":"https:\/\/redfoxlotto.com\/image?size=8&amp;lottery=euromillions"}],"twitter_card":"summary_large_image","twitter_misc":{"Procijenjeno vrijeme \u010ditanja":"3 minute"},"schema":{"@context":"https:\/\/schema.org","@graph":[{"@type":"WebPage","@id":"https:\/\/onlinelotto365.com\/hr\/igrajte\/euromillions\/","url":"https:\/\/onlinelotto365.com\/hr\/igrajte\/euromillions\/","name":"Mogu li gra\u0111ani Hrvatske sudjelovati u Euromillionu?","isPartOf":{"@id":"https:\/\/onlinelotto365.com\/hr\/#website"},"primaryImageOfPage":{"@id":"https:\/\/onlinelotto365.com\/hr\/igrajte\/euromillions\/#primaryimage"},"image":{"@id":"https:\/\/onlinelotto365.com\/hr\/igrajte\/euromillions\/#primaryimage"},"thumbnailUrl":"https:\/\/redfoxlotto.com\/image?size=8&amp;lottery=euromillions","datePublished":"2020-12-15T16:48:22+00:00","dateModified":"2021-03-06T19:42:32+00:00","description":"Igrajte EuroMillions Lotto, uz online ulaznicu, \u010dak i iz Hrvatske.","breadcrumb":{"@id":"https:\/\/onlinelotto365.com\/hr\/igrajte\/euromillions\/#breadcrumb"},"inLanguage":"hr","potentialAction":[{"@type":"ReadAction","target":["https:\/\/onlinelotto365.com\/hr\/igrajte\/euromillions\/"]}]},{"@type":"ImageObject","inLanguage":"hr","@id":"https:\/\/onlinelotto365.com\/hr\/igrajte\/euromillions\/#primaryimage","url":"https:\/\/redfoxlotto.com\/image?size=8&amp;lottery=euromillions","contentUrl":"https:\/\/redfoxlotto.com\/image?size=8&amp;lottery=euromillions"},{"@type":"BreadcrumbList","@id":"https:\/\/onlinelotto365.com\/hr\/igrajte\/euromillions\/#breadcrumb","itemListElement":[{"@type":"ListItem","position":1,"name":"Home","item":"https:\/\/onlinelotto365.com\/hr\/"},{"@type":"ListItem","position":2,"name":"Sve \u0161to morate znati o va\u0161im mogu\u0107nostima igranja najboljih lutrija online","item":"https:\/\/onlinelotto365.com\/hr\/play\/"},{"@type":"ListItem","position":3,"name":"Vi\u0161e lutrija za loto igra\u010de iz Hrvatske"}]},{"@type":"WebSite","@id":"https:\/\/onlinelotto365.com\/hr\/#website","url":"https:\/\/onlinelotto365.com\/hr\/","name":"OnlineLotto365","description":"","potentialAction":[{"@type":"SearchAction","target":{"@type":"EntryPoint","urlTemplate":"https:\/\/onlinelotto365.com\/hr\/?s={search_term_string}"},"query-input":{"@type":"PropertyValueSpecification","valueRequired":true,"valueName":"search_term_string"}}],"inLanguage":"hr"}]}},"_links":{"self":[{"href":"https:\/\/onlinelotto365.com\/hr\/wp-json\/wp\/v2\/pages\/9890","targetHints":{"allow":["GET"]}}],"collection":[{"href":"https:\/\/onlinelotto365.com\/hr\/wp-json\/wp\/v2\/pages"}],"about":[{"href":"https:\/\/onlinelotto365.com\/hr\/wp-json\/wp\/v2\/types\/page"}],"author":[{"embeddable":true,"href":"https:\/\/onlinelotto365.com\/hr\/wp-json\/wp\/v2\/users\/1"}],"replies":[{"embeddable":true,"href":"https:\/\/onlinelotto365.com\/hr\/wp-json\/wp\/v2\/comments?post=9890"}],"version-history":[{"count":0,"href":"https:\/\/onlinelotto365.com\/hr\/wp-json\/wp\/v2\/pages\/9890\/revisions"}],"up":[{"embeddable":true,"href":"https:\/\/onlinelotto365.com\/hr\/wp-json\/wp\/v2\/pages\/5011"}],"wp:attachment":[{"href":"https:\/\/onlinelotto365.com\/hr\/wp-json\/wp\/v2\/media?parent=9890"}],"curies":[{"name":"wp","href":"https:\/\/api.w.org\/{rel}","templated":true}]}}