{"id":9896,"date":"2020-12-15T17:53:12","date_gmt":"2020-12-15T16:53:12","guid":{"rendered":"http:\/\/onlinelotto365.net\/?page_id=9896"},"modified":"2021-03-06T20:32:02","modified_gmt":"2021-03-06T19:32:02","slug":"el-gordo","status":"publish","type":"page","link":"https:\/\/onlinelotto365.com\/hr\/igrajte\/el-gordo\/","title":{"rendered":"El Gordo online"},"content":{"rendered":"<h2>Najbolja \u0161panjolska lutrija je sada dostupna svima<\/h2>\n<p>Ako \u017eivite u \u0160panjolskoj, ne moram vam obja\u0161njavati koliko je uzbudljiv El Gordo Loto. Me\u0111utim, mnogi igra\u010di tamo ne \u017eive, a mnogi nisu \u010dak ni \u010duli za najve\u0107u \u0161panjolsku lutriju. Do nedavno nije uop\u0107e bilo ni bitno, jer ju nitko osim \u0161panjolaca nije mogao igrati, jer su se listi\u0107i mogli kupiti samo i isklju\u010divo u \u0160panjolskoj.<\/p>\n<p><a href=\"https:\/\/redfoxlotto.com\/play\/el-gordo-primitiva\/?ref=a8564250a2&amp;medium=ol365\" target=\"_blank\" rel=\"noopener noreferrer\"><img decoding=\"async\" class=\"aligncenter\" src=\"https:\/\/redfoxlotto.com\/image?size=8&amp;lottery=el-gordo-primitiva\" alt=\"el gordo la primitiva\" \/><\/a><\/p>\n<p>No uz malo \u010darolije Interneta, ovih dana vi\u0161e od 150 tisu\u0107a igra\u010da iz preko 140 zemalja svijeta sa zadovoljstvom igra El Gordo. Sve \u0161to morate u\u010diniti kako bi kupili listi\u0107e odmah jest da znate gdje se to mo\u017ee online. Tu \u0107emo vam mi pomo\u0107i.<\/p>\n<p>Postoji jedna izvrsna usluga pod nazivom RedFoxLotto gdje ne samo da mo\u017eete kupiti listi\u0107e za El Gordo online, nego mo\u017eete kupiti online i listi\u0107e svih drugi najve\u0107ih svijetskih lutrija. Oni vam to sve uvelike olak\u0161avaju, a unutar nekoliko kratkih minuta mo\u017eete izabrati koliko god ho\u0107ete listi\u0107a za sljede\u0107e izvla\u010denje, uz mogu\u0107nost igranja bilo koje druge lutrije.<\/p>\n<p>Stoga putem ove online usluge, uzbu\u0111enje igranja lutrije je naraslo do nevi\u0111enih razmjera. Zamislite koliko sada volite lutriju i pomno\u017eite taj broj sa deset ili dvadeset; zamislite kakav bi to bio osje\u0107aj. Tada, <a href=\"https:\/\/redfoxlotto.com\/hr\/?ref=A8564250A2&amp;campaign=ol\" target=\"_blank\" rel=\"noopener\">samo se morate registrirati na RedFoxLotto putem ovog linka<\/a> i pripremite se za zabavu.<\/p>\n<h2>O El Gordu<\/h2>\n<ul>\n<li>Dr\u017eava: \u0160panjolska<\/li>\n<li><span style=\"font-size: 16px;\"> Raspon glavnih brojeva: 54 <\/span><\/li>\n<li>Odaberete: 5<\/li>\n<li>Dodatni brojevi u rasponu: nema<\/li>\n<li>Odaberete: nijedan<\/li>\n<li>Izvla\u010denje dana, sati: nedjelja, 21:30 CET, 21:30 CET<\/li>\n<li>Minimalni jackpot: 4 milijuna eura<\/li>\n<li>Jackpot ograni\u010den na maksimum: bez maksimuma<\/li>\n<li>Vjerojatnost dobitka jackpota: 1 u 31.625.100<\/li>\n<li>Vjerojatnost pobjede 2. razine: 1 u 3.513.900<\/li>\n<li>Vjerojatnost pobjede u bilo kojem stupnju: 1 u 6,16<\/li>\n<li>Posebni doga\u0111aji za El Gordo: bo\u017ei\u0107ni specijal<\/li>\n<\/ul>\n<h2>El Gordo u prijevodu zna\u010di Veliki<\/h2>\n<p>Svaki El Gordo Jackpot je bio velik, \u0161to ljudi koji aktivno igraju lutriju jednostavno obo\u017eavaju. Nema vi\u0161e dana kad ste morali \u010dekati danima, nadaju\u0107i se da \u0107e jackpot va\u0161e omiljene lutrije malo porasti, dan za danom, dok ne postane toliko velik da ljudi hrle u trgovine i gaze jedni preko drugih kako bi kupili svoje listi\u0107e.<\/p>\n<p>No postoje mnoge druge lutrije diljem svijeta koje zapo\u010dinju s ogromnim jackpotom, koji onda poslje samo jo\u0161 vi\u0161e raste. Ovo je definitivno jedna od takvih lutrija. Na primjer, u vrijeme pisanja ovog \u010dlanka, trenutan jackpot je iznosio 23 milijuna eura.<\/p>\n<p>K tome, ako volite ovako velike jackpot iznose, a siguran sam da svi volimo, RedFoxLotto ima mnoge takve u svom repertoaru, a neki su jo\u0161 i ve\u0107i. Me\u0111utim, nije stvar u tome da igramo samo jedan loto, \u017eelimo ih odigrati nekoliko u isto vrijeme, a El Gordo je zasigurno jedan od onih koje vrijedi zaigrati.<\/p>\n<h2>Kako funkcionira ovaj loto<\/h2>\n<p><img loading=\"lazy\" decoding=\"async\" class=\" wp-image-1829 alignright\" src=\"https:\/\/onlinelotto365.com\/wp-content\/uploads\/2020\/11\/online_lottery-163.jpg\" alt=\"el gordo igrajte online\" width=\"299\" height=\"216\" \/><\/p>\n<p>Postoji ukupno 9 razli\u010ditih nagradnih kategorija kad igrate El Gordo. Pa iako svi \u017eelimo osvojiti jackpot, nikako nije lo\u0161e osvojiti i malo manju nagradu bilo kojeg iznosa, a ova popularna \u0161panjolska lutrija vam daje jo\u0161 bolju priliku za to, od ostalih sli\u010dnih lutrija.<\/p>\n<p>Tako\u0111er, za razliku od nekih dr\u017eava, dobitci na igrama na sre\u0107u su u \u0160panjolskoj neoporezivi. Mo\u017eda \u0107ete morati ili ne\u0107ete morati obavijestiti vladu o svojem dobitku, ovisno o va\u0161oj dr\u017eavi porijekla, ali neka mjesta zadr\u017eavaju porez na takve dobitke, iako takav porez mo\u017eda ni ne postoji u va\u0161oj dr\u017eavi. Iako mo\u017eete do\u0107i do tog novca, naporno je i ne morate se brinuti da \u0107e vam se to dogoditi kada igrate El Gordo.<\/p>\n<p>Me\u0111utim, \u010dak i u zemljama koje to rade, kada god osvojite jackpot, novac koji odmah dobijete, s porezom ili bez, bi vam trebao biti dovoljan da vas daleko dogura, pa vas to ne bi trebalo zamarati. Niti vas ne mora zamarati \u010dinjenica da morate otputovati u \u0160panjolsku kako bi preuzeli svoje milijune. Vjerovatno \u0107ete putovati puno vi\u0161e od toga, pa za\u0161to ne bi zapo\u010deli svoju karijeru jet-setera upravo tim putovanjem.<\/p>\n<h2>Za\u0161to bi ste propustili El Gordo kada to vi\u0161e ne morate<\/h2>\n<p>Godinama ste imali opravdanu izliku da ne igrate El Gordo loto, pogotovo ako ne \u017eivite u \u0160panjolskoj. Ta izlika vam na\u017ealost sad pada u vodu. Tko zna koliko novca ste mogli osvojiti da ste svo ovo vrijeme igrali ovaj i sve ostale najve\u0107e lutrije na svijetu.<\/p>\n<p>E, pa ne morate se vi\u0161e brinuti o tome, jer \u0107e vam RedFoxLotto sada unjeti El Gordo direktno u va\u0161 dom, ba\u0161 na mjesto na kojem sada sjedite. Znam da volite igrati lutriju, pa za\u0161to ne bi htjeli isprobati i ovu. Za\u0161to se ne bi sada po\u010dastili jednim listi\u0107em? Dok to \u010dinite, za\u0161to ne bi bacili oko na sve \u0161to vam RedFoxLotto nudi nadohvat prsta? <a href=\"https:\/\/redfoxlotto.com\/hr\/?ref=A8564250A2&amp;campaign=ol\" target=\"_blank\" rel=\"noopener\">Samo kliknite na ovu poveznicu<\/a> i otvorite si potpuno novi svijet mogu\u0107nosti.<\/p>\n","protected":false},"excerpt":{"rendered":"<p>Najbolja \u0161panjolska lutrija je sada dostupna svima Ako \u017eivite u \u0160panjolskoj, ne moram vam obja\u0161njavati koliko je uzbudljiv El Gordo Loto. Me\u0111utim, mnogi igra\u010di tamo ne \u017eive, a mnogi nisu \u010dak ni \u010duli za najve\u0107u \u0161panjolsku lutriju. Do nedavno nije uop\u0107e bilo ni bitno, jer ju nitko osim \u0161panjolaca nije mogao igrati, jer su se [&hellip;]<\/p>\n","protected":false},"author":1,"featured_media":0,"parent":5011,"menu_order":6,"comment_status":"closed","ping_status":"closed","template":"el-gordo.php","meta":{"_et_pb_use_builder":"","_et_pb_old_content":"","_et_gb_content_width":"","exclude_from_search":false,"footnotes":""},"class_list":["post-9896","page","type-page","status-publish","hentry"],"yoast_head":"<!-- This site is optimized with the Yoast SEO plugin v23.4 - https:\/\/yoast.com\/wordpress\/plugins\/seo\/ -->\n<title>El Gordo Lotto online | \u0160panjolska El Gordo lutrija sada dostupna online<\/title>\n<meta name=\"description\" content=\"Ovdje igrajte El Gordo Lotto - najve\u0107u \u0161panjolsku lutriju, dostupnu na mre\u017ei iz Hrvatske\" \/>\n<meta name=\"robots\" content=\"index, follow, max-snippet:-1, max-image-preview:large, max-video-preview:-1\" \/>\n<link rel=\"canonical\" href=\"https:\/\/onlinelotto365.com\/hr\/igrajte\/el-gordo\/\" \/>\n<meta property=\"og:locale\" content=\"hr_HR\" \/>\n<meta property=\"og:type\" content=\"article\" \/>\n<meta property=\"og:title\" content=\"El Gordo Lotto online | \u0160panjolska El Gordo lutrija sada dostupna online\" \/>\n<meta property=\"og:description\" content=\"Ovdje igrajte El Gordo Lotto - najve\u0107u \u0161panjolsku lutriju, dostupnu na mre\u017ei iz Hrvatske\" \/>\n<meta property=\"og:url\" content=\"https:\/\/onlinelotto365.com\/hr\/igrajte\/el-gordo\/\" \/>\n<meta property=\"og:site_name\" content=\"OnlineLotto365\" \/>\n<meta property=\"article:modified_time\" content=\"2021-03-06T19:32:02+00:00\" \/>\n<meta property=\"og:image\" content=\"https:\/\/redfoxlotto.com\/image?size=8&amp;lottery=el-gordo-primitiva\" \/>\n<meta name=\"twitter:card\" content=\"summary_large_image\" \/>\n<meta name=\"twitter:label1\" content=\"Procijenjeno vrijeme \u010ditanja\" \/>\n\t<meta name=\"twitter:data1\" content=\"4 minute\" \/>\n<script type=\"application\/ld+json\" class=\"yoast-schema-graph\">{\"@context\":\"https:\/\/schema.org\",\"@graph\":[{\"@type\":\"WebPage\",\"@id\":\"https:\/\/onlinelotto365.com\/hr\/igrajte\/el-gordo\/\",\"url\":\"https:\/\/onlinelotto365.com\/hr\/igrajte\/el-gordo\/\",\"name\":\"El Gordo Lotto online | \u0160panjolska El Gordo lutrija sada dostupna online\",\"isPartOf\":{\"@id\":\"https:\/\/onlinelotto365.com\/hr\/#website\"},\"primaryImageOfPage\":{\"@id\":\"https:\/\/onlinelotto365.com\/hr\/igrajte\/el-gordo\/#primaryimage\"},\"image\":{\"@id\":\"https:\/\/onlinelotto365.com\/hr\/igrajte\/el-gordo\/#primaryimage\"},\"thumbnailUrl\":\"https:\/\/redfoxlotto.com\/image?size=8&amp;lottery=el-gordo-primitiva\",\"datePublished\":\"2020-12-15T16:53:12+00:00\",\"dateModified\":\"2021-03-06T19:32:02+00:00\",\"description\":\"Ovdje igrajte El Gordo Lotto - najve\u0107u \u0161panjolsku lutriju, dostupnu na mre\u017ei iz Hrvatske\",\"breadcrumb\":{\"@id\":\"https:\/\/onlinelotto365.com\/hr\/igrajte\/el-gordo\/#breadcrumb\"},\"inLanguage\":\"hr\",\"potentialAction\":[{\"@type\":\"ReadAction\",\"target\":[\"https:\/\/onlinelotto365.com\/hr\/igrajte\/el-gordo\/\"]}]},{\"@type\":\"ImageObject\",\"inLanguage\":\"hr\",\"@id\":\"https:\/\/onlinelotto365.com\/hr\/igrajte\/el-gordo\/#primaryimage\",\"url\":\"https:\/\/redfoxlotto.com\/image?size=8&amp;lottery=el-gordo-primitiva\",\"contentUrl\":\"https:\/\/redfoxlotto.com\/image?size=8&amp;lottery=el-gordo-primitiva\"},{\"@type\":\"BreadcrumbList\",\"@id\":\"https:\/\/onlinelotto365.com\/hr\/igrajte\/el-gordo\/#breadcrumb\",\"itemListElement\":[{\"@type\":\"ListItem\",\"position\":1,\"name\":\"Home\",\"item\":\"https:\/\/onlinelotto365.com\/hr\/\"},{\"@type\":\"ListItem\",\"position\":2,\"name\":\"Sve \u0161to morate znati o va\u0161im mogu\u0107nostima igranja najboljih lutrija online\",\"item\":\"https:\/\/onlinelotto365.com\/hr\/play\/\"},{\"@type\":\"ListItem\",\"position\":3,\"name\":\"El Gordo online\"}]},{\"@type\":\"WebSite\",\"@id\":\"https:\/\/onlinelotto365.com\/hr\/#website\",\"url\":\"https:\/\/onlinelotto365.com\/hr\/\",\"name\":\"OnlineLotto365\",\"description\":\"\",\"potentialAction\":[{\"@type\":\"SearchAction\",\"target\":{\"@type\":\"EntryPoint\",\"urlTemplate\":\"https:\/\/onlinelotto365.com\/hr\/?s={search_term_string}\"},\"query-input\":{\"@type\":\"PropertyValueSpecification\",\"valueRequired\":true,\"valueName\":\"search_term_string\"}}],\"inLanguage\":\"hr\"}]}<\/script>\n<!-- \/ Yoast SEO plugin. -->","yoast_head_json":{"title":"El Gordo Lotto online | \u0160panjolska El Gordo lutrija sada dostupna online","description":"Ovdje igrajte El Gordo Lotto - najve\u0107u \u0161panjolsku lutriju, dostupnu na mre\u017ei iz Hrvatske","robots":{"index":"index","follow":"follow","max-snippet":"max-snippet:-1","max-image-preview":"max-image-preview:large","max-video-preview":"max-video-preview:-1"},"canonical":"https:\/\/onlinelotto365.com\/hr\/igrajte\/el-gordo\/","og_locale":"hr_HR","og_type":"article","og_title":"El Gordo Lotto online | \u0160panjolska El Gordo lutrija sada dostupna online","og_description":"Ovdje igrajte El Gordo Lotto - najve\u0107u \u0161panjolsku lutriju, dostupnu na mre\u017ei iz Hrvatske","og_url":"https:\/\/onlinelotto365.com\/hr\/igrajte\/el-gordo\/","og_site_name":"OnlineLotto365","article_modified_time":"2021-03-06T19:32:02+00:00","og_image":[{"url":"https:\/\/redfoxlotto.com\/image?size=8&amp;lottery=el-gordo-primitiva"}],"twitter_card":"summary_large_image","twitter_misc":{"Procijenjeno vrijeme \u010ditanja":"4 minute"},"schema":{"@context":"https:\/\/schema.org","@graph":[{"@type":"WebPage","@id":"https:\/\/onlinelotto365.com\/hr\/igrajte\/el-gordo\/","url":"https:\/\/onlinelotto365.com\/hr\/igrajte\/el-gordo\/","name":"El Gordo Lotto online | \u0160panjolska El Gordo lutrija sada dostupna online","isPartOf":{"@id":"https:\/\/onlinelotto365.com\/hr\/#website"},"primaryImageOfPage":{"@id":"https:\/\/onlinelotto365.com\/hr\/igrajte\/el-gordo\/#primaryimage"},"image":{"@id":"https:\/\/onlinelotto365.com\/hr\/igrajte\/el-gordo\/#primaryimage"},"thumbnailUrl":"https:\/\/redfoxlotto.com\/image?size=8&amp;lottery=el-gordo-primitiva","datePublished":"2020-12-15T16:53:12+00:00","dateModified":"2021-03-06T19:32:02+00:00","description":"Ovdje igrajte El Gordo Lotto - najve\u0107u \u0161panjolsku lutriju, dostupnu na mre\u017ei iz Hrvatske","breadcrumb":{"@id":"https:\/\/onlinelotto365.com\/hr\/igrajte\/el-gordo\/#breadcrumb"},"inLanguage":"hr","potentialAction":[{"@type":"ReadAction","target":["https:\/\/onlinelotto365.com\/hr\/igrajte\/el-gordo\/"]}]},{"@type":"ImageObject","inLanguage":"hr","@id":"https:\/\/onlinelotto365.com\/hr\/igrajte\/el-gordo\/#primaryimage","url":"https:\/\/redfoxlotto.com\/image?size=8&amp;lottery=el-gordo-primitiva","contentUrl":"https:\/\/redfoxlotto.com\/image?size=8&amp;lottery=el-gordo-primitiva"},{"@type":"BreadcrumbList","@id":"https:\/\/onlinelotto365.com\/hr\/igrajte\/el-gordo\/#breadcrumb","itemListElement":[{"@type":"ListItem","position":1,"name":"Home","item":"https:\/\/onlinelotto365.com\/hr\/"},{"@type":"ListItem","position":2,"name":"Sve \u0161to morate znati o va\u0161im mogu\u0107nostima igranja najboljih lutrija online","item":"https:\/\/onlinelotto365.com\/hr\/play\/"},{"@type":"ListItem","position":3,"name":"El Gordo online"}]},{"@type":"WebSite","@id":"https:\/\/onlinelotto365.com\/hr\/#website","url":"https:\/\/onlinelotto365.com\/hr\/","name":"OnlineLotto365","description":"","potentialAction":[{"@type":"SearchAction","target":{"@type":"EntryPoint","urlTemplate":"https:\/\/onlinelotto365.com\/hr\/?s={search_term_string}"},"query-input":{"@type":"PropertyValueSpecification","valueRequired":true,"valueName":"search_term_string"}}],"inLanguage":"hr"}]}},"_links":{"self":[{"href":"https:\/\/onlinelotto365.com\/hr\/wp-json\/wp\/v2\/pages\/9896","targetHints":{"allow":["GET"]}}],"collection":[{"href":"https:\/\/onlinelotto365.com\/hr\/wp-json\/wp\/v2\/pages"}],"about":[{"href":"https:\/\/onlinelotto365.com\/hr\/wp-json\/wp\/v2\/types\/page"}],"author":[{"embeddable":true,"href":"https:\/\/onlinelotto365.com\/hr\/wp-json\/wp\/v2\/users\/1"}],"replies":[{"embeddable":true,"href":"https:\/\/onlinelotto365.com\/hr\/wp-json\/wp\/v2\/comments?post=9896"}],"version-history":[{"count":0,"href":"https:\/\/onlinelotto365.com\/hr\/wp-json\/wp\/v2\/pages\/9896\/revisions"}],"up":[{"embeddable":true,"href":"https:\/\/onlinelotto365.com\/hr\/wp-json\/wp\/v2\/pages\/5011"}],"wp:attachment":[{"href":"https:\/\/onlinelotto365.com\/hr\/wp-json\/wp\/v2\/media?parent=9896"}],"curies":[{"name":"wp","href":"https:\/\/api.w.org\/{rel}","templated":true}]}}