{"id":9920,"date":"2020-12-15T18:19:17","date_gmt":"2020-12-15T17:19:17","guid":{"rendered":"http:\/\/onlinelotto365.net\/?page_id=9920"},"modified":"2021-03-06T20:24:57","modified_gmt":"2021-03-06T19:24:57","slug":"powerball","status":"publish","type":"page","link":"https:\/\/onlinelotto365.com\/hr\/kupiti-karte\/powerball\/","title":{"rendered":"Kupite Listi\u0107e za Powerball lottery SAD \u0161irom svijeta"},"content":{"rendered":"<p>Powerball Lotto se nudi u poslovnicama lutrije u 41 razli\u010ditih saveznih dr\u017eava u SAD-u. Uz toliko veliku populaciju ljudi koji igraju i uzimaju\u0107i u obzir popularnost lutrija u SAD-u, nije \u010dudo za\u0161to je ova lutrija toliko velika i sa ogromnim nagradama.<\/p>\n<p>Ova lutrija je toliko velika da druga nagrada iznosi \u010dak milijun dolara koje nekoliko ljudi osvaja tijekom svakog izvla\u010denja koje se odvija dvaput tjedno. Me\u0111utim, osvajanje samo milijun dolara nije razlog zbog kojeg ljudi kupuju ulaznice, njihovi snovi su puno ve\u0107i.<\/p>\n<p><a href=\"https:\/\/redfoxlotto.com\/play\/powerball\/?ref=a8564250a2&amp;medium=ol365\" target=\"_blank\" rel=\"noopener noreferrer\"><img loading=\"lazy\" decoding=\"async\" class=\"aligncenter\" src=\"https:\/\/redfoxlotto.com\/image?size=8&amp;lottery=powerball\" alt=\"powerball\" width=\"793\" height=\"98\" \/><\/a><\/p>\n<p>Bez obzira koliko veliki su va\u0161i snovi, Powerball Lotto ima mo\u0107 da ih sve zadovolji, a onda i jo\u0161 neke. Uz redovne jackpot iznose u stotinama milijuna dolara, ovo je definitivno ono \u0161to biste nazvali ogromnim iznosom novca koji mo\u017eete osvojiti.<\/p>\n<h2>Vi\u0161e informacija o Powerballu<\/h2>\n<ul>\n<li>Lutrija se odr\u017eava u SAD-u<\/li>\n<li>Koliko glavnih brojeva mo\u017eete odabrati: 69<\/li>\n<li>Morate odabrati: 5<\/li>\n<li>Koliko dodatnih brojeva mo\u017eete odabrati: 26<\/li>\n<li>Morate odabrati: 1<\/li>\n<li>Izvla\u010denje dana, sati: srijeda, subota, 21:00 EST, +1 dan 3:00 CET<\/li>\n<li>Minimalni jackpot: 40 milijuna USD<\/li>\n<li>Maksimalni iznos Jackpota: nema<\/li>\n<li>Mogu\u0107a kombinacija brojeva za dobitak jackpota: 1 u 175.223.510<\/li>\n<li>Mogu\u0107a kombinacija brojeva za pobjedu 2. razine: 1 u 5.006.386<\/li>\n<li>Vjerojatnost pobjede u bilo kojem stupnju: 1 od 24,87<\/li>\n<li>Koliko razina nagrada: 9<\/li>\n<\/ul>\n<h2>Powerball Jackpot Je Uvijek Ogroman<\/h2>\n<p><img loading=\"lazy\" decoding=\"async\" class=\"size-medium wp-image-1356 alignright\" src=\"https:\/\/onlinelotto365.com\/wp-content\/uploads\/2020\/11\/online_lottery-117-300x217.jpg\" alt=\"kupite powerball online\" width=\"300\" height=\"217\" \/><\/p>\n<p>Jackpotovi za Powerball Lotto su u povijesti krenuli sa 20 milijuna dolara i iako je to poprili\u010dno lijep iznos, nedavno su taj minimum pove\u0107ali na jo\u0161 uzbudljivijih 40 milijuna dolara. Dakle, \u010dak i prije nego se stvari svedu na neke lude brojeve i svi po\u010dnu kupovati listi\u0107e, kao \u0161to je \u010desto slu\u010daj kod mega lutrija, najmanji jackpot je tako\u0111er iznos za koji bismo se svi rado predbilje\u017eili.<\/p>\n<p>Kad god nema jackpot dobitnika, jackpot se pove\u0107ava maksimalni iznos koji je dosad iznosio 1600 Milijuna. Mislim da bi se ve\u0107ina nas slo\u017eila kako bi \u010dak i najmanje 40 milijuna dolara bilo dovoljno da pro\u017eivimo sve na\u0161e fantazije, ali kada je rije\u010d o lutriji, \u0161to vi\u0161e, to bolje. Dakle, ako ste poput ve\u0107ine ljudi i volite vi\u0161e, ovo je sigurno izbor za vas.<\/p>\n<h2>Kako Igrati Powerball I Nagrade Koje Se Nude<\/h2>\n<p>Da bi zaigrali Powerball Lutriju, igra\u010di prvo odabiru 5 brojeva od 59 bijelih kuglica, a zatim odabiru jednu crvenu Powerball kuglicu od njih 35. Mo\u017eete odabrati vlastite brojeve ili dopustiti ra\u010dunalu da odabere za vas. Ako pogodite bar 3 od 5 bijelih kuglica ili pogodite crvenu Powerball kuglicu, osvojili ste nagradu.<br \/>\nPoga\u0111anje Powerball kuglica ili poga\u0111anje jednog broja plus Powerball daje vam 4$. 2 broja plus Powerball ili 3 broja bez Powerball kuglice daje vam 7$. 3 broja plus Powerball ili 4 bez Powerballa daje vam 100$. 4 broja plus Powerball vrijedi 10000$. 5 brojeva bez Powerball broja iznosi odli\u010dnih 1,000,000$. Ako pogodite svih 5 brojeva uklju\u010duju\u0107i Powerball broj, osvojili ste jackpot!<\/p>\n<h2>Uzmite Gotovinu Sada ili Primajte Do\u017eivotne Isplate<\/h2>\n<p><img loading=\"lazy\" decoding=\"async\" class=\"size-medium wp-image-1521 alignright\" src=\"https:\/\/onlinelotto365.com\/wp-content\/uploads\/2020\/11\/online_lottery-133-300x212.jpg\" alt=\"powerball iz Hrvatske\" width=\"300\" height=\"212\" \/><\/p>\n<p>Powerball nudi svojim jackpot dobitnicima dva na\u010dina isplate njihovih dobitaka. Mo\u017eete uzeti jednokratnu isplatu odmah ili mo\u017eete dobiti mnogo vi\u0161e novca primaju\u0107i isplate u 30 godi\u0161njih rata. Svaka rata je razvrstana s prilagodbom inflacije \u0161to zna\u010di da \u0107e va\u0161a golema isplata u 1. godini zadr\u017eavati svoju vrijednost u narednim godinama.<\/p>\n<p>S obzirom da su ove godi\u0161nje isplate vrlo \u010desto u iznosima ve\u0107im od jednog milijuna dolara i uplate koje dolaze \u0107e biti toliko ili \u010dak ve\u0107e nakon inflacije , ovo je vrlo dobra opcija. Osigurani ste do\u017eivotno! Ipak, mnogi dobitnici izabiru gotovinu odmah, mo\u017eete i sami investirati na taj na\u010din ili u\u010diniti \u0161to god \u017eelite s va\u0161im iznosom.<\/p>\n<h2>RedFoxLotto Donosi Powerball Lotto Uzbu\u0111enje U Va\u0161 Dom<\/h2>\n<p>Vi\u0161e ne morate \u017eivjeti u jednoj od dr\u017eava SAD-a gdje se nudi ova velika lutrija. RedFoxLotto je doveo Powerball Lotto i sve ostale velike svjetske lutrije direktno na va\u0161e ra\u010dunalo. Sada putem interneta mo\u017eete kupiti koliko god Powerball listi\u0107a \u017eelite za istu ili sve ostale velike lutrije diljem svijeta.<\/p>\n<p>RedFoxLotto vam daje podr\u0161ku na svakom koraku, sve \u0161to trebate u\u010diniti jest postaviti besplatni ra\u010dun, odabrati izme\u0111u brojnih odgovaraju\u0107ih metoda pla\u0107anja i oni \u0107e se pobrinuti za sve ostalo.<\/p>\n<p><a href=\"https:\/\/redfoxlotto.com\/hr\/?ref=A8564250A2&amp;campaign=ol\" target=\"_blank\" rel=\"noopener\">Kliknite ovdje da biste posjetili RedFoxLotto<\/a>, kupili Powerball ulaznice i odigrali ostale velike lutrije odmah!<\/p>\n","protected":false},"excerpt":{"rendered":"<p>Powerball Lotto se nudi u poslovnicama lutrije u 41 razli\u010ditih saveznih dr\u017eava u SAD-u. Uz toliko veliku populaciju ljudi koji igraju i uzimaju\u0107i u obzir popularnost lutrija u SAD-u, nije \u010dudo za\u0161to je ova lutrija toliko velika i sa ogromnim nagradama. Ova lutrija je toliko velika da druga nagrada iznosi \u010dak milijun dolara koje nekoliko [&hellip;]<\/p>\n","protected":false},"author":1,"featured_media":0,"parent":5552,"menu_order":0,"comment_status":"closed","ping_status":"closed","template":"powerball-usa-info.php","meta":{"_et_pb_use_builder":"","_et_pb_old_content":"","_et_gb_content_width":"","exclude_from_search":false,"footnotes":""},"class_list":["post-9920","page","type-page","status-publish","hentry"],"yoast_head":"<!-- This site is optimized with the Yoast SEO plugin v23.4 - https:\/\/yoast.com\/wordpress\/plugins\/seo\/ -->\n<title>Kupite karte za Powerball putem interneta iz Hrvatske | O Powerballu, kako kupiti ulaznice putem interneta<\/title>\n<meta name=\"description\" content=\"Kupnja ulaznica za poznatu lutriju Powerball sada je jednostavna, nabavite ih putem interneta iz Hrvatske i drugdje\" \/>\n<meta name=\"robots\" content=\"index, follow, max-snippet:-1, max-image-preview:large, max-video-preview:-1\" \/>\n<link rel=\"canonical\" href=\"https:\/\/onlinelotto365.com\/hr\/kupiti-karte\/powerball\/\" \/>\n<meta property=\"og:locale\" content=\"hr_HR\" \/>\n<meta property=\"og:type\" content=\"article\" \/>\n<meta property=\"og:title\" content=\"Kupite karte za Powerball putem interneta iz Hrvatske | O Powerballu, kako kupiti ulaznice putem interneta\" \/>\n<meta property=\"og:description\" content=\"Kupnja ulaznica za poznatu lutriju Powerball sada je jednostavna, nabavite ih putem interneta iz Hrvatske i drugdje\" \/>\n<meta property=\"og:url\" content=\"https:\/\/onlinelotto365.com\/hr\/kupiti-karte\/powerball\/\" \/>\n<meta property=\"og:site_name\" content=\"OnlineLotto365\" \/>\n<meta property=\"article:modified_time\" content=\"2021-03-06T19:24:57+00:00\" \/>\n<meta property=\"og:image\" content=\"https:\/\/redfoxlotto.com\/image?size=8&amp;lottery=powerball\" \/>\n<meta name=\"twitter:card\" content=\"summary_large_image\" \/>\n<meta name=\"twitter:label1\" content=\"Procijenjeno vrijeme \u010ditanja\" \/>\n\t<meta name=\"twitter:data1\" content=\"4 minute\" \/>\n<script type=\"application\/ld+json\" class=\"yoast-schema-graph\">{\"@context\":\"https:\/\/schema.org\",\"@graph\":[{\"@type\":\"WebPage\",\"@id\":\"https:\/\/onlinelotto365.com\/hr\/kupiti-karte\/powerball\/\",\"url\":\"https:\/\/onlinelotto365.com\/hr\/kupiti-karte\/powerball\/\",\"name\":\"Kupite karte za Powerball putem interneta iz Hrvatske | O Powerballu, kako kupiti ulaznice putem interneta\",\"isPartOf\":{\"@id\":\"https:\/\/onlinelotto365.com\/hr\/#website\"},\"primaryImageOfPage\":{\"@id\":\"https:\/\/onlinelotto365.com\/hr\/kupiti-karte\/powerball\/#primaryimage\"},\"image\":{\"@id\":\"https:\/\/onlinelotto365.com\/hr\/kupiti-karte\/powerball\/#primaryimage\"},\"thumbnailUrl\":\"https:\/\/redfoxlotto.com\/image?size=8&amp;lottery=powerball\",\"datePublished\":\"2020-12-15T17:19:17+00:00\",\"dateModified\":\"2021-03-06T19:24:57+00:00\",\"description\":\"Kupnja ulaznica za poznatu lutriju Powerball sada je jednostavna, nabavite ih putem interneta iz Hrvatske i drugdje\",\"breadcrumb\":{\"@id\":\"https:\/\/onlinelotto365.com\/hr\/kupiti-karte\/powerball\/#breadcrumb\"},\"inLanguage\":\"hr\",\"potentialAction\":[{\"@type\":\"ReadAction\",\"target\":[\"https:\/\/onlinelotto365.com\/hr\/kupiti-karte\/powerball\/\"]}]},{\"@type\":\"ImageObject\",\"inLanguage\":\"hr\",\"@id\":\"https:\/\/onlinelotto365.com\/hr\/kupiti-karte\/powerball\/#primaryimage\",\"url\":\"https:\/\/redfoxlotto.com\/image?size=8&amp;lottery=powerball\",\"contentUrl\":\"https:\/\/redfoxlotto.com\/image?size=8&amp;lottery=powerball\"},{\"@type\":\"BreadcrumbList\",\"@id\":\"https:\/\/onlinelotto365.com\/hr\/kupiti-karte\/powerball\/#breadcrumb\",\"itemListElement\":[{\"@type\":\"ListItem\",\"position\":1,\"name\":\"Home\",\"item\":\"https:\/\/onlinelotto365.com\/hr\/\"},{\"@type\":\"ListItem\",\"position\":2,\"name\":\"Online usluga za kupnju listi\u0107a me\u0111unarodnih loto doga\u0111aja\",\"item\":\"https:\/\/onlinelotto365.com\/hr\/buy-tickets\/\"},{\"@type\":\"ListItem\",\"position\":3,\"name\":\"Kupite Listi\u0107e za Powerball lottery SAD \u0161irom svijeta\"}]},{\"@type\":\"WebSite\",\"@id\":\"https:\/\/onlinelotto365.com\/hr\/#website\",\"url\":\"https:\/\/onlinelotto365.com\/hr\/\",\"name\":\"OnlineLotto365\",\"description\":\"\",\"potentialAction\":[{\"@type\":\"SearchAction\",\"target\":{\"@type\":\"EntryPoint\",\"urlTemplate\":\"https:\/\/onlinelotto365.com\/hr\/?s={search_term_string}\"},\"query-input\":{\"@type\":\"PropertyValueSpecification\",\"valueRequired\":true,\"valueName\":\"search_term_string\"}}],\"inLanguage\":\"hr\"}]}<\/script>\n<!-- \/ Yoast SEO plugin. -->","yoast_head_json":{"title":"Kupite karte za Powerball putem interneta iz Hrvatske | O Powerballu, kako kupiti ulaznice putem interneta","description":"Kupnja ulaznica za poznatu lutriju Powerball sada je jednostavna, nabavite ih putem interneta iz Hrvatske i drugdje","robots":{"index":"index","follow":"follow","max-snippet":"max-snippet:-1","max-image-preview":"max-image-preview:large","max-video-preview":"max-video-preview:-1"},"canonical":"https:\/\/onlinelotto365.com\/hr\/kupiti-karte\/powerball\/","og_locale":"hr_HR","og_type":"article","og_title":"Kupite karte za Powerball putem interneta iz Hrvatske | O Powerballu, kako kupiti ulaznice putem interneta","og_description":"Kupnja ulaznica za poznatu lutriju Powerball sada je jednostavna, nabavite ih putem interneta iz Hrvatske i drugdje","og_url":"https:\/\/onlinelotto365.com\/hr\/kupiti-karte\/powerball\/","og_site_name":"OnlineLotto365","article_modified_time":"2021-03-06T19:24:57+00:00","og_image":[{"url":"https:\/\/redfoxlotto.com\/image?size=8&amp;lottery=powerball"}],"twitter_card":"summary_large_image","twitter_misc":{"Procijenjeno vrijeme \u010ditanja":"4 minute"},"schema":{"@context":"https:\/\/schema.org","@graph":[{"@type":"WebPage","@id":"https:\/\/onlinelotto365.com\/hr\/kupiti-karte\/powerball\/","url":"https:\/\/onlinelotto365.com\/hr\/kupiti-karte\/powerball\/","name":"Kupite karte za Powerball putem interneta iz Hrvatske | O Powerballu, kako kupiti ulaznice putem interneta","isPartOf":{"@id":"https:\/\/onlinelotto365.com\/hr\/#website"},"primaryImageOfPage":{"@id":"https:\/\/onlinelotto365.com\/hr\/kupiti-karte\/powerball\/#primaryimage"},"image":{"@id":"https:\/\/onlinelotto365.com\/hr\/kupiti-karte\/powerball\/#primaryimage"},"thumbnailUrl":"https:\/\/redfoxlotto.com\/image?size=8&amp;lottery=powerball","datePublished":"2020-12-15T17:19:17+00:00","dateModified":"2021-03-06T19:24:57+00:00","description":"Kupnja ulaznica za poznatu lutriju Powerball sada je jednostavna, nabavite ih putem interneta iz Hrvatske i drugdje","breadcrumb":{"@id":"https:\/\/onlinelotto365.com\/hr\/kupiti-karte\/powerball\/#breadcrumb"},"inLanguage":"hr","potentialAction":[{"@type":"ReadAction","target":["https:\/\/onlinelotto365.com\/hr\/kupiti-karte\/powerball\/"]}]},{"@type":"ImageObject","inLanguage":"hr","@id":"https:\/\/onlinelotto365.com\/hr\/kupiti-karte\/powerball\/#primaryimage","url":"https:\/\/redfoxlotto.com\/image?size=8&amp;lottery=powerball","contentUrl":"https:\/\/redfoxlotto.com\/image?size=8&amp;lottery=powerball"},{"@type":"BreadcrumbList","@id":"https:\/\/onlinelotto365.com\/hr\/kupiti-karte\/powerball\/#breadcrumb","itemListElement":[{"@type":"ListItem","position":1,"name":"Home","item":"https:\/\/onlinelotto365.com\/hr\/"},{"@type":"ListItem","position":2,"name":"Online usluga za kupnju listi\u0107a me\u0111unarodnih loto doga\u0111aja","item":"https:\/\/onlinelotto365.com\/hr\/buy-tickets\/"},{"@type":"ListItem","position":3,"name":"Kupite Listi\u0107e za Powerball lottery SAD \u0161irom svijeta"}]},{"@type":"WebSite","@id":"https:\/\/onlinelotto365.com\/hr\/#website","url":"https:\/\/onlinelotto365.com\/hr\/","name":"OnlineLotto365","description":"","potentialAction":[{"@type":"SearchAction","target":{"@type":"EntryPoint","urlTemplate":"https:\/\/onlinelotto365.com\/hr\/?s={search_term_string}"},"query-input":{"@type":"PropertyValueSpecification","valueRequired":true,"valueName":"search_term_string"}}],"inLanguage":"hr"}]}},"_links":{"self":[{"href":"https:\/\/onlinelotto365.com\/hr\/wp-json\/wp\/v2\/pages\/9920","targetHints":{"allow":["GET"]}}],"collection":[{"href":"https:\/\/onlinelotto365.com\/hr\/wp-json\/wp\/v2\/pages"}],"about":[{"href":"https:\/\/onlinelotto365.com\/hr\/wp-json\/wp\/v2\/types\/page"}],"author":[{"embeddable":true,"href":"https:\/\/onlinelotto365.com\/hr\/wp-json\/wp\/v2\/users\/1"}],"replies":[{"embeddable":true,"href":"https:\/\/onlinelotto365.com\/hr\/wp-json\/wp\/v2\/comments?post=9920"}],"version-history":[{"count":0,"href":"https:\/\/onlinelotto365.com\/hr\/wp-json\/wp\/v2\/pages\/9920\/revisions"}],"up":[{"embeddable":true,"href":"https:\/\/onlinelotto365.com\/hr\/wp-json\/wp\/v2\/pages\/5552"}],"wp:attachment":[{"href":"https:\/\/onlinelotto365.com\/hr\/wp-json\/wp\/v2\/media?parent=9920"}],"curies":[{"name":"wp","href":"https:\/\/api.w.org\/{rel}","templated":true}]}}