{"id":9922,"date":"2020-12-15T18:20:57","date_gmt":"2020-12-15T17:20:57","guid":{"rendered":"http:\/\/onlinelotto365.net\/?page_id=9922"},"modified":"2021-03-06T20:28:35","modified_gmt":"2021-03-06T19:28:35","slug":"mega-millions","status":"publish","type":"page","link":"https:\/\/onlinelotto365.com\/hr\/kupiti-karte\/mega-millions\/","title":{"rendered":"Ne Zovu Ga Mega Millions Bez Razloga"},"content":{"rendered":"<p>Mega Millions mo\u017eda zapo\u010dinje sa ne\u0161to manjim minimalnim jackpotom nego njegova U.S. lottery Powerball sestra, ali jackpot u ovoj igri se mo\u017ee nevjerojatno pove\u0107ati i dose\u0107i rang sa bilo kojima od svjetskih mega lutrija.<\/p>\n<p>Mega Millions zapravo dr\u017ei rekord za najve\u0107i jackpot ikad u SAD-u, gdje su sretni dobitnici podijelili ukupni jackpot od 1,6 milijardi. Mega Millions je tako isplatio tri najve\u0107a jackpota u povijesti SAD-a.<\/p>\n<p><a href=\"https:\/\/redfoxlotto.com\/play\/mega-millions\/?ref=a8564250a2&amp;medium=ol365\" target=\"_blank\" rel=\"noopener noreferrer\"><img decoding=\"async\" class=\"aligncenter\" src=\"https:\/\/redfoxlotto.com\/image?size=8&amp;lottery=mega-millions\" alt=\"mega millions\" \/><\/a><\/p>\n<h2>Vi\u0161e informacija o Mega Millions<\/h2>\n<ul>\n<li style=\"list-style-type: none;\">\n<ul>\n<li>Lutrija se odr\u017eava u SAD-u<\/li>\n<li>Koliko glavnih brojeva mo\u017eete odabrati: 70<\/li>\n<li>Morate odabrati: 5<\/li>\n<li>Koliko dodatnih brojeva mo\u017eete odabrati: 25<\/li>\n<li>Morate odabrati: 1<\/li>\n<li>Izvla\u010denje dana, sati: utorak, petak, 21:00 EST, +1 dan 3:00 CET<\/li>\n<li>Minimalni jackpot: 40 milijuna USD<\/li>\n<li>Maksimalni iznos Jackpota: nema<\/li>\n<li>Mogu\u0107a kombinacija brojeva za dobitak jackpota: 1 u 175.711.536<\/li>\n<li>Mogu\u0107a kombinacija brojeva za pobjedu 2. razine: 1 u 3.819.816<\/li>\n<li>Vjerojatnost pobjede u bilo kojem nizu: 1 prema 24,12<\/li>\n<li>Koliko razina nagrada: 9<\/li>\n<\/ul>\n<h2>Mega Millions Format<\/h2>\n<p><img loading=\"lazy\" decoding=\"async\" class=\" wp-image-1785 alignright\" src=\"https:\/\/onlinelotto365.com\/wp-content\/uploads\/2020\/11\/online_lottery-159-300x300.jpg\" alt=\"kupite listi\u0107 mega millions online\" width=\"204\" height=\"204\" \/><\/p>\n<p>Mega Millions ima dva izvla\u010denja tjedno, utorkom i petkom. Sli\u010dno kao i kod Powerball lutrije, igra\u010di odabiru 5 glavnih brojeva, no umjesto 59 brojeva koliko odabirete s Powerball lutrijom, Mega Millions ima samo 56 kuglica, \u0161to jo\u0161 vi\u0161e pove\u0107ava \u0161ansu za pogodak svih 5 brojeva.<\/p>\n<p>Tu je i dodatna Mega Ball kuglica u ovoj lutriji, gdje birate izme\u0111u 46 brojeva. Ako pogodite svih 5 regularnih brojeva plus Mega Ball, osvojili ste ogromni jackpot koji Mega Millions uvijek nudi.<\/p>\n<p>Kao i kod svih lutrija, ako nema jackpot dobitnika, jackpot se pove\u0107ava i pove\u0107ava dok god ga netko ne osvoji. To pridodaje uzbu\u0111enju, uz pove\u0107anje vrijednosti lutrije svaki put kad se iznos jackpota pove\u0107ava. Va\u0161 iznos novca za igranje \u0107e biti isti, ali \u0161to vi\u0161e novca je u igri, to bolje za vas. Ljudi \u010dekaju u redovima samo kako bi kupili svoje Powerball listi\u0107e kada su jackopt dobitci veliki.<\/p>\n<p>Dakle, ovo je jedan od razloga za\u0161to vi\u0161e ljudi igra kada se jackpot zaista pove\u0107a. Drugi razlog je naravno taj \u0161to je uzbudljivije igrati za ve\u0107e iznose. Zato se lutrije poput Mega Millions i Powerball pobrinu da su \u010dak i njihovi najmanji jackpot iznosi ogromni i da igra\u010di nikad ne moraju \u010dekati da se priklju\u010de zabavi koju donose velike lutrije.<\/p>\n<h2>Sada Mo\u017eete Kupiti Mega Millions Lotto Listi\u0107e Online<\/h2>\n<p>Ne morate vi\u0161e izlaziti van da biste kupili Mega Millions loto. Zahvalju\u0107uji prakti\u010dnosti interneta, sada za ovu lutriju mo\u017eete jednostavno kupiti koliko god listi\u0107a \u017eelite, direktno s va\u0161eg ra\u010dunala.<\/p>\n<p>\u010cak ni ne morate vi\u0161e \u017eivjeti u Sjedinjenim Ameri\u010dkim Dr\u017eavama, jer stanovnici iz svih zemalja svijeta imaju pravo kori\u0161tenja ove velike usluge. Nakon godina igranja lutrija gdje su igra\u010di ograni\u010deni u igranju samo lokalnih lutrija, a kako nam internet otvara posve nove mogu\u0107nosti, to je definitivno ideja \u010dije je vrijeme stiglo.<\/p>\n<p>RedFoxLotto tako\u0111er svima nama nudi mogu\u0107nost kupnje online listi\u0107a, ne samo za Mega Millions, ve\u0107 i za sve ostale najve\u0107e i najuzbudljivije lutrije u svijetu. Sve \u0161to morate u\u010diniti jest postaviti besplatni ra\u010dun s njima, izabrati koje lutrije \u017eelite igrati, izabrati va\u0161e brojeve ili ostaviti ra\u010dunalu da ih izabere umjesto vas, platiti va\u0161e listi\u0107e putem jedne od odgovaraju\u0107ih metoda pla\u0107anja i mo\u017eete po\u010deti sa igrom.<\/p>\n<p>Nakon \u0161to ste kupili listi\u0107e za lutriju po va\u0161em izboru, RedFoxLotto tada stupa u akciju i kupuje va\u0161e listi\u0107e za vas na kojima je va\u0161e ime i \u010duva ih za vas, \u0161alju\u0107i vam ih skenirane za va\u0161u evidenciju.\u00a0Ne morate \u010dak niti pratiti izvla\u010denja po\u0161to \u0107e vam biti javljeno ako ste osvojili i o kojem se iznosu radi.<\/p>\n<p>Nakon osvajanja, RedFoxLotto tako\u0111er pru\u017ea podr\u0161ku kod isplate va\u0161eg novca. Ako je to manji iznos, biti \u0107e ispla\u0107en direktno na va\u0161 ra\u010dun. Za ve\u0107e iznose, pomo\u0107i \u0107e vam s papirologijom, a za ogromne iznose, morat \u0107ete na put kako biste pokupili sve te milijune, ali siguran sam da vam to ne\u0107e predstavljati problem.<\/li>\n<\/ul>\n","protected":false},"excerpt":{"rendered":"<p>Mega Millions mo\u017eda zapo\u010dinje sa ne\u0161to manjim minimalnim jackpotom nego njegova U.S. lottery Powerball sestra, ali jackpot u ovoj igri se mo\u017ee nevjerojatno pove\u0107ati i dose\u0107i rang sa bilo kojima od svjetskih mega lutrija. Mega Millions zapravo dr\u017ei rekord za najve\u0107i jackpot ikad u SAD-u, gdje su sretni dobitnici podijelili ukupni jackpot od 1,6 milijardi. [&hellip;]<\/p>\n","protected":false},"author":1,"featured_media":0,"parent":5552,"menu_order":2,"comment_status":"closed","ping_status":"closed","template":"megamillion-info.php","meta":{"_et_pb_use_builder":"","_et_pb_old_content":"","_et_gb_content_width":"","exclude_from_search":false,"footnotes":""},"class_list":["post-9922","page","type-page","status-publish","hentry"],"yoast_head":"<!-- This site is optimized with the Yoast SEO plugin v23.4 - https:\/\/yoast.com\/wordpress\/plugins\/seo\/ -->\n<title>Mega Millions Lotto Online | Kupite Listi\u0107 za Mega Millions Lotto sada<\/title>\n<meta name=\"description\" content=\"Mega Millions Lotto sada za grabe\u017e stanovnike Hrvatske - ovdje kupite legalne ulaznice za Mega Millions\" \/>\n<meta name=\"robots\" content=\"index, follow, max-snippet:-1, max-image-preview:large, max-video-preview:-1\" \/>\n<link rel=\"canonical\" href=\"https:\/\/onlinelotto365.com\/hr\/kupiti-karte\/mega-millions\/\" \/>\n<meta property=\"og:locale\" content=\"hr_HR\" \/>\n<meta property=\"og:type\" content=\"article\" \/>\n<meta property=\"og:title\" content=\"Mega Millions Lotto Online | Kupite Listi\u0107 za Mega Millions Lotto sada\" \/>\n<meta property=\"og:description\" content=\"Mega Millions Lotto sada za grabe\u017e stanovnike Hrvatske - ovdje kupite legalne ulaznice za Mega Millions\" \/>\n<meta property=\"og:url\" content=\"https:\/\/onlinelotto365.com\/hr\/kupiti-karte\/mega-millions\/\" \/>\n<meta property=\"og:site_name\" content=\"OnlineLotto365\" \/>\n<meta property=\"article:modified_time\" content=\"2021-03-06T19:28:35+00:00\" \/>\n<meta property=\"og:image\" content=\"https:\/\/redfoxlotto.com\/image?size=8&amp;lottery=mega-millions\" \/>\n<meta name=\"twitter:card\" content=\"summary_large_image\" \/>\n<meta name=\"twitter:label1\" content=\"Procijenjeno vrijeme \u010ditanja\" \/>\n\t<meta name=\"twitter:data1\" content=\"4 minute\" \/>\n<script type=\"application\/ld+json\" class=\"yoast-schema-graph\">{\"@context\":\"https:\/\/schema.org\",\"@graph\":[{\"@type\":\"WebPage\",\"@id\":\"https:\/\/onlinelotto365.com\/hr\/kupiti-karte\/mega-millions\/\",\"url\":\"https:\/\/onlinelotto365.com\/hr\/kupiti-karte\/mega-millions\/\",\"name\":\"Mega Millions Lotto Online | Kupite Listi\u0107 za Mega Millions Lotto sada\",\"isPartOf\":{\"@id\":\"https:\/\/onlinelotto365.com\/hr\/#website\"},\"primaryImageOfPage\":{\"@id\":\"https:\/\/onlinelotto365.com\/hr\/kupiti-karte\/mega-millions\/#primaryimage\"},\"image\":{\"@id\":\"https:\/\/onlinelotto365.com\/hr\/kupiti-karte\/mega-millions\/#primaryimage\"},\"thumbnailUrl\":\"https:\/\/redfoxlotto.com\/image?size=8&amp;lottery=mega-millions\",\"datePublished\":\"2020-12-15T17:20:57+00:00\",\"dateModified\":\"2021-03-06T19:28:35+00:00\",\"description\":\"Mega Millions Lotto sada za grabe\u017e stanovnike Hrvatske - ovdje kupite legalne ulaznice za Mega Millions\",\"breadcrumb\":{\"@id\":\"https:\/\/onlinelotto365.com\/hr\/kupiti-karte\/mega-millions\/#breadcrumb\"},\"inLanguage\":\"hr\",\"potentialAction\":[{\"@type\":\"ReadAction\",\"target\":[\"https:\/\/onlinelotto365.com\/hr\/kupiti-karte\/mega-millions\/\"]}]},{\"@type\":\"ImageObject\",\"inLanguage\":\"hr\",\"@id\":\"https:\/\/onlinelotto365.com\/hr\/kupiti-karte\/mega-millions\/#primaryimage\",\"url\":\"https:\/\/redfoxlotto.com\/image?size=8&amp;lottery=mega-millions\",\"contentUrl\":\"https:\/\/redfoxlotto.com\/image?size=8&amp;lottery=mega-millions\"},{\"@type\":\"BreadcrumbList\",\"@id\":\"https:\/\/onlinelotto365.com\/hr\/kupiti-karte\/mega-millions\/#breadcrumb\",\"itemListElement\":[{\"@type\":\"ListItem\",\"position\":1,\"name\":\"Home\",\"item\":\"https:\/\/onlinelotto365.com\/hr\/\"},{\"@type\":\"ListItem\",\"position\":2,\"name\":\"Online usluga za kupnju listi\u0107a me\u0111unarodnih loto doga\u0111aja\",\"item\":\"https:\/\/onlinelotto365.com\/hr\/buy-tickets\/\"},{\"@type\":\"ListItem\",\"position\":3,\"name\":\"Ne Zovu Ga Mega Millions Bez Razloga\"}]},{\"@type\":\"WebSite\",\"@id\":\"https:\/\/onlinelotto365.com\/hr\/#website\",\"url\":\"https:\/\/onlinelotto365.com\/hr\/\",\"name\":\"OnlineLotto365\",\"description\":\"\",\"potentialAction\":[{\"@type\":\"SearchAction\",\"target\":{\"@type\":\"EntryPoint\",\"urlTemplate\":\"https:\/\/onlinelotto365.com\/hr\/?s={search_term_string}\"},\"query-input\":{\"@type\":\"PropertyValueSpecification\",\"valueRequired\":true,\"valueName\":\"search_term_string\"}}],\"inLanguage\":\"hr\"}]}<\/script>\n<!-- \/ Yoast SEO plugin. -->","yoast_head_json":{"title":"Mega Millions Lotto Online | Kupite Listi\u0107 za Mega Millions Lotto sada","description":"Mega Millions Lotto sada za grabe\u017e stanovnike Hrvatske - ovdje kupite legalne ulaznice za Mega Millions","robots":{"index":"index","follow":"follow","max-snippet":"max-snippet:-1","max-image-preview":"max-image-preview:large","max-video-preview":"max-video-preview:-1"},"canonical":"https:\/\/onlinelotto365.com\/hr\/kupiti-karte\/mega-millions\/","og_locale":"hr_HR","og_type":"article","og_title":"Mega Millions Lotto Online | Kupite Listi\u0107 za Mega Millions Lotto sada","og_description":"Mega Millions Lotto sada za grabe\u017e stanovnike Hrvatske - ovdje kupite legalne ulaznice za Mega Millions","og_url":"https:\/\/onlinelotto365.com\/hr\/kupiti-karte\/mega-millions\/","og_site_name":"OnlineLotto365","article_modified_time":"2021-03-06T19:28:35+00:00","og_image":[{"url":"https:\/\/redfoxlotto.com\/image?size=8&amp;lottery=mega-millions"}],"twitter_card":"summary_large_image","twitter_misc":{"Procijenjeno vrijeme \u010ditanja":"4 minute"},"schema":{"@context":"https:\/\/schema.org","@graph":[{"@type":"WebPage","@id":"https:\/\/onlinelotto365.com\/hr\/kupiti-karte\/mega-millions\/","url":"https:\/\/onlinelotto365.com\/hr\/kupiti-karte\/mega-millions\/","name":"Mega Millions Lotto Online | Kupite Listi\u0107 za Mega Millions Lotto sada","isPartOf":{"@id":"https:\/\/onlinelotto365.com\/hr\/#website"},"primaryImageOfPage":{"@id":"https:\/\/onlinelotto365.com\/hr\/kupiti-karte\/mega-millions\/#primaryimage"},"image":{"@id":"https:\/\/onlinelotto365.com\/hr\/kupiti-karte\/mega-millions\/#primaryimage"},"thumbnailUrl":"https:\/\/redfoxlotto.com\/image?size=8&amp;lottery=mega-millions","datePublished":"2020-12-15T17:20:57+00:00","dateModified":"2021-03-06T19:28:35+00:00","description":"Mega Millions Lotto sada za grabe\u017e stanovnike Hrvatske - ovdje kupite legalne ulaznice za Mega Millions","breadcrumb":{"@id":"https:\/\/onlinelotto365.com\/hr\/kupiti-karte\/mega-millions\/#breadcrumb"},"inLanguage":"hr","potentialAction":[{"@type":"ReadAction","target":["https:\/\/onlinelotto365.com\/hr\/kupiti-karte\/mega-millions\/"]}]},{"@type":"ImageObject","inLanguage":"hr","@id":"https:\/\/onlinelotto365.com\/hr\/kupiti-karte\/mega-millions\/#primaryimage","url":"https:\/\/redfoxlotto.com\/image?size=8&amp;lottery=mega-millions","contentUrl":"https:\/\/redfoxlotto.com\/image?size=8&amp;lottery=mega-millions"},{"@type":"BreadcrumbList","@id":"https:\/\/onlinelotto365.com\/hr\/kupiti-karte\/mega-millions\/#breadcrumb","itemListElement":[{"@type":"ListItem","position":1,"name":"Home","item":"https:\/\/onlinelotto365.com\/hr\/"},{"@type":"ListItem","position":2,"name":"Online usluga za kupnju listi\u0107a me\u0111unarodnih loto doga\u0111aja","item":"https:\/\/onlinelotto365.com\/hr\/buy-tickets\/"},{"@type":"ListItem","position":3,"name":"Ne Zovu Ga Mega Millions Bez Razloga"}]},{"@type":"WebSite","@id":"https:\/\/onlinelotto365.com\/hr\/#website","url":"https:\/\/onlinelotto365.com\/hr\/","name":"OnlineLotto365","description":"","potentialAction":[{"@type":"SearchAction","target":{"@type":"EntryPoint","urlTemplate":"https:\/\/onlinelotto365.com\/hr\/?s={search_term_string}"},"query-input":{"@type":"PropertyValueSpecification","valueRequired":true,"valueName":"search_term_string"}}],"inLanguage":"hr"}]}},"_links":{"self":[{"href":"https:\/\/onlinelotto365.com\/hr\/wp-json\/wp\/v2\/pages\/9922","targetHints":{"allow":["GET"]}}],"collection":[{"href":"https:\/\/onlinelotto365.com\/hr\/wp-json\/wp\/v2\/pages"}],"about":[{"href":"https:\/\/onlinelotto365.com\/hr\/wp-json\/wp\/v2\/types\/page"}],"author":[{"embeddable":true,"href":"https:\/\/onlinelotto365.com\/hr\/wp-json\/wp\/v2\/users\/1"}],"replies":[{"embeddable":true,"href":"https:\/\/onlinelotto365.com\/hr\/wp-json\/wp\/v2\/comments?post=9922"}],"version-history":[{"count":0,"href":"https:\/\/onlinelotto365.com\/hr\/wp-json\/wp\/v2\/pages\/9922\/revisions"}],"up":[{"embeddable":true,"href":"https:\/\/onlinelotto365.com\/hr\/wp-json\/wp\/v2\/pages\/5552"}],"wp:attachment":[{"href":"https:\/\/onlinelotto365.com\/hr\/wp-json\/wp\/v2\/media?parent=9922"}],"curies":[{"name":"wp","href":"https:\/\/api.w.org\/{rel}","templated":true}]}}