{"id":9924,"date":"2020-12-15T18:24:25","date_gmt":"2020-12-15T17:24:25","guid":{"rendered":"http:\/\/onlinelotto365.net\/?page_id=9924"},"modified":"2021-03-06T20:35:26","modified_gmt":"2021-03-06T19:35:26","slug":"euromillions","status":"publish","type":"page","link":"https:\/\/onlinelotto365.com\/hr\/kupiti-karte\/euromillions\/","title":{"rendered":"Euromillions je jedna od najve\u0107ih lutrija na svijetu"},"content":{"rendered":"<p>\u017delite li <strong> kupiti karte EuroMillions za sljede\u0107i crte\u017e <\/strong>? Tra\u017eite li karte u potpunosti putem interneta? \u017delite li <a href=\"https:\/\/onlinelotto365.com\/hr\/igrajte\"> igrati lutrije koje nisu dostupne u Hrvatskoj <\/a>? Pa, onda \u0107ete htjeti pogledati izbliza upravo ovdje, gdje \u0107emo i\u0107i preko koraka. I na va\u0161u sre\u0107u, zapo\u010deti je vrlo jednostavno.<\/p>\n<p>Euromillions je zapo\u010deo 2004. godine kao kooperativan pothvat francuske, \u0161panjolske i britanske dr\u017eavne lutrije. Bilo je potrebno deset godina kako bi se dogovor izme\u0111u spomenutih zemalja u potpunosti definirao, pa jednom kada se to dogodilo, definitvno je bio vrlo dobro organiziran, \u0161to je slu\u010daj jo\u0161 i danas.<\/p>\n<p><a href=\"https:\/\/redfoxlotto.com\/play\/euromillions\/?ref=a8564250a2&amp;medium=ol365\" target=\"_blank\" rel=\"noopener noreferrer\"><img decoding=\"async\" class=\"aligncenter\" src=\"https:\/\/redfoxlotto.com\/image?size=8&amp;lottery=euromillions\" alt=\"euromillions\" \/><\/a><\/p>\n<p>Plan je bio ponuditi igra\u010dima lutrije te tri zemlje mogu\u0107nost igranja za puno ve\u0107e dobitke od onih na koje su ljudi navikli i koji su do tada bili dostupni. Po\u0161to veliki jackpot izosi stvaraju najve\u0107u euforiju, o\u010dekivalo se da \u0107e ovaj novi loto format biti veliki pogodak te da \u0107e generirati lude jackpot iznose svaki tjedan. To je upravo ono \u0161to se i dogodilo.<\/p>\n<h2>Vi\u0161e informacija o EuroMillions<\/h2>\n<ul>\n<li>Zemlja: razno Europa<\/li>\n<li>Raspon glavnih brojeva: 50<\/li>\n<li>Odaberete: 5<\/li>\n<li>Dodatni brojevi: 12<\/li>\n<li>Odaberete: 2<\/li>\n<li>Izvla\u010denje dana, sati: utorak, petak, 19:30 GMT, 20:30 CET<\/li>\n<li>Minimalni jackpot: 17 milijuna eura<\/li>\n<li>Maksimalni jackpot: 190 milijuna eura<\/li>\n<li>Vjerojatnost dobitka jackpota: 1 186450880<\/li>\n<li>Vjerojatnost pobjede na razini 2: 1 u 2118760<\/li>\n<li>Vjerojatnost pobjede u bilo kojem stupnju: 1 u 12,98<\/li>\n<li>Broj nagradnih razreda: 13<\/li>\n<\/ul>\n<p>Kako je rastao uspjeh ove lutrije, sve vi\u0161e zemalja je u\u0161lo u partnerstvo, pa tako danas u njemu sudjeluje ukupno devet europskih dr\u017eava. Jackpot iznosi su uvijek me\u0111u najve\u0107ima na svijetu, po\u010dev\u0161i od 15 milijuna eura, pa potom i mnogo vi\u0161e.<\/p>\n<p>Jednom kad jackpot iznos dosegne 190 milijuna eura, tu staje, a sve dodatne uplate idu u fond manji dobitaka. Organizatori lutrije smatraju da je to dovoljno velik iznos za jackpot te definitivno dovoljna koli\u010dina novca da zadovolji bilo koga. Njihov na\u010din razmi\u0161ljanja jest da su u tom trenutku proizveli i vi\u0161e nego dovoljno uzbu\u0111enja za jackpot, pa \u017eele istu stvar napraviti i s ostalim mogu\u0107im dobitcima.<\/p>\n<h2>Vi\u0161e ne morate biti stanovnik ni jedne od tih dr\u017eava kako bi igrali<\/h2>\n<p><img loading=\"lazy\" decoding=\"async\" class=\"alignright size-medium wp-image-3672\" src=\"https:\/\/onlinelotto365.com\/wp-content\/uploads\/2020\/11\/online_lottery-161-300x207.jpg\" alt=\"kupiti Euromillions Hrvatska\" width=\"300\" height=\"207\" srcset=\"https:\/\/onlinelotto365.com\/wp-content\/uploads\/2020\/11\/online_lottery-161-300x207.jpg 300w, https:\/\/onlinelotto365.com\/wp-content\/uploads\/2020\/11\/online_lottery-161.jpg 320w\" sizes=\"auto, (max-width: 300px) 100vw, 300px\" \/><\/p>\n<p>Po\u0161to se Euromillions u povijesti nudio isklju\u010divo u tih devet odabranih europskih dr\u017eava, mnogi od nas su bili izostavljeni iz akcije zbog nemogu\u0107nosti kupnje i jednog listi\u0107a za Euromillions Loto. Zapravo, igranje ove lutrije nismo ni razmatrali, sve do nedavno.<\/p>\n<p>Snala\u017eljivi igra\u010di lutrije, oni od nas koji znaju neke stvari, sada znaju da fizi\u010dke barijere u svijetu lutrije vi\u0161e ne postoje. Na neki na\u010din mo\u017eda jo\u0161 malo postoje, jer svejedno morate fizi\u010dki kupiti listi\u0107 lutrije kako bi odigrali Euromillions ili bilo koju drugu lutriju na svijetu. Ali naravno, ne\u0107ete putovati negdje dvaput tjedno kako bi kupili listi\u0107e, jer bi to bilo veliko tra\u010denje vremena i novca.<\/p>\n<p>Mogli bi ste zaposliti nekoga tko \u017eivi u dr\u017eavi \u010diju lutriju \u017eelite zaigrati, ali to bi iziskivalo vi\u0161e vje\u0161tine i truda od onog \u0161to je ve\u0107ina ljudi spremna ulo\u017eiti. Pa kako onda mogu kupiti listi\u0107 za Euromillions?<\/p>\n<p>Odgovor na to jest da jednostavno kupite listi\u0107 za Euromillions putem interneta, iz udobnosti svog naslonja\u010da, i dopustiti ovoj reputabilnoj usluzi da se pobrine za sve, uklju\u010duju\u0107i kupnju listi\u0107a u va\u0161e ime, slanje email potvrde sa skeniranom kopijom, \u010duvanje fizi\u010dkog listi\u0107a, provjera dobitnih brojeva i obavijest o mogu\u0107em dobitku, te u kona\u010dnici pomo\u0107 kod preuzimanja dobitka.<\/p>\n<p>Ova nova usluga se zove RedFoxLotto, a san svih igra\u010da lutrije da kupe listi\u0107e online i da se netko drugi pobrine za sve ostale okolnosti je sada stvarnost. Ne samo da na vrlo jednostavan na\u010din mo\u017eete kupiti koliko god Euromillions listi\u0107a \u017eelite, nego i listi\u0107e bilo koje druge velike lutrije na svijetu, te tako sudjelovati u povjesnim izvla\u010denjima.<\/p>\n<p><a href=\"https:\/\/redfoxlotto.com\/hr\/?ref=A8564250A2&amp;campaign=ol\" target=\"_blank\" rel=\"noopener\">Kliknite ovdje kako bi posjetili njihovu stranicu u kupili svoj Euromillions listi\u0107.<\/a><\/p>\n<h2>Kako funkcionira Euromillions loto<\/h2>\n<p>Postoji ukupno 13 razli\u010ditih na\u010dina isplate za ovaj loto doga\u0111aj, po\u010dev\u0161i od pogotka samo dva broja od glavnih 5, do pogotka svih pet glavnih brojeva plus oba dodatna broja, \u0161to vam u kona\u010dnici donosi glavni jackpot. Osim svojih ogromnih iznosa za jackpot, Euromillions tako\u0111er nudi svojim igra\u010dima ve\u0107u \u0161ansu za neki manji dobitak, nego \u0161to je to obi\u010daj kod drugih ve\u0107ih lutrija.<\/p>\n<p>Izvla\u010denja se odr\u017eavaju dvaput tjedno, utorkom i petkom u 21 sat po vremenu u Greenwichu. RedFoxLotto odbrojava vrijeme do tog doga\u0111aja, ali i do izvla\u010denja svake druge lutrije na njihovoj stranici, kako bi igra\u010di u svakom trenutku znali koliko je to\u010dno vremena ostalo do sljede\u0107eg izvla\u010denja. Igra\u010di biraju 5 brojeva u intervalu od 1 do 50, kao i dva dodatna iz intervala od 1 do 11. Kao i loto poslovnice, RedFoxLotto svojim igra\u010dima nudi mogu\u0107nost igranja svojih \u017eeljenih brojeva ili pak mogu dopustiti ra\u010dunalu da nasumi\u010dno odabere brojeve.<\/p>\n<p>Mo\u017eete kupiti koliko god listi\u0107a \u017eelite za svako izvla\u010denje. Tada mo\u017eete posjetiti web stranicu usluge RedFoxLotto kako bi provjerili svoje listi\u0107e ili, ako tako \u017eelite, samo sa\u010dekajte da vam RedFoxLotto po\u0161alje email potvrdu o dobitku. Ovisno o visini dobitka, oni \u0107e vam pru\u017eiti savjet i pomo\u0107i vam kod preuzimanja.<\/p>\n<h2>Sada kada imate znanje, posjedujete mo\u0107<\/h2>\n<p>Vi\u0161e nismo isklju\u010deni iz svih ogromnih lutrija poput Euromillions, samo zbog geografske udaljenosti. Sada mo\u017eemo kupiti listi\u0107 koje god lutrije \u017eelimo i nitko nas ne mo\u017ee zaustaviti. Internet je stvarno otvorio i povezao svijet, a taj u\u010dinak se napokon prenjeo i na lutriju. Na\u0161e \u010dekanje je gotovo.<\/p>\n<p>Pa, uz svo to uzbu\u0111enje oko lutrije sada dostupno na dlanu, nema razloga iz kojeg bi si uskratili tu zabavu i zadovoljstvo koje nam nudi.<\/p>\n","protected":false},"excerpt":{"rendered":"<p>\u017delite li kupiti karte EuroMillions za sljede\u0107i crte\u017e ? Tra\u017eite li karte u potpunosti putem interneta? \u017delite li igrati lutrije koje nisu dostupne u Hrvatskoj ? Pa, onda \u0107ete htjeti pogledati izbliza upravo ovdje, gdje \u0107emo i\u0107i preko koraka. I na va\u0161u sre\u0107u, zapo\u010deti je vrlo jednostavno. Euromillions je zapo\u010deo 2004. godine kao kooperativan pothvat [&hellip;]<\/p>\n","protected":false},"author":1,"featured_media":0,"parent":5552,"menu_order":3,"comment_status":"closed","ping_status":"closed","template":"euromillions-info.php","meta":{"_et_pb_use_builder":"","_et_pb_old_content":"","_et_gb_content_width":"","exclude_from_search":false,"footnotes":""},"class_list":["post-9924","page","type-page","status-publish","hentry"],"yoast_head":"<!-- This site is optimized with the Yoast SEO plugin v23.4 - https:\/\/yoast.com\/wordpress\/plugins\/seo\/ -->\n<title>Kupite svoj Euromillions Loto listi\u0107 Online<\/title>\n<meta name=\"description\" content=\"Ljubitelji lota iz bilo koje zemlje, uklju\u010duju\u0107i Hrvatsku, ovdje mogu kupiti Euromillions karte\" \/>\n<meta name=\"robots\" content=\"index, follow, max-snippet:-1, max-image-preview:large, max-video-preview:-1\" \/>\n<link rel=\"canonical\" href=\"https:\/\/onlinelotto365.com\/hr\/kupiti-karte\/euromillions\/\" \/>\n<meta property=\"og:locale\" content=\"hr_HR\" \/>\n<meta property=\"og:type\" content=\"article\" \/>\n<meta property=\"og:title\" content=\"Kupite svoj Euromillions Loto listi\u0107 Online\" \/>\n<meta property=\"og:description\" content=\"Ljubitelji lota iz bilo koje zemlje, uklju\u010duju\u0107i Hrvatsku, ovdje mogu kupiti Euromillions karte\" \/>\n<meta property=\"og:url\" content=\"https:\/\/onlinelotto365.com\/hr\/kupiti-karte\/euromillions\/\" \/>\n<meta property=\"og:site_name\" content=\"OnlineLotto365\" \/>\n<meta property=\"article:modified_time\" content=\"2021-03-06T19:35:26+00:00\" \/>\n<meta property=\"og:image\" content=\"https:\/\/redfoxlotto.com\/image?size=8&amp;lottery=euromillions\" \/>\n<meta name=\"twitter:card\" content=\"summary_large_image\" \/>\n<meta name=\"twitter:label1\" content=\"Procijenjeno vrijeme \u010ditanja\" \/>\n\t<meta name=\"twitter:data1\" content=\"5 minuta\" \/>\n<script type=\"application\/ld+json\" class=\"yoast-schema-graph\">{\"@context\":\"https:\/\/schema.org\",\"@graph\":[{\"@type\":\"WebPage\",\"@id\":\"https:\/\/onlinelotto365.com\/hr\/kupiti-karte\/euromillions\/\",\"url\":\"https:\/\/onlinelotto365.com\/hr\/kupiti-karte\/euromillions\/\",\"name\":\"Kupite svoj Euromillions Loto listi\u0107 Online\",\"isPartOf\":{\"@id\":\"https:\/\/onlinelotto365.com\/hr\/#website\"},\"primaryImageOfPage\":{\"@id\":\"https:\/\/onlinelotto365.com\/hr\/kupiti-karte\/euromillions\/#primaryimage\"},\"image\":{\"@id\":\"https:\/\/onlinelotto365.com\/hr\/kupiti-karte\/euromillions\/#primaryimage\"},\"thumbnailUrl\":\"https:\/\/redfoxlotto.com\/image?size=8&amp;lottery=euromillions\",\"datePublished\":\"2020-12-15T17:24:25+00:00\",\"dateModified\":\"2021-03-06T19:35:26+00:00\",\"description\":\"Ljubitelji lota iz bilo koje zemlje, uklju\u010duju\u0107i Hrvatsku, ovdje mogu kupiti Euromillions karte\",\"breadcrumb\":{\"@id\":\"https:\/\/onlinelotto365.com\/hr\/kupiti-karte\/euromillions\/#breadcrumb\"},\"inLanguage\":\"hr\",\"potentialAction\":[{\"@type\":\"ReadAction\",\"target\":[\"https:\/\/onlinelotto365.com\/hr\/kupiti-karte\/euromillions\/\"]}]},{\"@type\":\"ImageObject\",\"inLanguage\":\"hr\",\"@id\":\"https:\/\/onlinelotto365.com\/hr\/kupiti-karte\/euromillions\/#primaryimage\",\"url\":\"https:\/\/redfoxlotto.com\/image?size=8&amp;lottery=euromillions\",\"contentUrl\":\"https:\/\/redfoxlotto.com\/image?size=8&amp;lottery=euromillions\"},{\"@type\":\"BreadcrumbList\",\"@id\":\"https:\/\/onlinelotto365.com\/hr\/kupiti-karte\/euromillions\/#breadcrumb\",\"itemListElement\":[{\"@type\":\"ListItem\",\"position\":1,\"name\":\"Home\",\"item\":\"https:\/\/onlinelotto365.com\/hr\/\"},{\"@type\":\"ListItem\",\"position\":2,\"name\":\"Online usluga za kupnju listi\u0107a me\u0111unarodnih loto doga\u0111aja\",\"item\":\"https:\/\/onlinelotto365.com\/hr\/buy-tickets\/\"},{\"@type\":\"ListItem\",\"position\":3,\"name\":\"Euromillions je jedna od najve\u0107ih lutrija na svijetu\"}]},{\"@type\":\"WebSite\",\"@id\":\"https:\/\/onlinelotto365.com\/hr\/#website\",\"url\":\"https:\/\/onlinelotto365.com\/hr\/\",\"name\":\"OnlineLotto365\",\"description\":\"\",\"potentialAction\":[{\"@type\":\"SearchAction\",\"target\":{\"@type\":\"EntryPoint\",\"urlTemplate\":\"https:\/\/onlinelotto365.com\/hr\/?s={search_term_string}\"},\"query-input\":{\"@type\":\"PropertyValueSpecification\",\"valueRequired\":true,\"valueName\":\"search_term_string\"}}],\"inLanguage\":\"hr\"}]}<\/script>\n<!-- \/ Yoast SEO plugin. -->","yoast_head_json":{"title":"Kupite svoj Euromillions Loto listi\u0107 Online","description":"Ljubitelji lota iz bilo koje zemlje, uklju\u010duju\u0107i Hrvatsku, ovdje mogu kupiti Euromillions karte","robots":{"index":"index","follow":"follow","max-snippet":"max-snippet:-1","max-image-preview":"max-image-preview:large","max-video-preview":"max-video-preview:-1"},"canonical":"https:\/\/onlinelotto365.com\/hr\/kupiti-karte\/euromillions\/","og_locale":"hr_HR","og_type":"article","og_title":"Kupite svoj Euromillions Loto listi\u0107 Online","og_description":"Ljubitelji lota iz bilo koje zemlje, uklju\u010duju\u0107i Hrvatsku, ovdje mogu kupiti Euromillions karte","og_url":"https:\/\/onlinelotto365.com\/hr\/kupiti-karte\/euromillions\/","og_site_name":"OnlineLotto365","article_modified_time":"2021-03-06T19:35:26+00:00","og_image":[{"url":"https:\/\/redfoxlotto.com\/image?size=8&amp;lottery=euromillions"}],"twitter_card":"summary_large_image","twitter_misc":{"Procijenjeno vrijeme \u010ditanja":"5 minuta"},"schema":{"@context":"https:\/\/schema.org","@graph":[{"@type":"WebPage","@id":"https:\/\/onlinelotto365.com\/hr\/kupiti-karte\/euromillions\/","url":"https:\/\/onlinelotto365.com\/hr\/kupiti-karte\/euromillions\/","name":"Kupite svoj Euromillions Loto listi\u0107 Online","isPartOf":{"@id":"https:\/\/onlinelotto365.com\/hr\/#website"},"primaryImageOfPage":{"@id":"https:\/\/onlinelotto365.com\/hr\/kupiti-karte\/euromillions\/#primaryimage"},"image":{"@id":"https:\/\/onlinelotto365.com\/hr\/kupiti-karte\/euromillions\/#primaryimage"},"thumbnailUrl":"https:\/\/redfoxlotto.com\/image?size=8&amp;lottery=euromillions","datePublished":"2020-12-15T17:24:25+00:00","dateModified":"2021-03-06T19:35:26+00:00","description":"Ljubitelji lota iz bilo koje zemlje, uklju\u010duju\u0107i Hrvatsku, ovdje mogu kupiti Euromillions karte","breadcrumb":{"@id":"https:\/\/onlinelotto365.com\/hr\/kupiti-karte\/euromillions\/#breadcrumb"},"inLanguage":"hr","potentialAction":[{"@type":"ReadAction","target":["https:\/\/onlinelotto365.com\/hr\/kupiti-karte\/euromillions\/"]}]},{"@type":"ImageObject","inLanguage":"hr","@id":"https:\/\/onlinelotto365.com\/hr\/kupiti-karte\/euromillions\/#primaryimage","url":"https:\/\/redfoxlotto.com\/image?size=8&amp;lottery=euromillions","contentUrl":"https:\/\/redfoxlotto.com\/image?size=8&amp;lottery=euromillions"},{"@type":"BreadcrumbList","@id":"https:\/\/onlinelotto365.com\/hr\/kupiti-karte\/euromillions\/#breadcrumb","itemListElement":[{"@type":"ListItem","position":1,"name":"Home","item":"https:\/\/onlinelotto365.com\/hr\/"},{"@type":"ListItem","position":2,"name":"Online usluga za kupnju listi\u0107a me\u0111unarodnih loto doga\u0111aja","item":"https:\/\/onlinelotto365.com\/hr\/buy-tickets\/"},{"@type":"ListItem","position":3,"name":"Euromillions je jedna od najve\u0107ih lutrija na svijetu"}]},{"@type":"WebSite","@id":"https:\/\/onlinelotto365.com\/hr\/#website","url":"https:\/\/onlinelotto365.com\/hr\/","name":"OnlineLotto365","description":"","potentialAction":[{"@type":"SearchAction","target":{"@type":"EntryPoint","urlTemplate":"https:\/\/onlinelotto365.com\/hr\/?s={search_term_string}"},"query-input":{"@type":"PropertyValueSpecification","valueRequired":true,"valueName":"search_term_string"}}],"inLanguage":"hr"}]}},"_links":{"self":[{"href":"https:\/\/onlinelotto365.com\/hr\/wp-json\/wp\/v2\/pages\/9924","targetHints":{"allow":["GET"]}}],"collection":[{"href":"https:\/\/onlinelotto365.com\/hr\/wp-json\/wp\/v2\/pages"}],"about":[{"href":"https:\/\/onlinelotto365.com\/hr\/wp-json\/wp\/v2\/types\/page"}],"author":[{"embeddable":true,"href":"https:\/\/onlinelotto365.com\/hr\/wp-json\/wp\/v2\/users\/1"}],"replies":[{"embeddable":true,"href":"https:\/\/onlinelotto365.com\/hr\/wp-json\/wp\/v2\/comments?post=9924"}],"version-history":[{"count":0,"href":"https:\/\/onlinelotto365.com\/hr\/wp-json\/wp\/v2\/pages\/9924\/revisions"}],"up":[{"embeddable":true,"href":"https:\/\/onlinelotto365.com\/hr\/wp-json\/wp\/v2\/pages\/5552"}],"wp:attachment":[{"href":"https:\/\/onlinelotto365.com\/hr\/wp-json\/wp\/v2\/media?parent=9924"}],"curies":[{"name":"wp","href":"https:\/\/api.w.org\/{rel}","templated":true}]}}