{"id":9926,"date":"2020-12-15T18:25:25","date_gmt":"2020-12-15T17:25:25","guid":{"rendered":"http:\/\/onlinelotto365.net\/?page_id=9926"},"modified":"2021-03-06T20:38:01","modified_gmt":"2021-03-06T19:38:01","slug":"eurojackpot","status":"publish","type":"page","link":"https:\/\/onlinelotto365.com\/hr\/kupiti-karte\/eurojackpot\/","title":{"rendered":"Kako kupiti Eurojackpot karte putem interneta"},"content":{"rendered":"<p>Ako iz nekog razloga ne mo\u017eete kupiti listi\u0107 za Eurojackpot u va\u0161oj lokalnoj poslovnici, tada jo\u0161 uvijek imate mogu\u0107nost igranja Eurojackpota online.<br \/>\nSve \u0161to morate jest <a href=\"https:\/\/redfoxlotto.com\/hr\/?ref=A8564250A2&amp;campaign=ol\" target=\"_blank\" rel=\"noopener\">kliknuti na ovaj link i mi \u0107emo vas usmjeriti na RedFoxLotto web straicu<\/a>. RedFoxLotto je online usluga koja vam omogu\u0107ava da sudjelujete u vi\u0161e od 20 najve\u0107ih lutrija na svijetu, bez obzira otkuda ste.<\/p>\n<p>To omogu\u0107ava mre\u017ea zaposlenika koje upo\u0161ljava ova tvrtka, koji osobno kupuju listi\u0107e koje njihovi klijenti naru\u010de online. Naru\u010deni listi\u0107i se pla\u0107aju kreditnom karticom (postoji mnogo drugih na\u010dina za provedbu transkacije osim ove) i u kratkom roku kupac prima email potvrde, koji odmah vrijedi za sljede\u0107e izvla\u010denje odabrane lutrije.<br \/>\n<a href=\"https:\/\/redfoxlotto.com\/play\/eurojackpot\/?ref=a8564250a2&amp;medium=ol365\" target=\"_blank\" rel=\"noopener noreferrer\"> <img decoding=\"async\" class=\"aligncenter\" src=\"https:\/\/redfoxlotto.com\/image?size=8&amp;lottery=eurojackpot\" alt=\"eurojackpot\" \/> <\/a><\/p>\n<p>Sudjelovanje u Eurojackpotu, kao i sudjelovanje u bilo kojoj od ostalih 20 i vi\u0161e lutrija, je potpuno legalno, a jednom kada kupite svoj listi\u0107, imate opravdano potra\u017eivanje prema lutrijskoj komisiji u pitanju. Manji dobitci do \u20ac2500 \u0107e se odmah prebaciti na va\u0161 RedFoxLotto ra\u010dun, dok se za ve\u0107e dobitke treba sa\u010dekati koji dan, jer RedFoxLotto obra\u0111uje dobitke za vas (bez ikakve naknade ili provizije) tako da izravno posluje s lokalnom poslovnicom odre\u0111ene lutrije.<\/p>\n<p>Trenutni iznos razli\u010ditih jackpota mo\u017eete prona\u0107i s desne strane (ili ispod ovog teksta, u slu\u010daju da \u010ditate ovo na mobilnom ure\u0111aju).<\/p>\n<h2>Kako funkcionira Eurojackpot?<\/h2>\n<p><img loading=\"lazy\" decoding=\"async\" class=\"alignright wp-image-1246\" src=\"https:\/\/onlinelotto365.com\/wp-content\/uploads\/2020\/11\/online_lottery-106.jpg\" alt=\"kupite eurojackpot online\" width=\"302\" height=\"181\" \/><\/p>\n<p>Ova lutrija se nudi u nekoliko europskih zemalja (Njema\u010dka, \u0160panjolska, Italija, Nizozemska, Estonija, Finska, Danska, Island, Hrvatska, Ma\u0111arska, Latvija, Litva, Norve\u0161ka, Poljska, \u0160vedska, Slova\u010dka, Slovenija, \u010ce\u0161ka). Ako ne \u017eivite ili boravite u jednoj od navedenih zemalja, tada mo\u017eete sudjelovati u Eurojackpot lutriji kori\u0161tenjem ove online usluge.<\/p>\n<p>Jackpot uvijek kre\u0107e od barem 10 milijuna eura. Igra\u010di imaju izbor od 50 glavnih brojeva, od kojih mo\u017eete odabrati 5. Postoje tako\u0111er dva dodatna broja, koja morate izabrati iz intervala od 1 do 10. Jackpot osvaja igra\u010d koji pogodi svih 5 glavnih i oba dodatna broja. Ako jackpot prelazi iznos od 90 milijuna eura, tada se sve daljnje uplate proslje\u0111uju u drugu klasu. To tada pove\u0107ava iznos koji mo\u017eete osvojiti s pogo\u0111enih 5 glavnih brojeva i 1 dodatni. Pravi jackpot u iznosu od 90 milijuna eura ostaje u igri dok ga netko zaista ne osvoji.<\/p>\n<p>U pro\u0161losti je jackpot osvajao ve\u0107inom jedan jedini listi\u0107, dok se djeljenje tog glavnog dobitka jako rijetko dogoga\u0111alo.<br \/>\nMatemati\u010dka \u0161ansa da osvojite jackpot iznosi 1:95 milijuna \u2013 zaista veliki broj, no opet manji i povoljniji u odnosu na Powerball i Mega Millions.<\/p>\n<p>Nabavite svoj listi\u0107 za Eurojackpot ve\u0107 sada i sudjelutje i najve\u0107im lutrijama na svijetu- mo\u017eda trenutni Eurojackpot \u010deka upravo vas da ga osvojite!<\/p>\n","protected":false},"excerpt":{"rendered":"<p>Ako iz nekog razloga ne mo\u017eete kupiti listi\u0107 za Eurojackpot u va\u0161oj lokalnoj poslovnici, tada jo\u0161 uvijek imate mogu\u0107nost igranja Eurojackpota online. Sve \u0161to morate jest kliknuti na ovaj link i mi \u0107emo vas usmjeriti na RedFoxLotto web straicu. RedFoxLotto je online usluga koja vam omogu\u0107ava da sudjelujete u vi\u0161e od 20 najve\u0107ih lutrija na [&hellip;]<\/p>\n","protected":false},"author":1,"featured_media":0,"parent":5552,"menu_order":4,"comment_status":"closed","ping_status":"closed","template":"eurojackpot-info.php","meta":{"_et_pb_use_builder":"","_et_pb_old_content":"","_et_gb_content_width":"","exclude_from_search":false,"footnotes":""},"class_list":["post-9926","page","type-page","status-publish","hentry"],"yoast_head":"<!-- This site is optimized with the Yoast SEO plugin v23.4 - https:\/\/yoast.com\/wordpress\/plugins\/seo\/ -->\n<title>Kupite karte za Eurojackpot putem interneta<\/title>\n<meta name=\"description\" content=\"\u017divite u Hrvatskoj, ali \u017eelite kupiti karte za Eurojackpot? Kupite ih putem interneta ovdje!\" \/>\n<meta name=\"robots\" content=\"index, follow, max-snippet:-1, max-image-preview:large, max-video-preview:-1\" \/>\n<link rel=\"canonical\" href=\"https:\/\/onlinelotto365.com\/hr\/kupiti-karte\/eurojackpot\/\" \/>\n<meta property=\"og:locale\" content=\"hr_HR\" \/>\n<meta property=\"og:type\" content=\"article\" \/>\n<meta property=\"og:title\" content=\"Kupite karte za Eurojackpot putem interneta\" \/>\n<meta property=\"og:description\" content=\"\u017divite u Hrvatskoj, ali \u017eelite kupiti karte za Eurojackpot? Kupite ih putem interneta ovdje!\" \/>\n<meta property=\"og:url\" content=\"https:\/\/onlinelotto365.com\/hr\/kupiti-karte\/eurojackpot\/\" \/>\n<meta property=\"og:site_name\" content=\"OnlineLotto365\" \/>\n<meta property=\"article:modified_time\" content=\"2021-03-06T19:38:01+00:00\" \/>\n<meta property=\"og:image\" content=\"https:\/\/redfoxlotto.com\/image?size=8&amp;lottery=eurojackpot\" \/>\n<meta name=\"twitter:card\" content=\"summary_large_image\" \/>\n<meta name=\"twitter:label1\" content=\"Procijenjeno vrijeme \u010ditanja\" \/>\n\t<meta name=\"twitter:data1\" content=\"3 minute\" \/>\n<script type=\"application\/ld+json\" class=\"yoast-schema-graph\">{\"@context\":\"https:\/\/schema.org\",\"@graph\":[{\"@type\":\"WebPage\",\"@id\":\"https:\/\/onlinelotto365.com\/hr\/kupiti-karte\/eurojackpot\/\",\"url\":\"https:\/\/onlinelotto365.com\/hr\/kupiti-karte\/eurojackpot\/\",\"name\":\"Kupite karte za Eurojackpot putem interneta\",\"isPartOf\":{\"@id\":\"https:\/\/onlinelotto365.com\/hr\/#website\"},\"primaryImageOfPage\":{\"@id\":\"https:\/\/onlinelotto365.com\/hr\/kupiti-karte\/eurojackpot\/#primaryimage\"},\"image\":{\"@id\":\"https:\/\/onlinelotto365.com\/hr\/kupiti-karte\/eurojackpot\/#primaryimage\"},\"thumbnailUrl\":\"https:\/\/redfoxlotto.com\/image?size=8&amp;lottery=eurojackpot\",\"datePublished\":\"2020-12-15T17:25:25+00:00\",\"dateModified\":\"2021-03-06T19:38:01+00:00\",\"description\":\"\u017divite u Hrvatskoj, ali \u017eelite kupiti karte za Eurojackpot? Kupite ih putem interneta ovdje!\",\"breadcrumb\":{\"@id\":\"https:\/\/onlinelotto365.com\/hr\/kupiti-karte\/eurojackpot\/#breadcrumb\"},\"inLanguage\":\"hr\",\"potentialAction\":[{\"@type\":\"ReadAction\",\"target\":[\"https:\/\/onlinelotto365.com\/hr\/kupiti-karte\/eurojackpot\/\"]}]},{\"@type\":\"ImageObject\",\"inLanguage\":\"hr\",\"@id\":\"https:\/\/onlinelotto365.com\/hr\/kupiti-karte\/eurojackpot\/#primaryimage\",\"url\":\"https:\/\/redfoxlotto.com\/image?size=8&amp;lottery=eurojackpot\",\"contentUrl\":\"https:\/\/redfoxlotto.com\/image?size=8&amp;lottery=eurojackpot\"},{\"@type\":\"BreadcrumbList\",\"@id\":\"https:\/\/onlinelotto365.com\/hr\/kupiti-karte\/eurojackpot\/#breadcrumb\",\"itemListElement\":[{\"@type\":\"ListItem\",\"position\":1,\"name\":\"Home\",\"item\":\"https:\/\/onlinelotto365.com\/hr\/\"},{\"@type\":\"ListItem\",\"position\":2,\"name\":\"Online usluga za kupnju listi\u0107a me\u0111unarodnih loto doga\u0111aja\",\"item\":\"https:\/\/onlinelotto365.com\/hr\/buy-tickets\/\"},{\"@type\":\"ListItem\",\"position\":3,\"name\":\"Kako kupiti Eurojackpot karte putem interneta\"}]},{\"@type\":\"WebSite\",\"@id\":\"https:\/\/onlinelotto365.com\/hr\/#website\",\"url\":\"https:\/\/onlinelotto365.com\/hr\/\",\"name\":\"OnlineLotto365\",\"description\":\"\",\"potentialAction\":[{\"@type\":\"SearchAction\",\"target\":{\"@type\":\"EntryPoint\",\"urlTemplate\":\"https:\/\/onlinelotto365.com\/hr\/?s={search_term_string}\"},\"query-input\":{\"@type\":\"PropertyValueSpecification\",\"valueRequired\":true,\"valueName\":\"search_term_string\"}}],\"inLanguage\":\"hr\"}]}<\/script>\n<!-- \/ Yoast SEO plugin. -->","yoast_head_json":{"title":"Kupite karte za Eurojackpot putem interneta","description":"\u017divite u Hrvatskoj, ali \u017eelite kupiti karte za Eurojackpot? Kupite ih putem interneta ovdje!","robots":{"index":"index","follow":"follow","max-snippet":"max-snippet:-1","max-image-preview":"max-image-preview:large","max-video-preview":"max-video-preview:-1"},"canonical":"https:\/\/onlinelotto365.com\/hr\/kupiti-karte\/eurojackpot\/","og_locale":"hr_HR","og_type":"article","og_title":"Kupite karte za Eurojackpot putem interneta","og_description":"\u017divite u Hrvatskoj, ali \u017eelite kupiti karte za Eurojackpot? Kupite ih putem interneta ovdje!","og_url":"https:\/\/onlinelotto365.com\/hr\/kupiti-karte\/eurojackpot\/","og_site_name":"OnlineLotto365","article_modified_time":"2021-03-06T19:38:01+00:00","og_image":[{"url":"https:\/\/redfoxlotto.com\/image?size=8&amp;lottery=eurojackpot"}],"twitter_card":"summary_large_image","twitter_misc":{"Procijenjeno vrijeme \u010ditanja":"3 minute"},"schema":{"@context":"https:\/\/schema.org","@graph":[{"@type":"WebPage","@id":"https:\/\/onlinelotto365.com\/hr\/kupiti-karte\/eurojackpot\/","url":"https:\/\/onlinelotto365.com\/hr\/kupiti-karte\/eurojackpot\/","name":"Kupite karte za Eurojackpot putem interneta","isPartOf":{"@id":"https:\/\/onlinelotto365.com\/hr\/#website"},"primaryImageOfPage":{"@id":"https:\/\/onlinelotto365.com\/hr\/kupiti-karte\/eurojackpot\/#primaryimage"},"image":{"@id":"https:\/\/onlinelotto365.com\/hr\/kupiti-karte\/eurojackpot\/#primaryimage"},"thumbnailUrl":"https:\/\/redfoxlotto.com\/image?size=8&amp;lottery=eurojackpot","datePublished":"2020-12-15T17:25:25+00:00","dateModified":"2021-03-06T19:38:01+00:00","description":"\u017divite u Hrvatskoj, ali \u017eelite kupiti karte za Eurojackpot? Kupite ih putem interneta ovdje!","breadcrumb":{"@id":"https:\/\/onlinelotto365.com\/hr\/kupiti-karte\/eurojackpot\/#breadcrumb"},"inLanguage":"hr","potentialAction":[{"@type":"ReadAction","target":["https:\/\/onlinelotto365.com\/hr\/kupiti-karte\/eurojackpot\/"]}]},{"@type":"ImageObject","inLanguage":"hr","@id":"https:\/\/onlinelotto365.com\/hr\/kupiti-karte\/eurojackpot\/#primaryimage","url":"https:\/\/redfoxlotto.com\/image?size=8&amp;lottery=eurojackpot","contentUrl":"https:\/\/redfoxlotto.com\/image?size=8&amp;lottery=eurojackpot"},{"@type":"BreadcrumbList","@id":"https:\/\/onlinelotto365.com\/hr\/kupiti-karte\/eurojackpot\/#breadcrumb","itemListElement":[{"@type":"ListItem","position":1,"name":"Home","item":"https:\/\/onlinelotto365.com\/hr\/"},{"@type":"ListItem","position":2,"name":"Online usluga za kupnju listi\u0107a me\u0111unarodnih loto doga\u0111aja","item":"https:\/\/onlinelotto365.com\/hr\/buy-tickets\/"},{"@type":"ListItem","position":3,"name":"Kako kupiti Eurojackpot karte putem interneta"}]},{"@type":"WebSite","@id":"https:\/\/onlinelotto365.com\/hr\/#website","url":"https:\/\/onlinelotto365.com\/hr\/","name":"OnlineLotto365","description":"","potentialAction":[{"@type":"SearchAction","target":{"@type":"EntryPoint","urlTemplate":"https:\/\/onlinelotto365.com\/hr\/?s={search_term_string}"},"query-input":{"@type":"PropertyValueSpecification","valueRequired":true,"valueName":"search_term_string"}}],"inLanguage":"hr"}]}},"_links":{"self":[{"href":"https:\/\/onlinelotto365.com\/hr\/wp-json\/wp\/v2\/pages\/9926","targetHints":{"allow":["GET"]}}],"collection":[{"href":"https:\/\/onlinelotto365.com\/hr\/wp-json\/wp\/v2\/pages"}],"about":[{"href":"https:\/\/onlinelotto365.com\/hr\/wp-json\/wp\/v2\/types\/page"}],"author":[{"embeddable":true,"href":"https:\/\/onlinelotto365.com\/hr\/wp-json\/wp\/v2\/users\/1"}],"replies":[{"embeddable":true,"href":"https:\/\/onlinelotto365.com\/hr\/wp-json\/wp\/v2\/comments?post=9926"}],"version-history":[{"count":0,"href":"https:\/\/onlinelotto365.com\/hr\/wp-json\/wp\/v2\/pages\/9926\/revisions"}],"up":[{"embeddable":true,"href":"https:\/\/onlinelotto365.com\/hr\/wp-json\/wp\/v2\/pages\/5552"}],"wp:attachment":[{"href":"https:\/\/onlinelotto365.com\/hr\/wp-json\/wp\/v2\/media?parent=9926"}],"curies":[{"name":"wp","href":"https:\/\/api.w.org\/{rel}","templated":true}]}}