{"id":10924,"date":"2020-12-18T09:19:08","date_gmt":"2020-12-18T08:19:08","guid":{"rendered":"http:\/\/onlinelotto365.net\/?page_id=10924"},"modified":"2022-11-08T10:30:34","modified_gmt":"2022-11-08T09:30:34","slug":"powerball","status":"publish","type":"page","link":"https:\/\/onlinelotto365.com\/hu\/jatsszon\/powerball\/","title":{"rendered":"Hogyan j\u00e1tszhatnak a magyarok online Powerball-t?"},"content":{"rendered":"<p>Val\u00f3j\u00e1ban el\u00e9g k\u00f6nny\u0171 online j\u00e1tszani Powerball-t, m\u00e9g akkor is, ha Magyarorsz\u00e1gon tart\u00f3zkodik. \u00c9s k\u00e9nyelmes is.<\/p>\n<p>Gy\u0151z\u0151dj\u00f6n meg arr\u00f3l, hogy a megfelel\u0151 lott\u00f3t v\u00e1lasztotta \u2013 konkr\u00e9tan a Powerball-t. Ezut\u00e1n v\u00e1lassza ki a sz\u00e1mokat.<\/p>\n<p>Van egy olyan m\u00f3dszer is, amelyet sok j\u00e1t\u00e9kos szeret \u2013 a gyors kiv\u00e1laszt\u00e1si funkci\u00f3. Csak annyit kell tennie, hogy r\u00e1kattint a gyorst\u00e1rcs\u00e1z\u00e1s gombra, \u00e9s a weboldal v\u00e9letlenszer\u0171en v\u00e1lasztja ki a sz\u00e1mokat.<br \/>\n<a href=\"https:\/\/redfoxlotto.com\/play\/powerball\/?ref=a8564250a2&amp;medium=ol365\" target=\"_blank\" rel=\"noopener noreferrer\"><img loading=\"lazy\" decoding=\"async\" class=\"aligncenter\" src=\"https:\/\/redfoxlotto.com\/image?size=8&amp;lottery=powerball\" alt=\"powerball\" width=\"793\" height=\"98\" \/><\/a><br \/>\nMiut\u00e1n kiv\u00e1lasztotta a Powerball sz\u00e1mait, v\u00e1laszthat egy m\u00e1sik lott\u00f3t, tov\u00e1bbi lott\u00f3kat j\u00e1tszhat \u00e9s hozz\u00e1adhatja a j\u00e1t\u00e9k\u00e1hoz. Ha v\u00e9gzett, kattintson gombra a fogad\u00e1sok kifizet\u00e9s\u00e9hez \u00e9s a kijelentkez\u00e9shez. Most l\u00e9tre kell hoznia egy fi\u00f3kot n\u00e1lunk. Term\u00e9szetesen el\u0151sz\u00f6r l\u00e9trehozhat egy fi\u00f3kot, majd elkezdhet sz\u00e1mokat rendelni.<\/p>\n<p>Fi\u00f3k l\u00e9trehoz\u00e1sa ut\u00e1n ellen\u0151riznie kell regisztr\u00e1ci\u00f3j\u00e1t a webhelyen. K\u00fcld\u00fcnk egy ellen\u0151rz\u0151 e-mailt egy linkkel. Javasoljuk, hogy jel\u00f6lje meg e-mail c\u00edm\u00fcnket megb\u00edzhat\u00f3 k\u00fcld\u0151k\u00e9nt. Ez bebiztos\u00edtja, hogy a fontos \u00fczenetek, mint p\u00e9ld\u00e1ul a nyerem\u00e9nyhirdet\u00e9sek \u00e9s egyebek, k\u00f6nnyen eljussanak hozz\u00e1. Ez az egyik el\u0151nye az online Powerball lott\u00f3j\u00e1t\u00e9knak \u2013 mindig \u00e9szreveszi, ha nyert, mert mindig \u00e9rtes\u00edt\u00e9st kap.<\/p>\n<p>Szolg\u00e1ltat\u00e1sunk a 21. sz\u00e1zadba vitte a lott\u00f3j\u00e1t\u00e9kot \u2013 ez a legnagyobb dolog, ami a lott\u00f3j\u00e1t\u00e9kokban t\u00f6rt\u00e9nt. Ha nem haszn\u00e1lja ki ennek az online szolg\u00e1ltat\u00e1snak az el\u0151nyeit, akkor val\u00f3ban lemarad a sok nagyszer\u0171 lott\u00f3esem\u00e9nyr\u0151l.<\/p>\n<h2>A Powerball-r\u00f3l<\/h2>\n<p><img loading=\"lazy\" decoding=\"async\" class=\"size-medium wp-image-1356 alignright\" src=\"https:\/\/onlinelotto365.com\/wp-content\/uploads\/2020\/11\/online_lottery-117-300x217.jpg\" alt=\"J\u00e1tsszon online Powerball\" width=\"300\" height=\"217\" \/><\/p>\n<ul>\n<li>Orsz\u00e1g: USA<\/li>\n<li>F\u0151 sz\u00e1mtartom\u00e1ny: 69<\/li>\n<li>Sz\u00e1mokat v\u00e1laszt: 5<\/li>\n<li>Extra sz\u00e1mtartom\u00e1ny: 26<\/li>\n<li>Sz\u00e1mokat v\u00e1laszt: 1<\/li>\n<li>Sorsol\u00e1s \u2013 napok \u00e9s \u00f3r\u00e1k: szerda, szombat, 21:00 EST, +1 nap 3:00 CET<\/li>\n<li>A legkisebb jackpot: 40 milli\u00f3 doll\u00e1r<\/li>\n<li>Jackpot korl\u00e1t: nincs<\/li>\n<li>A Powerball jackpot megnyer\u00e9s\u00e9nek val\u00f3sz\u00edn\u0171s\u00e9ge: 1 az 175 223 510-b\u0151l<\/li>\n<li>2. szint\u0171 nyerem\u00e9ny megnyer\u00e9s\u00e9nek val\u00f3sz\u00edn\u0171s\u00e9ge: 1 az 5 006 386-b\u00f3l<\/li>\n<li>B\u00e1rmely szint megnyer\u00e9s\u00e9nek val\u00f3sz\u00edn\u0171s\u00e9ge: 1 az 24,87-b\u0151l<\/li>\n<li>Nyerem\u00e9ny szintek sz\u00e1ma: 9<\/li>\n<\/ul>\n<h2>A Powerball legjobb tulajdons\u00e1gai<\/h2>\n<p>A Powerball hatalm\u00e1ban \u00e1ll mindenkit kiel\u00e9g\u00edteni, f\u00fcggetlen\u00fcl att\u00f3l, hogy mekkora az \u00e1lma. Rendszeresen t\u00f6bb sz\u00e1zmilli\u00f3 doll\u00e1ros jackpotokat k\u00edn\u00e1l \u2013 ezt minden bizonnyal hatalmas \u00f6sszegnek nevezn\u00e9, amit term\u00e9szetesen meg akarna nyerni.<\/p>\n<p>Valah\u00e1nyszor senki nem nyeri meg a jackpotot, \u00edgy a jackpot emelkedik, gyakran sz\u00e1zmilli\u00f3ra, k\u00e9tsz\u00e1zmilli\u00f3ra, s\u0151t n\u00e9ha h\u00e1romsz\u00e1zmilli\u00f3 doll\u00e1rra is. Azt hiszem, a legt\u00f6bben egyet\u00e9rt\u00fcnk abban, hogy ak\u00e1r 40 milli\u00f3 doll\u00e1r is elegend\u0151 lenne minden \u00e1lmunk meg\u00e9l\u00e9s\u00e9hez, de ha sorsol\u00e1sr\u00f3l van sz\u00f3, akkor min\u00e9l nagyobb, ann\u00e1l jobb. Teh\u00e1t ha \u00d6n is olyan, mint a legt\u00f6bb ember, \u00e9s szeret nagy gy\u0151zelmek\u00e9rt j\u00e1tszani, ez mindenk\u00e9ppen \u00d6nnek sz\u00f3l.<\/p>\n<h2>Mit kell m\u00e9g tudni az online Powerball lott\u00f3j\u00e1t\u00e9kr\u00f3l<\/h2>\n<p><img loading=\"lazy\" decoding=\"async\" class=\" wp-image-1521 alignright\" src=\"https:\/\/onlinelotto365.com\/wp-content\/uploads\/2020\/11\/online_lottery-133-300x212.jpg\" alt=\"powerball usa Magyarorsz\u00e1gr\u00f3l\" width=\"197\" height=\"139\" \/><\/p>\n<p>A Powerball lott\u00f3 a jackpot nyerteseinek a nyerem\u00e9ny kifizet\u00e9s\u00e9nek k\u00e9t m\u00f3dj\u00e1t k\u00edn\u00e1lja. Vagy azonnal \u00e1tveheti az \u00f6sszeget, vagy sokkal t\u00f6bb p\u00e9nzt kaphat, ha azt 30 \u00e9ves r\u00e9szletben kapja meg.<\/p>\n<h2>Hogyan lehet megn\u00e9zni a Powerball lott\u00f3 eredm\u00e9nyeit Magyarorsz\u00e1gr\u00f3l<\/h2>\n<p>Sz\u00e1mos m\u00f3don lehet megn\u00e9zni a Powerball nyer\u0151sz\u00e1mait \u00e9s eredm\u00e9nyeit Magyarorsz\u00e1gr\u00f3l. De ha a Powerball-t online j\u00e1tszotta, akkor a legegyszer\u0171bb m\u00f3dja az, hogy visszat\u00e9r oda, ahol a t\u00e9tj\u00e9t v\u00e1s\u00e1rolta. Ott \u00f6sszehasonl\u00edthatja sz\u00e1m\u00e1t a fi\u00f3kj\u00e1ban szerepl\u0151 lott\u00f3sz\u00e1mokkal. Egy e-mailt is kap, ha valamelyik t\u00e9tje nyer valamit.<\/p>\n<h2>J\u00e1tszott online Powerball-t, \u00e9s nyert \u2013 most mi k\u00f6vetkezik?<\/h2>\n<p>Szolg\u00e1ltat\u00e1sunk mag\u00e1ban foglalja a kifizet\u00e9sek kezel\u00e9s\u00e9t az \u00d6n sz\u00e1m\u00e1ra. Nem kell agg\u00f3dnia a kifizet\u00e9s miatt. \u00c9s nem sz\u00e1m\u00edtunk fel semmilyen jutal\u00e9kot a nyerem\u00e9nye ut\u00e1n.<\/p>\n<p>Az elj\u00e1r\u00e1s att\u00f3l f\u00fcgg, hogy mennyit nyert\u00e9l. Ha legfeljebb 2500 eur\u00f3t nyert\u00e9l, akkor ezt az \u00f6sszeget j\u00f3v\u00e1\u00edrjuk a n\u00e1lunk vezetett sz\u00e1ml\u00e1don. Ezt az \u00f6sszeget kiveheti, vagy a sz\u00e1ml\u00e1j\u00e1n hagyhatja, \u00e9s felhaszn\u00e1lhatja tov\u00e1bbi online lott\u00f3szelv\u00e9nyek megj\u00e1tsz\u00e1s\u00e1ra.<\/p>\n<p>Ha nagyobb \u00f6sszeget nyert, e-mailben k\u00fcld\u00fcnk \u00d6nnek egy ig\u00e9nyl\u0151lapot. Ekkor ki kell t\u00f6ltenie n\u00e9h\u00e1ny szem\u00e9lyes adatot, t\u00f6bbek k\u00f6z\u00f6tt azt is, hogy hogyan szeretn\u00e9, ha kifizetn\u00e9nk. K\u00e9t lehet\u0151s\u00e9g van: banki \u00e1tutal\u00e1s vagy csekk. Az ig\u00e9nyl\u0151lapot tov\u00e1bb\u00edtjuk a lott\u00f3bizotts\u00e1gnak, \u00e9s \u0151k az \u00d6n utas\u00edt\u00e1sai szerint fizetnek \u00d6nnek.<\/p>\n","protected":false},"excerpt":{"rendered":"<p>Val\u00f3j\u00e1ban el\u00e9g k\u00f6nny\u0171 online j\u00e1tszani Powerball-t, m\u00e9g akkor is, ha Magyarorsz\u00e1gon tart\u00f3zkodik. \u00c9s k\u00e9nyelmes is. Gy\u0151z\u0151dj\u00f6n meg arr\u00f3l, hogy a megfelel\u0151 lott\u00f3t v\u00e1lasztotta \u2013 konkr\u00e9tan a Powerball-t. Ezut\u00e1n v\u00e1lassza ki a sz\u00e1mokat. Van egy olyan m\u00f3dszer is, amelyet sok j\u00e1t\u00e9kos szeret \u2013 a gyors kiv\u00e1laszt\u00e1si funkci\u00f3. Csak annyit kell tennie, hogy r\u00e1kattint a gyorst\u00e1rcs\u00e1z\u00e1s gombra, [&hellip;]<\/p>\n","protected":false},"author":1,"featured_media":0,"parent":5022,"menu_order":1,"comment_status":"closed","ping_status":"closed","template":"powerball-usa.php","meta":{"_et_pb_use_builder":"","_et_pb_old_content":"","_et_gb_content_width":"","exclude_from_search":false,"footnotes":""},"class_list":["post-10924","page","type-page","status-publish","hentry"],"yoast_head":"<!-- This site is optimized with the Yoast SEO plugin v23.4 - https:\/\/yoast.com\/wordpress\/plugins\/seo\/ -->\n<title>J\u00e1tsszon online Powerball-t Magyarorsz\u00e1gr\u00f3l | Nyerhetek a Powerball-ban Magyarorsz\u00e1gr\u00f3l<\/title>\n<meta name=\"description\" content=\"J\u00e1tsszon Powerball-t itt \u2013 a legnagyobb amerikai lott\u00f3t, amely el\u00e9rhet\u0151 Magyarorsz\u00e1gr\u00f3l \u00e9s b\u00e1rmely m\u00e1s orsz\u00e1gb\u00f3l is online.\" \/>\n<meta name=\"robots\" content=\"index, follow, max-snippet:-1, max-image-preview:large, max-video-preview:-1\" \/>\n<link rel=\"canonical\" href=\"https:\/\/onlinelotto365.com\/hu\/jatsszon\/powerball\/\" \/>\n<meta property=\"og:locale\" content=\"hu_HU\" \/>\n<meta property=\"og:type\" content=\"article\" \/>\n<meta property=\"og:title\" content=\"J\u00e1tsszon online Powerball-t Magyarorsz\u00e1gr\u00f3l | Nyerhetek a Powerball-ban Magyarorsz\u00e1gr\u00f3l\" \/>\n<meta property=\"og:description\" content=\"J\u00e1tsszon Powerball-t itt \u2013 a legnagyobb amerikai lott\u00f3t, amely el\u00e9rhet\u0151 Magyarorsz\u00e1gr\u00f3l \u00e9s b\u00e1rmely m\u00e1s orsz\u00e1gb\u00f3l is online.\" \/>\n<meta property=\"og:url\" content=\"https:\/\/onlinelotto365.com\/hu\/jatsszon\/powerball\/\" \/>\n<meta property=\"og:site_name\" content=\"OnlineLotto365\" \/>\n<meta property=\"article:modified_time\" content=\"2022-11-08T09:30:34+00:00\" \/>\n<meta property=\"og:image\" content=\"https:\/\/redfoxlotto.com\/image?size=8&amp;lottery=powerball\" \/>\n<meta name=\"twitter:card\" content=\"summary_large_image\" \/>\n<meta name=\"twitter:label1\" content=\"Becs\u00fclt olvas\u00e1si id\u0151\" \/>\n\t<meta name=\"twitter:data1\" content=\"4 perc\" \/>\n<script type=\"application\/ld+json\" class=\"yoast-schema-graph\">{\"@context\":\"https:\/\/schema.org\",\"@graph\":[{\"@type\":\"WebPage\",\"@id\":\"https:\/\/onlinelotto365.com\/hu\/jatsszon\/powerball\/\",\"url\":\"https:\/\/onlinelotto365.com\/hu\/jatsszon\/powerball\/\",\"name\":\"J\u00e1tsszon online Powerball-t Magyarorsz\u00e1gr\u00f3l | Nyerhetek a Powerball-ban Magyarorsz\u00e1gr\u00f3l\",\"isPartOf\":{\"@id\":\"https:\/\/onlinelotto365.com\/hu\/#website\"},\"primaryImageOfPage\":{\"@id\":\"https:\/\/onlinelotto365.com\/hu\/jatsszon\/powerball\/#primaryimage\"},\"image\":{\"@id\":\"https:\/\/onlinelotto365.com\/hu\/jatsszon\/powerball\/#primaryimage\"},\"thumbnailUrl\":\"https:\/\/redfoxlotto.com\/image?size=8&amp;lottery=powerball\",\"datePublished\":\"2020-12-18T08:19:08+00:00\",\"dateModified\":\"2022-11-08T09:30:34+00:00\",\"description\":\"J\u00e1tsszon Powerball-t itt \u2013 a legnagyobb amerikai lott\u00f3t, amely el\u00e9rhet\u0151 Magyarorsz\u00e1gr\u00f3l \u00e9s b\u00e1rmely m\u00e1s orsz\u00e1gb\u00f3l is online.\",\"breadcrumb\":{\"@id\":\"https:\/\/onlinelotto365.com\/hu\/jatsszon\/powerball\/#breadcrumb\"},\"inLanguage\":\"hu\",\"potentialAction\":[{\"@type\":\"ReadAction\",\"target\":[\"https:\/\/onlinelotto365.com\/hu\/jatsszon\/powerball\/\"]}]},{\"@type\":\"ImageObject\",\"inLanguage\":\"hu\",\"@id\":\"https:\/\/onlinelotto365.com\/hu\/jatsszon\/powerball\/#primaryimage\",\"url\":\"https:\/\/redfoxlotto.com\/image?size=8&amp;lottery=powerball\",\"contentUrl\":\"https:\/\/redfoxlotto.com\/image?size=8&amp;lottery=powerball\"},{\"@type\":\"BreadcrumbList\",\"@id\":\"https:\/\/onlinelotto365.com\/hu\/jatsszon\/powerball\/#breadcrumb\",\"itemListElement\":[{\"@type\":\"ListItem\",\"position\":1,\"name\":\"Home\",\"item\":\"https:\/\/onlinelotto365.com\/hu\/\"},{\"@type\":\"ListItem\",\"position\":2,\"name\":\"Minden, amit tudnia kell a legjobb online lott\u00f3j\u00e1t\u00e9kok j\u00e1t\u00e9klehet\u0151s\u00e9g\u00e9r\u0151l\",\"item\":\"https:\/\/onlinelotto365.com\/hu\/play\/\"},{\"@type\":\"ListItem\",\"position\":3,\"name\":\"Hogyan j\u00e1tszhatnak a magyarok online Powerball-t?\"}]},{\"@type\":\"WebSite\",\"@id\":\"https:\/\/onlinelotto365.com\/hu\/#website\",\"url\":\"https:\/\/onlinelotto365.com\/hu\/\",\"name\":\"OnlineLotto365\",\"description\":\"\",\"potentialAction\":[{\"@type\":\"SearchAction\",\"target\":{\"@type\":\"EntryPoint\",\"urlTemplate\":\"https:\/\/onlinelotto365.com\/hu\/?s={search_term_string}\"},\"query-input\":{\"@type\":\"PropertyValueSpecification\",\"valueRequired\":true,\"valueName\":\"search_term_string\"}}],\"inLanguage\":\"hu\"}]}<\/script>\n<!-- \/ Yoast SEO plugin. -->","yoast_head_json":{"title":"J\u00e1tsszon online Powerball-t Magyarorsz\u00e1gr\u00f3l | Nyerhetek a Powerball-ban Magyarorsz\u00e1gr\u00f3l","description":"J\u00e1tsszon Powerball-t itt \u2013 a legnagyobb amerikai lott\u00f3t, amely el\u00e9rhet\u0151 Magyarorsz\u00e1gr\u00f3l \u00e9s b\u00e1rmely m\u00e1s orsz\u00e1gb\u00f3l is online.","robots":{"index":"index","follow":"follow","max-snippet":"max-snippet:-1","max-image-preview":"max-image-preview:large","max-video-preview":"max-video-preview:-1"},"canonical":"https:\/\/onlinelotto365.com\/hu\/jatsszon\/powerball\/","og_locale":"hu_HU","og_type":"article","og_title":"J\u00e1tsszon online Powerball-t Magyarorsz\u00e1gr\u00f3l | Nyerhetek a Powerball-ban Magyarorsz\u00e1gr\u00f3l","og_description":"J\u00e1tsszon Powerball-t itt \u2013 a legnagyobb amerikai lott\u00f3t, amely el\u00e9rhet\u0151 Magyarorsz\u00e1gr\u00f3l \u00e9s b\u00e1rmely m\u00e1s orsz\u00e1gb\u00f3l is online.","og_url":"https:\/\/onlinelotto365.com\/hu\/jatsszon\/powerball\/","og_site_name":"OnlineLotto365","article_modified_time":"2022-11-08T09:30:34+00:00","og_image":[{"url":"https:\/\/redfoxlotto.com\/image?size=8&amp;lottery=powerball"}],"twitter_card":"summary_large_image","twitter_misc":{"Becs\u00fclt olvas\u00e1si id\u0151":"4 perc"},"schema":{"@context":"https:\/\/schema.org","@graph":[{"@type":"WebPage","@id":"https:\/\/onlinelotto365.com\/hu\/jatsszon\/powerball\/","url":"https:\/\/onlinelotto365.com\/hu\/jatsszon\/powerball\/","name":"J\u00e1tsszon online Powerball-t Magyarorsz\u00e1gr\u00f3l | Nyerhetek a Powerball-ban Magyarorsz\u00e1gr\u00f3l","isPartOf":{"@id":"https:\/\/onlinelotto365.com\/hu\/#website"},"primaryImageOfPage":{"@id":"https:\/\/onlinelotto365.com\/hu\/jatsszon\/powerball\/#primaryimage"},"image":{"@id":"https:\/\/onlinelotto365.com\/hu\/jatsszon\/powerball\/#primaryimage"},"thumbnailUrl":"https:\/\/redfoxlotto.com\/image?size=8&amp;lottery=powerball","datePublished":"2020-12-18T08:19:08+00:00","dateModified":"2022-11-08T09:30:34+00:00","description":"J\u00e1tsszon Powerball-t itt \u2013 a legnagyobb amerikai lott\u00f3t, amely el\u00e9rhet\u0151 Magyarorsz\u00e1gr\u00f3l \u00e9s b\u00e1rmely m\u00e1s orsz\u00e1gb\u00f3l is online.","breadcrumb":{"@id":"https:\/\/onlinelotto365.com\/hu\/jatsszon\/powerball\/#breadcrumb"},"inLanguage":"hu","potentialAction":[{"@type":"ReadAction","target":["https:\/\/onlinelotto365.com\/hu\/jatsszon\/powerball\/"]}]},{"@type":"ImageObject","inLanguage":"hu","@id":"https:\/\/onlinelotto365.com\/hu\/jatsszon\/powerball\/#primaryimage","url":"https:\/\/redfoxlotto.com\/image?size=8&amp;lottery=powerball","contentUrl":"https:\/\/redfoxlotto.com\/image?size=8&amp;lottery=powerball"},{"@type":"BreadcrumbList","@id":"https:\/\/onlinelotto365.com\/hu\/jatsszon\/powerball\/#breadcrumb","itemListElement":[{"@type":"ListItem","position":1,"name":"Home","item":"https:\/\/onlinelotto365.com\/hu\/"},{"@type":"ListItem","position":2,"name":"Minden, amit tudnia kell a legjobb online lott\u00f3j\u00e1t\u00e9kok j\u00e1t\u00e9klehet\u0151s\u00e9g\u00e9r\u0151l","item":"https:\/\/onlinelotto365.com\/hu\/play\/"},{"@type":"ListItem","position":3,"name":"Hogyan j\u00e1tszhatnak a magyarok online Powerball-t?"}]},{"@type":"WebSite","@id":"https:\/\/onlinelotto365.com\/hu\/#website","url":"https:\/\/onlinelotto365.com\/hu\/","name":"OnlineLotto365","description":"","potentialAction":[{"@type":"SearchAction","target":{"@type":"EntryPoint","urlTemplate":"https:\/\/onlinelotto365.com\/hu\/?s={search_term_string}"},"query-input":{"@type":"PropertyValueSpecification","valueRequired":true,"valueName":"search_term_string"}}],"inLanguage":"hu"}]}},"_links":{"self":[{"href":"https:\/\/onlinelotto365.com\/hu\/wp-json\/wp\/v2\/pages\/10924","targetHints":{"allow":["GET"]}}],"collection":[{"href":"https:\/\/onlinelotto365.com\/hu\/wp-json\/wp\/v2\/pages"}],"about":[{"href":"https:\/\/onlinelotto365.com\/hu\/wp-json\/wp\/v2\/types\/page"}],"author":[{"embeddable":true,"href":"https:\/\/onlinelotto365.com\/hu\/wp-json\/wp\/v2\/users\/1"}],"replies":[{"embeddable":true,"href":"https:\/\/onlinelotto365.com\/hu\/wp-json\/wp\/v2\/comments?post=10924"}],"version-history":[{"count":0,"href":"https:\/\/onlinelotto365.com\/hu\/wp-json\/wp\/v2\/pages\/10924\/revisions"}],"up":[{"embeddable":true,"href":"https:\/\/onlinelotto365.com\/hu\/wp-json\/wp\/v2\/pages\/5022"}],"wp:attachment":[{"href":"https:\/\/onlinelotto365.com\/hu\/wp-json\/wp\/v2\/media?parent=10924"}],"curies":[{"name":"wp","href":"https:\/\/api.w.org\/{rel}","templated":true}]}}