{"id":10926,"date":"2020-12-18T09:20:14","date_gmt":"2020-12-18T08:20:14","guid":{"rendered":"http:\/\/onlinelotto365.net\/?page_id=10926"},"modified":"2021-03-11T11:19:26","modified_gmt":"2021-03-11T10:19:26","slug":"mega-millions","status":"publish","type":"page","link":"https:\/\/onlinelotto365.com\/hu\/jatsszon\/mega-millions\/","title":{"rendered":"Online Mega Millions"},"content":{"rendered":"<h2>A Mega Millions j\u00e1t\u00e9kr\u00f3l<\/h2>\n<p>Ez itt val\u00f3sz\u00edn\u0171leg a vil\u00e1g legh\u00edresebb lott\u00f3 j\u00e1t\u00e9k. A magyar lott\u00f3 rajong\u00f3knak az online Mega Millions j\u00e1t\u00e9klehet\u0151s\u00e9g biztos\u00edt\u00e1sa beseg\u00edti a j\u00e1t\u00e9kosokat abban, hogy megval\u00f3s\u00edts\u00e1k az \u00e1lmaikat. Ha ak\u00e1r Magyarorsz\u00e1gon \u00e9l, j\u00e1tszhat online Mega Millions-t. S szolg\u00e1ltat\u00e1sunk leg\u00e1lis, \u00e9s lehet\u0151s\u00e9geket adunk arra, hogy r\u00e9szt vegyen ebben a megalott\u00f3ban, amely az USA-b\u00f3l sz\u00e1rmazik.<br \/>\n<a href=\"https:\/\/redfoxlotto.com\/play\/mega-millions\/?ref=a8564250a2&amp;medium=ol365\" target=\"_blank\" rel=\"noopener noreferrer\"><img decoding=\"async\" class=\"aligncenter\" src=\"https:\/\/redfoxlotto.com\/image?size=8&amp;lottery=mega-millions\" alt=\"mega millions\" \/><\/a><\/p>\n<ul>\n<li>Orsz\u00e1g: USA<\/li>\n<li>F\u0151 sz\u00e1mtartom\u00e1ny: 70<\/li>\n<li>Ki kell v\u00e1lasztania: 5<\/li>\n<li>Extra sz\u00e1mtartom\u00e1ny: 25<\/li>\n<li>Ki kell v\u00e1lasztania: 1<\/li>\n<li>Sorsol\u00e1s \u2013 napok \u00e9s \u00f3r\u00e1k: kedd, p\u00e9ntek, 21:00 EST, +1 nap 3:00 CET<\/li>\n<li>A Mega Millions jackpot kezdete: 40 milli\u00f3 doll\u00e1r<\/li>\n<li>A Mega Millions jackpot korl\u00e1toz\u00e1sa: nincs<\/li>\n<li>A jackpot megnyer\u00e9se es\u00e9lye: 1 az 175 711 536-b\u00f3l<\/li>\n<li>A m\u00e1sodik d\u00edj megnyer\u00e9se es\u00e9lye: 1 a 3 819 816-b\u00f3l<\/li>\n<li>B\u00e1rmely nyerem\u00e9ny megnyer\u00e9se es\u00e9lye: 1 a 24,12-b\u0151l<\/li>\n<li>Nyerem\u00e9ny szintek sz\u00e1ma: 9<\/li>\n<\/ul>\n<h2>A Mega Millions j\u00e1t\u00e9k legjobb tulajdons\u00e1gai<\/h2>\n<p><img loading=\"lazy\" decoding=\"async\" class=\"alignright wp-image-1026\" src=\"https:\/\/onlinelotto365.com\/wp-content\/uploads\/2020\/11\/online_lottery-85.jpg\" alt=\"j\u00e1tssza a mega millions online\" width=\"189\" height=\"162\" \/><\/p>\n<p>A Mega Millions j\u00e1t\u00e9k f\u0151 tulajdons\u00e1ga a f\u0151nyerem\u00e9nyek nagys\u00e1ga. A Mega Millions j\u00e1t\u00e9k jackpot soha nem lehet kevesebb, mint 40 milli\u00f3 doll\u00e1r. Amikor valaki megnyeri a jackpotot, akkor a jackpot \u00fajra kezd\u0151dik 40 milli\u00f3 doll\u00e1ron. A Mega Millions jackpot el\u00e9g gyorsan n\u00f6vekszik heti k\u00e9t sorsol\u00e1s miatt. Az USA-ban emberek milli\u00f3i j\u00e1tsz\u00e1k a Mega Millions j\u00e1t\u00e9kot h\u00e9tr\u0151l h\u00e9tre. Sok m\u00e1s olyan orsz\u00e1gb\u00f3l is j\u00e1tsz\u00e1k online a Mega Millions j\u00e1t\u00e9kot.<\/p>\n<p>Teh\u00e1t norm\u00e1lis, hogy a Mega Millions jackpot minden sorsol\u00e1s ut\u00e1n 10 milli\u00f3 doll\u00e1rral lesz nagyobb (hacsak valaki meg nem nyeri a f\u0151 jackpotot) \u2013 ez hetente k\u00f6r\u00fclbel\u00fcl 20 milli\u00f3 doll\u00e1rt jelent, mivel k\u00e9t sorsol\u00e1s t\u00f6rt\u00e9nik hetente.<\/p>\n<p>\u00c9s amikor a jackpot meghaladja a 100 milli\u00f3 doll\u00e1rt, t\u00f6bb \u00e9s t\u00f6bb ember kezdi j\u00e1tszani a j\u00e1t\u00e9kot. Sokszor a jackpot el\u00e9rte a 400 milli\u00f3 doll\u00e1rt is, de t\u00f6bbsz\u00f6r is ann\u00e1l nagyobb volt. Ett\u0151l kezdve a heti 100 milli\u00f3 doll\u00e1ros n\u00f6veked\u00e9s norm\u00e1lis szokott lenni, mert t\u00f6bb \u00e9s t\u00f6bb \u00e9s t\u00f6bben j\u00e1tszanak. A jelenlegi rekord jackpot \u00e9rt\u00e9ke 1500 milli\u00f3 doll\u00e1r (igen, 1,5 milli\u00e1rd doll\u00e1rt jelent!).<\/p>\n<h2>A Mega Millions j\u00e1t\u00e9k eredm\u00e9nyei megn\u00e9z\u00e9se<\/h2>\n<p><img loading=\"lazy\" decoding=\"async\" class=\"alignright size-full wp-image-1103\" src=\"https:\/\/onlinelotto365.com\/wp-content\/uploads\/2020\/11\/online_lottery-93.jpg\" alt=\"mega millions Magyarorsz\u00e1g\" width=\"212\" height=\"142\" \/><\/p>\n<p>Ha Magyarorsz\u00e1gon vagy az USA k\u00edv\u00fcli b\u00e1rmely m\u00e1s orsz\u00e1gban \u00e9l, akkor nagy val\u00f3sz\u00edn\u0171s\u00e9ggel nem fogja tudni megn\u00e9zni a nyer\u0151sz\u00e1mokat a helyi r\u00e1di\u00f3- vagy tv-csatorn\u00e1kon. Teh\u00e1t megl\u00e1togathatja a Mega Millions j\u00e1t\u00e9k hivatalos webhely\u00e9t, de l\u00e9tezik egy sokkal k\u00f6nnyebb megold\u00e1s is. Egyszer\u0171en menjen vissza a weboldalunkra, \u00e9s n\u00e9zze meg az eredm\u00e9nyeket ott. Az \u00f6sszes lott\u00f3 eredm\u00e9ny\u00e9t ott tessz\u00fck k\u00f6zz\u00e9.<\/p>\n<p>Ha nyert valamit, k\u00fcld\u00fcnk egy e-mailt a gy\u0151zelemr\u0151l sz\u00f3l\u00f3 \u00e9rtes\u00edt\u00e9ssel is \u2013 ha online j\u00e1tszott, \u00e9s van egy jegye a Mega Millions j\u00e1t\u00e9kba.<\/p>\n<p>Ezenk\u00edv\u00fcl megn\u00e9zheti szem\u00e9lyes lott\u00f3eredm\u00e9nyeit a j\u00e1t\u00e9k fi\u00f3kj\u00e1ban. Ha a Mega Millions weboldalunkon j\u00e1tszott online, a jegyek a fi\u00f3kj\u00e1ban t\u00e1rol\u00f3dnak. A sorsol\u00e1s ut\u00e1n pedig visszamehet oda, \u00e9s azonnal \u00f6sszehasonl\u00edthatja Mega Millions jegy\u00e9t az \u00faj nyer\u0151sz\u00e1mokkal.<\/p>\n<h2>J\u00e1tszott Mega Millions j\u00e1t\u00e9kot online \u00e9s nyert \u2013 most mi t\u00f6rt\u00e9nik?<\/h2>\n<p>Ha valamilyen nagyobb nyeres\u00e9get nyert, a csapatunk \u00fczenetet k\u00fcld \u00d6nnek a tov\u00e1bbi l\u00e9p\u00e9sekr\u0151l. Ezut\u00e1n egy \u00e1ltalunk megadott \u0171rlapot ki kell t\u00f6ltenie. A csapatunk elk\u00fcldi ezt az \u0171rlapot a lott\u00f3bizotts\u00e1gnak. Az \u0171rlap inform\u00e1ci\u00f3t tartalmaz a banksz\u00e1ml\u00e1j\u00e1r\u00f3l vagy a magyarorsz\u00e1gi (vagy m\u00e1s) lakc\u00edm\u00e9r\u0151l. Ebben az \u0171rlapban meghat\u00e1rozhatja a fizet\u00e9si m\u00f3ddal kapcsolatos k\u00edv\u00e1ns\u00e1gait is. N\u00e9h\u00e1ny napon bel\u00fcl meg\u00e9rkezik a p\u00e9nze a kiv\u00e1lasztott m\u00f3d seg\u00edts\u00e9g\u00e9vel.<\/p>\n<p>Ha pedig egy kisebb nyeres\u00e9get nyer (eg\u00e9szen pontosan 2500 eur\u00f3ig), akkor a p\u00e9nzt azonnal a j\u00e1t\u00e9kos fi\u00f3kj\u00e1ba k\u00fcldj\u00fck \u2013 csak n\u00e9zze meg a fi\u00f3kj\u00e1t. Azt\u00e1n eld\u00f6ntheti, hogy a fi\u00f3kban hagyja-e a p\u00e9nzt, \u00e9s felhaszn\u00e1lja-e tov\u00e1bbi online j\u00e1t\u00e9kokban (p\u00e9ld\u00e1ul Mega Millions j\u00e1t\u00e9kban), vagy elk\u00fcldi a banksz\u00e1ml\u00e1j\u00e1ra.<\/p>\n","protected":false},"excerpt":{"rendered":"<p>A Mega Millions j\u00e1t\u00e9kr\u00f3l Ez itt val\u00f3sz\u00edn\u0171leg a vil\u00e1g legh\u00edresebb lott\u00f3 j\u00e1t\u00e9k. A magyar lott\u00f3 rajong\u00f3knak az online Mega Millions j\u00e1t\u00e9klehet\u0151s\u00e9g biztos\u00edt\u00e1sa beseg\u00edti a j\u00e1t\u00e9kosokat abban, hogy megval\u00f3s\u00edts\u00e1k az \u00e1lmaikat. Ha ak\u00e1r Magyarorsz\u00e1gon \u00e9l, j\u00e1tszhat online Mega Millions-t. S szolg\u00e1ltat\u00e1sunk leg\u00e1lis, \u00e9s lehet\u0151s\u00e9geket adunk arra, hogy r\u00e9szt vegyen ebben a megalott\u00f3ban, amely az USA-b\u00f3l sz\u00e1rmazik. [&hellip;]<\/p>\n","protected":false},"author":1,"featured_media":0,"parent":5022,"menu_order":2,"comment_status":"closed","ping_status":"closed","template":"megamillion.php","meta":{"_et_pb_use_builder":"","_et_pb_old_content":"","_et_gb_content_width":"","exclude_from_search":false,"footnotes":""},"class_list":["post-10926","page","type-page","status-publish","hentry"],"yoast_head":"<!-- This site is optimized with the Yoast SEO plugin v23.4 - https:\/\/yoast.com\/wordpress\/plugins\/seo\/ -->\n<title>J\u00e1tsszon online Mega Millions-t USA-ban | Hogyan vehetnek a magyarorsz\u00e1gi lakosok leg\u00e1lisan r\u00e9szt a Mega Millions programban<\/title>\n<meta name=\"description\" content=\"Most m\u00e1r j\u00e1tszhat Mega Millions-t \u00d6n is \u2013 az online szolg\u00e1ltat\u00e1sunk lehet\u0151v\u00e9 teszi, hogy Mega Millions j\u00e1t\u00e9kot j\u00e1tsszon ak\u00e1r Magyarorsz\u00e1gr\u00f3l is\" \/>\n<meta name=\"robots\" content=\"index, follow, max-snippet:-1, max-image-preview:large, max-video-preview:-1\" \/>\n<link rel=\"canonical\" href=\"https:\/\/onlinelotto365.com\/hu\/jatsszon\/mega-millions\/\" \/>\n<meta property=\"og:locale\" content=\"hu_HU\" \/>\n<meta property=\"og:type\" content=\"article\" \/>\n<meta property=\"og:title\" content=\"J\u00e1tsszon online Mega Millions-t USA-ban | Hogyan vehetnek a magyarorsz\u00e1gi lakosok leg\u00e1lisan r\u00e9szt a Mega Millions programban\" \/>\n<meta property=\"og:description\" content=\"Most m\u00e1r j\u00e1tszhat Mega Millions-t \u00d6n is \u2013 az online szolg\u00e1ltat\u00e1sunk lehet\u0151v\u00e9 teszi, hogy Mega Millions j\u00e1t\u00e9kot j\u00e1tsszon ak\u00e1r Magyarorsz\u00e1gr\u00f3l is\" \/>\n<meta property=\"og:url\" content=\"https:\/\/onlinelotto365.com\/hu\/jatsszon\/mega-millions\/\" \/>\n<meta property=\"og:site_name\" content=\"OnlineLotto365\" \/>\n<meta property=\"article:modified_time\" content=\"2021-03-11T10:19:26+00:00\" \/>\n<meta property=\"og:image\" content=\"https:\/\/redfoxlotto.com\/image?size=8&amp;lottery=mega-millions\" \/>\n<meta name=\"twitter:card\" content=\"summary_large_image\" \/>\n<meta name=\"twitter:label1\" content=\"Becs\u00fclt olvas\u00e1si id\u0151\" \/>\n\t<meta name=\"twitter:data1\" content=\"3 perc\" \/>\n<script type=\"application\/ld+json\" class=\"yoast-schema-graph\">{\"@context\":\"https:\/\/schema.org\",\"@graph\":[{\"@type\":\"WebPage\",\"@id\":\"https:\/\/onlinelotto365.com\/hu\/jatsszon\/mega-millions\/\",\"url\":\"https:\/\/onlinelotto365.com\/hu\/jatsszon\/mega-millions\/\",\"name\":\"J\u00e1tsszon online Mega Millions-t USA-ban | Hogyan vehetnek a magyarorsz\u00e1gi lakosok leg\u00e1lisan r\u00e9szt a Mega Millions programban\",\"isPartOf\":{\"@id\":\"https:\/\/onlinelotto365.com\/hu\/#website\"},\"primaryImageOfPage\":{\"@id\":\"https:\/\/onlinelotto365.com\/hu\/jatsszon\/mega-millions\/#primaryimage\"},\"image\":{\"@id\":\"https:\/\/onlinelotto365.com\/hu\/jatsszon\/mega-millions\/#primaryimage\"},\"thumbnailUrl\":\"https:\/\/redfoxlotto.com\/image?size=8&amp;lottery=mega-millions\",\"datePublished\":\"2020-12-18T08:20:14+00:00\",\"dateModified\":\"2021-03-11T10:19:26+00:00\",\"description\":\"Most m\u00e1r j\u00e1tszhat Mega Millions-t \u00d6n is \u2013 az online szolg\u00e1ltat\u00e1sunk lehet\u0151v\u00e9 teszi, hogy Mega Millions j\u00e1t\u00e9kot j\u00e1tsszon ak\u00e1r Magyarorsz\u00e1gr\u00f3l is\",\"breadcrumb\":{\"@id\":\"https:\/\/onlinelotto365.com\/hu\/jatsszon\/mega-millions\/#breadcrumb\"},\"inLanguage\":\"hu\",\"potentialAction\":[{\"@type\":\"ReadAction\",\"target\":[\"https:\/\/onlinelotto365.com\/hu\/jatsszon\/mega-millions\/\"]}]},{\"@type\":\"ImageObject\",\"inLanguage\":\"hu\",\"@id\":\"https:\/\/onlinelotto365.com\/hu\/jatsszon\/mega-millions\/#primaryimage\",\"url\":\"https:\/\/redfoxlotto.com\/image?size=8&amp;lottery=mega-millions\",\"contentUrl\":\"https:\/\/redfoxlotto.com\/image?size=8&amp;lottery=mega-millions\"},{\"@type\":\"BreadcrumbList\",\"@id\":\"https:\/\/onlinelotto365.com\/hu\/jatsszon\/mega-millions\/#breadcrumb\",\"itemListElement\":[{\"@type\":\"ListItem\",\"position\":1,\"name\":\"Home\",\"item\":\"https:\/\/onlinelotto365.com\/hu\/\"},{\"@type\":\"ListItem\",\"position\":2,\"name\":\"Minden, amit tudnia kell a legjobb online lott\u00f3j\u00e1t\u00e9kok j\u00e1t\u00e9klehet\u0151s\u00e9g\u00e9r\u0151l\",\"item\":\"https:\/\/onlinelotto365.com\/hu\/play\/\"},{\"@type\":\"ListItem\",\"position\":3,\"name\":\"Online Mega Millions\"}]},{\"@type\":\"WebSite\",\"@id\":\"https:\/\/onlinelotto365.com\/hu\/#website\",\"url\":\"https:\/\/onlinelotto365.com\/hu\/\",\"name\":\"OnlineLotto365\",\"description\":\"\",\"potentialAction\":[{\"@type\":\"SearchAction\",\"target\":{\"@type\":\"EntryPoint\",\"urlTemplate\":\"https:\/\/onlinelotto365.com\/hu\/?s={search_term_string}\"},\"query-input\":{\"@type\":\"PropertyValueSpecification\",\"valueRequired\":true,\"valueName\":\"search_term_string\"}}],\"inLanguage\":\"hu\"}]}<\/script>\n<!-- \/ Yoast SEO plugin. -->","yoast_head_json":{"title":"J\u00e1tsszon online Mega Millions-t USA-ban | Hogyan vehetnek a magyarorsz\u00e1gi lakosok leg\u00e1lisan r\u00e9szt a Mega Millions programban","description":"Most m\u00e1r j\u00e1tszhat Mega Millions-t \u00d6n is \u2013 az online szolg\u00e1ltat\u00e1sunk lehet\u0151v\u00e9 teszi, hogy Mega Millions j\u00e1t\u00e9kot j\u00e1tsszon ak\u00e1r Magyarorsz\u00e1gr\u00f3l is","robots":{"index":"index","follow":"follow","max-snippet":"max-snippet:-1","max-image-preview":"max-image-preview:large","max-video-preview":"max-video-preview:-1"},"canonical":"https:\/\/onlinelotto365.com\/hu\/jatsszon\/mega-millions\/","og_locale":"hu_HU","og_type":"article","og_title":"J\u00e1tsszon online Mega Millions-t USA-ban | Hogyan vehetnek a magyarorsz\u00e1gi lakosok leg\u00e1lisan r\u00e9szt a Mega Millions programban","og_description":"Most m\u00e1r j\u00e1tszhat Mega Millions-t \u00d6n is \u2013 az online szolg\u00e1ltat\u00e1sunk lehet\u0151v\u00e9 teszi, hogy Mega Millions j\u00e1t\u00e9kot j\u00e1tsszon ak\u00e1r Magyarorsz\u00e1gr\u00f3l is","og_url":"https:\/\/onlinelotto365.com\/hu\/jatsszon\/mega-millions\/","og_site_name":"OnlineLotto365","article_modified_time":"2021-03-11T10:19:26+00:00","og_image":[{"url":"https:\/\/redfoxlotto.com\/image?size=8&amp;lottery=mega-millions"}],"twitter_card":"summary_large_image","twitter_misc":{"Becs\u00fclt olvas\u00e1si id\u0151":"3 perc"},"schema":{"@context":"https:\/\/schema.org","@graph":[{"@type":"WebPage","@id":"https:\/\/onlinelotto365.com\/hu\/jatsszon\/mega-millions\/","url":"https:\/\/onlinelotto365.com\/hu\/jatsszon\/mega-millions\/","name":"J\u00e1tsszon online Mega Millions-t USA-ban | Hogyan vehetnek a magyarorsz\u00e1gi lakosok leg\u00e1lisan r\u00e9szt a Mega Millions programban","isPartOf":{"@id":"https:\/\/onlinelotto365.com\/hu\/#website"},"primaryImageOfPage":{"@id":"https:\/\/onlinelotto365.com\/hu\/jatsszon\/mega-millions\/#primaryimage"},"image":{"@id":"https:\/\/onlinelotto365.com\/hu\/jatsszon\/mega-millions\/#primaryimage"},"thumbnailUrl":"https:\/\/redfoxlotto.com\/image?size=8&amp;lottery=mega-millions","datePublished":"2020-12-18T08:20:14+00:00","dateModified":"2021-03-11T10:19:26+00:00","description":"Most m\u00e1r j\u00e1tszhat Mega Millions-t \u00d6n is \u2013 az online szolg\u00e1ltat\u00e1sunk lehet\u0151v\u00e9 teszi, hogy Mega Millions j\u00e1t\u00e9kot j\u00e1tsszon ak\u00e1r Magyarorsz\u00e1gr\u00f3l is","breadcrumb":{"@id":"https:\/\/onlinelotto365.com\/hu\/jatsszon\/mega-millions\/#breadcrumb"},"inLanguage":"hu","potentialAction":[{"@type":"ReadAction","target":["https:\/\/onlinelotto365.com\/hu\/jatsszon\/mega-millions\/"]}]},{"@type":"ImageObject","inLanguage":"hu","@id":"https:\/\/onlinelotto365.com\/hu\/jatsszon\/mega-millions\/#primaryimage","url":"https:\/\/redfoxlotto.com\/image?size=8&amp;lottery=mega-millions","contentUrl":"https:\/\/redfoxlotto.com\/image?size=8&amp;lottery=mega-millions"},{"@type":"BreadcrumbList","@id":"https:\/\/onlinelotto365.com\/hu\/jatsszon\/mega-millions\/#breadcrumb","itemListElement":[{"@type":"ListItem","position":1,"name":"Home","item":"https:\/\/onlinelotto365.com\/hu\/"},{"@type":"ListItem","position":2,"name":"Minden, amit tudnia kell a legjobb online lott\u00f3j\u00e1t\u00e9kok j\u00e1t\u00e9klehet\u0151s\u00e9g\u00e9r\u0151l","item":"https:\/\/onlinelotto365.com\/hu\/play\/"},{"@type":"ListItem","position":3,"name":"Online Mega Millions"}]},{"@type":"WebSite","@id":"https:\/\/onlinelotto365.com\/hu\/#website","url":"https:\/\/onlinelotto365.com\/hu\/","name":"OnlineLotto365","description":"","potentialAction":[{"@type":"SearchAction","target":{"@type":"EntryPoint","urlTemplate":"https:\/\/onlinelotto365.com\/hu\/?s={search_term_string}"},"query-input":{"@type":"PropertyValueSpecification","valueRequired":true,"valueName":"search_term_string"}}],"inLanguage":"hu"}]}},"_links":{"self":[{"href":"https:\/\/onlinelotto365.com\/hu\/wp-json\/wp\/v2\/pages\/10926","targetHints":{"allow":["GET"]}}],"collection":[{"href":"https:\/\/onlinelotto365.com\/hu\/wp-json\/wp\/v2\/pages"}],"about":[{"href":"https:\/\/onlinelotto365.com\/hu\/wp-json\/wp\/v2\/types\/page"}],"author":[{"embeddable":true,"href":"https:\/\/onlinelotto365.com\/hu\/wp-json\/wp\/v2\/users\/1"}],"replies":[{"embeddable":true,"href":"https:\/\/onlinelotto365.com\/hu\/wp-json\/wp\/v2\/comments?post=10926"}],"version-history":[{"count":0,"href":"https:\/\/onlinelotto365.com\/hu\/wp-json\/wp\/v2\/pages\/10926\/revisions"}],"up":[{"embeddable":true,"href":"https:\/\/onlinelotto365.com\/hu\/wp-json\/wp\/v2\/pages\/5022"}],"wp:attachment":[{"href":"https:\/\/onlinelotto365.com\/hu\/wp-json\/wp\/v2\/media?parent=10926"}],"curies":[{"name":"wp","href":"https:\/\/api.w.org\/{rel}","templated":true}]}}