{"id":10934,"date":"2020-12-18T09:25:03","date_gmt":"2020-12-18T08:25:03","guid":{"rendered":"http:\/\/onlinelotto365.net\/?page_id=10934"},"modified":"2022-11-09T09:36:21","modified_gmt":"2022-11-09T08:36:21","slug":"el-gordo","status":"publish","type":"page","link":"https:\/\/onlinelotto365.com\/hu\/jatsszon\/el-gordo\/","title":{"rendered":"Hogyan vehetnek r\u00e9szt Magyarorsz\u00e1g lak\u00f3i az El Gord\u00f3ban?"},"content":{"rendered":"<p>Ha Spanyolorsz\u00e1gban lakik, akkor nem is kell mondanom, milyen izgalmas az El Gordo lott\u00f3. Azonban a legt\u00f6bb j\u00e1t\u00e9kos nem ott lakik, \u00e9s sokan m\u00e9g nem is hallottak Spanyolorsz\u00e1g legnagyobb lott\u00f3j\u00e1r\u00f3l. Mindezid\u00e1ig nem volt jelent\u0151s\u00e9ge, hiszen csak Spanyolorsz\u00e1gb\u00f3l lehetett j\u00e1tszani.<br \/>\n<a href=\"https:\/\/redfoxlotto.com\/play\/el-gordo-primitiva\/?ref=a8564250a2&amp;medium=ol365\" target=\"_blank\" rel=\"noopener noreferrer\"><img decoding=\"async\" class=\"aligncenter\" src=\"https:\/\/redfoxlotto.com\/image?size=8&amp;lottery=el-gordo-primitiva\" alt=\"el gordo la primitiva\" \/><\/a><\/p>\n<p>Az internet var\u00e1zs\u00e1nak k\u00f6sz\u00f6nhet\u0151en ma m\u00e1r t\u00f6bb mint 150,000 j\u00e1t\u00e9kos t\u00f6bb mint 140 orsz\u00e1gb\u00f3l j\u00e1tszik az El Gordo lott\u00f3n. Csup\u00e1n meg kell v\u00e1s\u00e1rolnia a szelv\u00e9nyeket az interneten. Ebben tudunk \u00f6nnek seg\u00edteni.<\/p>\n<p>\u00cdme egy \u00faj, nagyszer\u0171 szolg\u00e1ltat\u00e1s, a RedFoxLotto, amivel nem csak az El Gord\u00f3ra, de a vil\u00e1g t\u00f6bbi nagy lott\u00f3j\u00e1ra is v\u00e1s\u00e1rolhat szelv\u00e9nyeket. Mindezt rendk\u00edv\u00fcl egyszer\u0171v\u00e9 tessz\u00fck \u00f6nnek, csak p\u00e1r perc \u00e9s m\u00e1ris az \u00f6n\u00e9i lehetnek a szelv\u00e9nyek a sz\u00e1mos j\u00e1t\u00e9kra.<\/p>\n<p>Ezzel az online szolg\u00e1ltat\u00e1ssal a lott\u00f3z\u00e1s izgalmai \u00f3ri\u00e1sira n\u0151ttek. Gondoljon arra, mennyire \u00e9lvezi most a lott\u00f3z\u00e1st \u00e9s azt szorozza meg 10-zel, elk\u00e9pzelheti, milyen j\u00f3. Csak regisztr\u00e1ljon a RedFoxLotto-re \u00e9s v\u00e1ltsa val\u00f3ra \u00e1lmait!<\/p>\n<h2>El Gord\u00f3r\u00f3l<\/h2>\n<ul>\n<li>Orsz\u00e1g: Spanyolorsz\u00e1g <img loading=\"lazy\" decoding=\"async\" class=\"alignright wp-image-41121\" src=\"https:\/\/onlinelotto365.com\/wp-content\/uploads\/2021\/01\/online_lottery-29-150x150-1.jpg\" alt=\"el gordo online j\u00e1t\u00e9k\" width=\"245\" height=\"245\" srcset=\"https:\/\/onlinelotto365.com\/wp-content\/uploads\/2021\/01\/online_lottery-29-150x150-1.jpg 150w, https:\/\/onlinelotto365.com\/wp-content\/uploads\/2021\/01\/online_lottery-29-150x150-1-100x100.jpg 100w\" sizes=\"auto, (max-width: 245px) 100vw, 245px\" \/><\/li>\n<li><span style=\"font-size: 16px;\"> F\u0151 sz\u00e1mtartom\u00e1ny: 54 <\/span><\/li>\n<li>\u00d6n v\u00e1lasztja: 5<\/li>\n<li>Extra sz\u00e1mtartom\u00e1ny: nincs<\/li>\n<li>\u00d6n v\u00e1lasztja: nincs<\/li>\n<li>Napok \u00e9s \u00f3r\u00e1k rajzol\u00e1sa: Vas\u00e1rnap, 21:30 CET, 21:30 CET<\/li>\n<li>Minim\u00e1lis jackpot: 4 milli\u00f3 eur\u00f3<\/li>\n<li>Jackpot fels\u0151 hat\u00e1ra: nincs maximum<\/li>\n<li>A jackpot megnyer\u00e9s\u00e9nek val\u00f3sz\u00edn\u0171s\u00e9ge: 1 a 31.625.100-b\u00f3l<\/li>\n<li>A 2. szint\u0171 gy\u0151zelem val\u00f3sz\u00edn\u0171s\u00e9ge: 1 a 3.513.900-ban<\/li>\n<li>B\u00e1rmelyik szint megnyer\u00e9s\u00e9nek val\u00f3sz\u00edn\u0171s\u00e9ge: 1 a 6,16-b\u00f3l<\/li>\n<li>K\u00fcl\u00f6nleges esem\u00e9nyek El Gordo sz\u00e1m\u00e1ra: kar\u00e1csonyi k\u00fcl\u00f6nlegess\u00e9g<\/li>\n<\/ul>\n<h2>Az El Gordo azt jelenti: A Nagy<\/h2>\n<p>Az El Gordo f\u0151nyerem\u00e9nye mindig hatalmas, amit minden j\u00e1t\u00e9kos im\u00e1d. Elm\u00faltak azok az id\u0151k, amiket hossz\u00fa hetekig kellett v\u00e1rni, hogy nagyra n\u0151j\u00f6n a jackpot \u00f6sszege. Most m\u00e1r nem kell v\u00e1rnia, azonnal v\u00e1s\u00e1rolhat.<\/p>\n<p>Sz\u00e1mos olyan lott\u00f3 van, amely nagy nyerem\u00e9nnyel indul \u00e9s ann\u00e1l csak m\u00e9g nagyobb lesz. Az El Gordo egy\u00e9rtelm\u0171en ezek k\u00f6z\u00e9 tartozik. Jelenleg p\u00e9ld\u00e1ul 23 milli\u00f3 eur\u00f3 a f\u0151nyerem\u00e9ny.<\/p>\n<p>Hogyha szereti a nagy jackpotokat, akkor a RedFoxLotto-n\u00e9l ezen k\u00edv\u00fcl is sz\u00e1mos aj\u00e1nlat k\u00f6z\u00fcl v\u00e1logathat. Term\u00e9szetesen ezek k\u00f6z\u00fcl nem csak egyet \u00e9rdemes j\u00e1tszani, de az El Gordo mindenk\u00e9ppen meg\u00e9ri.<\/p>\n<p>Mint sok nagy lott\u00f3j\u00e1t\u00e9k, a sorsol\u00e1snak is k\u00e9t r\u00e9sze van. Az els\u0151ben 5 sz\u00e1mot kell kiv\u00e1lasztani 54 sz\u00e1m k\u00f6z\u00fcl. Ha ez siker\u00fcl, akkor m\u00e1ris egy nagyon nagy nyerem\u00e9ny v\u00e1r r\u00e1d. Ezut\u00e1n, ha mind az 5 sz\u00e1mod, mind a kulcssz\u00e1mod egyezik 1 \u00e9s 9 k\u00f6z\u00f6tt, akkor megcsin\u00e1ltad, \u00e9s meg\u00fct\u00f6tted a nagy jackpotot.<\/p>\n<p>Az El Gordo j\u00e1t\u00e9kban \u00f6sszesen 9 k\u00fcl\u00f6nb\u00f6z\u0151 nyerem\u00e9nykateg\u00f3ria van, kezdve a csak az 1 \u00e9s 9 k\u00f6z\u00f6tti kritikus sz\u00e1mmal val\u00f3 egyez\u00e9ssel, eg\u00e9szen a nagy nyerem\u00e9nyig. Teh\u00e1t b\u00e1r mindannyian nagyon szeretn\u00e9nk megnyerni a jackpotokat, mindenk\u00e9ppen j\u00f3 \u00e9rz\u00e9s, ha b\u00e1rmilyen \u00f6sszeg\u0171 nyerem\u00e9nyt megnyer\u00fcnk, \u00e9s Spanyolorsz\u00e1g legn\u00e9pszer\u0171bb lott\u00f3j\u00e1t\u00e9ka m\u00e9g nagyobb es\u00e9lyt ad erre, mint n\u00e9h\u00e1ny m\u00e1s lott\u00f3.<\/p>\n<p>Tov\u00e1bb\u00e1, n\u00e9h\u00e1ny orsz\u00e1ggal ellent\u00e9tben, Spanyolorsz\u00e1gban a lott\u00f3nyerem\u00e9nyek ad\u00f3mentesek. Att\u00f3l f\u00fcgg\u0151en, hogy hol \u00e9lsz, lehet, hogy be kell jelentened a nyerem\u00e9nyedet a korm\u00e1nynak, de egyes helyeken a lott\u00f3nyerem\u00e9nyekkel egy\u00fctt ad\u00f3t kell visszatartanod, m\u00e9g akkor is, ha a lott\u00f3nyerem\u00e9nyek az orsz\u00e1godban ad\u00f3mentesek. B\u00e1r ezt a p\u00e9nzt vissza lehet szerezni, de ez kellemetlens\u00e9g, ami miatt az El Gordo eset\u00e9ben nem kell agg\u00f3dnia.<\/p>\n<p>Azonban m\u00e9g azokban az orsz\u00e1gokban is, ahol ez \u00edgy van, amikor meg\u00fct\u00f6d a jackpotot, az a p\u00e9nz, amit el\u0151re megkapsz ad\u00f3visszatart\u00e1ssal vagy an\u00e9lk\u00fcl, minden bizonnyal \u00fagyis sok\u00e1ig el\u00e9g lesz, \u00edgy ez nem igaz\u00e1n kell, hogy aggasszon t\u00e9ged. Nem kellene Spanyolorsz\u00e1gba utaznia a milli\u00f3k\u00e9rt sem. Val\u00f3sz\u00edn\u0171leg enn\u00e9l sokkal t\u00f6bbet fogsz utazni, \u00e9s ak\u00e1r ezzel az utaz\u00e1ssal is kezdheted a jet setter karrieredet.<\/p>\n<h2>Mi\u00e9rt hagyn\u00e1d ki az El Gord\u00f3t, hiszen most m\u00e1r nem kell?<\/h2>\n<p>\u00c9vek \u00f3ta j\u00f3 kifog\u00e1sod volt arra, hogy ne j\u00e1tssz az El Gordo lott\u00f3n, mert Magyarorsz\u00e1gon \u00e9lsz, \u00e9s nem Spanyolorsz\u00e1gban. Ez azonban szerencs\u00e9re m\u00e1r nem \u00edgy van. Ki tudja, mennyi p\u00e9nzt nyerhett\u00e9l volna, ha mindv\u00e9gig j\u00e1tszott\u00e1l volna ezen \u00e9s a vil\u00e1g \u00f6sszes t\u00f6bbi legnagyobb lott\u00f3j\u00e1t\u00e9k\u00e1n?<\/p>\n<p>Nos, ezen nem kell t\u00f6bb\u00e9 t\u00f6prengened, hiszen mostant\u00f3l az El Gord\u00f3t egyenesen az otthonodba hozzuk, oda, ahol \u00e9ppen \u00fclsz. Tudom, hogy szeretsz lott\u00f3zni, k\u00fcl\u00f6nben nem olvasn\u00e1d ezt. Mi\u00e9rt ne k\u00e9nyeztetn\u00e9 mag\u00e1t egy El Gordo lott\u00f3szelv\u00e9nnyel most r\u00f6gt\u00f6n? Ha m\u00e1r itt vagy, mi\u00e9rt nem n\u00e9zel meg minden m\u00e1st is, amit k\u00edn\u00e1lunk neked?<\/p>\n<h2>Hogyan ellen\u0151rizheti az El Gordo eredm\u00e9nyeket<\/h2>\n<p>Visszat\u00e9rhet ide, hogy ellen\u0151rizze a nyer\u0151sz\u00e1mokat, \u00e9s \u00f6sszehasonl\u00edtsa azokat az El Gordo szelv\u00e9nyeivel. Megmutatjuk a legfrissebb nyer\u0151sz\u00e1mokat egym\u00e1s mellett a saj\u00e1t szelv\u00e9ny\u00e9nek sz\u00e1maival. Term\u00e9szetesen azt is megn\u00e9zheted, hogy ha nyert\u00e9l, akkor mennyit nyert\u00e9l.<\/p>\n<p>A nyerem\u00e9ny\u00e9nek a sz\u00e1ml\u00e1j\u00e1ra t\u00f6rt\u00e9n\u0151 \u00e1tutal\u00e1sa szint\u00e9n a szolg\u00e1ltat\u00e1sunk r\u00e9sze. A kifizet\u00e9s m\u00f3dja att\u00f3l f\u00fcgg, hogy mennyit nyert\u00e9l. Ez\u00e9rt a szolg\u00e1ltat\u00e1s\u00e9rt nem vesz\u00fcnk el p\u00e9nzt a nyerem\u00e9nyedb\u0151l.<\/p>\n<p>&nbsp;<\/p>\n","protected":false},"excerpt":{"rendered":"<p>Ha Spanyolorsz\u00e1gban lakik, akkor nem is kell mondanom, milyen izgalmas az El Gordo lott\u00f3. Azonban a legt\u00f6bb j\u00e1t\u00e9kos nem ott lakik, \u00e9s sokan m\u00e9g nem is hallottak Spanyolorsz\u00e1g legnagyobb lott\u00f3j\u00e1r\u00f3l. Mindezid\u00e1ig nem volt jelent\u0151s\u00e9ge, hiszen csak Spanyolorsz\u00e1gb\u00f3l lehetett j\u00e1tszani. Az internet var\u00e1zs\u00e1nak k\u00f6sz\u00f6nhet\u0151en ma m\u00e1r t\u00f6bb mint 150,000 j\u00e1t\u00e9kos t\u00f6bb mint 140 orsz\u00e1gb\u00f3l j\u00e1tszik az [&hellip;]<\/p>\n","protected":false},"author":1,"featured_media":0,"parent":5022,"menu_order":6,"comment_status":"closed","ping_status":"closed","template":"el-gordo.php","meta":{"_et_pb_use_builder":"","_et_pb_old_content":"","_et_gb_content_width":"","exclude_from_search":false,"footnotes":""},"class_list":["post-10934","page","type-page","status-publish","hentry"],"yoast_head":"<!-- This site is optimized with the Yoast SEO plugin v23.4 - https:\/\/yoast.com\/wordpress\/plugins\/seo\/ -->\n<title>El Gordo Lott\u00f3 online | Spanyolorsz\u00e1g El Gordo lott\u00f3 el\u00e9rhet\u0151 online<\/title>\n<meta name=\"description\" content=\"A spanyol El Gordo lott\u00f3 most el\u00e9rthet\u0151 online. Ismerje meg, hogyan j\u00e1tszhat ezen a lott\u00f3n b\u00e1rmelyik orsz\u00e1gb\u00f3l.\" \/>\n<meta name=\"robots\" content=\"index, follow, max-snippet:-1, max-image-preview:large, max-video-preview:-1\" \/>\n<link rel=\"canonical\" href=\"https:\/\/onlinelotto365.com\/hu\/jatsszon\/el-gordo\/\" \/>\n<meta property=\"og:locale\" content=\"hu_HU\" \/>\n<meta property=\"og:type\" content=\"article\" \/>\n<meta property=\"og:title\" content=\"El Gordo Lott\u00f3 online | Spanyolorsz\u00e1g El Gordo lott\u00f3 el\u00e9rhet\u0151 online\" \/>\n<meta property=\"og:description\" content=\"A spanyol El Gordo lott\u00f3 most el\u00e9rthet\u0151 online. Ismerje meg, hogyan j\u00e1tszhat ezen a lott\u00f3n b\u00e1rmelyik orsz\u00e1gb\u00f3l.\" \/>\n<meta property=\"og:url\" content=\"https:\/\/onlinelotto365.com\/hu\/jatsszon\/el-gordo\/\" \/>\n<meta property=\"og:site_name\" content=\"OnlineLotto365\" \/>\n<meta property=\"article:modified_time\" content=\"2022-11-09T08:36:21+00:00\" \/>\n<meta property=\"og:image\" content=\"https:\/\/redfoxlotto.com\/image?size=8&amp;lottery=el-gordo-primitiva\" \/>\n<meta name=\"twitter:card\" content=\"summary_large_image\" \/>\n<meta name=\"twitter:label1\" content=\"Becs\u00fclt olvas\u00e1si id\u0151\" \/>\n\t<meta name=\"twitter:data1\" content=\"4 perc\" \/>\n<script type=\"application\/ld+json\" class=\"yoast-schema-graph\">{\"@context\":\"https:\/\/schema.org\",\"@graph\":[{\"@type\":\"WebPage\",\"@id\":\"https:\/\/onlinelotto365.com\/hu\/jatsszon\/el-gordo\/\",\"url\":\"https:\/\/onlinelotto365.com\/hu\/jatsszon\/el-gordo\/\",\"name\":\"El Gordo Lott\u00f3 online | Spanyolorsz\u00e1g El Gordo lott\u00f3 el\u00e9rhet\u0151 online\",\"isPartOf\":{\"@id\":\"https:\/\/onlinelotto365.com\/hu\/#website\"},\"primaryImageOfPage\":{\"@id\":\"https:\/\/onlinelotto365.com\/hu\/jatsszon\/el-gordo\/#primaryimage\"},\"image\":{\"@id\":\"https:\/\/onlinelotto365.com\/hu\/jatsszon\/el-gordo\/#primaryimage\"},\"thumbnailUrl\":\"https:\/\/redfoxlotto.com\/image?size=8&amp;lottery=el-gordo-primitiva\",\"datePublished\":\"2020-12-18T08:25:03+00:00\",\"dateModified\":\"2022-11-09T08:36:21+00:00\",\"description\":\"A spanyol El Gordo lott\u00f3 most el\u00e9rthet\u0151 online. Ismerje meg, hogyan j\u00e1tszhat ezen a lott\u00f3n b\u00e1rmelyik orsz\u00e1gb\u00f3l.\",\"breadcrumb\":{\"@id\":\"https:\/\/onlinelotto365.com\/hu\/jatsszon\/el-gordo\/#breadcrumb\"},\"inLanguage\":\"hu\",\"potentialAction\":[{\"@type\":\"ReadAction\",\"target\":[\"https:\/\/onlinelotto365.com\/hu\/jatsszon\/el-gordo\/\"]}]},{\"@type\":\"ImageObject\",\"inLanguage\":\"hu\",\"@id\":\"https:\/\/onlinelotto365.com\/hu\/jatsszon\/el-gordo\/#primaryimage\",\"url\":\"https:\/\/redfoxlotto.com\/image?size=8&amp;lottery=el-gordo-primitiva\",\"contentUrl\":\"https:\/\/redfoxlotto.com\/image?size=8&amp;lottery=el-gordo-primitiva\"},{\"@type\":\"BreadcrumbList\",\"@id\":\"https:\/\/onlinelotto365.com\/hu\/jatsszon\/el-gordo\/#breadcrumb\",\"itemListElement\":[{\"@type\":\"ListItem\",\"position\":1,\"name\":\"Home\",\"item\":\"https:\/\/onlinelotto365.com\/hu\/\"},{\"@type\":\"ListItem\",\"position\":2,\"name\":\"Minden, amit tudnia kell a legjobb online lott\u00f3j\u00e1t\u00e9kok j\u00e1t\u00e9klehet\u0151s\u00e9g\u00e9r\u0151l\",\"item\":\"https:\/\/onlinelotto365.com\/hu\/play\/\"},{\"@type\":\"ListItem\",\"position\":3,\"name\":\"Hogyan vehetnek r\u00e9szt Magyarorsz\u00e1g lak\u00f3i az El Gord\u00f3ban?\"}]},{\"@type\":\"WebSite\",\"@id\":\"https:\/\/onlinelotto365.com\/hu\/#website\",\"url\":\"https:\/\/onlinelotto365.com\/hu\/\",\"name\":\"OnlineLotto365\",\"description\":\"\",\"potentialAction\":[{\"@type\":\"SearchAction\",\"target\":{\"@type\":\"EntryPoint\",\"urlTemplate\":\"https:\/\/onlinelotto365.com\/hu\/?s={search_term_string}\"},\"query-input\":{\"@type\":\"PropertyValueSpecification\",\"valueRequired\":true,\"valueName\":\"search_term_string\"}}],\"inLanguage\":\"hu\"}]}<\/script>\n<!-- \/ Yoast SEO plugin. -->","yoast_head_json":{"title":"El Gordo Lott\u00f3 online | Spanyolorsz\u00e1g El Gordo lott\u00f3 el\u00e9rhet\u0151 online","description":"A spanyol El Gordo lott\u00f3 most el\u00e9rthet\u0151 online. Ismerje meg, hogyan j\u00e1tszhat ezen a lott\u00f3n b\u00e1rmelyik orsz\u00e1gb\u00f3l.","robots":{"index":"index","follow":"follow","max-snippet":"max-snippet:-1","max-image-preview":"max-image-preview:large","max-video-preview":"max-video-preview:-1"},"canonical":"https:\/\/onlinelotto365.com\/hu\/jatsszon\/el-gordo\/","og_locale":"hu_HU","og_type":"article","og_title":"El Gordo Lott\u00f3 online | Spanyolorsz\u00e1g El Gordo lott\u00f3 el\u00e9rhet\u0151 online","og_description":"A spanyol El Gordo lott\u00f3 most el\u00e9rthet\u0151 online. Ismerje meg, hogyan j\u00e1tszhat ezen a lott\u00f3n b\u00e1rmelyik orsz\u00e1gb\u00f3l.","og_url":"https:\/\/onlinelotto365.com\/hu\/jatsszon\/el-gordo\/","og_site_name":"OnlineLotto365","article_modified_time":"2022-11-09T08:36:21+00:00","og_image":[{"url":"https:\/\/redfoxlotto.com\/image?size=8&amp;lottery=el-gordo-primitiva"}],"twitter_card":"summary_large_image","twitter_misc":{"Becs\u00fclt olvas\u00e1si id\u0151":"4 perc"},"schema":{"@context":"https:\/\/schema.org","@graph":[{"@type":"WebPage","@id":"https:\/\/onlinelotto365.com\/hu\/jatsszon\/el-gordo\/","url":"https:\/\/onlinelotto365.com\/hu\/jatsszon\/el-gordo\/","name":"El Gordo Lott\u00f3 online | Spanyolorsz\u00e1g El Gordo lott\u00f3 el\u00e9rhet\u0151 online","isPartOf":{"@id":"https:\/\/onlinelotto365.com\/hu\/#website"},"primaryImageOfPage":{"@id":"https:\/\/onlinelotto365.com\/hu\/jatsszon\/el-gordo\/#primaryimage"},"image":{"@id":"https:\/\/onlinelotto365.com\/hu\/jatsszon\/el-gordo\/#primaryimage"},"thumbnailUrl":"https:\/\/redfoxlotto.com\/image?size=8&amp;lottery=el-gordo-primitiva","datePublished":"2020-12-18T08:25:03+00:00","dateModified":"2022-11-09T08:36:21+00:00","description":"A spanyol El Gordo lott\u00f3 most el\u00e9rthet\u0151 online. Ismerje meg, hogyan j\u00e1tszhat ezen a lott\u00f3n b\u00e1rmelyik orsz\u00e1gb\u00f3l.","breadcrumb":{"@id":"https:\/\/onlinelotto365.com\/hu\/jatsszon\/el-gordo\/#breadcrumb"},"inLanguage":"hu","potentialAction":[{"@type":"ReadAction","target":["https:\/\/onlinelotto365.com\/hu\/jatsszon\/el-gordo\/"]}]},{"@type":"ImageObject","inLanguage":"hu","@id":"https:\/\/onlinelotto365.com\/hu\/jatsszon\/el-gordo\/#primaryimage","url":"https:\/\/redfoxlotto.com\/image?size=8&amp;lottery=el-gordo-primitiva","contentUrl":"https:\/\/redfoxlotto.com\/image?size=8&amp;lottery=el-gordo-primitiva"},{"@type":"BreadcrumbList","@id":"https:\/\/onlinelotto365.com\/hu\/jatsszon\/el-gordo\/#breadcrumb","itemListElement":[{"@type":"ListItem","position":1,"name":"Home","item":"https:\/\/onlinelotto365.com\/hu\/"},{"@type":"ListItem","position":2,"name":"Minden, amit tudnia kell a legjobb online lott\u00f3j\u00e1t\u00e9kok j\u00e1t\u00e9klehet\u0151s\u00e9g\u00e9r\u0151l","item":"https:\/\/onlinelotto365.com\/hu\/play\/"},{"@type":"ListItem","position":3,"name":"Hogyan vehetnek r\u00e9szt Magyarorsz\u00e1g lak\u00f3i az El Gord\u00f3ban?"}]},{"@type":"WebSite","@id":"https:\/\/onlinelotto365.com\/hu\/#website","url":"https:\/\/onlinelotto365.com\/hu\/","name":"OnlineLotto365","description":"","potentialAction":[{"@type":"SearchAction","target":{"@type":"EntryPoint","urlTemplate":"https:\/\/onlinelotto365.com\/hu\/?s={search_term_string}"},"query-input":{"@type":"PropertyValueSpecification","valueRequired":true,"valueName":"search_term_string"}}],"inLanguage":"hu"}]}},"_links":{"self":[{"href":"https:\/\/onlinelotto365.com\/hu\/wp-json\/wp\/v2\/pages\/10934","targetHints":{"allow":["GET"]}}],"collection":[{"href":"https:\/\/onlinelotto365.com\/hu\/wp-json\/wp\/v2\/pages"}],"about":[{"href":"https:\/\/onlinelotto365.com\/hu\/wp-json\/wp\/v2\/types\/page"}],"author":[{"embeddable":true,"href":"https:\/\/onlinelotto365.com\/hu\/wp-json\/wp\/v2\/users\/1"}],"replies":[{"embeddable":true,"href":"https:\/\/onlinelotto365.com\/hu\/wp-json\/wp\/v2\/comments?post=10934"}],"version-history":[{"count":0,"href":"https:\/\/onlinelotto365.com\/hu\/wp-json\/wp\/v2\/pages\/10934\/revisions"}],"up":[{"embeddable":true,"href":"https:\/\/onlinelotto365.com\/hu\/wp-json\/wp\/v2\/pages\/5022"}],"wp:attachment":[{"href":"https:\/\/onlinelotto365.com\/hu\/wp-json\/wp\/v2\/media?parent=10934"}],"curies":[{"name":"wp","href":"https:\/\/api.w.org\/{rel}","templated":true}]}}