{"id":10959,"date":"2020-12-18T09:41:15","date_gmt":"2020-12-18T08:41:15","guid":{"rendered":"http:\/\/onlinelotto365.net\/?page_id=10959"},"modified":"2022-11-10T10:26:43","modified_gmt":"2022-11-10T09:26:43","slug":"powerball","status":"publish","type":"page","link":"https:\/\/onlinelotto365.com\/hu\/jegyeket-vesz\/powerball\/","title":{"rendered":"Hogyan v\u00e1s\u00e1rolhat online Powerball szelv\u00e9nyeket Magyarorsz\u00e1gr\u00f3l"},"content":{"rendered":"<p>Nyilv\u00e1nval\u00f3an az internet az, amely lehet\u0151v\u00e9 teszi, hogy online szelv\u00e9nyt szerezzen a nagy amerikai lott\u00f3j\u00e1t\u00e9kokra. Nem kell az USA-ban \u00e9lnie ahhoz, hogy r\u00e9szt vegyen \u00e9s es\u00e9lye legyen megnyerni ezeket a hihetetlen jackpotokat. Magyarorsz\u00e1gr\u00f3l is megv\u00e1s\u00e1rolhatja szelv\u00e9ny\u00e9t, online szolg\u00e1ltat\u00e1sunk seg\u00edts\u00e9g\u00e9vel.<\/p>\n<p>El\u0151sz\u00f6r regisztr\u00e1lhat n\u00e1lunk egy fi\u00f3kot, majd kiv\u00e1laszthatja b\u00e1rmelyik lott\u00f3j\u00e1t\u00e9kunkat, \u00e9s kiv\u00e1laszthatja a sz\u00e1mokat. Vagy el\u0151sz\u00f6r csak megn\u00e9zheti a lott\u00f3sz\u00e1mokat, \u00e9s k\u00e9sz\u00edthet szelv\u00e9nyeket a sz\u00e1mokkal. Ha el\u00e9gedett a v\u00e1laszt\u00e1s\u00e1val, elv\u00e9gezheti a p\u00e9nzt\u00e1rellen\u0151rz\u00e9st. Ekkor felsz\u00f3l\u00edtjuk, hogy hozzon l\u00e9tre egy fi\u00f3kot.<\/p>\n<p>Mindk\u00e9t esetben az \u00faj fi\u00f3k regisztr\u00e1l\u00e1sa ut\u00e1n ellen\u0151rizni kell az e-mail postal\u00e1d\u00e1j\u00e1t. Kapni fog egy ellen\u0151rz\u0151 e-mailt egy linkkel. Kattintson erre a linkre az e-mail c\u00edm\u00e9nek ellen\u0151rz\u00e9s\u00e9hez. Ha ezt megtette, fi\u00f3kja aktiv\u00e1l\u00f3dik. Ha nem tal\u00e1lja az ellen\u0151rz\u0151 e-mailt, k\u00e9rj\u00fck, ellen\u0151rizze a spam mapp\u00e1j\u00e1t. Ha megtal\u00e1lta az e-mailt, fontos, hogy jel\u00f6lje meg, hogy &#8222;nem spam&#8221; vagy &#8222;nem lev\u00e9lszem\u00e9t&#8221;. Ez biztos\u00edtja, hogy a t\u0151l\u00fcnk \u00e9rkez\u0151 j\u00f6v\u0151beli e-mailek ne ker\u00fcljenek a spam mapp\u00e1ba. K\u00e9pzelje el, hogy lemarad egy nyerem\u00e9nyr\u0151l, mert nem kapta meg az err\u0151l sz\u00f3l\u00f3 e-mail \u00e9rtes\u00edt\u00e9st!<br \/>\n<a href=\"https:\/\/redfoxlotto.com\/play\/powerball\/?ref=a8564250a2&amp;medium=ol365\" target=\"_blank\" rel=\"noopener noreferrer\"><img loading=\"lazy\" decoding=\"async\" class=\"aligncenter\" src=\"https:\/\/redfoxlotto.com\/image?size=8&amp;lottery=powerball\" alt=\"powerball\" width=\"793\" height=\"98\" \/><\/a><\/p>\n<h2>Hogyan fizethet a Powerball szelv\u00e9ny\u00e9\u00e9rt online<\/h2>\n<p>Az online lott\u00f3szelv\u00e9nyek\u00e9rt k\u00e9tf\u00e9lek\u00e9ppen fizethet.<\/p>\n<ul>\n<li>El\u0151sz\u00f6r is, befizethet a sz\u00e1ml\u00e1j\u00e1ra. Ezt k\u00f6vet\u0151en annyi szelv\u00e9nyt v\u00e1s\u00e1rolhat, amennyit csak akar, \u00e9s az egyenleg\u00e9vel fizethet.<\/li>\n<li>M\u00e1sodszor, el\u0151sz\u00f6r kiv\u00e1lasztja a szelv\u00e9nyeket, majd kifizeti a rendel\u00e9s \u00f6sszeg\u00e9t.<\/li>\n<\/ul>\n<p>Sz\u00e1mos fizet\u00e9si lehet\u0151s\u00e9g \u00e1ll az \u00d6n rendelkez\u00e9s\u00e9re, \u00e9s ezek mindegyike biztons\u00e1gosan titkos\u00edtott. A legn\u00e9pszer\u0171bb m\u00f3dszerek a hitelk\u00e1rtya \u00e9s a Bitcoin.<\/p>\n<h2>Tov\u00e1bbi inform\u00e1ci\u00f3 a Powerballr\u00f3l<\/h2>\n<ul>\n<li>A lott\u00f3t hol tartj\u00e1k: USA<\/li>\n<li>H\u00e1ny f\u0151 sz\u00e1m k\u00f6z\u00fcl v\u00e1laszthat: 69<\/li>\n<li>Ki kell v\u00e1lasztania: 5<\/li>\n<li>H\u00e1ny extra sz\u00e1m k\u00f6z\u00fcl v\u00e1laszthat: 26<\/li>\n<li>Ki kell v\u00e1lasztania: 1<\/li>\n<li>Napok, \u00f3r\u00e1k sorsol\u00e1sa: Szerda, szombat, 21:00 EST, +1 nap 3:00 CET<\/li>\n<li>Minim\u00e1lis jackpot: 40 milli\u00f3 doll\u00e1r<\/li>\n<li>A jackpot maxim\u00e1lis \u00f6sszege: nincs<\/li>\n<li>Lehets\u00e9ges sz\u00e1mkombin\u00e1ci\u00f3 a jackpotnyerem\u00e9nyhez: 1 a 175.223.510-hez<\/li>\n<li>Lehets\u00e9ges sz\u00e1mkombin\u00e1ci\u00f3 a 2-es szint\u0171 nyerem\u00e9nyhez: 1 az 5.006.386-b\u00f3l<\/li>\n<li>A nyer\u00e9s val\u00f3sz\u00edn\u0171s\u00e9ge b\u00e1rmelyik fokozatban: 1:24,87-hez<\/li>\n<li>H\u00e1ny nyerem\u00e9nyszint: 9<\/li>\n<\/ul>\n<p>Nemr\u00e9g, 2016. febru\u00e1r 13-\u00e1n h\u00e1rom szerencs\u00e9s j\u00e1t\u00e9kos nyerte meg a t\u00f6rt\u00e9nelem legnagyobb amerikai lott\u00f3 jackpotj\u00e1t. A hihetetlen\u00fcl nagy, \u00f6sszesen 1,5 milli\u00e1rd doll\u00e1ros jackpot nagys\u00e1ga miatt a lott\u00f3rajong\u00f3k az eg\u00e9sz Egyes\u00fclt \u00c1llamokban \u00f3r\u00e1kig \u00e1lltak sorban a szelv\u00e9ny\u00e9rt. De mi a helyzet a magyarorsz\u00e1gi lott\u00f3z\u00f3kkal? \u0150ket kiz\u00e1rt\u00e1k a Powerball szelv\u00e9ny megszerz\u00e9s\u00e9b\u0151l, hacsak nem tart\u00f3zkodtak \u00e9ppen az Egyes\u00fclt \u00c1llamokban az adott id\u0151pontban? Nem, nem voltak &#8211; ha tudt\u00e1k volna, hogy Magyarorsz\u00e1gr\u00f3l val\u00f3ban lehet Powerball vagy Mega Millions lott\u00f3t j\u00e1tszani!<\/p>\n<h2>A Powerball szelv\u00e9nyek online v\u00e1s\u00e1rl\u00e1s\u00e1nak el\u0151nyei<\/h2>\n<p>Ezen az online lott\u00f3szelv\u00e9ny-fut\u00e1rszolg\u00e1laton kereszt\u00fcl a vil\u00e1g t\u00f6bb mint 20 legnagyobb lott\u00f3j\u00e1t\u00e9k\u00e1ra v\u00e1s\u00e1rolhat szelv\u00e9nyt. M\u00e9g ha Magyarorsz\u00e1gon is \u00e9lsz, v\u00e1laszthatsz olyan lott\u00f3j\u00e1t\u00e9kokat, amelyeket m\u00e1s orsz\u00e1gokban sorsolnak ki. Term\u00e9szetesen, ha nem Magyarorsz\u00e1gon \u00e9lsz, de szeretn\u00e9l szelv\u00e9nyt szerezni a magyarorsz\u00e1gi lott\u00f3ra, azt is megteheted online!<\/p>\n<h2>Leg\u00e1lis a Powerball szelv\u00e9ny online v\u00e1s\u00e1rl\u00e1sa?<\/h2>\n<p><img loading=\"lazy\" decoding=\"async\" class=\"size-medium wp-image-1356 alignright\" src=\"https:\/\/onlinelotto365.com\/wp-content\/uploads\/2020\/11\/online_lottery-117-300x217.jpg\" alt=\" Powerball online j\u00e1t\u00e9k\" width=\"300\" height=\"217\" \/><br \/>\nFontos tudni, hogy ez egy leg\u00e1lis \u00e9s megb\u00edzhat\u00f3 szelv\u00e9nyk\u00fcld\u0151 szolg\u00e1ltat\u00e1s. Ha online v\u00e1s\u00e1rolsz lott\u00f3szelv\u00e9nyt, akkor mag\u00e1val a lott\u00f3t\u00e1rsas\u00e1ggal is szerz\u0151d\u00e9st k\u00f6tsz &#8211; ami biztos\u00edtja, hogy az esetlegesen megnyert p\u00e9nz t\u0151l\u00fck sz\u00e1rmazik!<\/p>\n<h2>Hogyan kapok p\u00e9nzt, ha online nyerek a Powerballon?<\/h2>\n<p>Ha nyert\u00e9l, a kifizet\u00e9si elj\u00e1r\u00e1s a megnyert \u00f6sszegt\u0151l f\u00fcgg. A 2500 eur\u00f3 alatti kisebb \u00f6sszegeket az online sz\u00e1ml\u00e1j\u00e1ra \u00edrj\u00e1k j\u00f3v\u00e1. Ezt a p\u00e9nzt vagy bev\u00e1lthatja, vagy felhaszn\u00e1lhatja tov\u00e1bbi online lott\u00f3szelv\u00e9nyek v\u00e1s\u00e1rl\u00e1s\u00e1ra. Ha nagyobb \u00f6sszeget nyer, akkor egy \u0171rlapot k\u00fcld\u00fcnk \u00d6nnek, amelyet ki kell t\u00f6ltenie \u00e9s e-mailben vissza kell k\u00fcldenie nek\u00fcnk. Ezt k\u00f6vet\u0151en elk\u00fcldj\u00fck a nyomtatv\u00e1nyt a lott\u00f3bizotts\u00e1gnak, \u00e9s \u0151k kifizetik \u00d6nnek. Ez a szolg\u00e1ltat\u00e1s az \u00d6n sz\u00e1m\u00e1ra ingyenes.<\/p>\n<p>Ha online szelv\u00e9ny\u00e9vel megnyeri a Powerball jackpotot, v\u00e1lasztania kell. Vagy egyszeri kifizet\u00e9st kap, amely alacsonyabb lesz, mint a t\u00e9nyleges jackpot, vagy 30 \u00e9ves r\u00e9szletekben, plusz kamatok form\u00e1j\u00e1ban kapja meg a kifizet\u00e9st.<\/p>\n","protected":false},"excerpt":{"rendered":"<p>Nyilv\u00e1nval\u00f3an az internet az, amely lehet\u0151v\u00e9 teszi, hogy online szelv\u00e9nyt szerezzen a nagy amerikai lott\u00f3j\u00e1t\u00e9kokra. Nem kell az USA-ban \u00e9lnie ahhoz, hogy r\u00e9szt vegyen \u00e9s es\u00e9lye legyen megnyerni ezeket a hihetetlen jackpotokat. Magyarorsz\u00e1gr\u00f3l is megv\u00e1s\u00e1rolhatja szelv\u00e9ny\u00e9t, online szolg\u00e1ltat\u00e1sunk seg\u00edts\u00e9g\u00e9vel. El\u0151sz\u00f6r regisztr\u00e1lhat n\u00e1lunk egy fi\u00f3kot, majd kiv\u00e1laszthatja b\u00e1rmelyik lott\u00f3j\u00e1t\u00e9kunkat, \u00e9s kiv\u00e1laszthatja a sz\u00e1mokat. Vagy el\u0151sz\u00f6r csak [&hellip;]<\/p>\n","protected":false},"author":1,"featured_media":0,"parent":5637,"menu_order":0,"comment_status":"closed","ping_status":"closed","template":"powerball-usa-info.php","meta":{"_et_pb_use_builder":"","_et_pb_old_content":"","_et_gb_content_width":"","exclude_from_search":false,"footnotes":""},"class_list":["post-10959","page","type-page","status-publish","hentry"],"yoast_head":"<!-- This site is optimized with the Yoast SEO plugin v23.4 - https:\/\/yoast.com\/wordpress\/plugins\/seo\/ -->\n<title>Powerball jegyek online v\u00e1s\u00e1rl\u00e1sa Magyarorsz\u00e1gr\u00f3l | A Powerballr\u00f3l, hogyan v\u00e1s\u00e1rolhatok online jegyet?<\/title>\n<meta name=\"description\" content=\"A h\u00edres Powerball lott\u00f3 szelv\u00e9nyeinek v\u00e1s\u00e1rl\u00e1sa mostant\u00f3l egyszer\u0171, online v\u00e1s\u00e1rolhatsz szelv\u00e9nyeket Magyarorsz\u00e1gr\u00f3l \u00e9s m\u00e1shonnan is\" \/>\n<meta name=\"robots\" content=\"index, follow, max-snippet:-1, max-image-preview:large, max-video-preview:-1\" \/>\n<link rel=\"canonical\" href=\"https:\/\/onlinelotto365.com\/hu\/jegyeket-vesz\/powerball\/\" \/>\n<meta property=\"og:locale\" content=\"hu_HU\" \/>\n<meta property=\"og:type\" content=\"article\" \/>\n<meta property=\"og:title\" content=\"Powerball jegyek online v\u00e1s\u00e1rl\u00e1sa Magyarorsz\u00e1gr\u00f3l | A Powerballr\u00f3l, hogyan v\u00e1s\u00e1rolhatok online jegyet?\" \/>\n<meta property=\"og:description\" content=\"A h\u00edres Powerball lott\u00f3 szelv\u00e9nyeinek v\u00e1s\u00e1rl\u00e1sa mostant\u00f3l egyszer\u0171, online v\u00e1s\u00e1rolhatsz szelv\u00e9nyeket Magyarorsz\u00e1gr\u00f3l \u00e9s m\u00e1shonnan is\" \/>\n<meta property=\"og:url\" content=\"https:\/\/onlinelotto365.com\/hu\/jegyeket-vesz\/powerball\/\" \/>\n<meta property=\"og:site_name\" content=\"OnlineLotto365\" \/>\n<meta property=\"article:modified_time\" content=\"2022-11-10T09:26:43+00:00\" \/>\n<meta property=\"og:image\" content=\"https:\/\/redfoxlotto.com\/image?size=8&amp;lottery=powerball\" \/>\n<meta name=\"twitter:card\" content=\"summary_large_image\" \/>\n<meta name=\"twitter:label1\" content=\"Becs\u00fclt olvas\u00e1si id\u0151\" \/>\n\t<meta name=\"twitter:data1\" content=\"3 perc\" \/>\n<script type=\"application\/ld+json\" class=\"yoast-schema-graph\">{\"@context\":\"https:\/\/schema.org\",\"@graph\":[{\"@type\":\"WebPage\",\"@id\":\"https:\/\/onlinelotto365.com\/hu\/jegyeket-vesz\/powerball\/\",\"url\":\"https:\/\/onlinelotto365.com\/hu\/jegyeket-vesz\/powerball\/\",\"name\":\"Powerball jegyek online v\u00e1s\u00e1rl\u00e1sa Magyarorsz\u00e1gr\u00f3l | A Powerballr\u00f3l, hogyan v\u00e1s\u00e1rolhatok online jegyet?\",\"isPartOf\":{\"@id\":\"https:\/\/onlinelotto365.com\/hu\/#website\"},\"primaryImageOfPage\":{\"@id\":\"https:\/\/onlinelotto365.com\/hu\/jegyeket-vesz\/powerball\/#primaryimage\"},\"image\":{\"@id\":\"https:\/\/onlinelotto365.com\/hu\/jegyeket-vesz\/powerball\/#primaryimage\"},\"thumbnailUrl\":\"https:\/\/redfoxlotto.com\/image?size=8&amp;lottery=powerball\",\"datePublished\":\"2020-12-18T08:41:15+00:00\",\"dateModified\":\"2022-11-10T09:26:43+00:00\",\"description\":\"A h\u00edres Powerball lott\u00f3 szelv\u00e9nyeinek v\u00e1s\u00e1rl\u00e1sa mostant\u00f3l egyszer\u0171, online v\u00e1s\u00e1rolhatsz szelv\u00e9nyeket Magyarorsz\u00e1gr\u00f3l \u00e9s m\u00e1shonnan is\",\"breadcrumb\":{\"@id\":\"https:\/\/onlinelotto365.com\/hu\/jegyeket-vesz\/powerball\/#breadcrumb\"},\"inLanguage\":\"hu\",\"potentialAction\":[{\"@type\":\"ReadAction\",\"target\":[\"https:\/\/onlinelotto365.com\/hu\/jegyeket-vesz\/powerball\/\"]}]},{\"@type\":\"ImageObject\",\"inLanguage\":\"hu\",\"@id\":\"https:\/\/onlinelotto365.com\/hu\/jegyeket-vesz\/powerball\/#primaryimage\",\"url\":\"https:\/\/redfoxlotto.com\/image?size=8&amp;lottery=powerball\",\"contentUrl\":\"https:\/\/redfoxlotto.com\/image?size=8&amp;lottery=powerball\"},{\"@type\":\"BreadcrumbList\",\"@id\":\"https:\/\/onlinelotto365.com\/hu\/jegyeket-vesz\/powerball\/#breadcrumb\",\"itemListElement\":[{\"@type\":\"ListItem\",\"position\":1,\"name\":\"Home\",\"item\":\"https:\/\/onlinelotto365.com\/hu\/\"},{\"@type\":\"ListItem\",\"position\":2,\"name\":\"Most a nagyokr\u00f3l van sz\u00f3: A vil\u00e1g legnagyobb lott\u00f3i\",\"item\":\"https:\/\/onlinelotto365.com\/hu\/jegyeket-vesz\/\"},{\"@type\":\"ListItem\",\"position\":3,\"name\":\"Hogyan v\u00e1s\u00e1rolhat online Powerball szelv\u00e9nyeket Magyarorsz\u00e1gr\u00f3l\"}]},{\"@type\":\"WebSite\",\"@id\":\"https:\/\/onlinelotto365.com\/hu\/#website\",\"url\":\"https:\/\/onlinelotto365.com\/hu\/\",\"name\":\"OnlineLotto365\",\"description\":\"\",\"potentialAction\":[{\"@type\":\"SearchAction\",\"target\":{\"@type\":\"EntryPoint\",\"urlTemplate\":\"https:\/\/onlinelotto365.com\/hu\/?s={search_term_string}\"},\"query-input\":{\"@type\":\"PropertyValueSpecification\",\"valueRequired\":true,\"valueName\":\"search_term_string\"}}],\"inLanguage\":\"hu\"}]}<\/script>\n<!-- \/ Yoast SEO plugin. -->","yoast_head_json":{"title":"Powerball jegyek online v\u00e1s\u00e1rl\u00e1sa Magyarorsz\u00e1gr\u00f3l | A Powerballr\u00f3l, hogyan v\u00e1s\u00e1rolhatok online jegyet?","description":"A h\u00edres Powerball lott\u00f3 szelv\u00e9nyeinek v\u00e1s\u00e1rl\u00e1sa mostant\u00f3l egyszer\u0171, online v\u00e1s\u00e1rolhatsz szelv\u00e9nyeket Magyarorsz\u00e1gr\u00f3l \u00e9s m\u00e1shonnan is","robots":{"index":"index","follow":"follow","max-snippet":"max-snippet:-1","max-image-preview":"max-image-preview:large","max-video-preview":"max-video-preview:-1"},"canonical":"https:\/\/onlinelotto365.com\/hu\/jegyeket-vesz\/powerball\/","og_locale":"hu_HU","og_type":"article","og_title":"Powerball jegyek online v\u00e1s\u00e1rl\u00e1sa Magyarorsz\u00e1gr\u00f3l | A Powerballr\u00f3l, hogyan v\u00e1s\u00e1rolhatok online jegyet?","og_description":"A h\u00edres Powerball lott\u00f3 szelv\u00e9nyeinek v\u00e1s\u00e1rl\u00e1sa mostant\u00f3l egyszer\u0171, online v\u00e1s\u00e1rolhatsz szelv\u00e9nyeket Magyarorsz\u00e1gr\u00f3l \u00e9s m\u00e1shonnan is","og_url":"https:\/\/onlinelotto365.com\/hu\/jegyeket-vesz\/powerball\/","og_site_name":"OnlineLotto365","article_modified_time":"2022-11-10T09:26:43+00:00","og_image":[{"url":"https:\/\/redfoxlotto.com\/image?size=8&amp;lottery=powerball"}],"twitter_card":"summary_large_image","twitter_misc":{"Becs\u00fclt olvas\u00e1si id\u0151":"3 perc"},"schema":{"@context":"https:\/\/schema.org","@graph":[{"@type":"WebPage","@id":"https:\/\/onlinelotto365.com\/hu\/jegyeket-vesz\/powerball\/","url":"https:\/\/onlinelotto365.com\/hu\/jegyeket-vesz\/powerball\/","name":"Powerball jegyek online v\u00e1s\u00e1rl\u00e1sa Magyarorsz\u00e1gr\u00f3l | A Powerballr\u00f3l, hogyan v\u00e1s\u00e1rolhatok online jegyet?","isPartOf":{"@id":"https:\/\/onlinelotto365.com\/hu\/#website"},"primaryImageOfPage":{"@id":"https:\/\/onlinelotto365.com\/hu\/jegyeket-vesz\/powerball\/#primaryimage"},"image":{"@id":"https:\/\/onlinelotto365.com\/hu\/jegyeket-vesz\/powerball\/#primaryimage"},"thumbnailUrl":"https:\/\/redfoxlotto.com\/image?size=8&amp;lottery=powerball","datePublished":"2020-12-18T08:41:15+00:00","dateModified":"2022-11-10T09:26:43+00:00","description":"A h\u00edres Powerball lott\u00f3 szelv\u00e9nyeinek v\u00e1s\u00e1rl\u00e1sa mostant\u00f3l egyszer\u0171, online v\u00e1s\u00e1rolhatsz szelv\u00e9nyeket Magyarorsz\u00e1gr\u00f3l \u00e9s m\u00e1shonnan is","breadcrumb":{"@id":"https:\/\/onlinelotto365.com\/hu\/jegyeket-vesz\/powerball\/#breadcrumb"},"inLanguage":"hu","potentialAction":[{"@type":"ReadAction","target":["https:\/\/onlinelotto365.com\/hu\/jegyeket-vesz\/powerball\/"]}]},{"@type":"ImageObject","inLanguage":"hu","@id":"https:\/\/onlinelotto365.com\/hu\/jegyeket-vesz\/powerball\/#primaryimage","url":"https:\/\/redfoxlotto.com\/image?size=8&amp;lottery=powerball","contentUrl":"https:\/\/redfoxlotto.com\/image?size=8&amp;lottery=powerball"},{"@type":"BreadcrumbList","@id":"https:\/\/onlinelotto365.com\/hu\/jegyeket-vesz\/powerball\/#breadcrumb","itemListElement":[{"@type":"ListItem","position":1,"name":"Home","item":"https:\/\/onlinelotto365.com\/hu\/"},{"@type":"ListItem","position":2,"name":"Most a nagyokr\u00f3l van sz\u00f3: A vil\u00e1g legnagyobb lott\u00f3i","item":"https:\/\/onlinelotto365.com\/hu\/jegyeket-vesz\/"},{"@type":"ListItem","position":3,"name":"Hogyan v\u00e1s\u00e1rolhat online Powerball szelv\u00e9nyeket Magyarorsz\u00e1gr\u00f3l"}]},{"@type":"WebSite","@id":"https:\/\/onlinelotto365.com\/hu\/#website","url":"https:\/\/onlinelotto365.com\/hu\/","name":"OnlineLotto365","description":"","potentialAction":[{"@type":"SearchAction","target":{"@type":"EntryPoint","urlTemplate":"https:\/\/onlinelotto365.com\/hu\/?s={search_term_string}"},"query-input":{"@type":"PropertyValueSpecification","valueRequired":true,"valueName":"search_term_string"}}],"inLanguage":"hu"}]}},"_links":{"self":[{"href":"https:\/\/onlinelotto365.com\/hu\/wp-json\/wp\/v2\/pages\/10959","targetHints":{"allow":["GET"]}}],"collection":[{"href":"https:\/\/onlinelotto365.com\/hu\/wp-json\/wp\/v2\/pages"}],"about":[{"href":"https:\/\/onlinelotto365.com\/hu\/wp-json\/wp\/v2\/types\/page"}],"author":[{"embeddable":true,"href":"https:\/\/onlinelotto365.com\/hu\/wp-json\/wp\/v2\/users\/1"}],"replies":[{"embeddable":true,"href":"https:\/\/onlinelotto365.com\/hu\/wp-json\/wp\/v2\/comments?post=10959"}],"version-history":[{"count":0,"href":"https:\/\/onlinelotto365.com\/hu\/wp-json\/wp\/v2\/pages\/10959\/revisions"}],"up":[{"embeddable":true,"href":"https:\/\/onlinelotto365.com\/hu\/wp-json\/wp\/v2\/pages\/5637"}],"wp:attachment":[{"href":"https:\/\/onlinelotto365.com\/hu\/wp-json\/wp\/v2\/media?parent=10959"}],"curies":[{"name":"wp","href":"https:\/\/api.w.org\/{rel}","templated":true}]}}