{"id":10961,"date":"2020-12-18T09:42:43","date_gmt":"2020-12-18T08:42:43","guid":{"rendered":"http:\/\/onlinelotto365.net\/?page_id=10961"},"modified":"2021-03-05T15:17:40","modified_gmt":"2021-03-05T14:17:40","slug":"mega-millions","status":"publish","type":"page","link":"https:\/\/onlinelotto365.com\/hu\/jegyeket-vesz\/mega-millions\/","title":{"rendered":"V\u00e1s\u00e1roljon szelv\u00e9nyt a Mega Millions lott\u00f3ra most"},"content":{"rendered":"<h2>Nem a semmi\u00e9rt h\u00edvj\u00e1k Mega Millions-nak<\/h2>\n<p>Hab\u00e1r lehet, hogy a Mega Millions alacsonyabb kezd\u0151 jackpottal indul, mint a Powerball, de itt a a jackpot hihetetlen\u00fcl nagyra n\u0151het, ekkor pedig m\u00e1r a vil\u00e1g legnagyobb lott\u00f3ival vetekedhet.<br \/>\nA Mega Millions tartja a legnagyobb amerikai jackpot rekordj\u00e1t, ahol a szerencs\u00e9s nyertesek 1,6 milli\u00e1rd doll\u00e1ron osztozhattak. A Mega Millions fizette ki a h\u00e1rom legnagyobb jackpotot az Egyes\u00fclt \u00c1llamok tort\u00e9net\u00e9ben.<\/p>\n<p><span style=\"text-decoration: underline;\"><a href=\"https:\/\/redfoxlotto.com\/hu\/?ref=A8564250A2&amp;campaign=ol\" target=\"_blank\" rel=\"noopener\">Ezen a linken tudja el\u00e9rni a Mega Millions szelv\u00e9nyeket, amelyeket online megv\u00e1s\u00e1rolhat!<\/a><\/span><\/p>\n<h2>A Mega Millions form\u00e1tum<\/h2>\n<p>A Mega Millions-t heti k\u00e9tszer sorsolj\u00e1k, kedden, \u00e9s p\u00e9nteken. A Powerball-hoz hasonl\u00f3an a j\u00e1t\u00e9kosok 5 f\u0151 sz\u00e1mot v\u00e1lasztanak ki, viszont az 59 sz\u00e1m helyett itt csak 56 van, emiatt is nagyobb az es\u00e9ly mind az \u00f6t sz\u00e1m eltal\u00e1l\u00e1s\u00e1ra.<\/p>\n<p>Itt is van egy b\u00f3nusz-sz\u00e1m, a Mega Ball, amit 46 sz\u00e1m k\u00f6z\u00fcl kell kiv\u00e1lasztani, Ha eltal\u00e1lja az 5 sz\u00e1mot, plusz a Mega Ball-t, akkor megnyerte a hatalmas jackpotot, ami mindig megtal\u00e1lhat\u00f3 a Mega Millions j\u00e1t\u00e9kban.<\/p>\n<h2>Tov\u00e1bbi inform\u00e1ci\u00f3 a Mega Millionsr\u00f3l<\/h2>\n<ul>\n<li>Lott\u00f3t tartanak, ahol: USA<\/li>\n<li>H\u00e1ny f\u0151 sz\u00e1m k\u00f6z\u00fcl v\u00e1laszthat: 70<\/li>\n<li>Ki kell v\u00e1lasztania: 5<\/li>\n<li>H\u00e1ny plusz sz\u00e1m k\u00f6z\u00fcl v\u00e1laszthat: 25<\/li>\n<li>Ki kell v\u00e1lasztania: 1<\/li>\n<li>Napok, \u00f3r\u00e1k rajzol\u00e1sa: kedd, p\u00e9ntek, EST 21:00, +1 nap 3:00 CET<\/li>\n<li>Minim\u00e1lis jackpot: 40 milli\u00f3 USD<\/li>\n<li>Jackpot maxim\u00e1lis \u00f6sszege: nincs<\/li>\n<li>A jackpot nyer\u00e9s\u00e9nek lehets\u00e9ges sz\u00e1mkombin\u00e1ci\u00f3ja: 1 a 175.711.536-b\u00f3l<\/li>\n<li>Lehets\u00e9ges sz\u00e1mkombin\u00e1ci\u00f3 a 2. szint\u0171 gy\u0151zelemhez: 1 a 3.819.816-ban<\/li>\n<li>B\u00e1rmelyik szint nyer\u00e9s\u00e9nek val\u00f3sz\u00edn\u0171s\u00e9ge: 1 a 24,12-ben<\/li>\n<li>H\u00e1ny nyerem\u00e9nyszint: 9<\/li>\n<\/ul>\n<p><a href=\"https:\/\/redfoxlotto.com\/play\/mega-millions\/?ref=a8564250a2&amp;medium=ol365\" target=\"_blank\" rel=\"noopener noreferrer\"><img decoding=\"async\" class=\"aligncenter\" src=\"https:\/\/redfoxlotto.com\/image?size=8&amp;lottery=mega-millions\" alt=\"mega millions\" \/><\/a><\/p>\n<p>Mint minden m\u00e1s lott\u00f3 eset\u00e9n, hogyha nincs nyertes, a jackpot folyamatosan n\u00f6vekedik, am\u00edg valaki el nem nyeri. Ez is n\u00f6veli az izgalmakat, azzal egy\u00fctt, hogy n\u0151 a nyerem\u00e9ny \u00e9rt\u00e9ke, ah\u00e1nyszor a jackpot \u00f6sszege emelkedik. \u00d6nnek mindig ugyanannyiba ker\u00fcl j\u00e1tszani, de min\u00e9l nagyobb nyerem\u00e9ny forog kock\u00e1n, \u00f6n ann\u00e1l jobban j\u00e1rhat. Az emberek sorokban \u00e1llnak, hogy megvehess\u00e9k Powerball szelv\u00e9nyeiket, amikor nagy a f\u0151nyerem\u00e9ny.<\/p>\n<p>Ez az egyik oka, mi\u00e9rt j\u00e1tszanak olyan sokan, ha nagy a t\u00e9t. A m\u00e1sik ok term\u00e9szetesen az, hogy egyszer\u0171en izgalmasabb \u00fagy j\u00e1tszani, hogy nagyobb a t\u00e9t. Ez\u00e9rt a Mega Millions \u00e9s a Powerball minimum f\u0151nyerem\u00e9nynek is mindig egy nagy \u00f6sszeget aj\u00e1nl fel, ez\u00e9rt soha nem kell v\u00e1rni, hogy ki\u00e9lvezhess\u00e9k a j\u00e1t\u00e9kosok a lott\u00f3 okozta izgalmakat.<\/p>\n<h2>Most ak\u00e1r online is vehet Mega Millions szelv\u00e9nyeket<\/h2>\n<p><img loading=\"lazy\" decoding=\"async\" class=\" wp-image-1785 alignright\" src=\"https:\/\/onlinelotto365.com\/wp-content\/uploads\/2020\/11\/online_lottery-159-300x300.jpg\" alt=\"mega millions v\u00e1s\u00e1rolhat online\" width=\"204\" height=\"204\" \/><\/p>\n<p>Mostant\u00f3l el sem kell hagynia otthon\u00e1t, hogy Mega Millions szelv\u00e9nyt vehessen. Az internet k\u00e9nyelm\u00e9nek k\u00f6sz\u00f6nhet\u0151en b\u00e1rmennyi lott\u00f3szelv\u00e9nyt v\u00e1s\u00e1rolhat a sz\u00e1m\u00edt\u00f3g\u00e9p\u00e9n.<\/p>\n<p>Mostant\u00f3l nem is kell az Egyes\u00fclt \u00c1llamokban \u00e9lnie, hiszen a vil\u00e1g \u00f6sszes orsz\u00e1g\u00e1b\u00f3l el\u00e9rhet\u0151 ez a szolg\u00e1ltat\u00e1s. Azok ut\u00e1n, hogy sok\u00e1ig csak a helyi lott\u00f3z\u00f3 \u00e1ltal k\u00edn\u00e1lt j\u00e1t\u00e9kokban vehett\u00fcnk r\u00e9szt, most az internetnek k\u00f6sz\u00f6nhet\u0151en elj\u00f6tt a nemzetk\u00f6zi lott\u00f3z\u00e1s ideje.<\/p>\n<p>A RedFoxLotto nem csak a Mega Millions-re, hanem a vil\u00e1g \u00f6sszes izgalmas lott\u00f3j\u00e1ra is k\u00edn\u00e1l j\u00e1t\u00e9klehet\u0151s\u00e9get. \u00d6nnek csak l\u00e9tre kell hoznia egy ingyenes fi\u00f3kot, kiv\u00e1lasztani a j\u00e1tszani k\u00edv\u00e1nt lott\u00f3kat, kiv\u00e1lasztani a sz\u00e1mokat, vagy a sz\u00e1m\u00edt\u00f3g\u00e9p \u00e1ltal v\u00e9letlenszer\u0171en v\u00e1lasztani, fizetni a sz\u00e1mos fizet\u00e9si lehet\u0151s\u00e9g egyik\u00e9vel, \u00e9s m\u00e1r j\u00e1t\u00e9kban is van!<\/p>\n<p>Miut\u00e1n megv\u00e1s\u00e1rolta a szelv\u00e9nyeit a kiv\u00e1lasztott j\u00e1t\u00e9kokra, a RedFoxLotto m\u00e1ris megveszi a szelv\u00e9nyeket, rajtuk az \u00f6n nev\u00e9vel, \u00e9s meg\u0151rzi azokat \u00f6n sz\u00e1m\u00e1ra, illetve beszkennelve elk\u00fcldi \u0151ket e-mailben.<br \/>\n\u00d6nnek nem is kell k\u00f6vetnie a sorsol\u00e1sokat, hiszen ha nyer, a RedFoxLotto \u00e9rtes\u00edti \u00f6nt a nyerm\u00e9ny \u00f6sszeg\u00e9r\u0151l.<\/p>\n<p>Hogyha nyert, a RedFoxLotto a nyerem\u00e9ny beszed\u00e9s\u00e9ben is seg\u00edts\u00e9get ny\u00fajt \u00f6nnek. Hogyha egy kisebb \u00f6sszegr\u0151l van sz\u00f3, egyb\u0151l az \u00f6n sz\u00e1ml\u00e1j\u00e1ra ker\u00fcl a nyerem\u00e9ny. Nagyobb nyerem\u00e9nyek eset\u00e9n seg\u00edtenek a pap\u00edrmunka kit\u00f6lt\u00e9s\u00e9ben. Az igaz\u00e1n nagy \u00f6sszegekn\u00e9l lehet hogy m\u00e1r utaznia is kell a nyerem\u00e9ny begy\u0171jt\u00e9s\u00e9hez, de ez m\u00e1r nyilv\u00e1n nem okoz majd probl\u00e9m\u00e1t ekkor, a hatalmas nyerem\u00e9ny birtok\u00e1ban.<\/p>\n","protected":false},"excerpt":{"rendered":"<p>Nem a semmi\u00e9rt h\u00edvj\u00e1k Mega Millions-nak Hab\u00e1r lehet, hogy a Mega Millions alacsonyabb kezd\u0151 jackpottal indul, mint a Powerball, de itt a a jackpot hihetetlen\u00fcl nagyra n\u0151het, ekkor pedig m\u00e1r a vil\u00e1g legnagyobb lott\u00f3ival vetekedhet. A Mega Millions tartja a legnagyobb amerikai jackpot rekordj\u00e1t, ahol a szerencs\u00e9s nyertesek 1,6 milli\u00e1rd doll\u00e1ron osztozhattak. A Mega Millions [&hellip;]<\/p>\n","protected":false},"author":1,"featured_media":0,"parent":5637,"menu_order":2,"comment_status":"closed","ping_status":"closed","template":"megamillion-info.php","meta":{"_et_pb_use_builder":"","_et_pb_old_content":"","_et_gb_content_width":"","exclude_from_search":false,"footnotes":""},"class_list":["post-10961","page","type-page","status-publish","hentry"],"yoast_head":"<!-- This site is optimized with the Yoast SEO plugin v23.4 - https:\/\/yoast.com\/wordpress\/plugins\/seo\/ -->\n<title>Mega Millions lott\u00f3 online<\/title>\n<meta name=\"description\" content=\"A Mega Millions Lotto most megragadhatja a magyarorsz\u00e1gi lakosokat - itt v\u00e1s\u00e1rolhat leg\u00e1lis Mega Millions online jegyeket\" \/>\n<meta name=\"robots\" content=\"index, follow, max-snippet:-1, max-image-preview:large, max-video-preview:-1\" \/>\n<link rel=\"canonical\" href=\"https:\/\/onlinelotto365.com\/hu\/jegyeket-vesz\/mega-millions\/\" \/>\n<meta property=\"og:locale\" content=\"hu_HU\" \/>\n<meta property=\"og:type\" content=\"article\" \/>\n<meta property=\"og:title\" content=\"Mega Millions lott\u00f3 online\" \/>\n<meta property=\"og:description\" content=\"A Mega Millions Lotto most megragadhatja a magyarorsz\u00e1gi lakosokat - itt v\u00e1s\u00e1rolhat leg\u00e1lis Mega Millions online jegyeket\" \/>\n<meta property=\"og:url\" content=\"https:\/\/onlinelotto365.com\/hu\/jegyeket-vesz\/mega-millions\/\" \/>\n<meta property=\"og:site_name\" content=\"OnlineLotto365\" \/>\n<meta property=\"article:modified_time\" content=\"2021-03-05T14:17:40+00:00\" \/>\n<meta property=\"og:image\" content=\"https:\/\/redfoxlotto.com\/image?size=8&amp;lottery=mega-millions\" \/>\n<meta name=\"twitter:card\" content=\"summary_large_image\" \/>\n<meta name=\"twitter:label1\" content=\"Becs\u00fclt olvas\u00e1si id\u0151\" \/>\n\t<meta name=\"twitter:data1\" content=\"3 perc\" \/>\n<script type=\"application\/ld+json\" class=\"yoast-schema-graph\">{\"@context\":\"https:\/\/schema.org\",\"@graph\":[{\"@type\":\"WebPage\",\"@id\":\"https:\/\/onlinelotto365.com\/hu\/jegyeket-vesz\/mega-millions\/\",\"url\":\"https:\/\/onlinelotto365.com\/hu\/jegyeket-vesz\/mega-millions\/\",\"name\":\"Mega Millions lott\u00f3 online\",\"isPartOf\":{\"@id\":\"https:\/\/onlinelotto365.com\/hu\/#website\"},\"primaryImageOfPage\":{\"@id\":\"https:\/\/onlinelotto365.com\/hu\/jegyeket-vesz\/mega-millions\/#primaryimage\"},\"image\":{\"@id\":\"https:\/\/onlinelotto365.com\/hu\/jegyeket-vesz\/mega-millions\/#primaryimage\"},\"thumbnailUrl\":\"https:\/\/redfoxlotto.com\/image?size=8&amp;lottery=mega-millions\",\"datePublished\":\"2020-12-18T08:42:43+00:00\",\"dateModified\":\"2021-03-05T14:17:40+00:00\",\"description\":\"A Mega Millions Lotto most megragadhatja a magyarorsz\u00e1gi lakosokat - itt v\u00e1s\u00e1rolhat leg\u00e1lis Mega Millions online jegyeket\",\"breadcrumb\":{\"@id\":\"https:\/\/onlinelotto365.com\/hu\/jegyeket-vesz\/mega-millions\/#breadcrumb\"},\"inLanguage\":\"hu\",\"potentialAction\":[{\"@type\":\"ReadAction\",\"target\":[\"https:\/\/onlinelotto365.com\/hu\/jegyeket-vesz\/mega-millions\/\"]}]},{\"@type\":\"ImageObject\",\"inLanguage\":\"hu\",\"@id\":\"https:\/\/onlinelotto365.com\/hu\/jegyeket-vesz\/mega-millions\/#primaryimage\",\"url\":\"https:\/\/redfoxlotto.com\/image?size=8&amp;lottery=mega-millions\",\"contentUrl\":\"https:\/\/redfoxlotto.com\/image?size=8&amp;lottery=mega-millions\"},{\"@type\":\"BreadcrumbList\",\"@id\":\"https:\/\/onlinelotto365.com\/hu\/jegyeket-vesz\/mega-millions\/#breadcrumb\",\"itemListElement\":[{\"@type\":\"ListItem\",\"position\":1,\"name\":\"Home\",\"item\":\"https:\/\/onlinelotto365.com\/hu\/\"},{\"@type\":\"ListItem\",\"position\":2,\"name\":\"Most a nagyokr\u00f3l van sz\u00f3: A vil\u00e1g legnagyobb lott\u00f3i\",\"item\":\"https:\/\/onlinelotto365.com\/hu\/jegyeket-vesz\/\"},{\"@type\":\"ListItem\",\"position\":3,\"name\":\"V\u00e1s\u00e1roljon szelv\u00e9nyt a Mega Millions lott\u00f3ra most\"}]},{\"@type\":\"WebSite\",\"@id\":\"https:\/\/onlinelotto365.com\/hu\/#website\",\"url\":\"https:\/\/onlinelotto365.com\/hu\/\",\"name\":\"OnlineLotto365\",\"description\":\"\",\"potentialAction\":[{\"@type\":\"SearchAction\",\"target\":{\"@type\":\"EntryPoint\",\"urlTemplate\":\"https:\/\/onlinelotto365.com\/hu\/?s={search_term_string}\"},\"query-input\":{\"@type\":\"PropertyValueSpecification\",\"valueRequired\":true,\"valueName\":\"search_term_string\"}}],\"inLanguage\":\"hu\"}]}<\/script>\n<!-- \/ Yoast SEO plugin. -->","yoast_head_json":{"title":"Mega Millions lott\u00f3 online","description":"A Mega Millions Lotto most megragadhatja a magyarorsz\u00e1gi lakosokat - itt v\u00e1s\u00e1rolhat leg\u00e1lis Mega Millions online jegyeket","robots":{"index":"index","follow":"follow","max-snippet":"max-snippet:-1","max-image-preview":"max-image-preview:large","max-video-preview":"max-video-preview:-1"},"canonical":"https:\/\/onlinelotto365.com\/hu\/jegyeket-vesz\/mega-millions\/","og_locale":"hu_HU","og_type":"article","og_title":"Mega Millions lott\u00f3 online","og_description":"A Mega Millions Lotto most megragadhatja a magyarorsz\u00e1gi lakosokat - itt v\u00e1s\u00e1rolhat leg\u00e1lis Mega Millions online jegyeket","og_url":"https:\/\/onlinelotto365.com\/hu\/jegyeket-vesz\/mega-millions\/","og_site_name":"OnlineLotto365","article_modified_time":"2021-03-05T14:17:40+00:00","og_image":[{"url":"https:\/\/redfoxlotto.com\/image?size=8&amp;lottery=mega-millions"}],"twitter_card":"summary_large_image","twitter_misc":{"Becs\u00fclt olvas\u00e1si id\u0151":"3 perc"},"schema":{"@context":"https:\/\/schema.org","@graph":[{"@type":"WebPage","@id":"https:\/\/onlinelotto365.com\/hu\/jegyeket-vesz\/mega-millions\/","url":"https:\/\/onlinelotto365.com\/hu\/jegyeket-vesz\/mega-millions\/","name":"Mega Millions lott\u00f3 online","isPartOf":{"@id":"https:\/\/onlinelotto365.com\/hu\/#website"},"primaryImageOfPage":{"@id":"https:\/\/onlinelotto365.com\/hu\/jegyeket-vesz\/mega-millions\/#primaryimage"},"image":{"@id":"https:\/\/onlinelotto365.com\/hu\/jegyeket-vesz\/mega-millions\/#primaryimage"},"thumbnailUrl":"https:\/\/redfoxlotto.com\/image?size=8&amp;lottery=mega-millions","datePublished":"2020-12-18T08:42:43+00:00","dateModified":"2021-03-05T14:17:40+00:00","description":"A Mega Millions Lotto most megragadhatja a magyarorsz\u00e1gi lakosokat - itt v\u00e1s\u00e1rolhat leg\u00e1lis Mega Millions online jegyeket","breadcrumb":{"@id":"https:\/\/onlinelotto365.com\/hu\/jegyeket-vesz\/mega-millions\/#breadcrumb"},"inLanguage":"hu","potentialAction":[{"@type":"ReadAction","target":["https:\/\/onlinelotto365.com\/hu\/jegyeket-vesz\/mega-millions\/"]}]},{"@type":"ImageObject","inLanguage":"hu","@id":"https:\/\/onlinelotto365.com\/hu\/jegyeket-vesz\/mega-millions\/#primaryimage","url":"https:\/\/redfoxlotto.com\/image?size=8&amp;lottery=mega-millions","contentUrl":"https:\/\/redfoxlotto.com\/image?size=8&amp;lottery=mega-millions"},{"@type":"BreadcrumbList","@id":"https:\/\/onlinelotto365.com\/hu\/jegyeket-vesz\/mega-millions\/#breadcrumb","itemListElement":[{"@type":"ListItem","position":1,"name":"Home","item":"https:\/\/onlinelotto365.com\/hu\/"},{"@type":"ListItem","position":2,"name":"Most a nagyokr\u00f3l van sz\u00f3: A vil\u00e1g legnagyobb lott\u00f3i","item":"https:\/\/onlinelotto365.com\/hu\/jegyeket-vesz\/"},{"@type":"ListItem","position":3,"name":"V\u00e1s\u00e1roljon szelv\u00e9nyt a Mega Millions lott\u00f3ra most"}]},{"@type":"WebSite","@id":"https:\/\/onlinelotto365.com\/hu\/#website","url":"https:\/\/onlinelotto365.com\/hu\/","name":"OnlineLotto365","description":"","potentialAction":[{"@type":"SearchAction","target":{"@type":"EntryPoint","urlTemplate":"https:\/\/onlinelotto365.com\/hu\/?s={search_term_string}"},"query-input":{"@type":"PropertyValueSpecification","valueRequired":true,"valueName":"search_term_string"}}],"inLanguage":"hu"}]}},"_links":{"self":[{"href":"https:\/\/onlinelotto365.com\/hu\/wp-json\/wp\/v2\/pages\/10961","targetHints":{"allow":["GET"]}}],"collection":[{"href":"https:\/\/onlinelotto365.com\/hu\/wp-json\/wp\/v2\/pages"}],"about":[{"href":"https:\/\/onlinelotto365.com\/hu\/wp-json\/wp\/v2\/types\/page"}],"author":[{"embeddable":true,"href":"https:\/\/onlinelotto365.com\/hu\/wp-json\/wp\/v2\/users\/1"}],"replies":[{"embeddable":true,"href":"https:\/\/onlinelotto365.com\/hu\/wp-json\/wp\/v2\/comments?post=10961"}],"version-history":[{"count":0,"href":"https:\/\/onlinelotto365.com\/hu\/wp-json\/wp\/v2\/pages\/10961\/revisions"}],"up":[{"embeddable":true,"href":"https:\/\/onlinelotto365.com\/hu\/wp-json\/wp\/v2\/pages\/5637"}],"wp:attachment":[{"href":"https:\/\/onlinelotto365.com\/hu\/wp-json\/wp\/v2\/media?parent=10961"}],"curies":[{"name":"wp","href":"https:\/\/api.w.org\/{rel}","templated":true}]}}