{"id":10963,"date":"2020-12-18T09:44:13","date_gmt":"2020-12-18T08:44:13","guid":{"rendered":"http:\/\/onlinelotto365.net\/?page_id=10963"},"modified":"2021-03-05T15:01:43","modified_gmt":"2021-03-05T14:01:43","slug":"euromillions","status":"publish","type":"page","link":"https:\/\/onlinelotto365.com\/hu\/jegyeket-vesz\/euromillions\/","title":{"rendered":"Szerezze meg Euromillions szelv\u00e9ny\u00e9t online"},"content":{"rendered":"<h2>Az Euromillions a vil\u00e1g egyik legnagyobb lott\u00f3ja<\/h2>\n<p>Az Euromillions t\u00f6rt\u00e9nete 2004-ben kezd\u0151d\u00f6tt. Franciaorsz\u00e1g, Spanyolorsz\u00e1g, \u00e9s az Egyes\u00fclt Kir\u00e1lys\u00e1g lott\u00f3inak egy\u00fcttm\u0171k\u00f6d\u00e9s\u00e9vel. T\u00edz \u00e9vig tartott , mire megsz\u00fcletett aznegyezm\u00e9ny a c\u00e9gek k\u00f6z\u00f6tt, \u00edgy az indul\u00e1skor m\u00e1r minden olajozottan m\u0171k\u00f6d\u00f6tt.<\/p>\n<p>A c\u00e9l az ezekben az orsz\u00e1gokban j\u00e1tsz\u00f3 lott\u00f3znak az addigin\u00e1l sokkal nagyobb f\u0151nyerem\u00e9ny aj\u00e1nl\u00e1sa volt. Az elk\u00e9pzel\u00e9s az volt, hogy a nagy jackoptok nagy k\u00f6z\u00f6ns\u00e9get vonzanak \u00e9s ez teszi izgalmass\u00e1 a j\u00e1t\u00e9kot. Ez pedig \u00edgy is lett, a lott\u00f3 \u00f3ri\u00e1si siker lett.<\/p>\n<p>Ahogy n\u0151tt a j\u00e1t\u00e9k n\u00e9pszer\u0171s\u00e9ge, \u00fagy csatlakoztak m\u00e1s orsz\u00e1gok is, jelenleg 9 orsz\u00e1gban van jelen. A f\u0151nyerem\u00e9ny mindig a vil\u00e1g legnagyobbjai k\u00f6z\u00f6tt van, 15 milli\u00f3 eur\u00f3n\u00e1l kezd\u0151dik \u00e9s onnan n\u00f6vekedik tov\u00e1bb.<\/p>\n<p>Amikor a jackpot el\u00e9r a 190 milli\u00f3 eur\u00f3t, akkor onmant\u00f3l a t\u00f6bbi nyerem\u00e9nykateg\u00f3ri\u00e1t kezdik n\u00f6velni. A szervez\u0151k nyilv\u00e1n l\u00e1tj\u00e1k, hogy ez m\u00e1r b\u0151ven el\u00e9g izgalmat jelent a j\u00e1t\u00e9kosok sz\u00e1mara \u00e9s ugyanezt pr\u00f3b\u00e1lj\u00e1k el\u00e9rni a t\u00f6bbi kateg\u00f3ri\u00e1val is.<\/p>\n<h2>Mostant\u00f3l nem kell ezekben az orsz\u00e1gokban \u00e9lnie, hogy j\u00e1tszhasson.<\/h2>\n<p>Mivel a Euromillions csak 9 eur\u00f3pai orsz\u00e1gban volt el\u00e9rhet\u0151, \u00edgy legt\u00f6bb\u00fcnknek eddig nem volt lehet\u0151s\u00e9g\u00fcnk szelv\u00e9nyt szerezmi r\u00e1, s\u0151t, eddig kifejezetten nem is volt nagy r\u00e1 az \u00e9rdekl\u0151d\u00e9s a kilenc orsz\u00e1gon k\u00edv\u00fcl.<\/p>\n<p>Mostm\u00e1r viszont r\u00e1 kell j\u00f6nn\u00fcnk, hogy a lott\u00f3z\u00e1s vil\u00e1g\u00e1ban nincsenek hat\u00e1rok. Fizikai \u00e9rtelemben nyilv\u00e1n vannak, de persze senki nem fog heti k\u00e9tszer elutazni, hogy lott\u00f3z i tudjon, hisz az rendk\u00edv\u00fcl sok p\u00e9nzt \u00e9s id\u0151t em\u00e9sztene fel.<\/p>\n<p><a href=\"https:\/\/redfoxlotto.com\/play\/euromillions\/?ref=a8564250a2&amp;medium=ol365\" target=\"_blank\" rel=\"noopener noreferrer\"> <img decoding=\"async\" class=\"aligncenter\" src=\"https:\/\/redfoxlotto.com\/image?size=8&amp;lottery=euromillions\" alt=\"euromillions\" \/> <\/a><\/p>\n<h2>Tov\u00e1bbi inform\u00e1ci\u00f3 az EuroMillionsr\u00f3l<\/h2>\n<ul>\n<li>Orsz\u00e1g: egy\u00e9b. Eur\u00f3pa<\/li>\n<li>F\u0151 sz\u00e1mtartom\u00e1ny: 50<\/li>\n<li>\u00d6n v\u00e1lasztja: 5<\/li>\n<li>Extra sz\u00e1mtartom\u00e1ny: 12<\/li>\n<li>\u00d6n v\u00e1lasztja: 2<\/li>\n<li>Napok, \u00f3r\u00e1k rajzol\u00e1sa: kedd, p\u00e9ntek, 19:30 GMT, 20:30 CET<\/li>\n<li>Minim\u00e1lis jackpot: 17 milli\u00f3 eur\u00f3<\/li>\n<li>Maxim\u00e1lis jackpot: 190 milli\u00f3 eur\u00f3<\/li>\n<li>A jackpot megnyer\u00e9s\u00e9nek val\u00f3sz\u00edn\u0171s\u00e9ge: 1 186450880-ban<\/li>\n<li>A 2. szint\u0171 gy\u0151zelem val\u00f3sz\u00edn\u0171s\u00e9ge: 1 2118760-ban<\/li>\n<li>B\u00e1rmelyik szint nyer\u00e9s\u00e9nek val\u00f3sz\u00edn\u0171s\u00e9ge: 1 a 12,98-b\u00f3l<\/li>\n<li>Nyerem\u00e9nyszintek sz\u00e1ma: 13<\/li>\n<\/ul>\n<p>Persze felfpgadhatna valakit egy m\u00e1sik orsz\u00e1gban, hogy vegye meg \u00f6n helyett a jegyeket, de az hatalmas szervez\u0151k\u00e9pess\u00e9get \u00e9s odafigyel\u00e9st ig\u00e9nyelne. De akkor hogyan j\u00e1tszhat m\u00e9gis a Euromillions-\u00f6n?<\/p>\n<p>A v\u00e1lasz az, hogy egyszer\u0171en az otthon\u00e1b\u00f3l is meg tudja venni a szelv\u00e9nyeket, egy megb\u00edzhat\u00f3 szolg\u00e1ltat\u00e1sra b\u00edzva az apr\u00f3 r\u00e9szleteket, mint a jegy megv\u00e1s\u00e1rl\u00e1sa, a m\u00e1solat elk\u00fcld\u00e9se e-mailen, biztons\u00e1gban tartani a szelv\u00e9nyeket, valamint \u00e9rtes\u00edteni \u00f6nt, ha nyert \u00e9s seg\u00edteni a nyerem\u00e9ny begy\u0171jt\u00e9s\u00e9ben.<\/p>\n<p>Ez az \u00faj szolg\u00e1ltat\u00e1s a RedFoxLotto, amely lehet\u0151v\u00e9 teszi a lott\u00f3szelv\u00e9nyek k\u00e9nyelmes, online v\u00e1s\u00e1rl\u00e1s\u00e1t. Nem csak hogy lehet\u0151v\u00e9 teszi a Euromillions-\u00f6n val\u00f3 r\u00e9szv\u00e9telt, de de a vil\u00e1g t\u00f6bbi nagy lott\u00f3j\u00e1n val\u00f3 r\u00e9szv\u00e9tel is pofonegyszer\u0171 vele, mivel ak\u00e1rh\u00e1ny szelv\u00e9nyt v\u00e1s\u00e1rolhat.<\/p>\n<p><a href=\"https:\/\/redfoxlotto.com\/?ref=A8564250A2&amp;medium=ol365\">Kattintson ide, hogy eljusson a RedFoxLotto oldal\u00e1ra, ahol megv\u00e1s\u00e1rolhatja szelv\u00e9nyeit!<\/a><\/p>\n<h2>Hogyan m\u0171k\u00f6dik a Euromillions lott\u00f3<\/h2>\n<p><img loading=\"lazy\" decoding=\"async\" class=\"alignright size-medium wp-image-3672\" src=\"https:\/\/onlinelotto365.com\/wp-content\/uploads\/2020\/11\/online_lottery-161-300x207.jpg\" alt=\"v\u00e1s\u00e1roljon Euromillions Magyarorsz\u00e1got\" width=\"300\" height=\"207\" srcset=\"https:\/\/onlinelotto365.com\/wp-content\/uploads\/2020\/11\/online_lottery-161-300x207.jpg 300w, https:\/\/onlinelotto365.com\/wp-content\/uploads\/2020\/11\/online_lottery-161.jpg 320w\" sizes=\"auto, (max-width: 300px) 100vw, 300px\" \/><\/p>\n<p>\u00d4sszesen 13 kateg\u00f3ria van, eg\u00e9szen a 2 tal\u00e1latt\u00f3l az 5 tal\u00e1latig, plusz, ha a 2 szerencsesz\u00e1mot is eltal\u00e1lja, \u00f6n\u00e9 a f\u0151nyerem\u00e9ny. A hatalmas f\u0151nyerem\u00e9nyt lesz\u00e1m\u00edtva is sokkal nagyobb \u00f6sszegeket lehet nyerni a kevesebb tal\u00e1latos szelv\u00e9nyekkel is, mint m\u00e1s lott\u00f3kon.<\/p>\n<p>Sorsol\u00e1s heti k\u00e9tszer van, kedden \u00e9s p\u00e9nteken, 21 \u00f3rakor brit id\u0151 szerint. A RedFoxLotto oldal\u00e1n mindig pontosan l\u00e1thatja, !ennyi id\u0151 van h\u00e1tra a k\u00f6vetkez\u0151 sorsol\u00e1sig. A j\u00e1t\u00e9khoz 5 sz\u00e1mot kell kiv\u00e1lasztani 1-t\u0151l 50-ig \u00e9s 2 szerencsesz\u00e1mot 1-t\u0151l 11-ig. A RedFoxLotto megadja \u00f6nnek a lehet\u0151s\u00e9get, hogy k\u00e9zzel, vagy automatikusan v\u00e1lassza ki a sz\u00e1mait.<\/p>\n<p>Annyi szelv\u00e9nyt v\u00e1s\u00e1rol minden sorsol\u00e1sra, amennyit csak szeretne. Ezut\u00e1n, a RedFoxLotto oldal\u00e1n ellen\u0151rizheti a sorsol\u00e1s eredm\u00e9ny\u00e9t vagy csak az e-mailt is v\u00e1rhatja, amelyben t\u00e1j\u00e9koztatjuk a nyerem\u00e9nyr\u0151l. A nyerem\u00e9ny \u00f6sszeg\u00e9t\u0151l f\u00fcgg\u0151en ezek ut\u00e1n seg\u00edt\u00fcnk \u00f6nnek begy\u0171jteni azt.<\/p>\n<h2>Mostant\u00f3l, hogy \u00f6n is haszn\u00e1lhatja, kiny\u00edlnak \u00f6n el\u0151tt a lehet\u0151s\u00e9gek<\/h2>\n<p>Soha t\u00f6bb\u00e9 nem maradunk ki a nemzetk\u00f6zi lott\u00f3kb\u00f3l csak az\u00e9rt, mert nem abban az orsz\u00e1gban lakunk. Mostant\u00f3l ak\u00e1rmelyik lott\u00f3n j\u00e1tszhatunk korl\u00e1toz\u00e1sok n\u00e9lk\u00fcl. Az internet megnyitotta a lehet\u0151s\u00e9geket, \u00e9s v\u00e9gre ez el\u00e9rte a lott\u00f3z\u00e1s vil\u00e1g\u00e1t is.<br \/>\nEzzel a rengeteg lehet\u0151s\u00e9ggel, ami el\u0151tt\u00fcnk \u00e1ll, nincs semmi okunk arra, hogy ne vess\u00fck magunkat egyb\u0151l bele a m\u00f3k\u00e1ba.<\/p>\n","protected":false},"excerpt":{"rendered":"<p>Az Euromillions a vil\u00e1g egyik legnagyobb lott\u00f3ja Az Euromillions t\u00f6rt\u00e9nete 2004-ben kezd\u0151d\u00f6tt. Franciaorsz\u00e1g, Spanyolorsz\u00e1g, \u00e9s az Egyes\u00fclt Kir\u00e1lys\u00e1g lott\u00f3inak egy\u00fcttm\u0171k\u00f6d\u00e9s\u00e9vel. T\u00edz \u00e9vig tartott , mire megsz\u00fcletett aznegyezm\u00e9ny a c\u00e9gek k\u00f6z\u00f6tt, \u00edgy az indul\u00e1skor m\u00e1r minden olajozottan m\u0171k\u00f6d\u00f6tt. A c\u00e9l az ezekben az orsz\u00e1gokban j\u00e1tsz\u00f3 lott\u00f3znak az addigin\u00e1l sokkal nagyobb f\u0151nyerem\u00e9ny aj\u00e1nl\u00e1sa volt. Az elk\u00e9pzel\u00e9s az [&hellip;]<\/p>\n","protected":false},"author":1,"featured_media":0,"parent":5637,"menu_order":3,"comment_status":"closed","ping_status":"closed","template":"euromillions-info.php","meta":{"_et_pb_use_builder":"","_et_pb_old_content":"","_et_gb_content_width":"","exclude_from_search":false,"footnotes":""},"class_list":["post-10963","page","type-page","status-publish","hentry"],"yoast_head":"<!-- This site is optimized with the Yoast SEO plugin v23.4 - https:\/\/yoast.com\/wordpress\/plugins\/seo\/ -->\n<title>V\u00e1s\u00e1roljon online jegyeket az Euromillions-ra Magyarorsz\u00e1gr\u00f3l | Euromilli\u00f3k inform\u00e1ci\u00f3, hogyan lehet jegyet v\u00e1s\u00e1rolni<\/title>\n<meta name=\"description\" content=\"Szerezzen szelv\u00e9nyeket online az Euromillions lott\u00f3ra, ak\u00e1r Eur\u00f3p\u00e1n k\u00edv\u00fcli r\u0151l is! J\u00e1tsszon a nemzetk\u00f6zi lott\u00f3kon!\" \/>\n<meta name=\"robots\" content=\"index, follow, max-snippet:-1, max-image-preview:large, max-video-preview:-1\" \/>\n<link rel=\"canonical\" href=\"https:\/\/onlinelotto365.com\/hu\/jegyeket-vesz\/euromillions\/\" \/>\n<meta property=\"og:locale\" content=\"hu_HU\" \/>\n<meta property=\"og:type\" content=\"article\" \/>\n<meta property=\"og:title\" content=\"V\u00e1s\u00e1roljon online jegyeket az Euromillions-ra Magyarorsz\u00e1gr\u00f3l | Euromilli\u00f3k inform\u00e1ci\u00f3, hogyan lehet jegyet v\u00e1s\u00e1rolni\" \/>\n<meta property=\"og:description\" content=\"Szerezzen szelv\u00e9nyeket online az Euromillions lott\u00f3ra, ak\u00e1r Eur\u00f3p\u00e1n k\u00edv\u00fcli r\u0151l is! J\u00e1tsszon a nemzetk\u00f6zi lott\u00f3kon!\" \/>\n<meta property=\"og:url\" content=\"https:\/\/onlinelotto365.com\/hu\/jegyeket-vesz\/euromillions\/\" \/>\n<meta property=\"og:site_name\" content=\"OnlineLotto365\" \/>\n<meta property=\"article:modified_time\" content=\"2021-03-05T14:01:43+00:00\" \/>\n<meta property=\"og:image\" content=\"https:\/\/redfoxlotto.com\/image?size=8&amp;lottery=euromillions\" \/>\n<meta name=\"twitter:card\" content=\"summary_large_image\" \/>\n<meta name=\"twitter:label1\" content=\"Becs\u00fclt olvas\u00e1si id\u0151\" \/>\n\t<meta name=\"twitter:data1\" content=\"4 perc\" \/>\n<script type=\"application\/ld+json\" class=\"yoast-schema-graph\">{\"@context\":\"https:\/\/schema.org\",\"@graph\":[{\"@type\":\"WebPage\",\"@id\":\"https:\/\/onlinelotto365.com\/hu\/jegyeket-vesz\/euromillions\/\",\"url\":\"https:\/\/onlinelotto365.com\/hu\/jegyeket-vesz\/euromillions\/\",\"name\":\"V\u00e1s\u00e1roljon online jegyeket az Euromillions-ra Magyarorsz\u00e1gr\u00f3l | Euromilli\u00f3k inform\u00e1ci\u00f3, hogyan lehet jegyet v\u00e1s\u00e1rolni\",\"isPartOf\":{\"@id\":\"https:\/\/onlinelotto365.com\/hu\/#website\"},\"primaryImageOfPage\":{\"@id\":\"https:\/\/onlinelotto365.com\/hu\/jegyeket-vesz\/euromillions\/#primaryimage\"},\"image\":{\"@id\":\"https:\/\/onlinelotto365.com\/hu\/jegyeket-vesz\/euromillions\/#primaryimage\"},\"thumbnailUrl\":\"https:\/\/redfoxlotto.com\/image?size=8&amp;lottery=euromillions\",\"datePublished\":\"2020-12-18T08:44:13+00:00\",\"dateModified\":\"2021-03-05T14:01:43+00:00\",\"description\":\"Szerezzen szelv\u00e9nyeket online az Euromillions lott\u00f3ra, ak\u00e1r Eur\u00f3p\u00e1n k\u00edv\u00fcli r\u0151l is! J\u00e1tsszon a nemzetk\u00f6zi lott\u00f3kon!\",\"breadcrumb\":{\"@id\":\"https:\/\/onlinelotto365.com\/hu\/jegyeket-vesz\/euromillions\/#breadcrumb\"},\"inLanguage\":\"hu\",\"potentialAction\":[{\"@type\":\"ReadAction\",\"target\":[\"https:\/\/onlinelotto365.com\/hu\/jegyeket-vesz\/euromillions\/\"]}]},{\"@type\":\"ImageObject\",\"inLanguage\":\"hu\",\"@id\":\"https:\/\/onlinelotto365.com\/hu\/jegyeket-vesz\/euromillions\/#primaryimage\",\"url\":\"https:\/\/redfoxlotto.com\/image?size=8&amp;lottery=euromillions\",\"contentUrl\":\"https:\/\/redfoxlotto.com\/image?size=8&amp;lottery=euromillions\"},{\"@type\":\"BreadcrumbList\",\"@id\":\"https:\/\/onlinelotto365.com\/hu\/jegyeket-vesz\/euromillions\/#breadcrumb\",\"itemListElement\":[{\"@type\":\"ListItem\",\"position\":1,\"name\":\"Home\",\"item\":\"https:\/\/onlinelotto365.com\/hu\/\"},{\"@type\":\"ListItem\",\"position\":2,\"name\":\"Most a nagyokr\u00f3l van sz\u00f3: A vil\u00e1g legnagyobb lott\u00f3i\",\"item\":\"https:\/\/onlinelotto365.com\/hu\/jegyeket-vesz\/\"},{\"@type\":\"ListItem\",\"position\":3,\"name\":\"Szerezze meg Euromillions szelv\u00e9ny\u00e9t online\"}]},{\"@type\":\"WebSite\",\"@id\":\"https:\/\/onlinelotto365.com\/hu\/#website\",\"url\":\"https:\/\/onlinelotto365.com\/hu\/\",\"name\":\"OnlineLotto365\",\"description\":\"\",\"potentialAction\":[{\"@type\":\"SearchAction\",\"target\":{\"@type\":\"EntryPoint\",\"urlTemplate\":\"https:\/\/onlinelotto365.com\/hu\/?s={search_term_string}\"},\"query-input\":{\"@type\":\"PropertyValueSpecification\",\"valueRequired\":true,\"valueName\":\"search_term_string\"}}],\"inLanguage\":\"hu\"}]}<\/script>\n<!-- \/ Yoast SEO plugin. -->","yoast_head_json":{"title":"V\u00e1s\u00e1roljon online jegyeket az Euromillions-ra Magyarorsz\u00e1gr\u00f3l | Euromilli\u00f3k inform\u00e1ci\u00f3, hogyan lehet jegyet v\u00e1s\u00e1rolni","description":"Szerezzen szelv\u00e9nyeket online az Euromillions lott\u00f3ra, ak\u00e1r Eur\u00f3p\u00e1n k\u00edv\u00fcli r\u0151l is! J\u00e1tsszon a nemzetk\u00f6zi lott\u00f3kon!","robots":{"index":"index","follow":"follow","max-snippet":"max-snippet:-1","max-image-preview":"max-image-preview:large","max-video-preview":"max-video-preview:-1"},"canonical":"https:\/\/onlinelotto365.com\/hu\/jegyeket-vesz\/euromillions\/","og_locale":"hu_HU","og_type":"article","og_title":"V\u00e1s\u00e1roljon online jegyeket az Euromillions-ra Magyarorsz\u00e1gr\u00f3l | Euromilli\u00f3k inform\u00e1ci\u00f3, hogyan lehet jegyet v\u00e1s\u00e1rolni","og_description":"Szerezzen szelv\u00e9nyeket online az Euromillions lott\u00f3ra, ak\u00e1r Eur\u00f3p\u00e1n k\u00edv\u00fcli r\u0151l is! J\u00e1tsszon a nemzetk\u00f6zi lott\u00f3kon!","og_url":"https:\/\/onlinelotto365.com\/hu\/jegyeket-vesz\/euromillions\/","og_site_name":"OnlineLotto365","article_modified_time":"2021-03-05T14:01:43+00:00","og_image":[{"url":"https:\/\/redfoxlotto.com\/image?size=8&amp;lottery=euromillions"}],"twitter_card":"summary_large_image","twitter_misc":{"Becs\u00fclt olvas\u00e1si id\u0151":"4 perc"},"schema":{"@context":"https:\/\/schema.org","@graph":[{"@type":"WebPage","@id":"https:\/\/onlinelotto365.com\/hu\/jegyeket-vesz\/euromillions\/","url":"https:\/\/onlinelotto365.com\/hu\/jegyeket-vesz\/euromillions\/","name":"V\u00e1s\u00e1roljon online jegyeket az Euromillions-ra Magyarorsz\u00e1gr\u00f3l | Euromilli\u00f3k inform\u00e1ci\u00f3, hogyan lehet jegyet v\u00e1s\u00e1rolni","isPartOf":{"@id":"https:\/\/onlinelotto365.com\/hu\/#website"},"primaryImageOfPage":{"@id":"https:\/\/onlinelotto365.com\/hu\/jegyeket-vesz\/euromillions\/#primaryimage"},"image":{"@id":"https:\/\/onlinelotto365.com\/hu\/jegyeket-vesz\/euromillions\/#primaryimage"},"thumbnailUrl":"https:\/\/redfoxlotto.com\/image?size=8&amp;lottery=euromillions","datePublished":"2020-12-18T08:44:13+00:00","dateModified":"2021-03-05T14:01:43+00:00","description":"Szerezzen szelv\u00e9nyeket online az Euromillions lott\u00f3ra, ak\u00e1r Eur\u00f3p\u00e1n k\u00edv\u00fcli r\u0151l is! J\u00e1tsszon a nemzetk\u00f6zi lott\u00f3kon!","breadcrumb":{"@id":"https:\/\/onlinelotto365.com\/hu\/jegyeket-vesz\/euromillions\/#breadcrumb"},"inLanguage":"hu","potentialAction":[{"@type":"ReadAction","target":["https:\/\/onlinelotto365.com\/hu\/jegyeket-vesz\/euromillions\/"]}]},{"@type":"ImageObject","inLanguage":"hu","@id":"https:\/\/onlinelotto365.com\/hu\/jegyeket-vesz\/euromillions\/#primaryimage","url":"https:\/\/redfoxlotto.com\/image?size=8&amp;lottery=euromillions","contentUrl":"https:\/\/redfoxlotto.com\/image?size=8&amp;lottery=euromillions"},{"@type":"BreadcrumbList","@id":"https:\/\/onlinelotto365.com\/hu\/jegyeket-vesz\/euromillions\/#breadcrumb","itemListElement":[{"@type":"ListItem","position":1,"name":"Home","item":"https:\/\/onlinelotto365.com\/hu\/"},{"@type":"ListItem","position":2,"name":"Most a nagyokr\u00f3l van sz\u00f3: A vil\u00e1g legnagyobb lott\u00f3i","item":"https:\/\/onlinelotto365.com\/hu\/jegyeket-vesz\/"},{"@type":"ListItem","position":3,"name":"Szerezze meg Euromillions szelv\u00e9ny\u00e9t online"}]},{"@type":"WebSite","@id":"https:\/\/onlinelotto365.com\/hu\/#website","url":"https:\/\/onlinelotto365.com\/hu\/","name":"OnlineLotto365","description":"","potentialAction":[{"@type":"SearchAction","target":{"@type":"EntryPoint","urlTemplate":"https:\/\/onlinelotto365.com\/hu\/?s={search_term_string}"},"query-input":{"@type":"PropertyValueSpecification","valueRequired":true,"valueName":"search_term_string"}}],"inLanguage":"hu"}]}},"_links":{"self":[{"href":"https:\/\/onlinelotto365.com\/hu\/wp-json\/wp\/v2\/pages\/10963","targetHints":{"allow":["GET"]}}],"collection":[{"href":"https:\/\/onlinelotto365.com\/hu\/wp-json\/wp\/v2\/pages"}],"about":[{"href":"https:\/\/onlinelotto365.com\/hu\/wp-json\/wp\/v2\/types\/page"}],"author":[{"embeddable":true,"href":"https:\/\/onlinelotto365.com\/hu\/wp-json\/wp\/v2\/users\/1"}],"replies":[{"embeddable":true,"href":"https:\/\/onlinelotto365.com\/hu\/wp-json\/wp\/v2\/comments?post=10963"}],"version-history":[{"count":0,"href":"https:\/\/onlinelotto365.com\/hu\/wp-json\/wp\/v2\/pages\/10963\/revisions"}],"up":[{"embeddable":true,"href":"https:\/\/onlinelotto365.com\/hu\/wp-json\/wp\/v2\/pages\/5637"}],"wp:attachment":[{"href":"https:\/\/onlinelotto365.com\/hu\/wp-json\/wp\/v2\/media?parent=10963"}],"curies":[{"name":"wp","href":"https:\/\/api.w.org\/{rel}","templated":true}]}}