{"id":10965,"date":"2020-12-18T09:46:01","date_gmt":"2020-12-18T08:46:01","guid":{"rendered":"http:\/\/onlinelotto365.net\/?page_id=10965"},"modified":"2021-03-05T15:04:46","modified_gmt":"2021-03-05T14:04:46","slug":"eurojackpot","status":"publish","type":"page","link":"https:\/\/onlinelotto365.com\/hu\/jegyeket-vesz\/eurojackpot\/","title":{"rendered":"R\u00e9szt vehetek az Eurojackpot-ban online?"},"content":{"rendered":"<p>Ha valamilyen okb\u00f3l nem tud a helyi lott\u00f3z\u00f3ban j\u00e1tszani az Eurojackpot-on, akkor is meg van a lehet\u0151s\u00e9ge az online lott\u00f3z\u00e1sra.<\/p>\n<p>Ez a dolgoz\u00f3ink nemzetk\u00f6zi h\u00e1l\u00f3zat\u00e1nak k\u00f6sz\u00f6nhet\u0151, akik megveszik az \u00fcgyfelek sz\u00e1m\u00e1ra a szelv\u00e9nyeket.A v\u00e1s\u00e1rolt szelv\u00e9nyeket bankk\u00e1rty\u00e1val \u00e9s sz\u00e1mos egy\u00e9b m\u00f3don is ki lehet fizetni, ut\u00e1na pedig visszaigazol\u00f3 e-mailt k\u00fcld\u00fcnk a szelv\u00e9nyr\u0151l, amely \u00edgy \u00e9rv\u00e9nyes lesz a k\u00f6vetkez\u0151 sorsol\u00e1sra.<\/p>\n<p><a href=\"https:\/\/redfoxlotto.com\/play\/eurojackpot\/?ref=a8564250a2&amp;medium=ol365\" target=\"_blank\" rel=\"noopener noreferrer\"><img decoding=\"async\" class=\"aligncenter\" src=\"https:\/\/redfoxlotto.com\/image?size=8&amp;lottery=eurojackpot\" alt=\"eurojackpot\" \/><\/a><\/p>\n<p>A r\u00e9szv\u00e9tel az Eurojackpot-ban \u00e9s a tov\u00e1bbi t\u00f6bb, mint 20 lott\u00f3ban online teljesen leg\u00e1lis \u00e9s amikor megvette a szelv\u00e9nyt, \u00f6nnek joga van be is gy\u0171jteni az esetleges nyerem\u00e9nyt. A 600 doll\u00e1rn\u00e1l kisebb nyerem\u00e9nyek egyb\u0151l j\u00f3v\u00e1\u00edr\u00e1sra ker\u00fclnek a RedFoxLotto sz\u00e1ml\u00e1j\u00e1n, a nagyobb nyerem\u00e9nyek eset\u00e9ben eltarthat p\u00e1r napig, am\u00edg megszerezz\u00fck \u00f6nnek a nyerem\u00e9ny\u00e9t.<\/p>\n<p>A j\u00e1t\u00e9kok jelenlegi f\u0151nyerem\u00e9nyei jobb oldalon l\u00e1that\u00f3ak, vagy a sz\u00f6veg alatt, ha mobilon n\u00e9zi.<\/p>\n<p>&nbsp;<\/p>\n<h2>Tov\u00e1bbi inform\u00e1ci\u00f3 az Eurojackpotr\u00f3l<\/h2>\n<ul>\n<li>Orsz\u00e1g: k\u00fcl\u00f6nf\u00e9le eur\u00f3pai orsz\u00e1gok <img decoding=\"async\" class=\"alignright wp-image-1246\" src=\"https:\/\/onlinelotto365.com\/wp-content\/uploads\/2020\/11\/online_lottery-106.jpg\" alt=\" v\u00e1s\u00e1roljon eurjackpotot online \" width=\" 302 \" height=\" 181 \" \/><\/li>\n<li>F\u0151 sz\u00e1mtartom\u00e1ny: 50<\/li>\n<li>\u00d6n v\u00e1lasztja: 5<\/li>\n<li>Extra sz\u00e1mtartom\u00e1ny: 10<\/li>\n<li>\u00d6n v\u00e1lasztja: 2<\/li>\n<li>Napok, \u00f3r\u00e1k rajzol\u00e1sa: p\u00e9ntek, CET 21:00<\/li>\n<li>Minim\u00e1lis jackpot: 10 milli\u00f3 eur\u00f3<\/li>\n<li>Maxim\u00e1lis jackpot: 90 milli\u00f3 eur\u00f3<\/li>\n<li>A jackpot megnyer\u00e9s\u00e9nek val\u00f3sz\u00edn\u0171s\u00e9ge: 1 a 135.600.640-ben<\/li>\n<li>A 2. szint\u0171 gy\u0151zelem val\u00f3sz\u00edn\u0171s\u00e9ge: 1 a 2.118.760-ban<\/li>\n<li>B\u00e1rmelyik szint megnyer\u00e9s\u00e9nek val\u00f3sz\u00edn\u0171s\u00e9ge: 1 26,39-b\u0151l<\/li>\n<li>Nyerem\u00e9nyszintek sz\u00e1ma: 12<\/li>\n<\/ul>\n<h2>Hogyan m\u0171k\u00f6dik az Eurojackpot?<\/h2>\n<p>Ez a lott\u00f3 t\u00f6bb eur\u00f3pai orsz\u00e1gban is el\u00e9rhet\u0151 (N\u00e9metorsz\u00e1g, Spanyolorsz\u00e1g, Olaszorsz\u00e1g, Hollandia, \u00c9sztorsz\u00e1g, Finnorsz\u00e1g, D\u00e1nia, Izland, Horv\u00e1torsz\u00e1g, Magyarorsz\u00e1g, Lettorsz\u00e1g, Litv\u00e1nia, Norv\u00e9gia, Lengyelorsz\u00e1g, Sv\u00e9dorsz\u00e1g, Szlov\u00e1kia, Szlov\u00e9nia, Csehorsz\u00e1g). Ha nem ezekben az orsz\u00e1gokban lakik, akkor csak a RedFoxLotto oldal\u00e1n van lehet\u0151s\u00e9ge j\u00e1tszani.<\/p>\n<p>A jackpot mindig legal\u00e1bb 10 milli\u00f3 eur\u00f3n\u00e1l kezd\u0151dik. 5 sz\u00e1mik kell kiv\u00e1lasztani 1 \u00e9s 50 k\u00f6z\u00f6tt, valamint 2 m\u00e1sik sz\u00e1mot 1 \u00e9s 10 k\u00f6z\u00f6tt. A f\u0151nyerem\u00e9ny 5+2 tal\u00e1lat eset\u00e9n vihet\u0151 el. Ha a jackpot el\u00e9ri a 90 milli\u00f3 eur\u00f3t, akkor a t\u00f6bblet a m\u00e1sodik kateg\u00f3ri\u00e1ba ker\u00fcl \u00e1t. Ez megn\u00f6veli az 5+1 tal\u00e1lat eset\u00e9n nyerhet\u0151 \u00f6sszeget. A 90 milli\u00f3s nyerem\u00e9ny pedig j\u00e1t\u00e9kban marad, am\u00edg valaki el nem nyeri.<\/p>\n<p>Mindeddig a f\u0151nyerem\u00e9nyt t\u00f6bbnyire egy j\u00e1t\u00e9kos vitte el, a nyerem\u00e9ny megoszt\u00e1sa viszonylag ritk\u00e1n fordul el\u0151.<br \/>\nA jackpotra val\u00f3 es\u00e9ly 1 a 95 milli\u00f3hpz, ami nagy sz\u00e1m, de m\u00e9g \u00edgy is sokkal jobb es\u00e9ly, mint a nagy amerikai lott\u00f3k eset\u00e9ben, mint p\u00e9ld\u00e1ul a Powerball vagy a MegaMillions.<\/p>\n<p>Szerezze meg EuroJackpot szelv\u00e9nyeit \u00e9s nyerje meg a f\u0151nyerem\u00e9nyt, ami \u00f6nre v\u00e1r!<\/p>\n","protected":false},"excerpt":{"rendered":"<p>Ha valamilyen okb\u00f3l nem tud a helyi lott\u00f3z\u00f3ban j\u00e1tszani az Eurojackpot-on, akkor is meg van a lehet\u0151s\u00e9ge az online lott\u00f3z\u00e1sra. Ez a dolgoz\u00f3ink nemzetk\u00f6zi h\u00e1l\u00f3zat\u00e1nak k\u00f6sz\u00f6nhet\u0151, akik megveszik az \u00fcgyfelek sz\u00e1m\u00e1ra a szelv\u00e9nyeket.A v\u00e1s\u00e1rolt szelv\u00e9nyeket bankk\u00e1rty\u00e1val \u00e9s sz\u00e1mos egy\u00e9b m\u00f3don is ki lehet fizetni, ut\u00e1na pedig visszaigazol\u00f3 e-mailt k\u00fcld\u00fcnk a szelv\u00e9nyr\u0151l, amely \u00edgy \u00e9rv\u00e9nyes lesz [&hellip;]<\/p>\n","protected":false},"author":1,"featured_media":0,"parent":5637,"menu_order":4,"comment_status":"closed","ping_status":"closed","template":"eurojackpot-info.php","meta":{"_et_pb_use_builder":"","_et_pb_old_content":"","_et_gb_content_width":"","exclude_from_search":false,"footnotes":""},"class_list":["post-10965","page","type-page","status-publish","hentry"],"yoast_head":"<!-- This site is optimized with the Yoast SEO plugin v23.4 - https:\/\/yoast.com\/wordpress\/plugins\/seo\/ -->\n<title>R\u00e9szt vehetek az Eurojackpot-ban online? | Eurojackpot online<\/title>\n<meta name=\"description\" content=\"Megmutatjuk, hogyan vehet r\u00e9szt az Eurojackpot-ban, b\u00e1rhonnan\" \/>\n<meta name=\"robots\" content=\"index, follow, max-snippet:-1, max-image-preview:large, max-video-preview:-1\" \/>\n<link rel=\"canonical\" href=\"https:\/\/onlinelotto365.com\/hu\/jegyeket-vesz\/eurojackpot\/\" \/>\n<meta property=\"og:locale\" content=\"hu_HU\" \/>\n<meta property=\"og:type\" content=\"article\" \/>\n<meta property=\"og:title\" content=\"R\u00e9szt vehetek az Eurojackpot-ban online? | Eurojackpot online\" \/>\n<meta property=\"og:description\" content=\"Megmutatjuk, hogyan vehet r\u00e9szt az Eurojackpot-ban, b\u00e1rhonnan\" \/>\n<meta property=\"og:url\" content=\"https:\/\/onlinelotto365.com\/hu\/jegyeket-vesz\/eurojackpot\/\" \/>\n<meta property=\"og:site_name\" content=\"OnlineLotto365\" \/>\n<meta property=\"article:modified_time\" content=\"2021-03-05T14:04:46+00:00\" \/>\n<meta property=\"og:image\" content=\"https:\/\/redfoxlotto.com\/image?size=8&amp;lottery=eurojackpot\" \/>\n<meta name=\"twitter:card\" content=\"summary_large_image\" \/>\n<meta name=\"twitter:label1\" content=\"Becs\u00fclt olvas\u00e1si id\u0151\" \/>\n\t<meta name=\"twitter:data1\" content=\"2 perc\" \/>\n<script type=\"application\/ld+json\" class=\"yoast-schema-graph\">{\"@context\":\"https:\/\/schema.org\",\"@graph\":[{\"@type\":\"WebPage\",\"@id\":\"https:\/\/onlinelotto365.com\/hu\/jegyeket-vesz\/eurojackpot\/\",\"url\":\"https:\/\/onlinelotto365.com\/hu\/jegyeket-vesz\/eurojackpot\/\",\"name\":\"R\u00e9szt vehetek az Eurojackpot-ban online? | Eurojackpot online\",\"isPartOf\":{\"@id\":\"https:\/\/onlinelotto365.com\/hu\/#website\"},\"primaryImageOfPage\":{\"@id\":\"https:\/\/onlinelotto365.com\/hu\/jegyeket-vesz\/eurojackpot\/#primaryimage\"},\"image\":{\"@id\":\"https:\/\/onlinelotto365.com\/hu\/jegyeket-vesz\/eurojackpot\/#primaryimage\"},\"thumbnailUrl\":\"https:\/\/redfoxlotto.com\/image?size=8&amp;lottery=eurojackpot\",\"datePublished\":\"2020-12-18T08:46:01+00:00\",\"dateModified\":\"2021-03-05T14:04:46+00:00\",\"description\":\"Megmutatjuk, hogyan vehet r\u00e9szt az Eurojackpot-ban, b\u00e1rhonnan\",\"breadcrumb\":{\"@id\":\"https:\/\/onlinelotto365.com\/hu\/jegyeket-vesz\/eurojackpot\/#breadcrumb\"},\"inLanguage\":\"hu\",\"potentialAction\":[{\"@type\":\"ReadAction\",\"target\":[\"https:\/\/onlinelotto365.com\/hu\/jegyeket-vesz\/eurojackpot\/\"]}]},{\"@type\":\"ImageObject\",\"inLanguage\":\"hu\",\"@id\":\"https:\/\/onlinelotto365.com\/hu\/jegyeket-vesz\/eurojackpot\/#primaryimage\",\"url\":\"https:\/\/redfoxlotto.com\/image?size=8&amp;lottery=eurojackpot\",\"contentUrl\":\"https:\/\/redfoxlotto.com\/image?size=8&amp;lottery=eurojackpot\"},{\"@type\":\"BreadcrumbList\",\"@id\":\"https:\/\/onlinelotto365.com\/hu\/jegyeket-vesz\/eurojackpot\/#breadcrumb\",\"itemListElement\":[{\"@type\":\"ListItem\",\"position\":1,\"name\":\"Home\",\"item\":\"https:\/\/onlinelotto365.com\/hu\/\"},{\"@type\":\"ListItem\",\"position\":2,\"name\":\"Most a nagyokr\u00f3l van sz\u00f3: A vil\u00e1g legnagyobb lott\u00f3i\",\"item\":\"https:\/\/onlinelotto365.com\/hu\/jegyeket-vesz\/\"},{\"@type\":\"ListItem\",\"position\":3,\"name\":\"R\u00e9szt vehetek az Eurojackpot-ban online?\"}]},{\"@type\":\"WebSite\",\"@id\":\"https:\/\/onlinelotto365.com\/hu\/#website\",\"url\":\"https:\/\/onlinelotto365.com\/hu\/\",\"name\":\"OnlineLotto365\",\"description\":\"\",\"potentialAction\":[{\"@type\":\"SearchAction\",\"target\":{\"@type\":\"EntryPoint\",\"urlTemplate\":\"https:\/\/onlinelotto365.com\/hu\/?s={search_term_string}\"},\"query-input\":{\"@type\":\"PropertyValueSpecification\",\"valueRequired\":true,\"valueName\":\"search_term_string\"}}],\"inLanguage\":\"hu\"}]}<\/script>\n<!-- \/ Yoast SEO plugin. -->","yoast_head_json":{"title":"R\u00e9szt vehetek az Eurojackpot-ban online? | Eurojackpot online","description":"Megmutatjuk, hogyan vehet r\u00e9szt az Eurojackpot-ban, b\u00e1rhonnan","robots":{"index":"index","follow":"follow","max-snippet":"max-snippet:-1","max-image-preview":"max-image-preview:large","max-video-preview":"max-video-preview:-1"},"canonical":"https:\/\/onlinelotto365.com\/hu\/jegyeket-vesz\/eurojackpot\/","og_locale":"hu_HU","og_type":"article","og_title":"R\u00e9szt vehetek az Eurojackpot-ban online? | Eurojackpot online","og_description":"Megmutatjuk, hogyan vehet r\u00e9szt az Eurojackpot-ban, b\u00e1rhonnan","og_url":"https:\/\/onlinelotto365.com\/hu\/jegyeket-vesz\/eurojackpot\/","og_site_name":"OnlineLotto365","article_modified_time":"2021-03-05T14:04:46+00:00","og_image":[{"url":"https:\/\/redfoxlotto.com\/image?size=8&amp;lottery=eurojackpot"}],"twitter_card":"summary_large_image","twitter_misc":{"Becs\u00fclt olvas\u00e1si id\u0151":"2 perc"},"schema":{"@context":"https:\/\/schema.org","@graph":[{"@type":"WebPage","@id":"https:\/\/onlinelotto365.com\/hu\/jegyeket-vesz\/eurojackpot\/","url":"https:\/\/onlinelotto365.com\/hu\/jegyeket-vesz\/eurojackpot\/","name":"R\u00e9szt vehetek az Eurojackpot-ban online? | Eurojackpot online","isPartOf":{"@id":"https:\/\/onlinelotto365.com\/hu\/#website"},"primaryImageOfPage":{"@id":"https:\/\/onlinelotto365.com\/hu\/jegyeket-vesz\/eurojackpot\/#primaryimage"},"image":{"@id":"https:\/\/onlinelotto365.com\/hu\/jegyeket-vesz\/eurojackpot\/#primaryimage"},"thumbnailUrl":"https:\/\/redfoxlotto.com\/image?size=8&amp;lottery=eurojackpot","datePublished":"2020-12-18T08:46:01+00:00","dateModified":"2021-03-05T14:04:46+00:00","description":"Megmutatjuk, hogyan vehet r\u00e9szt az Eurojackpot-ban, b\u00e1rhonnan","breadcrumb":{"@id":"https:\/\/onlinelotto365.com\/hu\/jegyeket-vesz\/eurojackpot\/#breadcrumb"},"inLanguage":"hu","potentialAction":[{"@type":"ReadAction","target":["https:\/\/onlinelotto365.com\/hu\/jegyeket-vesz\/eurojackpot\/"]}]},{"@type":"ImageObject","inLanguage":"hu","@id":"https:\/\/onlinelotto365.com\/hu\/jegyeket-vesz\/eurojackpot\/#primaryimage","url":"https:\/\/redfoxlotto.com\/image?size=8&amp;lottery=eurojackpot","contentUrl":"https:\/\/redfoxlotto.com\/image?size=8&amp;lottery=eurojackpot"},{"@type":"BreadcrumbList","@id":"https:\/\/onlinelotto365.com\/hu\/jegyeket-vesz\/eurojackpot\/#breadcrumb","itemListElement":[{"@type":"ListItem","position":1,"name":"Home","item":"https:\/\/onlinelotto365.com\/hu\/"},{"@type":"ListItem","position":2,"name":"Most a nagyokr\u00f3l van sz\u00f3: A vil\u00e1g legnagyobb lott\u00f3i","item":"https:\/\/onlinelotto365.com\/hu\/jegyeket-vesz\/"},{"@type":"ListItem","position":3,"name":"R\u00e9szt vehetek az Eurojackpot-ban online?"}]},{"@type":"WebSite","@id":"https:\/\/onlinelotto365.com\/hu\/#website","url":"https:\/\/onlinelotto365.com\/hu\/","name":"OnlineLotto365","description":"","potentialAction":[{"@type":"SearchAction","target":{"@type":"EntryPoint","urlTemplate":"https:\/\/onlinelotto365.com\/hu\/?s={search_term_string}"},"query-input":{"@type":"PropertyValueSpecification","valueRequired":true,"valueName":"search_term_string"}}],"inLanguage":"hu"}]}},"_links":{"self":[{"href":"https:\/\/onlinelotto365.com\/hu\/wp-json\/wp\/v2\/pages\/10965","targetHints":{"allow":["GET"]}}],"collection":[{"href":"https:\/\/onlinelotto365.com\/hu\/wp-json\/wp\/v2\/pages"}],"about":[{"href":"https:\/\/onlinelotto365.com\/hu\/wp-json\/wp\/v2\/types\/page"}],"author":[{"embeddable":true,"href":"https:\/\/onlinelotto365.com\/hu\/wp-json\/wp\/v2\/users\/1"}],"replies":[{"embeddable":true,"href":"https:\/\/onlinelotto365.com\/hu\/wp-json\/wp\/v2\/comments?post=10965"}],"version-history":[{"count":0,"href":"https:\/\/onlinelotto365.com\/hu\/wp-json\/wp\/v2\/pages\/10965\/revisions"}],"up":[{"embeddable":true,"href":"https:\/\/onlinelotto365.com\/hu\/wp-json\/wp\/v2\/pages\/5637"}],"wp:attachment":[{"href":"https:\/\/onlinelotto365.com\/hu\/wp-json\/wp\/v2\/media?parent=10965"}],"curies":[{"name":"wp","href":"https:\/\/api.w.org\/{rel}","templated":true}]}}