{"id":4477,"date":"2020-11-30T12:00:57","date_gmt":"2020-11-30T11:00:57","guid":{"rendered":"http:\/\/onlinelotto365.net\/udvozoljuk-az-onlinelotto365-oldalon"},"modified":"2023-10-04T09:14:17","modified_gmt":"2023-10-04T08:14:17","slug":"udvozoljuk-az-onlinelotto365-oldalon","status":"publish","type":"page","link":"https:\/\/onlinelotto365.com\/hu\/","title":{"rendered":"\u00dcdv\u00f6z\u00f6lj\u00fck az OnlineLotto365-n\u00e9l!"},"content":{"rendered":"<p>Nem sokkal ezel\u0151ttig, mi lott\u00f3 rajong\u00f3k csak a saj\u00e1t orsz\u00e1gunkban vagy t\u00e9rs\u00e9g\u00fcnkben lott\u00f3zhattunk. Hallottunk ezekr\u0151l a nagy \u00e9s izgalmas nyerem\u00e9nyekr\u0151l m\u00e1s helyeken, ahol t\u00f6bb t\u00edz vagy ak\u00e1r sz\u00e1zmilli\u00f3 doll\u00e1ros vagy eur\u00f3s vagy ezekkel egyen\u00e9rt\u00e9k\u0171 \u00f6sszeg volt a t\u00e9t \u00e9s azt k\u00edv\u00e1ntuk, b\u00e1rcsak ezen a helyen lakn\u00e1nk, hogy megvehess\u00fck a szelv\u00e9nyeket ezekhez a nagy lott\u00f3 aranyb\u00e1ny\u00e1khoz.<\/p>\n<p>Tudom, hogy hozz\u00e1m hasonl\u00f3an azt k\u00edv\u00e1nta b\u00e1rcsak \u00f6n is r\u00e9sztvehetne ebben. Nem tudtunk azonban j\u00e1tszni sem, nemhogy nyerni.<\/p>\n<p>Nos ez hamarosan megv\u00e1ltozik. Most, az \u00faj online lott\u00f3 szelv\u00e9ny szolg\u00e1latunkkal egy\u00e1ltal\u00e1n nem sz\u00e1m\u00edt, hogy abban az orsz\u00e1gban \u00e9l e, amelyikben a lott\u00f3t sorsolj\u00e1k.<br \/>\n<a href=\"https:\/\/redfoxlotto.com\/?ref=a8564250a2&amp;medium=ol365\" target=\"_blank\" rel=\"noopener noreferrer\"><img loading=\"lazy\" decoding=\"async\" class=\"aligncenter\" src=\"https:\/\/redfoxlotto.com\/image?size=8&amp;lottery=mega-millions\" alt=\"Mega Millions\" width=\"728\" height=\"90\" \/><\/a><\/p>\n<h2>Most online rendeljen lott\u00f3 szelv\u00e9nyeket<\/h2>\n<p>Ezek nem a j\u00f3l ismert r\u00e9gi id\u0151k, az internet az eg\u00e9sz vil\u00e1got megnyitotta, ahol b\u00e1rmi \u00e9s ak\u00e1rmi online el\u00e9rhet\u0151. Teh\u00e1t mi\u00e9rt ne f\u00e9rhetne hozz\u00e1 minden nagy lott\u00f3 nyerem\u00e9nyhez, ami el\u00e9rhet\u0151? Ez egy olyan \u00f6tlet, akinek az ideje hat\u00e1rozottan el\u00e9rkezett \u00e9s a v\u00e1rakoz\u00e1snak ezzel v\u00e9ge.<\/p>\n<p>Mindehhez az online hozz\u00e1f\u00e9r\u00e9st olyan egyszer\u0171v\u00e9 tett\u00fck, amennyire csak lehets\u00e9ges volt. Mind\u00f6ssze annyit kell tennie, hogy r\u00e1kattint az egyik lott\u00f3ra \u00e9s azonnal hozz\u00e1f\u00e9r\u00e9st nyer annyi sok hatalmas nyerem\u00e9nyhez. Ezut\u00e1n annyit kell tennie, hogy k\u00f6veti az egyszer\u0171 \u00fatmutat\u00e1sokat, amelyekkel ell\u00e1tjuk, kiv\u00e1lasztja a sz\u00e1mokat \u00e9s megv\u00e1s\u00e1rolja a szelv\u00e9ny\u00e9t.<\/p>\n<h2>Biztons\u00e1gos fizet\u00e9s az online lott\u00f3n\u00e1l<\/h2>\n<p>Ez a nagyszer\u0171 \u00faj szolg\u00e1ltat\u00e1s sz\u00e1mos k\u00e9nyelmes online fizet\u00e9si lehet\u0151s\u00e9get biztos\u00edt egy 100%-ig biztons\u00e1gos, cs\u00facs technol\u00f3gi\u00e1j\u00fa p\u00e9nzfeldolgoz\u00f3val. Amint megv\u00e1s\u00e1rolta a szelv\u00e9nyeket, emailen elk\u00fcldik \u00f6nnek a meger\u0151s\u00edt\u00e9st \u00e9s a szelv\u00e9ny\u00e9t l\u00e1tni fogja az \u00fcgyf\u00e9l fi\u00f3kj\u00e1ban. Ingyenes seg\u00edts\u00e9get is ny\u00fajtunk a nyerem\u00e9nyei begy\u0171jt\u00e9s\u00e9ben, ez olyasmi amire sz\u00fcks\u00e9ge lesz, mivel nem abban az orsz\u00e1gban \u00e9l, ahol a lott\u00f3t sorsolj\u00e1k. Nem kell agg\u00f3dnunk semmi miatt, mivel mindent elint\u00e9z\u00fcnk az \u00fcgyfeleinknek.<\/p>\n<h2>Min\u00e9l nagyobb a nyerem\u00e9ny, ann\u00e1l jobbak az es\u00e9lyei<\/h2>\n<p>Nem titok, hogy a lott\u00f3z\u00e1s \u00e9rt\u00e9ke jelent\u0151sen megn\u0151, amikor a nyerem\u00e9nyek is megn\u0151nek. \u00cdgy ha megrekedt ann\u00e1l, hogy az orsz\u00e1gunkban v\u00e1rnia kell a nagy lott\u00f3ra, akkor t\u00f6bbnyire csak v\u00e1rakozni fog. Persze, att\u00f3l m\u00e9g nagyon sz\u00f3rakoztat\u00f3 a kis nyerem\u00e9nyek\u00e9rt j\u00e1tszani, de ez semmiben sem hasonl\u00edt arra, amikor online j\u00e1tszik a nagyokon. Nem csak arr\u00f3l van sz\u00f3, hogy sokkal sz\u00f3rakoztat\u00f3bb ha elk\u00e9pzelj\u00fck azt, hogy menyerj\u00fck az egyik ilyen hatalmas nyerem\u00e9nyt, amivel m\u00e1sokat elhalmoznak, de az es\u00e9lyek sokkal ink\u00e1bb \u00e1llnak mellett\u00fcnk a nagyokn\u00e1l.<\/p>\n<p>Most hozz\u00e1f\u00e9rhet az \u00f6sszes nagyhoz bele\u00e9rtve az USA-beli Powerball-t \u00e9s Mega Millions-t, a spanyol El Gordo-t, az olasz Superenalotto-t, az EuroMillions-t, az Eurojackpotot, az angol lott\u00f3t, a k\u00fcl\u00f6nf\u00e9le ausztr\u00e1l lott\u00f3kat \u00e9s sokkal sokkal t\u00f6bbet is.<\/p>\n<p>M\u00e9g akkor is ha csak rendszertelen lott\u00f3 rajong\u00f3, mi\u00e9rt korl\u00e1tozn\u00e1 mag\u00e1t csak azokra, amelyekhez egy b\u00f3d\u00e9ban meg tudja venni a szelv\u00e9ny\u00e9t, amikor ezen a nagyszer\u0171 online lott\u00f3 szolg\u00e1laton kereszt\u00fcl az eg\u00e9sz vil\u00e1gra kiterjesztheti a l\u00e1t\u00f3ter\u00e9t? Megint csak, mindezt egy \u00f6sszeg\u00e9rt biztos\u00edtj\u00e1k sz\u00e1munkra, de semennyit nem vonnak le a nyerem\u00e9ny\u00fcnkb\u0151l.<\/p>\n<h2>A t\u00f6rt\u00e9nelem legnagyobb fizet\u00e9sei<\/h2>\n<p><img loading=\"lazy\" decoding=\"async\" class=\" wp-image-1840 alignright\" src=\"https:\/\/onlinelotto365.com\/wp-content\/uploads\/2023\/10\/online_lottery-164-300x250-1.jpg\" alt=\"lott\u00f3 online szolg\u00e1ltat\u00e1s\" width=\"250\" height=\"200\" \/><br \/>\n\u00cdme a legnagyobb elnyert nyerem\u00e9nyek list\u00e1ja az elm\u00falt n\u00e9h\u00e1ny \u00e9vb\u0151l. Nem meglep\u0151, hogy mind az USA-ban t\u00f6rt\u00e9nt. A nagy USA-beli Powerball \u00e9s Mega Millions lott\u00f3 rendszeresen hatalmas kifizet\u00e9st gener\u00e1l. Teh\u00e1t nem meglep\u0151, hogy a legt\u00f6bb online szelv\u00e9ny v\u00e1s\u00e1rl\u00e1s a Powerball-ra \u00e9s a Mega Millions-ra t\u00f6rt\u00e9nik.<\/p>\n<ul>\n<li>1568 milli\u00f3 doll\u00e1ros Powerball nyerem\u00e9nyt 2016 janu\u00e1r 13-\u00e9n nyert\u00e9k meg. A nyerem\u00e9ny 3 nyertes k\u00f6z\u00f6tt oszlott meg.<\/li>\n<li>1537 milli\u00f3 doll\u00e1ros Mega Millions nyerem\u00e9nyt egy nyertes vitte el 2018 okt\u00f3bar 23-\u00e1n<\/li>\n<li>1000 milli\u00f3 doll\u00e1ros Mega Millions nyerem\u00e9nyt egy nyertes vitte el 2021 janu\u00e1r 22-\u00e9n<\/li>\n<li>768 milli\u00f3 doll\u00e1ros Powerball nyerem\u00e9nyt 2019 m\u00e1rcius 17-\u00e9n nyert\u00e9k meg<\/li>\n<li>758 milli\u00f3 doll\u00e1ros Powerball nyerem\u00e9nyt egy nyertes vitte el 2017 augusztus\u00e1ban<\/li>\n<li>730 milli\u00f3 doll\u00e1ros Powerball nyerem\u00e9nyt egy nyertes vitte el 2021 janu\u00e1r 20-\u00e1n<\/li>\n<li>687 milli\u00f3 doll\u00e1ros Mega Millions nyerem\u00e9ny h\u00e1rom nyertes k\u00f6z\u00f6tt oszlott meg 2016 m\u00e1rcius\u00e1ban<\/li>\n<\/ul>\n<p>Most es\u00e9lye van nagy nyerem\u00e9nyt elvinni az egyik ilyen lott\u00f3n. K\u00e9sz\u00fclj\u00f6n fel arra, hogy a vil\u00e1g \u00e1ltal ny\u00fajtott legjobbakat \u00e9rhesse el \u00e9s ami m\u00e9g fontosabb, jelent\u0151sen n\u00f6velje online a gazdags\u00e1g elnyer\u00e9s\u00e9nek es\u00e9lyeit!<\/p>\n<h2>A lott\u00f3 evol\u00faci\u00f3ja<\/h2>\n<p><img loading=\"lazy\" decoding=\"async\" class=\" wp-image-1840 alignright\" src=\"https:\/\/onlinelotto365.com\/wp-content\/uploads\/2021\/02\/international-lottery.jpg\" alt=\"nemzetk\u00f6zi lott\u00f3k\" width=\"250\" height=\"200\" \/><br \/>\nA t\u00f6rt\u00e9nelemben az els\u0151 lott\u00f3t \u00fagy t\u0171nik, hogy K\u00edn\u00e1ban tartott\u00e1k \u00e9s m\u00e9g akkor is azokat a lott\u00f3kat t\u00f6bbnyire arra haszn\u00e1lt\u00e1k, hogy nyilv\u00e1nos projekteket t\u00e1mogassanak vel\u00fck. M\u00e9g az is lehet, hogy a K\u00ednai nagy fal is az egyik ilyen projekt volt. Az \u00e9vsz\u00e1zadok sor\u00e1n a lott\u00f3kat t\u00f6bbnyire az \u00e1llam \u00e9s a korm\u00e1nyok enged\u00e9lyezt\u00e9k \u00e9s m\u0171k\u00f6dtett\u00e9k, hogy p\u00e9nzt gy\u0171jtsenek.<\/p>\n<h2>A lott\u00f3 a modern id\u0151kben<\/h2>\n<p>Mivel az internet sokunk sz\u00e1m\u00e1ra k\u00f6nnyebb\u00e9 tette a dolgokat, a legt\u00f6bb nemzeti lott\u00f3 lehet\u0151v\u00e9 tette, hogy online v\u00e1s\u00e1roljon szelv\u00e9nyeket. Azonban a nemzeti lott\u00f3 weboldalakon az online lott\u00f3 szelv\u00e9ny v\u00e1s\u00e1rl\u00e1st olyan j\u00e1t\u00e9kosokra korl\u00e1tozt\u00e1k, akik a lott\u00f3 orsz\u00e1g\u00e1b\u00f3l sz\u00e1rmaznak. Ezt a korl\u00e1toz\u00e1st most a lott\u00f3 evol\u00faci\u00f3j\u00e1nak k\u00f6vetkez\u0151 l\u00e9p\u00e9se elt\u00e1vol\u00edtotta.<\/p>\n<h2>T\u00f6bb lott\u00f3 lehet\u0151s\u00e9g jobb es\u00e9lyeket ad \u00f6nnek<\/h2>\n<p>Az mi\u00e9nkhez hasonl\u00f3 online szolg\u00e1ltat\u00e1s m\u00f6g\u00f6tti elk\u00e9pzel\u00e9s az, hogy lehet\u0151v\u00e9 tessz\u00fck a lott\u00f3 rajong\u00f3knak, hogy olyan lott\u00f3kban vegyenek r\u00e9sz, amelyek m\u00e1s fennhat\u00f3s\u00e1g al\u00e1 tartoznak \u00e9s ez volt a k\u00f6vetkez\u0151 logikus l\u00e9p\u00e9s a fejl\u0151d\u00e9sben. Most a lott\u00f3 j\u00e1t\u00e9kosok sz\u00e1mos lott\u00f3 k\u00f6z\u00fcl v\u00e1laszthatnak. Azzal, hogy a jelenleg legmagasabb nyerem\u00e9nyt c\u00e9lozza meg, jelent\u0151sen jav\u00edthat a nyer\u00e9si es\u00e9lyein. Az olyan lott\u00f3kn\u00e1l, mint a Mega Millions, Powerball \u00e9s az Euromillions, a lott\u00f3 jegyek online v\u00e1s\u00e1rl\u00e1si ar\u00e1nya az eg\u00e9sz vil\u00e1gon h\u00f3napr\u00f3l h\u00f3napra n\u0151.<\/p>\n","protected":false},"excerpt":{"rendered":"<p>Nem sokkal ezel\u0151ttig, mi lott\u00f3 rajong\u00f3k csak a saj\u00e1t orsz\u00e1gunkban vagy t\u00e9rs\u00e9g\u00fcnkben lott\u00f3zhattunk. Hallottunk ezekr\u0151l a nagy \u00e9s izgalmas nyerem\u00e9nyekr\u0151l m\u00e1s helyeken, ahol t\u00f6bb t\u00edz vagy ak\u00e1r sz\u00e1zmilli\u00f3 doll\u00e1ros vagy eur\u00f3s vagy ezekkel egyen\u00e9rt\u00e9k\u0171 \u00f6sszeg volt a t\u00e9t \u00e9s azt k\u00edv\u00e1ntuk, b\u00e1rcsak ezen a helyen lakn\u00e1nk, hogy megvehess\u00fck a szelv\u00e9nyeket ezekhez a nagy lott\u00f3 aranyb\u00e1ny\u00e1khoz. [&hellip;]<\/p>\n","protected":false},"author":1,"featured_media":0,"parent":0,"menu_order":1,"comment_status":"closed","ping_status":"closed","template":"lotto.php","meta":{"_et_pb_use_builder":"","_et_pb_old_content":"","_et_gb_content_width":"","exclude_from_search":false,"footnotes":""},"class_list":["post-4477","page","type-page","status-publish","hentry"],"yoast_head":"<!-- This site is optimized with the Yoast SEO plugin v23.4 - https:\/\/yoast.com\/wordpress\/plugins\/seo\/ -->\n<title>Online Lott\u00f3 | A vil\u00e1g \u00f6sszes lott\u00f3 nyerem\u00e9nye online el\u00e9rhet\u0151<\/title>\n<meta name=\"description\" content=\"Online lott\u00f3 szelv\u00e9ny szolg\u00e1ltat\u00e1s minden nemzetk\u00f6zi nyerem\u00e9nyhez. Szerezzen jegyet a vil\u00e1g b\u00e1rmely lott\u00f3 nyerem\u00e9ny\u00e9hez b\u00e1rhol \u00e9ljen is\" \/>\n<meta name=\"robots\" content=\"index, follow, max-snippet:-1, max-image-preview:large, max-video-preview:-1\" \/>\n<link rel=\"canonical\" href=\"https:\/\/onlinelotto365.com\/hu\/\" \/>\n<meta property=\"og:locale\" content=\"hu_HU\" \/>\n<meta property=\"og:type\" content=\"article\" \/>\n<meta property=\"og:title\" content=\"Online Lott\u00f3 | A vil\u00e1g \u00f6sszes lott\u00f3 nyerem\u00e9nye online el\u00e9rhet\u0151\" \/>\n<meta property=\"og:description\" content=\"Online lott\u00f3 szelv\u00e9ny szolg\u00e1ltat\u00e1s minden nemzetk\u00f6zi nyerem\u00e9nyhez. Szerezzen jegyet a vil\u00e1g b\u00e1rmely lott\u00f3 nyerem\u00e9ny\u00e9hez b\u00e1rhol \u00e9ljen is\" \/>\n<meta property=\"og:url\" content=\"https:\/\/onlinelotto365.com\/hu\/\" \/>\n<meta property=\"og:site_name\" content=\"OnlineLotto365\" \/>\n<meta property=\"article:modified_time\" content=\"2023-10-04T08:14:17+00:00\" \/>\n<meta property=\"og:image\" content=\"https:\/\/redfoxlotto.com\/image?size=8&amp;lottery=mega-millions\" \/>\n<meta name=\"twitter:card\" content=\"summary_large_image\" \/>\n<meta name=\"twitter:label1\" content=\"Becs\u00fclt olvas\u00e1si id\u0151\" \/>\n\t<meta name=\"twitter:data1\" content=\"5 perc\" \/>\n<script type=\"application\/ld+json\" class=\"yoast-schema-graph\">{\"@context\":\"https:\/\/schema.org\",\"@graph\":[{\"@type\":\"WebPage\",\"@id\":\"https:\/\/onlinelotto365.com\/hu\/\",\"url\":\"https:\/\/onlinelotto365.com\/hu\/\",\"name\":\"Online Lott\u00f3 | A vil\u00e1g \u00f6sszes lott\u00f3 nyerem\u00e9nye online el\u00e9rhet\u0151\",\"isPartOf\":{\"@id\":\"https:\/\/onlinelotto365.com\/hu\/#website\"},\"primaryImageOfPage\":{\"@id\":\"https:\/\/onlinelotto365.com\/hu\/#primaryimage\"},\"image\":{\"@id\":\"https:\/\/onlinelotto365.com\/hu\/#primaryimage\"},\"thumbnailUrl\":\"https:\/\/redfoxlotto.com\/image?size=8&amp;lottery=mega-millions\",\"datePublished\":\"2020-11-30T11:00:57+00:00\",\"dateModified\":\"2023-10-04T08:14:17+00:00\",\"description\":\"Online lott\u00f3 szelv\u00e9ny szolg\u00e1ltat\u00e1s minden nemzetk\u00f6zi nyerem\u00e9nyhez. Szerezzen jegyet a vil\u00e1g b\u00e1rmely lott\u00f3 nyerem\u00e9ny\u00e9hez b\u00e1rhol \u00e9ljen is\",\"breadcrumb\":{\"@id\":\"https:\/\/onlinelotto365.com\/hu\/#breadcrumb\"},\"inLanguage\":\"hu\",\"potentialAction\":[{\"@type\":\"ReadAction\",\"target\":[\"https:\/\/onlinelotto365.com\/hu\/\"]}]},{\"@type\":\"ImageObject\",\"inLanguage\":\"hu\",\"@id\":\"https:\/\/onlinelotto365.com\/hu\/#primaryimage\",\"url\":\"https:\/\/redfoxlotto.com\/image?size=8&amp;lottery=mega-millions\",\"contentUrl\":\"https:\/\/redfoxlotto.com\/image?size=8&amp;lottery=mega-millions\"},{\"@type\":\"BreadcrumbList\",\"@id\":\"https:\/\/onlinelotto365.com\/hu\/#breadcrumb\",\"itemListElement\":[{\"@type\":\"ListItem\",\"position\":1,\"name\":\"Home\",\"item\":\"https:\/\/onlinelotto365.com\/hu\/\"},{\"@type\":\"ListItem\",\"position\":2,\"name\":\"\u00dcdv\u00f6z\u00f6lj\u00fck az OnlineLotto365-n\u00e9l!\"}]},{\"@type\":\"WebSite\",\"@id\":\"https:\/\/onlinelotto365.com\/hu\/#website\",\"url\":\"https:\/\/onlinelotto365.com\/hu\/\",\"name\":\"OnlineLotto365\",\"description\":\"\",\"potentialAction\":[{\"@type\":\"SearchAction\",\"target\":{\"@type\":\"EntryPoint\",\"urlTemplate\":\"https:\/\/onlinelotto365.com\/hu\/?s={search_term_string}\"},\"query-input\":{\"@type\":\"PropertyValueSpecification\",\"valueRequired\":true,\"valueName\":\"search_term_string\"}}],\"inLanguage\":\"hu\"}]}<\/script>\n<!-- \/ Yoast SEO plugin. -->","yoast_head_json":{"title":"Online Lott\u00f3 | A vil\u00e1g \u00f6sszes lott\u00f3 nyerem\u00e9nye online el\u00e9rhet\u0151","description":"Online lott\u00f3 szelv\u00e9ny szolg\u00e1ltat\u00e1s minden nemzetk\u00f6zi nyerem\u00e9nyhez. Szerezzen jegyet a vil\u00e1g b\u00e1rmely lott\u00f3 nyerem\u00e9ny\u00e9hez b\u00e1rhol \u00e9ljen is","robots":{"index":"index","follow":"follow","max-snippet":"max-snippet:-1","max-image-preview":"max-image-preview:large","max-video-preview":"max-video-preview:-1"},"canonical":"https:\/\/onlinelotto365.com\/hu\/","og_locale":"hu_HU","og_type":"article","og_title":"Online Lott\u00f3 | A vil\u00e1g \u00f6sszes lott\u00f3 nyerem\u00e9nye online el\u00e9rhet\u0151","og_description":"Online lott\u00f3 szelv\u00e9ny szolg\u00e1ltat\u00e1s minden nemzetk\u00f6zi nyerem\u00e9nyhez. Szerezzen jegyet a vil\u00e1g b\u00e1rmely lott\u00f3 nyerem\u00e9ny\u00e9hez b\u00e1rhol \u00e9ljen is","og_url":"https:\/\/onlinelotto365.com\/hu\/","og_site_name":"OnlineLotto365","article_modified_time":"2023-10-04T08:14:17+00:00","og_image":[{"url":"https:\/\/redfoxlotto.com\/image?size=8&amp;lottery=mega-millions"}],"twitter_card":"summary_large_image","twitter_misc":{"Becs\u00fclt olvas\u00e1si id\u0151":"5 perc"},"schema":{"@context":"https:\/\/schema.org","@graph":[{"@type":"WebPage","@id":"https:\/\/onlinelotto365.com\/hu\/","url":"https:\/\/onlinelotto365.com\/hu\/","name":"Online Lott\u00f3 | A vil\u00e1g \u00f6sszes lott\u00f3 nyerem\u00e9nye online el\u00e9rhet\u0151","isPartOf":{"@id":"https:\/\/onlinelotto365.com\/hu\/#website"},"primaryImageOfPage":{"@id":"https:\/\/onlinelotto365.com\/hu\/#primaryimage"},"image":{"@id":"https:\/\/onlinelotto365.com\/hu\/#primaryimage"},"thumbnailUrl":"https:\/\/redfoxlotto.com\/image?size=8&amp;lottery=mega-millions","datePublished":"2020-11-30T11:00:57+00:00","dateModified":"2023-10-04T08:14:17+00:00","description":"Online lott\u00f3 szelv\u00e9ny szolg\u00e1ltat\u00e1s minden nemzetk\u00f6zi nyerem\u00e9nyhez. Szerezzen jegyet a vil\u00e1g b\u00e1rmely lott\u00f3 nyerem\u00e9ny\u00e9hez b\u00e1rhol \u00e9ljen is","breadcrumb":{"@id":"https:\/\/onlinelotto365.com\/hu\/#breadcrumb"},"inLanguage":"hu","potentialAction":[{"@type":"ReadAction","target":["https:\/\/onlinelotto365.com\/hu\/"]}]},{"@type":"ImageObject","inLanguage":"hu","@id":"https:\/\/onlinelotto365.com\/hu\/#primaryimage","url":"https:\/\/redfoxlotto.com\/image?size=8&amp;lottery=mega-millions","contentUrl":"https:\/\/redfoxlotto.com\/image?size=8&amp;lottery=mega-millions"},{"@type":"BreadcrumbList","@id":"https:\/\/onlinelotto365.com\/hu\/#breadcrumb","itemListElement":[{"@type":"ListItem","position":1,"name":"Home","item":"https:\/\/onlinelotto365.com\/hu\/"},{"@type":"ListItem","position":2,"name":"\u00dcdv\u00f6z\u00f6lj\u00fck az OnlineLotto365-n\u00e9l!"}]},{"@type":"WebSite","@id":"https:\/\/onlinelotto365.com\/hu\/#website","url":"https:\/\/onlinelotto365.com\/hu\/","name":"OnlineLotto365","description":"","potentialAction":[{"@type":"SearchAction","target":{"@type":"EntryPoint","urlTemplate":"https:\/\/onlinelotto365.com\/hu\/?s={search_term_string}"},"query-input":{"@type":"PropertyValueSpecification","valueRequired":true,"valueName":"search_term_string"}}],"inLanguage":"hu"}]}},"_links":{"self":[{"href":"https:\/\/onlinelotto365.com\/hu\/wp-json\/wp\/v2\/pages\/4477","targetHints":{"allow":["GET"]}}],"collection":[{"href":"https:\/\/onlinelotto365.com\/hu\/wp-json\/wp\/v2\/pages"}],"about":[{"href":"https:\/\/onlinelotto365.com\/hu\/wp-json\/wp\/v2\/types\/page"}],"author":[{"embeddable":true,"href":"https:\/\/onlinelotto365.com\/hu\/wp-json\/wp\/v2\/users\/1"}],"replies":[{"embeddable":true,"href":"https:\/\/onlinelotto365.com\/hu\/wp-json\/wp\/v2\/comments?post=4477"}],"version-history":[{"count":0,"href":"https:\/\/onlinelotto365.com\/hu\/wp-json\/wp\/v2\/pages\/4477\/revisions"}],"wp:attachment":[{"href":"https:\/\/onlinelotto365.com\/hu\/wp-json\/wp\/v2\/media?parent=4477"}],"curies":[{"name":"wp","href":"https:\/\/api.w.org\/{rel}","templated":true}]}}