{"id":5022,"date":"2020-12-03T09:13:37","date_gmt":"2020-12-03T08:13:37","guid":{"rendered":"http:\/\/onlinelotto365.net\/?page_id=5022"},"modified":"2022-11-08T11:40:58","modified_gmt":"2022-11-08T10:40:58","slug":"jatsszon","status":"publish","type":"page","link":"https:\/\/onlinelotto365.com\/hu\/jatsszon\/","title":{"rendered":"Minden, amit tudnia kell a legjobb online lott\u00f3j\u00e1t\u00e9kok j\u00e1t\u00e9klehet\u0151s\u00e9g\u00e9r\u0151l"},"content":{"rendered":"<p>Szeretne elkezdeni j\u00e1tszani a lott\u00f3n? Nos, ha igen, akkor mindenk\u00e9ppen szeretn\u00e9 megn\u00e9zni az online lehet\u0151s\u00e9geket. Az \u00f6sszes nagy lott\u00f3j\u00e1t\u00e9k, a vil\u00e1g b\u00e1rmely pontj\u00e1n, el\u00e9rhet\u0151 az online j\u00e1t\u00e9khoz. Csak tudnia kell, hol keresse \u00e9s hogyan kezdje el. Szerencs\u00e9dre ez val\u00f3j\u00e1ban nagyon egyszer\u0171. Csak k\u00f6nyvjelz\u0151t kell tenned a weboldalunkra, \u00e9s vissza kell n\u00e9zned a friss\u00edtett inform\u00e1ci\u00f3k\u00e9rt. Rengeteg lehet\u0151s\u00e9get fogsz tal\u00e1lni, hogy a felsorolt orsz\u00e1gok b\u00e1rmelyik\u00e9b\u0151l j\u00e1tszhass minden egyes lott\u00f3j\u00e1t\u00e9kot, amit l\u00e1tsz.<\/p>\n<p>Az online lehet\u0151s\u00e9gekben az a nagyszer\u0171, hogy olyan j\u00e1t\u00e9kokat j\u00e1tszhatsz, amelyek a vil\u00e1g minden t\u00e1j\u00e1n tal\u00e1lhat\u00f3k. T\u00f6bb\u00e9 m\u00e1r nem korl\u00e1toz\u00f3dsz csak azokra a j\u00e1t\u00e9kokra, amelyeket a helyi kisboltban j\u00e1tszhatsz. Ehelyett megn\u00e9zheted, hogyan j\u00e1tssz\u00e1k a j\u00e1t\u00e9kokat a k\u00fcl\u00f6nb\u00f6z\u0151 orsz\u00e1gokban, \u00e9s szerencs\u00e9t pr\u00f3b\u00e1lhatsz benn\u00fck.<\/p>\n<p><a href=\"https:\/\/redfoxlotto.com\/play\/mega-millions\/?ref=a8564250a2&amp;medium=ol365\" target=\"_blank\" rel=\"noopener noreferrer\"><img loading=\"lazy\" decoding=\"async\" class=\"aligncenter\" src=\"https:\/\/redfoxlotto.com\/image?size=7&amp;lottery=mega-millions\" alt=\"play mega millions\" width=\"841\" height=\"108\" \/><\/a><\/p>\n<h2>Az online lott\u00f3j\u00e1t\u00e9k t\u00f6bb v\u00e1laszt\u00e1si lehet\u0151s\u00e9get biztos\u00edt \u00d6nnek.<\/h2>\n<p>Az online lott\u00f3z\u00e1sban az a legjobb, hogy b\u00e1rmikor el\u00e9rhet\u0151 lesz egy nagy jackpot, amit megnyerhetsz. Ha csak a helyi lott\u00f3j\u00e1t\u00e9kra szor\u00edtkozol, lehet, hogy sok\u00e1ig kell v\u00e1rnod, am\u00edg a jackpot olyan szintre n\u0151, hogy \u00e9rdemes legyen p\u00e9nzt fektetned a szelv\u00e9nyekbe.<\/p>\n<p>Nyilv\u00e1nval\u00f3, hogy a jackpot nagys\u00e1ga fontos az \u00d6n d\u00f6nt\u00e9se szempontj\u00e1b\u00f3l. A nagyobb nyerem\u00e9ny azt jelenti, hogy nagyobb a matematikai nyer\u00e9si es\u00e9lye. Ez\u00e9rt a legt\u00f6bb \u00fcgyfel\u00fcnk a lott\u00f3p\u00e9nzt az aktu\u00e1lisan legmagasabb jackpotra k\u00f6lti.<\/p>\n<h2>Hogyan m\u0171k\u00f6dik az online lott\u00f3szolg\u00e1ltat\u00e1s?<\/h2>\n<p>Az online lott\u00f3z\u00e1st a leggyorsabban \u00fagy kezdheti el, hogy r\u00e1kattint az egyik lott\u00f3gombra vagy bannerre, \u00e9s kiv\u00e1lasztja a sz\u00e1mokat, hogy l\u00e9trehozzon egy szelv\u00e9nyt. Ha szeretne, t\u00f6bb lott\u00f3n is j\u00e1tszhat. Csak adjon hozz\u00e1 annyi szelv\u00e9nyt a kosar\u00e1hoz, amennyit szeretne. Ezut\u00e1n kattintson a p\u00e9nzt\u00e1rra \u00e9s fizessen. Ehhez l\u00e9tre kell hoznia egy fi\u00f3kot n\u00e1lunk. Ne felejtsd el ellen\u0151rizni a fi\u00f3kodat &#8211; keresd az ellen\u0151rz\u0151 e-mailt a postal\u00e1d\u00e1dban. Ha nincs ott e-mail, akkor az ismeretlen k\u00fcld\u0151 mapp\u00e1ban, vagy esetleg a k\u00e9retlen levelek k\u00f6z\u00f6tt tal\u00e1lod.<\/p>\n<h2>Tudok j\u00e1tszani a lak\u00f3helyem szerinti orsz\u00e1gb\u00f3l?<\/h2>\n<p>T\u00e9nyleg nem sz\u00e1m\u00edt, hogy hol \u00e9lsz. Az online lott\u00f3j\u00e1t\u00e9k (majdnem) mindenhonnan m\u0171k\u00f6dik. Az egyetlen kiv\u00e9tel, hogy az USA-b\u00f3l \u00e9s Hollandi\u00e1b\u00f3l nem tudunk \u00fcgyfeleket fogadni.<\/p>\n<h2>Hogyan kapom meg a nyerem\u00e9nyemet?<\/h2>\n<p>Lott\u00f3szelv\u00e9ny-szolg\u00e1ltat\u00e1sunk mag\u00e1ban foglalja seg\u00edts\u00e9g\u00fcnket a nyerem\u00e9nye bev\u00e1lt\u00e1s\u00e1ban. Erre k\u00e9t k\u00fcl\u00f6nb\u00f6z\u0151 elj\u00e1r\u00e1s l\u00e9tezik:<\/p>\n<ul>\n<li>2500 eur\u00f3n\u00e1l kisebb nyerem\u00e9nyek: A megnyert \u00f6sszeget j\u00f3v\u00e1\u00edrjuk a weboldalunkon tal\u00e1lhat\u00f3 felhaszn\u00e1l\u00f3i egyenleg\u00e9n. Innen tudja kiv\u00e1ltani, p\u00e9ld\u00e1ul hitelk\u00e1rty\u00e1j\u00e1ra vagy banksz\u00e1ml\u00e1j\u00e1ra.<\/li>\n<li>2500 \u20ac feletti nyerem\u00e9nyek: A magasabb \u00f6sszegek kifizet\u00e9s\u00e9t k\u00f6zvetlen\u00fcl maga a lott\u00f3t\u00e1rsas\u00e1g v\u00e9gzi. Kap t\u0151l\u00fcnk egy \u0171rlapot, amelyet ki kell t\u00f6ltenie \u00e9s vissza kell k\u00fcldenie nek\u00fcnk. Az \u0171rlap tartalmazza a kifizet\u00e9sre vonatkoz\u00f3 utas\u00edt\u00e1sokat, amely lehet banki \u00e1tutal\u00e1s vagy csekk. Mindez online t\u00f6rt\u00e9nik. Mi elk\u00fcldj\u00fck az \u0171rlapot a lott\u00f3z\u00f3nak, \u0151k pedig \u00e1tutalj\u00e1k a p\u00e9nzt a banksz\u00e1ml\u00e1dra, vagy csekket k\u00fcldenek neked &#8211; az \u00e1ltalad v\u00e1lasztott m\u00f3don.<\/li>\n<\/ul>\n","protected":false},"excerpt":{"rendered":"<p>Szeretne elkezdeni j\u00e1tszani a lott\u00f3n? Nos, ha igen, akkor mindenk\u00e9ppen szeretn\u00e9 megn\u00e9zni az online lehet\u0151s\u00e9geket. Az \u00f6sszes nagy lott\u00f3j\u00e1t\u00e9k, a vil\u00e1g b\u00e1rmely pontj\u00e1n, el\u00e9rhet\u0151 az online j\u00e1t\u00e9khoz. Csak tudnia kell, hol keresse \u00e9s hogyan kezdje el. Szerencs\u00e9dre ez val\u00f3j\u00e1ban nagyon egyszer\u0171. Csak k\u00f6nyvjelz\u0151t kell tenned a weboldalunkra, \u00e9s vissza kell n\u00e9zned a friss\u00edtett inform\u00e1ci\u00f3k\u00e9rt. Rengeteg [&hellip;]<\/p>\n","protected":false},"author":1,"featured_media":0,"parent":0,"menu_order":2,"comment_status":"closed","ping_status":"closed","template":"Play-all.php","meta":{"_et_pb_use_builder":"","_et_pb_old_content":"","_et_gb_content_width":"","exclude_from_search":false,"footnotes":""},"class_list":["post-5022","page","type-page","status-publish","hentry"],"yoast_head":"<!-- This site is optimized with the Yoast SEO plugin v23.4 - https:\/\/yoast.com\/wordpress\/plugins\/seo\/ -->\n<title>Play Lotto Online - t\u00f6bb jackpot a lott\u00f3 rajong\u00f3knak a vil\u00e1g minden t\u00e1j\u00e1r\u00f3l<\/title>\n<meta name=\"description\" content=\"Megk\u00f6nny\u00edtj\u00fck \u00d6nnek a k\u00fclf\u00f6ldi lott\u00f3j\u00e1t\u00e9kok online j\u00e1tsz\u00e1s\u00e1t - az \u00f6sszes nagy jackpot itt van\" \/>\n<meta name=\"robots\" content=\"index, follow, max-snippet:-1, max-image-preview:large, max-video-preview:-1\" \/>\n<link rel=\"canonical\" href=\"https:\/\/onlinelotto365.com\/hu\/jatsszon\/\" \/>\n<meta property=\"og:locale\" content=\"hu_HU\" \/>\n<meta property=\"og:type\" content=\"article\" \/>\n<meta property=\"og:title\" content=\"Play Lotto Online - t\u00f6bb jackpot a lott\u00f3 rajong\u00f3knak a vil\u00e1g minden t\u00e1j\u00e1r\u00f3l\" \/>\n<meta property=\"og:description\" content=\"Megk\u00f6nny\u00edtj\u00fck \u00d6nnek a k\u00fclf\u00f6ldi lott\u00f3j\u00e1t\u00e9kok online j\u00e1tsz\u00e1s\u00e1t - az \u00f6sszes nagy jackpot itt van\" \/>\n<meta property=\"og:url\" content=\"https:\/\/onlinelotto365.com\/hu\/jatsszon\/\" \/>\n<meta property=\"og:site_name\" content=\"OnlineLotto365\" \/>\n<meta property=\"article:modified_time\" content=\"2022-11-08T10:40:58+00:00\" \/>\n<meta property=\"og:image\" content=\"https:\/\/redfoxlotto.com\/image?size=7&amp;lottery=mega-millions\" \/>\n<meta name=\"twitter:card\" content=\"summary_large_image\" \/>\n<meta name=\"twitter:label1\" content=\"Becs\u00fclt olvas\u00e1si id\u0151\" \/>\n\t<meta name=\"twitter:data1\" content=\"2 perc\" \/>\n<script type=\"application\/ld+json\" class=\"yoast-schema-graph\">{\"@context\":\"https:\/\/schema.org\",\"@graph\":[{\"@type\":\"WebPage\",\"@id\":\"https:\/\/onlinelotto365.com\/hu\/jatsszon\/\",\"url\":\"https:\/\/onlinelotto365.com\/hu\/jatsszon\/\",\"name\":\"Play Lotto Online - t\u00f6bb jackpot a lott\u00f3 rajong\u00f3knak a vil\u00e1g minden t\u00e1j\u00e1r\u00f3l\",\"isPartOf\":{\"@id\":\"https:\/\/onlinelotto365.com\/hu\/#website\"},\"primaryImageOfPage\":{\"@id\":\"https:\/\/onlinelotto365.com\/hu\/jatsszon\/#primaryimage\"},\"image\":{\"@id\":\"https:\/\/onlinelotto365.com\/hu\/jatsszon\/#primaryimage\"},\"thumbnailUrl\":\"https:\/\/redfoxlotto.com\/image?size=7&amp;lottery=mega-millions\",\"datePublished\":\"2020-12-03T08:13:37+00:00\",\"dateModified\":\"2022-11-08T10:40:58+00:00\",\"description\":\"Megk\u00f6nny\u00edtj\u00fck \u00d6nnek a k\u00fclf\u00f6ldi lott\u00f3j\u00e1t\u00e9kok online j\u00e1tsz\u00e1s\u00e1t - az \u00f6sszes nagy jackpot itt van\",\"breadcrumb\":{\"@id\":\"https:\/\/onlinelotto365.com\/hu\/jatsszon\/#breadcrumb\"},\"inLanguage\":\"hu\",\"potentialAction\":[{\"@type\":\"ReadAction\",\"target\":[\"https:\/\/onlinelotto365.com\/hu\/jatsszon\/\"]}]},{\"@type\":\"ImageObject\",\"inLanguage\":\"hu\",\"@id\":\"https:\/\/onlinelotto365.com\/hu\/jatsszon\/#primaryimage\",\"url\":\"https:\/\/redfoxlotto.com\/image?size=7&amp;lottery=mega-millions\",\"contentUrl\":\"https:\/\/redfoxlotto.com\/image?size=7&amp;lottery=mega-millions\"},{\"@type\":\"BreadcrumbList\",\"@id\":\"https:\/\/onlinelotto365.com\/hu\/jatsszon\/#breadcrumb\",\"itemListElement\":[{\"@type\":\"ListItem\",\"position\":1,\"name\":\"Home\",\"item\":\"https:\/\/onlinelotto365.com\/hu\/\"},{\"@type\":\"ListItem\",\"position\":2,\"name\":\"Minden, amit tudnia kell a legjobb online lott\u00f3j\u00e1t\u00e9kok j\u00e1t\u00e9klehet\u0151s\u00e9g\u00e9r\u0151l\"}]},{\"@type\":\"WebSite\",\"@id\":\"https:\/\/onlinelotto365.com\/hu\/#website\",\"url\":\"https:\/\/onlinelotto365.com\/hu\/\",\"name\":\"OnlineLotto365\",\"description\":\"\",\"potentialAction\":[{\"@type\":\"SearchAction\",\"target\":{\"@type\":\"EntryPoint\",\"urlTemplate\":\"https:\/\/onlinelotto365.com\/hu\/?s={search_term_string}\"},\"query-input\":{\"@type\":\"PropertyValueSpecification\",\"valueRequired\":true,\"valueName\":\"search_term_string\"}}],\"inLanguage\":\"hu\"}]}<\/script>\n<!-- \/ Yoast SEO plugin. -->","yoast_head_json":{"title":"Play Lotto Online - t\u00f6bb jackpot a lott\u00f3 rajong\u00f3knak a vil\u00e1g minden t\u00e1j\u00e1r\u00f3l","description":"Megk\u00f6nny\u00edtj\u00fck \u00d6nnek a k\u00fclf\u00f6ldi lott\u00f3j\u00e1t\u00e9kok online j\u00e1tsz\u00e1s\u00e1t - az \u00f6sszes nagy jackpot itt van","robots":{"index":"index","follow":"follow","max-snippet":"max-snippet:-1","max-image-preview":"max-image-preview:large","max-video-preview":"max-video-preview:-1"},"canonical":"https:\/\/onlinelotto365.com\/hu\/jatsszon\/","og_locale":"hu_HU","og_type":"article","og_title":"Play Lotto Online - t\u00f6bb jackpot a lott\u00f3 rajong\u00f3knak a vil\u00e1g minden t\u00e1j\u00e1r\u00f3l","og_description":"Megk\u00f6nny\u00edtj\u00fck \u00d6nnek a k\u00fclf\u00f6ldi lott\u00f3j\u00e1t\u00e9kok online j\u00e1tsz\u00e1s\u00e1t - az \u00f6sszes nagy jackpot itt van","og_url":"https:\/\/onlinelotto365.com\/hu\/jatsszon\/","og_site_name":"OnlineLotto365","article_modified_time":"2022-11-08T10:40:58+00:00","og_image":[{"url":"https:\/\/redfoxlotto.com\/image?size=7&amp;lottery=mega-millions"}],"twitter_card":"summary_large_image","twitter_misc":{"Becs\u00fclt olvas\u00e1si id\u0151":"2 perc"},"schema":{"@context":"https:\/\/schema.org","@graph":[{"@type":"WebPage","@id":"https:\/\/onlinelotto365.com\/hu\/jatsszon\/","url":"https:\/\/onlinelotto365.com\/hu\/jatsszon\/","name":"Play Lotto Online - t\u00f6bb jackpot a lott\u00f3 rajong\u00f3knak a vil\u00e1g minden t\u00e1j\u00e1r\u00f3l","isPartOf":{"@id":"https:\/\/onlinelotto365.com\/hu\/#website"},"primaryImageOfPage":{"@id":"https:\/\/onlinelotto365.com\/hu\/jatsszon\/#primaryimage"},"image":{"@id":"https:\/\/onlinelotto365.com\/hu\/jatsszon\/#primaryimage"},"thumbnailUrl":"https:\/\/redfoxlotto.com\/image?size=7&amp;lottery=mega-millions","datePublished":"2020-12-03T08:13:37+00:00","dateModified":"2022-11-08T10:40:58+00:00","description":"Megk\u00f6nny\u00edtj\u00fck \u00d6nnek a k\u00fclf\u00f6ldi lott\u00f3j\u00e1t\u00e9kok online j\u00e1tsz\u00e1s\u00e1t - az \u00f6sszes nagy jackpot itt van","breadcrumb":{"@id":"https:\/\/onlinelotto365.com\/hu\/jatsszon\/#breadcrumb"},"inLanguage":"hu","potentialAction":[{"@type":"ReadAction","target":["https:\/\/onlinelotto365.com\/hu\/jatsszon\/"]}]},{"@type":"ImageObject","inLanguage":"hu","@id":"https:\/\/onlinelotto365.com\/hu\/jatsszon\/#primaryimage","url":"https:\/\/redfoxlotto.com\/image?size=7&amp;lottery=mega-millions","contentUrl":"https:\/\/redfoxlotto.com\/image?size=7&amp;lottery=mega-millions"},{"@type":"BreadcrumbList","@id":"https:\/\/onlinelotto365.com\/hu\/jatsszon\/#breadcrumb","itemListElement":[{"@type":"ListItem","position":1,"name":"Home","item":"https:\/\/onlinelotto365.com\/hu\/"},{"@type":"ListItem","position":2,"name":"Minden, amit tudnia kell a legjobb online lott\u00f3j\u00e1t\u00e9kok j\u00e1t\u00e9klehet\u0151s\u00e9g\u00e9r\u0151l"}]},{"@type":"WebSite","@id":"https:\/\/onlinelotto365.com\/hu\/#website","url":"https:\/\/onlinelotto365.com\/hu\/","name":"OnlineLotto365","description":"","potentialAction":[{"@type":"SearchAction","target":{"@type":"EntryPoint","urlTemplate":"https:\/\/onlinelotto365.com\/hu\/?s={search_term_string}"},"query-input":{"@type":"PropertyValueSpecification","valueRequired":true,"valueName":"search_term_string"}}],"inLanguage":"hu"}]}},"_links":{"self":[{"href":"https:\/\/onlinelotto365.com\/hu\/wp-json\/wp\/v2\/pages\/5022","targetHints":{"allow":["GET"]}}],"collection":[{"href":"https:\/\/onlinelotto365.com\/hu\/wp-json\/wp\/v2\/pages"}],"about":[{"href":"https:\/\/onlinelotto365.com\/hu\/wp-json\/wp\/v2\/types\/page"}],"author":[{"embeddable":true,"href":"https:\/\/onlinelotto365.com\/hu\/wp-json\/wp\/v2\/users\/1"}],"replies":[{"embeddable":true,"href":"https:\/\/onlinelotto365.com\/hu\/wp-json\/wp\/v2\/comments?post=5022"}],"version-history":[{"count":0,"href":"https:\/\/onlinelotto365.com\/hu\/wp-json\/wp\/v2\/pages\/5022\/revisions"}],"wp:attachment":[{"href":"https:\/\/onlinelotto365.com\/hu\/wp-json\/wp\/v2\/media?parent=5022"}],"curies":[{"name":"wp","href":"https:\/\/api.w.org\/{rel}","templated":true}]}}