{"id":5637,"date":"2020-12-04T18:03:08","date_gmt":"2020-12-04T17:03:08","guid":{"rendered":"http:\/\/onlinelotto365.net\/?page_id=5637"},"modified":"2021-03-05T14:48:25","modified_gmt":"2021-03-05T13:48:25","slug":"jegyeket-vesz","status":"publish","type":"page","link":"https:\/\/onlinelotto365.com\/hu\/jegyeket-vesz\/","title":{"rendered":"Most a nagyokr\u00f3l van sz\u00f3: A vil\u00e1g legnagyobb lott\u00f3i"},"content":{"rendered":"<p>Mindezid\u00e1ig csak azokon a lott\u00f3kon j\u00e1tszhattunk, amelyeket a helyi lott\u00f3z\u00f3k \u00e1rultak. Att\u00f3l f\u00fcgg\u0151en, hogy \u00f6n hol lakik, a helyi lott\u00f3 f\u0151nyerem\u00e9nye is hatalmasra n\u0151het, sok izgalmat okozva \u00e9s t\u00f6megeket vonzva a lott\u00f3z\u00f3kba.<\/p>\n<p>Ahhoz, hogy m\u00e1s orsz\u00e1g lott\u00f3in j\u00e1tszhasson, eddig el is kellett utaznia azokra a helyekre, hogy szelv\u00e9nyt vehessen. Hacsak nem egy\u00e9bk\u00e9nt is oda k\u00e9sz\u00fclt, \u00f6nnek nem lesz erre lehet\u0151s\u00e9ge \u00e9s m\u00e9g ha el is utazna, ut\u00e1na mit csin\u00e1lna, ha nyerne?<br \/>\n<a href=\"https:\/\/redfoxlotto.com\/?ref=a8564250a2&amp;medium=ol365\" target=\"_blank\" rel=\"noopener noreferrer\"><img loading=\"lazy\" decoding=\"async\" class=\"aligncenter\" src=\"https:\/\/redfoxlotto.com\/image?size=8&amp;lottery=euromillions\" alt=\"Euromillions\" width=\"720\" height=\"90\" \/><\/a><\/p>\n<p>A legt\u00f6bb ember nem is veszi sz\u00e1m\u00edt\u00e1sba az online lott\u00f3z\u00e1st, amivel m\u00e1s orsz\u00e1gokban is lehet\u0151s\u00e9g van j\u00e1tszani. N\u00e9h\u00e1nyan \u00e1lmodtak r\u00f3la, de mindezid\u00e1ig ez nem volt lehets\u00e9ges.<\/p>\n<p>Ez\u00e9rt b\u00fcszk\u00e9n jelentj\u00fck be \u00f6nnek \u00faj szolg\u00e1ltat\u00e1sunkat, amivel a vil\u00e1g legnagyobb lott\u00f3in j\u00e1tszhat az otthona k\u00e9nyelm\u00e9ben. Mi mindent elint\u00e9z\u00fcnk \u00f6n sz\u00e1m\u00e1ra.<\/p>\n<h2>Az online lott\u00f3z\u00e1s m\u0171k\u00f6d\u00e9s\u00e9nek folyamata<\/h2>\n<p>Az els\u0151 l\u00e9p\u00e9s term\u00e9szetesen a j\u00e1tszani k\u00edv\u00e1nt lott\u00f3 kiv\u00e1laszt\u00e1sa, a sz\u00e1mos n\u00e9pszer\u0171 j\u00e1t\u00e9k k\u00f6z\u00fcl. Ezut\u00e1n v\u00e1lassza ki, h\u00e1ny szelv\u00e9nyt szeretne v\u00e1s\u00e1rolni \u00e9s m\u00e1r ki is v\u00e1laszthatja a megj\u00e1tszani k\u00edv\u00e1nt sz\u00e1mokat, vagy ak\u00e1r sz\u00e1m\u00edt\u00f3g\u00e9p \u00e1ltal gener\u00e1lt v\u00e9letlen sz\u00e1mokkal is j\u00e1tszhat.<\/p>\n<p>Ezek ut\u00e1n nyithatja meg sz\u00e1ml\u00e1j\u00e1t. Adja meg szem\u00e9lyes adatait, valamint v\u00e1lasszon felhaszn\u00e1l\u00f3nevet \u00e9s jelsz\u00f3t, hogy b\u00e1rmikor bel\u00e9phessen az online lott\u00f3z\u00e1s vil\u00e1g\u00e1ba.<\/p>\n<p>Ut\u00e1na v\u00e1lassza ki, milyen fizet\u00e9si m\u00f3dot szeretn\u00e9 haszn\u00e1lni a szelv\u00e9nyv\u00e1s\u00e1rl\u00e1shoz. A legt\u00f6bben bankk\u00e1rty\u00e1val fizetnek, de emellett t\u00f6bb m\u00e1s megold\u00e1s is van. Az \u00f6sszes tranzakci\u00f3 teljesen biztons\u00e1gos, a legfrissebb biztons\u00e1gi szoftverekkel ellen\u0151rizve, \u00edgy \u00f6nnek nem kell agg\u00f3dnia.<\/p>\n<p>Minden j\u00e1t\u00e9k eset\u00e9ben l\u00e1that\u00f3 egy visszasz\u00e1ml\u00e1l\u00f3 \u00f3ra, amely mutatja, mennyi id\u0151 van h\u00e1tra a sorsol\u00e1sig, \u00edgy \u00f6n kiv\u00e1laszthatja a legmegfelel\u0151bb lott\u00f3t.<\/p>\n<h2>Ezek ut\u00e1n megv\u00e1s\u00e1roljuk \u00f6nnek a szelv\u00e9nyeket<\/h2>\n<p><img loading=\"lazy\" decoding=\"async\" class=\" wp-image-729 alignright\" src=\"https:\/\/onlinelotto365.com\/wp-content\/uploads\/2020\/11\/online_lottery-52-300x169.jpg\" alt=\"lott\u00f3szelv\u00e9nyeket v\u00e1s\u00e1rolhat online\" width=\"210\" height=\"119\" \/><\/p>\n<p>Ut\u00e1na megvessz\u00fck \u00f6nnek a szelv\u00e9nyeket, amelyeken szerepel az \u00f6n neve, \u00edgy csak \u00f6n tudja majd bev\u00e1ltani a nyerem\u00e9nyt. A jegyeket \u00e9s a megj\u00e1tszott sz\u00e1mokat e-mailben elk\u00fcldj\u00fck \u00f6nnek.<\/p>\n<p>Minden sorsol\u00e1s eredm\u00e9nye megtal\u00e1lhat\u00f3 az oldalon \u00e9s persze tudjuk, hogy nagyon izgalmas mag\u00e1nak megn\u00e9zni a nyer\u0151sz\u00e1mokat, de ha nem szeretne ezzel foglalkozni az sem baj, hiszen minden nyerem\u00e9nyr\u0151l e-mailben t\u00e1j\u00e9koztatjuk.<\/p>\n<p>Ha ilyen szolg\u00e1ltat\u00e1st keresne a helyi lott\u00f3z\u00f3j\u00e1ban, val\u00f3sz\u00edn\u0171leg kir\u00f6h\u00f6gn\u00e9k. Ez is megmutatja, hogy n\u00e1lunk milyen els\u0151 oszt\u00e1ly\u00fa szolg\u00e1ltat\u00e1sr\u00f3l van sz\u00f3, amely minden l\u00e9p\u00e9sn\u00e9l seg\u00edti \u00f6nt eligazodni.<\/p>\n<h2>A nyerem\u00e9nyek begy\u0171jt\u00e9se<\/h2>\n<p>Att\u00f3l f\u00fcgg\u0151en, hogy mekkora a nyerem\u00e9ny, k\u00fcl\u00f6nb\u00f6z\u0151 m\u00f3dokon lehet begy\u0171jteni az \u00f6sszeget. Ha a nyerem\u00e9ny kevesebb, mint 600 doll\u00e1r, a sz\u00e1ml\u00e1j\u00e1n is hagyhatja a p\u00e9nzt, hogy m\u00e9g t\u00f6bb szelv\u00e9nyt vegyen, vagy el is k\u00fcldhetj\u00fck \u00f6nnek. Ha enn\u00e9l nagyobb a nyerem\u00e9ny \u00f6sszege, ki kell t\u00f6ltenie egy k\u00e9rv\u00e9nyt, ezek ut\u00e1n pedig csekken megkapja az \u00f6sszeget.<\/p>\n<p>Hogyha hatalmas \u00f6sszeget nyer, akkor el\u0151fordulhat, hogy szem\u00e9lyesen kell megjelennie a nyerem\u00e9ny begy\u0171jt\u00e9s\u00e9hez. Azonban egy ekkora nyerem\u00e9ny tudat\u00e1ban ezt az utat biztosan nem fogja b\u00e1nni. \u00c9ppen most nyerte meg a jackpotot, ezt ak\u00e1r m\u00e1ris meg\u00fcnnepelheti egy nyaral\u00e1ssal, nemde? Amikor vissza\u00e9r, kivehet egy v\u00e9gtelen szabads\u00e1got \u00e9s ki\u00e9lheti legvadabb \u00e1lmait is. \u00d6n\u00e9 a v\u00e1laszt\u00e1s!<\/p>\n<p><a href=\"https:\/\/redfoxlotto.com\/?ref=A8564250A2&amp;medium=ol365\">Kattintson ide az izgalmak\u00e9rt!<\/a><\/p>\n","protected":false},"excerpt":{"rendered":"<p>Mindezid\u00e1ig csak azokon a lott\u00f3kon j\u00e1tszhattunk, amelyeket a helyi lott\u00f3z\u00f3k \u00e1rultak. Att\u00f3l f\u00fcgg\u0151en, hogy \u00f6n hol lakik, a helyi lott\u00f3 f\u0151nyerem\u00e9nye is hatalmasra n\u0151het, sok izgalmat okozva \u00e9s t\u00f6megeket vonzva a lott\u00f3z\u00f3kba. Ahhoz, hogy m\u00e1s orsz\u00e1g lott\u00f3in j\u00e1tszhasson, eddig el is kellett utaznia azokra a helyekre, hogy szelv\u00e9nyt vehessen. Hacsak nem egy\u00e9bk\u00e9nt is oda k\u00e9sz\u00fclt, [&hellip;]<\/p>\n","protected":false},"author":1,"featured_media":0,"parent":0,"menu_order":3,"comment_status":"closed","ping_status":"closed","template":"Information.php","meta":{"_et_pb_use_builder":"","_et_pb_old_content":"","_et_gb_content_width":"","exclude_from_search":false,"footnotes":""},"class_list":["post-5637","page","type-page","status-publish","hentry"],"yoast_head":"<!-- This site is optimized with the Yoast SEO plugin v23.4 - https:\/\/yoast.com\/wordpress\/plugins\/seo\/ -->\n<title>Vegyen lott\u00f3szelv\u00e9nyeket online \u2013 Online szelv\u00e9nyszolg\u00e1ltat\u00e1s nemzetk\u00f6zi lott\u00f3khoz<\/title>\n<meta name=\"description\" content=\"A vil\u00e1g legn\u00e9pszer\u0171bb lott\u00f3ira val\u00f3 szelv\u00e9nyv\u00e1s\u00e1rl\u00e1s sohasem volt enn\u00e9l egyszer\u0171bb \u00e9s sz\u00f3rakoztat\u00f3bb. Itt az \u00f6sszes inform\u00e1ci\u00f3, amire sz\u00fcks\u00e9ge van.\" \/>\n<meta name=\"robots\" content=\"index, follow, max-snippet:-1, max-image-preview:large, max-video-preview:-1\" \/>\n<link rel=\"canonical\" href=\"https:\/\/onlinelotto365.com\/hu\/jegyeket-vesz\/\" \/>\n<meta property=\"og:locale\" content=\"hu_HU\" \/>\n<meta property=\"og:type\" content=\"article\" \/>\n<meta property=\"og:title\" content=\"Vegyen lott\u00f3szelv\u00e9nyeket online \u2013 Online szelv\u00e9nyszolg\u00e1ltat\u00e1s nemzetk\u00f6zi lott\u00f3khoz\" \/>\n<meta property=\"og:description\" content=\"A vil\u00e1g legn\u00e9pszer\u0171bb lott\u00f3ira val\u00f3 szelv\u00e9nyv\u00e1s\u00e1rl\u00e1s sohasem volt enn\u00e9l egyszer\u0171bb \u00e9s sz\u00f3rakoztat\u00f3bb. Itt az \u00f6sszes inform\u00e1ci\u00f3, amire sz\u00fcks\u00e9ge van.\" \/>\n<meta property=\"og:url\" content=\"https:\/\/onlinelotto365.com\/hu\/jegyeket-vesz\/\" \/>\n<meta property=\"og:site_name\" content=\"OnlineLotto365\" \/>\n<meta property=\"article:modified_time\" content=\"2021-03-05T13:48:25+00:00\" \/>\n<meta property=\"og:image\" content=\"https:\/\/redfoxlotto.com\/image?size=8&amp;lottery=euromillions\" \/>\n<meta name=\"twitter:card\" content=\"summary_large_image\" \/>\n<meta name=\"twitter:label1\" content=\"Becs\u00fclt olvas\u00e1si id\u0151\" \/>\n\t<meta name=\"twitter:data1\" content=\"3 perc\" \/>\n<script type=\"application\/ld+json\" class=\"yoast-schema-graph\">{\"@context\":\"https:\/\/schema.org\",\"@graph\":[{\"@type\":\"WebPage\",\"@id\":\"https:\/\/onlinelotto365.com\/hu\/jegyeket-vesz\/\",\"url\":\"https:\/\/onlinelotto365.com\/hu\/jegyeket-vesz\/\",\"name\":\"Vegyen lott\u00f3szelv\u00e9nyeket online \u2013 Online szelv\u00e9nyszolg\u00e1ltat\u00e1s nemzetk\u00f6zi lott\u00f3khoz\",\"isPartOf\":{\"@id\":\"https:\/\/onlinelotto365.com\/hu\/#website\"},\"primaryImageOfPage\":{\"@id\":\"https:\/\/onlinelotto365.com\/hu\/jegyeket-vesz\/#primaryimage\"},\"image\":{\"@id\":\"https:\/\/onlinelotto365.com\/hu\/jegyeket-vesz\/#primaryimage\"},\"thumbnailUrl\":\"https:\/\/redfoxlotto.com\/image?size=8&amp;lottery=euromillions\",\"datePublished\":\"2020-12-04T17:03:08+00:00\",\"dateModified\":\"2021-03-05T13:48:25+00:00\",\"description\":\"A vil\u00e1g legn\u00e9pszer\u0171bb lott\u00f3ira val\u00f3 szelv\u00e9nyv\u00e1s\u00e1rl\u00e1s sohasem volt enn\u00e9l egyszer\u0171bb \u00e9s sz\u00f3rakoztat\u00f3bb. Itt az \u00f6sszes inform\u00e1ci\u00f3, amire sz\u00fcks\u00e9ge van.\",\"breadcrumb\":{\"@id\":\"https:\/\/onlinelotto365.com\/hu\/jegyeket-vesz\/#breadcrumb\"},\"inLanguage\":\"hu\",\"potentialAction\":[{\"@type\":\"ReadAction\",\"target\":[\"https:\/\/onlinelotto365.com\/hu\/jegyeket-vesz\/\"]}]},{\"@type\":\"ImageObject\",\"inLanguage\":\"hu\",\"@id\":\"https:\/\/onlinelotto365.com\/hu\/jegyeket-vesz\/#primaryimage\",\"url\":\"https:\/\/redfoxlotto.com\/image?size=8&amp;lottery=euromillions\",\"contentUrl\":\"https:\/\/redfoxlotto.com\/image?size=8&amp;lottery=euromillions\"},{\"@type\":\"BreadcrumbList\",\"@id\":\"https:\/\/onlinelotto365.com\/hu\/jegyeket-vesz\/#breadcrumb\",\"itemListElement\":[{\"@type\":\"ListItem\",\"position\":1,\"name\":\"Home\",\"item\":\"https:\/\/onlinelotto365.com\/hu\/\"},{\"@type\":\"ListItem\",\"position\":2,\"name\":\"Most a nagyokr\u00f3l van sz\u00f3: A vil\u00e1g legnagyobb lott\u00f3i\"}]},{\"@type\":\"WebSite\",\"@id\":\"https:\/\/onlinelotto365.com\/hu\/#website\",\"url\":\"https:\/\/onlinelotto365.com\/hu\/\",\"name\":\"OnlineLotto365\",\"description\":\"\",\"potentialAction\":[{\"@type\":\"SearchAction\",\"target\":{\"@type\":\"EntryPoint\",\"urlTemplate\":\"https:\/\/onlinelotto365.com\/hu\/?s={search_term_string}\"},\"query-input\":{\"@type\":\"PropertyValueSpecification\",\"valueRequired\":true,\"valueName\":\"search_term_string\"}}],\"inLanguage\":\"hu\"}]}<\/script>\n<!-- \/ Yoast SEO plugin. -->","yoast_head_json":{"title":"Vegyen lott\u00f3szelv\u00e9nyeket online \u2013 Online szelv\u00e9nyszolg\u00e1ltat\u00e1s nemzetk\u00f6zi lott\u00f3khoz","description":"A vil\u00e1g legn\u00e9pszer\u0171bb lott\u00f3ira val\u00f3 szelv\u00e9nyv\u00e1s\u00e1rl\u00e1s sohasem volt enn\u00e9l egyszer\u0171bb \u00e9s sz\u00f3rakoztat\u00f3bb. Itt az \u00f6sszes inform\u00e1ci\u00f3, amire sz\u00fcks\u00e9ge van.","robots":{"index":"index","follow":"follow","max-snippet":"max-snippet:-1","max-image-preview":"max-image-preview:large","max-video-preview":"max-video-preview:-1"},"canonical":"https:\/\/onlinelotto365.com\/hu\/jegyeket-vesz\/","og_locale":"hu_HU","og_type":"article","og_title":"Vegyen lott\u00f3szelv\u00e9nyeket online \u2013 Online szelv\u00e9nyszolg\u00e1ltat\u00e1s nemzetk\u00f6zi lott\u00f3khoz","og_description":"A vil\u00e1g legn\u00e9pszer\u0171bb lott\u00f3ira val\u00f3 szelv\u00e9nyv\u00e1s\u00e1rl\u00e1s sohasem volt enn\u00e9l egyszer\u0171bb \u00e9s sz\u00f3rakoztat\u00f3bb. Itt az \u00f6sszes inform\u00e1ci\u00f3, amire sz\u00fcks\u00e9ge van.","og_url":"https:\/\/onlinelotto365.com\/hu\/jegyeket-vesz\/","og_site_name":"OnlineLotto365","article_modified_time":"2021-03-05T13:48:25+00:00","og_image":[{"url":"https:\/\/redfoxlotto.com\/image?size=8&amp;lottery=euromillions"}],"twitter_card":"summary_large_image","twitter_misc":{"Becs\u00fclt olvas\u00e1si id\u0151":"3 perc"},"schema":{"@context":"https:\/\/schema.org","@graph":[{"@type":"WebPage","@id":"https:\/\/onlinelotto365.com\/hu\/jegyeket-vesz\/","url":"https:\/\/onlinelotto365.com\/hu\/jegyeket-vesz\/","name":"Vegyen lott\u00f3szelv\u00e9nyeket online \u2013 Online szelv\u00e9nyszolg\u00e1ltat\u00e1s nemzetk\u00f6zi lott\u00f3khoz","isPartOf":{"@id":"https:\/\/onlinelotto365.com\/hu\/#website"},"primaryImageOfPage":{"@id":"https:\/\/onlinelotto365.com\/hu\/jegyeket-vesz\/#primaryimage"},"image":{"@id":"https:\/\/onlinelotto365.com\/hu\/jegyeket-vesz\/#primaryimage"},"thumbnailUrl":"https:\/\/redfoxlotto.com\/image?size=8&amp;lottery=euromillions","datePublished":"2020-12-04T17:03:08+00:00","dateModified":"2021-03-05T13:48:25+00:00","description":"A vil\u00e1g legn\u00e9pszer\u0171bb lott\u00f3ira val\u00f3 szelv\u00e9nyv\u00e1s\u00e1rl\u00e1s sohasem volt enn\u00e9l egyszer\u0171bb \u00e9s sz\u00f3rakoztat\u00f3bb. Itt az \u00f6sszes inform\u00e1ci\u00f3, amire sz\u00fcks\u00e9ge van.","breadcrumb":{"@id":"https:\/\/onlinelotto365.com\/hu\/jegyeket-vesz\/#breadcrumb"},"inLanguage":"hu","potentialAction":[{"@type":"ReadAction","target":["https:\/\/onlinelotto365.com\/hu\/jegyeket-vesz\/"]}]},{"@type":"ImageObject","inLanguage":"hu","@id":"https:\/\/onlinelotto365.com\/hu\/jegyeket-vesz\/#primaryimage","url":"https:\/\/redfoxlotto.com\/image?size=8&amp;lottery=euromillions","contentUrl":"https:\/\/redfoxlotto.com\/image?size=8&amp;lottery=euromillions"},{"@type":"BreadcrumbList","@id":"https:\/\/onlinelotto365.com\/hu\/jegyeket-vesz\/#breadcrumb","itemListElement":[{"@type":"ListItem","position":1,"name":"Home","item":"https:\/\/onlinelotto365.com\/hu\/"},{"@type":"ListItem","position":2,"name":"Most a nagyokr\u00f3l van sz\u00f3: A vil\u00e1g legnagyobb lott\u00f3i"}]},{"@type":"WebSite","@id":"https:\/\/onlinelotto365.com\/hu\/#website","url":"https:\/\/onlinelotto365.com\/hu\/","name":"OnlineLotto365","description":"","potentialAction":[{"@type":"SearchAction","target":{"@type":"EntryPoint","urlTemplate":"https:\/\/onlinelotto365.com\/hu\/?s={search_term_string}"},"query-input":{"@type":"PropertyValueSpecification","valueRequired":true,"valueName":"search_term_string"}}],"inLanguage":"hu"}]}},"_links":{"self":[{"href":"https:\/\/onlinelotto365.com\/hu\/wp-json\/wp\/v2\/pages\/5637","targetHints":{"allow":["GET"]}}],"collection":[{"href":"https:\/\/onlinelotto365.com\/hu\/wp-json\/wp\/v2\/pages"}],"about":[{"href":"https:\/\/onlinelotto365.com\/hu\/wp-json\/wp\/v2\/types\/page"}],"author":[{"embeddable":true,"href":"https:\/\/onlinelotto365.com\/hu\/wp-json\/wp\/v2\/users\/1"}],"replies":[{"embeddable":true,"href":"https:\/\/onlinelotto365.com\/hu\/wp-json\/wp\/v2\/comments?post=5637"}],"version-history":[{"count":0,"href":"https:\/\/onlinelotto365.com\/hu\/wp-json\/wp\/v2\/pages\/5637\/revisions"}],"wp:attachment":[{"href":"https:\/\/onlinelotto365.com\/hu\/wp-json\/wp\/v2\/media?parent=5637"}],"curies":[{"name":"wp","href":"https:\/\/api.w.org\/{rel}","templated":true}]}}