{"id":5838,"date":"2020-12-05T09:25:08","date_gmt":"2020-12-05T08:25:08","guid":{"rendered":"http:\/\/onlinelotto365.net\/?page_id=5838"},"modified":"2021-03-05T15:19:59","modified_gmt":"2021-03-05T14:19:59","slug":"nyero-lottoszamok","status":"publish","type":"page","link":"https:\/\/onlinelotto365.com\/hu\/nyero-lottoszamok\/","title":{"rendered":"Nemzetk\u00f6zi lott\u00f3eredm\u00e9nyeket keresel?"},"content":{"rendered":"<p>N\u00e9zd meg itt a vil\u00e1g legnagyobb nemzetk\u00f6zi lott\u00f3z\u00f3jainak a nyer\u0151sz\u00e1mait itt! Rendszeresen friss\u00edtj\u00fck az oldalt, \u00fagyhogy b\u00e1tran gyere vissza a leg\u00fajabb sz\u00e1mok\u00e9rt! Ha b\u00e1rmelyik nemzetk\u00f6zi lott\u00f3ban r\u00e9szt vett\u00e9l, akkor rem\u00e9lj\u00fck, hogy a nyertes sz\u00e1mok n\u00e1lad vannak!<\/p>\n<p><a href=\"https:\/\/redfoxlotto.com\/?ref=a8564250a2&amp;medium=ol365\" target=\"_blank\" rel=\"noopener noreferrer\"><img loading=\"lazy\" decoding=\"async\" class=\"aligncenter\" src=\"https:\/\/redfoxlotto.com\/image?size=8&amp;lottery=eurojackpot\" alt=\"eurojackpot\" width=\"720\" height=\"90\" \/><\/a><\/p>\n<p>De a legfontosabb az, hogy ezel\u0151tt val\u00f3sz\u00edn\u0171leg nem tudtad, hogy B\u00c1RMILYEN lott\u00f3ban r\u00e9szt vehetsz a bolyg\u00f3n \u2013 m\u00e9g m\u00e1s orsz\u00e1gokban is! Online rendelhetsz jegyet olyan lott\u00f3z\u00f3khoz, mint pl. a Powerball, Mega Millions, Euromillions \u00e9s m\u00e9g sok m\u00e1s! A r\u00e9szv\u00e9telhez kattints a kedvenc lott\u00f3dn\u00e1l l\u00e1that\u00f3 \u201ePlay\u201d gombra az al\u00e1bbi tal\u00e1latok k\u00f6z\u00f6tt! Ezt k\u00f6vet\u0151en p\u00e1r perc alatt megkapod a jegyedet. Mi azt aj\u00e1nljuk, hogy a legnagyobb f\u0151nyerem\u00e9nnyel rendelkez\u0151 lott\u00f3t v\u00e1laszd!<\/p>\n","protected":false},"excerpt":{"rendered":"<p>N\u00e9zd meg itt a vil\u00e1g legnagyobb nemzetk\u00f6zi lott\u00f3z\u00f3jainak a nyer\u0151sz\u00e1mait itt! Rendszeresen friss\u00edtj\u00fck az oldalt, \u00fagyhogy b\u00e1tran gyere vissza a leg\u00fajabb sz\u00e1mok\u00e9rt! Ha b\u00e1rmelyik nemzetk\u00f6zi lott\u00f3ban r\u00e9szt vett\u00e9l, akkor rem\u00e9lj\u00fck, hogy a nyertes sz\u00e1mok n\u00e1lad vannak! De a legfontosabb az, hogy ezel\u0151tt val\u00f3sz\u00edn\u0171leg nem tudtad, hogy B\u00c1RMILYEN lott\u00f3ban r\u00e9szt vehetsz a bolyg\u00f3n \u2013 m\u00e9g m\u00e1s [&hellip;]<\/p>\n","protected":false},"author":1,"featured_media":0,"parent":0,"menu_order":4,"comment_status":"closed","ping_status":"closed","template":"Results.php","meta":{"_et_pb_use_builder":"","_et_pb_old_content":"","_et_gb_content_width":"","exclude_from_search":false,"footnotes":""},"class_list":["post-5838","page","type-page","status-publish","hentry"],"yoast_head":"<!-- This site is optimized with the Yoast SEO plugin v23.4 - https:\/\/yoast.com\/wordpress\/plugins\/seo\/ -->\n<title>Az \u00f6sszes nemzetk\u00f6zi lott\u00f3 eredm\u00e9ny | Anyer\u0151 lott\u00f3k legnagyobb sz\u00e1mai<\/title>\n<meta name=\"description\" content=\"A legnagyobb lott\u00f3k e heti lott\u00f3eredm\u00e9nyeit \u00e9s nyer\u0151sz\u00e1mait itt tal\u00e1lja\" \/>\n<meta name=\"robots\" content=\"index, follow, max-snippet:-1, max-image-preview:large, max-video-preview:-1\" \/>\n<link rel=\"canonical\" href=\"https:\/\/onlinelotto365.com\/hu\/nyero-lottoszamok\/\" \/>\n<meta property=\"og:locale\" content=\"hu_HU\" \/>\n<meta property=\"og:type\" content=\"article\" \/>\n<meta property=\"og:title\" content=\"Az \u00f6sszes nemzetk\u00f6zi lott\u00f3 eredm\u00e9ny | Anyer\u0151 lott\u00f3k legnagyobb sz\u00e1mai\" \/>\n<meta property=\"og:description\" content=\"A legnagyobb lott\u00f3k e heti lott\u00f3eredm\u00e9nyeit \u00e9s nyer\u0151sz\u00e1mait itt tal\u00e1lja\" \/>\n<meta property=\"og:url\" content=\"https:\/\/onlinelotto365.com\/hu\/nyero-lottoszamok\/\" \/>\n<meta property=\"og:site_name\" content=\"OnlineLotto365\" \/>\n<meta property=\"article:modified_time\" content=\"2021-03-05T14:19:59+00:00\" \/>\n<meta property=\"og:image\" content=\"https:\/\/redfoxlotto.com\/image?size=8&amp;lottery=eurojackpot\" \/>\n<meta name=\"twitter:card\" content=\"summary_large_image\" \/>\n<meta name=\"twitter:label1\" content=\"Becs\u00fclt olvas\u00e1si id\u0151\" \/>\n\t<meta name=\"twitter:data1\" content=\"1 perc\" \/>\n<script type=\"application\/ld+json\" class=\"yoast-schema-graph\">{\"@context\":\"https:\/\/schema.org\",\"@graph\":[{\"@type\":\"WebPage\",\"@id\":\"https:\/\/onlinelotto365.com\/hu\/nyero-lottoszamok\/\",\"url\":\"https:\/\/onlinelotto365.com\/hu\/nyero-lottoszamok\/\",\"name\":\"Az \u00f6sszes nemzetk\u00f6zi lott\u00f3 eredm\u00e9ny | Anyer\u0151 lott\u00f3k legnagyobb sz\u00e1mai\",\"isPartOf\":{\"@id\":\"https:\/\/onlinelotto365.com\/hu\/#website\"},\"primaryImageOfPage\":{\"@id\":\"https:\/\/onlinelotto365.com\/hu\/nyero-lottoszamok\/#primaryimage\"},\"image\":{\"@id\":\"https:\/\/onlinelotto365.com\/hu\/nyero-lottoszamok\/#primaryimage\"},\"thumbnailUrl\":\"https:\/\/redfoxlotto.com\/image?size=8&amp;lottery=eurojackpot\",\"datePublished\":\"2020-12-05T08:25:08+00:00\",\"dateModified\":\"2021-03-05T14:19:59+00:00\",\"description\":\"A legnagyobb lott\u00f3k e heti lott\u00f3eredm\u00e9nyeit \u00e9s nyer\u0151sz\u00e1mait itt tal\u00e1lja\",\"breadcrumb\":{\"@id\":\"https:\/\/onlinelotto365.com\/hu\/nyero-lottoszamok\/#breadcrumb\"},\"inLanguage\":\"hu\",\"potentialAction\":[{\"@type\":\"ReadAction\",\"target\":[\"https:\/\/onlinelotto365.com\/hu\/nyero-lottoszamok\/\"]}]},{\"@type\":\"ImageObject\",\"inLanguage\":\"hu\",\"@id\":\"https:\/\/onlinelotto365.com\/hu\/nyero-lottoszamok\/#primaryimage\",\"url\":\"https:\/\/redfoxlotto.com\/image?size=8&amp;lottery=eurojackpot\",\"contentUrl\":\"https:\/\/redfoxlotto.com\/image?size=8&amp;lottery=eurojackpot\"},{\"@type\":\"BreadcrumbList\",\"@id\":\"https:\/\/onlinelotto365.com\/hu\/nyero-lottoszamok\/#breadcrumb\",\"itemListElement\":[{\"@type\":\"ListItem\",\"position\":1,\"name\":\"Home\",\"item\":\"https:\/\/onlinelotto365.com\/hu\/\"},{\"@type\":\"ListItem\",\"position\":2,\"name\":\"Nemzetk\u00f6zi lott\u00f3eredm\u00e9nyeket keresel?\"}]},{\"@type\":\"WebSite\",\"@id\":\"https:\/\/onlinelotto365.com\/hu\/#website\",\"url\":\"https:\/\/onlinelotto365.com\/hu\/\",\"name\":\"OnlineLotto365\",\"description\":\"\",\"potentialAction\":[{\"@type\":\"SearchAction\",\"target\":{\"@type\":\"EntryPoint\",\"urlTemplate\":\"https:\/\/onlinelotto365.com\/hu\/?s={search_term_string}\"},\"query-input\":{\"@type\":\"PropertyValueSpecification\",\"valueRequired\":true,\"valueName\":\"search_term_string\"}}],\"inLanguage\":\"hu\"}]}<\/script>\n<!-- \/ Yoast SEO plugin. -->","yoast_head_json":{"title":"Az \u00f6sszes nemzetk\u00f6zi lott\u00f3 eredm\u00e9ny | Anyer\u0151 lott\u00f3k legnagyobb sz\u00e1mai","description":"A legnagyobb lott\u00f3k e heti lott\u00f3eredm\u00e9nyeit \u00e9s nyer\u0151sz\u00e1mait itt tal\u00e1lja","robots":{"index":"index","follow":"follow","max-snippet":"max-snippet:-1","max-image-preview":"max-image-preview:large","max-video-preview":"max-video-preview:-1"},"canonical":"https:\/\/onlinelotto365.com\/hu\/nyero-lottoszamok\/","og_locale":"hu_HU","og_type":"article","og_title":"Az \u00f6sszes nemzetk\u00f6zi lott\u00f3 eredm\u00e9ny | Anyer\u0151 lott\u00f3k legnagyobb sz\u00e1mai","og_description":"A legnagyobb lott\u00f3k e heti lott\u00f3eredm\u00e9nyeit \u00e9s nyer\u0151sz\u00e1mait itt tal\u00e1lja","og_url":"https:\/\/onlinelotto365.com\/hu\/nyero-lottoszamok\/","og_site_name":"OnlineLotto365","article_modified_time":"2021-03-05T14:19:59+00:00","og_image":[{"url":"https:\/\/redfoxlotto.com\/image?size=8&amp;lottery=eurojackpot"}],"twitter_card":"summary_large_image","twitter_misc":{"Becs\u00fclt olvas\u00e1si id\u0151":"1 perc"},"schema":{"@context":"https:\/\/schema.org","@graph":[{"@type":"WebPage","@id":"https:\/\/onlinelotto365.com\/hu\/nyero-lottoszamok\/","url":"https:\/\/onlinelotto365.com\/hu\/nyero-lottoszamok\/","name":"Az \u00f6sszes nemzetk\u00f6zi lott\u00f3 eredm\u00e9ny | Anyer\u0151 lott\u00f3k legnagyobb sz\u00e1mai","isPartOf":{"@id":"https:\/\/onlinelotto365.com\/hu\/#website"},"primaryImageOfPage":{"@id":"https:\/\/onlinelotto365.com\/hu\/nyero-lottoszamok\/#primaryimage"},"image":{"@id":"https:\/\/onlinelotto365.com\/hu\/nyero-lottoszamok\/#primaryimage"},"thumbnailUrl":"https:\/\/redfoxlotto.com\/image?size=8&amp;lottery=eurojackpot","datePublished":"2020-12-05T08:25:08+00:00","dateModified":"2021-03-05T14:19:59+00:00","description":"A legnagyobb lott\u00f3k e heti lott\u00f3eredm\u00e9nyeit \u00e9s nyer\u0151sz\u00e1mait itt tal\u00e1lja","breadcrumb":{"@id":"https:\/\/onlinelotto365.com\/hu\/nyero-lottoszamok\/#breadcrumb"},"inLanguage":"hu","potentialAction":[{"@type":"ReadAction","target":["https:\/\/onlinelotto365.com\/hu\/nyero-lottoszamok\/"]}]},{"@type":"ImageObject","inLanguage":"hu","@id":"https:\/\/onlinelotto365.com\/hu\/nyero-lottoszamok\/#primaryimage","url":"https:\/\/redfoxlotto.com\/image?size=8&amp;lottery=eurojackpot","contentUrl":"https:\/\/redfoxlotto.com\/image?size=8&amp;lottery=eurojackpot"},{"@type":"BreadcrumbList","@id":"https:\/\/onlinelotto365.com\/hu\/nyero-lottoszamok\/#breadcrumb","itemListElement":[{"@type":"ListItem","position":1,"name":"Home","item":"https:\/\/onlinelotto365.com\/hu\/"},{"@type":"ListItem","position":2,"name":"Nemzetk\u00f6zi lott\u00f3eredm\u00e9nyeket keresel?"}]},{"@type":"WebSite","@id":"https:\/\/onlinelotto365.com\/hu\/#website","url":"https:\/\/onlinelotto365.com\/hu\/","name":"OnlineLotto365","description":"","potentialAction":[{"@type":"SearchAction","target":{"@type":"EntryPoint","urlTemplate":"https:\/\/onlinelotto365.com\/hu\/?s={search_term_string}"},"query-input":{"@type":"PropertyValueSpecification","valueRequired":true,"valueName":"search_term_string"}}],"inLanguage":"hu"}]}},"_links":{"self":[{"href":"https:\/\/onlinelotto365.com\/hu\/wp-json\/wp\/v2\/pages\/5838","targetHints":{"allow":["GET"]}}],"collection":[{"href":"https:\/\/onlinelotto365.com\/hu\/wp-json\/wp\/v2\/pages"}],"about":[{"href":"https:\/\/onlinelotto365.com\/hu\/wp-json\/wp\/v2\/types\/page"}],"author":[{"embeddable":true,"href":"https:\/\/onlinelotto365.com\/hu\/wp-json\/wp\/v2\/users\/1"}],"replies":[{"embeddable":true,"href":"https:\/\/onlinelotto365.com\/hu\/wp-json\/wp\/v2\/comments?post=5838"}],"version-history":[{"count":0,"href":"https:\/\/onlinelotto365.com\/hu\/wp-json\/wp\/v2\/pages\/5838\/revisions"}],"wp:attachment":[{"href":"https:\/\/onlinelotto365.com\/hu\/wp-json\/wp\/v2\/media?parent=5838"}],"curies":[{"name":"wp","href":"https:\/\/api.w.org\/{rel}","templated":true}]}}