{"id":79092,"date":"2022-11-01T11:52:03","date_gmt":"2022-11-01T10:52:03","guid":{"rendered":"https:\/\/onlinelotto365.com\/?page_id=79092"},"modified":"2022-11-09T13:00:57","modified_gmt":"2022-11-09T12:00:57","slug":"mon-wed-lotto","status":"publish","type":"page","link":"https:\/\/onlinelotto365.com\/hu\/jatsszon\/mon-wed-lotto\/","title":{"rendered":"A Mon &#038; Wed Lotto Ausztr\u00e1lia csak az egyik lehet\u0151s\u00e9g a lott\u00f3 rajong\u00f3k sz\u00e1m\u00e1ra Magyarorsz\u00e1gr\u00f3l."},"content":{"rendered":"<h2>Hogyan j\u00e1tsszon Mon &amp; Wed Lotto Ausztr\u00e1lia online<\/h2>\n<p>Ha Magyarorsz\u00e1gon tart\u00f3zkodik, nem kell, hogy neh\u00e9z legyen Mon &amp; Wed Lotto Ausztr\u00e1li\u00e1ban online j\u00e1tszani. Csak ki kell tal\u00e1lnod, hogy milyen m\u00f3don fogod csin\u00e1lni, \u00e9s hogyan fogod megszerezni a k\u00f6vetkez\u0151 sorsol\u00e1sra a k\u00edv\u00e1nt szelv\u00e9nyeket. Ebben mi seg\u00edthet\u00fcnk \u00d6nnek.<\/p>\n<p>Rendszer\u00fcnk gondoskodik arr\u00f3l, hogy v\u00e9gig a helyes \u00faton haladjon. Mind\u00f6ssze annyit kell tennie, hogy l\u00e9trehozza a fi\u00f3kj\u00e1t, kiv\u00e1lasztja a k\u00edv\u00e1nt szelv\u00e9nyeket \u00e9s sz\u00e1mokat, majd kifizeti azokat a k\u00edv\u00e1nt fizet\u00e9si m\u00f3ddal. Csak ennyi, \u00e9s m\u00e1ris k\u00e9szen \u00e1llsz, \u00e9s v\u00e1rhatod a k\u00f6vetkez\u0151 sorsol\u00e1st, hogy ellen\u0151rizhesd a szelv\u00e9nyeidet.<\/p>\n<p>Ha k\u00e9szen \u00e1llsz arra, hogy kiv\u00e1laszd az els\u0151 szelv\u00e9nyeket, m\u00e1r csak a megfelel\u0151 j\u00e1t\u00e9kot kell kiv\u00e1lasztanod. Ebben az esetben a Mon &amp; Wed Lotto Australia j\u00e1t\u00e9kr\u00f3l besz\u00e9l\u00fcnk. V\u00e1lassza ki teh\u00e1t a megfelel\u0151 j\u00e1t\u00e9kot, \u00e9s kezdje el a sz\u00e1mok kiv\u00e1laszt\u00e1s\u00e1t.<br \/>\nVagy v\u00e1lasszon egy gyors v\u00e1laszt\u00e1st, ahol a sz\u00e1m\u00edt\u00f3g\u00e9p v\u00e9letlenszer\u0171en v\u00e1lasztja ki a sz\u00e1mokat \u00d6n helyett. Ha meggondoln\u00e1 mag\u00e1t, m\u00e9g mindig m\u00f3dos\u00edthatja ezeket a sz\u00e1mokat, \u00edgy minden egyes sorsol\u00e1son a k\u00edv\u00e1nt sz\u00e1mokat kapja meg.<\/p>\n<p>Miut\u00e1n kiv\u00e1lasztotta a Mon &amp; Wed Lotto Australia sz\u00e1mokat, kiv\u00e1laszthat n\u00e9h\u00e1ny szelv\u00e9nyt b\u00e1rmely m\u00e1s j\u00e1t\u00e9khoz, amelyet j\u00e1tszani szeretne, \u00e9s kijelentkezhet. A p\u00e9nzt\u00e1ri folyamat biztons\u00e1gos, \u00e9s azt is biztos\u00edtja, hogy \u00d6n az, aki a szelv\u00e9nyeket megv\u00e1s\u00e1rolja. Ellen\u0151riznie kell a fi\u00f3kj\u00e1t (\u00e9s l\u00e9tre kell hoznia egyet), majd elkezdheti megv\u00e1s\u00e1rolni a k\u00edv\u00e1nt szelv\u00e9nyeket.<\/p>\n<p>Csak hozzon l\u00e9tre egy fi\u00f3kot a szem\u00e9lyes adataival, \u00e9s kattintson az \u00e1ltalunk k\u00fcld\u00f6tt ellen\u0151rz\u0151 e-mailben tal\u00e1lhat\u00f3 linkre. Lehet, hogy a spam mapp\u00e1dban van, ha m\u00e9g nem adt\u00e1l hozz\u00e1 minket a c\u00edmjegyz\u00e9kedhez, sz\u00f3val figyelj oda, hogy ne t\u00e9veszd szem el\u0151l. Onnan kezdve a fi\u00f3kod k\u00e9szen \u00e1ll, \u00e9s elkezdheted megv\u00e1s\u00e1rolni a k\u00edv\u00e1nt jegyeket.<\/p>\n<p><a href=\"https:\/\/redfoxlotto.com\/play\/monday-wednesday-lotto-au\/?ref=a8564250a2&amp;medium=ol365\" target=\"_blank\" rel=\"noopener noreferrer\"><img decoding=\"async\" class=\"aligncenter\" src=\"https:\/\/redfoxlotto.com\/image?size=8&amp;lottery=monday-wednesday-lotto-au\" alt=\"Mon &amp; Wed Lotto Ausztr\u00e1lia\" \/><\/a><\/p>\n<h2>A Mon &amp; Wed lott\u00f3r\u00f3l Ausztr\u00e1lia<\/h2>\n<ul>\n<li>Orsz\u00e1g: Ausztr\u00e1lia<\/li>\n<li>F\u0151 sz\u00e1mtartom\u00e1ny: 45<\/li>\n<li>Ki kell v\u00e1lasztania: 6<\/li>\n<li>Napok, \u00f3r\u00e1k a sorsol\u00e1sokhoz: H\u00e9tf\u0151, szerda, 21:30 GMT+11 &#8211; 10:30 CET<\/li>\n<li>A jackpot indul: AU$ 2,5 milli\u00f3<\/li>\n<li>A jackpot fels\u0151 hat\u00e1ra: fix jackpot<\/li>\n<li>A jackpot megnyer\u00e9s\u00e9nek es\u00e9lye: 1 a 8145060-hoz<\/li>\n<li>Es\u00e9ly a m\u00e1sodik d\u00edj megnyer\u00e9s\u00e9re: 1:678755-hez<\/li>\n<li>Es\u00e9ly b\u00e1rmely nyerem\u00e9ny megnyer\u00e9s\u00e9re: 1:85,44-hez<\/li>\n<li>A nyerem\u00e9nykateg\u00f3ri\u00e1k sz\u00e1ma: A nyerem\u00e9nykateg\u00f3ri\u00e1k sz\u00e1ma: 6<\/li>\n<\/ul>\n<h2>A Mon &amp; Wed Lotto Australia legjobb jellemz\u0151i<\/h2>\n<p>A hetente k\u00e9tszer kisorsolt Mon &amp; Wed Lotto Australia j\u00e1t\u00e9kban es\u00e9lyt kaphat a milli\u00f3s nyerem\u00e9nyekb\u0151l val\u00f3 r\u00e9szesed\u00e9sre. \u00d6nnek pedig csak annyit kell tennie, hogy ad egy es\u00e9lyt, \u00e9s beker\u00fcl az 1. oszt\u00e1ly nyerem\u00e9nyalapj\u00e1ba. Soha nem tudhatod, mit nyerhetsz.<\/p>\n<h2>Hogyan ellen\u0151rizheti a Mon &amp; Wed Lotto Australia eredm\u00e9nyeit?<\/h2>\n<p>Amikor az eredm\u00e9nyek ellen\u0151rz\u00e9s\u00e9re ker\u00fcl sor, meglep\u0151dhet, hogy mennyi helyre eljuthat. Megn\u00e9zheti a lott\u00f3 honlapj\u00e1t, hogy r\u00f6gt\u00f6n a sorsol\u00e1s ut\u00e1n megtal\u00e1lja a sz\u00e1mokat. A helyi \u00fajs\u00e1gokat \u00e9s tv-\u00e1llom\u00e1sokat is ellen\u0151rizheti a sorsol\u00e1s ut\u00e1n.<br \/>\nDe ha gyorsan \u00e9s egyszer\u0171en szeretn\u00e9 megtudni az eredm\u00e9nyeket, akkor \u00e9rdemes megn\u00e9znie a weboldalunkat, ahol a szelv\u00e9nyeit v\u00e1s\u00e1rolta. Nemcsak a nyertes sz\u00e1mokat tal\u00e1lja meg, hanem a sz\u00e1mokkal val\u00f3 \u00f6sszehasonl\u00edt\u00e1st is.<\/p>\n<h2>H\u00e9tf\u0151n \u00e9s szerd\u00e1n lott\u00f3zott Ausztr\u00e1li\u00e1ban online \u00e9s nyert &#8211; mi k\u00f6vetkezik ezut\u00e1n?<\/h2>\n<p>N\u00e9zd meg a nyer\u0151sz\u00e1mokat, a te sz\u00e1maidat \u00e9s azt, hogy mennyit nyert\u00e9l a j\u00e1t\u00e9kon. Ha 2500 eur\u00f3n\u00e1l kevesebbet nyert\u00e9l, akkor semmit sem kell tenned. A p\u00e9nz m\u00e1r a sz\u00e1ml\u00e1j\u00e1n lesz.<br \/>\n\u00c9s ha m\u00e1r a sz\u00e1ml\u00e1don van, csak annyit kell tenned, hogy kiveszed (ha t\u00f6bb mint 10 \u20ac), vagy elk\u00f6lt\u00f6d n\u00e9h\u00e1ny \u00fajabb lott\u00f3szelv\u00e9nyre. A p\u00e9nzt addig hagyhatja a sz\u00e1ml\u00e1j\u00e1n, am\u00edg csak akarja, \u00edgy mindig ott van.<br \/>\nHa azonban szerencs\u00e9s vagy, \u00e9s t\u00f6bb mint 2500 eur\u00f3t nyersz, akkor kapsz egy \u00fczenetet az \u00fcgyf\u00e9lszolg\u00e1latunkt\u00f3l. \u0150k seg\u00edtenek neked kital\u00e1lni a k\u00f6vetkez\u0151 l\u00e9p\u00e9seket, bele\u00e9rtve egy ig\u00e9nyl\u0151lap kit\u00f6lt\u00e9s\u00e9t, hogy megkapd a nyerem\u00e9nyedet. Ezut\u00e1n pedig a p\u00e9nzed k\u00f6zvetlen\u00fcl a banksz\u00e1ml\u00e1dra ker\u00fcl, vagy csekken k\u00fcldj\u00fck el neked.<\/p>\n","protected":false},"excerpt":{"rendered":"<p>Hogyan j\u00e1tsszon Mon &amp; Wed Lotto Ausztr\u00e1lia online Ha Magyarorsz\u00e1gon tart\u00f3zkodik, nem kell, hogy neh\u00e9z legyen Mon &amp; Wed Lotto Ausztr\u00e1li\u00e1ban online j\u00e1tszani. Csak ki kell tal\u00e1lnod, hogy milyen m\u00f3don fogod csin\u00e1lni, \u00e9s hogyan fogod megszerezni a k\u00f6vetkez\u0151 sorsol\u00e1sra a k\u00edv\u00e1nt szelv\u00e9nyeket. Ebben mi seg\u00edthet\u00fcnk \u00d6nnek. Rendszer\u00fcnk gondoskodik arr\u00f3l, hogy v\u00e9gig a helyes \u00faton haladjon. [&hellip;]<\/p>\n","protected":false},"author":1,"featured_media":0,"parent":5022,"menu_order":16,"comment_status":"closed","ping_status":"closed","template":"template-rightsidebar.php","meta":{"_et_pb_use_builder":"","_et_pb_old_content":"","_et_gb_content_width":"","exclude_from_search":false,"footnotes":""},"class_list":["post-79092","page","type-page","status-publish","hentry"],"yoast_head":"<!-- This site is optimized with the Yoast SEO plugin v23.4 - https:\/\/yoast.com\/wordpress\/plugins\/seo\/ -->\n<title>Vegyen r\u00e9szt a Mon &amp; Wed Lotto Ausztr\u00e1li\u00e1ban ak\u00e1r Magyarorsz\u00e1gr\u00f3l is<\/title>\n<meta name=\"description\" content=\"Szeretne j\u00e1tszani az ausztr\u00e1l Mon &amp; Wed lott\u00f3n? Szerezzen szelv\u00e9nyeket itt!\" \/>\n<meta name=\"robots\" content=\"index, follow, max-snippet:-1, max-image-preview:large, max-video-preview:-1\" \/>\n<link rel=\"canonical\" href=\"https:\/\/onlinelotto365.com\/hu\/jatsszon\/mon-wed-lotto\/\" \/>\n<meta property=\"og:locale\" content=\"hu_HU\" \/>\n<meta property=\"og:type\" content=\"article\" \/>\n<meta property=\"og:title\" content=\"Vegyen r\u00e9szt a Mon &amp; Wed Lotto Ausztr\u00e1li\u00e1ban ak\u00e1r Magyarorsz\u00e1gr\u00f3l is\" \/>\n<meta property=\"og:description\" content=\"Szeretne j\u00e1tszani az ausztr\u00e1l Mon &amp; Wed lott\u00f3n? Szerezzen szelv\u00e9nyeket itt!\" \/>\n<meta property=\"og:url\" content=\"https:\/\/onlinelotto365.com\/hu\/jatsszon\/mon-wed-lotto\/\" \/>\n<meta property=\"og:site_name\" content=\"OnlineLotto365\" \/>\n<meta property=\"article:modified_time\" content=\"2022-11-09T12:00:57+00:00\" \/>\n<meta property=\"og:image\" content=\"https:\/\/redfoxlotto.com\/image?size=8&amp;lottery=monday-wednesday-lotto-au\" \/>\n<meta name=\"twitter:card\" content=\"summary_large_image\" \/>\n<meta name=\"twitter:label1\" content=\"Becs\u00fclt olvas\u00e1si id\u0151\" \/>\n\t<meta name=\"twitter:data1\" content=\"3 perc\" \/>\n<script type=\"application\/ld+json\" class=\"yoast-schema-graph\">{\"@context\":\"https:\/\/schema.org\",\"@graph\":[{\"@type\":\"WebPage\",\"@id\":\"https:\/\/onlinelotto365.com\/hu\/jatsszon\/mon-wed-lotto\/\",\"url\":\"https:\/\/onlinelotto365.com\/hu\/jatsszon\/mon-wed-lotto\/\",\"name\":\"Vegyen r\u00e9szt a Mon & Wed Lotto Ausztr\u00e1li\u00e1ban ak\u00e1r Magyarorsz\u00e1gr\u00f3l is\",\"isPartOf\":{\"@id\":\"https:\/\/onlinelotto365.com\/hu\/#website\"},\"primaryImageOfPage\":{\"@id\":\"https:\/\/onlinelotto365.com\/hu\/jatsszon\/mon-wed-lotto\/#primaryimage\"},\"image\":{\"@id\":\"https:\/\/onlinelotto365.com\/hu\/jatsszon\/mon-wed-lotto\/#primaryimage\"},\"thumbnailUrl\":\"https:\/\/redfoxlotto.com\/image?size=8&amp;lottery=monday-wednesday-lotto-au\",\"datePublished\":\"2022-11-01T10:52:03+00:00\",\"dateModified\":\"2022-11-09T12:00:57+00:00\",\"description\":\"Szeretne j\u00e1tszani az ausztr\u00e1l Mon & Wed lott\u00f3n? Szerezzen szelv\u00e9nyeket itt!\",\"breadcrumb\":{\"@id\":\"https:\/\/onlinelotto365.com\/hu\/jatsszon\/mon-wed-lotto\/#breadcrumb\"},\"inLanguage\":\"hu\",\"potentialAction\":[{\"@type\":\"ReadAction\",\"target\":[\"https:\/\/onlinelotto365.com\/hu\/jatsszon\/mon-wed-lotto\/\"]}]},{\"@type\":\"ImageObject\",\"inLanguage\":\"hu\",\"@id\":\"https:\/\/onlinelotto365.com\/hu\/jatsszon\/mon-wed-lotto\/#primaryimage\",\"url\":\"https:\/\/redfoxlotto.com\/image?size=8&amp;lottery=monday-wednesday-lotto-au\",\"contentUrl\":\"https:\/\/redfoxlotto.com\/image?size=8&amp;lottery=monday-wednesday-lotto-au\"},{\"@type\":\"BreadcrumbList\",\"@id\":\"https:\/\/onlinelotto365.com\/hu\/jatsszon\/mon-wed-lotto\/#breadcrumb\",\"itemListElement\":[{\"@type\":\"ListItem\",\"position\":1,\"name\":\"Home\",\"item\":\"https:\/\/onlinelotto365.com\/hu\/\"},{\"@type\":\"ListItem\",\"position\":2,\"name\":\"Minden, amit tudnia kell a legjobb online lott\u00f3j\u00e1t\u00e9kok j\u00e1t\u00e9klehet\u0151s\u00e9g\u00e9r\u0151l\",\"item\":\"https:\/\/onlinelotto365.com\/hu\/play\/\"},{\"@type\":\"ListItem\",\"position\":3,\"name\":\"A Mon &#038; Wed Lotto Ausztr\u00e1lia csak az egyik lehet\u0151s\u00e9g a lott\u00f3 rajong\u00f3k sz\u00e1m\u00e1ra Magyarorsz\u00e1gr\u00f3l.\"}]},{\"@type\":\"WebSite\",\"@id\":\"https:\/\/onlinelotto365.com\/hu\/#website\",\"url\":\"https:\/\/onlinelotto365.com\/hu\/\",\"name\":\"OnlineLotto365\",\"description\":\"\",\"potentialAction\":[{\"@type\":\"SearchAction\",\"target\":{\"@type\":\"EntryPoint\",\"urlTemplate\":\"https:\/\/onlinelotto365.com\/hu\/?s={search_term_string}\"},\"query-input\":{\"@type\":\"PropertyValueSpecification\",\"valueRequired\":true,\"valueName\":\"search_term_string\"}}],\"inLanguage\":\"hu\"}]}<\/script>\n<!-- \/ Yoast SEO plugin. -->","yoast_head_json":{"title":"Vegyen r\u00e9szt a Mon & Wed Lotto Ausztr\u00e1li\u00e1ban ak\u00e1r Magyarorsz\u00e1gr\u00f3l is","description":"Szeretne j\u00e1tszani az ausztr\u00e1l Mon & Wed lott\u00f3n? Szerezzen szelv\u00e9nyeket itt!","robots":{"index":"index","follow":"follow","max-snippet":"max-snippet:-1","max-image-preview":"max-image-preview:large","max-video-preview":"max-video-preview:-1"},"canonical":"https:\/\/onlinelotto365.com\/hu\/jatsszon\/mon-wed-lotto\/","og_locale":"hu_HU","og_type":"article","og_title":"Vegyen r\u00e9szt a Mon & Wed Lotto Ausztr\u00e1li\u00e1ban ak\u00e1r Magyarorsz\u00e1gr\u00f3l is","og_description":"Szeretne j\u00e1tszani az ausztr\u00e1l Mon & Wed lott\u00f3n? Szerezzen szelv\u00e9nyeket itt!","og_url":"https:\/\/onlinelotto365.com\/hu\/jatsszon\/mon-wed-lotto\/","og_site_name":"OnlineLotto365","article_modified_time":"2022-11-09T12:00:57+00:00","og_image":[{"url":"https:\/\/redfoxlotto.com\/image?size=8&amp;lottery=monday-wednesday-lotto-au"}],"twitter_card":"summary_large_image","twitter_misc":{"Becs\u00fclt olvas\u00e1si id\u0151":"3 perc"},"schema":{"@context":"https:\/\/schema.org","@graph":[{"@type":"WebPage","@id":"https:\/\/onlinelotto365.com\/hu\/jatsszon\/mon-wed-lotto\/","url":"https:\/\/onlinelotto365.com\/hu\/jatsszon\/mon-wed-lotto\/","name":"Vegyen r\u00e9szt a Mon & Wed Lotto Ausztr\u00e1li\u00e1ban ak\u00e1r Magyarorsz\u00e1gr\u00f3l is","isPartOf":{"@id":"https:\/\/onlinelotto365.com\/hu\/#website"},"primaryImageOfPage":{"@id":"https:\/\/onlinelotto365.com\/hu\/jatsszon\/mon-wed-lotto\/#primaryimage"},"image":{"@id":"https:\/\/onlinelotto365.com\/hu\/jatsszon\/mon-wed-lotto\/#primaryimage"},"thumbnailUrl":"https:\/\/redfoxlotto.com\/image?size=8&amp;lottery=monday-wednesday-lotto-au","datePublished":"2022-11-01T10:52:03+00:00","dateModified":"2022-11-09T12:00:57+00:00","description":"Szeretne j\u00e1tszani az ausztr\u00e1l Mon & Wed lott\u00f3n? Szerezzen szelv\u00e9nyeket itt!","breadcrumb":{"@id":"https:\/\/onlinelotto365.com\/hu\/jatsszon\/mon-wed-lotto\/#breadcrumb"},"inLanguage":"hu","potentialAction":[{"@type":"ReadAction","target":["https:\/\/onlinelotto365.com\/hu\/jatsszon\/mon-wed-lotto\/"]}]},{"@type":"ImageObject","inLanguage":"hu","@id":"https:\/\/onlinelotto365.com\/hu\/jatsszon\/mon-wed-lotto\/#primaryimage","url":"https:\/\/redfoxlotto.com\/image?size=8&amp;lottery=monday-wednesday-lotto-au","contentUrl":"https:\/\/redfoxlotto.com\/image?size=8&amp;lottery=monday-wednesday-lotto-au"},{"@type":"BreadcrumbList","@id":"https:\/\/onlinelotto365.com\/hu\/jatsszon\/mon-wed-lotto\/#breadcrumb","itemListElement":[{"@type":"ListItem","position":1,"name":"Home","item":"https:\/\/onlinelotto365.com\/hu\/"},{"@type":"ListItem","position":2,"name":"Minden, amit tudnia kell a legjobb online lott\u00f3j\u00e1t\u00e9kok j\u00e1t\u00e9klehet\u0151s\u00e9g\u00e9r\u0151l","item":"https:\/\/onlinelotto365.com\/hu\/play\/"},{"@type":"ListItem","position":3,"name":"A Mon &#038; Wed Lotto Ausztr\u00e1lia csak az egyik lehet\u0151s\u00e9g a lott\u00f3 rajong\u00f3k sz\u00e1m\u00e1ra Magyarorsz\u00e1gr\u00f3l."}]},{"@type":"WebSite","@id":"https:\/\/onlinelotto365.com\/hu\/#website","url":"https:\/\/onlinelotto365.com\/hu\/","name":"OnlineLotto365","description":"","potentialAction":[{"@type":"SearchAction","target":{"@type":"EntryPoint","urlTemplate":"https:\/\/onlinelotto365.com\/hu\/?s={search_term_string}"},"query-input":{"@type":"PropertyValueSpecification","valueRequired":true,"valueName":"search_term_string"}}],"inLanguage":"hu"}]}},"_links":{"self":[{"href":"https:\/\/onlinelotto365.com\/hu\/wp-json\/wp\/v2\/pages\/79092","targetHints":{"allow":["GET"]}}],"collection":[{"href":"https:\/\/onlinelotto365.com\/hu\/wp-json\/wp\/v2\/pages"}],"about":[{"href":"https:\/\/onlinelotto365.com\/hu\/wp-json\/wp\/v2\/types\/page"}],"author":[{"embeddable":true,"href":"https:\/\/onlinelotto365.com\/hu\/wp-json\/wp\/v2\/users\/1"}],"replies":[{"embeddable":true,"href":"https:\/\/onlinelotto365.com\/hu\/wp-json\/wp\/v2\/comments?post=79092"}],"version-history":[{"count":0,"href":"https:\/\/onlinelotto365.com\/hu\/wp-json\/wp\/v2\/pages\/79092\/revisions"}],"up":[{"embeddable":true,"href":"https:\/\/onlinelotto365.com\/hu\/wp-json\/wp\/v2\/pages\/5022"}],"wp:attachment":[{"href":"https:\/\/onlinelotto365.com\/hu\/wp-json\/wp\/v2\/media?parent=79092"}],"curies":[{"name":"wp","href":"https:\/\/api.w.org\/{rel}","templated":true}]}}