{"id":79139,"date":"2022-11-01T13:57:52","date_gmt":"2022-11-01T12:57:52","guid":{"rendered":"https:\/\/onlinelotto365.com\/?page_id=79139"},"modified":"2022-11-01T13:57:52","modified_gmt":"2022-11-01T12:57:52","slug":"euromillions","status":"publish","type":"page","link":"https:\/\/onlinelotto365.com\/hu\/jatsszon\/euromillions\/","title":{"rendered":"Az EuroMillions Eur\u00f3pa legnagyobb lott\u00f3j\u00e1t\u00e9ka."},"content":{"rendered":"<p>Az EuroMillions 2004-ben indult Franciaorsz\u00e1g, Spanyolorsz\u00e1g \u00e9s az Egyes\u00fclt Kir\u00e1lys\u00e1g nemzeti lott\u00f3szervez\u0151inek egy\u00fcttm\u0171k\u00f6d\u00e9s\u00e9vel. Az orsz\u00e1gok k\u00f6z\u00f6tti meg\u00e1llapod\u00e1s megk\u00f6t\u00e9se t\u00edz \u00e9vig tartott, \u00edgy amikor elkezd\u0151d\u00f6tt, a szervez\u00e9s minden bizonnyal nagyon j\u00f3l siker\u00fclt, \u00e9s ez a mai napig \u00edgy van.<\/p>\n<p>A terv az volt, hogy e h\u00e1rom orsz\u00e1g lott\u00f3j\u00e1t\u00e9kosainak lehet\u0151s\u00e9get biztos\u00edtsanak arra, hogy a kor\u00e1bban el\u00e9rhet\u0151n\u00e9l sokkal nagyobb jackpotok\u00e9rt j\u00e1tszhassanak. Mivel a hatalmas jackpotok az, ami itt igaz\u00e1n izgalmass\u00e1 teszi a lott\u00f3t, az elv\u00e1r\u00e1s az volt, hogy ez az \u00faj lott\u00f3 \u00f3ri\u00e1si siker lesz, \u00e9s h\u00e9tr\u0151l h\u00e9tre fantasztikus jackpotokat gener\u00e1l majd. Pontosan ez t\u00f6rt\u00e9nt.<\/p>\n<p>Ahogy a lott\u00f3 sikere n\u0151tt, egyre t\u00f6bb orsz\u00e1g csatlakozott a partners\u00e9ghez, \u00e9s ma m\u00e1r \u00f6sszesen kilenc k\u00fcl\u00f6nb\u00f6z\u0151 orsz\u00e1g vesz r\u00e9szt benne. A jackpotok mindig a legnagyobbak k\u00f6z\u00f6tt vannak a vil\u00e1gon, 17 milli\u00f3 eur\u00f3n\u00e1l kezd\u0151dnek, \u00e9s onnan tov\u00e1bb n\u0151nek.<\/p>\n<h2>M\u00e1r nem kell ezen orsz\u00e1gok egyik\u00e9ben sem \u00e9lnie ahhoz, hogy r\u00e9szt vehessen ebben a lott\u00f3j\u00e1t\u00e9kban<\/h2>\n<p>Mivel az EuroMillions t\u00f6rt\u00e9nelmileg csak kilenc kiv\u00e1lasztott eur\u00f3pai orsz\u00e1gban volt el\u00e9rhet\u0151, a legt\u00f6bben itt maradtunk ki a slamasztik\u00e1b\u00f3l, ami a j\u00e1t\u00e9k \u00e9lvezet\u00e9t illeti. Val\u00f3j\u00e1ban ez a lott\u00f3j\u00e1t\u00e9k a t\u00f6bbiek sz\u00e1m\u00e1ra m\u00e9g csak sz\u00f3ba sem j\u00f6hetett, eg\u00e9szen a k\u00f6zelm\u00faltig.<br \/>\n<a href=\"https:\/\/redfoxlotto.com\/play\/euromillions\/?ref=a8564250a2&amp;medium=ol365\" target=\"_blank\" rel=\"noopener noreferrer\"><img loading=\"lazy\" decoding=\"async\" class=\"aligncenter\" src=\"https:\/\/redfoxlotto.com\/image?size=8&amp;lottery=euromillions\" alt=\"euromillions\" width=\"720\" height=\"90\" \/><\/a><\/p>\n<p>Az Ausztr\u00e1li\u00e1b\u00f3l \u00e9s m\u00e1shonnan \u00e9rkez\u0151 lott\u00f3j\u00e1t\u00e9kosok, akik k\u00f6z\u00fcl\u00fcnk j\u00f3l \u00e9rtes\u00fcltek, mostanra r\u00e1j\u00f6ttek, hogy a fizikai korl\u00e1tok a lott\u00f3 vil\u00e1g\u00e1ban m\u00e1r nem l\u00e9teznek. Bizonyos \u00e9rtelemben m\u00e9g mindig l\u00e9teznek, hiszen az EuroMillions \u00e9s m\u00e1s lott\u00f3szelv\u00e9nyeket m\u00e9g mindig meg kell v\u00e1s\u00e1rolni a vil\u00e1g minden t\u00e1j\u00e1r\u00f3l. Term\u00e9szetesen nem fogsz hetente k\u00e9tszer odautazni Ausztr\u00e1li\u00e1b\u00f3l, hogy megvegye a szelv\u00e9nyeidet, mivel ez nevets\u00e9gesen sok id\u0151t \u00e9s p\u00e9nzt em\u00e9sztene fel. Felb\u00e9relhetne valakit, aki azokban az orsz\u00e1gokban \u00e9l, ahonnan lott\u00f3szelv\u00e9nyeket szeretne v\u00e1s\u00e1rolni, de ez t\u00f6bb tud\u00e1st \u00e9s er\u0151fesz\u00edt\u00e9st ig\u00e9nyelne, mint amennyit a legt\u00f6bb embernek valaha is esz\u00e9be jutna v\u00e1llalni.<\/p>\n<p>A megold\u00e1s az, hogy egyszer\u0171en online v\u00e1s\u00e1rolja meg a szelv\u00e9nyeket, k\u00f6zvetlen\u00fcl otthonr\u00f3l, \u00e9s egy nagyra becs\u00fclt \u00e9s megb\u00edzhat\u00f3 szolg\u00e1ltat\u00e1ssal gondoskodik minden ig\u00e9ny\u00e9r\u0151l, bele\u00e9rtve a szelv\u00e9nyek megv\u00e1s\u00e1rl\u00e1s\u00e1t az \u00d6n nev\u00e9re, a szelv\u00e9nyek meg\u0151rz\u00e9s\u00e9t, a sz\u00e1mok ellen\u0151rz\u00e9s\u00e9t, a nyerem\u00e9ny eset\u00e9n t\u00f6rt\u00e9n\u0151 \u00e9rtes\u00edt\u00e9st \u00e9s a nyerem\u00e9ny bev\u00e1lt\u00e1s\u00e1ban val\u00f3 seg\u00edts\u00e9gny\u00fajt\u00e1st.<\/p>\n<p>Ez az \u00faj szolg\u00e1ltat\u00e1s val\u00f3ra v\u00e1ltja az emberek \u00e1lmait &#8211; az, hogy online v\u00e1s\u00e1rolhatj\u00e1k meg lott\u00f3szelv\u00e9nyeiket, \u00e9s mindenr\u0151l gondoskodnak helyett\u00fck, mostant\u00f3l val\u00f3s\u00e1gg\u00e1 v\u00e1lt. Nemcsak az EuroMillions szelv\u00e9nyeket v\u00e1s\u00e1rolhatja meg nagyon k\u00e9nyelmesen, hanem a vil\u00e1g \u00f6sszes legnagyobb \u00e9s legn\u00e9pszer\u0171bb lott\u00f3sorsol\u00e1s\u00e1n is v\u00e1s\u00e1rolhat online szelv\u00e9nyeket.<\/p>\n<h2>Hogyan fizethet Euromillions szelv\u00e9ny\u00e9\u00e9rt online<\/h2>\n<p>Sz\u00e1mos fizet\u00e9si lehet\u0151s\u00e9g van, t\u00f6bbek k\u00f6z\u00f6tt banki \u00e1tutal\u00e1s, hitelk\u00e1rtya, Bitcoin vagy m\u00e1s kriptovalut\u00e1k. Digit\u00e1lis titkos\u00edt\u00e1si protokolljaink garant\u00e1lj\u00e1k az adatok biztons\u00e1g\u00e1t.<\/p>\n<p>V\u00e1laszthat, hogy k\u00f6zvetlen\u00fcl fizet a megrendel\u00e9sei\u00e9rt, vagy befizet b\u00e1rmilyen \u00f6sszeget, majd k\u00e9s\u0151bb az \u00fcgyf\u00e9lsz\u00e1ml\u00e1j\u00e1n l\u00e9v\u0151 \u00f6sszeget arra haszn\u00e1lhatja, hogy annyi online szelv\u00e9nyt v\u00e1s\u00e1roljon, amennyit csak szeretne.<\/p>\n<h2>Tov\u00e1bbi inform\u00e1ci\u00f3 az Euromillionsr\u00f3l<\/h2>\n<ul>\n<li>A lott\u00f3t hol tartj\u00e1k: K\u00fcl\u00f6nb\u00f6z\u0151 eur\u00f3pai orsz\u00e1gok<\/li>\n<li>H\u00e1ny f\u0151 sz\u00e1m k\u00f6z\u00fcl v\u00e1laszthat: 50<\/li>\n<li>Ki kell v\u00e1lasztania: 5<\/li>\n<li>H\u00e1ny extra sz\u00e1m k\u00f6z\u00fcl kell v\u00e1lasztani: 12<\/li>\n<li>Ki kell v\u00e1lasztania: A k\u00f6vetkez\u0151 sz\u00e1mokat kell kiv\u00e1lasztania: 2<\/li>\n<li>Napok, \u00f3r\u00e1k sorsol\u00e1sa: Kedd, p\u00e9ntek 19:30 GMT &#8211; 20:30 CET<\/li>\n<li>Minim\u00e1lis jackpot: 17 milli\u00f3 eur\u00f3<\/li>\n<li>Maxim\u00e1lis jackpot \u00f6sszege: 17 milli\u00f3 \u20ac: 190 milli\u00f3 eur\u00f3<\/li>\n<li>A jackpotnyerem\u00e9ny lehets\u00e9ges sz\u00e1mkombin\u00e1ci\u00f3ja: 1 a 186.450.880-b\u00f3l<\/li>\n<li>Lehets\u00e9ges sz\u00e1mkombin\u00e1ci\u00f3 a 2-es szint\u0171 nyerem\u00e9nyhez: 1 a 2.118.760-b\u00f3l<\/li>\n<li>A nyerem\u00e9ny val\u00f3sz\u00edn\u0171s\u00e9ge b\u00e1rmelyik szinten: 1:12,98-b\u00f3l 1<\/li>\n<li>H\u00e1ny nyerem\u00e9nyszint: 13<\/li>\n<li>Az Euromillions k\u00fcl\u00f6nleges sorsol\u00e1sai: \u00e9vente h\u00e1romszor, a jackpot \u00f6sszege 140 milli\u00f3 \u20ac.<\/li>\n<\/ul>\n<p>Amint a jackpot el\u00e9ri a 190 milli\u00f3 eur\u00f3t, a nyerem\u00e9nyt maxim\u00e1lj\u00e1k, \u00e9s a t\u00f6bbi nyerem\u00e9nyt tov\u00e1bb n\u00f6velik. \u00dagy t\u0171nik, a lott\u00f3szervez\u0151k el\u00e9g nagynak tartj\u00e1k ezt a nagys\u00e1grend\u0171 jackpotot, \u00e9s ez minden bizonnyal t\u00f6bb mint el\u00e9g p\u00e9nz ahhoz, hogy b\u00e1rmelyik\u00fcnk el\u00e9gedett legyen. Az \u0151 gondolkod\u00e1suk azonban az, hogy ezen a ponton m\u00e1r t\u00f6bb mint el\u00e9g izgalmat \u00e9p\u00edtettek ki a jackpotra, \u00e9s most m\u00e1r a t\u00f6bbi nyerem\u00e9nnyel is megtehetik ugyanezt. De az alacsonyabb szint\u0171 nyerem\u00e9nyek sokkal nagyobbak lesznek, miut\u00e1n a jackpotot befedt\u00e9k. Ez azt jelenti, hogy azon a ponton a lott\u00f3 m\u00e9g vonz\u00f3bb\u00e1 v\u00e1lik. Hiszen a m\u00e1sodik szint\u0171 nyerem\u00e9ny megnyer\u00e9s\u00e9nek es\u00e9lye sokkal nagyobb, mint a jackpot megnyer\u00e9s\u00e9nek val\u00f3sz\u00edn\u0171s\u00e9ge.<\/p>\n<p>Emellett az Euromillions \u00e9vente h\u00e1romszor k\u00edn\u00e1l \u00fagynevezett szupersorsol\u00e1st. Ez azt jelenti, hogy egyszer\u0171en 130 milli\u00f3 eur\u00f3ra \u00e1ll\u00edtj\u00e1k be a jackpotot. \u00c9s m\u00e9g enn\u00e9l is nagyobbra n\u0151het, ha senki sem nyeri meg.<\/p>\n<h2>Hogyan ellen\u0151rizheti a Powerball eredm\u00e9nyeit<\/h2>\n<p>\u00dajra felkeresheti a weboldalunkat, hogy ellen\u0151rizze a szelv\u00e9nyeit, vagy ha szeretn\u00e9, akkor egyszer\u0171en megv\u00e1rhatja az e-mailt, amelyet nyerem\u00e9ny eset\u00e9n k\u00fcld\u00fcnk \u00d6nnek. Att\u00f3l f\u00fcgg\u0151en, hogy mennyit nyert\u00e9l, ezut\u00e1n t\u00e1j\u00e9koztatunk \u00e9s seg\u00edt\u00fcnk neked a nyerem\u00e9ny \u00e1tv\u00e9tel\u00e9ben.<\/p>\n<h2>Online Euromillions-j\u00e1t\u00e9kot j\u00e1tszott\u00e1l \u00e9s nyert\u00e9l &#8211; mi k\u00f6vetkezik ezut\u00e1n?<br \/>\n<img loading=\"lazy\" decoding=\"async\" class=\"alignright wp-image-1873\" style=\"font-size: 16px; font-weight: inherit;\" src=\"https:\/\/onlinelotto365.com\/wp-content\/uploads\/2020\/11\/online_lottery-167-300x197.jpg\" alt=\" euromillions online j\u00e1t\u00e9k\" width=\"282\" height=\"185\" \/><\/h2>\n<p>\u00d6sszesen 13 k\u00fcl\u00f6nb\u00f6z\u0151 nyerem\u00e9ny kifizet\u00e9se van ebben a lott\u00f3esem\u00e9nyben, kezdve az 5 f\u0151 sz\u00e1mb\u00f3l csak k\u00e9t sz\u00e1m eltal\u00e1l\u00e1s\u00e1t\u00f3l kezdve az 5 sz\u00e1m \u00e9s mindk\u00e9t szerencsecsillag sz\u00e1m eltal\u00e1l\u00e1s\u00e1ig, \u00e9s a jackpot megnyer\u00e9s\u00e9ig. A hatalmas jackpot\u00f6sszegek mellett az EuroMillions a nagy lott\u00f3j\u00e1t\u00e9kokn\u00e1l jellemz\u0151en megszokottn\u00e1l nagyobb es\u00e9lyt k\u00edn\u00e1l a j\u00e1t\u00e9kosoknak arra, hogy valamilyen nyerem\u00e9nyt nyerjenek.<\/p>\n<p>A sorsol\u00e1sok hetente k\u00e9tszer, kedden \u00e9s p\u00e9nteken, brit id\u0151 szerint este 9 \u00f3rakor vannak. A j\u00e1t\u00e9kosok 5 sz\u00e1mot v\u00e1lasztanak 1-t\u0151l 50-ig, valamint 2 szerencsesz\u00e1mot 1-t\u0151l 11-ig. A j\u00e1t\u00e9kosok v\u00e1laszthatnak, hogy maguk v\u00e1lasztj\u00e1k ki a sz\u00e1mokat, vagy hagyj\u00e1k, hogy a sz\u00e1m\u00edt\u00f3g\u00e9p v\u00e9letlenszer\u0171en v\u00e1lassza ki \u0151ket.<\/p>\n<h2>Most, hogy m\u00e1r \u00d6n is tudja, milyen hatalm\u00e1ban \u00e1ll<\/h2>\n<p>T\u00f6bb\u00e9 m\u00e1r nem z\u00e1rnak ki minket az olyan nagyszer\u0171 lott\u00f3j\u00e1t\u00e9kokb\u00f3l, mint az EuroMillions, csak az alapj\u00e1n, hogy hol \u00e9l\u00fcnk. Most m\u00e1r b\u00e1rmilyen lott\u00f3szelv\u00e9nyt megv\u00e1s\u00e1rolhatunk, ak\u00e1r Ausztr\u00e1li\u00e1b\u00f3l is, \u00e9s senki sem \u00e1ll\u00edthat meg minket. Az internet val\u00f3ban megnyitotta a vil\u00e1got, \u00e9s ez most v\u00e9gre a lott\u00f3j\u00e1t\u00e9kokra is kiterjedt. A v\u00e1rakoz\u00e1sunknak most m\u00e1r v\u00e9ge.<\/p>\n<p>\u00cdgy, hogy ennyi lott\u00f3izgalom m\u00e1r ilyen k\u00f6nnyen el\u00e9rhet\u0151, egy\u00e1ltal\u00e1n nincs j\u00f3 okunk megtagadni magunkt\u00f3l a sz\u00f3rakoz\u00e1st, ami r\u00e1nk v\u00e1r.<\/p>\n","protected":false},"excerpt":{"rendered":"<p>Az EuroMillions 2004-ben indult Franciaorsz\u00e1g, Spanyolorsz\u00e1g \u00e9s az Egyes\u00fclt Kir\u00e1lys\u00e1g nemzeti lott\u00f3szervez\u0151inek egy\u00fcttm\u0171k\u00f6d\u00e9s\u00e9vel. Az orsz\u00e1gok k\u00f6z\u00f6tti meg\u00e1llapod\u00e1s megk\u00f6t\u00e9se t\u00edz \u00e9vig tartott, \u00edgy amikor elkezd\u0151d\u00f6tt, a szervez\u00e9s minden bizonnyal nagyon j\u00f3l siker\u00fclt, \u00e9s ez a mai napig \u00edgy van. A terv az volt, hogy e h\u00e1rom orsz\u00e1g lott\u00f3j\u00e1t\u00e9kosainak lehet\u0151s\u00e9get biztos\u00edtsanak arra, hogy a kor\u00e1bban el\u00e9rhet\u0151n\u00e9l sokkal [&hellip;]<\/p>\n","protected":false},"author":1,"featured_media":0,"parent":5022,"menu_order":3,"comment_status":"closed","ping_status":"closed","template":"euromillions.php","meta":{"_et_pb_use_builder":"","_et_pb_old_content":"","_et_gb_content_width":"","exclude_from_search":false,"footnotes":""},"class_list":["post-79139","page","type-page","status-publish","hentry"],"yoast_head":"<!-- This site is optimized with the Yoast SEO plugin v23.4 - https:\/\/yoast.com\/wordpress\/plugins\/seo\/ -->\n<title>Euromillions online j\u00e1t\u00e9k Ausztr\u00e1li\u00e1b\u00f3l | Az Euromillionsr\u00f3l, hogyan lehet online szelv\u00e9nyt szerezni<\/title>\n<meta name=\"description\" content=\"J\u00e1tsszon EuroMillions lott\u00f3t, online szelv\u00e9nnyel, ak\u00e1r Ausztr\u00e1li\u00e1b\u00f3l is.\" \/>\n<meta name=\"robots\" content=\"index, follow, max-snippet:-1, max-image-preview:large, max-video-preview:-1\" \/>\n<link rel=\"canonical\" href=\"https:\/\/onlinelotto365.com\/hu\/jatsszon\/euromillions\/\" \/>\n<meta property=\"og:locale\" content=\"hu_HU\" \/>\n<meta property=\"og:type\" content=\"article\" \/>\n<meta property=\"og:title\" content=\"Euromillions online j\u00e1t\u00e9k Ausztr\u00e1li\u00e1b\u00f3l | Az Euromillionsr\u00f3l, hogyan lehet online szelv\u00e9nyt szerezni\" \/>\n<meta property=\"og:description\" content=\"J\u00e1tsszon EuroMillions lott\u00f3t, online szelv\u00e9nnyel, ak\u00e1r Ausztr\u00e1li\u00e1b\u00f3l is.\" \/>\n<meta property=\"og:url\" content=\"https:\/\/onlinelotto365.com\/hu\/jatsszon\/euromillions\/\" \/>\n<meta property=\"og:site_name\" content=\"OnlineLotto365\" \/>\n<meta property=\"og:image\" content=\"https:\/\/redfoxlotto.com\/image?size=8&amp;lottery=euromillions\" \/>\n<meta name=\"twitter:card\" content=\"summary_large_image\" \/>\n<meta name=\"twitter:label1\" content=\"Becs\u00fclt olvas\u00e1si id\u0151\" \/>\n\t<meta name=\"twitter:data1\" content=\"5 perc\" \/>\n<script type=\"application\/ld+json\" class=\"yoast-schema-graph\">{\"@context\":\"https:\/\/schema.org\",\"@graph\":[{\"@type\":\"WebPage\",\"@id\":\"https:\/\/onlinelotto365.com\/hu\/jatsszon\/euromillions\/\",\"url\":\"https:\/\/onlinelotto365.com\/hu\/jatsszon\/euromillions\/\",\"name\":\"Euromillions online j\u00e1t\u00e9k Ausztr\u00e1li\u00e1b\u00f3l | Az Euromillionsr\u00f3l, hogyan lehet online szelv\u00e9nyt szerezni\",\"isPartOf\":{\"@id\":\"https:\/\/onlinelotto365.com\/hu\/#website\"},\"primaryImageOfPage\":{\"@id\":\"https:\/\/onlinelotto365.com\/hu\/jatsszon\/euromillions\/#primaryimage\"},\"image\":{\"@id\":\"https:\/\/onlinelotto365.com\/hu\/jatsszon\/euromillions\/#primaryimage\"},\"thumbnailUrl\":\"https:\/\/redfoxlotto.com\/image?size=8&amp;lottery=euromillions\",\"datePublished\":\"2022-11-01T12:57:52+00:00\",\"dateModified\":\"2022-11-01T12:57:52+00:00\",\"description\":\"J\u00e1tsszon EuroMillions lott\u00f3t, online szelv\u00e9nnyel, ak\u00e1r Ausztr\u00e1li\u00e1b\u00f3l is.\",\"breadcrumb\":{\"@id\":\"https:\/\/onlinelotto365.com\/hu\/jatsszon\/euromillions\/#breadcrumb\"},\"inLanguage\":\"hu\",\"potentialAction\":[{\"@type\":\"ReadAction\",\"target\":[\"https:\/\/onlinelotto365.com\/hu\/jatsszon\/euromillions\/\"]}]},{\"@type\":\"ImageObject\",\"inLanguage\":\"hu\",\"@id\":\"https:\/\/onlinelotto365.com\/hu\/jatsszon\/euromillions\/#primaryimage\",\"url\":\"https:\/\/redfoxlotto.com\/image?size=8&amp;lottery=euromillions\",\"contentUrl\":\"https:\/\/redfoxlotto.com\/image?size=8&amp;lottery=euromillions\"},{\"@type\":\"BreadcrumbList\",\"@id\":\"https:\/\/onlinelotto365.com\/hu\/jatsszon\/euromillions\/#breadcrumb\",\"itemListElement\":[{\"@type\":\"ListItem\",\"position\":1,\"name\":\"Home\",\"item\":\"https:\/\/onlinelotto365.com\/hu\/\"},{\"@type\":\"ListItem\",\"position\":2,\"name\":\"Minden, amit tudnia kell a legjobb online lott\u00f3j\u00e1t\u00e9kok j\u00e1t\u00e9klehet\u0151s\u00e9g\u00e9r\u0151l\",\"item\":\"https:\/\/onlinelotto365.com\/hu\/play\/\"},{\"@type\":\"ListItem\",\"position\":3,\"name\":\"Az EuroMillions Eur\u00f3pa legnagyobb lott\u00f3j\u00e1t\u00e9ka.\"}]},{\"@type\":\"WebSite\",\"@id\":\"https:\/\/onlinelotto365.com\/hu\/#website\",\"url\":\"https:\/\/onlinelotto365.com\/hu\/\",\"name\":\"OnlineLotto365\",\"description\":\"\",\"potentialAction\":[{\"@type\":\"SearchAction\",\"target\":{\"@type\":\"EntryPoint\",\"urlTemplate\":\"https:\/\/onlinelotto365.com\/hu\/?s={search_term_string}\"},\"query-input\":{\"@type\":\"PropertyValueSpecification\",\"valueRequired\":true,\"valueName\":\"search_term_string\"}}],\"inLanguage\":\"hu\"}]}<\/script>\n<!-- \/ Yoast SEO plugin. -->","yoast_head_json":{"title":"Euromillions online j\u00e1t\u00e9k Ausztr\u00e1li\u00e1b\u00f3l | Az Euromillionsr\u00f3l, hogyan lehet online szelv\u00e9nyt szerezni","description":"J\u00e1tsszon EuroMillions lott\u00f3t, online szelv\u00e9nnyel, ak\u00e1r Ausztr\u00e1li\u00e1b\u00f3l is.","robots":{"index":"index","follow":"follow","max-snippet":"max-snippet:-1","max-image-preview":"max-image-preview:large","max-video-preview":"max-video-preview:-1"},"canonical":"https:\/\/onlinelotto365.com\/hu\/jatsszon\/euromillions\/","og_locale":"hu_HU","og_type":"article","og_title":"Euromillions online j\u00e1t\u00e9k Ausztr\u00e1li\u00e1b\u00f3l | Az Euromillionsr\u00f3l, hogyan lehet online szelv\u00e9nyt szerezni","og_description":"J\u00e1tsszon EuroMillions lott\u00f3t, online szelv\u00e9nnyel, ak\u00e1r Ausztr\u00e1li\u00e1b\u00f3l is.","og_url":"https:\/\/onlinelotto365.com\/hu\/jatsszon\/euromillions\/","og_site_name":"OnlineLotto365","og_image":[{"url":"https:\/\/redfoxlotto.com\/image?size=8&amp;lottery=euromillions"}],"twitter_card":"summary_large_image","twitter_misc":{"Becs\u00fclt olvas\u00e1si id\u0151":"5 perc"},"schema":{"@context":"https:\/\/schema.org","@graph":[{"@type":"WebPage","@id":"https:\/\/onlinelotto365.com\/hu\/jatsszon\/euromillions\/","url":"https:\/\/onlinelotto365.com\/hu\/jatsszon\/euromillions\/","name":"Euromillions online j\u00e1t\u00e9k Ausztr\u00e1li\u00e1b\u00f3l | Az Euromillionsr\u00f3l, hogyan lehet online szelv\u00e9nyt szerezni","isPartOf":{"@id":"https:\/\/onlinelotto365.com\/hu\/#website"},"primaryImageOfPage":{"@id":"https:\/\/onlinelotto365.com\/hu\/jatsszon\/euromillions\/#primaryimage"},"image":{"@id":"https:\/\/onlinelotto365.com\/hu\/jatsszon\/euromillions\/#primaryimage"},"thumbnailUrl":"https:\/\/redfoxlotto.com\/image?size=8&amp;lottery=euromillions","datePublished":"2022-11-01T12:57:52+00:00","dateModified":"2022-11-01T12:57:52+00:00","description":"J\u00e1tsszon EuroMillions lott\u00f3t, online szelv\u00e9nnyel, ak\u00e1r Ausztr\u00e1li\u00e1b\u00f3l is.","breadcrumb":{"@id":"https:\/\/onlinelotto365.com\/hu\/jatsszon\/euromillions\/#breadcrumb"},"inLanguage":"hu","potentialAction":[{"@type":"ReadAction","target":["https:\/\/onlinelotto365.com\/hu\/jatsszon\/euromillions\/"]}]},{"@type":"ImageObject","inLanguage":"hu","@id":"https:\/\/onlinelotto365.com\/hu\/jatsszon\/euromillions\/#primaryimage","url":"https:\/\/redfoxlotto.com\/image?size=8&amp;lottery=euromillions","contentUrl":"https:\/\/redfoxlotto.com\/image?size=8&amp;lottery=euromillions"},{"@type":"BreadcrumbList","@id":"https:\/\/onlinelotto365.com\/hu\/jatsszon\/euromillions\/#breadcrumb","itemListElement":[{"@type":"ListItem","position":1,"name":"Home","item":"https:\/\/onlinelotto365.com\/hu\/"},{"@type":"ListItem","position":2,"name":"Minden, amit tudnia kell a legjobb online lott\u00f3j\u00e1t\u00e9kok j\u00e1t\u00e9klehet\u0151s\u00e9g\u00e9r\u0151l","item":"https:\/\/onlinelotto365.com\/hu\/play\/"},{"@type":"ListItem","position":3,"name":"Az EuroMillions Eur\u00f3pa legnagyobb lott\u00f3j\u00e1t\u00e9ka."}]},{"@type":"WebSite","@id":"https:\/\/onlinelotto365.com\/hu\/#website","url":"https:\/\/onlinelotto365.com\/hu\/","name":"OnlineLotto365","description":"","potentialAction":[{"@type":"SearchAction","target":{"@type":"EntryPoint","urlTemplate":"https:\/\/onlinelotto365.com\/hu\/?s={search_term_string}"},"query-input":{"@type":"PropertyValueSpecification","valueRequired":true,"valueName":"search_term_string"}}],"inLanguage":"hu"}]}},"_links":{"self":[{"href":"https:\/\/onlinelotto365.com\/hu\/wp-json\/wp\/v2\/pages\/79139","targetHints":{"allow":["GET"]}}],"collection":[{"href":"https:\/\/onlinelotto365.com\/hu\/wp-json\/wp\/v2\/pages"}],"about":[{"href":"https:\/\/onlinelotto365.com\/hu\/wp-json\/wp\/v2\/types\/page"}],"author":[{"embeddable":true,"href":"https:\/\/onlinelotto365.com\/hu\/wp-json\/wp\/v2\/users\/1"}],"replies":[{"embeddable":true,"href":"https:\/\/onlinelotto365.com\/hu\/wp-json\/wp\/v2\/comments?post=79139"}],"version-history":[{"count":0,"href":"https:\/\/onlinelotto365.com\/hu\/wp-json\/wp\/v2\/pages\/79139\/revisions"}],"up":[{"embeddable":true,"href":"https:\/\/onlinelotto365.com\/hu\/wp-json\/wp\/v2\/pages\/5022"}],"wp:attachment":[{"href":"https:\/\/onlinelotto365.com\/hu\/wp-json\/wp\/v2\/media?parent=79139"}],"curies":[{"name":"wp","href":"https:\/\/api.w.org\/{rel}","templated":true}]}}