{"id":79193,"date":"2022-11-02T09:52:06","date_gmt":"2022-11-02T08:52:06","guid":{"rendered":"https:\/\/onlinelotto365.com\/?page_id=79193"},"modified":"2022-11-02T09:53:26","modified_gmt":"2022-11-02T08:53:26","slug":"bonoloto","status":"publish","type":"page","link":"https:\/\/onlinelotto365.com\/hu\/jatsszon\/bonoloto\/","title":{"rendered":"Bonoloto m\u00e1r mindenhol kaphat\u00f3"},"content":{"rendered":"<h2>Hogyan kell j\u00e1tszani BonoLoto online<\/h2>\n<p>BonoLoto-t j\u00e1tszani k\u00f6nnyebb, mint gondoln\u00e1d. Mind\u00f6ssze annyit kell tennie, hogy tudja, hol kezdje el, \u00e9s hol v\u00e1s\u00e1rolja meg a jegyeit. \u00c9s a legjobb hely, ahol pontosan ezt megteheti, az mi vagyunk, \u00e9s n\u00e9h\u00e1ny egyszer\u0171 l\u00e9p\u00e9s.<\/p>\n<p>Rendszer\u00fcnk gondoskodik arr\u00f3l, hogy az elej\u00e9t\u0151l a v\u00e9g\u00e9ig v\u00e9gig gondoskodjunk r\u00f3lad. Mind\u00f6ssze egy teljesen ingyenes fi\u00f3kot kell l\u00e9trehoznia, \u00e9s m\u00e1ris \u00fatra kelhet. Kiv\u00e1laszthatja a k\u00fcl\u00f6nb\u00f6z\u0151 lott\u00f3j\u00e1t\u00e9kok k\u00f6z\u00fcl az \u00f6sszes el\u00e9rhet\u0151 lott\u00f3j\u00e1t\u00e9kunkat, \u00e9s kiv\u00e1laszthatja a k\u00edv\u00e1nt szelv\u00e9nyeket \u00e9s konkr\u00e9t sz\u00e1mokat. Ezut\u00e1n fizethetsz az \u00e1ltalad prefer\u00e1lt fizet\u00e9si m\u00f3ddal, \u00e9s m\u00e1r k\u00e9sz is vagy.<\/p>\n<p>Mind\u00f6ssze annyit kell tennie, hogy megn\u00e9zi az \u00e1ltalunk k\u00edn\u00e1lt k\u00fcl\u00f6nb\u00f6z\u0151 lott\u00f3j\u00e1t\u00e9kokat, \u00e9s kiv\u00e1lasztja a megfelel\u0151t (BonoLoto). Onnan kiv\u00e1laszthatja azokat a sz\u00e1mokat, amelyeket meg szeretne j\u00e1tszani. Ha t\u00fal sok vagy t\u00fal kev\u00e9s sz\u00e1mot v\u00e1lasztasz, az nem sz\u00e1m\u00edt, rendszer\u00fcnk figyelmeztetni fog, hogy mit kell tenned, hogy kijav\u00edthasd a szelv\u00e9nyedet. Vagy d\u00f6nthet \u00fagy is, hogy a sz\u00e1m\u00edt\u00f3g\u00e9p v\u00e9letlenszer\u0171en osztja ki a sz\u00e1mokat.<\/p>\n<p>Ha m\u00e1r megvan a BonoLoto szelv\u00e9nye, akkor v\u00e1laszthatsz, hogy m\u00e1s j\u00e1t\u00e9kokb\u00f3l is adsz hozz\u00e1 szelv\u00e9nyeket. Ez szuper egyszer\u0171 lesz, \u00e9s csak n\u00e9h\u00e1ny percet vesz ig\u00e9nybe. Megv\u00e1rja, am\u00edg az ellen\u0151rz\u0151 e-mailje meg\u00e9rkezik a nek\u00fcnk k\u00fcld\u00f6tt e-mailben, \u00e9s r\u00e1kattint a linkre. Ennyi az eg\u00e9sz, \u00e9s a fi\u00f3kodat be fogjuk \u00e1ll\u00edtani. \u00cdgy tov\u00e1bb folytathatod a jegyv\u00e1s\u00e1rl\u00e1st.<\/p>\n<p><a href=\"https:\/\/redfoxlotto.com\/play\/bonoloto\/?ref=a8564250a2&amp;medium=ol365\" target=\"_blank\" rel=\"noopener noreferrer\"><img decoding=\"async\" class=\"aligncenter\" src=\"https:\/\/redfoxlotto.com\/image?size=8&amp;lottery=bonoloto\" alt=\"Bono Lotto\" \/><\/a><\/p>\n<p>A biztons\u00e1g kedv\u00e9\u00e9rt figyelje az ellen\u0151rz\u0151 linket a norm\u00e1l e-mail postal\u00e1d\u00e1j\u00e1ban \u00e9s a spam mapp\u00e1ban is. Ha nem vagyunk a c\u00edmjegyz\u00e9kedben, el\u0151fordulhat, hogy nem l\u00e1tod az e-mailt a norm\u00e1l fi\u00f3kod mapp\u00e1j\u00e1ban.<\/p>\n<h2>A BonoLot\u00f3r\u00f3l<\/h2>\n<ul>\n<li>Orsz\u00e1g: Spanyolorsz\u00e1g<\/li>\n<li>Orsz\u00e1g: Spanyolorsz\u00e1g Spanyolorsz\u00e1g<\/li>\n<li>F\u0151 sz\u00e1mtartom\u00e1ny: 49<\/li>\n<li>Ki kell v\u00e1lasztania: 6<\/li>\n<li>Napok, sorsol\u00e1sok id\u0151pontja: vas\u00e1rnap kiv\u00e9tel\u00e9vel naponta, 21:30 CET &#8211; 21:30 CET<\/li>\n<li>A jackpot a k\u00f6vetkez\u0151 id\u0151pontban indul: \u20ac400.000<\/li>\n<li>A jackpot fels\u0151 hat\u00e1ra: nincs<\/li>\n<li>A jackpot megnyer\u00e9s\u00e9nek es\u00e9lye: 1 a 13983816-hoz<\/li>\n<li>Es\u00e9ly a m\u00e1sodik d\u00edj megnyer\u00e9s\u00e9re: 1:2330636-hoz<\/li>\n<li>Es\u00e9ly b\u00e1rmely nyerem\u00e9ny megnyer\u00e9s\u00e9re: 1:8,43-hoz<\/li>\n<li>A nyerem\u00e9nykateg\u00f3ri\u00e1k sz\u00e1ma: 1: 6<\/li>\n<\/ul>\n<h2>A BonoLoto legjobb jellemz\u0151i<\/h2>\n<p>A BonoLoto m\u00e1r j\u00f3 ideje l\u00e9tezik, \u00e9s ez id\u0151 alatt rengeteg nyerem\u00e9nyt osztott ki. M\u00e9g jobb, hogy minden h\u00e9ten n\u00e9gy k\u00fcl\u00f6nb\u00f6z\u0151 sorsol\u00e1st tart, \u00e9s eredetileg az\u00e9rt hozt\u00e1k l\u00e9tre, hogy megfizethet\u0151 lehet\u0151s\u00e9get biztos\u00edtson. M\u00e9g mindig az, \u00e9s a bev\u00e9telek 55%-\u00e1nak egy r\u00e9sz\u00e9t nyerheted meg az \u00f6sszes nyerem\u00e9nyb\u0151l.<\/p>\n<h2>Hogyan ellen\u0151rizheti a BonoLoto eredm\u00e9nyeit<\/h2>\n<p>K\u00e9szen \u00e1llsz arra, hogy megn\u00e9zd, mik a BonoLoto nyer\u0151sz\u00e1mai? Nos, ez tulajdonk\u00e9ppen nagyon egyszer\u0171, mert csak annyit kell tennie, hogy ell\u00e1togat a BonoLoto hivatalos weboldal\u00e1ra. Vagy \u00fagy is d\u00f6nthetsz, hogy megn\u00e9zed a helyi \u00fajs\u00e1gokat \u00e9s tv-\u00e1llom\u00e1sokat. Ezek a helyek mind besz\u00e1molnak a nyer\u0151sz\u00e1mokr\u00f3l.<br \/>\nA legjobb hely azonban egy\u00e9rtelm\u0171en az a hely, ahol a szelv\u00e9nyt v\u00e1s\u00e1roltad, vagyis itt. Itt l\u00e1thatod a nyertes sz\u00e1mokat, valamint a saj\u00e1t sz\u00e1maidat, \u00e9s azt, hogy hogyan viszonyulnak egym\u00e1shoz. \u00cdgy azonnal l\u00e1thatja a nyerem\u00e9ny\u00e9t is. <img loading=\"lazy\" decoding=\"async\" class=\"alignright wp-image-3656\" src=\"https:\/\/onlinelotto365.com\/wp-content\/uploads\/2020\/11\/online_lottery-16-300x200.jpg\" alt=\"bonoloto online j\u00e1tszani\" width=\"215\" height=\"143\" srcset=\"https:\/\/onlinelotto365.com\/wp-content\/uploads\/2020\/11\/online_lottery-16-300x200.jpg 300w, https:\/\/onlinelotto365.com\/wp-content\/uploads\/2020\/11\/online_lottery-16.jpg 320w\" sizes=\"auto, (max-width: 215px) 100vw, 215px\" \/><\/p>\n<h2>BonoLoto online j\u00e1tszott\u00e1l \u00e9s nyert\u00e9l &#8211; mi k\u00f6vetkezik ezut\u00e1n?<\/h2>\n<p>Ha 2500 eur\u00f3n\u00e1l kevesebbet nyert\u00e9l, akkor semmit sem kell tenned. Ez az\u00e9rt van, mert mi ig\u00e9nyelj\u00fck a p\u00e9nzt helyetted, \u00e9s k\u00f6zvetlen\u00fcl a sz\u00e1ml\u00e1dra fizetj\u00fck be. Ott lesz, ahol \u00e9s amikor csak akarod, \u00e9s ahogyan \u00e9s amikor csak akarod, felhaszn\u00e1lhatod. Vagy felveheted a szok\u00e1sos banksz\u00e1ml\u00e1dra, ha legal\u00e1bb 10 \u20ac van a sz\u00e1ml\u00e1don.<br \/>\nHa t\u00f6bb mint 2500 \u20ac-t nyert\u00e9l, akkor v\u00e1rnod kell, am\u00edg a t\u00e1mogat\u00f3 csapatunk jelentkezik, mert a nyerem\u00e9nyedhez val\u00f3 hozz\u00e1jut\u00e1sodhoz egy kicsit t\u00f6bb minden sz\u00fcks\u00e9ges. Szerencs\u00e9re mi seg\u00edt\u00fcnk a folyamatban, \u00e9s azonnal elind\u00edtjuk a folyamatot, \u00edgy a p\u00e9nzedet csekken vagy k\u00f6zvetlen\u00fcl a sz\u00e1ml\u00e1dra k\u00fcldheted.<\/p>\n","protected":false},"excerpt":{"rendered":"<p>Hogyan kell j\u00e1tszani BonoLoto online BonoLoto-t j\u00e1tszani k\u00f6nnyebb, mint gondoln\u00e1d. Mind\u00f6ssze annyit kell tennie, hogy tudja, hol kezdje el, \u00e9s hol v\u00e1s\u00e1rolja meg a jegyeit. \u00c9s a legjobb hely, ahol pontosan ezt megteheti, az mi vagyunk, \u00e9s n\u00e9h\u00e1ny egyszer\u0171 l\u00e9p\u00e9s. Rendszer\u00fcnk gondoskodik arr\u00f3l, hogy az elej\u00e9t\u0151l a v\u00e9g\u00e9ig v\u00e9gig gondoskodjunk r\u00f3lad. Mind\u00f6ssze egy teljesen ingyenes [&hellip;]<\/p>\n","protected":false},"author":1,"featured_media":0,"parent":5022,"menu_order":8,"comment_status":"closed","ping_status":"closed","template":"","meta":{"_et_pb_use_builder":"","_et_pb_old_content":"","_et_gb_content_width":"","exclude_from_search":false,"footnotes":""},"class_list":["post-79193","page","type-page","status-publish","hentry"],"yoast_head":"<!-- This site is optimized with the Yoast SEO plugin v23.4 - https:\/\/yoast.com\/wordpress\/plugins\/seo\/ -->\n<title>Hogyan j\u00e1tszhatsz BonoLoto-t, ha Magyarorsz\u00e1gon \u00e9lsz?<\/title>\n<meta name=\"description\" content=\"Leg\u00e1lisan rendelhetsz jegyet Bonoloto j\u00e1t\u00e9kra itt a weboldalunkon\" \/>\n<meta name=\"robots\" content=\"index, follow, max-snippet:-1, max-image-preview:large, max-video-preview:-1\" \/>\n<link rel=\"canonical\" href=\"https:\/\/onlinelotto365.com\/hu\/jatsszon\/bonoloto\/\" \/>\n<meta property=\"og:locale\" content=\"hu_HU\" \/>\n<meta property=\"og:type\" content=\"article\" \/>\n<meta property=\"og:title\" content=\"Hogyan j\u00e1tszhatsz BonoLoto-t, ha Magyarorsz\u00e1gon \u00e9lsz?\" \/>\n<meta property=\"og:description\" content=\"Leg\u00e1lisan rendelhetsz jegyet Bonoloto j\u00e1t\u00e9kra itt a weboldalunkon\" \/>\n<meta property=\"og:url\" content=\"https:\/\/onlinelotto365.com\/hu\/jatsszon\/bonoloto\/\" \/>\n<meta property=\"og:site_name\" content=\"OnlineLotto365\" \/>\n<meta property=\"article:modified_time\" content=\"2022-11-02T08:53:26+00:00\" \/>\n<meta property=\"og:image\" content=\"https:\/\/redfoxlotto.com\/image?size=8&amp;lottery=bonoloto\" \/>\n<meta name=\"twitter:card\" content=\"summary_large_image\" \/>\n<meta name=\"twitter:label1\" content=\"Becs\u00fclt olvas\u00e1si id\u0151\" \/>\n\t<meta name=\"twitter:data1\" content=\"3 perc\" \/>\n<script type=\"application\/ld+json\" class=\"yoast-schema-graph\">{\"@context\":\"https:\/\/schema.org\",\"@graph\":[{\"@type\":\"WebPage\",\"@id\":\"https:\/\/onlinelotto365.com\/hu\/jatsszon\/bonoloto\/\",\"url\":\"https:\/\/onlinelotto365.com\/hu\/jatsszon\/bonoloto\/\",\"name\":\"Hogyan j\u00e1tszhatsz BonoLoto-t, ha Magyarorsz\u00e1gon \u00e9lsz?\",\"isPartOf\":{\"@id\":\"https:\/\/onlinelotto365.com\/hu\/#website\"},\"primaryImageOfPage\":{\"@id\":\"https:\/\/onlinelotto365.com\/hu\/jatsszon\/bonoloto\/#primaryimage\"},\"image\":{\"@id\":\"https:\/\/onlinelotto365.com\/hu\/jatsszon\/bonoloto\/#primaryimage\"},\"thumbnailUrl\":\"https:\/\/redfoxlotto.com\/image?size=8&amp;lottery=bonoloto\",\"datePublished\":\"2022-11-02T08:52:06+00:00\",\"dateModified\":\"2022-11-02T08:53:26+00:00\",\"description\":\"Leg\u00e1lisan rendelhetsz jegyet Bonoloto j\u00e1t\u00e9kra itt a weboldalunkon\",\"breadcrumb\":{\"@id\":\"https:\/\/onlinelotto365.com\/hu\/jatsszon\/bonoloto\/#breadcrumb\"},\"inLanguage\":\"hu\",\"potentialAction\":[{\"@type\":\"ReadAction\",\"target\":[\"https:\/\/onlinelotto365.com\/hu\/jatsszon\/bonoloto\/\"]}]},{\"@type\":\"ImageObject\",\"inLanguage\":\"hu\",\"@id\":\"https:\/\/onlinelotto365.com\/hu\/jatsszon\/bonoloto\/#primaryimage\",\"url\":\"https:\/\/redfoxlotto.com\/image?size=8&amp;lottery=bonoloto\",\"contentUrl\":\"https:\/\/redfoxlotto.com\/image?size=8&amp;lottery=bonoloto\"},{\"@type\":\"BreadcrumbList\",\"@id\":\"https:\/\/onlinelotto365.com\/hu\/jatsszon\/bonoloto\/#breadcrumb\",\"itemListElement\":[{\"@type\":\"ListItem\",\"position\":1,\"name\":\"Home\",\"item\":\"https:\/\/onlinelotto365.com\/hu\/\"},{\"@type\":\"ListItem\",\"position\":2,\"name\":\"Minden, amit tudnia kell a legjobb online lott\u00f3j\u00e1t\u00e9kok j\u00e1t\u00e9klehet\u0151s\u00e9g\u00e9r\u0151l\",\"item\":\"https:\/\/onlinelotto365.com\/hu\/play\/\"},{\"@type\":\"ListItem\",\"position\":3,\"name\":\"Bonoloto m\u00e1r mindenhol kaphat\u00f3\"}]},{\"@type\":\"WebSite\",\"@id\":\"https:\/\/onlinelotto365.com\/hu\/#website\",\"url\":\"https:\/\/onlinelotto365.com\/hu\/\",\"name\":\"OnlineLotto365\",\"description\":\"\",\"potentialAction\":[{\"@type\":\"SearchAction\",\"target\":{\"@type\":\"EntryPoint\",\"urlTemplate\":\"https:\/\/onlinelotto365.com\/hu\/?s={search_term_string}\"},\"query-input\":{\"@type\":\"PropertyValueSpecification\",\"valueRequired\":true,\"valueName\":\"search_term_string\"}}],\"inLanguage\":\"hu\"}]}<\/script>\n<!-- \/ Yoast SEO plugin. -->","yoast_head_json":{"title":"Hogyan j\u00e1tszhatsz BonoLoto-t, ha Magyarorsz\u00e1gon \u00e9lsz?","description":"Leg\u00e1lisan rendelhetsz jegyet Bonoloto j\u00e1t\u00e9kra itt a weboldalunkon","robots":{"index":"index","follow":"follow","max-snippet":"max-snippet:-1","max-image-preview":"max-image-preview:large","max-video-preview":"max-video-preview:-1"},"canonical":"https:\/\/onlinelotto365.com\/hu\/jatsszon\/bonoloto\/","og_locale":"hu_HU","og_type":"article","og_title":"Hogyan j\u00e1tszhatsz BonoLoto-t, ha Magyarorsz\u00e1gon \u00e9lsz?","og_description":"Leg\u00e1lisan rendelhetsz jegyet Bonoloto j\u00e1t\u00e9kra itt a weboldalunkon","og_url":"https:\/\/onlinelotto365.com\/hu\/jatsszon\/bonoloto\/","og_site_name":"OnlineLotto365","article_modified_time":"2022-11-02T08:53:26+00:00","og_image":[{"url":"https:\/\/redfoxlotto.com\/image?size=8&amp;lottery=bonoloto"}],"twitter_card":"summary_large_image","twitter_misc":{"Becs\u00fclt olvas\u00e1si id\u0151":"3 perc"},"schema":{"@context":"https:\/\/schema.org","@graph":[{"@type":"WebPage","@id":"https:\/\/onlinelotto365.com\/hu\/jatsszon\/bonoloto\/","url":"https:\/\/onlinelotto365.com\/hu\/jatsszon\/bonoloto\/","name":"Hogyan j\u00e1tszhatsz BonoLoto-t, ha Magyarorsz\u00e1gon \u00e9lsz?","isPartOf":{"@id":"https:\/\/onlinelotto365.com\/hu\/#website"},"primaryImageOfPage":{"@id":"https:\/\/onlinelotto365.com\/hu\/jatsszon\/bonoloto\/#primaryimage"},"image":{"@id":"https:\/\/onlinelotto365.com\/hu\/jatsszon\/bonoloto\/#primaryimage"},"thumbnailUrl":"https:\/\/redfoxlotto.com\/image?size=8&amp;lottery=bonoloto","datePublished":"2022-11-02T08:52:06+00:00","dateModified":"2022-11-02T08:53:26+00:00","description":"Leg\u00e1lisan rendelhetsz jegyet Bonoloto j\u00e1t\u00e9kra itt a weboldalunkon","breadcrumb":{"@id":"https:\/\/onlinelotto365.com\/hu\/jatsszon\/bonoloto\/#breadcrumb"},"inLanguage":"hu","potentialAction":[{"@type":"ReadAction","target":["https:\/\/onlinelotto365.com\/hu\/jatsszon\/bonoloto\/"]}]},{"@type":"ImageObject","inLanguage":"hu","@id":"https:\/\/onlinelotto365.com\/hu\/jatsszon\/bonoloto\/#primaryimage","url":"https:\/\/redfoxlotto.com\/image?size=8&amp;lottery=bonoloto","contentUrl":"https:\/\/redfoxlotto.com\/image?size=8&amp;lottery=bonoloto"},{"@type":"BreadcrumbList","@id":"https:\/\/onlinelotto365.com\/hu\/jatsszon\/bonoloto\/#breadcrumb","itemListElement":[{"@type":"ListItem","position":1,"name":"Home","item":"https:\/\/onlinelotto365.com\/hu\/"},{"@type":"ListItem","position":2,"name":"Minden, amit tudnia kell a legjobb online lott\u00f3j\u00e1t\u00e9kok j\u00e1t\u00e9klehet\u0151s\u00e9g\u00e9r\u0151l","item":"https:\/\/onlinelotto365.com\/hu\/play\/"},{"@type":"ListItem","position":3,"name":"Bonoloto m\u00e1r mindenhol kaphat\u00f3"}]},{"@type":"WebSite","@id":"https:\/\/onlinelotto365.com\/hu\/#website","url":"https:\/\/onlinelotto365.com\/hu\/","name":"OnlineLotto365","description":"","potentialAction":[{"@type":"SearchAction","target":{"@type":"EntryPoint","urlTemplate":"https:\/\/onlinelotto365.com\/hu\/?s={search_term_string}"},"query-input":{"@type":"PropertyValueSpecification","valueRequired":true,"valueName":"search_term_string"}}],"inLanguage":"hu"}]}},"_links":{"self":[{"href":"https:\/\/onlinelotto365.com\/hu\/wp-json\/wp\/v2\/pages\/79193","targetHints":{"allow":["GET"]}}],"collection":[{"href":"https:\/\/onlinelotto365.com\/hu\/wp-json\/wp\/v2\/pages"}],"about":[{"href":"https:\/\/onlinelotto365.com\/hu\/wp-json\/wp\/v2\/types\/page"}],"author":[{"embeddable":true,"href":"https:\/\/onlinelotto365.com\/hu\/wp-json\/wp\/v2\/users\/1"}],"replies":[{"embeddable":true,"href":"https:\/\/onlinelotto365.com\/hu\/wp-json\/wp\/v2\/comments?post=79193"}],"version-history":[{"count":0,"href":"https:\/\/onlinelotto365.com\/hu\/wp-json\/wp\/v2\/pages\/79193\/revisions"}],"up":[{"embeddable":true,"href":"https:\/\/onlinelotto365.com\/hu\/wp-json\/wp\/v2\/pages\/5022"}],"wp:attachment":[{"href":"https:\/\/onlinelotto365.com\/hu\/wp-json\/wp\/v2\/media?parent=79193"}],"curies":[{"name":"wp","href":"https:\/\/api.w.org\/{rel}","templated":true}]}}