{"id":79209,"date":"2022-11-02T11:01:35","date_gmt":"2022-11-02T10:01:35","guid":{"rendered":"https:\/\/onlinelotto365.com\/?page_id=79209"},"modified":"2022-11-02T11:02:02","modified_gmt":"2022-11-02T10:02:02","slug":"german-lotto","status":"publish","type":"page","link":"https:\/\/onlinelotto365.com\/hu\/jatsszon\/german-lotto\/","title":{"rendered":"Vegyen r\u00e9szt a n\u00e9met lott\u00f3n m\u00e1s orsz\u00e1gokb\u00f3l"},"content":{"rendered":"<p>A n\u00e9met lott\u00f3 a vil\u00e1g egyik legr\u00e9gebben m\u0171k\u00f6d\u0151 lott\u00f3j\u00e1t\u00e9ka, amelyet m\u00e1r t\u00f6bb mint 50 \u00e9ve rendeznek. Fogadjunk, hogy ez a tapasztalat nagyon j\u00f3l szolg\u00e1lja \u0151ket, \u00e9s \u0151k az egyik legnagyobb eur\u00f3pai orsz\u00e1g, amely megtartja saj\u00e1t nemzeti lott\u00f3j\u00e1t az EuroMillions lott\u00f3val val\u00f3 \u00f6sszefog\u00e1s helyett. A n\u00e9metek teh\u00e1t b\u00fcszk\u00e9k a n\u00e9met lott\u00f3jukra, \u00e9s ez \u00edgy is van rendj\u00e9n.<\/p>\n<p>Ha azonban \u00d6n Magyarorsz\u00e1gon \u00e9l, \u00e9s egy\u00e9bk\u00e9nt is szeretne j\u00e1tszani a n\u00e9met lott\u00f3n, vagy b\u00e1rmely m\u00e1s nagy lott\u00f3n a vil\u00e1g minden t\u00e1j\u00e1r\u00f3l, akkor m\u00e1r semmi sem akad\u00e1lyozza meg ebben. Manaps\u00e1g m\u00e1r csak annyit kell tennie, hogy online v\u00e1s\u00e1rolja meg a szelv\u00e9nyeket. Ha \u00d6n Magyarorsz\u00e1gr\u00f3l sz\u00e1rmazik, akkor m\u00e9g mindig v\u00e1s\u00e1rolhat szelv\u00e9nyt a n\u00e9met lott\u00f3ra online is.<\/p>\n<p>Term\u00e9szetesen tudnia kell, hogy hol v\u00e1s\u00e1rolhatja meg \u00edgy a lott\u00f3szelv\u00e9nyeit, \u00e9s itt j\u00f6v\u00fcnk mi a k\u00e9pbe. Mi m\u00e1r j\u00f3 ideje m\u0171k\u00f6dtetj\u00fck ezt az online lott\u00f3szelv\u00e9ny-szolg\u00e1ltat\u00e1st. Ez a legnagyobb dolog, ami a lott\u00f3j\u00e1t\u00e9kkal valaha is t\u00f6rt\u00e9nt a lott\u00f3 feltal\u00e1l\u00e1sa \u00f3ta, ahogyan azt el tudja k\u00e9pzelni.<\/p>\n<p><a href=\"https:\/\/redfoxlotto.com\/play\/lotto-6aus49\/?ref=a8564250a2&amp;medium=ol365\" target=\"_blank\" rel=\"noopener noreferrer\"><img decoding=\"async\" class=\"aligncenter\" src=\"https:\/\/redfoxlotto.com\/image?size=8&amp;lottery=lotto-6aus49\" alt=\"N\u00e9met 6aus49\" \/><\/a><\/p>\n<h2>T\u00f6bb\u00e9 m\u00e1r nem korl\u00e1toz\u00f3dik csak a lott\u00f3ra a k\u00f6rzet\u00e9ben<\/h2>\n<p>Ha \u00d6n is olyan, mint a legt\u00f6bb lott\u00f3j\u00e1t\u00e9kos, akkor a nagy lott\u00f3j\u00e1t\u00e9kokon szeretne j\u00e1tszani, \u00e9s ha v\u00e1laszt\u00e1si lehet\u0151s\u00e9get kap, akkor nem csak egy lott\u00f3n szeretne j\u00e1tszani. Eg\u00e9szen a k\u00f6zelm\u00faltig azonban ez nem volt lehets\u00e9ges. Az emberek azonban elgondolkodtak azon, hogy mi\u00e9rt nem volt ez \u00edgy, p\u00e9ld\u00e1ul, hogy mi\u00e9rt lehet nagyj\u00e1b\u00f3l b\u00e1rmit megv\u00e1s\u00e1rolni online, kiv\u00e9ve a lott\u00f3szelv\u00e9nyeket?<\/p>\n<p>Ehhez sz\u00fcks\u00e9g volt egy olyan h\u00e1l\u00f3zatra, amelyet az\u00e9rt hoztunk l\u00e9tre, hogy az \u00fcgyfeleink sz\u00e1m\u00e1ra elv\u00e9gezz\u00fck a licit\u00e1l\u00e1st, ami azt jelentette, hogy ki kellett menni \u00e9s megvenni a szelv\u00e9nyeket mindenkinek, sok k\u00fcl\u00f6nb\u00f6z\u0151 orsz\u00e1gban. Ehhez az is hozz\u00e1tartozott, hogy a v\u00e1s\u00e1rl\u00f3i \u00e9lm\u00e9nyeket az elad\u00e1st\u00f3l kezdve kezelni kellett, \u00e9s olyan nagyszer\u0171 szolg\u00e1ltat\u00e1st kellett ny\u00fajtani, amilyet az emberek elv\u00e1rnak. <img loading=\"lazy\" decoding=\"async\" class=\" wp-image-1543 alignright\" src=\"https:\/\/onlinelotto365.com\/wp-content\/uploads\/2020\/11\/online_lottery-135.jpg\" alt=\"n\u00e9met lott\u00f3t online j\u00e1tszani\" width=\"305\" height=\"204\" \/><\/p>\n<h2>A n\u00e9met lott\u00f3r\u00f3l<\/h2>\n<ul>\n<li>Orsz\u00e1g: N\u00e9metorsz\u00e1g<\/li>\n<li>F\u0151 sz\u00e1mtartom\u00e1ny: 49<\/li>\n<li>\u00d6n v\u00e1laszt: 6<\/li>\n<li>Extra sz\u00e1mok tartom\u00e1nya: nincs<\/li>\n<li>\u00d6n v\u00e1laszt: nincs<\/li>\n<li>Sorsol\u00e1si napok, \u00f3r\u00e1k: Szombat, 20:25 CET, 20:25 CET<\/li>\n<li>Minim\u00e1lis jackpot: 1 milli\u00f3 \u20ac<\/li>\n<li>A jackpot fels\u0151 hat\u00e1ra: nincs fels\u0151 hat\u00e1r<\/li>\n<li>A jackpot megnyer\u00e9s\u00e9nek val\u00f3sz\u00edn\u0171s\u00e9ge: 1:125.854.344<\/li>\n<li>A 2-es szint\u0171 nyerem\u00e9ny val\u00f3sz\u00edn\u0171s\u00e9ge: 1: 1:13.983.816-b\u00f3l<\/li>\n<li>A nyerem\u00e9ny val\u00f3sz\u00edn\u0171s\u00e9ge b\u00e1rmelyik szinten: 1:31-hez<\/li>\n<li>A nyerem\u00e9nyszintek sz\u00e1ma: 9<\/li>\n<\/ul>\n<p>Az \u00e1ltalunk el\u00e9rhet\u0151v\u00e9 tett lott\u00f3j\u00e1t\u00e9kok mindegyike els\u0151 oszt\u00e1ly\u00fa nagy lott\u00f3, bele\u00e9rtve a n\u00e9met lott\u00f3t is. A n\u00e9met lott\u00f3n val\u00f3 j\u00e1t\u00e9khoz a lehets\u00e9ges 49 sz\u00e1mb\u00f3l 6 sz\u00e1mot kell kiv\u00e1lasztania, valamint egy 1 \u00e9s 9 k\u00f6z\u00f6tti b\u00f3nuszsz\u00e1mot.\u00a0Ha sikeresen eltal\u00e1lja mind a 6 sz\u00e1mot \u00e9s a b\u00f3nuszsz\u00e1mot, akkor hamarosan N\u00e9metorsz\u00e1gba utazik, hogy t\u00f6bb milli\u00f3 eur\u00f3t vagy m\u00e9g t\u00f6bbet nyerjen.<\/p>\n<p>Tekintettel arra, hogy sok m\u00e1s nagy lott\u00f3hoz k\u00e9pest kevesebb goly\u00f3 van a dobban, a n\u00e9met lott\u00f3n\u00e1l egy\u00e9rtelm\u0171en nagyobb az es\u00e9lye a jackpot megnyer\u00e9s\u00e9re. A n\u00e9met lott\u00f3 term\u00e9szetesen a jackpoton k\u00edv\u00fcl m\u00e1s nyerem\u00e9nyeket is k\u00edn\u00e1l, mint minden lott\u00f3, \u00e9s a jackpoton k\u00edv\u00fcl \u00f6sszesen 7 mell\u00e9knyerem\u00e9ny van. Ha csak 3 sz\u00e1mot tal\u00e1lsz el, m\u00e1ris nyerem\u00e9nyt kapsz.<\/p>\n<h2>Engedje meg, hogy mi legy\u00fcnk az \u00fatmutat\u00f3ja a n\u00e9met lott\u00f3hoz \u00e9s azon t\u00fal is<\/h2>\n<p>Tekintettel arra, hogy a lott\u00f3j\u00e1t\u00e9kok vil\u00e1gszerte mennyire n\u00e9pszer\u0171ek, a lott\u00f3j\u00e1t\u00e9kosok \u00e1lma, hogy hozz\u00e1f\u00e9rjenek az \u00f6sszes j\u00f3 lott\u00f3hoz. Mi\u00e9rt j\u00e1tszana csak egyet, amikor helyette annyi lott\u00f3t j\u00e1tszhat, amennyit csak akar? Mi\u00e9rt el\u00e9gedjen meg heti egy-k\u00e9t sorsol\u00e1ssal, amikor ak\u00e1r tucatnyi is lehet, ha szeretn\u00e9? Mi\u00e9rt bajl\u00f3dna a boltba j\u00e1r\u00e1ssal, amikor online is megveheti az \u00f6sszes lott\u00f3szelv\u00e9nyt, amit csak akar?<\/p>\n<h2>Online j\u00e1tszott a n\u00e9met lott\u00f3n \u00e9s nyert &#8211; mi k\u00f6vetkezik ezut\u00e1n?<\/h2>\n<p>Minden l\u00e9p\u00e9sn\u00e9l seg\u00edt\u00fcnk \u00d6nnek, a v\u00e1s\u00e1rl\u00e1sr\u00f3l sz\u00f3l\u00f3 visszaigazol\u00e1s elk\u00fcld\u00e9s\u00e9t\u0151l kezdve azon kereszt\u00fcl, hogy e-mailben \u00e9rtes\u00edtj\u00fck \u00d6nt, ha nyert, eg\u00e9szen addig, hogy seg\u00edt\u00fcnk bev\u00e1ltani a megnyert p\u00e9nzt. Mindez hihetetlen\u00fcl egyszer\u0171.<\/p>\n","protected":false},"excerpt":{"rendered":"<p>A n\u00e9met lott\u00f3 a vil\u00e1g egyik legr\u00e9gebben m\u0171k\u00f6d\u0151 lott\u00f3j\u00e1t\u00e9ka, amelyet m\u00e1r t\u00f6bb mint 50 \u00e9ve rendeznek. Fogadjunk, hogy ez a tapasztalat nagyon j\u00f3l szolg\u00e1lja \u0151ket, \u00e9s \u0151k az egyik legnagyobb eur\u00f3pai orsz\u00e1g, amely megtartja saj\u00e1t nemzeti lott\u00f3j\u00e1t az EuroMillions lott\u00f3val val\u00f3 \u00f6sszefog\u00e1s helyett. A n\u00e9metek teh\u00e1t b\u00fcszk\u00e9k a n\u00e9met lott\u00f3jukra, \u00e9s ez \u00edgy is van [&hellip;]<\/p>\n","protected":false},"author":1,"featured_media":0,"parent":5022,"menu_order":11,"comment_status":"closed","ping_status":"closed","template":"lotto-german.php","meta":{"_et_pb_use_builder":"","_et_pb_old_content":"","_et_gb_content_width":"","exclude_from_search":false,"footnotes":""},"class_list":["post-79209","page","type-page","status-publish","hentry"],"yoast_head":"<!-- This site is optimized with the Yoast SEO plugin v23.4 - https:\/\/yoast.com\/wordpress\/plugins\/seo\/ -->\n<title>N\u00e9met lott\u00f3 online j\u00e1t\u00e9k Magyarorsz\u00e1gr\u00f3l | R\u00e9szt vehetek a n\u00e9met lott\u00f3n, ha Magyarorsz\u00e1gon \u00e9lek?<\/title>\n<meta name=\"description\" content=\"J\u00e1tsszon n\u00e9met lott\u00f3t itt - online szelv\u00e9nyszolg\u00e1ltat\u00e1sunk lehet\u0151v\u00e9 teszi Magyarorsz\u00e1gr\u00f3l is\" \/>\n<meta name=\"robots\" content=\"index, follow, max-snippet:-1, max-image-preview:large, max-video-preview:-1\" \/>\n<link rel=\"canonical\" href=\"https:\/\/onlinelotto365.com\/hu\/jatsszon\/german-lotto\/\" \/>\n<meta property=\"og:locale\" content=\"hu_HU\" \/>\n<meta property=\"og:type\" content=\"article\" \/>\n<meta property=\"og:title\" content=\"N\u00e9met lott\u00f3 online j\u00e1t\u00e9k Magyarorsz\u00e1gr\u00f3l | R\u00e9szt vehetek a n\u00e9met lott\u00f3n, ha Magyarorsz\u00e1gon \u00e9lek?\" \/>\n<meta property=\"og:description\" content=\"J\u00e1tsszon n\u00e9met lott\u00f3t itt - online szelv\u00e9nyszolg\u00e1ltat\u00e1sunk lehet\u0151v\u00e9 teszi Magyarorsz\u00e1gr\u00f3l is\" \/>\n<meta property=\"og:url\" content=\"https:\/\/onlinelotto365.com\/hu\/jatsszon\/german-lotto\/\" \/>\n<meta property=\"og:site_name\" content=\"OnlineLotto365\" \/>\n<meta property=\"article:modified_time\" content=\"2022-11-02T10:02:02+00:00\" \/>\n<meta property=\"og:image\" content=\"https:\/\/redfoxlotto.com\/image?size=8&amp;lottery=lotto-6aus49\" \/>\n<meta name=\"twitter:card\" content=\"summary_large_image\" \/>\n<meta name=\"twitter:label1\" content=\"Becs\u00fclt olvas\u00e1si id\u0151\" \/>\n\t<meta name=\"twitter:data1\" content=\"3 perc\" \/>\n<script type=\"application\/ld+json\" class=\"yoast-schema-graph\">{\"@context\":\"https:\/\/schema.org\",\"@graph\":[{\"@type\":\"WebPage\",\"@id\":\"https:\/\/onlinelotto365.com\/hu\/jatsszon\/german-lotto\/\",\"url\":\"https:\/\/onlinelotto365.com\/hu\/jatsszon\/german-lotto\/\",\"name\":\"N\u00e9met lott\u00f3 online j\u00e1t\u00e9k Magyarorsz\u00e1gr\u00f3l | R\u00e9szt vehetek a n\u00e9met lott\u00f3n, ha Magyarorsz\u00e1gon \u00e9lek?\",\"isPartOf\":{\"@id\":\"https:\/\/onlinelotto365.com\/hu\/#website\"},\"primaryImageOfPage\":{\"@id\":\"https:\/\/onlinelotto365.com\/hu\/jatsszon\/german-lotto\/#primaryimage\"},\"image\":{\"@id\":\"https:\/\/onlinelotto365.com\/hu\/jatsszon\/german-lotto\/#primaryimage\"},\"thumbnailUrl\":\"https:\/\/redfoxlotto.com\/image?size=8&amp;lottery=lotto-6aus49\",\"datePublished\":\"2022-11-02T10:01:35+00:00\",\"dateModified\":\"2022-11-02T10:02:02+00:00\",\"description\":\"J\u00e1tsszon n\u00e9met lott\u00f3t itt - online szelv\u00e9nyszolg\u00e1ltat\u00e1sunk lehet\u0151v\u00e9 teszi Magyarorsz\u00e1gr\u00f3l is\",\"breadcrumb\":{\"@id\":\"https:\/\/onlinelotto365.com\/hu\/jatsszon\/german-lotto\/#breadcrumb\"},\"inLanguage\":\"hu\",\"potentialAction\":[{\"@type\":\"ReadAction\",\"target\":[\"https:\/\/onlinelotto365.com\/hu\/jatsszon\/german-lotto\/\"]}]},{\"@type\":\"ImageObject\",\"inLanguage\":\"hu\",\"@id\":\"https:\/\/onlinelotto365.com\/hu\/jatsszon\/german-lotto\/#primaryimage\",\"url\":\"https:\/\/redfoxlotto.com\/image?size=8&amp;lottery=lotto-6aus49\",\"contentUrl\":\"https:\/\/redfoxlotto.com\/image?size=8&amp;lottery=lotto-6aus49\"},{\"@type\":\"BreadcrumbList\",\"@id\":\"https:\/\/onlinelotto365.com\/hu\/jatsszon\/german-lotto\/#breadcrumb\",\"itemListElement\":[{\"@type\":\"ListItem\",\"position\":1,\"name\":\"Home\",\"item\":\"https:\/\/onlinelotto365.com\/hu\/\"},{\"@type\":\"ListItem\",\"position\":2,\"name\":\"Minden, amit tudnia kell a legjobb online lott\u00f3j\u00e1t\u00e9kok j\u00e1t\u00e9klehet\u0151s\u00e9g\u00e9r\u0151l\",\"item\":\"https:\/\/onlinelotto365.com\/hu\/play\/\"},{\"@type\":\"ListItem\",\"position\":3,\"name\":\"Vegyen r\u00e9szt a n\u00e9met lott\u00f3n m\u00e1s orsz\u00e1gokb\u00f3l\"}]},{\"@type\":\"WebSite\",\"@id\":\"https:\/\/onlinelotto365.com\/hu\/#website\",\"url\":\"https:\/\/onlinelotto365.com\/hu\/\",\"name\":\"OnlineLotto365\",\"description\":\"\",\"potentialAction\":[{\"@type\":\"SearchAction\",\"target\":{\"@type\":\"EntryPoint\",\"urlTemplate\":\"https:\/\/onlinelotto365.com\/hu\/?s={search_term_string}\"},\"query-input\":{\"@type\":\"PropertyValueSpecification\",\"valueRequired\":true,\"valueName\":\"search_term_string\"}}],\"inLanguage\":\"hu\"}]}<\/script>\n<!-- \/ Yoast SEO plugin. -->","yoast_head_json":{"title":"N\u00e9met lott\u00f3 online j\u00e1t\u00e9k Magyarorsz\u00e1gr\u00f3l | R\u00e9szt vehetek a n\u00e9met lott\u00f3n, ha Magyarorsz\u00e1gon \u00e9lek?","description":"J\u00e1tsszon n\u00e9met lott\u00f3t itt - online szelv\u00e9nyszolg\u00e1ltat\u00e1sunk lehet\u0151v\u00e9 teszi Magyarorsz\u00e1gr\u00f3l is","robots":{"index":"index","follow":"follow","max-snippet":"max-snippet:-1","max-image-preview":"max-image-preview:large","max-video-preview":"max-video-preview:-1"},"canonical":"https:\/\/onlinelotto365.com\/hu\/jatsszon\/german-lotto\/","og_locale":"hu_HU","og_type":"article","og_title":"N\u00e9met lott\u00f3 online j\u00e1t\u00e9k Magyarorsz\u00e1gr\u00f3l | R\u00e9szt vehetek a n\u00e9met lott\u00f3n, ha Magyarorsz\u00e1gon \u00e9lek?","og_description":"J\u00e1tsszon n\u00e9met lott\u00f3t itt - online szelv\u00e9nyszolg\u00e1ltat\u00e1sunk lehet\u0151v\u00e9 teszi Magyarorsz\u00e1gr\u00f3l is","og_url":"https:\/\/onlinelotto365.com\/hu\/jatsszon\/german-lotto\/","og_site_name":"OnlineLotto365","article_modified_time":"2022-11-02T10:02:02+00:00","og_image":[{"url":"https:\/\/redfoxlotto.com\/image?size=8&amp;lottery=lotto-6aus49"}],"twitter_card":"summary_large_image","twitter_misc":{"Becs\u00fclt olvas\u00e1si id\u0151":"3 perc"},"schema":{"@context":"https:\/\/schema.org","@graph":[{"@type":"WebPage","@id":"https:\/\/onlinelotto365.com\/hu\/jatsszon\/german-lotto\/","url":"https:\/\/onlinelotto365.com\/hu\/jatsszon\/german-lotto\/","name":"N\u00e9met lott\u00f3 online j\u00e1t\u00e9k Magyarorsz\u00e1gr\u00f3l | R\u00e9szt vehetek a n\u00e9met lott\u00f3n, ha Magyarorsz\u00e1gon \u00e9lek?","isPartOf":{"@id":"https:\/\/onlinelotto365.com\/hu\/#website"},"primaryImageOfPage":{"@id":"https:\/\/onlinelotto365.com\/hu\/jatsszon\/german-lotto\/#primaryimage"},"image":{"@id":"https:\/\/onlinelotto365.com\/hu\/jatsszon\/german-lotto\/#primaryimage"},"thumbnailUrl":"https:\/\/redfoxlotto.com\/image?size=8&amp;lottery=lotto-6aus49","datePublished":"2022-11-02T10:01:35+00:00","dateModified":"2022-11-02T10:02:02+00:00","description":"J\u00e1tsszon n\u00e9met lott\u00f3t itt - online szelv\u00e9nyszolg\u00e1ltat\u00e1sunk lehet\u0151v\u00e9 teszi Magyarorsz\u00e1gr\u00f3l is","breadcrumb":{"@id":"https:\/\/onlinelotto365.com\/hu\/jatsszon\/german-lotto\/#breadcrumb"},"inLanguage":"hu","potentialAction":[{"@type":"ReadAction","target":["https:\/\/onlinelotto365.com\/hu\/jatsszon\/german-lotto\/"]}]},{"@type":"ImageObject","inLanguage":"hu","@id":"https:\/\/onlinelotto365.com\/hu\/jatsszon\/german-lotto\/#primaryimage","url":"https:\/\/redfoxlotto.com\/image?size=8&amp;lottery=lotto-6aus49","contentUrl":"https:\/\/redfoxlotto.com\/image?size=8&amp;lottery=lotto-6aus49"},{"@type":"BreadcrumbList","@id":"https:\/\/onlinelotto365.com\/hu\/jatsszon\/german-lotto\/#breadcrumb","itemListElement":[{"@type":"ListItem","position":1,"name":"Home","item":"https:\/\/onlinelotto365.com\/hu\/"},{"@type":"ListItem","position":2,"name":"Minden, amit tudnia kell a legjobb online lott\u00f3j\u00e1t\u00e9kok j\u00e1t\u00e9klehet\u0151s\u00e9g\u00e9r\u0151l","item":"https:\/\/onlinelotto365.com\/hu\/play\/"},{"@type":"ListItem","position":3,"name":"Vegyen r\u00e9szt a n\u00e9met lott\u00f3n m\u00e1s orsz\u00e1gokb\u00f3l"}]},{"@type":"WebSite","@id":"https:\/\/onlinelotto365.com\/hu\/#website","url":"https:\/\/onlinelotto365.com\/hu\/","name":"OnlineLotto365","description":"","potentialAction":[{"@type":"SearchAction","target":{"@type":"EntryPoint","urlTemplate":"https:\/\/onlinelotto365.com\/hu\/?s={search_term_string}"},"query-input":{"@type":"PropertyValueSpecification","valueRequired":true,"valueName":"search_term_string"}}],"inLanguage":"hu"}]}},"_links":{"self":[{"href":"https:\/\/onlinelotto365.com\/hu\/wp-json\/wp\/v2\/pages\/79209","targetHints":{"allow":["GET"]}}],"collection":[{"href":"https:\/\/onlinelotto365.com\/hu\/wp-json\/wp\/v2\/pages"}],"about":[{"href":"https:\/\/onlinelotto365.com\/hu\/wp-json\/wp\/v2\/types\/page"}],"author":[{"embeddable":true,"href":"https:\/\/onlinelotto365.com\/hu\/wp-json\/wp\/v2\/users\/1"}],"replies":[{"embeddable":true,"href":"https:\/\/onlinelotto365.com\/hu\/wp-json\/wp\/v2\/comments?post=79209"}],"version-history":[{"count":0,"href":"https:\/\/onlinelotto365.com\/hu\/wp-json\/wp\/v2\/pages\/79209\/revisions"}],"up":[{"embeddable":true,"href":"https:\/\/onlinelotto365.com\/hu\/wp-json\/wp\/v2\/pages\/5022"}],"wp:attachment":[{"href":"https:\/\/onlinelotto365.com\/hu\/wp-json\/wp\/v2\/media?parent=79209"}],"curies":[{"name":"wp","href":"https:\/\/api.w.org\/{rel}","templated":true}]}}