{"id":79249,"date":"2022-11-03T08:07:16","date_gmt":"2022-11-03T07:07:16","guid":{"rendered":"https:\/\/onlinelotto365.com\/?page_id=79249"},"modified":"2022-11-03T08:07:16","modified_gmt":"2022-11-03T07:07:16","slug":"la-primitiva","status":"publish","type":"page","link":"https:\/\/onlinelotto365.com\/hu\/jatsszon\/la-primitiva\/","title":{"rendered":"Hogyan kell j\u00e1tszani a spanyol La Primitiva lott\u00f3n"},"content":{"rendered":"<h2>A La Primitiv\u00e1r\u00f3l<\/h2>\n<p>Ezt a spanyolorsz\u00e1gi lott\u00f3t El Gordo n\u00e9ven is ismerik, b\u00e1r ez f\u00e9lrevezet\u0151. Val\u00f3j\u00e1ban az El Gordo a La Primitiva lott\u00f3 kar\u00e1csonyi kiad\u00e1s\u00e1nak beceneve. M\u00edg a La Primitiva eg\u00e9sz \u00e9vben j\u00e1tszhat\u00f3, addig az El Gordo csak kar\u00e1csonykor ker\u00fcl felaj\u00e1nl\u00e1sra. A La Primitiv\u00e1t a magyarorsz\u00e1gi lakosok online j\u00e1tszhatj\u00e1k a weboldalunkon kereszt\u00fcl.<\/p>\n<p>Hetente k\u00e9t sorsol\u00e1st tartanak a La Primitiva sorsol\u00e1son. A jackpot megnyer\u00e9s\u00e9nek es\u00e9lye viszonylag magas, mivel nincsenek extra sz\u00e1mok.<br \/>\n<a href=\"https:\/\/redfoxlotto.com\/play\/la-primitiva\/?ref=a8564250a2&amp;medium=ol365\" target=\"_blank\" rel=\"noopener noreferrer\"><img decoding=\"async\" class=\"aligncenter\" src=\"https:\/\/redfoxlotto.com\/image?size=8&amp;lottery=la-primitiva\" alt=\"La Primitiva\" \/><\/a><\/p>\n<ul>\n<li>Orsz\u00e1g: A Primitiva La Primitiva j\u00e1t\u00e9kban r\u00e9szt vehetnek az al\u00e1bbi orsz\u00e1gok: A Primitiva La Primitiva j\u00e1t\u00e9kban r\u00e9szt vehetnek az al\u00e1bbi orsz\u00e1gok is: Spanyolorsz\u00e1g<\/li>\n<li>F\u0151 sz\u00e1mtartom\u00e1ny: 49<\/li>\n<li>V\u00e1lasztania kell: 6<\/li>\n<li>Extra sz\u00e1mtartom\u00e1ny:<\/li>\n<li>Ki kell v\u00e1lasztania: 1<\/li>\n<li>Sorsol\u00e1sok napjai, \u00f3r\u00e1i: Cs\u00fct\u00f6rt\u00f6k, szombat, 21:30 CET &#8211; 21:30 CET<\/li>\n<li>A jackpot a k\u00f6vetkez\u0151 id\u0151pontban indul: \u20ac 2 milli\u00f3<\/li>\n<li>A jackpot fels\u0151 hat\u00e1ra: nincs<\/li>\n<li>A jackpot megnyer\u00e9s\u00e9nek es\u00e9lye: 1 az 15537573-hoz<\/li>\n<li>Es\u00e9ly a m\u00e1sodik d\u00edj megnyer\u00e9s\u00e9re: 1 az 542008-b\u00f3l<\/li>\n<li>Es\u00e9ly b\u00e1rmely nyerem\u00e9ny megnyer\u00e9s\u00e9re: 1:8,43-hoz<\/li>\n<li>A nyerem\u00e9nykateg\u00f3ri\u00e1k sz\u00e1ma: 1: 9<\/li>\n<\/ul>\n<p>&nbsp;<\/p>\n<h2>\nA La Primitiva legjobb jellemz\u0151i<\/h2>\n<p>Mint m\u00e1r eml\u00edtett\u00fck, az a t\u00e9ny, hogy a 49 sz\u00e1mb\u00f3l csak 6 sz\u00e1mot kell megj\u00e1tszanod, \u00e9s nem kell extra sz\u00e1mokat megj\u00e1tszanod, azt jelenti, hogy a jackpot megnyer\u00e9s\u00e9nek es\u00e9lye val\u00f3j\u00e1ban el\u00e9g j\u00f3.<\/p>\n<h2>Hogyan ellen\u0151rizheti a La Primitiva eredm\u00e9nyeit<\/h2>\n<p>Ha online v\u00e1s\u00e1rolta meg a szelv\u00e9ny\u00e9t Magyarorsz\u00e1gon vagy b\u00e1rmely m\u00e1s, Spanyolorsz\u00e1gon k\u00edv\u00fcli orsz\u00e1gban, a nyer\u0151sz\u00e1mok \u00e9s a nyerem\u00e9ny\u00f6sszegek megtal\u00e1l\u00e1sa neh\u00e9zs\u00e9gekbe \u00fctk\u00f6zhet. De itt a weboldalunkon azonnal k\u00f6zz\u00e9tessz\u00fck az eredm\u00e9nyeket, miut\u00e1n kisorsolt\u00e1k a La Primitiva lott\u00f3sz\u00e1mokat. A szelv\u00e9ny\u00e9t m\u00e9g a j\u00e1t\u00e9kosfi\u00f3kj\u00e1ban is megn\u00e9zheti, ahol azonnal l\u00e1thatja, hogy a lott\u00f3szelv\u00e9ny\u00e9n szerepl\u0151 sz\u00e1mok k\u00f6z\u00fcl melyek egyeznek a sorsol\u00e1s eredm\u00e9ny\u00e9vel.<br \/>\n<img loading=\"lazy\" decoding=\"async\" class=\"alignright size-full wp-image-905\" src=\"https:\/\/onlinelotto365.com\/wp-content\/uploads\/2020\/11\/online_lottery-71.jpg\" alt=\"la primitiva j\u00e1t\u00e9k\" width=\"302\" height=\"100\" \/><\/p>\n<h2>La Primitiva online j\u00e1tszott\u00e1l \u00e9s nyert\u00e9l &#8211; mi k\u00f6vetkezik ezut\u00e1n?<\/h2>\n<p>Ha a szelv\u00e9nye 2500 eur\u00f3 alatti nyerem\u00e9nyt nyert, akkor a nyerem\u00e9ny \u00f6sszege a sorsol\u00e1s ut\u00e1n azonnal a j\u00e1t\u00e9kossz\u00e1ml\u00e1j\u00e1n lesz. Ha magasabb nyerem\u00e9nyt nyert, k\u00e9rj\u00fck, l\u00e9pjen kapcsolatba a szervizcsapatunkkal. \u0150k seg\u00edtenek \u00d6nnek a kifizet\u00e9s be\u00e1ll\u00edt\u00e1s\u00e1ban, ak\u00e1r k\u00f6zvetlen\u00fcl a banksz\u00e1ml\u00e1j\u00e1ra, ak\u00e1r csekken.<\/p>\n","protected":false},"excerpt":{"rendered":"<p>A La Primitiv\u00e1r\u00f3l Ezt a spanyolorsz\u00e1gi lott\u00f3t El Gordo n\u00e9ven is ismerik, b\u00e1r ez f\u00e9lrevezet\u0151. Val\u00f3j\u00e1ban az El Gordo a La Primitiva lott\u00f3 kar\u00e1csonyi kiad\u00e1s\u00e1nak beceneve. M\u00edg a La Primitiva eg\u00e9sz \u00e9vben j\u00e1tszhat\u00f3, addig az El Gordo csak kar\u00e1csonykor ker\u00fcl felaj\u00e1nl\u00e1sra. A La Primitiv\u00e1t a magyarorsz\u00e1gi lakosok online j\u00e1tszhatj\u00e1k a weboldalunkon kereszt\u00fcl. Hetente k\u00e9t sorsol\u00e1st [&hellip;]<\/p>\n","protected":false},"author":1,"featured_media":0,"parent":5022,"menu_order":7,"comment_status":"closed","ping_status":"closed","template":"la-primitiva.php","meta":{"_et_pb_use_builder":"","_et_pb_old_content":"","_et_gb_content_width":"","exclude_from_search":false,"footnotes":""},"class_list":["post-79249","page","type-page","status-publish","hentry"],"yoast_head":"<!-- This site is optimized with the Yoast SEO plugin v23.4 - https:\/\/yoast.com\/wordpress\/plugins\/seo\/ -->\n<title>Spanyol La Primitiva online j\u00e1t\u00e9k | La Primitiva Magyarorsz\u00e1gr\u00f3l<\/title>\n<meta name=\"description\" content=\"A spanyol La Primitiva lott\u00f3 m\u00e1r online is j\u00e1tszhat\u00f3 Magyarorsz\u00e1gr\u00f3l\" \/>\n<meta name=\"robots\" content=\"index, follow, max-snippet:-1, max-image-preview:large, max-video-preview:-1\" \/>\n<link rel=\"canonical\" href=\"https:\/\/onlinelotto365.com\/hu\/jatsszon\/la-primitiva\/\" \/>\n<meta property=\"og:locale\" content=\"hu_HU\" \/>\n<meta property=\"og:type\" content=\"article\" \/>\n<meta property=\"og:title\" content=\"Spanyol La Primitiva online j\u00e1t\u00e9k | La Primitiva Magyarorsz\u00e1gr\u00f3l\" \/>\n<meta property=\"og:description\" content=\"A spanyol La Primitiva lott\u00f3 m\u00e1r online is j\u00e1tszhat\u00f3 Magyarorsz\u00e1gr\u00f3l\" \/>\n<meta property=\"og:url\" content=\"https:\/\/onlinelotto365.com\/hu\/jatsszon\/la-primitiva\/\" \/>\n<meta property=\"og:site_name\" content=\"OnlineLotto365\" \/>\n<meta property=\"og:image\" content=\"https:\/\/redfoxlotto.com\/image?size=8&amp;lottery=la-primitiva\" \/>\n<meta name=\"twitter:card\" content=\"summary_large_image\" \/>\n<meta name=\"twitter:label1\" content=\"Becs\u00fclt olvas\u00e1si id\u0151\" \/>\n\t<meta name=\"twitter:data1\" content=\"2 perc\" \/>\n<script type=\"application\/ld+json\" class=\"yoast-schema-graph\">{\"@context\":\"https:\/\/schema.org\",\"@graph\":[{\"@type\":\"WebPage\",\"@id\":\"https:\/\/onlinelotto365.com\/hu\/jatsszon\/la-primitiva\/\",\"url\":\"https:\/\/onlinelotto365.com\/hu\/jatsszon\/la-primitiva\/\",\"name\":\"Spanyol La Primitiva online j\u00e1t\u00e9k | La Primitiva Magyarorsz\u00e1gr\u00f3l\",\"isPartOf\":{\"@id\":\"https:\/\/onlinelotto365.com\/hu\/#website\"},\"primaryImageOfPage\":{\"@id\":\"https:\/\/onlinelotto365.com\/hu\/jatsszon\/la-primitiva\/#primaryimage\"},\"image\":{\"@id\":\"https:\/\/onlinelotto365.com\/hu\/jatsszon\/la-primitiva\/#primaryimage\"},\"thumbnailUrl\":\"https:\/\/redfoxlotto.com\/image?size=8&amp;lottery=la-primitiva\",\"datePublished\":\"2022-11-03T07:07:16+00:00\",\"dateModified\":\"2022-11-03T07:07:16+00:00\",\"description\":\"A spanyol La Primitiva lott\u00f3 m\u00e1r online is j\u00e1tszhat\u00f3 Magyarorsz\u00e1gr\u00f3l\",\"breadcrumb\":{\"@id\":\"https:\/\/onlinelotto365.com\/hu\/jatsszon\/la-primitiva\/#breadcrumb\"},\"inLanguage\":\"hu\",\"potentialAction\":[{\"@type\":\"ReadAction\",\"target\":[\"https:\/\/onlinelotto365.com\/hu\/jatsszon\/la-primitiva\/\"]}]},{\"@type\":\"ImageObject\",\"inLanguage\":\"hu\",\"@id\":\"https:\/\/onlinelotto365.com\/hu\/jatsszon\/la-primitiva\/#primaryimage\",\"url\":\"https:\/\/redfoxlotto.com\/image?size=8&amp;lottery=la-primitiva\",\"contentUrl\":\"https:\/\/redfoxlotto.com\/image?size=8&amp;lottery=la-primitiva\"},{\"@type\":\"BreadcrumbList\",\"@id\":\"https:\/\/onlinelotto365.com\/hu\/jatsszon\/la-primitiva\/#breadcrumb\",\"itemListElement\":[{\"@type\":\"ListItem\",\"position\":1,\"name\":\"Home\",\"item\":\"https:\/\/onlinelotto365.com\/hu\/\"},{\"@type\":\"ListItem\",\"position\":2,\"name\":\"Minden, amit tudnia kell a legjobb online lott\u00f3j\u00e1t\u00e9kok j\u00e1t\u00e9klehet\u0151s\u00e9g\u00e9r\u0151l\",\"item\":\"https:\/\/onlinelotto365.com\/hu\/play\/\"},{\"@type\":\"ListItem\",\"position\":3,\"name\":\"Hogyan kell j\u00e1tszani a spanyol La Primitiva lott\u00f3n\"}]},{\"@type\":\"WebSite\",\"@id\":\"https:\/\/onlinelotto365.com\/hu\/#website\",\"url\":\"https:\/\/onlinelotto365.com\/hu\/\",\"name\":\"OnlineLotto365\",\"description\":\"\",\"potentialAction\":[{\"@type\":\"SearchAction\",\"target\":{\"@type\":\"EntryPoint\",\"urlTemplate\":\"https:\/\/onlinelotto365.com\/hu\/?s={search_term_string}\"},\"query-input\":{\"@type\":\"PropertyValueSpecification\",\"valueRequired\":true,\"valueName\":\"search_term_string\"}}],\"inLanguage\":\"hu\"}]}<\/script>\n<!-- \/ Yoast SEO plugin. -->","yoast_head_json":{"title":"Spanyol La Primitiva online j\u00e1t\u00e9k | La Primitiva Magyarorsz\u00e1gr\u00f3l","description":"A spanyol La Primitiva lott\u00f3 m\u00e1r online is j\u00e1tszhat\u00f3 Magyarorsz\u00e1gr\u00f3l","robots":{"index":"index","follow":"follow","max-snippet":"max-snippet:-1","max-image-preview":"max-image-preview:large","max-video-preview":"max-video-preview:-1"},"canonical":"https:\/\/onlinelotto365.com\/hu\/jatsszon\/la-primitiva\/","og_locale":"hu_HU","og_type":"article","og_title":"Spanyol La Primitiva online j\u00e1t\u00e9k | La Primitiva Magyarorsz\u00e1gr\u00f3l","og_description":"A spanyol La Primitiva lott\u00f3 m\u00e1r online is j\u00e1tszhat\u00f3 Magyarorsz\u00e1gr\u00f3l","og_url":"https:\/\/onlinelotto365.com\/hu\/jatsszon\/la-primitiva\/","og_site_name":"OnlineLotto365","og_image":[{"url":"https:\/\/redfoxlotto.com\/image?size=8&amp;lottery=la-primitiva"}],"twitter_card":"summary_large_image","twitter_misc":{"Becs\u00fclt olvas\u00e1si id\u0151":"2 perc"},"schema":{"@context":"https:\/\/schema.org","@graph":[{"@type":"WebPage","@id":"https:\/\/onlinelotto365.com\/hu\/jatsszon\/la-primitiva\/","url":"https:\/\/onlinelotto365.com\/hu\/jatsszon\/la-primitiva\/","name":"Spanyol La Primitiva online j\u00e1t\u00e9k | La Primitiva Magyarorsz\u00e1gr\u00f3l","isPartOf":{"@id":"https:\/\/onlinelotto365.com\/hu\/#website"},"primaryImageOfPage":{"@id":"https:\/\/onlinelotto365.com\/hu\/jatsszon\/la-primitiva\/#primaryimage"},"image":{"@id":"https:\/\/onlinelotto365.com\/hu\/jatsszon\/la-primitiva\/#primaryimage"},"thumbnailUrl":"https:\/\/redfoxlotto.com\/image?size=8&amp;lottery=la-primitiva","datePublished":"2022-11-03T07:07:16+00:00","dateModified":"2022-11-03T07:07:16+00:00","description":"A spanyol La Primitiva lott\u00f3 m\u00e1r online is j\u00e1tszhat\u00f3 Magyarorsz\u00e1gr\u00f3l","breadcrumb":{"@id":"https:\/\/onlinelotto365.com\/hu\/jatsszon\/la-primitiva\/#breadcrumb"},"inLanguage":"hu","potentialAction":[{"@type":"ReadAction","target":["https:\/\/onlinelotto365.com\/hu\/jatsszon\/la-primitiva\/"]}]},{"@type":"ImageObject","inLanguage":"hu","@id":"https:\/\/onlinelotto365.com\/hu\/jatsszon\/la-primitiva\/#primaryimage","url":"https:\/\/redfoxlotto.com\/image?size=8&amp;lottery=la-primitiva","contentUrl":"https:\/\/redfoxlotto.com\/image?size=8&amp;lottery=la-primitiva"},{"@type":"BreadcrumbList","@id":"https:\/\/onlinelotto365.com\/hu\/jatsszon\/la-primitiva\/#breadcrumb","itemListElement":[{"@type":"ListItem","position":1,"name":"Home","item":"https:\/\/onlinelotto365.com\/hu\/"},{"@type":"ListItem","position":2,"name":"Minden, amit tudnia kell a legjobb online lott\u00f3j\u00e1t\u00e9kok j\u00e1t\u00e9klehet\u0151s\u00e9g\u00e9r\u0151l","item":"https:\/\/onlinelotto365.com\/hu\/play\/"},{"@type":"ListItem","position":3,"name":"Hogyan kell j\u00e1tszani a spanyol La Primitiva lott\u00f3n"}]},{"@type":"WebSite","@id":"https:\/\/onlinelotto365.com\/hu\/#website","url":"https:\/\/onlinelotto365.com\/hu\/","name":"OnlineLotto365","description":"","potentialAction":[{"@type":"SearchAction","target":{"@type":"EntryPoint","urlTemplate":"https:\/\/onlinelotto365.com\/hu\/?s={search_term_string}"},"query-input":{"@type":"PropertyValueSpecification","valueRequired":true,"valueName":"search_term_string"}}],"inLanguage":"hu"}]}},"_links":{"self":[{"href":"https:\/\/onlinelotto365.com\/hu\/wp-json\/wp\/v2\/pages\/79249","targetHints":{"allow":["GET"]}}],"collection":[{"href":"https:\/\/onlinelotto365.com\/hu\/wp-json\/wp\/v2\/pages"}],"about":[{"href":"https:\/\/onlinelotto365.com\/hu\/wp-json\/wp\/v2\/types\/page"}],"author":[{"embeddable":true,"href":"https:\/\/onlinelotto365.com\/hu\/wp-json\/wp\/v2\/users\/1"}],"replies":[{"embeddable":true,"href":"https:\/\/onlinelotto365.com\/hu\/wp-json\/wp\/v2\/comments?post=79249"}],"version-history":[{"count":0,"href":"https:\/\/onlinelotto365.com\/hu\/wp-json\/wp\/v2\/pages\/79249\/revisions"}],"up":[{"embeddable":true,"href":"https:\/\/onlinelotto365.com\/hu\/wp-json\/wp\/v2\/pages\/5022"}],"wp:attachment":[{"href":"https:\/\/onlinelotto365.com\/hu\/wp-json\/wp\/v2\/media?parent=79249"}],"curies":[{"name":"wp","href":"https:\/\/api.w.org\/{rel}","templated":true}]}}