{"id":79285,"date":"2022-11-03T09:52:44","date_gmt":"2022-11-03T08:52:44","guid":{"rendered":"https:\/\/onlinelotto365.com\/?page_id=79285"},"modified":"2022-11-03T09:53:10","modified_gmt":"2022-11-03T08:53:10","slug":"saturday-lotto-australia","status":"publish","type":"page","link":"https:\/\/onlinelotto365.com\/hu\/jatsszon\/saturday-lotto-australia\/","title":{"rendered":"A szombati Lotto Ausztr\u00e1lia csak az egyik lehet\u0151s\u00e9g a lott\u00f3 rajong\u00f3k sz\u00e1m\u00e1ra Magyarorsz\u00e1gr\u00f3l."},"content":{"rendered":"<h2>Hogyan j\u00e1tsszon szombaton Lotto Ausztr\u00e1lia online<\/h2>\n<p>Ha Magyarorsz\u00e1gon vagy m\u00e1shol \u00e9l, nem olyan neh\u00e9z, mint gondoln\u00e1, hogy szombaton lott\u00f3zzon Ausztr\u00e1li\u00e1ban. R\u00e1ad\u00e1sul lehet\u0151s\u00e9ged lesz arra, hogy megszerezd a k\u00edv\u00e1nt szelv\u00e9nyeket an\u00e9lk\u00fcl, hogy sok id\u0151t kellene t\u00f6ltened vele, mi lehetne enn\u00e9l jobb?<\/p>\n<p>Nos, az a t\u00e9ny, hogy mi seg\u00edt\u00fcnk neked az \u00fat sor\u00e1n, hat\u00e1rozottan nagy el\u0151ny lesz. Kiv\u00e1laszthatja az \u00f6sszes k\u00edv\u00e1nt opci\u00f3t, l\u00e9trehozhatja a fi\u00f3kj\u00e1t, megv\u00e1s\u00e1rolhatja a jegyeit, \u00e9s minden m\u00e1st, amire sz\u00fcks\u00e9ge van, a k\u00edv\u00e1nt fizet\u00e9si m\u00f3ddal, pillanatok alatt. Mi pedig gondoskodunk arr\u00f3l, hogy a jegyek k\u00e9szen \u00e1lljanak az \u00d6n sz\u00e1m\u00e1ra, amikor elj\u00f6n a sorsol\u00e1s ideje.<\/p>\n<p>Mind\u00f6ssze annyit kell tennie, hogy megn\u00e9zi a k\u00fcl\u00f6nb\u00f6z\u0151 lott\u00f3lehet\u0151s\u00e9geket, \u00e9s kiv\u00e1lasztja a Saturday Lotto Australia-t. Amint ezt megtette, lehet\u0151s\u00e9get kap arra, hogy kiv\u00e1lassza a k\u00edv\u00e1nt sz\u00e1mokat minden egyes szelv\u00e9nyhez.<br \/>\nAz\u00e9rt ne agg\u00f3djon, hogy nem a megfelel\u0151 mennyis\u00e9g\u0171 sz\u00e1mot v\u00e1lasztja ki, mert a rendszer \u00fagy fogja ir\u00e1ny\u00edtani, hogy pontosan a megfelel\u0151 mennyis\u00e9get kapja meg. Ha pedig nem vagy biztos a k\u00edv\u00e1nt sz\u00e1mok kiv\u00e1laszt\u00e1s\u00e1ban, akkor egyszer\u0171en v\u00e1laszthatod a gyors v\u00e1laszt\u00e1st, hogy a sz\u00e1m\u00edt\u00f3g\u00e9p v\u00e1lassza ki helyetted a sz\u00e1mokat.<\/p>\n<p>Ha m\u00e1r megvannak a jegyeid, v\u00e1laszthatsz, hogy tov\u00e1bbiakat adsz-e hozz\u00e1, kiv\u00e1laszthatsz-e jegyeket egy m\u00e1sik meccsre, vagy csak hozz\u00e1adhatod a rendel\u00e9sedhez, \u00e9s m\u00e1ris k\u00e9szen \u00e1llsz a v\u00e1s\u00e1rl\u00e1sra. A p\u00e9nzt\u00e1ri folyamatot \u00fagy alak\u00edtottuk ki, hogy a lehet\u0151 legegyszer\u0171bb legyen, \u00edgy pillanatok alatt kifizetheted a jegyeket, \u00e9s m\u00e1r mehetsz is tov\u00e1bb. Mind\u00f6ssze annyit kell tennie, hogy l\u00e9trehozza a fi\u00f3kj\u00e1t.<\/p>\n<p>A fi\u00f3k l\u00e9trehoz\u00e1sa gyerekj\u00e1t\u00e9k, mert nincs sz\u00fcks\u00e9g\u00fcnk sok adatra. Ezut\u00e1n pedig k\u00fcld\u00fcnk egy ellen\u0151rz\u0151 e-mailt, hogy v\u00e9gleges\u00edthesse a fi\u00f3kj\u00e1t. Ne feledd, hogy ez a lev\u00e9l a spam mapp\u00e1dban landolhat (ami azt jelenti, hogy hozz\u00e1 kell adnod minket a c\u00edmjegyz\u00e9kedhez), \u00e9s ezzel m\u00e1ris rendelkezel egy fi\u00f3kkal \u00e9s a lehet\u0151s\u00e9ggel, hogy b\u00e1rmikor t\u00f6bb jegyet v\u00e1s\u00e1rolhass.<\/p>\n<p><a href=\"https:\/\/redfoxlotto.com\/play\/saturday-lotto-au\/?ref=a8564250a2&amp;medium=ol365\" target=\"_blank\" rel=\"noopener noreferrer\"><img decoding=\"async\" class=\"aligncenter\" src=\"https:\/\/redfoxlotto.com\/image?size=8&amp;lottery=saturday-lotto-au\" alt=\"Szombati lott\u00f3 Ausztr\u00e1lia\" \/><\/a><\/p>\n<h2>A szombati lott\u00f3r\u00f3l Ausztr\u00e1lia<\/h2>\n<ul>\n<li>Orsz\u00e1g: Ausztr\u00e1lia<\/li>\n<li>F\u0151 sz\u00e1mtartom\u00e1ny: 45<\/li>\n<li>Ki kell v\u00e1lasztania: 6<\/li>\n<li>Napok, \u00f3r\u00e1k a sorsol\u00e1sokhoz: Szombat, 21:30 GMT+11 &#8211; 10:30 CET<\/li>\n<li>A jackpot indul: AU$ 5 milli\u00f3<\/li>\n<li>A jackpot fels\u0151 hat\u00e1ra: AU$ 150 milli\u00f3<\/li>\n<li>A jackpot megnyer\u00e9s\u00e9nek es\u00e9lye: 1 a 8145060-hoz<\/li>\n<li>A m\u00e1sodik d\u00edj megnyer\u00e9s\u00e9nek es\u00e9lye: 1:678755-hez<\/li>\n<li>Es\u00e9ly b\u00e1rmely nyerem\u00e9ny megnyer\u00e9s\u00e9re: 1:85,44-hez<\/li>\n<li>Nyerem\u00e9nykateg\u00f3ri\u00e1k sz\u00e1ma: A nyerem\u00e9nyt\u00edpusok sz\u00e1ma: 1: 6<\/li>\n<\/ul>\n<h2>A szombati lott\u00f3 legjobb jellemz\u0151i<\/h2>\n<p>A Saturday Lotto Australia rengeteg nyer\u00e9si es\u00e9lyt \u00e9s t\u00f6bb milli\u00f3s jackpotot k\u00edn\u00e1l. Ami m\u00e9g enn\u00e9l is jobb, hogy minden sorsol\u00e1son t\u00f6bb sz\u00e1zezer nyertes van. Nyerhetsz egy kis, 10 doll\u00e1r alatti nyerem\u00e9nyt, vagy nyerhetsz nagy, t\u00f6bb sz\u00e1zezer doll\u00e1ros nyerem\u00e9nyeket is. Mind\u00f6ssze annyit kell tenned, hogy a megfelel\u0151 sz\u00e1mokat v\u00e1lasztod.<\/p>\n<h2>Hogyan ellen\u0151rizheti a szombati lott\u00f3 ausztr\u00e1l eredm\u00e9nyeket<\/h2>\n<p>Amikor elj\u00f6n az ideje, hogy ellen\u0151rizze a szombati Lotto Australia eredm\u00e9nyeit, t\u00f6bbf\u00e9le lehet\u0151s\u00e9ge van. Az els\u0151 az, hogy megn\u00e9zi a lott\u00f3 hivatalos weboldal\u00e1t. \u0150k mindig k\u00f6zz\u00e9teszik a nyertes sz\u00e1mokat a sorsol\u00e1s ut\u00e1n.<br \/>\nDe megn\u00e9zheti a helyi \u00fajs\u00e1gokat \u00e9s telev\u00edzi\u00f3s csatorn\u00e1kat is, ha helyben \u00e9l. Term\u00e9szetesen a legegyszer\u0171bb \u00e9s legjobb m\u00f3dja az ellen\u0151rz\u00e9snek, ha visszat\u00e9rsz a weboldalunkra, \u00e9s bejelentkezel a fi\u00f3kodba. Onnan megn\u00e9zheted a legfrissebb nyer\u0151sz\u00e1mokat, valamint \u00f6ssze tudod hasonl\u00edtani \u0151ket a saj\u00e1tjaiddal.<\/p>\n<h2>Szombaton online j\u00e1tszott\u00e1l az ausztr\u00e1l lott\u00f3n \u00e9s nyert\u00e9l &#8211; mi k\u00f6vetkezik ezut\u00e1n?<\/h2>\n<p>Nyert valamit a legut\u00f3bbi sorsol\u00e1son? Ha igen, akkor tudni akarod, hogy mennyit, \u00e9s ez hat\u00e1ssal lesz arra, hogy hogyan jutsz hozz\u00e1 a p\u00e9nzedhez. B\u00e1rmilyen 2500 eur\u00f3 alatti \u00f6sszeg k\u00f6zvetlen\u00fcl a sz\u00e1ml\u00e1j\u00e1ra fizethet\u0151 be, \u00e9s ez \u00edgy is lesz. Ez azt jelenti, hogy azt csin\u00e1lhatsz vele, amit csak akarsz, kezdve a p\u00e9nzfelv\u00e9telt\u0151l (ha 10 \u20ac felett van), eg\u00e9szen addig, hogy veszel m\u00e9g n\u00e9h\u00e1ny szelv\u00e9nyt erre vagy b\u00e1rmely m\u00e1s j\u00e1t\u00e9kra, amit csak akarsz.<br \/>\nM\u00e1sr\u00e9szt, ha olyan szerencs\u00e9s volt\u00e1l, hogy 2500 \u20ac-n\u00e1l t\u00f6bbet nyert\u00e9l, seg\u00edt\u00fcnk neked a nyerem\u00e9nyed ig\u00e9nyl\u00e9s\u00e9nek folyamat\u00e1ban, ami egy kicsit t\u00f6bb er\u0151fesz\u00edt\u00e9st ig\u00e9nyel. Ehhez a folyamathoz ki kell t\u00f6ltened egy ig\u00e9nyl\u0151lapot a lott\u00f3bizotts\u00e1ghoz, \u00e9s el kell d\u00f6ntened, hogy a p\u00e9nzedet banki \u00e1tutal\u00e1ssal vagy csekken szeretn\u00e9d-e megkapni. Ez teljesen rajtad m\u00falik.<\/p>\n","protected":false},"excerpt":{"rendered":"<p>Hogyan j\u00e1tsszon szombaton Lotto Ausztr\u00e1lia online Ha Magyarorsz\u00e1gon vagy m\u00e1shol \u00e9l, nem olyan neh\u00e9z, mint gondoln\u00e1, hogy szombaton lott\u00f3zzon Ausztr\u00e1li\u00e1ban. R\u00e1ad\u00e1sul lehet\u0151s\u00e9ged lesz arra, hogy megszerezd a k\u00edv\u00e1nt szelv\u00e9nyeket an\u00e9lk\u00fcl, hogy sok id\u0151t kellene t\u00f6ltened vele, mi lehetne enn\u00e9l jobb? Nos, az a t\u00e9ny, hogy mi seg\u00edt\u00fcnk neked az \u00fat sor\u00e1n, hat\u00e1rozottan nagy el\u0151ny lesz. [&hellip;]<\/p>\n","protected":false},"author":1,"featured_media":0,"parent":5022,"menu_order":15,"comment_status":"closed","ping_status":"closed","template":"saturday-lotto.php","meta":{"_et_pb_use_builder":"","_et_pb_old_content":"","_et_gb_content_width":"","exclude_from_search":false,"footnotes":""},"class_list":["post-79285","page","type-page","status-publish","hentry"],"yoast_head":"<!-- This site is optimized with the Yoast SEO plugin v23.4 - https:\/\/yoast.com\/wordpress\/plugins\/seo\/ -->\n<title>Szolg\u00e1ltat\u00e1sunk lehet\u0151v\u00e9 teszi, hogy szombati Lotto Ausztr\u00e1lia online j\u00e1tszani Magyarorsz\u00e1gr\u00f3l<\/title>\n<meta name=\"description\" content=\"Ausztr\u00e1li\u00e1ban is van szombati lott\u00f3 - j\u00e1tsszon most online\" \/>\n<meta name=\"robots\" content=\"index, follow, max-snippet:-1, max-image-preview:large, max-video-preview:-1\" \/>\n<link rel=\"canonical\" href=\"https:\/\/onlinelotto365.com\/hu\/jatsszon\/saturday-lotto-australia\/\" \/>\n<meta property=\"og:locale\" content=\"hu_HU\" \/>\n<meta property=\"og:type\" content=\"article\" \/>\n<meta property=\"og:title\" content=\"Szolg\u00e1ltat\u00e1sunk lehet\u0151v\u00e9 teszi, hogy szombati Lotto Ausztr\u00e1lia online j\u00e1tszani Magyarorsz\u00e1gr\u00f3l\" \/>\n<meta property=\"og:description\" content=\"Ausztr\u00e1li\u00e1ban is van szombati lott\u00f3 - j\u00e1tsszon most online\" \/>\n<meta property=\"og:url\" content=\"https:\/\/onlinelotto365.com\/hu\/jatsszon\/saturday-lotto-australia\/\" \/>\n<meta property=\"og:site_name\" content=\"OnlineLotto365\" \/>\n<meta property=\"article:modified_time\" content=\"2022-11-03T08:53:10+00:00\" \/>\n<meta property=\"og:image\" content=\"https:\/\/redfoxlotto.com\/image?size=8&amp;lottery=saturday-lotto-au\" \/>\n<meta name=\"twitter:card\" content=\"summary_large_image\" \/>\n<meta name=\"twitter:label1\" content=\"Becs\u00fclt olvas\u00e1si id\u0151\" \/>\n\t<meta name=\"twitter:data1\" content=\"3 perc\" \/>\n<script type=\"application\/ld+json\" class=\"yoast-schema-graph\">{\"@context\":\"https:\/\/schema.org\",\"@graph\":[{\"@type\":\"WebPage\",\"@id\":\"https:\/\/onlinelotto365.com\/hu\/jatsszon\/saturday-lotto-australia\/\",\"url\":\"https:\/\/onlinelotto365.com\/hu\/jatsszon\/saturday-lotto-australia\/\",\"name\":\"Szolg\u00e1ltat\u00e1sunk lehet\u0151v\u00e9 teszi, hogy szombati Lotto Ausztr\u00e1lia online j\u00e1tszani Magyarorsz\u00e1gr\u00f3l\",\"isPartOf\":{\"@id\":\"https:\/\/onlinelotto365.com\/hu\/#website\"},\"primaryImageOfPage\":{\"@id\":\"https:\/\/onlinelotto365.com\/hu\/jatsszon\/saturday-lotto-australia\/#primaryimage\"},\"image\":{\"@id\":\"https:\/\/onlinelotto365.com\/hu\/jatsszon\/saturday-lotto-australia\/#primaryimage\"},\"thumbnailUrl\":\"https:\/\/redfoxlotto.com\/image?size=8&amp;lottery=saturday-lotto-au\",\"datePublished\":\"2022-11-03T08:52:44+00:00\",\"dateModified\":\"2022-11-03T08:53:10+00:00\",\"description\":\"Ausztr\u00e1li\u00e1ban is van szombati lott\u00f3 - j\u00e1tsszon most online\",\"breadcrumb\":{\"@id\":\"https:\/\/onlinelotto365.com\/hu\/jatsszon\/saturday-lotto-australia\/#breadcrumb\"},\"inLanguage\":\"hu\",\"potentialAction\":[{\"@type\":\"ReadAction\",\"target\":[\"https:\/\/onlinelotto365.com\/hu\/jatsszon\/saturday-lotto-australia\/\"]}]},{\"@type\":\"ImageObject\",\"inLanguage\":\"hu\",\"@id\":\"https:\/\/onlinelotto365.com\/hu\/jatsszon\/saturday-lotto-australia\/#primaryimage\",\"url\":\"https:\/\/redfoxlotto.com\/image?size=8&amp;lottery=saturday-lotto-au\",\"contentUrl\":\"https:\/\/redfoxlotto.com\/image?size=8&amp;lottery=saturday-lotto-au\"},{\"@type\":\"BreadcrumbList\",\"@id\":\"https:\/\/onlinelotto365.com\/hu\/jatsszon\/saturday-lotto-australia\/#breadcrumb\",\"itemListElement\":[{\"@type\":\"ListItem\",\"position\":1,\"name\":\"Home\",\"item\":\"https:\/\/onlinelotto365.com\/hu\/\"},{\"@type\":\"ListItem\",\"position\":2,\"name\":\"Minden, amit tudnia kell a legjobb online lott\u00f3j\u00e1t\u00e9kok j\u00e1t\u00e9klehet\u0151s\u00e9g\u00e9r\u0151l\",\"item\":\"https:\/\/onlinelotto365.com\/hu\/play\/\"},{\"@type\":\"ListItem\",\"position\":3,\"name\":\"A szombati Lotto Ausztr\u00e1lia csak az egyik lehet\u0151s\u00e9g a lott\u00f3 rajong\u00f3k sz\u00e1m\u00e1ra Magyarorsz\u00e1gr\u00f3l.\"}]},{\"@type\":\"WebSite\",\"@id\":\"https:\/\/onlinelotto365.com\/hu\/#website\",\"url\":\"https:\/\/onlinelotto365.com\/hu\/\",\"name\":\"OnlineLotto365\",\"description\":\"\",\"potentialAction\":[{\"@type\":\"SearchAction\",\"target\":{\"@type\":\"EntryPoint\",\"urlTemplate\":\"https:\/\/onlinelotto365.com\/hu\/?s={search_term_string}\"},\"query-input\":{\"@type\":\"PropertyValueSpecification\",\"valueRequired\":true,\"valueName\":\"search_term_string\"}}],\"inLanguage\":\"hu\"}]}<\/script>\n<!-- \/ Yoast SEO plugin. -->","yoast_head_json":{"title":"Szolg\u00e1ltat\u00e1sunk lehet\u0151v\u00e9 teszi, hogy szombati Lotto Ausztr\u00e1lia online j\u00e1tszani Magyarorsz\u00e1gr\u00f3l","description":"Ausztr\u00e1li\u00e1ban is van szombati lott\u00f3 - j\u00e1tsszon most online","robots":{"index":"index","follow":"follow","max-snippet":"max-snippet:-1","max-image-preview":"max-image-preview:large","max-video-preview":"max-video-preview:-1"},"canonical":"https:\/\/onlinelotto365.com\/hu\/jatsszon\/saturday-lotto-australia\/","og_locale":"hu_HU","og_type":"article","og_title":"Szolg\u00e1ltat\u00e1sunk lehet\u0151v\u00e9 teszi, hogy szombati Lotto Ausztr\u00e1lia online j\u00e1tszani Magyarorsz\u00e1gr\u00f3l","og_description":"Ausztr\u00e1li\u00e1ban is van szombati lott\u00f3 - j\u00e1tsszon most online","og_url":"https:\/\/onlinelotto365.com\/hu\/jatsszon\/saturday-lotto-australia\/","og_site_name":"OnlineLotto365","article_modified_time":"2022-11-03T08:53:10+00:00","og_image":[{"url":"https:\/\/redfoxlotto.com\/image?size=8&amp;lottery=saturday-lotto-au"}],"twitter_card":"summary_large_image","twitter_misc":{"Becs\u00fclt olvas\u00e1si id\u0151":"3 perc"},"schema":{"@context":"https:\/\/schema.org","@graph":[{"@type":"WebPage","@id":"https:\/\/onlinelotto365.com\/hu\/jatsszon\/saturday-lotto-australia\/","url":"https:\/\/onlinelotto365.com\/hu\/jatsszon\/saturday-lotto-australia\/","name":"Szolg\u00e1ltat\u00e1sunk lehet\u0151v\u00e9 teszi, hogy szombati Lotto Ausztr\u00e1lia online j\u00e1tszani Magyarorsz\u00e1gr\u00f3l","isPartOf":{"@id":"https:\/\/onlinelotto365.com\/hu\/#website"},"primaryImageOfPage":{"@id":"https:\/\/onlinelotto365.com\/hu\/jatsszon\/saturday-lotto-australia\/#primaryimage"},"image":{"@id":"https:\/\/onlinelotto365.com\/hu\/jatsszon\/saturday-lotto-australia\/#primaryimage"},"thumbnailUrl":"https:\/\/redfoxlotto.com\/image?size=8&amp;lottery=saturday-lotto-au","datePublished":"2022-11-03T08:52:44+00:00","dateModified":"2022-11-03T08:53:10+00:00","description":"Ausztr\u00e1li\u00e1ban is van szombati lott\u00f3 - j\u00e1tsszon most online","breadcrumb":{"@id":"https:\/\/onlinelotto365.com\/hu\/jatsszon\/saturday-lotto-australia\/#breadcrumb"},"inLanguage":"hu","potentialAction":[{"@type":"ReadAction","target":["https:\/\/onlinelotto365.com\/hu\/jatsszon\/saturday-lotto-australia\/"]}]},{"@type":"ImageObject","inLanguage":"hu","@id":"https:\/\/onlinelotto365.com\/hu\/jatsszon\/saturday-lotto-australia\/#primaryimage","url":"https:\/\/redfoxlotto.com\/image?size=8&amp;lottery=saturday-lotto-au","contentUrl":"https:\/\/redfoxlotto.com\/image?size=8&amp;lottery=saturday-lotto-au"},{"@type":"BreadcrumbList","@id":"https:\/\/onlinelotto365.com\/hu\/jatsszon\/saturday-lotto-australia\/#breadcrumb","itemListElement":[{"@type":"ListItem","position":1,"name":"Home","item":"https:\/\/onlinelotto365.com\/hu\/"},{"@type":"ListItem","position":2,"name":"Minden, amit tudnia kell a legjobb online lott\u00f3j\u00e1t\u00e9kok j\u00e1t\u00e9klehet\u0151s\u00e9g\u00e9r\u0151l","item":"https:\/\/onlinelotto365.com\/hu\/play\/"},{"@type":"ListItem","position":3,"name":"A szombati Lotto Ausztr\u00e1lia csak az egyik lehet\u0151s\u00e9g a lott\u00f3 rajong\u00f3k sz\u00e1m\u00e1ra Magyarorsz\u00e1gr\u00f3l."}]},{"@type":"WebSite","@id":"https:\/\/onlinelotto365.com\/hu\/#website","url":"https:\/\/onlinelotto365.com\/hu\/","name":"OnlineLotto365","description":"","potentialAction":[{"@type":"SearchAction","target":{"@type":"EntryPoint","urlTemplate":"https:\/\/onlinelotto365.com\/hu\/?s={search_term_string}"},"query-input":{"@type":"PropertyValueSpecification","valueRequired":true,"valueName":"search_term_string"}}],"inLanguage":"hu"}]}},"_links":{"self":[{"href":"https:\/\/onlinelotto365.com\/hu\/wp-json\/wp\/v2\/pages\/79285","targetHints":{"allow":["GET"]}}],"collection":[{"href":"https:\/\/onlinelotto365.com\/hu\/wp-json\/wp\/v2\/pages"}],"about":[{"href":"https:\/\/onlinelotto365.com\/hu\/wp-json\/wp\/v2\/types\/page"}],"author":[{"embeddable":true,"href":"https:\/\/onlinelotto365.com\/hu\/wp-json\/wp\/v2\/users\/1"}],"replies":[{"embeddable":true,"href":"https:\/\/onlinelotto365.com\/hu\/wp-json\/wp\/v2\/comments?post=79285"}],"version-history":[{"count":0,"href":"https:\/\/onlinelotto365.com\/hu\/wp-json\/wp\/v2\/pages\/79285\/revisions"}],"up":[{"embeddable":true,"href":"https:\/\/onlinelotto365.com\/hu\/wp-json\/wp\/v2\/pages\/5022"}],"wp:attachment":[{"href":"https:\/\/onlinelotto365.com\/hu\/wp-json\/wp\/v2\/media?parent=79285"}],"curies":[{"name":"wp","href":"https:\/\/api.w.org\/{rel}","templated":true}]}}