{"id":79329,"date":"2022-11-03T11:50:29","date_gmt":"2022-11-03T10:50:29","guid":{"rendered":"https:\/\/onlinelotto365.com\/?page_id=79329"},"modified":"2022-11-03T11:53:23","modified_gmt":"2022-11-03T10:53:23","slug":"oz-lotto","status":"publish","type":"page","link":"https:\/\/onlinelotto365.com\/hu\/jatsszon\/oz-lotto\/","title":{"rendered":"Az Oz Lotto csak az egyik lehet\u0151s\u00e9g a lott\u00f3 rajong\u00f3k sz\u00e1m\u00e1ra Magyarorsz\u00e1gr\u00f3l."},"content":{"rendered":"<h2>Hogyan j\u00e1tsszon online Oz Lotto<\/h2>\n<p>Ak\u00e1r Magyarorsz\u00e1gon \u00e9l, ak\u00e1r nem, k\u00f6nnyed\u00e9n j\u00e1tszhat online Oz Lotto-t. Ehhez mind\u00f6ssze annyit kell tennie, hogy megtal\u00e1lja a megfelel\u0151 oldalt a weboldalunkon, r\u00e1kattint n\u00e9h\u00e1ny gombra, \u00e9s mire \u00e9szbe kap, m\u00e1r meg is kapja a k\u00edv\u00e1nt szelv\u00e9nyeket.<\/p>\n<p>M\u00e9g jobb, ha csak l\u00e9trehoz egy teljesen ingyenes fi\u00f3kot, kiv\u00e1lasztja a k\u00edv\u00e1nt szelv\u00e9nyeket \u00e9s sz\u00e1mokat, kiv\u00e1lasztja az \u00d6nnek legmegfelel\u0151bb fizet\u00e9si m\u00f3dot, \u00e9s m\u00e1r k\u00e9sz is. Ez t\u00e9nyleg ilyen egyszer\u0171.<\/p>\n<p>Ha k\u00e9szen \u00e1llsz az indul\u00e1sra, az els\u0151 dolog, amit tenned kell, hogy kiv\u00e1lasztod a k\u00edv\u00e1nt lott\u00f3t. Ebben az esetben az Oz Lotto-t n\u00e9zed. Ha m\u00e1r bent vagy, csak kiv\u00e1lasztod a sz\u00e1mokat, amiket j\u00e1tszani szeretn\u00e9l. M\u00e9g csak agg\u00f3dnod sem kell amiatt, hogy rosszul v\u00e1lasztod ki a sz\u00e1mokat, mert a rendszer t\u00e1j\u00e9koztatni fog arr\u00f3l, hogy mire van sz\u00fcks\u00e9ged.<\/p>\n<p>Ez a sz\u00e1mok mennyis\u00e9g\u00e9t is jelenti. R\u00e1ad\u00e1sul v\u00e1laszthatsz egy gyors v\u00e1laszt\u00e1st is, hogy a sz\u00e1m\u00edt\u00f3g\u00e9p v\u00e9letlenszer\u0171en v\u00e1lassza ki a sz\u00e1mokat, majd ezeket a sz\u00e1mokat is szerkesztheted.<br \/>\nHa m\u00e1r megvan az Oz Lotto szelv\u00e9nye, akkor v\u00e1laszthat, hogy m\u00e9g t\u00f6bb szelv\u00e9nyt adjon hozz\u00e1, kiv\u00e1laszthat egy m\u00e1sik j\u00e1t\u00e9kot \u00e9s hozz\u00e1adhatja azokat a szelv\u00e9nyeket, vagy egyszer\u0171en csak hozz\u00e1adhatja a szelv\u00e9nyeit egy megrendel\u00e9shez, hogy megv\u00e1s\u00e1rolhassa. P\u00e9nzt\u00e1rhoz megy \u00e9s fizet az \u00d6n \u00e1ltal prefer\u00e1lt fizet\u00e9si m\u00f3ddal, \u00e9s m\u00e1ris k\u00e9szen \u00e1ll. B\u00e1r term\u00e9szetesen l\u00e9tre kell hoznia egy fi\u00f3kot, hogy v\u00e9gig tudjon menni a p\u00e9nzt\u00e1rfolyamon.<\/p>\n<p>A fi\u00f3k l\u00e9trehoz\u00e1sa egyszer\u0171, \u00e9s azonnal kap egy ellen\u0151rz\u0151 e-mailt \u00e9s egy linket. \u00cdgy v\u00e1rakoz\u00e1s n\u00e9lk\u00fcl r\u00f6gt\u00f6n belev\u00e1ghatsz a jegyv\u00e1s\u00e1rl\u00e1sba. Csak gy\u0151z\u0151dj meg r\u00f3la, hogy ellen\u0151rz\u00f6d a postal\u00e1d\u00e1dat \u00e9s a spam mapp\u00e1dat, mert a meger\u0151s\u00edt\u00e9s n\u00e9lk\u00fcl nem fogod tudni megkapni a jegyeket. \u00cdgy pillanatok alatt k\u00e9szen \u00e1llhatsz az indul\u00e1sra.<\/p>\n<p><a href=\"https:\/\/redfoxlotto.com\/play\/oz-lotto\/?ref=a8564250a2&amp;medium=ol365\" target=\"_blank\" rel=\"noopener noreferrer\"><img decoding=\"async\" class=\"aligncenter\" src=\"https:\/\/redfoxlotto.com\/image?size=8&amp;lottery=oz-lotto\" alt=\"Oz Lotto\" \/><\/a><\/p>\n<h2>Az Oz lott\u00f3r\u00f3l<\/h2>\n<ul>\n<li>Orsz\u00e1g: Ausztr\u00e1lia<\/li>\n<li>F\u0151 sz\u00e1mtartom\u00e1ny: 45<\/li>\n<li>Ki kell v\u00e1lasztania: 7<\/li>\n<li>Napok, \u00f3r\u00e1k sorsol\u00e1sai: Kedd, 21:30 GMT+11 &#8211; 10:30 CET<\/li>\n<li>A jackpot indul: AU$ 2 milli\u00f3<\/li>\n<li>A jackpot fels\u0151 hat\u00e1ra: nincs<\/li>\n<li>A jackpot megnyer\u00e9s\u00e9nek es\u00e9lye: 1 a 45379620-hoz<\/li>\n<li>Es\u00e9ly a m\u00e1sodik d\u00edj megnyer\u00e9s\u00e9re: 1:3241401-hez<\/li>\n<li>Es\u00e9ly b\u00e1rmely nyerem\u00e9ny megnyer\u00e9s\u00e9re: 1 az 54,59-hez<\/li>\n<li>A nyerem\u00e9nykateg\u00f3ri\u00e1k sz\u00e1ma: A nyerem\u00e9nykateg\u00f3ri\u00e1k sz\u00e1ma: 7<\/li>\n<\/ul>\n<h2>Az Oz Lotto legjobb jellemz\u0151i<\/h2>\n<p>Az Oz Lotto h\u00e9t k\u00fcl\u00f6nb\u00f6z\u0151 div\u00edzi\u00f3ban ad lehet\u0151s\u00e9get a nyer\u00e9sre, \u00edgy n\u00f6velve az es\u00e9ly\u00e9t a nagyszer\u0171 nyerem\u00e9nyre. Nem csak ez, de ha az 1. div\u00edzi\u00f3ban nyersz, garant\u00e1ltan 2 milli\u00f3 doll\u00e1ros nyerem\u00e9nyen osztozhatsz, \u00e9s gyakran enn\u00e9l j\u00f3val magasabb nyerem\u00e9nyt is. Ez azt jelenti, hogy nem lesz gondod azzal, hogy valami nagyot nyerj, vagy legal\u00e1bbis r\u00e9szesedj a nagyszer\u0171 nyerem\u00e9nylehet\u0151s\u00e9gek egyik\u00e9b\u0151l.<\/p>\n<h2>Hogyan ellen\u0151rizheti az Oz Lotto eredm\u00e9nyeit<\/h2>\n<p>Az Oz Lotto nyer\u0151sz\u00e1mait rengeteg m\u00f3don ellen\u0151rizheted. Az els\u0151, ha felkeresed a hivatalos honlapot, vagy a helyi lott\u00f3j\u00e1t\u00e9kokat a saj\u00e1t \u00fajs\u00e1godon vagy a kedvenc h\u00edrcsatorn\u00e1don kereszt\u00fcl ellen\u0151rz\u00f6d. Ez azonban csak akkor m\u0171k\u00f6dik, ha a j\u00e1t\u00e9k helyi. \u00c9s a legjobb m\u00f3dja annak, hogy megtudja a lott\u00f3sz\u00e1mait, ha r\u00f6gt\u00f6n visszat\u00e9r az oldalunkra.<br \/>\nElv\u00e9gre itt v\u00e1s\u00e1roltad a szelv\u00e9nyeidet, sz\u00f3val mi\u00e9rt ne? Egyb\u0151l be tudsz majd jelentkezni a fi\u00f3kodba, \u00e9s \u00f6ssze tudod hasonl\u00edtani a sz\u00e1maidat a nyertes sz\u00e1mokkal, hogy l\u00e1sd, mennyit nyert\u00e9l.<\/p>\n<h2>\u00d6n egy Oz Lotto nyertes! &#8211; \u00c9s most mi lesz?<\/h2>\n<p>Az els\u0151 dolog, amit tudni akarsz, hogy mennyit fogsz kapni. Elv\u00e9gre mindenki tudni akarja, mi a nyerem\u00e9nye, nem igaz? Ha 2500 eur\u00f3n\u00e1l kevesebbet nyert, nem kell semmit sem tennie. Mi gondoskodunk a nyerem\u00e9ny ig\u00e9nyl\u00e9s\u00e9r\u0151l, \u00e9s k\u00f6zvetlen\u00fcl az online sz\u00e1ml\u00e1j\u00e1ra utaljuk. Onnan pedig v\u00e1laszthatsz, hogy kiveszed-e, veszel-e \u00faj szelv\u00e9nyt, vagy b\u00e1rmi m\u00e1st, amit csak akarsz, felt\u00e9ve, hogy a nyerem\u00e9nyed 10 eur\u00f3 felett van.<br \/>\n<img loading=\"lazy\" decoding=\"async\" class=\"alignright wp-image-3635\" src=\"https:\/\/onlinelotto365.com\/wp-content\/uploads\/2020\/11\/online_lottery-123-300x300.jpg\" alt=\"j\u00e1tsz oz lott\u00f3t online\" width=\"228\" height=\"228\" srcset=\"https:\/\/onlinelotto365.com\/wp-content\/uploads\/2020\/11\/online_lottery-123-300x300.jpg 300w, https:\/\/onlinelotto365.com\/wp-content\/uploads\/2020\/11\/online_lottery-123-100x100.jpg 100w, https:\/\/onlinelotto365.com\/wp-content\/uploads\/2020\/11\/online_lottery-123-150x150.jpg 150w, https:\/\/onlinelotto365.com\/wp-content\/uploads\/2020\/11\/online_lottery-123.jpg 320w\" sizes=\"auto, (max-width: 228px) 100vw, 228px\" \/><\/p>\n<p>Nos, ha 2500 \u20ac felett nyert\u00e9l, akkor egy kicsit t\u00f6bb dolgod van a folyamatban, de ne agg\u00f3dj, mert mi seg\u00edt\u00fcnk neked mindebben. Felvessz\u00fck veled a kapcsolatot, \u00e9s elk\u00fcldj\u00fck neked az ig\u00e9nyl\u0151lap m\u00e1solat\u00e1t, amelyet el kell k\u00fcldened a lott\u00f3bizotts\u00e1gnak. Miut\u00e1n kit\u00f6lt\u00f6tted, a pap\u00edron megadottaknak megfelel\u0151en kaphatod meg a nyerem\u00e9nyedet. Kaphatsz csekket vagy banki \u00e1tutal\u00e1st.<\/p>\n","protected":false},"excerpt":{"rendered":"<p>Hogyan j\u00e1tsszon online Oz Lotto Ak\u00e1r Magyarorsz\u00e1gon \u00e9l, ak\u00e1r nem, k\u00f6nnyed\u00e9n j\u00e1tszhat online Oz Lotto-t. Ehhez mind\u00f6ssze annyit kell tennie, hogy megtal\u00e1lja a megfelel\u0151 oldalt a weboldalunkon, r\u00e1kattint n\u00e9h\u00e1ny gombra, \u00e9s mire \u00e9szbe kap, m\u00e1r meg is kapja a k\u00edv\u00e1nt szelv\u00e9nyeket. M\u00e9g jobb, ha csak l\u00e9trehoz egy teljesen ingyenes fi\u00f3kot, kiv\u00e1lasztja a k\u00edv\u00e1nt szelv\u00e9nyeket \u00e9s [&hellip;]<\/p>\n","protected":false},"author":1,"featured_media":0,"parent":5022,"menu_order":14,"comment_status":"closed","ping_status":"closed","template":"template-rightsidebar.php","meta":{"_et_pb_use_builder":"","_et_pb_old_content":"","_et_gb_content_width":"","exclude_from_search":false,"footnotes":""},"class_list":["post-79329","page","type-page","status-publish","hentry"],"yoast_head":"<!-- This site is optimized with the Yoast SEO plugin v23.4 - https:\/\/yoast.com\/wordpress\/plugins\/seo\/ -->\n<title>J\u00e1tsszon Oz Lotto itt - a bolyg\u00f3 legnagyobb lott\u00f3j\u00e1t\u00e9ka, online el\u00e9rhet\u0151 Magyarorsz\u00e1gr\u00f3l<\/title>\n<meta name=\"description\" content=\"J\u00e1tsszon sz\u00e1mos nemzetk\u00f6zi lott\u00f3t online, k\u00f6zt\u00fck az OzLott\u00f3t is\" \/>\n<meta name=\"robots\" content=\"index, follow, max-snippet:-1, max-image-preview:large, max-video-preview:-1\" \/>\n<link rel=\"canonical\" href=\"https:\/\/onlinelotto365.com\/hu\/jatsszon\/oz-lotto\/\" \/>\n<meta property=\"og:locale\" content=\"hu_HU\" \/>\n<meta property=\"og:type\" content=\"article\" \/>\n<meta property=\"og:title\" content=\"J\u00e1tsszon Oz Lotto itt - a bolyg\u00f3 legnagyobb lott\u00f3j\u00e1t\u00e9ka, online el\u00e9rhet\u0151 Magyarorsz\u00e1gr\u00f3l\" \/>\n<meta property=\"og:description\" content=\"J\u00e1tsszon sz\u00e1mos nemzetk\u00f6zi lott\u00f3t online, k\u00f6zt\u00fck az OzLott\u00f3t is\" \/>\n<meta property=\"og:url\" content=\"https:\/\/onlinelotto365.com\/hu\/jatsszon\/oz-lotto\/\" \/>\n<meta property=\"og:site_name\" content=\"OnlineLotto365\" \/>\n<meta property=\"article:modified_time\" content=\"2022-11-03T10:53:23+00:00\" \/>\n<meta property=\"og:image\" content=\"https:\/\/redfoxlotto.com\/image?size=8&amp;lottery=oz-lotto\" \/>\n<meta name=\"twitter:card\" content=\"summary_large_image\" \/>\n<meta name=\"twitter:label1\" content=\"Becs\u00fclt olvas\u00e1si id\u0151\" \/>\n\t<meta name=\"twitter:data1\" content=\"3 perc\" \/>\n<script type=\"application\/ld+json\" class=\"yoast-schema-graph\">{\"@context\":\"https:\/\/schema.org\",\"@graph\":[{\"@type\":\"WebPage\",\"@id\":\"https:\/\/onlinelotto365.com\/hu\/jatsszon\/oz-lotto\/\",\"url\":\"https:\/\/onlinelotto365.com\/hu\/jatsszon\/oz-lotto\/\",\"name\":\"J\u00e1tsszon Oz Lotto itt - a bolyg\u00f3 legnagyobb lott\u00f3j\u00e1t\u00e9ka, online el\u00e9rhet\u0151 Magyarorsz\u00e1gr\u00f3l\",\"isPartOf\":{\"@id\":\"https:\/\/onlinelotto365.com\/hu\/#website\"},\"primaryImageOfPage\":{\"@id\":\"https:\/\/onlinelotto365.com\/hu\/jatsszon\/oz-lotto\/#primaryimage\"},\"image\":{\"@id\":\"https:\/\/onlinelotto365.com\/hu\/jatsszon\/oz-lotto\/#primaryimage\"},\"thumbnailUrl\":\"https:\/\/redfoxlotto.com\/image?size=8&amp;lottery=oz-lotto\",\"datePublished\":\"2022-11-03T10:50:29+00:00\",\"dateModified\":\"2022-11-03T10:53:23+00:00\",\"description\":\"J\u00e1tsszon sz\u00e1mos nemzetk\u00f6zi lott\u00f3t online, k\u00f6zt\u00fck az OzLott\u00f3t is\",\"breadcrumb\":{\"@id\":\"https:\/\/onlinelotto365.com\/hu\/jatsszon\/oz-lotto\/#breadcrumb\"},\"inLanguage\":\"hu\",\"potentialAction\":[{\"@type\":\"ReadAction\",\"target\":[\"https:\/\/onlinelotto365.com\/hu\/jatsszon\/oz-lotto\/\"]}]},{\"@type\":\"ImageObject\",\"inLanguage\":\"hu\",\"@id\":\"https:\/\/onlinelotto365.com\/hu\/jatsszon\/oz-lotto\/#primaryimage\",\"url\":\"https:\/\/redfoxlotto.com\/image?size=8&amp;lottery=oz-lotto\",\"contentUrl\":\"https:\/\/redfoxlotto.com\/image?size=8&amp;lottery=oz-lotto\"},{\"@type\":\"BreadcrumbList\",\"@id\":\"https:\/\/onlinelotto365.com\/hu\/jatsszon\/oz-lotto\/#breadcrumb\",\"itemListElement\":[{\"@type\":\"ListItem\",\"position\":1,\"name\":\"Home\",\"item\":\"https:\/\/onlinelotto365.com\/hu\/\"},{\"@type\":\"ListItem\",\"position\":2,\"name\":\"Minden, amit tudnia kell a legjobb online lott\u00f3j\u00e1t\u00e9kok j\u00e1t\u00e9klehet\u0151s\u00e9g\u00e9r\u0151l\",\"item\":\"https:\/\/onlinelotto365.com\/hu\/play\/\"},{\"@type\":\"ListItem\",\"position\":3,\"name\":\"Az Oz Lotto csak az egyik lehet\u0151s\u00e9g a lott\u00f3 rajong\u00f3k sz\u00e1m\u00e1ra Magyarorsz\u00e1gr\u00f3l.\"}]},{\"@type\":\"WebSite\",\"@id\":\"https:\/\/onlinelotto365.com\/hu\/#website\",\"url\":\"https:\/\/onlinelotto365.com\/hu\/\",\"name\":\"OnlineLotto365\",\"description\":\"\",\"potentialAction\":[{\"@type\":\"SearchAction\",\"target\":{\"@type\":\"EntryPoint\",\"urlTemplate\":\"https:\/\/onlinelotto365.com\/hu\/?s={search_term_string}\"},\"query-input\":{\"@type\":\"PropertyValueSpecification\",\"valueRequired\":true,\"valueName\":\"search_term_string\"}}],\"inLanguage\":\"hu\"}]}<\/script>\n<!-- \/ Yoast SEO plugin. -->","yoast_head_json":{"title":"J\u00e1tsszon Oz Lotto itt - a bolyg\u00f3 legnagyobb lott\u00f3j\u00e1t\u00e9ka, online el\u00e9rhet\u0151 Magyarorsz\u00e1gr\u00f3l","description":"J\u00e1tsszon sz\u00e1mos nemzetk\u00f6zi lott\u00f3t online, k\u00f6zt\u00fck az OzLott\u00f3t is","robots":{"index":"index","follow":"follow","max-snippet":"max-snippet:-1","max-image-preview":"max-image-preview:large","max-video-preview":"max-video-preview:-1"},"canonical":"https:\/\/onlinelotto365.com\/hu\/jatsszon\/oz-lotto\/","og_locale":"hu_HU","og_type":"article","og_title":"J\u00e1tsszon Oz Lotto itt - a bolyg\u00f3 legnagyobb lott\u00f3j\u00e1t\u00e9ka, online el\u00e9rhet\u0151 Magyarorsz\u00e1gr\u00f3l","og_description":"J\u00e1tsszon sz\u00e1mos nemzetk\u00f6zi lott\u00f3t online, k\u00f6zt\u00fck az OzLott\u00f3t is","og_url":"https:\/\/onlinelotto365.com\/hu\/jatsszon\/oz-lotto\/","og_site_name":"OnlineLotto365","article_modified_time":"2022-11-03T10:53:23+00:00","og_image":[{"url":"https:\/\/redfoxlotto.com\/image?size=8&amp;lottery=oz-lotto"}],"twitter_card":"summary_large_image","twitter_misc":{"Becs\u00fclt olvas\u00e1si id\u0151":"3 perc"},"schema":{"@context":"https:\/\/schema.org","@graph":[{"@type":"WebPage","@id":"https:\/\/onlinelotto365.com\/hu\/jatsszon\/oz-lotto\/","url":"https:\/\/onlinelotto365.com\/hu\/jatsszon\/oz-lotto\/","name":"J\u00e1tsszon Oz Lotto itt - a bolyg\u00f3 legnagyobb lott\u00f3j\u00e1t\u00e9ka, online el\u00e9rhet\u0151 Magyarorsz\u00e1gr\u00f3l","isPartOf":{"@id":"https:\/\/onlinelotto365.com\/hu\/#website"},"primaryImageOfPage":{"@id":"https:\/\/onlinelotto365.com\/hu\/jatsszon\/oz-lotto\/#primaryimage"},"image":{"@id":"https:\/\/onlinelotto365.com\/hu\/jatsszon\/oz-lotto\/#primaryimage"},"thumbnailUrl":"https:\/\/redfoxlotto.com\/image?size=8&amp;lottery=oz-lotto","datePublished":"2022-11-03T10:50:29+00:00","dateModified":"2022-11-03T10:53:23+00:00","description":"J\u00e1tsszon sz\u00e1mos nemzetk\u00f6zi lott\u00f3t online, k\u00f6zt\u00fck az OzLott\u00f3t is","breadcrumb":{"@id":"https:\/\/onlinelotto365.com\/hu\/jatsszon\/oz-lotto\/#breadcrumb"},"inLanguage":"hu","potentialAction":[{"@type":"ReadAction","target":["https:\/\/onlinelotto365.com\/hu\/jatsszon\/oz-lotto\/"]}]},{"@type":"ImageObject","inLanguage":"hu","@id":"https:\/\/onlinelotto365.com\/hu\/jatsszon\/oz-lotto\/#primaryimage","url":"https:\/\/redfoxlotto.com\/image?size=8&amp;lottery=oz-lotto","contentUrl":"https:\/\/redfoxlotto.com\/image?size=8&amp;lottery=oz-lotto"},{"@type":"BreadcrumbList","@id":"https:\/\/onlinelotto365.com\/hu\/jatsszon\/oz-lotto\/#breadcrumb","itemListElement":[{"@type":"ListItem","position":1,"name":"Home","item":"https:\/\/onlinelotto365.com\/hu\/"},{"@type":"ListItem","position":2,"name":"Minden, amit tudnia kell a legjobb online lott\u00f3j\u00e1t\u00e9kok j\u00e1t\u00e9klehet\u0151s\u00e9g\u00e9r\u0151l","item":"https:\/\/onlinelotto365.com\/hu\/play\/"},{"@type":"ListItem","position":3,"name":"Az Oz Lotto csak az egyik lehet\u0151s\u00e9g a lott\u00f3 rajong\u00f3k sz\u00e1m\u00e1ra Magyarorsz\u00e1gr\u00f3l."}]},{"@type":"WebSite","@id":"https:\/\/onlinelotto365.com\/hu\/#website","url":"https:\/\/onlinelotto365.com\/hu\/","name":"OnlineLotto365","description":"","potentialAction":[{"@type":"SearchAction","target":{"@type":"EntryPoint","urlTemplate":"https:\/\/onlinelotto365.com\/hu\/?s={search_term_string}"},"query-input":{"@type":"PropertyValueSpecification","valueRequired":true,"valueName":"search_term_string"}}],"inLanguage":"hu"}]}},"_links":{"self":[{"href":"https:\/\/onlinelotto365.com\/hu\/wp-json\/wp\/v2\/pages\/79329","targetHints":{"allow":["GET"]}}],"collection":[{"href":"https:\/\/onlinelotto365.com\/hu\/wp-json\/wp\/v2\/pages"}],"about":[{"href":"https:\/\/onlinelotto365.com\/hu\/wp-json\/wp\/v2\/types\/page"}],"author":[{"embeddable":true,"href":"https:\/\/onlinelotto365.com\/hu\/wp-json\/wp\/v2\/users\/1"}],"replies":[{"embeddable":true,"href":"https:\/\/onlinelotto365.com\/hu\/wp-json\/wp\/v2\/comments?post=79329"}],"version-history":[{"count":0,"href":"https:\/\/onlinelotto365.com\/hu\/wp-json\/wp\/v2\/pages\/79329\/revisions"}],"up":[{"embeddable":true,"href":"https:\/\/onlinelotto365.com\/hu\/wp-json\/wp\/v2\/pages\/5022"}],"wp:attachment":[{"href":"https:\/\/onlinelotto365.com\/hu\/wp-json\/wp\/v2\/media?parent=79329"}],"curies":[{"name":"wp","href":"https:\/\/api.w.org\/{rel}","templated":true}]}}