{"id":79372,"date":"2022-11-03T15:01:09","date_gmt":"2022-11-03T14:01:09","guid":{"rendered":"https:\/\/onlinelotto365.com\/?page_id=79372"},"modified":"2022-11-03T15:01:24","modified_gmt":"2022-11-03T14:01:24","slug":"powerball-australia","status":"publish","type":"page","link":"https:\/\/onlinelotto365.com\/hu\/jatsszon\/powerball-australia\/","title":{"rendered":"Powerball Ausztr\u00e1lia &#8211; m\u00e1r nem korl\u00e1toz\u00f3dik a magyarorsz\u00e1gi lott\u00f3kra"},"content":{"rendered":"<h2>Hogyan j\u00e1tsszon a Powerball Ausztr\u00e1li\u00e1ban online<\/h2>\n<p>A Powerball Australia online j\u00e1t\u00e9ka tulajdonk\u00e9ppen nagyon egyszer\u0171, m\u00e9g akkor is, ha Magyarorsz\u00e1gon tart\u00f3zkodik. \u00c9s el\u00e9g k\u00e9nyelmes is, mert m\u00e1r itt vagy, ahol n\u00e9h\u00e1ny eg\u00e9rkattint\u00e1ssal beszerezheted a szelv\u00e9nyeidet.<\/p>\n<p>Minden l\u00e9p\u00e9sn\u00e9l gondoskodnak r\u00f3lad, ahol csak annyit kell tenned, hogy l\u00e9trehozol egy ingyenes fi\u00f3kot, megteszed a v\u00e1laszt\u00e1saidat, kiv\u00e1lasztod a sz\u00e1mos k\u00e9nyelmes fizet\u00e9si lehet\u0151s\u00e9g k\u00f6z\u00fcl az egyiket, a t\u00f6bbit pedig mi int\u00e9zz\u00fck.<\/p>\n<p>Gy\u0151z\u0151dj\u00f6n meg r\u00f3la, hogy a megfelel\u0151 lott\u00f3ra kattint, nevezetesen a Powerball Australia-ra. Ezut\u00e1n v\u00e1lassza ki a sz\u00e1mokat. Ha t\u00fal sok sz\u00e1mot pr\u00f3b\u00e1lsz kiv\u00e1lasztani, vagy nem v\u00e1lasztott\u00e1l el\u00e9g sz\u00e1mot, a rendszer felsz\u00f3l\u00edt, hogy v\u00e1lassz kevesebb vagy t\u00f6bb sz\u00e1mot. Azt is megteheted, hogy a gyors v\u00e1laszt\u00e1s gombra kattintasz, \u00e9s az oldal v\u00e9letlenszer\u0171en kiv\u00e1laszt neked n\u00e9h\u00e1ny sz\u00e1mot. Ezeket a sz\u00e1mokat k\u00e9zzel is szerkesztheted, ha nem tetszenek.<\/p>\n<p>Van egy olyan m\u00f3dszer is, amelyet sok j\u00e1t\u00e9kos szeret haszn\u00e1lni &#8211; a gyors v\u00e1laszt\u00e1s funkci\u00f3. Vagy haszn\u00e1lhatsz n\u00e9h\u00e1nyat a kedvenc sz\u00e1maid k\u00f6z\u00fcl k\u00e9zzel, \u00e9s hagyhatod, hogy a v\u00e9letlensz\u00e1m-gener\u00e1tor v\u00e1lassza ki helyetted a t\u00f6bbit.<\/p>\n<p>Ezut\u00e1n kiv\u00e1laszthatsz egy m\u00e1sik lott\u00f3t, t\u00f6bb lott\u00f3szelv\u00e9nyt is j\u00e1tszhatsz, \u00e9s hozz\u00e1adhatod \u0151ket a rendel\u00e9sedhez. Ezut\u00e1n kattintson a p\u00e9nzt\u00e1rra, \u00e9s biztons\u00e1gosan fizessen a szelv\u00e9nyei\u00e9rt. Ekkor l\u00e9tre kell hoznia egy fi\u00f3kot n\u00e1lunk. Term\u00e9szetesen el\u0151sz\u00f6r is l\u00e9trehozhatja fi\u00f3kj\u00e1t, \u00e9s csak ezut\u00e1n kezdheti el a szelv\u00e9nyrendel\u00e9s folyamat\u00e1t.<\/p>\n<p>Miut\u00e1n l\u00e9trehozta a fi\u00f3kj\u00e1t, k\u00fcld\u00fcnk \u00d6nnek egy ellen\u0151rz\u0151 e-mailt egy linkkel, amelyre r\u00e1 kell kattintania. K\u00e9rj\u00fck, mindenk\u00e9ppen ellen\u0151rizze a spam mapp\u00e1j\u00e1t, hogy megtal\u00e1lja ezt az e-mailt. C\u00e9lszer\u0171 lenne, ha e-mail c\u00edm\u00fcnket megb\u00edzhat\u00f3 k\u00fcld\u0151nek jel\u00f6ln\u00e9 meg. Ez biztos\u00edtja, hogy a fontos \u00fczenetek, p\u00e9ld\u00e1ul a nyerem\u00e9nyr\u0151l sz\u00f3l\u00f3 \u00e9rtes\u00edt\u00e9sek val\u00f3ban eljutnak \u00d6nh\u00f6z.<br \/>\n<a href=\"https:\/\/redfoxlotto.com\/play\/powerball-au\/?ref=a8564250a2&amp;medium=ol365\" target=\"_blank\" rel=\"noopener noreferrer\"><img decoding=\"async\" class=\"aligncenter\" src=\"https:\/\/redfoxlotto.com\/image?size=8&amp;lottery=powerball-au\" alt=\"Powerball Ausztr\u00e1lia\" \/><\/a><\/p>\n<h2>A Powerball Ausztr\u00e1li\u00e1r\u00f3l<\/h2>\n<ul>\n<li>Orsz\u00e1g: Ausztr\u00e1lia<\/li>\n<li>F\u0151 sz\u00e1mtartom\u00e1ny: 35<\/li>\n<li>Ki kell v\u00e1lasztania: 7<\/li>\n<li>Extra sz\u00e1mok tartom\u00e1nya: 20<\/li>\n<li>Ki kell v\u00e1lasztania: 1<\/li>\n<li>A sorsol\u00e1sok napjai, \u00f3r\u00e1i: Cs\u00fct\u00f6rt\u00f6k, 21:30 GMT+11, 10:30 CET<\/li>\n<li>A jackpot indul: AU$ 3 milli\u00f3<\/li>\n<li>A jackpot fels\u0151 hat\u00e1ra: AU$ 150 milli\u00f3<\/li>\n<li>A jackpot megnyer\u00e9s\u00e9nek es\u00e9lye: 1:134.490.400-b\u00f3l 1<\/li>\n<li>A m\u00e1sodik d\u00edj megnyer\u00e9s\u00e9nek es\u00e9lye: 1:7.078.443-b\u00f3l 1<\/li>\n<li>Es\u00e9ly b\u00e1rmely nyerem\u00e9ny megnyer\u00e9s\u00e9re: 1:24,87-hez<\/li>\n<li>A nyerem\u00e9nykateg\u00f3ri\u00e1k sz\u00e1ma: A nyerem\u00e9nyt\u00edpusok sz\u00e1ma: 1: 7<\/li>\n<\/ul>\n<p>&nbsp;<\/p>\n<h2>Hogyan ellen\u0151rizheti a Powerball Australia eredm\u00e9nyeit<\/h2>\n<p>Az eredm\u00e9nyek ellen\u0151rz\u00e9s\u00e9re t\u00f6bbf\u00e9le m\u00f3dszert is haszn\u00e1lhat. A lott\u00f3 hivatalos weboldal\u00e1n tal\u00e1lja \u0151ket. N\u00e9h\u00e1ny lott\u00f3 eset\u00e9ben a helyi \u00fajs\u00e1gban is megtal\u00e1lhatja a nyertes sz\u00e1mokat, vagy egy tv-csatorna is k\u00f6zvet\u00edtheti azokat. A legegyszer\u0171bb azonban, ha visszat\u00e9rsz az oldalunkra, \u00e9s itt n\u00e9zed meg a legfrissebb nyer\u0151sz\u00e1mokat. Ha bejelentkezt\u00e9l a fi\u00f3kodba, akkor \u00f6sszehasonl\u00edthatod a megj\u00e1tszott sz\u00e1mokat a sorsol\u00e1s sz\u00e1maival. \u00c9s azonnal l\u00e1thatod, hogy mennyit nyert\u00e9l.<\/p>\n<h2>Online j\u00e1tszott\u00e1l az ausztr\u00e1l Powerball-lal \u00e9s nyert\u00e9l &#8211; mi k\u00f6vetkezik ezut\u00e1n?<\/h2>\n<p>El\u0151sz\u00f6r is ellen\u0151rizze, hogy mennyit nyert. Ha a nyerem\u00e9ny kevesebb, mint 2500 eur\u00f3, akkor az \u00f6sszeget j\u00f3v\u00e1\u00edrj\u00e1k a j\u00e1t\u00e9kos sz\u00e1ml\u00e1j\u00e1n. \u00d6n d\u00f6nti el, hogy azt tov\u00e1bbi szelv\u00e9nyek v\u00e1s\u00e1rl\u00e1s\u00e1ra haszn\u00e1lja-e fel, vagy ha ezt szeretn\u00e9, akkor kiveheti. Felh\u00edvjuk figyelm\u00e9t, hogy a kifizet\u00e9si lehet\u0151s\u00e9g csak akkor l\u00e1that\u00f3, ha a sz\u00e1ml\u00e1ja egyenlege legal\u00e1bb 10 \u20ac.<br \/>\n<img loading=\"lazy\" decoding=\"async\" class=\"alignright wp-image-1653\" src=\"https:\/\/onlinelotto365.com\/wp-content\/uploads\/2020\/11\/online_lottery-145-300x143.jpg\" alt=\"Powerball Ausztr\u00e1lia online j\u00e1t\u00e9k\" width=\"413\" height=\"197\" \/><\/p>\n<p>A 2500 \u20ac feletti nyerem\u00e9nyek eset\u00e9n \u00fcgyf\u00e9lszolg\u00e1latunk felveszi \u00d6nnel a kapcsolatot. Ki kell t\u00f6ltenie egy ig\u00e9nyl\u0151lapot, amelyet azt\u00e1n elk\u00fcld\u00fcnk a lott\u00f3bizotts\u00e1gnak. Ezut\u00e1n a nyerem\u00e9ny\u00e9t k\u00edv\u00e1ns\u00e1gait\u00f3l f\u00fcgg\u0151en banki \u00e1tutal\u00e1ssal vagy csekken kapja meg.<\/p>\n","protected":false},"excerpt":{"rendered":"<p>Hogyan j\u00e1tsszon a Powerball Ausztr\u00e1li\u00e1ban online A Powerball Australia online j\u00e1t\u00e9ka tulajdonk\u00e9ppen nagyon egyszer\u0171, m\u00e9g akkor is, ha Magyarorsz\u00e1gon tart\u00f3zkodik. \u00c9s el\u00e9g k\u00e9nyelmes is, mert m\u00e1r itt vagy, ahol n\u00e9h\u00e1ny eg\u00e9rkattint\u00e1ssal beszerezheted a szelv\u00e9nyeidet. Minden l\u00e9p\u00e9sn\u00e9l gondoskodnak r\u00f3lad, ahol csak annyit kell tenned, hogy l\u00e9trehozol egy ingyenes fi\u00f3kot, megteszed a v\u00e1laszt\u00e1saidat, kiv\u00e1lasztod a sz\u00e1mos k\u00e9nyelmes [&hellip;]<\/p>\n","protected":false},"author":1,"featured_media":0,"parent":5022,"menu_order":13,"comment_status":"closed","ping_status":"closed","template":"powerball-au.php","meta":{"_et_pb_use_builder":"","_et_pb_old_content":"","_et_gb_content_width":"","exclude_from_search":false,"footnotes":""},"class_list":["post-79372","page","type-page","status-publish","hentry"],"yoast_head":"<!-- This site is optimized with the Yoast SEO plugin v23.4 - https:\/\/yoast.com\/wordpress\/plugins\/seo\/ -->\n<title>Powerball Ausztr\u00e1lia online j\u00e1t\u00e9k Magyarorsz\u00e1gr\u00f3l | R\u00e9szt vehetek a Powerball Ausztr\u00e1li\u00e1ban, ha Magyarorsz\u00e1gon \u00e9lek?<\/title>\n<meta name=\"description\" content=\"J\u00e1tsszon Powerball Ausztr\u00e1lia itt - a legnagyobb lott\u00f3, a bolyg\u00f3 legnagyobb lott\u00f3j\u00e1t\u00e9ka, online el\u00e9rhet\u0151 Magyarorsz\u00e1gr\u00f3l\" \/>\n<meta name=\"robots\" content=\"index, follow, max-snippet:-1, max-image-preview:large, max-video-preview:-1\" \/>\n<link rel=\"canonical\" href=\"https:\/\/onlinelotto365.com\/hu\/jatsszon\/powerball-australia\/\" \/>\n<meta property=\"og:locale\" content=\"hu_HU\" \/>\n<meta property=\"og:type\" content=\"article\" \/>\n<meta property=\"og:title\" content=\"Powerball Ausztr\u00e1lia online j\u00e1t\u00e9k Magyarorsz\u00e1gr\u00f3l | R\u00e9szt vehetek a Powerball Ausztr\u00e1li\u00e1ban, ha Magyarorsz\u00e1gon \u00e9lek?\" \/>\n<meta property=\"og:description\" content=\"J\u00e1tsszon Powerball Ausztr\u00e1lia itt - a legnagyobb lott\u00f3, a bolyg\u00f3 legnagyobb lott\u00f3j\u00e1t\u00e9ka, online el\u00e9rhet\u0151 Magyarorsz\u00e1gr\u00f3l\" \/>\n<meta property=\"og:url\" content=\"https:\/\/onlinelotto365.com\/hu\/jatsszon\/powerball-australia\/\" \/>\n<meta property=\"og:site_name\" content=\"OnlineLotto365\" \/>\n<meta property=\"article:modified_time\" content=\"2022-11-03T14:01:24+00:00\" \/>\n<meta property=\"og:image\" content=\"https:\/\/redfoxlotto.com\/image?size=8&amp;lottery=powerball-au\" \/>\n<meta name=\"twitter:card\" content=\"summary_large_image\" \/>\n<meta name=\"twitter:label1\" content=\"Becs\u00fclt olvas\u00e1si id\u0151\" \/>\n\t<meta name=\"twitter:data1\" content=\"3 perc\" \/>\n<script type=\"application\/ld+json\" class=\"yoast-schema-graph\">{\"@context\":\"https:\/\/schema.org\",\"@graph\":[{\"@type\":\"WebPage\",\"@id\":\"https:\/\/onlinelotto365.com\/hu\/jatsszon\/powerball-australia\/\",\"url\":\"https:\/\/onlinelotto365.com\/hu\/jatsszon\/powerball-australia\/\",\"name\":\"Powerball Ausztr\u00e1lia online j\u00e1t\u00e9k Magyarorsz\u00e1gr\u00f3l | R\u00e9szt vehetek a Powerball Ausztr\u00e1li\u00e1ban, ha Magyarorsz\u00e1gon \u00e9lek?\",\"isPartOf\":{\"@id\":\"https:\/\/onlinelotto365.com\/hu\/#website\"},\"primaryImageOfPage\":{\"@id\":\"https:\/\/onlinelotto365.com\/hu\/jatsszon\/powerball-australia\/#primaryimage\"},\"image\":{\"@id\":\"https:\/\/onlinelotto365.com\/hu\/jatsszon\/powerball-australia\/#primaryimage\"},\"thumbnailUrl\":\"https:\/\/redfoxlotto.com\/image?size=8&amp;lottery=powerball-au\",\"datePublished\":\"2022-11-03T14:01:09+00:00\",\"dateModified\":\"2022-11-03T14:01:24+00:00\",\"description\":\"J\u00e1tsszon Powerball Ausztr\u00e1lia itt - a legnagyobb lott\u00f3, a bolyg\u00f3 legnagyobb lott\u00f3j\u00e1t\u00e9ka, online el\u00e9rhet\u0151 Magyarorsz\u00e1gr\u00f3l\",\"breadcrumb\":{\"@id\":\"https:\/\/onlinelotto365.com\/hu\/jatsszon\/powerball-australia\/#breadcrumb\"},\"inLanguage\":\"hu\",\"potentialAction\":[{\"@type\":\"ReadAction\",\"target\":[\"https:\/\/onlinelotto365.com\/hu\/jatsszon\/powerball-australia\/\"]}]},{\"@type\":\"ImageObject\",\"inLanguage\":\"hu\",\"@id\":\"https:\/\/onlinelotto365.com\/hu\/jatsszon\/powerball-australia\/#primaryimage\",\"url\":\"https:\/\/redfoxlotto.com\/image?size=8&amp;lottery=powerball-au\",\"contentUrl\":\"https:\/\/redfoxlotto.com\/image?size=8&amp;lottery=powerball-au\"},{\"@type\":\"BreadcrumbList\",\"@id\":\"https:\/\/onlinelotto365.com\/hu\/jatsszon\/powerball-australia\/#breadcrumb\",\"itemListElement\":[{\"@type\":\"ListItem\",\"position\":1,\"name\":\"Home\",\"item\":\"https:\/\/onlinelotto365.com\/hu\/\"},{\"@type\":\"ListItem\",\"position\":2,\"name\":\"Minden, amit tudnia kell a legjobb online lott\u00f3j\u00e1t\u00e9kok j\u00e1t\u00e9klehet\u0151s\u00e9g\u00e9r\u0151l\",\"item\":\"https:\/\/onlinelotto365.com\/hu\/play\/\"},{\"@type\":\"ListItem\",\"position\":3,\"name\":\"Powerball Ausztr\u00e1lia &#8211; m\u00e1r nem korl\u00e1toz\u00f3dik a magyarorsz\u00e1gi lott\u00f3kra\"}]},{\"@type\":\"WebSite\",\"@id\":\"https:\/\/onlinelotto365.com\/hu\/#website\",\"url\":\"https:\/\/onlinelotto365.com\/hu\/\",\"name\":\"OnlineLotto365\",\"description\":\"\",\"potentialAction\":[{\"@type\":\"SearchAction\",\"target\":{\"@type\":\"EntryPoint\",\"urlTemplate\":\"https:\/\/onlinelotto365.com\/hu\/?s={search_term_string}\"},\"query-input\":{\"@type\":\"PropertyValueSpecification\",\"valueRequired\":true,\"valueName\":\"search_term_string\"}}],\"inLanguage\":\"hu\"}]}<\/script>\n<!-- \/ Yoast SEO plugin. -->","yoast_head_json":{"title":"Powerball Ausztr\u00e1lia online j\u00e1t\u00e9k Magyarorsz\u00e1gr\u00f3l | R\u00e9szt vehetek a Powerball Ausztr\u00e1li\u00e1ban, ha Magyarorsz\u00e1gon \u00e9lek?","description":"J\u00e1tsszon Powerball Ausztr\u00e1lia itt - a legnagyobb lott\u00f3, a bolyg\u00f3 legnagyobb lott\u00f3j\u00e1t\u00e9ka, online el\u00e9rhet\u0151 Magyarorsz\u00e1gr\u00f3l","robots":{"index":"index","follow":"follow","max-snippet":"max-snippet:-1","max-image-preview":"max-image-preview:large","max-video-preview":"max-video-preview:-1"},"canonical":"https:\/\/onlinelotto365.com\/hu\/jatsszon\/powerball-australia\/","og_locale":"hu_HU","og_type":"article","og_title":"Powerball Ausztr\u00e1lia online j\u00e1t\u00e9k Magyarorsz\u00e1gr\u00f3l | R\u00e9szt vehetek a Powerball Ausztr\u00e1li\u00e1ban, ha Magyarorsz\u00e1gon \u00e9lek?","og_description":"J\u00e1tsszon Powerball Ausztr\u00e1lia itt - a legnagyobb lott\u00f3, a bolyg\u00f3 legnagyobb lott\u00f3j\u00e1t\u00e9ka, online el\u00e9rhet\u0151 Magyarorsz\u00e1gr\u00f3l","og_url":"https:\/\/onlinelotto365.com\/hu\/jatsszon\/powerball-australia\/","og_site_name":"OnlineLotto365","article_modified_time":"2022-11-03T14:01:24+00:00","og_image":[{"url":"https:\/\/redfoxlotto.com\/image?size=8&amp;lottery=powerball-au"}],"twitter_card":"summary_large_image","twitter_misc":{"Becs\u00fclt olvas\u00e1si id\u0151":"3 perc"},"schema":{"@context":"https:\/\/schema.org","@graph":[{"@type":"WebPage","@id":"https:\/\/onlinelotto365.com\/hu\/jatsszon\/powerball-australia\/","url":"https:\/\/onlinelotto365.com\/hu\/jatsszon\/powerball-australia\/","name":"Powerball Ausztr\u00e1lia online j\u00e1t\u00e9k Magyarorsz\u00e1gr\u00f3l | R\u00e9szt vehetek a Powerball Ausztr\u00e1li\u00e1ban, ha Magyarorsz\u00e1gon \u00e9lek?","isPartOf":{"@id":"https:\/\/onlinelotto365.com\/hu\/#website"},"primaryImageOfPage":{"@id":"https:\/\/onlinelotto365.com\/hu\/jatsszon\/powerball-australia\/#primaryimage"},"image":{"@id":"https:\/\/onlinelotto365.com\/hu\/jatsszon\/powerball-australia\/#primaryimage"},"thumbnailUrl":"https:\/\/redfoxlotto.com\/image?size=8&amp;lottery=powerball-au","datePublished":"2022-11-03T14:01:09+00:00","dateModified":"2022-11-03T14:01:24+00:00","description":"J\u00e1tsszon Powerball Ausztr\u00e1lia itt - a legnagyobb lott\u00f3, a bolyg\u00f3 legnagyobb lott\u00f3j\u00e1t\u00e9ka, online el\u00e9rhet\u0151 Magyarorsz\u00e1gr\u00f3l","breadcrumb":{"@id":"https:\/\/onlinelotto365.com\/hu\/jatsszon\/powerball-australia\/#breadcrumb"},"inLanguage":"hu","potentialAction":[{"@type":"ReadAction","target":["https:\/\/onlinelotto365.com\/hu\/jatsszon\/powerball-australia\/"]}]},{"@type":"ImageObject","inLanguage":"hu","@id":"https:\/\/onlinelotto365.com\/hu\/jatsszon\/powerball-australia\/#primaryimage","url":"https:\/\/redfoxlotto.com\/image?size=8&amp;lottery=powerball-au","contentUrl":"https:\/\/redfoxlotto.com\/image?size=8&amp;lottery=powerball-au"},{"@type":"BreadcrumbList","@id":"https:\/\/onlinelotto365.com\/hu\/jatsszon\/powerball-australia\/#breadcrumb","itemListElement":[{"@type":"ListItem","position":1,"name":"Home","item":"https:\/\/onlinelotto365.com\/hu\/"},{"@type":"ListItem","position":2,"name":"Minden, amit tudnia kell a legjobb online lott\u00f3j\u00e1t\u00e9kok j\u00e1t\u00e9klehet\u0151s\u00e9g\u00e9r\u0151l","item":"https:\/\/onlinelotto365.com\/hu\/play\/"},{"@type":"ListItem","position":3,"name":"Powerball Ausztr\u00e1lia &#8211; m\u00e1r nem korl\u00e1toz\u00f3dik a magyarorsz\u00e1gi lott\u00f3kra"}]},{"@type":"WebSite","@id":"https:\/\/onlinelotto365.com\/hu\/#website","url":"https:\/\/onlinelotto365.com\/hu\/","name":"OnlineLotto365","description":"","potentialAction":[{"@type":"SearchAction","target":{"@type":"EntryPoint","urlTemplate":"https:\/\/onlinelotto365.com\/hu\/?s={search_term_string}"},"query-input":{"@type":"PropertyValueSpecification","valueRequired":true,"valueName":"search_term_string"}}],"inLanguage":"hu"}]}},"_links":{"self":[{"href":"https:\/\/onlinelotto365.com\/hu\/wp-json\/wp\/v2\/pages\/79372","targetHints":{"allow":["GET"]}}],"collection":[{"href":"https:\/\/onlinelotto365.com\/hu\/wp-json\/wp\/v2\/pages"}],"about":[{"href":"https:\/\/onlinelotto365.com\/hu\/wp-json\/wp\/v2\/types\/page"}],"author":[{"embeddable":true,"href":"https:\/\/onlinelotto365.com\/hu\/wp-json\/wp\/v2\/users\/1"}],"replies":[{"embeddable":true,"href":"https:\/\/onlinelotto365.com\/hu\/wp-json\/wp\/v2\/comments?post=79372"}],"version-history":[{"count":0,"href":"https:\/\/onlinelotto365.com\/hu\/wp-json\/wp\/v2\/pages\/79372\/revisions"}],"up":[{"embeddable":true,"href":"https:\/\/onlinelotto365.com\/hu\/wp-json\/wp\/v2\/pages\/5022"}],"wp:attachment":[{"href":"https:\/\/onlinelotto365.com\/hu\/wp-json\/wp\/v2\/media?parent=79372"}],"curies":[{"name":"wp","href":"https:\/\/api.w.org\/{rel}","templated":true}]}}