{"id":79413,"date":"2022-11-04T08:55:09","date_gmt":"2022-11-04T07:55:09","guid":{"rendered":"https:\/\/onlinelotto365.com\/?page_id=79413"},"modified":"2022-11-04T08:55:20","modified_gmt":"2022-11-04T07:55:20","slug":"mega-sena","status":"publish","type":"page","link":"https:\/\/onlinelotto365.com\/hu\/jatsszon\/mega-sena\/","title":{"rendered":"Hogyan j\u00e1tszhatnak a magyarorsz\u00e1gi lakosok Mega-Sena online?"},"content":{"rendered":"<p>Szolg\u00e1ltat\u00e1sunk jelenleg lehet\u0151v\u00e9 teszi, hogy lott\u00f3szelv\u00e9nyeket v\u00e1s\u00e1roljon 15 k\u00fcl\u00f6nb\u00f6z\u0151 nagy lott\u00f3j\u00e1t\u00e9kra a vil\u00e1g minden t\u00e1j\u00e1r\u00f3l. B\u00fcszk\u00e9k vagyunk arra, hogy j\u00e1t\u00e9kosainknak lehet\u0151s\u00e9get k\u00edn\u00e1lunk a brazil Mega Sena lott\u00f3 online j\u00e1t\u00e9k\u00e1ra. Mint minden nagy lott\u00f3hoz, kor\u00e1bban is abban az orsz\u00e1gban vagy ter\u00fcleten kellett \u00e9lnie, ahol az adott lott\u00f3t rendezt\u00e9k, \u00e9s el kellett utaznia egy ottani lott\u00f3\u00e1rus\u00edt\u00f3helyre, hogy megv\u00e1s\u00e1rolja a szelv\u00e9nyeket.<\/p>\n<p>Ez azonban m\u00e1r nem \u00edgy van, hiszen most m\u00e1r Magyarorsz\u00e1gr\u00f3l is j\u00e1tszhatsz rajtuk, \u00e9s megv\u00e1s\u00e1rolhatsz b\u00e1rmilyen lott\u00f3szelv\u00e9nyt k\u00f6zvetlen\u00fcl az interneten, m\u00e9ghozz\u00e1 annyit, amennyit csak akarsz, \u00e9s annyi k\u00fcl\u00f6nb\u00f6z\u0151 lott\u00f3j\u00e1t\u00e9kra, amennyire csak akarsz, k\u00f6zvetlen\u00fcl a saj\u00e1t sz\u00e1m\u00edt\u00f3g\u00e9pedr\u0151l.<\/p>\n<p>Most teh\u00e1t, hogy ez az \u00faj nap bek\u00f6sz\u00f6nt\u00f6tt a lott\u00f3j\u00e1t\u00e9kok vil\u00e1g\u00e1ban, a j\u00e1t\u00e9kosok megsz\u00f3laltak, \u00e9s amit k\u00e9rtek, az a k\u00fcl\u00f6nb\u00f6z\u0151 lott\u00f3j\u00e1t\u00e9kok nagy v\u00e1laszt\u00e9ka. \u00cdgy h\u00e1t mi elhozzuk neked a legjobbat az otthonodba. Ezek k\u00f6z\u00f6tt van a Mega-Sena lott\u00f3, Braz\u00edlia legnagyobb lott\u00f3j\u00e1t\u00e9ka.<\/p>\n<p><a href=\"https:\/\/redfoxlotto.com\/play\/mega-sena\/?ref=a8564250a2&amp;medium=ol365\" target=\"_blank\" rel=\"noopener noreferrer\"><img decoding=\"async\" class=\"aligncenter\" src=\"https:\/\/redfoxlotto.com\/image?size=8&amp;lottery=mega-sena\" alt=\"mega-sena\" \/><\/a><\/p>\n<h2>A Mega-Sena lott\u00f3r\u00f3l<\/h2>\n<ul>\n<li>Orsz\u00e1g: Braz\u00edlia<\/li>\n<li>F\u0151bb sz\u00e1mok k\u00f6re: 60<\/li>\n<li>Te v\u00e1lasztasz: 6<\/li>\n<li>Extra sz\u00e1mok tartom\u00e1nya: nincs<\/li>\n<li>\u00d6n v\u00e1laszt: nincs<\/li>\n<li>Sorsol\u00e1si napok, \u00f3r\u00e1k: Szerda, szombat, 20:00 GMT -3, 24:00 CET<\/li>\n<li>Minim\u00e1lis jackpot: R$ 2 milli\u00f3<\/li>\n<li>A jackpot fels\u0151 hat\u00e1ra: nincs fels\u0151 hat\u00e1r<\/li>\n<li>A jackpot megnyer\u00e9s\u00e9nek val\u00f3sz\u00edn\u0171s\u00e9ge: 1 az 50.063.860-b\u00f3l<\/li>\n<li>A 2-es szint\u0171 nyerem\u00e9ny val\u00f3sz\u00edn\u0171s\u00e9ge: A f\u0151nyerem\u00e9ny \u00f6sszege: 1.000 Ft: 1:15.451.809<\/li>\n<li>A nyerem\u00e9ny val\u00f3sz\u00edn\u0171s\u00e9ge b\u00e1rmelyik szinten: 1:2297,56-hoz<\/li>\n<li>A nyerem\u00e9nyszintek sz\u00e1ma: A nyerem\u00e9nyszintek sz\u00e1ma: 1: 3<\/li>\n<\/ul>\n<p>A Mega-Sena sorsol\u00e1sokra szerd\u00e1nk\u00e9nt \u00e9s szombatonk\u00e9nt ker\u00fcl sor, ami k\u00e9t tov\u00e1bbi nyer\u00e9si es\u00e9lyt ad a t\u00f6bbi lott\u00f3j\u00e1t\u00e9khoz k\u00e9pest, amelyeken most is j\u00e1tszik. Nagy v\u00e1laszt\u00e9kb\u00f3l v\u00e1laszthatsz, \u00e9s mindegyikb\u0151l \u00e9rdemes j\u00e1tszani, bele\u00e9rtve a Mega-Sena-t is.<\/p>\n<p>A Mega-Sena lott\u00f3j\u00e1t\u00e9khoz a j\u00e1t\u00e9kosok 6 sz\u00e1mot v\u00e1lasztanak 1 \u00e9s 60 k\u00f6z\u00f6tt. Ha mind a 6 sz\u00e1mot eltal\u00e1lja, megnyeri a jackpotot, amely mindig legal\u00e1bb t\u00f6bb milli\u00f3 doll\u00e1r, \u00e9s gyakran enn\u00e9l j\u00f3val magasabb.<br \/>\nA Mega-Sena azonban k\u00fcl\u00f6nb\u00f6zik a vil\u00e1g \u00f6sszes t\u00f6bbi lott\u00f3j\u00e1t\u00e9k\u00e1t\u00f3l, mivel nem csak 60 goly\u00f3 van rajta k\u00fcl\u00f6nb\u00f6z\u0151 sz\u00e1mokkal. K\u00e9t k\u00fcl\u00f6nb\u00f6z\u0151 dob van az egyik 0-t\u00f3l 5-ig, a m\u00e1sik pedig 0-t\u00f3l 9-ig. Ezut\u00e1n egyenk\u00e9nt h\u00fazz\u00e1k ki a sz\u00e1mjegyeket.<\/p>\n<p>Ha p\u00e9ld\u00e1ul az els\u0151 dobb\u00f3l 2-est h\u00faznak, a m\u00e1sodikb\u00f3l pedig 9-est, akkor a kih\u00fazott sz\u00e1m 29 lesz. Ha egyszer kih\u00faztak egy egyjegy\u0171 sz\u00e1mot, akkor azt nem teszik vissza a dobba. Teh\u00e1t most m\u00e1r tudjuk, hogy pontosan egy egyjegy\u0171 sz\u00e1m lesz, hacsak nem 00-t h\u00faznak, ami 60-nak sz\u00e1m\u00edt, egy 1-gyel kezd\u0151dik, egy 2-vel kezd\u0151dik, \u00e9s \u00edgy tov\u00e1bb. Ez teh\u00e1t egy \u00e9rdekes csavar, \u00e9s val\u00f3j\u00e1ban megk\u00f6nny\u00edti a nyer\u00e9st, felt\u00e9ve, hogy k\u00f6veted ezt a strat\u00e9gi\u00e1t.<\/p>\n<p>Ha mind a 6 sz\u00e1mot eltal\u00e1lod, akkor megnyered a jackpotot, m\u00edg ha 4 vagy 5 sz\u00e1mot tal\u00e1lsz el, akkor egy m\u00e1sodlagos nyerem\u00e9nyt kapsz. Mint a nemzeti lott\u00f3j\u00e1t\u00e9kok eset\u00e9ben gyakran, a Mega-Sena lott\u00f3b\u00f3l sz\u00e1rmaz\u00f3 nyeres\u00e9get szoci\u00e1lis programok t\u00e1mogat\u00e1s\u00e1ra ford\u00edtj\u00e1k, \u00e9s val\u00f3j\u00e1ban a brazil n\u00e9p nagym\u00e9rt\u00e9kben t\u00e1maszkodik ezekre az adom\u00e1nyokra. Teh\u00e1t b\u00e1r lehet, hogy mi nem Braz\u00edli\u00e1b\u00f3l sz\u00e1rmazunk, \u00e9s ez\u00e9rt nem r\u00e9szes\u00fcl\u00fcnk ebb\u0151l k\u00f6zvetlen\u00fcl, m\u00e9gis j\u00f3 tudni, hogy a Mega-Sena j\u00e1t\u00e9kkal a sz\u00f3rakoz\u00e1s mellett biztosan j\u00f3t tesz\u00fcnk.<\/p>\n<h2>A lott\u00f3 a vil\u00e1g legkedveltebb szerencsej\u00e1t\u00e9k form\u00e1ja<\/h2>\n<p>Nem t\u00fal neh\u00e9z kital\u00e1lni, hogy mi\u00e9rt a lott\u00f3 a vil\u00e1g legn\u00e9pszer\u0171bb szerencsej\u00e1t\u00e9k form\u00e1ja. M\u00e9g csak nem is az, hogy olyan k\u00f6nnyen hozz\u00e1f\u00e9rhet\u0151, b\u00e1r ez bizony\u00e1ra seg\u00edt. Az igazi ok az izgalom, amelyet a hatalmas \u00f6sszegek megnyer\u00e9s\u00e9nek lehet\u0151s\u00e9ge ny\u00fajt.<\/p>\n<p>\u00dagy t\u0171nik, hogy a hatalmas jackpotok ir\u00e1nti \u00e9tv\u00e1gyunk is igen jelent\u0151s. Ha valaha is tan\u00faja volt\u00e1l annak, hogy mekkora felhajt\u00e1s keletkezik, amikor a jackpotok hatalmas \u00f6sszegekre n\u0151nek, \u00e9s hogy mennyivel t\u00f6bb szelv\u00e9nyt adnak el ezekre, a vel\u00fck j\u00e1r\u00f3 sokkal hosszabb sorban \u00e1ll\u00e1ssal egy\u00fctt, akkor tudod, hogy mindez igaz.<\/p>\n<p>Mi\u00e9rt ne izgatn\u00e1 azonban az embereket, hogy es\u00e9ly\u00fck van annyi p\u00e9nzt nyerni, hogy egy \u00e9letre elegend\u0151 luxust \u00e9s b\u0151s\u00e9get biztos\u00edtsanak sz\u00e1mukra? A t\u00falnyom\u00f3 t\u00f6bbs\u00e9g\u00fcnk sz\u00e1m\u00e1ra ez az egyetlen es\u00e9ly\u00fcnk, hogy valaha is ilyen \u00e9letm\u00f3dot \u00e9lhess\u00fcnk. A hozz\u00e1nk hasonl\u00f3 h\u00e9tk\u00f6znapi emberek azonban megnyerik ezeket a gigantikus \u00f6sszegeket, \u00e9s sosem tudhatod, hogy mikor ker\u00fclsz te is sorra.<br \/>\n<img loading=\"lazy\" decoding=\"async\" class=\"size-medium wp-image-1136 alignright\" src=\"https:\/\/onlinelotto365.com\/wp-content\/uploads\/2020\/11\/online_lottery-96-300x212.jpg\" alt=\"mega-sena online j\u00e1t\u00e9k\" width=\"300\" height=\"212\" \/><br \/>\nM\u00e1r a j\u00e1t\u00e9k is rengeteg \u00f6r\u00f6met okoz az embereknek, \u00e9s b\u00e1r nagyon kicsi az es\u00e9lye annak, hogy \u00edgy sok p\u00e9nzt nyerj\u00fcnk, az es\u00e9ly m\u00e9gis megvan r\u00e1. Ha nem j\u00e1tszol, akkor nem \u00e1lmodhatsz, \u00e9s nem \u00e9lvezheted a gondolatot, hogy mindez megt\u00f6rt\u00e9nhet veled.<\/p>\n<p>Term\u00e9szetesen nem kell megnyerned a jackpotot ahhoz, hogy p\u00e9nzt nyerj a lott\u00f3n, \u00e9s a j\u00e1t\u00e9kosok folyamatosan nyernek kisebb nyerem\u00e9nyeket. N\u00e9h\u00e1ny ilyen kisebb nyerem\u00e9ny val\u00f3j\u00e1ban nem is olyan kicsi. Sokf\u00e9le m\u00f3don lehet p\u00e9nzt nyerni a lott\u00f3j\u00e1t\u00e9kokon, \u00e9s minden alkalommal, amikor bev\u00e1ltod, mindig nagyon sz\u00e9p.<\/p>\n","protected":false},"excerpt":{"rendered":"<p>Szolg\u00e1ltat\u00e1sunk jelenleg lehet\u0151v\u00e9 teszi, hogy lott\u00f3szelv\u00e9nyeket v\u00e1s\u00e1roljon 15 k\u00fcl\u00f6nb\u00f6z\u0151 nagy lott\u00f3j\u00e1t\u00e9kra a vil\u00e1g minden t\u00e1j\u00e1r\u00f3l. B\u00fcszk\u00e9k vagyunk arra, hogy j\u00e1t\u00e9kosainknak lehet\u0151s\u00e9get k\u00edn\u00e1lunk a brazil Mega Sena lott\u00f3 online j\u00e1t\u00e9k\u00e1ra. Mint minden nagy lott\u00f3hoz, kor\u00e1bban is abban az orsz\u00e1gban vagy ter\u00fcleten kellett \u00e9lnie, ahol az adott lott\u00f3t rendezt\u00e9k, \u00e9s el kellett utaznia egy ottani lott\u00f3\u00e1rus\u00edt\u00f3helyre, hogy [&hellip;]<\/p>\n","protected":false},"author":1,"featured_media":0,"parent":5022,"menu_order":12,"comment_status":"closed","ping_status":"closed","template":"megasena.php","meta":{"_et_pb_use_builder":"","_et_pb_old_content":"","_et_gb_content_width":"","exclude_from_search":false,"footnotes":""},"class_list":["post-79413","page","type-page","status-publish","hentry"],"yoast_head":"<!-- This site is optimized with the Yoast SEO plugin v23.4 - https:\/\/yoast.com\/wordpress\/plugins\/seo\/ -->\n<title>Mega-Sena online j\u00e1t\u00e9k Magyarorsz\u00e1gr\u00f3l | R\u00e9szt vehetek a Mega-Sena j\u00e1t\u00e9kban, ha Magyarorsz\u00e1gon \u00e9lek?<\/title>\n<meta name=\"description\" content=\"Online jegyszolg\u00e1ltat\u00e1sunk megk\u00f6nny\u00edti a Mega-Sena online j\u00e1t\u00e9k\u00e1t.\" \/>\n<meta name=\"robots\" content=\"index, follow, max-snippet:-1, max-image-preview:large, max-video-preview:-1\" \/>\n<link rel=\"canonical\" href=\"https:\/\/onlinelotto365.com\/hu\/jatsszon\/mega-sena\/\" \/>\n<meta property=\"og:locale\" content=\"hu_HU\" \/>\n<meta property=\"og:type\" content=\"article\" \/>\n<meta property=\"og:title\" content=\"Mega-Sena online j\u00e1t\u00e9k Magyarorsz\u00e1gr\u00f3l | R\u00e9szt vehetek a Mega-Sena j\u00e1t\u00e9kban, ha Magyarorsz\u00e1gon \u00e9lek?\" \/>\n<meta property=\"og:description\" content=\"Online jegyszolg\u00e1ltat\u00e1sunk megk\u00f6nny\u00edti a Mega-Sena online j\u00e1t\u00e9k\u00e1t.\" \/>\n<meta property=\"og:url\" content=\"https:\/\/onlinelotto365.com\/hu\/jatsszon\/mega-sena\/\" \/>\n<meta property=\"og:site_name\" content=\"OnlineLotto365\" \/>\n<meta property=\"article:modified_time\" content=\"2022-11-04T07:55:20+00:00\" \/>\n<meta property=\"og:image\" content=\"https:\/\/redfoxlotto.com\/image?size=8&amp;lottery=mega-sena\" \/>\n<meta name=\"twitter:card\" content=\"summary_large_image\" \/>\n<meta name=\"twitter:label1\" content=\"Becs\u00fclt olvas\u00e1si id\u0151\" \/>\n\t<meta name=\"twitter:data1\" content=\"4 perc\" \/>\n<script type=\"application\/ld+json\" class=\"yoast-schema-graph\">{\"@context\":\"https:\/\/schema.org\",\"@graph\":[{\"@type\":\"WebPage\",\"@id\":\"https:\/\/onlinelotto365.com\/hu\/jatsszon\/mega-sena\/\",\"url\":\"https:\/\/onlinelotto365.com\/hu\/jatsszon\/mega-sena\/\",\"name\":\"Mega-Sena online j\u00e1t\u00e9k Magyarorsz\u00e1gr\u00f3l | R\u00e9szt vehetek a Mega-Sena j\u00e1t\u00e9kban, ha Magyarorsz\u00e1gon \u00e9lek?\",\"isPartOf\":{\"@id\":\"https:\/\/onlinelotto365.com\/hu\/#website\"},\"primaryImageOfPage\":{\"@id\":\"https:\/\/onlinelotto365.com\/hu\/jatsszon\/mega-sena\/#primaryimage\"},\"image\":{\"@id\":\"https:\/\/onlinelotto365.com\/hu\/jatsszon\/mega-sena\/#primaryimage\"},\"thumbnailUrl\":\"https:\/\/redfoxlotto.com\/image?size=8&amp;lottery=mega-sena\",\"datePublished\":\"2022-11-04T07:55:09+00:00\",\"dateModified\":\"2022-11-04T07:55:20+00:00\",\"description\":\"Online jegyszolg\u00e1ltat\u00e1sunk megk\u00f6nny\u00edti a Mega-Sena online j\u00e1t\u00e9k\u00e1t.\",\"breadcrumb\":{\"@id\":\"https:\/\/onlinelotto365.com\/hu\/jatsszon\/mega-sena\/#breadcrumb\"},\"inLanguage\":\"hu\",\"potentialAction\":[{\"@type\":\"ReadAction\",\"target\":[\"https:\/\/onlinelotto365.com\/hu\/jatsszon\/mega-sena\/\"]}]},{\"@type\":\"ImageObject\",\"inLanguage\":\"hu\",\"@id\":\"https:\/\/onlinelotto365.com\/hu\/jatsszon\/mega-sena\/#primaryimage\",\"url\":\"https:\/\/redfoxlotto.com\/image?size=8&amp;lottery=mega-sena\",\"contentUrl\":\"https:\/\/redfoxlotto.com\/image?size=8&amp;lottery=mega-sena\"},{\"@type\":\"BreadcrumbList\",\"@id\":\"https:\/\/onlinelotto365.com\/hu\/jatsszon\/mega-sena\/#breadcrumb\",\"itemListElement\":[{\"@type\":\"ListItem\",\"position\":1,\"name\":\"Home\",\"item\":\"https:\/\/onlinelotto365.com\/hu\/\"},{\"@type\":\"ListItem\",\"position\":2,\"name\":\"Minden, amit tudnia kell a legjobb online lott\u00f3j\u00e1t\u00e9kok j\u00e1t\u00e9klehet\u0151s\u00e9g\u00e9r\u0151l\",\"item\":\"https:\/\/onlinelotto365.com\/hu\/play\/\"},{\"@type\":\"ListItem\",\"position\":3,\"name\":\"Hogyan j\u00e1tszhatnak a magyarorsz\u00e1gi lakosok Mega-Sena online?\"}]},{\"@type\":\"WebSite\",\"@id\":\"https:\/\/onlinelotto365.com\/hu\/#website\",\"url\":\"https:\/\/onlinelotto365.com\/hu\/\",\"name\":\"OnlineLotto365\",\"description\":\"\",\"potentialAction\":[{\"@type\":\"SearchAction\",\"target\":{\"@type\":\"EntryPoint\",\"urlTemplate\":\"https:\/\/onlinelotto365.com\/hu\/?s={search_term_string}\"},\"query-input\":{\"@type\":\"PropertyValueSpecification\",\"valueRequired\":true,\"valueName\":\"search_term_string\"}}],\"inLanguage\":\"hu\"}]}<\/script>\n<!-- \/ Yoast SEO plugin. -->","yoast_head_json":{"title":"Mega-Sena online j\u00e1t\u00e9k Magyarorsz\u00e1gr\u00f3l | R\u00e9szt vehetek a Mega-Sena j\u00e1t\u00e9kban, ha Magyarorsz\u00e1gon \u00e9lek?","description":"Online jegyszolg\u00e1ltat\u00e1sunk megk\u00f6nny\u00edti a Mega-Sena online j\u00e1t\u00e9k\u00e1t.","robots":{"index":"index","follow":"follow","max-snippet":"max-snippet:-1","max-image-preview":"max-image-preview:large","max-video-preview":"max-video-preview:-1"},"canonical":"https:\/\/onlinelotto365.com\/hu\/jatsszon\/mega-sena\/","og_locale":"hu_HU","og_type":"article","og_title":"Mega-Sena online j\u00e1t\u00e9k Magyarorsz\u00e1gr\u00f3l | R\u00e9szt vehetek a Mega-Sena j\u00e1t\u00e9kban, ha Magyarorsz\u00e1gon \u00e9lek?","og_description":"Online jegyszolg\u00e1ltat\u00e1sunk megk\u00f6nny\u00edti a Mega-Sena online j\u00e1t\u00e9k\u00e1t.","og_url":"https:\/\/onlinelotto365.com\/hu\/jatsszon\/mega-sena\/","og_site_name":"OnlineLotto365","article_modified_time":"2022-11-04T07:55:20+00:00","og_image":[{"url":"https:\/\/redfoxlotto.com\/image?size=8&amp;lottery=mega-sena"}],"twitter_card":"summary_large_image","twitter_misc":{"Becs\u00fclt olvas\u00e1si id\u0151":"4 perc"},"schema":{"@context":"https:\/\/schema.org","@graph":[{"@type":"WebPage","@id":"https:\/\/onlinelotto365.com\/hu\/jatsszon\/mega-sena\/","url":"https:\/\/onlinelotto365.com\/hu\/jatsszon\/mega-sena\/","name":"Mega-Sena online j\u00e1t\u00e9k Magyarorsz\u00e1gr\u00f3l | R\u00e9szt vehetek a Mega-Sena j\u00e1t\u00e9kban, ha Magyarorsz\u00e1gon \u00e9lek?","isPartOf":{"@id":"https:\/\/onlinelotto365.com\/hu\/#website"},"primaryImageOfPage":{"@id":"https:\/\/onlinelotto365.com\/hu\/jatsszon\/mega-sena\/#primaryimage"},"image":{"@id":"https:\/\/onlinelotto365.com\/hu\/jatsszon\/mega-sena\/#primaryimage"},"thumbnailUrl":"https:\/\/redfoxlotto.com\/image?size=8&amp;lottery=mega-sena","datePublished":"2022-11-04T07:55:09+00:00","dateModified":"2022-11-04T07:55:20+00:00","description":"Online jegyszolg\u00e1ltat\u00e1sunk megk\u00f6nny\u00edti a Mega-Sena online j\u00e1t\u00e9k\u00e1t.","breadcrumb":{"@id":"https:\/\/onlinelotto365.com\/hu\/jatsszon\/mega-sena\/#breadcrumb"},"inLanguage":"hu","potentialAction":[{"@type":"ReadAction","target":["https:\/\/onlinelotto365.com\/hu\/jatsszon\/mega-sena\/"]}]},{"@type":"ImageObject","inLanguage":"hu","@id":"https:\/\/onlinelotto365.com\/hu\/jatsszon\/mega-sena\/#primaryimage","url":"https:\/\/redfoxlotto.com\/image?size=8&amp;lottery=mega-sena","contentUrl":"https:\/\/redfoxlotto.com\/image?size=8&amp;lottery=mega-sena"},{"@type":"BreadcrumbList","@id":"https:\/\/onlinelotto365.com\/hu\/jatsszon\/mega-sena\/#breadcrumb","itemListElement":[{"@type":"ListItem","position":1,"name":"Home","item":"https:\/\/onlinelotto365.com\/hu\/"},{"@type":"ListItem","position":2,"name":"Minden, amit tudnia kell a legjobb online lott\u00f3j\u00e1t\u00e9kok j\u00e1t\u00e9klehet\u0151s\u00e9g\u00e9r\u0151l","item":"https:\/\/onlinelotto365.com\/hu\/play\/"},{"@type":"ListItem","position":3,"name":"Hogyan j\u00e1tszhatnak a magyarorsz\u00e1gi lakosok Mega-Sena online?"}]},{"@type":"WebSite","@id":"https:\/\/onlinelotto365.com\/hu\/#website","url":"https:\/\/onlinelotto365.com\/hu\/","name":"OnlineLotto365","description":"","potentialAction":[{"@type":"SearchAction","target":{"@type":"EntryPoint","urlTemplate":"https:\/\/onlinelotto365.com\/hu\/?s={search_term_string}"},"query-input":{"@type":"PropertyValueSpecification","valueRequired":true,"valueName":"search_term_string"}}],"inLanguage":"hu"}]}},"_links":{"self":[{"href":"https:\/\/onlinelotto365.com\/hu\/wp-json\/wp\/v2\/pages\/79413","targetHints":{"allow":["GET"]}}],"collection":[{"href":"https:\/\/onlinelotto365.com\/hu\/wp-json\/wp\/v2\/pages"}],"about":[{"href":"https:\/\/onlinelotto365.com\/hu\/wp-json\/wp\/v2\/types\/page"}],"author":[{"embeddable":true,"href":"https:\/\/onlinelotto365.com\/hu\/wp-json\/wp\/v2\/users\/1"}],"replies":[{"embeddable":true,"href":"https:\/\/onlinelotto365.com\/hu\/wp-json\/wp\/v2\/comments?post=79413"}],"version-history":[{"count":0,"href":"https:\/\/onlinelotto365.com\/hu\/wp-json\/wp\/v2\/pages\/79413\/revisions"}],"up":[{"embeddable":true,"href":"https:\/\/onlinelotto365.com\/hu\/wp-json\/wp\/v2\/pages\/5022"}],"wp:attachment":[{"href":"https:\/\/onlinelotto365.com\/hu\/wp-json\/wp\/v2\/media?parent=79413"}],"curies":[{"name":"wp","href":"https:\/\/api.w.org\/{rel}","templated":true}]}}