{"id":79446,"date":"2022-11-04T10:41:01","date_gmt":"2022-11-04T09:41:01","guid":{"rendered":"https:\/\/onlinelotto365.com\/?page_id=79446"},"modified":"2022-11-04T10:41:30","modified_gmt":"2022-11-04T09:41:30","slug":"set-for-life","status":"publish","type":"page","link":"https:\/\/onlinelotto365.com\/hu\/jatsszon\/set-for-life\/","title":{"rendered":"Lehets\u00e9ges a Set for life lott\u00f3t online j\u00e1tszani?"},"content":{"rendered":"<p>Tudta, hogy a Set for Life lott\u00f3n minden h\u00f3napban 10 000 fontot nyerhet? Ha szeretn\u00e9l szerencs\u00e9t pr\u00f3b\u00e1lni a lott\u00f3n, a Set for Life fantasztikus lehet\u0151s\u00e9g a kezd\u00e9sre. A Set for Life lott\u00f3 legink\u00e1bb arr\u00f3l ismert, hogy az egyetlen olyan j\u00e1t\u00e9k, amely lehet\u0151v\u00e9 teszi, hogy h\u00e9t egym\u00e1st k\u00f6vet\u0151 napi sorsol\u00e1son sz\u00e1mokat j\u00e1tsszon. Ez egyszer\u0171en azt jelenti, hogy a h\u00e9t minden napj\u00e1n rengeteg es\u00e9lyed van megnyerni a jackpotot.<\/p>\n<p>Itt t\u00f6bbet tudhat meg a Set for Life-r\u00f3l, \u00e9s meg\u00e9rtheted, hogy mi\u00e9rt j\u00e1tszanak tov\u00e1bbra is sokan ezen a lott\u00f3n.<\/p>\n<p>A Set for Life-ot a National Lottery szervezte, \u00e9s ki\u00e9rdemelte a c\u00edmet, hogy az Egyes\u00fclt Kir\u00e1lys\u00e1g els\u0151 j\u00e1rad\u00e9kos lott\u00f3j\u00e1t\u00e9ka legyen. A lott\u00f3 es\u00e9lyt ad a j\u00e1t\u00e9kosoknak arra, hogy 30 \u00e9ven kereszt\u00fcl havi 10 000 fontot nyerjenek.<\/p>\n<p>\u00c9s b\u00e1r ez egy brit lott\u00f3j\u00e1t\u00e9k, a Set for life-ot Magyarorsz\u00e1gr\u00f3l online is j\u00e1tszhatod. A glob\u00e1lis lott\u00f3k online sorsjegy-szolg\u00e1ltat\u00e1sunk lehet\u0151v\u00e9 teszi a vil\u00e1g minden t\u00e1j\u00e1r\u00f3l \u00e9rkez\u0151 j\u00e1t\u00e9kosok sz\u00e1m\u00e1ra, hogy r\u00e9szt vegyenek a legjobb, legnagyobb jackpotokkal rendelkez\u0151 lott\u00f3j\u00e1t\u00e9kokban.<\/p>\n<p><a href=\"https:\/\/redfoxlotto.com\/play\/set-for-life-uk\/?ref=a8564250a2&amp;medium=ol365\" target=\"_blank\" rel=\"noopener noreferrer\"><img decoding=\"async\" class=\"aligncenter\" src=\"https:\/\/redfoxlotto.com\/image?size=8&amp;lottery=set-for-life-uk\" alt=\"&quot;Set\" \/><\/a><\/p>\n<p>&nbsp;<\/p>\n<h2>A Set for life lott\u00f3r\u00f3l<\/h2>\n<ul>\n<li>Orsz\u00e1g: Egyes\u00fclt Kir\u00e1lys\u00e1g<\/li>\n<li>F\u0151 sz\u00e1mtartom\u00e1ny: 45<\/li>\n<li>\u00d6n v\u00e1laszt: 5<\/li>\n<li>Extra sz\u00e1mok tartom\u00e1nya: 10<\/li>\n<li>\u00d6n v\u00e1laszt: 1<\/li>\n<li>Sorsol\u00e1si napok, \u00f3r\u00e1k: H\u00e9tf\u0151, cs\u00fct\u00f6rt\u00f6k, 20:00 GMT, 21:00 CET<\/li>\n<li>Minim\u00e1lis jackpot: nincs<\/li>\n<li>Maxim\u00e1lis jackpot: nincs<\/li>\n<li>A jackpot megnyer\u00e9s\u00e9nek val\u00f3sz\u00edn\u0171s\u00e9ge: 1 a 15.339.390-hez<\/li>\n<li>A 2-es szint\u0171 nyerem\u00e9ny val\u00f3sz\u00edn\u0171s\u00e9ge: A f\u0151nyerem\u00e9ny val\u00f3sz\u00edn\u0171s\u00e9ge: 1: 1:1.704.377<\/li>\n<li>A nyerem\u00e9ny val\u00f3sz\u00edn\u0171s\u00e9ge b\u00e1rmelyik szinten: 1:12,4<\/li>\n<li>A nyerem\u00e9nyszintek sz\u00e1ma: 8<\/li>\n<\/ul>\n<p>A t\u00f6bbi brit lott\u00f3j\u00e1t\u00e9khoz hasonl\u00f3an a Set for Life is sorsol\u00e1sos j\u00e1t\u00e9k. Ha r\u00e9szt vesz a sorsol\u00e1son, \u00f6t sz\u00e1mot kell kiv\u00e1lasztania az 1 \u00e9s 47 k\u00f6z\u00f6tti tal\u00e1lati tartom\u00e1nyb\u00f3l, bele\u00e9rtve egy &#8222;\u00e9letgoly\u00f3&#8221; sz\u00e1mot is az 1 \u00e9s 10 k\u00f6z\u00f6tti sz\u00e1mok k\u00f6z\u00fcl. Miut\u00e1n kiv\u00e1lasztotta az \u00f6t sz\u00e1mot \u00e9s az \u00e9letgoly\u00f3 sz\u00e1m\u00e1t, es\u00e9lye van arra, hogy havonta megnyerje a 10 000 font \u00f6ssz\u00e9rt\u00e9k\u0171 jackpotot.<\/p>\n<h2>Set for Life sorsol\u00e1s<\/h2>\n<p>A Set for Life lott\u00f3 minden h\u00e9tf\u0151n \u00e9s cs\u00fct\u00f6rt\u00f6k\u00f6n zajlik, \u00e9s az Egyes\u00fclt Kir\u00e1lys\u00e1gban a j\u00e1t\u00e9kosok a helyi lott\u00f3boltban v\u00e1s\u00e1rolhatnak lott\u00f3szelv\u00e9nyeket. A sorsol\u00e1s minden este 21 \u00f3rakor z\u00e1rul Kelet-Kore\u00e1ban. A Set for Life legfrissebb eredm\u00e9nyei \u00e1ltal\u00e1ban a sorsol\u00e1s napj\u00e1n, azaz 21:45-kor (GMT) \u00e1llnak rendelkez\u00e9sre. K\u00e9rj\u00fck, vegye figyelembe, hogy az osztal\u00e9kok minden j\u00e1t\u00e9k eset\u00e9ben r\u00f6viddel a sorsol\u00e1s ut\u00e1n friss\u00fclnek. Emellett az osztal\u00e9kfriss\u00edt\u00e9sek \u00e1ltal\u00e1ban a lott\u00f3sorsol\u00e1st k\u00f6vet\u0151 reggelen \u00e1llnak a nyilv\u00e1noss\u00e1g rendelkez\u00e9s\u00e9re.<\/p>\n<h2>Hogyan lehet nyerni a Set for Life lott\u00f3n<\/h2>\n<p>A Set for Life lott\u00f3 f\u0151nyerem\u00e9nye havi 10 000 fontot k\u00edn\u00e1l, \u00e9s minden sorsol\u00e1son n\u00e9gy j\u00e1t\u00e9kosnak van es\u00e9lye megnyerni a nyerem\u00e9nyt. Ahhoz, hogy megnyerje a jackpotnyerem\u00e9nyt, a sz\u00e1moknak meg kell egyezni\u00fck a nyolc nyer\u0151sz\u00e1mmal az egyetlen szett sor\u00e1n. Vagyis a Set for Life lott\u00f3n \u00f6sszesen nyolc nyerem\u00e9nykateg\u00f3ria van. N\u00e9gy nyer\u0151sz\u00e1mmal van es\u00e9lyed a nyerem\u00e9nyre, bele\u00e9rtve egy b\u00f3nuszsz\u00e1mot minden egyes szettben.<\/p>\n<p><img loading=\"lazy\" decoding=\"async\" class=\"size-full wp-image-1477 alignright\" src=\"https:\/\/onlinelotto365.com\/wp-content\/uploads\/2020\/11\/online_lottery-128.jpg\" alt=\"set for life lott\u00f3t j\u00e1tszani\" width=\"212\" height=\"142\" \/><\/p>\n<p>A Set for Life kedvez\u0151 es\u00e9lyeket k\u00edn\u00e1l a jackpot megnyer\u00e9s\u00e9re. P\u00e9ld\u00e1ul m\u00e1s nyerem\u00e9nyek, amelyekhez egy vagy t\u00f6bb sz\u00e1m egyez\u00e9se sz\u00fcks\u00e9ges, 1:12-hez adnak es\u00e9lyt a nyer\u00e9sre, s\u0151t, ez mind\u00f6ssze 5 fontot jelentene.<\/p>\n<p>Teh\u00e1t, ha \u00e9rzi a szerencs\u00e9j\u00e9t, \u00e9rdemes lesz egy Set for Life szelv\u00e9nyt v\u00e1lasztania! A nemzetk\u00f6zi lott\u00f3j\u00e1t\u00e9kok sz\u00e9les v\u00e1laszt\u00e9k\u00e1t adjuk, amelyeket Magyarorsz\u00e1gr\u00f3l j\u00e1tszhatsz, t\u00f6bb sz\u00e1zmilli\u00f3s nyerem\u00e9nyek\u00e9rt.<\/p>\n","protected":false},"excerpt":{"rendered":"<p>Tudta, hogy a Set for Life lott\u00f3n minden h\u00f3napban 10 000 fontot nyerhet? Ha szeretn\u00e9l szerencs\u00e9t pr\u00f3b\u00e1lni a lott\u00f3n, a Set for Life fantasztikus lehet\u0151s\u00e9g a kezd\u00e9sre. A Set for Life lott\u00f3 legink\u00e1bb arr\u00f3l ismert, hogy az egyetlen olyan j\u00e1t\u00e9k, amely lehet\u0151v\u00e9 teszi, hogy h\u00e9t egym\u00e1st k\u00f6vet\u0151 napi sorsol\u00e1son sz\u00e1mokat j\u00e1tsszon. Ez egyszer\u0171en azt jelenti, [&hellip;]<\/p>\n","protected":false},"author":1,"featured_media":0,"parent":5022,"menu_order":10,"comment_status":"closed","ping_status":"closed","template":"set-for-life.php","meta":{"_et_pb_use_builder":"","_et_pb_old_content":"","_et_gb_content_width":"","exclude_from_search":false,"footnotes":""},"class_list":["post-79446","page","type-page","status-publish","hentry"],"yoast_head":"<!-- This site is optimized with the Yoast SEO plugin v23.4 - https:\/\/yoast.com\/wordpress\/plugins\/seo\/ -->\n<title>Hogyan j\u00e1tszhatsz Set for life lott\u00f3t online Magyarorsz\u00e1gr\u00f3l?<\/title>\n<meta name=\"description\" content=\"Online szelv\u00e9nyv\u00e1s\u00e1rl\u00e1s a Set for life lott\u00f3ra, ha Magyarorsz\u00e1gon tart\u00f3zkodik\" \/>\n<meta name=\"robots\" content=\"index, follow, max-snippet:-1, max-image-preview:large, max-video-preview:-1\" \/>\n<link rel=\"canonical\" href=\"https:\/\/onlinelotto365.com\/hu\/jatsszon\/set-for-life\/\" \/>\n<meta property=\"og:locale\" content=\"hu_HU\" \/>\n<meta property=\"og:type\" content=\"article\" \/>\n<meta property=\"og:title\" content=\"Hogyan j\u00e1tszhatsz Set for life lott\u00f3t online Magyarorsz\u00e1gr\u00f3l?\" \/>\n<meta property=\"og:description\" content=\"Online szelv\u00e9nyv\u00e1s\u00e1rl\u00e1s a Set for life lott\u00f3ra, ha Magyarorsz\u00e1gon tart\u00f3zkodik\" \/>\n<meta property=\"og:url\" content=\"https:\/\/onlinelotto365.com\/hu\/jatsszon\/set-for-life\/\" \/>\n<meta property=\"og:site_name\" content=\"OnlineLotto365\" \/>\n<meta property=\"article:modified_time\" content=\"2022-11-04T09:41:30+00:00\" \/>\n<meta property=\"og:image\" content=\"https:\/\/redfoxlotto.com\/image?size=8&amp;lottery=set-for-life-uk\" \/>\n<meta name=\"twitter:card\" content=\"summary_large_image\" \/>\n<meta name=\"twitter:label1\" content=\"Becs\u00fclt olvas\u00e1si id\u0151\" \/>\n\t<meta name=\"twitter:data1\" content=\"3 perc\" \/>\n<script type=\"application\/ld+json\" class=\"yoast-schema-graph\">{\"@context\":\"https:\/\/schema.org\",\"@graph\":[{\"@type\":\"WebPage\",\"@id\":\"https:\/\/onlinelotto365.com\/hu\/jatsszon\/set-for-life\/\",\"url\":\"https:\/\/onlinelotto365.com\/hu\/jatsszon\/set-for-life\/\",\"name\":\"Hogyan j\u00e1tszhatsz Set for life lott\u00f3t online Magyarorsz\u00e1gr\u00f3l?\",\"isPartOf\":{\"@id\":\"https:\/\/onlinelotto365.com\/hu\/#website\"},\"primaryImageOfPage\":{\"@id\":\"https:\/\/onlinelotto365.com\/hu\/jatsszon\/set-for-life\/#primaryimage\"},\"image\":{\"@id\":\"https:\/\/onlinelotto365.com\/hu\/jatsszon\/set-for-life\/#primaryimage\"},\"thumbnailUrl\":\"https:\/\/redfoxlotto.com\/image?size=8&amp;lottery=set-for-life-uk\",\"datePublished\":\"2022-11-04T09:41:01+00:00\",\"dateModified\":\"2022-11-04T09:41:30+00:00\",\"description\":\"Online szelv\u00e9nyv\u00e1s\u00e1rl\u00e1s a Set for life lott\u00f3ra, ha Magyarorsz\u00e1gon tart\u00f3zkodik\",\"breadcrumb\":{\"@id\":\"https:\/\/onlinelotto365.com\/hu\/jatsszon\/set-for-life\/#breadcrumb\"},\"inLanguage\":\"hu\",\"potentialAction\":[{\"@type\":\"ReadAction\",\"target\":[\"https:\/\/onlinelotto365.com\/hu\/jatsszon\/set-for-life\/\"]}]},{\"@type\":\"ImageObject\",\"inLanguage\":\"hu\",\"@id\":\"https:\/\/onlinelotto365.com\/hu\/jatsszon\/set-for-life\/#primaryimage\",\"url\":\"https:\/\/redfoxlotto.com\/image?size=8&amp;lottery=set-for-life-uk\",\"contentUrl\":\"https:\/\/redfoxlotto.com\/image?size=8&amp;lottery=set-for-life-uk\"},{\"@type\":\"BreadcrumbList\",\"@id\":\"https:\/\/onlinelotto365.com\/hu\/jatsszon\/set-for-life\/#breadcrumb\",\"itemListElement\":[{\"@type\":\"ListItem\",\"position\":1,\"name\":\"Home\",\"item\":\"https:\/\/onlinelotto365.com\/hu\/\"},{\"@type\":\"ListItem\",\"position\":2,\"name\":\"Minden, amit tudnia kell a legjobb online lott\u00f3j\u00e1t\u00e9kok j\u00e1t\u00e9klehet\u0151s\u00e9g\u00e9r\u0151l\",\"item\":\"https:\/\/onlinelotto365.com\/hu\/play\/\"},{\"@type\":\"ListItem\",\"position\":3,\"name\":\"Lehets\u00e9ges a Set for life lott\u00f3t online j\u00e1tszani?\"}]},{\"@type\":\"WebSite\",\"@id\":\"https:\/\/onlinelotto365.com\/hu\/#website\",\"url\":\"https:\/\/onlinelotto365.com\/hu\/\",\"name\":\"OnlineLotto365\",\"description\":\"\",\"potentialAction\":[{\"@type\":\"SearchAction\",\"target\":{\"@type\":\"EntryPoint\",\"urlTemplate\":\"https:\/\/onlinelotto365.com\/hu\/?s={search_term_string}\"},\"query-input\":{\"@type\":\"PropertyValueSpecification\",\"valueRequired\":true,\"valueName\":\"search_term_string\"}}],\"inLanguage\":\"hu\"}]}<\/script>\n<!-- \/ Yoast SEO plugin. -->","yoast_head_json":{"title":"Hogyan j\u00e1tszhatsz Set for life lott\u00f3t online Magyarorsz\u00e1gr\u00f3l?","description":"Online szelv\u00e9nyv\u00e1s\u00e1rl\u00e1s a Set for life lott\u00f3ra, ha Magyarorsz\u00e1gon tart\u00f3zkodik","robots":{"index":"index","follow":"follow","max-snippet":"max-snippet:-1","max-image-preview":"max-image-preview:large","max-video-preview":"max-video-preview:-1"},"canonical":"https:\/\/onlinelotto365.com\/hu\/jatsszon\/set-for-life\/","og_locale":"hu_HU","og_type":"article","og_title":"Hogyan j\u00e1tszhatsz Set for life lott\u00f3t online Magyarorsz\u00e1gr\u00f3l?","og_description":"Online szelv\u00e9nyv\u00e1s\u00e1rl\u00e1s a Set for life lott\u00f3ra, ha Magyarorsz\u00e1gon tart\u00f3zkodik","og_url":"https:\/\/onlinelotto365.com\/hu\/jatsszon\/set-for-life\/","og_site_name":"OnlineLotto365","article_modified_time":"2022-11-04T09:41:30+00:00","og_image":[{"url":"https:\/\/redfoxlotto.com\/image?size=8&amp;lottery=set-for-life-uk"}],"twitter_card":"summary_large_image","twitter_misc":{"Becs\u00fclt olvas\u00e1si id\u0151":"3 perc"},"schema":{"@context":"https:\/\/schema.org","@graph":[{"@type":"WebPage","@id":"https:\/\/onlinelotto365.com\/hu\/jatsszon\/set-for-life\/","url":"https:\/\/onlinelotto365.com\/hu\/jatsszon\/set-for-life\/","name":"Hogyan j\u00e1tszhatsz Set for life lott\u00f3t online Magyarorsz\u00e1gr\u00f3l?","isPartOf":{"@id":"https:\/\/onlinelotto365.com\/hu\/#website"},"primaryImageOfPage":{"@id":"https:\/\/onlinelotto365.com\/hu\/jatsszon\/set-for-life\/#primaryimage"},"image":{"@id":"https:\/\/onlinelotto365.com\/hu\/jatsszon\/set-for-life\/#primaryimage"},"thumbnailUrl":"https:\/\/redfoxlotto.com\/image?size=8&amp;lottery=set-for-life-uk","datePublished":"2022-11-04T09:41:01+00:00","dateModified":"2022-11-04T09:41:30+00:00","description":"Online szelv\u00e9nyv\u00e1s\u00e1rl\u00e1s a Set for life lott\u00f3ra, ha Magyarorsz\u00e1gon tart\u00f3zkodik","breadcrumb":{"@id":"https:\/\/onlinelotto365.com\/hu\/jatsszon\/set-for-life\/#breadcrumb"},"inLanguage":"hu","potentialAction":[{"@type":"ReadAction","target":["https:\/\/onlinelotto365.com\/hu\/jatsszon\/set-for-life\/"]}]},{"@type":"ImageObject","inLanguage":"hu","@id":"https:\/\/onlinelotto365.com\/hu\/jatsszon\/set-for-life\/#primaryimage","url":"https:\/\/redfoxlotto.com\/image?size=8&amp;lottery=set-for-life-uk","contentUrl":"https:\/\/redfoxlotto.com\/image?size=8&amp;lottery=set-for-life-uk"},{"@type":"BreadcrumbList","@id":"https:\/\/onlinelotto365.com\/hu\/jatsszon\/set-for-life\/#breadcrumb","itemListElement":[{"@type":"ListItem","position":1,"name":"Home","item":"https:\/\/onlinelotto365.com\/hu\/"},{"@type":"ListItem","position":2,"name":"Minden, amit tudnia kell a legjobb online lott\u00f3j\u00e1t\u00e9kok j\u00e1t\u00e9klehet\u0151s\u00e9g\u00e9r\u0151l","item":"https:\/\/onlinelotto365.com\/hu\/play\/"},{"@type":"ListItem","position":3,"name":"Lehets\u00e9ges a Set for life lott\u00f3t online j\u00e1tszani?"}]},{"@type":"WebSite","@id":"https:\/\/onlinelotto365.com\/hu\/#website","url":"https:\/\/onlinelotto365.com\/hu\/","name":"OnlineLotto365","description":"","potentialAction":[{"@type":"SearchAction","target":{"@type":"EntryPoint","urlTemplate":"https:\/\/onlinelotto365.com\/hu\/?s={search_term_string}"},"query-input":{"@type":"PropertyValueSpecification","valueRequired":true,"valueName":"search_term_string"}}],"inLanguage":"hu"}]}},"_links":{"self":[{"href":"https:\/\/onlinelotto365.com\/hu\/wp-json\/wp\/v2\/pages\/79446","targetHints":{"allow":["GET"]}}],"collection":[{"href":"https:\/\/onlinelotto365.com\/hu\/wp-json\/wp\/v2\/pages"}],"about":[{"href":"https:\/\/onlinelotto365.com\/hu\/wp-json\/wp\/v2\/types\/page"}],"author":[{"embeddable":true,"href":"https:\/\/onlinelotto365.com\/hu\/wp-json\/wp\/v2\/users\/1"}],"replies":[{"embeddable":true,"href":"https:\/\/onlinelotto365.com\/hu\/wp-json\/wp\/v2\/comments?post=79446"}],"version-history":[{"count":0,"href":"https:\/\/onlinelotto365.com\/hu\/wp-json\/wp\/v2\/pages\/79446\/revisions"}],"up":[{"embeddable":true,"href":"https:\/\/onlinelotto365.com\/hu\/wp-json\/wp\/v2\/pages\/5022"}],"wp:attachment":[{"href":"https:\/\/onlinelotto365.com\/hu\/wp-json\/wp\/v2\/media?parent=79446"}],"curies":[{"name":"wp","href":"https:\/\/api.w.org\/{rel}","templated":true}]}}