{"id":79479,"date":"2022-11-04T12:36:21","date_gmt":"2022-11-04T11:36:21","guid":{"rendered":"https:\/\/onlinelotto365.com\/?page_id=79479"},"modified":"2022-11-04T12:36:21","modified_gmt":"2022-11-04T11:36:21","slug":"uk-lotto","status":"publish","type":"page","link":"https:\/\/onlinelotto365.com\/hu\/jatsszon\/uk-lotto\/","title":{"rendered":"Hogyan j\u00e1tszhatnak a magyarorsz\u00e1gi lakosok az Egyes\u00fclt Kir\u00e1lys\u00e1gban online lott\u00f3n?"},"content":{"rendered":"<h2>Az Egyes\u00fclt Kir\u00e1lys\u00e1g Lottery<\/h2>\n<p>Hat sz\u00e1mot kell kiv\u00e1lasztani az 59-b\u0151l, \u00e9s nincsenek tov\u00e1bbi sz\u00e1mok, a nyer\u00e9si es\u00e9lyek a Powerballhoz vagy a Mega Millionshoz k\u00e9pest rendben vannak. Ha a 6 sz\u00e1mb\u00f3l 5-\u00f6t helyesen tal\u00e1l el, akkor garant\u00e1ltan 2,5 milli\u00f3 brit fontot nyer, ha pedig mind a hat sz\u00e1mot helyesen tal\u00e1lja el, akkor \u00d6n a jackpot nyertese. Hacsak nem az Egyes\u00fclt Kir\u00e1lys\u00e1gban \u00e9lsz, az online j\u00e1t\u00e9k a mi szolg\u00e1ltat\u00e1sunkon kereszt\u00fcl az egyetlen lehet\u0151s\u00e9ged a r\u00e9szv\u00e9telre.<\/p>\n<ul>\n<li>Orsz\u00e1g: UK<\/li>\n<li>F\u0151 sz\u00e1mtartom\u00e1ny: 59<\/li>\n<li>\u00d6n v\u00e1laszt: 6<\/li>\n<li>Extra sz\u00e1mtartom\u00e1ny: nincs<\/li>\n<li>\u00d6n v\u00e1laszt: nincs<\/li>\n<li>Sorsol\u00e1si napok, \u00f3r\u00e1k: Szerda, szombat 19:30 UTC, 19:30 CET<\/li>\n<li>Minim\u00e1lis jackpot: GBP 2,5 milli\u00f3<\/li>\n<li>Maxim\u00e1lis jackpot: 22 milli\u00f3 GBP<\/li>\n<li>A jackpot megnyer\u00e9s\u00e9nek val\u00f3sz\u00edn\u0171s\u00e9ge: 1:45.057.474-hez<\/li>\n<li>A 2-es szint\u0171 nyerem\u00e9ny val\u00f3sz\u00edn\u0171s\u00e9ge: 1:7.509.579<\/li>\n<li>A nyerem\u00e9ny val\u00f3sz\u00edn\u0171s\u00e9ge b\u00e1rmelyik szinten: 1:9,27-hez<\/li>\n<li>A nyerem\u00e9nyszintek sz\u00e1ma: 6<\/li>\n<\/ul>\n<p>&nbsp;<\/p>\n<h2>Mi\u00e9rt el\u00e9g alacsonyak \u00e1ltal\u00e1ban a brit lott\u00f3 jackpotok?<\/h2>\n<p><a href=\"https:\/\/redfoxlotto.com\/play\/lotto-uk\/?ref=a8564250a2&amp;medium=ol365\" target=\"_blank\" rel=\"noopener noreferrer\"><img loading=\"lazy\" decoding=\"async\" class=\"aligncenter\" src=\"https:\/\/redfoxlotto.com\/image?size=8&amp;lottery=lotto-uk\" alt=\"UK lott\u00f3\" width=\"720\" height=\"90\" \/><\/a><\/p>\n<p>Nos, amiatt az egyszer\u0171 t\u00e9ny miatt, hogy a brit lott\u00f3 jackpotja csak 5-sz\u00f6r g\u00f6rd\u00edthet\u0151 tov\u00e1bb. Ezt k\u00f6vet\u0151en a jackpotot csak \u00fagy lehet megnyerni, ha a k\u00f6vetkez\u0151 5-b\u0151l 5<br \/>\nhat sz\u00e1mot a lott\u00f3szelv\u00e9nyen. Ezt a szab\u00e1lyt figyelembe v\u00e9ve \u00e9rdemes lenne minden olyan alkalommal megj\u00e1tszani ezt a lott\u00f3t, amikor a jackpotot nem siker\u00fclt \u00f6tsz\u00f6r egym\u00e1s ut\u00e1n megnyerni. Ekkor ugyanis sokkal nagyobb es\u00e9lye van a f\u0151nyerem\u00e9ny megnyer\u00e9s\u00e9re. Ennek a f\u0151d\u00edjnak el\u00e9g nagynak kell lennie ahhoz, hogy olyan helyzetbe ker\u00fclj\u00f6n, hogy \u00e9lete h\u00e1tral\u00e9v\u0151 r\u00e9sz\u00e9ben nem kell agg\u00f3dnia a p\u00e9nz miatt.<\/p>\n<p>J\u00f3 es\u00e9ly van azonban arra, hogy \u00f6t megforgat\u00e1s ut\u00e1n a jackpotot t\u00f6bb nyertes k\u00f6z\u00f6tt kell felosztani. Az alacsonyabb nyerem\u00e9nyszorz\u00f3k \u00e9s a t\u00f6bb j\u00e1t\u00e9kos miatt el\u0151fordulhat, hogy a m\u00e1sodik nyerem\u00e9nyszintnek t\u00f6bb nyertese is lesz.<\/p>\n<h2>Nem szeretn\u00e9 megosztani a jackpotot?<\/h2>\n<p>Van egy lott\u00f3strat\u00e9gia a f\u0151nyerem\u00e9ny megoszt\u00e1s\u00e1nak elker\u00fcl\u00e9s\u00e9re: v\u00e1lasszon olyan sz\u00e1mkombin\u00e1ci\u00f3t, amely kev\u00e9sb\u00e9 val\u00f3sz\u00edn\u0171nek t\u0171nik, hogy m\u00e1s j\u00e1t\u00e9kosok is megjel\u00f6lt\u00e9k. P\u00e9ld\u00e1ul haszn\u00e1ljon kevesebb sz\u00e1mot 1 \u00e9s 31 k\u00f6z\u00f6tt (t\u00fal sok j\u00e1t\u00e9kos haszn\u00e1lja a sz\u00fclet\u00e9si d\u00e1tumot szerencsesz\u00e1mk\u00e9nt), vagy haszn\u00e1ljon 3 sz\u00e1mot 30 \u00e9s 40 k\u00f6z\u00f6tt \u00e9s h\u00e1rom sz\u00e1mot 50 \u00e9s 56 k\u00f6z\u00f6tt. Haszn\u00e1ld a fant\u00e1zi\u00e1dat, hogy t\u00f6bb &#8222;p\u00e1ratlan&#8221; sz\u00e1mot tal\u00e1lj ki.<\/p>\n","protected":false},"excerpt":{"rendered":"<p>Az Egyes\u00fclt Kir\u00e1lys\u00e1g Lottery Hat sz\u00e1mot kell kiv\u00e1lasztani az 59-b\u0151l, \u00e9s nincsenek tov\u00e1bbi sz\u00e1mok, a nyer\u00e9si es\u00e9lyek a Powerballhoz vagy a Mega Millionshoz k\u00e9pest rendben vannak. Ha a 6 sz\u00e1mb\u00f3l 5-\u00f6t helyesen tal\u00e1l el, akkor garant\u00e1ltan 2,5 milli\u00f3 brit fontot nyer, ha pedig mind a hat sz\u00e1mot helyesen tal\u00e1lja el, akkor \u00d6n a jackpot nyertese. [&hellip;]<\/p>\n","protected":false},"author":1,"featured_media":0,"parent":5022,"menu_order":9,"comment_status":"closed","ping_status":"closed","template":"lotto-uk.php","meta":{"_et_pb_use_builder":"","_et_pb_old_content":"","_et_gb_content_width":"","exclude_from_search":false,"footnotes":""},"class_list":["post-79479","page","type-page","status-publish","hentry"],"yoast_head":"<!-- This site is optimized with the Yoast SEO plugin v23.4 - https:\/\/yoast.com\/wordpress\/plugins\/seo\/ -->\n<title>J\u00e1tsszon az Egyes\u00fclt Kir\u00e1lys\u00e1gban online lott\u00f3t Magyarorsz\u00e1gr\u00f3l | R\u00e9szt vehetek az Egyes\u00fclt Kir\u00e1lys\u00e1g lott\u00f3j\u00e1ban, ha Magyarorsz\u00e1gon \u00e9lek?<\/title>\n<meta name=\"description\" content=\"A UK Lotteryben val\u00f3 r\u00e9szv\u00e9tel m\u00e1s orsz\u00e1gokb\u00f3l, p\u00e9ld\u00e1ul Magyarorsz\u00e1gr\u00f3l mostant\u00f3l egyszer\u0171 online szolg\u00e1ltat\u00e1sunkkal.\" \/>\n<meta name=\"robots\" content=\"index, follow, max-snippet:-1, max-image-preview:large, max-video-preview:-1\" \/>\n<link rel=\"canonical\" href=\"https:\/\/onlinelotto365.com\/hu\/jatsszon\/uk-lotto\/\" \/>\n<meta property=\"og:locale\" content=\"hu_HU\" \/>\n<meta property=\"og:type\" content=\"article\" \/>\n<meta property=\"og:title\" content=\"J\u00e1tsszon az Egyes\u00fclt Kir\u00e1lys\u00e1gban online lott\u00f3t Magyarorsz\u00e1gr\u00f3l | R\u00e9szt vehetek az Egyes\u00fclt Kir\u00e1lys\u00e1g lott\u00f3j\u00e1ban, ha Magyarorsz\u00e1gon \u00e9lek?\" \/>\n<meta property=\"og:description\" content=\"A UK Lotteryben val\u00f3 r\u00e9szv\u00e9tel m\u00e1s orsz\u00e1gokb\u00f3l, p\u00e9ld\u00e1ul Magyarorsz\u00e1gr\u00f3l mostant\u00f3l egyszer\u0171 online szolg\u00e1ltat\u00e1sunkkal.\" \/>\n<meta property=\"og:url\" content=\"https:\/\/onlinelotto365.com\/hu\/jatsszon\/uk-lotto\/\" \/>\n<meta property=\"og:site_name\" content=\"OnlineLotto365\" \/>\n<meta property=\"og:image\" content=\"https:\/\/redfoxlotto.com\/image?size=8&amp;lottery=lotto-uk\" \/>\n<meta name=\"twitter:card\" content=\"summary_large_image\" \/>\n<meta name=\"twitter:label1\" content=\"Becs\u00fclt olvas\u00e1si id\u0151\" \/>\n\t<meta name=\"twitter:data1\" content=\"2 perc\" \/>\n<script type=\"application\/ld+json\" class=\"yoast-schema-graph\">{\"@context\":\"https:\/\/schema.org\",\"@graph\":[{\"@type\":\"WebPage\",\"@id\":\"https:\/\/onlinelotto365.com\/hu\/jatsszon\/uk-lotto\/\",\"url\":\"https:\/\/onlinelotto365.com\/hu\/jatsszon\/uk-lotto\/\",\"name\":\"J\u00e1tsszon az Egyes\u00fclt Kir\u00e1lys\u00e1gban online lott\u00f3t Magyarorsz\u00e1gr\u00f3l | R\u00e9szt vehetek az Egyes\u00fclt Kir\u00e1lys\u00e1g lott\u00f3j\u00e1ban, ha Magyarorsz\u00e1gon \u00e9lek?\",\"isPartOf\":{\"@id\":\"https:\/\/onlinelotto365.com\/hu\/#website\"},\"primaryImageOfPage\":{\"@id\":\"https:\/\/onlinelotto365.com\/hu\/jatsszon\/uk-lotto\/#primaryimage\"},\"image\":{\"@id\":\"https:\/\/onlinelotto365.com\/hu\/jatsszon\/uk-lotto\/#primaryimage\"},\"thumbnailUrl\":\"https:\/\/redfoxlotto.com\/image?size=8&amp;lottery=lotto-uk\",\"datePublished\":\"2022-11-04T11:36:21+00:00\",\"dateModified\":\"2022-11-04T11:36:21+00:00\",\"description\":\"A UK Lotteryben val\u00f3 r\u00e9szv\u00e9tel m\u00e1s orsz\u00e1gokb\u00f3l, p\u00e9ld\u00e1ul Magyarorsz\u00e1gr\u00f3l mostant\u00f3l egyszer\u0171 online szolg\u00e1ltat\u00e1sunkkal.\",\"breadcrumb\":{\"@id\":\"https:\/\/onlinelotto365.com\/hu\/jatsszon\/uk-lotto\/#breadcrumb\"},\"inLanguage\":\"hu\",\"potentialAction\":[{\"@type\":\"ReadAction\",\"target\":[\"https:\/\/onlinelotto365.com\/hu\/jatsszon\/uk-lotto\/\"]}]},{\"@type\":\"ImageObject\",\"inLanguage\":\"hu\",\"@id\":\"https:\/\/onlinelotto365.com\/hu\/jatsszon\/uk-lotto\/#primaryimage\",\"url\":\"https:\/\/redfoxlotto.com\/image?size=8&amp;lottery=lotto-uk\",\"contentUrl\":\"https:\/\/redfoxlotto.com\/image?size=8&amp;lottery=lotto-uk\"},{\"@type\":\"BreadcrumbList\",\"@id\":\"https:\/\/onlinelotto365.com\/hu\/jatsszon\/uk-lotto\/#breadcrumb\",\"itemListElement\":[{\"@type\":\"ListItem\",\"position\":1,\"name\":\"Home\",\"item\":\"https:\/\/onlinelotto365.com\/hu\/\"},{\"@type\":\"ListItem\",\"position\":2,\"name\":\"Minden, amit tudnia kell a legjobb online lott\u00f3j\u00e1t\u00e9kok j\u00e1t\u00e9klehet\u0151s\u00e9g\u00e9r\u0151l\",\"item\":\"https:\/\/onlinelotto365.com\/hu\/play\/\"},{\"@type\":\"ListItem\",\"position\":3,\"name\":\"Hogyan j\u00e1tszhatnak a magyarorsz\u00e1gi lakosok az Egyes\u00fclt Kir\u00e1lys\u00e1gban online lott\u00f3n?\"}]},{\"@type\":\"WebSite\",\"@id\":\"https:\/\/onlinelotto365.com\/hu\/#website\",\"url\":\"https:\/\/onlinelotto365.com\/hu\/\",\"name\":\"OnlineLotto365\",\"description\":\"\",\"potentialAction\":[{\"@type\":\"SearchAction\",\"target\":{\"@type\":\"EntryPoint\",\"urlTemplate\":\"https:\/\/onlinelotto365.com\/hu\/?s={search_term_string}\"},\"query-input\":{\"@type\":\"PropertyValueSpecification\",\"valueRequired\":true,\"valueName\":\"search_term_string\"}}],\"inLanguage\":\"hu\"}]}<\/script>\n<!-- \/ Yoast SEO plugin. -->","yoast_head_json":{"title":"J\u00e1tsszon az Egyes\u00fclt Kir\u00e1lys\u00e1gban online lott\u00f3t Magyarorsz\u00e1gr\u00f3l | R\u00e9szt vehetek az Egyes\u00fclt Kir\u00e1lys\u00e1g lott\u00f3j\u00e1ban, ha Magyarorsz\u00e1gon \u00e9lek?","description":"A UK Lotteryben val\u00f3 r\u00e9szv\u00e9tel m\u00e1s orsz\u00e1gokb\u00f3l, p\u00e9ld\u00e1ul Magyarorsz\u00e1gr\u00f3l mostant\u00f3l egyszer\u0171 online szolg\u00e1ltat\u00e1sunkkal.","robots":{"index":"index","follow":"follow","max-snippet":"max-snippet:-1","max-image-preview":"max-image-preview:large","max-video-preview":"max-video-preview:-1"},"canonical":"https:\/\/onlinelotto365.com\/hu\/jatsszon\/uk-lotto\/","og_locale":"hu_HU","og_type":"article","og_title":"J\u00e1tsszon az Egyes\u00fclt Kir\u00e1lys\u00e1gban online lott\u00f3t Magyarorsz\u00e1gr\u00f3l | R\u00e9szt vehetek az Egyes\u00fclt Kir\u00e1lys\u00e1g lott\u00f3j\u00e1ban, ha Magyarorsz\u00e1gon \u00e9lek?","og_description":"A UK Lotteryben val\u00f3 r\u00e9szv\u00e9tel m\u00e1s orsz\u00e1gokb\u00f3l, p\u00e9ld\u00e1ul Magyarorsz\u00e1gr\u00f3l mostant\u00f3l egyszer\u0171 online szolg\u00e1ltat\u00e1sunkkal.","og_url":"https:\/\/onlinelotto365.com\/hu\/jatsszon\/uk-lotto\/","og_site_name":"OnlineLotto365","og_image":[{"url":"https:\/\/redfoxlotto.com\/image?size=8&amp;lottery=lotto-uk"}],"twitter_card":"summary_large_image","twitter_misc":{"Becs\u00fclt olvas\u00e1si id\u0151":"2 perc"},"schema":{"@context":"https:\/\/schema.org","@graph":[{"@type":"WebPage","@id":"https:\/\/onlinelotto365.com\/hu\/jatsszon\/uk-lotto\/","url":"https:\/\/onlinelotto365.com\/hu\/jatsszon\/uk-lotto\/","name":"J\u00e1tsszon az Egyes\u00fclt Kir\u00e1lys\u00e1gban online lott\u00f3t Magyarorsz\u00e1gr\u00f3l | R\u00e9szt vehetek az Egyes\u00fclt Kir\u00e1lys\u00e1g lott\u00f3j\u00e1ban, ha Magyarorsz\u00e1gon \u00e9lek?","isPartOf":{"@id":"https:\/\/onlinelotto365.com\/hu\/#website"},"primaryImageOfPage":{"@id":"https:\/\/onlinelotto365.com\/hu\/jatsszon\/uk-lotto\/#primaryimage"},"image":{"@id":"https:\/\/onlinelotto365.com\/hu\/jatsszon\/uk-lotto\/#primaryimage"},"thumbnailUrl":"https:\/\/redfoxlotto.com\/image?size=8&amp;lottery=lotto-uk","datePublished":"2022-11-04T11:36:21+00:00","dateModified":"2022-11-04T11:36:21+00:00","description":"A UK Lotteryben val\u00f3 r\u00e9szv\u00e9tel m\u00e1s orsz\u00e1gokb\u00f3l, p\u00e9ld\u00e1ul Magyarorsz\u00e1gr\u00f3l mostant\u00f3l egyszer\u0171 online szolg\u00e1ltat\u00e1sunkkal.","breadcrumb":{"@id":"https:\/\/onlinelotto365.com\/hu\/jatsszon\/uk-lotto\/#breadcrumb"},"inLanguage":"hu","potentialAction":[{"@type":"ReadAction","target":["https:\/\/onlinelotto365.com\/hu\/jatsszon\/uk-lotto\/"]}]},{"@type":"ImageObject","inLanguage":"hu","@id":"https:\/\/onlinelotto365.com\/hu\/jatsszon\/uk-lotto\/#primaryimage","url":"https:\/\/redfoxlotto.com\/image?size=8&amp;lottery=lotto-uk","contentUrl":"https:\/\/redfoxlotto.com\/image?size=8&amp;lottery=lotto-uk"},{"@type":"BreadcrumbList","@id":"https:\/\/onlinelotto365.com\/hu\/jatsszon\/uk-lotto\/#breadcrumb","itemListElement":[{"@type":"ListItem","position":1,"name":"Home","item":"https:\/\/onlinelotto365.com\/hu\/"},{"@type":"ListItem","position":2,"name":"Minden, amit tudnia kell a legjobb online lott\u00f3j\u00e1t\u00e9kok j\u00e1t\u00e9klehet\u0151s\u00e9g\u00e9r\u0151l","item":"https:\/\/onlinelotto365.com\/hu\/play\/"},{"@type":"ListItem","position":3,"name":"Hogyan j\u00e1tszhatnak a magyarorsz\u00e1gi lakosok az Egyes\u00fclt Kir\u00e1lys\u00e1gban online lott\u00f3n?"}]},{"@type":"WebSite","@id":"https:\/\/onlinelotto365.com\/hu\/#website","url":"https:\/\/onlinelotto365.com\/hu\/","name":"OnlineLotto365","description":"","potentialAction":[{"@type":"SearchAction","target":{"@type":"EntryPoint","urlTemplate":"https:\/\/onlinelotto365.com\/hu\/?s={search_term_string}"},"query-input":{"@type":"PropertyValueSpecification","valueRequired":true,"valueName":"search_term_string"}}],"inLanguage":"hu"}]}},"_links":{"self":[{"href":"https:\/\/onlinelotto365.com\/hu\/wp-json\/wp\/v2\/pages\/79479","targetHints":{"allow":["GET"]}}],"collection":[{"href":"https:\/\/onlinelotto365.com\/hu\/wp-json\/wp\/v2\/pages"}],"about":[{"href":"https:\/\/onlinelotto365.com\/hu\/wp-json\/wp\/v2\/types\/page"}],"author":[{"embeddable":true,"href":"https:\/\/onlinelotto365.com\/hu\/wp-json\/wp\/v2\/users\/1"}],"replies":[{"embeddable":true,"href":"https:\/\/onlinelotto365.com\/hu\/wp-json\/wp\/v2\/comments?post=79479"}],"version-history":[{"count":0,"href":"https:\/\/onlinelotto365.com\/hu\/wp-json\/wp\/v2\/pages\/79479\/revisions"}],"up":[{"embeddable":true,"href":"https:\/\/onlinelotto365.com\/hu\/wp-json\/wp\/v2\/pages\/5022"}],"wp:attachment":[{"href":"https:\/\/onlinelotto365.com\/hu\/wp-json\/wp\/v2\/media?parent=79479"}],"curies":[{"name":"wp","href":"https:\/\/api.w.org\/{rel}","templated":true}]}}