{"id":79515,"date":"2022-11-07T08:18:17","date_gmt":"2022-11-07T07:18:17","guid":{"rendered":"https:\/\/onlinelotto365.com\/?page_id=79515"},"modified":"2022-11-07T08:18:39","modified_gmt":"2022-11-07T07:18:39","slug":"superenalotto","status":"publish","type":"page","link":"https:\/\/onlinelotto365.com\/hu\/jatsszon\/superenalotto\/","title":{"rendered":"Szerezze be Superenalotto jegyeit b\u00e1rhonnan"},"content":{"rendered":"<p>Az emberek \u00e9vek \u00f3ta v\u00e1gynak arra, hogy a vil\u00e1g m\u00e1s r\u00e9szein is lott\u00f3zhassanak. A kih\u00edv\u00e1st azonban nem igaz\u00e1n az jelentette, hogy a k\u00fcl\u00f6nb\u00f6z\u0151 lott\u00f3t\u00e1rsas\u00e1gok nem voltak hajland\u00f3ak fogadni a nemzetk\u00f6zi lott\u00f3j\u00e1t\u00e9kosokat. Hanem az, hogy a megfelel\u0151 j\u00e1t\u00e9khoz fizikailag abban az orsz\u00e1gban vagy r\u00e9gi\u00f3ban kell tart\u00f3zkodni, ahol a lott\u00f3t rendezik.<\/p>\n<p>El\u0151sz\u00f6r is fel kell keresnie egy olyan lott\u00f3\u00e1rus\u00edt\u00f3helyet, amelyik azt a lott\u00f3t \u00e1rulja, amelyre szelv\u00e9nyt szeretne v\u00e1s\u00e1rolni. Ez teh\u00e1t azt jelenti, hogy nem csak egyszer, hanem minden alkalommal, amikor szelv\u00e9nyt akar v\u00e1s\u00e1rolni, az adott orsz\u00e1gban kell tart\u00f3zkodnia. Ez teh\u00e1t azt jelenti, hogy Magyarorsz\u00e1gr\u00f3l Olaszorsz\u00e1gba kell utazni, hogy lott\u00f3szelv\u00e9nyeket v\u00e1s\u00e1roljon arra a h\u00e1rom sorsol\u00e1sra, amelyet a szuperlott\u00f3 minden h\u00e9ten megtart.<\/p>\n<p>Teh\u00e1t vagy oda kell k\u00f6lt\u00f6zn\u00f6d, vagy fel kell b\u00e9relned valakit Olaszorsz\u00e1gban, hogy ezt megtegye helyetted. Erre mi nem vagyunk k\u00e9pesek. Ha m\u00e1r itt tartunk, fel kellene b\u00e9relni embereket az \u00f6sszes t\u00f6bbi orsz\u00e1gban, ahol nagy lott\u00f3j\u00e1t\u00e9kok vannak, hogy megtegy\u00e9k helyetted a licit\u00e1l\u00e1st. Ez egy vagyonba ker\u00fclne.<br \/>\n<a href=\"https:\/\/redfoxlotto.com\/play\/superenalotto\/?ref=a8564250a2&amp;medium=ol365\" target=\"_blank\" rel=\"noopener noreferrer\"><img decoding=\"async\" class=\"aligncenter\" src=\"https:\/\/redfoxlotto.com\/image?size=8&amp;lottery=superenalotto\" alt=\"superenalotto\" \/><\/a><\/p>\n<p>De most van egy nagyszer\u0171 alternat\u00edva &#8211; csak j\u00e1tsszon online itt az oldalunkon!<\/p>\n<h2>Minden lott\u00f3 ig\u00e9ny\u00e9t kiel\u00e9g\u00edtj\u00fck<\/h2>\n<p>Mindent kital\u00e1ltunk, hogy a vil\u00e1g \u00f6sszes t\u00f6bbi nagy lott\u00f3j\u00e1t\u00e9k\u00e1n k\u00edv\u00fcl hogyan tudsz besz\u00e1llni a j\u00e1t\u00e9kba a Szuperlott\u00f3val. Egyszer\u0171en csak megv\u00e1s\u00e1rolja t\u0151l\u00fcnk online \u00e9s Magyarorsz\u00e1gr\u00f3l a k\u00edv\u00e1nt lott\u00f3szelv\u00e9nyeket, a t\u00f6bbit pedig mi int\u00e9zz\u00fck \u00d6n helyett.<\/p>\n<p>Mi v\u00e1s\u00e1roljuk meg a szelv\u00e9nyeket az \u00d6n nev\u00e9ben, \u00e9s a norm\u00e1l lott\u00f3szelv\u00e9nyekt\u0151l elt\u00e9r\u0151en, amelyeket az v\u00e1lthat be, akin\u00e9l a szelv\u00e9ny van, mi tartjuk meg az \u00d6n sz\u00e1m\u00e1ra. Ezut\u00e1n figyelemmel k\u00eds\u00e9rj\u00fck a sorsol\u00e1sokat az \u00d6n helyett, hogy \u00d6nnek ne kelljen, ha nem akarja, \u00e9s \u00e9rtes\u00edtj\u00fck \u00d6nt minden egyes nyerem\u00e9nyr\u0151l.<\/p>\n<h2>Tov\u00e1bbi inform\u00e1ci\u00f3 a Superenalott\u00f3r\u00f3l<\/h2>\n<ul>\n<li>A lott\u00f3t hol tartj\u00e1k: Olaszorsz\u00e1g<\/li>\n<li>H\u00e1ny f\u0151 sz\u00e1m k\u00f6z\u00fcl v\u00e1laszthat: 90<\/li>\n<li>\u00d6nnek kell v\u00e1lasztania: 6<\/li>\n<li>H\u00e1ny extra sz\u00e1m k\u00f6z\u00fcl kell v\u00e1lasztani: nincs<\/li>\n<li>Ki kell v\u00e1lasztania: nincs<\/li>\n<li>Napok, \u00f3r\u00e1k sorsol\u00e1sa: Kedd, cs\u00fct\u00f6rt\u00f6k, szombat, 19:00 GMT, 21:00 CET<\/li>\n<li>Minim\u00e1lis jackpot: 2 milli\u00f3 \u20ac<\/li>\n<li>A jackpot maxim\u00e1lis \u00f6sszege: nincs<\/li>\n<li>Lehets\u00e9ges sz\u00e1mkombin\u00e1ci\u00f3 a jackpotnyerem\u00e9nyhez: 1 a 622.614.630-b\u00f3l<\/li>\n<li>Lehets\u00e9ges sz\u00e1mkombin\u00e1ci\u00f3 a 2-es szint\u0171 nyerem\u00e9nyhez: 1:103.769.105<\/li>\n<li>A nyer\u00e9s val\u00f3sz\u00edn\u0171s\u00e9ge b\u00e1rmelyik szinten: 1:20,58-b\u00f3l<\/li>\n<li>H\u00e1ny nyerem\u00e9nyszint: v<\/li>\n<\/ul>\n<p>A szuperlott\u00f3 megj\u00e1tsz\u00e1s\u00e1hoz 6 sz\u00e1mot kell kiv\u00e1lasztania a 90 lehets\u00e9ges sz\u00e1mb\u00f3l. A 90 sz\u00e1m k\u00f6z\u00fcl ki kell v\u00e1lasztania egy \u00fagynevezett Jolly sz\u00e1mot is.<\/p>\n<p>A jackpot megnyer\u00e9s\u00e9hez mind a 6 norm\u00e1l sz\u00e1mnak egyeznie kell. Ha 5 \u00e9s a Jolly sz\u00e1mot is eltal\u00e1lja, akkor megnyeri a m\u00e1sodik d\u00edjat. Az 5 sz\u00e1m a Jolly sz\u00e1m n\u00e9lk\u00fcl a harmadik helyez\u00e9st, a 4 helyes sz\u00e1m a negyedik helyet, \u00e9s a mind\u00f6ssze 3 sz\u00e1m szint\u00e9n nyerem\u00e9nyt eredm\u00e9nyez.<\/p>\n<p>A sorsol\u00e1sokra hetente h\u00e1romszor ker\u00fcl sor, kedden, cs\u00fct\u00f6rt\u00f6k\u00f6n \u00e9s szombaton, olasz id\u0151 szerint este 8 \u00f3rakor. Az \u00f6sszes t\u00f6bbi nagy lott\u00f3 mellett, amelyeken online szelv\u00e9nyeket k\u00edn\u00e1lnak, a Superenalotto k\u00f6vetkez\u0151 sorsol\u00e1s\u00e1ig egy folyamatos visszasz\u00e1ml\u00e1l\u00e1st biztos\u00edtunk, \u00edgy mindig tudod, mennyi id\u0151d van m\u00e9g h\u00e1tra.<br \/>\n<img loading=\"lazy\" decoding=\"async\" class=\" wp-image-1334 alignright\" src=\"https:\/\/onlinelotto365.com\/wp-content\/uploads\/2020\/11\/online_lottery-115.jpg\" alt=\"Superenalotto szelv\u00e9nyek online v\u00e1s\u00e1rl\u00e1sa\" width=\"452\" height=\"172\" \/><\/p>\n<h2>A Superenalotto online j\u00e1t\u00e9k el\u0151nyei<\/h2>\n<p>Sok glob\u00e1lis lott\u00f3j\u00e1t\u00e9kos szeret t\u00f6bb lott\u00f3j\u00e1t\u00e9kot is v\u00e1lasztani, k\u00fcl\u00f6n\u00f6sen az\u00e9rt, mert mindegyik rendszeresen nagy jackpotokat k\u00edn\u00e1l. Val\u00f3j\u00e1ban min\u00e9l t\u00f6bb sorsol\u00e1son vesz r\u00e9szt, ann\u00e1l jobb.<\/p>\n<p>Teh\u00e1t b\u00e1r a Superenalotto jackpotjai nem hasonl\u00edthat\u00f3k \u00f6ssze n\u00e9h\u00e1ny nagyobb lott\u00f3j\u00e1t\u00e9kkal, p\u00e9ld\u00e1ul az EuroMillions, a Powerball vagy a Mega Millions lott\u00f3j\u00e1t\u00e9kokkal, mindenk\u00e9ppen \u00e9rdemes lesz ezekkel is j\u00e1tszani. A Superenalotto azonban nem kis szerencsej\u00e1t\u00e9k, a tipikus jackpotok gyakran t\u00f6bb t\u00edzmilli\u00f3 eur\u00f3s nagys\u00e1grend\u0171ek. Teh\u00e1t a heti 3 extra sorsol\u00e1ssal, amelyet a Szuperlott\u00f3 k\u00edn\u00e1l, ez heti 3 sorsol\u00e1ssal t\u00f6bb sz\u00f3rakoz\u00e1st jelent, mintha nem j\u00e1tszana.<\/p>\n<p>\u00cdgy, hogy 3 extra es\u00e9lye van arra, hogy hatalmas nyerem\u00e9nyt nyerjen, nem neh\u00e9z meg\u00e9rteni, mi\u00e9rt szeretik olyan sokan Magyarorsz\u00e1gon ezt a lott\u00f3t. Tekintettel arra, hogy a szelv\u00e9nyeket m\u00e1r k\u00e9nyelmesen megv\u00e1s\u00e1rolhatod online, nincs j\u00f3 okod arra, hogy ne j\u00e1tssz. A p\u00e9nzed sz\u00e9toszt\u00e1sa t\u00f6bb lott\u00f3j\u00e1t\u00e9kra is, ami nagyban n\u00f6veli az izgalmat, amit most a lott\u00f3j\u00e1t\u00e9kokt\u00f3l kaphatsz.<\/p>\n<p>Teh\u00e1t ha k\u00e9szen \u00e1llsz m\u00e9g t\u00f6bb sz\u00f3rakoz\u00e1sra a lott\u00f3z\u00e1sban, \u00e9s tudom, hogy igen, akkor most r\u00f6gt\u00f6n belev\u00e1ghatsz.<\/p>\n<h2>Hogyan kapok p\u00e9nzt, ha megnyertem a Superenalotto online?<\/h2>\n<p>Mi minden seg\u00edts\u00e9get megadunk ahhoz, hogy bev\u00e1lthassa a szelv\u00e9nyeit, kezdve a kisebb nyerem\u00e9nyek \u00e1tv\u00e9tel\u00e9t\u0151l \u00e9s a n\u00e1lunk vezetett sz\u00e1ml\u00e1j\u00e1ra t\u00f6rt\u00e9n\u0151 azonnali befizet\u00e9st\u0151l kezdve a nagyobb nyerem\u00e9nyekhez vagy ak\u00e1r a jackpotokhoz sz\u00fcks\u00e9ges nyomtatv\u00e1nyok \u00e1tv\u00e9tel\u00e9ig \u00e9s elk\u00fcld\u00e9s\u00e9ig. Itt teh\u00e1t nem kell agg\u00f3dnia, hiszen ez egy teljes k\u00f6r\u0171 szolg\u00e1ltat\u00e1st ny\u00fajt\u00f3 \u00fczlet, els\u0151 oszt\u00e1ly\u00fa kiszolg\u00e1l\u00e1ssal \u00e9s b\u00e1n\u00e1sm\u00f3ddal a magyarorsz\u00e1gi \u00e9s m\u00e1shonnan \u00e9rkez\u0151 \u00fcgyfeleink sz\u00e1m\u00e1ra.<\/p>\n","protected":false},"excerpt":{"rendered":"<p>Az emberek \u00e9vek \u00f3ta v\u00e1gynak arra, hogy a vil\u00e1g m\u00e1s r\u00e9szein is lott\u00f3zhassanak. A kih\u00edv\u00e1st azonban nem igaz\u00e1n az jelentette, hogy a k\u00fcl\u00f6nb\u00f6z\u0151 lott\u00f3t\u00e1rsas\u00e1gok nem voltak hajland\u00f3ak fogadni a nemzetk\u00f6zi lott\u00f3j\u00e1t\u00e9kosokat. Hanem az, hogy a megfelel\u0151 j\u00e1t\u00e9khoz fizikailag abban az orsz\u00e1gban vagy r\u00e9gi\u00f3ban kell tart\u00f3zkodni, ahol a lott\u00f3t rendezik. El\u0151sz\u00f6r is fel kell keresnie egy [&hellip;]<\/p>\n","protected":false},"author":1,"featured_media":0,"parent":5022,"menu_order":5,"comment_status":"closed","ping_status":"closed","template":"superenalotto.php","meta":{"_et_pb_use_builder":"","_et_pb_old_content":"","_et_gb_content_width":"","exclude_from_search":false,"footnotes":""},"class_list":["post-79515","page","type-page","status-publish","hentry"],"yoast_head":"<!-- This site is optimized with the Yoast SEO plugin v23.4 - https:\/\/yoast.com\/wordpress\/plugins\/seo\/ -->\n<title>J\u00e1tsszon Superenalotto Olaszorsz\u00e1gban online Magyarorsz\u00e1gr\u00f3l | Hogyan v\u00e1s\u00e1rolhatok Superenalotto jegyeket online?<\/title>\n<meta name=\"description\" content=\"Ezt az olasz lott\u00f3 jackpotot most b\u00e1rki, b\u00e1rhonnan megnyerheti - j\u00e1tsszon most Superenalotto online szelv\u00e9nyt\" \/>\n<meta name=\"robots\" content=\"index, follow, max-snippet:-1, max-image-preview:large, max-video-preview:-1\" \/>\n<link rel=\"canonical\" href=\"https:\/\/onlinelotto365.com\/hu\/jatsszon\/superenalotto\/\" \/>\n<meta property=\"og:locale\" content=\"hu_HU\" \/>\n<meta property=\"og:type\" content=\"article\" \/>\n<meta property=\"og:title\" content=\"J\u00e1tsszon Superenalotto Olaszorsz\u00e1gban online Magyarorsz\u00e1gr\u00f3l | Hogyan v\u00e1s\u00e1rolhatok Superenalotto jegyeket online?\" \/>\n<meta property=\"og:description\" content=\"Ezt az olasz lott\u00f3 jackpotot most b\u00e1rki, b\u00e1rhonnan megnyerheti - j\u00e1tsszon most Superenalotto online szelv\u00e9nyt\" \/>\n<meta property=\"og:url\" content=\"https:\/\/onlinelotto365.com\/hu\/jatsszon\/superenalotto\/\" \/>\n<meta property=\"og:site_name\" content=\"OnlineLotto365\" \/>\n<meta property=\"article:modified_time\" content=\"2022-11-07T07:18:39+00:00\" \/>\n<meta property=\"og:image\" content=\"https:\/\/redfoxlotto.com\/image?size=8&amp;lottery=superenalotto\" \/>\n<meta name=\"twitter:card\" content=\"summary_large_image\" \/>\n<meta name=\"twitter:label1\" content=\"Becs\u00fclt olvas\u00e1si id\u0151\" \/>\n\t<meta name=\"twitter:data1\" content=\"4 perc\" \/>\n<script type=\"application\/ld+json\" class=\"yoast-schema-graph\">{\"@context\":\"https:\/\/schema.org\",\"@graph\":[{\"@type\":\"WebPage\",\"@id\":\"https:\/\/onlinelotto365.com\/hu\/jatsszon\/superenalotto\/\",\"url\":\"https:\/\/onlinelotto365.com\/hu\/jatsszon\/superenalotto\/\",\"name\":\"J\u00e1tsszon Superenalotto Olaszorsz\u00e1gban online Magyarorsz\u00e1gr\u00f3l | Hogyan v\u00e1s\u00e1rolhatok Superenalotto jegyeket online?\",\"isPartOf\":{\"@id\":\"https:\/\/onlinelotto365.com\/hu\/#website\"},\"primaryImageOfPage\":{\"@id\":\"https:\/\/onlinelotto365.com\/hu\/jatsszon\/superenalotto\/#primaryimage\"},\"image\":{\"@id\":\"https:\/\/onlinelotto365.com\/hu\/jatsszon\/superenalotto\/#primaryimage\"},\"thumbnailUrl\":\"https:\/\/redfoxlotto.com\/image?size=8&amp;lottery=superenalotto\",\"datePublished\":\"2022-11-07T07:18:17+00:00\",\"dateModified\":\"2022-11-07T07:18:39+00:00\",\"description\":\"Ezt az olasz lott\u00f3 jackpotot most b\u00e1rki, b\u00e1rhonnan megnyerheti - j\u00e1tsszon most Superenalotto online szelv\u00e9nyt\",\"breadcrumb\":{\"@id\":\"https:\/\/onlinelotto365.com\/hu\/jatsszon\/superenalotto\/#breadcrumb\"},\"inLanguage\":\"hu\",\"potentialAction\":[{\"@type\":\"ReadAction\",\"target\":[\"https:\/\/onlinelotto365.com\/hu\/jatsszon\/superenalotto\/\"]}]},{\"@type\":\"ImageObject\",\"inLanguage\":\"hu\",\"@id\":\"https:\/\/onlinelotto365.com\/hu\/jatsszon\/superenalotto\/#primaryimage\",\"url\":\"https:\/\/redfoxlotto.com\/image?size=8&amp;lottery=superenalotto\",\"contentUrl\":\"https:\/\/redfoxlotto.com\/image?size=8&amp;lottery=superenalotto\"},{\"@type\":\"BreadcrumbList\",\"@id\":\"https:\/\/onlinelotto365.com\/hu\/jatsszon\/superenalotto\/#breadcrumb\",\"itemListElement\":[{\"@type\":\"ListItem\",\"position\":1,\"name\":\"Home\",\"item\":\"https:\/\/onlinelotto365.com\/hu\/\"},{\"@type\":\"ListItem\",\"position\":2,\"name\":\"Minden, amit tudnia kell a legjobb online lott\u00f3j\u00e1t\u00e9kok j\u00e1t\u00e9klehet\u0151s\u00e9g\u00e9r\u0151l\",\"item\":\"https:\/\/onlinelotto365.com\/hu\/play\/\"},{\"@type\":\"ListItem\",\"position\":3,\"name\":\"Szerezze be Superenalotto jegyeit b\u00e1rhonnan\"}]},{\"@type\":\"WebSite\",\"@id\":\"https:\/\/onlinelotto365.com\/hu\/#website\",\"url\":\"https:\/\/onlinelotto365.com\/hu\/\",\"name\":\"OnlineLotto365\",\"description\":\"\",\"potentialAction\":[{\"@type\":\"SearchAction\",\"target\":{\"@type\":\"EntryPoint\",\"urlTemplate\":\"https:\/\/onlinelotto365.com\/hu\/?s={search_term_string}\"},\"query-input\":{\"@type\":\"PropertyValueSpecification\",\"valueRequired\":true,\"valueName\":\"search_term_string\"}}],\"inLanguage\":\"hu\"}]}<\/script>\n<!-- \/ Yoast SEO plugin. -->","yoast_head_json":{"title":"J\u00e1tsszon Superenalotto Olaszorsz\u00e1gban online Magyarorsz\u00e1gr\u00f3l | Hogyan v\u00e1s\u00e1rolhatok Superenalotto jegyeket online?","description":"Ezt az olasz lott\u00f3 jackpotot most b\u00e1rki, b\u00e1rhonnan megnyerheti - j\u00e1tsszon most Superenalotto online szelv\u00e9nyt","robots":{"index":"index","follow":"follow","max-snippet":"max-snippet:-1","max-image-preview":"max-image-preview:large","max-video-preview":"max-video-preview:-1"},"canonical":"https:\/\/onlinelotto365.com\/hu\/jatsszon\/superenalotto\/","og_locale":"hu_HU","og_type":"article","og_title":"J\u00e1tsszon Superenalotto Olaszorsz\u00e1gban online Magyarorsz\u00e1gr\u00f3l | Hogyan v\u00e1s\u00e1rolhatok Superenalotto jegyeket online?","og_description":"Ezt az olasz lott\u00f3 jackpotot most b\u00e1rki, b\u00e1rhonnan megnyerheti - j\u00e1tsszon most Superenalotto online szelv\u00e9nyt","og_url":"https:\/\/onlinelotto365.com\/hu\/jatsszon\/superenalotto\/","og_site_name":"OnlineLotto365","article_modified_time":"2022-11-07T07:18:39+00:00","og_image":[{"url":"https:\/\/redfoxlotto.com\/image?size=8&amp;lottery=superenalotto"}],"twitter_card":"summary_large_image","twitter_misc":{"Becs\u00fclt olvas\u00e1si id\u0151":"4 perc"},"schema":{"@context":"https:\/\/schema.org","@graph":[{"@type":"WebPage","@id":"https:\/\/onlinelotto365.com\/hu\/jatsszon\/superenalotto\/","url":"https:\/\/onlinelotto365.com\/hu\/jatsszon\/superenalotto\/","name":"J\u00e1tsszon Superenalotto Olaszorsz\u00e1gban online Magyarorsz\u00e1gr\u00f3l | Hogyan v\u00e1s\u00e1rolhatok Superenalotto jegyeket online?","isPartOf":{"@id":"https:\/\/onlinelotto365.com\/hu\/#website"},"primaryImageOfPage":{"@id":"https:\/\/onlinelotto365.com\/hu\/jatsszon\/superenalotto\/#primaryimage"},"image":{"@id":"https:\/\/onlinelotto365.com\/hu\/jatsszon\/superenalotto\/#primaryimage"},"thumbnailUrl":"https:\/\/redfoxlotto.com\/image?size=8&amp;lottery=superenalotto","datePublished":"2022-11-07T07:18:17+00:00","dateModified":"2022-11-07T07:18:39+00:00","description":"Ezt az olasz lott\u00f3 jackpotot most b\u00e1rki, b\u00e1rhonnan megnyerheti - j\u00e1tsszon most Superenalotto online szelv\u00e9nyt","breadcrumb":{"@id":"https:\/\/onlinelotto365.com\/hu\/jatsszon\/superenalotto\/#breadcrumb"},"inLanguage":"hu","potentialAction":[{"@type":"ReadAction","target":["https:\/\/onlinelotto365.com\/hu\/jatsszon\/superenalotto\/"]}]},{"@type":"ImageObject","inLanguage":"hu","@id":"https:\/\/onlinelotto365.com\/hu\/jatsszon\/superenalotto\/#primaryimage","url":"https:\/\/redfoxlotto.com\/image?size=8&amp;lottery=superenalotto","contentUrl":"https:\/\/redfoxlotto.com\/image?size=8&amp;lottery=superenalotto"},{"@type":"BreadcrumbList","@id":"https:\/\/onlinelotto365.com\/hu\/jatsszon\/superenalotto\/#breadcrumb","itemListElement":[{"@type":"ListItem","position":1,"name":"Home","item":"https:\/\/onlinelotto365.com\/hu\/"},{"@type":"ListItem","position":2,"name":"Minden, amit tudnia kell a legjobb online lott\u00f3j\u00e1t\u00e9kok j\u00e1t\u00e9klehet\u0151s\u00e9g\u00e9r\u0151l","item":"https:\/\/onlinelotto365.com\/hu\/play\/"},{"@type":"ListItem","position":3,"name":"Szerezze be Superenalotto jegyeit b\u00e1rhonnan"}]},{"@type":"WebSite","@id":"https:\/\/onlinelotto365.com\/hu\/#website","url":"https:\/\/onlinelotto365.com\/hu\/","name":"OnlineLotto365","description":"","potentialAction":[{"@type":"SearchAction","target":{"@type":"EntryPoint","urlTemplate":"https:\/\/onlinelotto365.com\/hu\/?s={search_term_string}"},"query-input":{"@type":"PropertyValueSpecification","valueRequired":true,"valueName":"search_term_string"}}],"inLanguage":"hu"}]}},"_links":{"self":[{"href":"https:\/\/onlinelotto365.com\/hu\/wp-json\/wp\/v2\/pages\/79515","targetHints":{"allow":["GET"]}}],"collection":[{"href":"https:\/\/onlinelotto365.com\/hu\/wp-json\/wp\/v2\/pages"}],"about":[{"href":"https:\/\/onlinelotto365.com\/hu\/wp-json\/wp\/v2\/types\/page"}],"author":[{"embeddable":true,"href":"https:\/\/onlinelotto365.com\/hu\/wp-json\/wp\/v2\/users\/1"}],"replies":[{"embeddable":true,"href":"https:\/\/onlinelotto365.com\/hu\/wp-json\/wp\/v2\/comments?post=79515"}],"version-history":[{"count":0,"href":"https:\/\/onlinelotto365.com\/hu\/wp-json\/wp\/v2\/pages\/79515\/revisions"}],"up":[{"embeddable":true,"href":"https:\/\/onlinelotto365.com\/hu\/wp-json\/wp\/v2\/pages\/5022"}],"wp:attachment":[{"href":"https:\/\/onlinelotto365.com\/hu\/wp-json\/wp\/v2\/media?parent=79515"}],"curies":[{"name":"wp","href":"https:\/\/api.w.org\/{rel}","templated":true}]}}