{"id":79538,"date":"2022-11-07T09:26:06","date_gmt":"2022-11-07T08:26:06","guid":{"rendered":"https:\/\/onlinelotto365.com\/?page_id=79538"},"modified":"2022-11-07T11:59:14","modified_gmt":"2022-11-07T10:59:14","slug":"eurojackpot","status":"publish","type":"page","link":"https:\/\/onlinelotto365.com\/hu\/jatsszon\/eurojackpot\/","title":{"rendered":"J\u00e1tsszon Eurojackpot online szelv\u00e9nnyel"},"content":{"rendered":"<h2>Az Eurojackpotr\u00f3l<\/h2>\n<p>Ez az eur\u00f3pai lott\u00f3 t\u00f6bb eur\u00f3pai lott\u00f3hat\u00f3s\u00e1g egy\u00fcttm\u0171k\u00f6d\u00e9s\u00e9vel j\u00f6tt l\u00e9tre. Jelenleg az Eurojackpotot a helyi lott\u00f3z\u00f3ban kaphat\u00f3 szelv\u00e9nyekkel j\u00e1tszhatja, ha a r\u00e9szt vev\u0151 orsz\u00e1gok valamelyik\u00e9ben \u00e9l. Ezek az orsz\u00e1gok a k\u00f6vetkez\u0151k: Horv\u00e1torsz\u00e1g, Csehorsz\u00e1g, D\u00e1nia, \u00c9sztorsz\u00e1g, Finnorsz\u00e1g, Hollandia, Finnorsz\u00e1g, Izland, Lengyelorsz\u00e1g, Lettorsz\u00e1g, Litv\u00e1nia, Magyarorsz\u00e1g, Norv\u00e9gia, Lengyelorsz\u00e1g, N\u00e9metorsz\u00e1g, Olaszorsz\u00e1g, Spanyolorsz\u00e1g, Sv\u00e9dorsz\u00e1g, Szlov\u00e1kia, Szlov\u00e9nia \u00e9s Hollandia.<\/p>\n<p>Ha olyan orsz\u00e1gban \u00e9l, amely nem szerepel a list\u00e1n, akkor az egyetlen lehet\u0151s\u00e9ge, hogy online j\u00e1tsszon az Eurojackpotban. Ha egyszer felfedezte ezt a lehet\u0151s\u00e9get, l\u00e1tni fogja, hogy m\u00e9g sok m\u00e1s lehet\u0151s\u00e9g is van. Weboldalunk nem csak azt teszi egyszer\u0171v\u00e9, hogy Magyarorsz\u00e1gr\u00f3l online Eurojackpotot j\u00e1tsszon. M\u00e1s vil\u00e1gsz\u00ednvonal\u00fa, hatalmas jackpotokkal rendelkez\u0151 lott\u00f3j\u00e1t\u00e9kokhoz is hozz\u00e1f\u00e9r\u00e9st biztos\u00edtunk \u00d6nnek.<\/p>\n<p><a href=\"https:\/\/redfoxlotto.com\/play\/eurojackpot\/?ref=a8564250a2&amp;medium=ol365\" target=\"_blank\" rel=\"noopener noreferrer\"><img decoding=\"async\" class=\"aligncenter\" src=\"https:\/\/redfoxlotto.com\/image?size=8&amp;lottery=eurojackpot\" alt=\"Eurojackpot\" \/><\/a><\/p>\n<ul>\n<li>Orsz\u00e1g: k\u00fcl\u00f6nf\u00e9le eur\u00f3pai orsz\u00e1gok, l\u00e1sd fentebb.<\/li>\n<li>F\u0151 sz\u00e1mtartom\u00e1ny: 50<\/li>\n<li>Ki kell v\u00e1lasztania: 5<\/li>\n<li>Extra sz\u00e1mok tartom\u00e1nya: 10<\/li>\n<li>Ki kell v\u00e1lasztania: 2<\/li>\n<li>A sorsol\u00e1sok napjai, \u00f3r\u00e1i: P\u00e9ntek, , , , 21:00 CET &#8211; 21:00 CET<\/li>\n<li>A jackpot indul: \u20ac 10 milli\u00f3<\/li>\n<li>A jackpot fels\u0151 hat\u00e1ra: 90 milli\u00f3 eur\u00f3<\/li>\n<li>A jackpot megnyer\u00e9s\u00e9nek es\u00e9lye: 1:135600640-hez<\/li>\n<li>Es\u00e9ly a m\u00e1sodik d\u00edj megnyer\u00e9s\u00e9re: 1:2118760<\/li>\n<li>Es\u00e9ly b\u00e1rmely nyerem\u00e9ny megnyer\u00e9s\u00e9re: 1:26,39-hez<\/li>\n<li>A nyerem\u00e9nykateg\u00f3ri\u00e1k sz\u00e1ma: A nyerem\u00e9nyt\u00edpusok sz\u00e1ma: 1: 12<\/li>\n<\/ul>\n<p>&nbsp;<\/p>\n<h2>Az Eurojackpot legjobb jellemz\u0151i<\/h2>\n<p>El\u0151sz\u00f6r is \u00e9szreveheti, hogy a jackpot mindig legal\u00e1bb 10 milli\u00f3 eur\u00f3s \u00f6sszeggel indul. De azt is \u00e9szre kell vennie, hogy a m\u00e1sodik nyerem\u00e9nyszint is el\u00e9g vonz\u00f3, \u00e9s sokkal jobb es\u00e9lyekkel rendelkezik. A m\u00e1sodik nyerem\u00e9ny megnyer\u00e9s\u00e9hez mind az 5 f\u0151 sz\u00e1mot helyesen kell eltal\u00e1lnod, plusz a k\u00e9t extra sz\u00e1m egyik\u00e9t. Ennek es\u00e9lye k\u00f6r\u00fclbel\u00fcl 1:2 milli\u00f3hoz, \u00e9s ennek a nyerem\u00e9nynek a megnyer\u00e9se \u00e1ltal\u00e1ban 100 000 \u00e9s 500 000 eur\u00f3 k\u00f6z\u00f6tti kifizet\u00e9st biztos\u00edt. Ez minden bizonnyal el\u00e9g j\u00f3 ok arra, hogy online j\u00e1tsszon az Eurojackpoton Magyarorsz\u00e1gr\u00f3l.<\/p>\n<p>De a f\u0151 ok, ami\u00e9rt mindig szemmel kell tartania az Eurojackpotot, az az, hogy mi t\u00f6rt\u00e9nik, ha a jackpot el\u00e9ri a 90 milli\u00f3 eur\u00f3t, ami \u00e1ltal\u00e1ban \u00e9vente n\u00e9h\u00e1nyszor el\u0151fordul. Amint a jackpot \u00e1tl\u00e9pi a 40 milli\u00f3 eur\u00f3s k\u00fcsz\u00f6b\u00f6t, hajlamos el\u00e9g gyorsan n\u00f6vekedni, mivel egyre t\u00f6bben j\u00e1tszanak az Eurojackpoton, \u00e9s egyre t\u00f6bb szelv\u00e9nyt adnak el. Mi t\u00f6rt\u00e9nik teh\u00e1t, amikor el\u00e9ri a 90 milli\u00f3 eur\u00f3s fels\u0151 hat\u00e1rt?<\/p>\n<p>Ekkor a j\u00e1t\u00e9kosok \u00e1ltal elk\u00f6lt\u00f6tt minden tov\u00e1bbi p\u00e9nz nem fogja n\u00f6velni a jackpotot. Ehelyett ezek a p\u00e9nzek a m\u00e1sodik d\u00edjkateg\u00f3ri\u00e1ba ker\u00fclnek \u00e1t. A k\u00f6vetkez\u0151 sorsol\u00e1son teh\u00e1t nem csak az Eurojackpot online j\u00e1t\u00e9kban j\u00e1tszhatsz a 90 milli\u00f3 eur\u00f3s jackpot\u00e9rt, hanem sokkal nagyobb nyerem\u00e9nyre is sz\u00e1m\u00edthatsz, ha a m\u00e1sodik kateg\u00f3ri\u00e1ban nyersz. \u00c9s am\u00edg a 90 milli\u00f3 eur\u00f3s jackpotot nem siker\u00fclt megroppantani, addig lehet, hogy a m\u00e1sodik szint\u0171 nyerem\u00e9nyt m\u00e1r megnyerted, de minden sorsol\u00e1ssal friss p\u00e9nz ker\u00fcl hozz\u00e1.<\/p>\n<h2>Hogyan ellen\u0151rizheti az Eurojackpot eredm\u00e9nyeit<\/h2>\n<p>Ellen\u0151rizze az eredm\u00e9nyeket vagy a r\u00e9szt vev\u0151 orsz\u00e1gok hivatalos lott\u00f3hirdet\u00e9si weboldalainak valamelyik\u00e9n, vagy m\u00e9g k\u00e9nyelmesebben, l\u00e1togasson el weboldalunkra, ahol a vil\u00e1g legl\u00e1tv\u00e1nyosabb lott\u00f3j\u00e1t\u00e9kainak legfrissebb eredm\u00e9nyeit tal\u00e1lja. \u00c9s term\u00e9szetesen amellett, hogy Magyarorsz\u00e1gr\u00f3l online j\u00e1tszhatsz Eurojackpotot, lehet\u0151s\u00e9ged van arra is, hogy egyszer\u0171en kiv\u00e1laszd azt a lott\u00f3t, amelyikben \u00e9ppen a legmagasabb jackpot van, \u00e9s azt a lott\u00f3t j\u00e1tszd online.<\/p>\n<h2>Eurojackpotot j\u00e1tszott\u00e1l online \u00e9s nyert\u00e9l &#8211; mi k\u00f6vetkezik ezut\u00e1n?<\/h2>\n<p>Miut\u00e1n megtudta, hogy nyert valamit az Eurojackpoton, egy e-mail \u00e9rtes\u00edt\u00e9st is kap t\u0151l\u00fcnk. Mindig \u00e9rtes\u00edtj\u00fck a nyerteseinket, \u00edgy nincs es\u00e9lye, hogy lemaradjon a nyerem\u00e9nyr\u0151l. \u00c9s minden kisebb nyerem\u00e9nyn\u00e9l (2500 \u20ac-n\u00e1l kisebb vagy azzal egyenl\u0151), a megnyert p\u00e9nzt m\u00e1r a j\u00e1t\u00e9kos sz\u00e1ml\u00e1j\u00e1n tal\u00e1lja. A p\u00e9nz\u00f6sszeg a sorsol\u00e1s ut\u00e1n r\u00f6viddel a rendelkez\u00e9sedre \u00e1ll, hogy kivehesd. Term\u00e9szetesen d\u00f6nthet \u00fagy is, hogy nem vesz ki p\u00e9nzt, vagy k\u00e9rheti egyenlege egy r\u00e9sz\u00f6sszeg\u00e9nek kifizet\u00e9s\u00e9t. B\u00e1rmennyi is legyen az egyenlege ezut\u00e1n, azt felhaszn\u00e1lhatja online lott\u00f3z\u00e1sra \u00e9s \u00faj szelv\u00e9nyek v\u00e1s\u00e1rl\u00e1s\u00e1ra.<\/p>\n<p>&nbsp;<\/p>\n","protected":false},"excerpt":{"rendered":"<p>Az Eurojackpotr\u00f3l Ez az eur\u00f3pai lott\u00f3 t\u00f6bb eur\u00f3pai lott\u00f3hat\u00f3s\u00e1g egy\u00fcttm\u0171k\u00f6d\u00e9s\u00e9vel j\u00f6tt l\u00e9tre. Jelenleg az Eurojackpotot a helyi lott\u00f3z\u00f3ban kaphat\u00f3 szelv\u00e9nyekkel j\u00e1tszhatja, ha a r\u00e9szt vev\u0151 orsz\u00e1gok valamelyik\u00e9ben \u00e9l. Ezek az orsz\u00e1gok a k\u00f6vetkez\u0151k: Horv\u00e1torsz\u00e1g, Csehorsz\u00e1g, D\u00e1nia, \u00c9sztorsz\u00e1g, Finnorsz\u00e1g, Hollandia, Finnorsz\u00e1g, Izland, Lengyelorsz\u00e1g, Lettorsz\u00e1g, Litv\u00e1nia, Magyarorsz\u00e1g, Norv\u00e9gia, Lengyelorsz\u00e1g, N\u00e9metorsz\u00e1g, Olaszorsz\u00e1g, Spanyolorsz\u00e1g, Sv\u00e9dorsz\u00e1g, Szlov\u00e1kia, Szlov\u00e9nia \u00e9s Hollandia. [&hellip;]<\/p>\n","protected":false},"author":1,"featured_media":0,"parent":5022,"menu_order":4,"comment_status":"closed","ping_status":"closed","template":"eurojackpot.php","meta":{"_et_pb_use_builder":"","_et_pb_old_content":"","_et_gb_content_width":"","exclude_from_search":false,"footnotes":""},"class_list":["post-79538","page","type-page","status-publish","hentry"],"yoast_head":"<!-- This site is optimized with the Yoast SEO plugin v23.4 - https:\/\/yoast.com\/wordpress\/plugins\/seo\/ -->\n<title>Eurojackpot magyarorsz\u00e1gi lakosok sz\u00e1m\u00e1ra | Eurojackpot online j\u00e1t\u00e9k itt<\/title>\n<meta name=\"description\" content=\"Az Eurojackpot leg\u00e1lis \u00e9s egyszer\u0171 m\u00f3dja annak, hogy online \u00e9s Magyarorsz\u00e1gr\u00f3l j\u00e1tszhasson Eurojackpotot.\" \/>\n<meta name=\"robots\" content=\"index, follow, max-snippet:-1, max-image-preview:large, max-video-preview:-1\" \/>\n<link rel=\"canonical\" href=\"https:\/\/onlinelotto365.com\/hu\/jatsszon\/eurojackpot\/\" \/>\n<meta property=\"og:locale\" content=\"hu_HU\" \/>\n<meta property=\"og:type\" content=\"article\" \/>\n<meta property=\"og:title\" content=\"Eurojackpot magyarorsz\u00e1gi lakosok sz\u00e1m\u00e1ra | Eurojackpot online j\u00e1t\u00e9k itt\" \/>\n<meta property=\"og:description\" content=\"Az Eurojackpot leg\u00e1lis \u00e9s egyszer\u0171 m\u00f3dja annak, hogy online \u00e9s Magyarorsz\u00e1gr\u00f3l j\u00e1tszhasson Eurojackpotot.\" \/>\n<meta property=\"og:url\" content=\"https:\/\/onlinelotto365.com\/hu\/jatsszon\/eurojackpot\/\" \/>\n<meta property=\"og:site_name\" content=\"OnlineLotto365\" \/>\n<meta property=\"article:modified_time\" content=\"2022-11-07T10:59:14+00:00\" \/>\n<meta property=\"og:image\" content=\"https:\/\/redfoxlotto.com\/image?size=8&amp;lottery=eurojackpot\" \/>\n<meta name=\"twitter:card\" content=\"summary_large_image\" \/>\n<meta name=\"twitter:label1\" content=\"Becs\u00fclt olvas\u00e1si id\u0151\" \/>\n\t<meta name=\"twitter:data1\" content=\"3 perc\" \/>\n<script type=\"application\/ld+json\" class=\"yoast-schema-graph\">{\"@context\":\"https:\/\/schema.org\",\"@graph\":[{\"@type\":\"WebPage\",\"@id\":\"https:\/\/onlinelotto365.com\/hu\/jatsszon\/eurojackpot\/\",\"url\":\"https:\/\/onlinelotto365.com\/hu\/jatsszon\/eurojackpot\/\",\"name\":\"Eurojackpot magyarorsz\u00e1gi lakosok sz\u00e1m\u00e1ra | Eurojackpot online j\u00e1t\u00e9k itt\",\"isPartOf\":{\"@id\":\"https:\/\/onlinelotto365.com\/hu\/#website\"},\"primaryImageOfPage\":{\"@id\":\"https:\/\/onlinelotto365.com\/hu\/jatsszon\/eurojackpot\/#primaryimage\"},\"image\":{\"@id\":\"https:\/\/onlinelotto365.com\/hu\/jatsszon\/eurojackpot\/#primaryimage\"},\"thumbnailUrl\":\"https:\/\/redfoxlotto.com\/image?size=8&amp;lottery=eurojackpot\",\"datePublished\":\"2022-11-07T08:26:06+00:00\",\"dateModified\":\"2022-11-07T10:59:14+00:00\",\"description\":\"Az Eurojackpot leg\u00e1lis \u00e9s egyszer\u0171 m\u00f3dja annak, hogy online \u00e9s Magyarorsz\u00e1gr\u00f3l j\u00e1tszhasson Eurojackpotot.\",\"breadcrumb\":{\"@id\":\"https:\/\/onlinelotto365.com\/hu\/jatsszon\/eurojackpot\/#breadcrumb\"},\"inLanguage\":\"hu\",\"potentialAction\":[{\"@type\":\"ReadAction\",\"target\":[\"https:\/\/onlinelotto365.com\/hu\/jatsszon\/eurojackpot\/\"]}]},{\"@type\":\"ImageObject\",\"inLanguage\":\"hu\",\"@id\":\"https:\/\/onlinelotto365.com\/hu\/jatsszon\/eurojackpot\/#primaryimage\",\"url\":\"https:\/\/redfoxlotto.com\/image?size=8&amp;lottery=eurojackpot\",\"contentUrl\":\"https:\/\/redfoxlotto.com\/image?size=8&amp;lottery=eurojackpot\"},{\"@type\":\"BreadcrumbList\",\"@id\":\"https:\/\/onlinelotto365.com\/hu\/jatsszon\/eurojackpot\/#breadcrumb\",\"itemListElement\":[{\"@type\":\"ListItem\",\"position\":1,\"name\":\"Home\",\"item\":\"https:\/\/onlinelotto365.com\/hu\/\"},{\"@type\":\"ListItem\",\"position\":2,\"name\":\"Minden, amit tudnia kell a legjobb online lott\u00f3j\u00e1t\u00e9kok j\u00e1t\u00e9klehet\u0151s\u00e9g\u00e9r\u0151l\",\"item\":\"https:\/\/onlinelotto365.com\/hu\/play\/\"},{\"@type\":\"ListItem\",\"position\":3,\"name\":\"J\u00e1tsszon Eurojackpot online szelv\u00e9nnyel\"}]},{\"@type\":\"WebSite\",\"@id\":\"https:\/\/onlinelotto365.com\/hu\/#website\",\"url\":\"https:\/\/onlinelotto365.com\/hu\/\",\"name\":\"OnlineLotto365\",\"description\":\"\",\"potentialAction\":[{\"@type\":\"SearchAction\",\"target\":{\"@type\":\"EntryPoint\",\"urlTemplate\":\"https:\/\/onlinelotto365.com\/hu\/?s={search_term_string}\"},\"query-input\":{\"@type\":\"PropertyValueSpecification\",\"valueRequired\":true,\"valueName\":\"search_term_string\"}}],\"inLanguage\":\"hu\"}]}<\/script>\n<!-- \/ Yoast SEO plugin. -->","yoast_head_json":{"title":"Eurojackpot magyarorsz\u00e1gi lakosok sz\u00e1m\u00e1ra | Eurojackpot online j\u00e1t\u00e9k itt","description":"Az Eurojackpot leg\u00e1lis \u00e9s egyszer\u0171 m\u00f3dja annak, hogy online \u00e9s Magyarorsz\u00e1gr\u00f3l j\u00e1tszhasson Eurojackpotot.","robots":{"index":"index","follow":"follow","max-snippet":"max-snippet:-1","max-image-preview":"max-image-preview:large","max-video-preview":"max-video-preview:-1"},"canonical":"https:\/\/onlinelotto365.com\/hu\/jatsszon\/eurojackpot\/","og_locale":"hu_HU","og_type":"article","og_title":"Eurojackpot magyarorsz\u00e1gi lakosok sz\u00e1m\u00e1ra | Eurojackpot online j\u00e1t\u00e9k itt","og_description":"Az Eurojackpot leg\u00e1lis \u00e9s egyszer\u0171 m\u00f3dja annak, hogy online \u00e9s Magyarorsz\u00e1gr\u00f3l j\u00e1tszhasson Eurojackpotot.","og_url":"https:\/\/onlinelotto365.com\/hu\/jatsszon\/eurojackpot\/","og_site_name":"OnlineLotto365","article_modified_time":"2022-11-07T10:59:14+00:00","og_image":[{"url":"https:\/\/redfoxlotto.com\/image?size=8&amp;lottery=eurojackpot"}],"twitter_card":"summary_large_image","twitter_misc":{"Becs\u00fclt olvas\u00e1si id\u0151":"3 perc"},"schema":{"@context":"https:\/\/schema.org","@graph":[{"@type":"WebPage","@id":"https:\/\/onlinelotto365.com\/hu\/jatsszon\/eurojackpot\/","url":"https:\/\/onlinelotto365.com\/hu\/jatsszon\/eurojackpot\/","name":"Eurojackpot magyarorsz\u00e1gi lakosok sz\u00e1m\u00e1ra | Eurojackpot online j\u00e1t\u00e9k itt","isPartOf":{"@id":"https:\/\/onlinelotto365.com\/hu\/#website"},"primaryImageOfPage":{"@id":"https:\/\/onlinelotto365.com\/hu\/jatsszon\/eurojackpot\/#primaryimage"},"image":{"@id":"https:\/\/onlinelotto365.com\/hu\/jatsszon\/eurojackpot\/#primaryimage"},"thumbnailUrl":"https:\/\/redfoxlotto.com\/image?size=8&amp;lottery=eurojackpot","datePublished":"2022-11-07T08:26:06+00:00","dateModified":"2022-11-07T10:59:14+00:00","description":"Az Eurojackpot leg\u00e1lis \u00e9s egyszer\u0171 m\u00f3dja annak, hogy online \u00e9s Magyarorsz\u00e1gr\u00f3l j\u00e1tszhasson Eurojackpotot.","breadcrumb":{"@id":"https:\/\/onlinelotto365.com\/hu\/jatsszon\/eurojackpot\/#breadcrumb"},"inLanguage":"hu","potentialAction":[{"@type":"ReadAction","target":["https:\/\/onlinelotto365.com\/hu\/jatsszon\/eurojackpot\/"]}]},{"@type":"ImageObject","inLanguage":"hu","@id":"https:\/\/onlinelotto365.com\/hu\/jatsszon\/eurojackpot\/#primaryimage","url":"https:\/\/redfoxlotto.com\/image?size=8&amp;lottery=eurojackpot","contentUrl":"https:\/\/redfoxlotto.com\/image?size=8&amp;lottery=eurojackpot"},{"@type":"BreadcrumbList","@id":"https:\/\/onlinelotto365.com\/hu\/jatsszon\/eurojackpot\/#breadcrumb","itemListElement":[{"@type":"ListItem","position":1,"name":"Home","item":"https:\/\/onlinelotto365.com\/hu\/"},{"@type":"ListItem","position":2,"name":"Minden, amit tudnia kell a legjobb online lott\u00f3j\u00e1t\u00e9kok j\u00e1t\u00e9klehet\u0151s\u00e9g\u00e9r\u0151l","item":"https:\/\/onlinelotto365.com\/hu\/play\/"},{"@type":"ListItem","position":3,"name":"J\u00e1tsszon Eurojackpot online szelv\u00e9nnyel"}]},{"@type":"WebSite","@id":"https:\/\/onlinelotto365.com\/hu\/#website","url":"https:\/\/onlinelotto365.com\/hu\/","name":"OnlineLotto365","description":"","potentialAction":[{"@type":"SearchAction","target":{"@type":"EntryPoint","urlTemplate":"https:\/\/onlinelotto365.com\/hu\/?s={search_term_string}"},"query-input":{"@type":"PropertyValueSpecification","valueRequired":true,"valueName":"search_term_string"}}],"inLanguage":"hu"}]}},"_links":{"self":[{"href":"https:\/\/onlinelotto365.com\/hu\/wp-json\/wp\/v2\/pages\/79538","targetHints":{"allow":["GET"]}}],"collection":[{"href":"https:\/\/onlinelotto365.com\/hu\/wp-json\/wp\/v2\/pages"}],"about":[{"href":"https:\/\/onlinelotto365.com\/hu\/wp-json\/wp\/v2\/types\/page"}],"author":[{"embeddable":true,"href":"https:\/\/onlinelotto365.com\/hu\/wp-json\/wp\/v2\/users\/1"}],"replies":[{"embeddable":true,"href":"https:\/\/onlinelotto365.com\/hu\/wp-json\/wp\/v2\/comments?post=79538"}],"version-history":[{"count":0,"href":"https:\/\/onlinelotto365.com\/hu\/wp-json\/wp\/v2\/pages\/79538\/revisions"}],"up":[{"embeddable":true,"href":"https:\/\/onlinelotto365.com\/hu\/wp-json\/wp\/v2\/pages\/5022"}],"wp:attachment":[{"href":"https:\/\/onlinelotto365.com\/hu\/wp-json\/wp\/v2\/media?parent=79538"}],"curies":[{"name":"wp","href":"https:\/\/api.w.org\/{rel}","templated":true}]}}