{"id":80071,"date":"2022-11-14T13:53:59","date_gmt":"2022-11-14T12:53:59","guid":{"rendered":"https:\/\/onlinelotto365.com\/?page_id=80071"},"modified":"2022-11-14T13:53:59","modified_gmt":"2022-11-14T12:53:59","slug":"superenalotto","status":"publish","type":"page","link":"https:\/\/onlinelotto365.com\/hu\/nyero-lottoszamok\/superenalotto\/","title":{"rendered":"Ellen\u0151rizze a Superenalotto nyer\u0151sz\u00e1mokat itt"},"content":{"rendered":"<p>Rengeteg k\u00fcl\u00f6nb\u00f6z\u0151 nemzetk\u00f6zi lott\u00f3j\u00e1t\u00e9kot k\u00edn\u00e1lunk weboldalunkon, de szeretn\u00e9nk biztos\u00edtani, hogy az eredm\u00e9nyek megtal\u00e1l\u00e1sa ne jelentsen probl\u00e9m\u00e1t. Persze, megn\u00e9zheted az eredm\u00e9nyeket a t\u00e9v\u00e9ben, ha el\u00e9g szerencs\u00e9s vagy ahhoz, hogy a sorsol\u00e1s eredm\u00e9ny\u00e9t a h\u00edrekben tal\u00e1ld. Vagy megtal\u00e1lhatja \u0151ket az \u00fajs\u00e1gban, ha olyan ter\u00fcleten \u00e9l, ahol a j\u00e1t\u00e9kok helyi jelleg\u0171ek. De ez is neh\u00e9z lehet.<br \/>\n<a href=\"https:\/\/redfoxlotto.com\/play\/superenalotto\/?ref=a8564250a2&amp;medium=ol365\" target=\"_blank\" rel=\"noopener noreferrer\"><img decoding=\"async\" class=\"aligncenter\" src=\"https:\/\/redfoxlotto.com\/image?size=8&amp;lottery=superenalotto\" alt=\"superenalotto\" \/><\/a><br \/>\nA Superenalotto weboldal\u00e1n is megn\u00e9zheti a sorsol\u00e1si folyamat \u00e9l\u0151 k\u00f6zvet\u00edt\u00e9s\u00e9t, ha van ilyen lehet\u0151s\u00e9g. Ez sz\u00f3rakoztat\u00f3 lehet azokn\u00e1l a j\u00e1t\u00e9kokn\u00e1l, amelyek ezt biztos\u00edtj\u00e1k, \u00e9s izgalmas pillanatot ny\u00fajthat, amikor v\u00e9gign\u00e9zheted, hogy a te sz\u00e1maid nyertek-e, de val\u00f3j\u00e1ban nem minden lott\u00f3j\u00e1t\u00e9k k\u00edn\u00e1lja ezt a lehet\u0151s\u00e9get.<\/p>\n<p>A sorsol\u00e1s ut\u00e1n a YouTube-on n\u00e9ha megtal\u00e1lhatja a szuperlott\u00f3 nyertes sz\u00e1mait \u00e9s sorsol\u00e1sait, ha tudja, hogyan kell kutatni, \u00e9s hol kell keresni. De ez id\u0151be telhet.<\/p>\n<p>A legjobb m\u00f3dja a dolognak, ha egyszer\u0171en felkeresed a lott\u00f3eredm\u00e9nyek oldalunkat, \u00e9s megn\u00e9zed az \u00f6sszes sz\u00e1mot az egyes lott\u00f3j\u00e1t\u00e9kokhoz. Ez mag\u00e1ban foglalja a szuperlott\u00f3t \u00e9s m\u00e9g sok m\u00e1st is.<\/p>\n<h2>Hogyan tudhatja meg, hogy az online szelv\u00e9nye nyert-e<\/h2>\n<p>Azok, akik a Superenalotto szelv\u00e9ny\u00e9t a mi oldalunkon kereszt\u00fcl v\u00e1s\u00e1rolt\u00e1k meg, k\u00f6nnyen ellen\u0151rizhetik fi\u00f3kjukat, hogy megtudj\u00e1k a nyertes sz\u00e1mokat. Ez sokkal egyszer\u0171bb lesz, mint gondoln\u00e1, \u00e9s ami m\u00e9g jobb, hogy m\u00e9g csak \u00f6ssze sem kell hasonl\u00edtania a sz\u00e1mokat.<\/p>\n<p>Ezt a r\u00e9szt mi elint\u00e9zz\u00fck helyetted. S\u0151t, kiemelve megmutatjuk neked, hogy mely sz\u00e1maid egyeznek a nyer\u0151sz\u00e1mokkal. Ezut\u00e1n a megnyert \u00f6sszeget 2500 eur\u00f3ig k\u00f6zvetlen\u00fcl a sz\u00e1ml\u00e1dra utaljuk. Nem kell agg\u00f3dnod az ig\u00e9nyl\u00e9ssel vagy annak ellen\u0151rz\u00e9s\u00e9vel kapcsolatban. Mindezt mi v\u00e9gezz\u00fck el, hogy \u00e9lvezhesse a nyerem\u00e9ny\u00e9t.<\/p>\n<h2>Superenalotto eredm\u00e9nyek arch\u00edvuma<\/h2>\n<p>Weboldalunk b\u00e1rmelyik oldal\u00e1n, amely a Superenalotto nyer\u0151sz\u00e1mait mutatja, azt is megmutatjuk, hogyan tudsz visszal\u00e9pni a kor\u00e1bbi eredm\u00e9nyekhez, hogy ellen\u0151rizhesd a kor\u00e1bbi sorsol\u00e1sokat. Ez seg\u00edthet kiv\u00e1lasztani a megfelel\u0151 sz\u00e1mokat, amelyeket meg akar j\u00e1tszani, amikor elj\u00f6n a k\u00f6vetkez\u0151 sorsol\u00e1s ideje. Ez az egyik legn\u00e9pszer\u0171bb m\u00f3dja a sz\u00e1mok kiv\u00e1laszt\u00e1s\u00e1nak.<\/p>\n<h2>A szelv\u00e9nyem nyert, mi k\u00f6vetkezik ezut\u00e1n?<\/h2>\n<p><img loading=\"lazy\" decoding=\"async\" class=\"alignright size-full wp-image-3634\" src=\"https:\/\/onlinelotto365.com\/wp-content\/uploads\/2020\/11\/online_lottery-136.jpg\" alt=\"superenalotto nyer\u0151sz\u00e1mok\" width=\"297\" height=\"101\" \/><br \/>\nMinden 2500 eur\u00f3n\u00e1l kisebb nyerem\u00e9ny azonnal a j\u00e1t\u00e9kos sz\u00e1ml\u00e1j\u00e1ra ker\u00fcl. \u00cdgy kiveheti (10 \u20ac feletti b\u00e1rmely \u00f6sszeget), vagy felhaszn\u00e1lhatja tov\u00e1bbi szelv\u00e9nyek v\u00e1s\u00e1rl\u00e1s\u00e1ra. Ne feledje, hogy a p\u00e9nzt hitel- vagy bet\u00e9ti k\u00e1rty\u00e1ra, illetve banksz\u00e1ml\u00e1ra is felveheti. B\u00e1rmelyik sz\u00e1ml\u00e1val is akarja kivenni a p\u00e9nzt, m\u00e1r kor\u00e1bban is haszn\u00e1lnia kell, hogy p\u00e9nzt tegyen be. \u00cdgy seg\u00edt\u00fcnk megv\u00e9deni \u00d6nt, \u00e9s \u00edgy felel\u00fcnk meg a p\u00e9nzmos\u00e1s elleni \u00e9s egy\u00e9b szab\u00e1lyoz\u00e1soknak is.<\/p>\n","protected":false},"excerpt":{"rendered":"<p>Rengeteg k\u00fcl\u00f6nb\u00f6z\u0151 nemzetk\u00f6zi lott\u00f3j\u00e1t\u00e9kot k\u00edn\u00e1lunk weboldalunkon, de szeretn\u00e9nk biztos\u00edtani, hogy az eredm\u00e9nyek megtal\u00e1l\u00e1sa ne jelentsen probl\u00e9m\u00e1t. Persze, megn\u00e9zheted az eredm\u00e9nyeket a t\u00e9v\u00e9ben, ha el\u00e9g szerencs\u00e9s vagy ahhoz, hogy a sorsol\u00e1s eredm\u00e9ny\u00e9t a h\u00edrekben tal\u00e1ld. Vagy megtal\u00e1lhatja \u0151ket az \u00fajs\u00e1gban, ha olyan ter\u00fcleten \u00e9l, ahol a j\u00e1t\u00e9kok helyi jelleg\u0171ek. De ez is neh\u00e9z lehet. A Superenalotto [&hellip;]<\/p>\n","protected":false},"author":1,"featured_media":0,"parent":5838,"menu_order":5,"comment_status":"closed","ping_status":"closed","template":"superenalotto-results.php","meta":{"_et_pb_use_builder":"","_et_pb_old_content":"","_et_gb_content_width":"","exclude_from_search":false,"footnotes":""},"class_list":["post-80071","page","type-page","status-publish","hentry"],"yoast_head":"<!-- This site is optimized with the Yoast SEO plugin v23.4 - https:\/\/yoast.com\/wordpress\/plugins\/seo\/ -->\n<title>Legut\u00f3bbi nyer\u0151sz\u00e1mok Superenalotto<\/title>\n<meta name=\"description\" content=\"Szeretn\u00e9d tudni a Superenalotto nyer\u0151sz\u00e1mait? Itt tal\u00e1lod az eredm\u00e9nyeket \u00e9s m\u00e9g t\u00f6bbet!\" \/>\n<meta name=\"robots\" content=\"index, follow, max-snippet:-1, max-image-preview:large, max-video-preview:-1\" \/>\n<link rel=\"canonical\" href=\"https:\/\/onlinelotto365.com\/hu\/nyero-lottoszamok\/superenalotto\/\" \/>\n<meta property=\"og:locale\" content=\"hu_HU\" \/>\n<meta property=\"og:type\" content=\"article\" \/>\n<meta property=\"og:title\" content=\"Legut\u00f3bbi nyer\u0151sz\u00e1mok Superenalotto\" \/>\n<meta property=\"og:description\" content=\"Szeretn\u00e9d tudni a Superenalotto nyer\u0151sz\u00e1mait? Itt tal\u00e1lod az eredm\u00e9nyeket \u00e9s m\u00e9g t\u00f6bbet!\" \/>\n<meta property=\"og:url\" content=\"https:\/\/onlinelotto365.com\/hu\/nyero-lottoszamok\/superenalotto\/\" \/>\n<meta property=\"og:site_name\" content=\"OnlineLotto365\" \/>\n<meta property=\"og:image\" content=\"https:\/\/redfoxlotto.com\/image?size=8&amp;lottery=superenalotto\" \/>\n<meta name=\"twitter:card\" content=\"summary_large_image\" \/>\n<meta name=\"twitter:label1\" content=\"Becs\u00fclt olvas\u00e1si id\u0151\" \/>\n\t<meta name=\"twitter:data1\" content=\"2 perc\" \/>\n<script type=\"application\/ld+json\" class=\"yoast-schema-graph\">{\"@context\":\"https:\/\/schema.org\",\"@graph\":[{\"@type\":\"WebPage\",\"@id\":\"https:\/\/onlinelotto365.com\/hu\/nyero-lottoszamok\/superenalotto\/\",\"url\":\"https:\/\/onlinelotto365.com\/hu\/nyero-lottoszamok\/superenalotto\/\",\"name\":\"Legut\u00f3bbi nyer\u0151sz\u00e1mok Superenalotto\",\"isPartOf\":{\"@id\":\"https:\/\/onlinelotto365.com\/hu\/#website\"},\"primaryImageOfPage\":{\"@id\":\"https:\/\/onlinelotto365.com\/hu\/nyero-lottoszamok\/superenalotto\/#primaryimage\"},\"image\":{\"@id\":\"https:\/\/onlinelotto365.com\/hu\/nyero-lottoszamok\/superenalotto\/#primaryimage\"},\"thumbnailUrl\":\"https:\/\/redfoxlotto.com\/image?size=8&amp;lottery=superenalotto\",\"datePublished\":\"2022-11-14T12:53:59+00:00\",\"dateModified\":\"2022-11-14T12:53:59+00:00\",\"description\":\"Szeretn\u00e9d tudni a Superenalotto nyer\u0151sz\u00e1mait? Itt tal\u00e1lod az eredm\u00e9nyeket \u00e9s m\u00e9g t\u00f6bbet!\",\"breadcrumb\":{\"@id\":\"https:\/\/onlinelotto365.com\/hu\/nyero-lottoszamok\/superenalotto\/#breadcrumb\"},\"inLanguage\":\"hu\",\"potentialAction\":[{\"@type\":\"ReadAction\",\"target\":[\"https:\/\/onlinelotto365.com\/hu\/nyero-lottoszamok\/superenalotto\/\"]}]},{\"@type\":\"ImageObject\",\"inLanguage\":\"hu\",\"@id\":\"https:\/\/onlinelotto365.com\/hu\/nyero-lottoszamok\/superenalotto\/#primaryimage\",\"url\":\"https:\/\/redfoxlotto.com\/image?size=8&amp;lottery=superenalotto\",\"contentUrl\":\"https:\/\/redfoxlotto.com\/image?size=8&amp;lottery=superenalotto\"},{\"@type\":\"BreadcrumbList\",\"@id\":\"https:\/\/onlinelotto365.com\/hu\/nyero-lottoszamok\/superenalotto\/#breadcrumb\",\"itemListElement\":[{\"@type\":\"ListItem\",\"position\":1,\"name\":\"Home\",\"item\":\"https:\/\/onlinelotto365.com\/hu\/\"},{\"@type\":\"ListItem\",\"position\":2,\"name\":\"Nemzetk\u00f6zi lott\u00f3eredm\u00e9nyeket keresel?\",\"item\":\"https:\/\/onlinelotto365.com\/hu\/winning-numbers\/\"},{\"@type\":\"ListItem\",\"position\":3,\"name\":\"Ellen\u0151rizze a Superenalotto nyer\u0151sz\u00e1mokat itt\"}]},{\"@type\":\"WebSite\",\"@id\":\"https:\/\/onlinelotto365.com\/hu\/#website\",\"url\":\"https:\/\/onlinelotto365.com\/hu\/\",\"name\":\"OnlineLotto365\",\"description\":\"\",\"potentialAction\":[{\"@type\":\"SearchAction\",\"target\":{\"@type\":\"EntryPoint\",\"urlTemplate\":\"https:\/\/onlinelotto365.com\/hu\/?s={search_term_string}\"},\"query-input\":{\"@type\":\"PropertyValueSpecification\",\"valueRequired\":true,\"valueName\":\"search_term_string\"}}],\"inLanguage\":\"hu\"}]}<\/script>\n<!-- \/ Yoast SEO plugin. -->","yoast_head_json":{"title":"Legut\u00f3bbi nyer\u0151sz\u00e1mok Superenalotto","description":"Szeretn\u00e9d tudni a Superenalotto nyer\u0151sz\u00e1mait? Itt tal\u00e1lod az eredm\u00e9nyeket \u00e9s m\u00e9g t\u00f6bbet!","robots":{"index":"index","follow":"follow","max-snippet":"max-snippet:-1","max-image-preview":"max-image-preview:large","max-video-preview":"max-video-preview:-1"},"canonical":"https:\/\/onlinelotto365.com\/hu\/nyero-lottoszamok\/superenalotto\/","og_locale":"hu_HU","og_type":"article","og_title":"Legut\u00f3bbi nyer\u0151sz\u00e1mok Superenalotto","og_description":"Szeretn\u00e9d tudni a Superenalotto nyer\u0151sz\u00e1mait? Itt tal\u00e1lod az eredm\u00e9nyeket \u00e9s m\u00e9g t\u00f6bbet!","og_url":"https:\/\/onlinelotto365.com\/hu\/nyero-lottoszamok\/superenalotto\/","og_site_name":"OnlineLotto365","og_image":[{"url":"https:\/\/redfoxlotto.com\/image?size=8&amp;lottery=superenalotto"}],"twitter_card":"summary_large_image","twitter_misc":{"Becs\u00fclt olvas\u00e1si id\u0151":"2 perc"},"schema":{"@context":"https:\/\/schema.org","@graph":[{"@type":"WebPage","@id":"https:\/\/onlinelotto365.com\/hu\/nyero-lottoszamok\/superenalotto\/","url":"https:\/\/onlinelotto365.com\/hu\/nyero-lottoszamok\/superenalotto\/","name":"Legut\u00f3bbi nyer\u0151sz\u00e1mok Superenalotto","isPartOf":{"@id":"https:\/\/onlinelotto365.com\/hu\/#website"},"primaryImageOfPage":{"@id":"https:\/\/onlinelotto365.com\/hu\/nyero-lottoszamok\/superenalotto\/#primaryimage"},"image":{"@id":"https:\/\/onlinelotto365.com\/hu\/nyero-lottoszamok\/superenalotto\/#primaryimage"},"thumbnailUrl":"https:\/\/redfoxlotto.com\/image?size=8&amp;lottery=superenalotto","datePublished":"2022-11-14T12:53:59+00:00","dateModified":"2022-11-14T12:53:59+00:00","description":"Szeretn\u00e9d tudni a Superenalotto nyer\u0151sz\u00e1mait? Itt tal\u00e1lod az eredm\u00e9nyeket \u00e9s m\u00e9g t\u00f6bbet!","breadcrumb":{"@id":"https:\/\/onlinelotto365.com\/hu\/nyero-lottoszamok\/superenalotto\/#breadcrumb"},"inLanguage":"hu","potentialAction":[{"@type":"ReadAction","target":["https:\/\/onlinelotto365.com\/hu\/nyero-lottoszamok\/superenalotto\/"]}]},{"@type":"ImageObject","inLanguage":"hu","@id":"https:\/\/onlinelotto365.com\/hu\/nyero-lottoszamok\/superenalotto\/#primaryimage","url":"https:\/\/redfoxlotto.com\/image?size=8&amp;lottery=superenalotto","contentUrl":"https:\/\/redfoxlotto.com\/image?size=8&amp;lottery=superenalotto"},{"@type":"BreadcrumbList","@id":"https:\/\/onlinelotto365.com\/hu\/nyero-lottoszamok\/superenalotto\/#breadcrumb","itemListElement":[{"@type":"ListItem","position":1,"name":"Home","item":"https:\/\/onlinelotto365.com\/hu\/"},{"@type":"ListItem","position":2,"name":"Nemzetk\u00f6zi lott\u00f3eredm\u00e9nyeket keresel?","item":"https:\/\/onlinelotto365.com\/hu\/winning-numbers\/"},{"@type":"ListItem","position":3,"name":"Ellen\u0151rizze a Superenalotto nyer\u0151sz\u00e1mokat itt"}]},{"@type":"WebSite","@id":"https:\/\/onlinelotto365.com\/hu\/#website","url":"https:\/\/onlinelotto365.com\/hu\/","name":"OnlineLotto365","description":"","potentialAction":[{"@type":"SearchAction","target":{"@type":"EntryPoint","urlTemplate":"https:\/\/onlinelotto365.com\/hu\/?s={search_term_string}"},"query-input":{"@type":"PropertyValueSpecification","valueRequired":true,"valueName":"search_term_string"}}],"inLanguage":"hu"}]}},"_links":{"self":[{"href":"https:\/\/onlinelotto365.com\/hu\/wp-json\/wp\/v2\/pages\/80071","targetHints":{"allow":["GET"]}}],"collection":[{"href":"https:\/\/onlinelotto365.com\/hu\/wp-json\/wp\/v2\/pages"}],"about":[{"href":"https:\/\/onlinelotto365.com\/hu\/wp-json\/wp\/v2\/types\/page"}],"author":[{"embeddable":true,"href":"https:\/\/onlinelotto365.com\/hu\/wp-json\/wp\/v2\/users\/1"}],"replies":[{"embeddable":true,"href":"https:\/\/onlinelotto365.com\/hu\/wp-json\/wp\/v2\/comments?post=80071"}],"version-history":[{"count":0,"href":"https:\/\/onlinelotto365.com\/hu\/wp-json\/wp\/v2\/pages\/80071\/revisions"}],"up":[{"embeddable":true,"href":"https:\/\/onlinelotto365.com\/hu\/wp-json\/wp\/v2\/pages\/5838"}],"wp:attachment":[{"href":"https:\/\/onlinelotto365.com\/hu\/wp-json\/wp\/v2\/media?parent=80071"}],"curies":[{"name":"wp","href":"https:\/\/api.w.org\/{rel}","templated":true}]}}