{"id":80103,"date":"2022-11-14T17:54:03","date_gmt":"2022-11-14T16:54:03","guid":{"rendered":"https:\/\/onlinelotto365.com\/?page_id=80103"},"modified":"2022-11-14T17:54:03","modified_gmt":"2022-11-14T16:54:03","slug":"euromillions","status":"publish","type":"page","link":"https:\/\/onlinelotto365.com\/hu\/nyero-lottoszamok\/euromillions\/","title":{"rendered":"N\u00e9zze meg az Euromillions nyer\u0151sz\u00e1mokat"},"content":{"rendered":"<p>Tudjuk, hogy sok nemzetk\u00f6zi lott\u00f3j\u00e1t\u00e9k \u00e9rhet\u0151 el a weboldalunkon, \u00e9s ez egy kicsit zavar\u00f3 lehet az \u00d6n sz\u00e1m\u00e1ra. De nem kell annyira zavarosnak lennie, mint gondoln\u00e1. \u00c9s annak sem kell olyan neh\u00e9znek lennie, hogy megtal\u00e1lja a k\u00edv\u00e1nt j\u00e1t\u00e9k nyer\u0151sz\u00e1mait. De tal\u00e1n m\u00e1r gondolt\u00e1l arra, hogy m\u00e1shol is megn\u00e9zed. Az \u00fajs\u00e1g \u00e9s a telev\u00edzi\u00f3 is egy-k\u00e9t lehet\u0151s\u00e9g, de hacsak nem vagy helyi lakos, neh\u00e9z lehet megtal\u00e1lni az eredm\u00e9nyeket b\u00e1rmelyik helyen.<br \/>\n<a href=\"https:\/\/redfoxlotto.com\/play\/euromillions\/?ref=a8564250a2&amp;medium=ol365\" target=\"_blank\" rel=\"noopener noreferrer\"><img decoding=\"async\" class=\"aligncenter\" src=\"https:\/\/redfoxlotto.com\/image?size=8&amp;lottery=euromillions\" alt=\"euromillions\" \/><\/a><br \/>\nV\u00e1laszthatod azt is, hogy felkeresed az EuroMillions lott\u00f3 hivatalos weboldal\u00e1t. Ez az egyik legjobb hely az eredm\u00e9nyek megismer\u00e9s\u00e9re, mivel t\u00e9nyekkel szolg\u00e1l, \u00e9s m\u00e9g az is el\u0151fordulhat, hogy \u00e9l\u0151ben k\u00f6vetheti a sorsol\u00e1st. Sz\u00f3rakoztat\u00f3 \u00e9s izgalmas lehet \u00e9l\u0151ben v\u00e9gign\u00e9zni a sorsol\u00e1st, k\u00fcl\u00f6n\u00f6sen akkor, ha te vagy az, aki nyer, \u00e9s l\u00e1thatod, ahogy a sz\u00e1mok felj\u00f6nnek. De ez sok id\u0151t vehet ig\u00e9nybe, \u00e9s nem minden lott\u00f3j\u00e1t\u00e9kot k\u00f6zvet\u00edtenek t\u00e9nylegesen.<\/p>\n<p>Miut\u00e1n a lott\u00f3sz\u00e1mok kisorsol\u00e1sa megt\u00f6rt\u00e9nt, egy m\u00e1sik lehet\u0151s\u00e9g, hogy megn\u00e9zd a YouTube-on, h\u00e1tha tal\u00e1lsz egy vide\u00f3t a sorsol\u00e1sr\u00f3l vagy arr\u00f3l, ahogy valaki ut\u00f3lag felfedte a sz\u00e1mokat.<\/p>\n<p>A legjobb m\u00f3dja a nyer\u0151sz\u00e1mok megismer\u00e9s\u00e9nek azonban az, ha megn\u00e9zi a weboldalunkat, \u00e9s ellen\u0151rzi az eredm\u00e9nyeket. Mindez el\u00e9rhet\u0151 a lott\u00f3eredm\u00e9nyek oldalunkon, amely megmutatja a nyertes sz\u00e1mokat b\u00e1rmelyik lott\u00f3j\u00e1t\u00e9khoz, amelyet a weboldalunkon megv\u00e1s\u00e1rolhat.<\/p>\n<h2>Hogyan tudhatja meg, hogy nyert-e az online szelv\u00e9nye<\/h2>\n<p>Ami m\u00e9g enn\u00e9l is jobb, hogy ha val\u00f3ban vett\u00e9l egy szelv\u00e9nyt erre a j\u00e1t\u00e9kra, akkor m\u00e9g csak nem is kell agg\u00f3dnod, hogy fel kell menned az eredm\u00e9nyoldalra. Egyszer\u0171en csak k\u00f6zvetlen\u00fcl a fi\u00f3kodra \u00e9s a jegyeidet tartalmaz\u00f3 oldalra l\u00e9phetsz.<\/p>\n<p>Onnan l\u00e1thatja a nyertes sz\u00e1mokat \u00e9s a saj\u00e1t sz\u00e1mait \u00f6sszehasonl\u00edtva. Az egyez\u0151 sz\u00e1mokat pedig kiemelj\u00fck, hogy ne maradj le r\u00f3luk. R\u00e1ad\u00e1sul gondoskodunk arr\u00f3l is, hogy megkapd a sz\u00e1mjaidb\u00f3l sz\u00e1rmaz\u00f3 nyerem\u00e9nyt, ha 2500 eur\u00f3 alatt van a nyerem\u00e9nyed. Ha t\u00f6bb, akkor is csak egy \u0171rlapot kell kit\u00f6ltened, \u00e9s mi tov\u00e1bbra is seg\u00edt\u00fcnk, hogy mindenr\u0151l gondoskodjunk.<\/p>\n<h2>EuroMillions eredm\u00e9nyek arch\u00edvuma<\/h2>\n<p>T\u00f6bb olyan ter\u00fclet\u00fcnk is van, ahol megtekintheted az EuroMillions leg\u00fajabb nyer\u0151sz\u00e1mait \u00e9s m\u00e1s j\u00e1t\u00e9kok eredm\u00e9nyeit, de lehet\u0151s\u00e9ged van a r\u00e9gi nyer\u0151sz\u00e1mok megtekint\u00e9s\u00e9re is. Ha biztos akarsz lenni abban, hogy a megfelel\u0151 sz\u00e1mokat v\u00e1lasztod a nett\u00f3 j\u00e1t\u00e9khoz, a r\u00e9gebbi j\u00e1t\u00e9kok megtekint\u00e9se j\u00f3 v\u00e1laszt\u00e1s lehet.<\/p>\n<h2>A szelv\u00e9nyem nyert, mi k\u00f6vetkezik ezut\u00e1n?<\/h2>\n<p><img loading=\"lazy\" decoding=\"async\" class=\"alignright wp-image-3645\" src=\"https:\/\/onlinelotto365.com\/wp-content\/uploads\/2020\/11\/online_lottery-129-300x300.jpg\" alt=\"Euromillions nyer\u0151sz\u00e1mok\" width=\"210\" height=\"210\" srcset=\"https:\/\/onlinelotto365.com\/wp-content\/uploads\/2020\/11\/online_lottery-129-300x300.jpg 300w, https:\/\/onlinelotto365.com\/wp-content\/uploads\/2020\/11\/online_lottery-129-100x100.jpg 100w, https:\/\/onlinelotto365.com\/wp-content\/uploads\/2020\/11\/online_lottery-129-150x150.jpg 150w, https:\/\/onlinelotto365.com\/wp-content\/uploads\/2020\/11\/online_lottery-129.jpg 320w\" sizes=\"auto, (max-width: 210px) 100vw, 210px\" \/><br \/>\nM\u00e1r eml\u00edtett\u00fck, hogy minden olyan nyerem\u00e9nyt, amelyet 2500 eur\u00f3n\u00e1l kisebb \u00f6sszegben nyert\u00e9l, \u00fcgyf\u00e9lszolg\u00e1latunk a sz\u00e1ml\u00e1dra utalja neked. Amint a p\u00e9nz a sz\u00e1ml\u00e1don van, kiveheted, felhaszn\u00e1lhatod, vagy b\u00e1rmi m\u00e1st, amit csak szeretn\u00e9l. Ez megk\u00f6nny\u00edti sz\u00e1modra, hogy tov\u00e1bb j\u00e1tszhass, vagy arra haszn\u00e1ld fel a p\u00e9nzed, amire csak szeretn\u00e9d.<br \/>\nNem csak ez, de a p\u00e9nzt b\u00e1rmelyik sz\u00e1ml\u00e1r\u00f3l kiveheted, amelyet m\u00e1r haszn\u00e1lt\u00e1l v\u00e1s\u00e1rl\u00e1sra vagy tov\u00e1bbi p\u00e9nz befizet\u00e9s\u00e9re a sz\u00e1ml\u00e1dra. Ez mag\u00e1ban foglalja a banksz\u00e1ml\u00e1kat, hitelk\u00e1rty\u00e1kat \u00e9s m\u00e9g sok m\u00e1st is.<\/p>\n","protected":false},"excerpt":{"rendered":"<p>Tudjuk, hogy sok nemzetk\u00f6zi lott\u00f3j\u00e1t\u00e9k \u00e9rhet\u0151 el a weboldalunkon, \u00e9s ez egy kicsit zavar\u00f3 lehet az \u00d6n sz\u00e1m\u00e1ra. De nem kell annyira zavarosnak lennie, mint gondoln\u00e1. \u00c9s annak sem kell olyan neh\u00e9znek lennie, hogy megtal\u00e1lja a k\u00edv\u00e1nt j\u00e1t\u00e9k nyer\u0151sz\u00e1mait. De tal\u00e1n m\u00e1r gondolt\u00e1l arra, hogy m\u00e1shol is megn\u00e9zed. Az \u00fajs\u00e1g \u00e9s a telev\u00edzi\u00f3 is egy-k\u00e9t [&hellip;]<\/p>\n","protected":false},"author":1,"featured_media":0,"parent":5838,"menu_order":3,"comment_status":"closed","ping_status":"closed","template":"euromillions-results.php","meta":{"_et_pb_use_builder":"","_et_pb_old_content":"","_et_gb_content_width":"","exclude_from_search":false,"footnotes":""},"class_list":["post-80103","page","type-page","status-publish","hentry"],"yoast_head":"<!-- This site is optimized with the Yoast SEO plugin v23.4 - https:\/\/yoast.com\/wordpress\/plugins\/seo\/ -->\n<title>Nyer\u0151sz\u00e1mok Euromillions | N\u00e9zze meg az Euromillions leg\u00fajabb nyerem\u00e9nyeit \u00e9s eredm\u00e9nyeit<\/title>\n<meta name=\"description\" content=\"Hasonl\u00edtsa \u00f6ssze Euromillions szelv\u00e9ny\u00e9t a nyer\u0151sz\u00e1mokkal - az \u00f6sszes lott\u00f3eredm\u00e9nyt itt tekintheti meg\" \/>\n<meta name=\"robots\" content=\"index, follow, max-snippet:-1, max-image-preview:large, max-video-preview:-1\" \/>\n<link rel=\"canonical\" href=\"https:\/\/onlinelotto365.com\/hu\/nyero-lottoszamok\/euromillions\/\" \/>\n<meta property=\"og:locale\" content=\"hu_HU\" \/>\n<meta property=\"og:type\" content=\"article\" \/>\n<meta property=\"og:title\" content=\"Nyer\u0151sz\u00e1mok Euromillions | N\u00e9zze meg az Euromillions leg\u00fajabb nyerem\u00e9nyeit \u00e9s eredm\u00e9nyeit\" \/>\n<meta property=\"og:description\" content=\"Hasonl\u00edtsa \u00f6ssze Euromillions szelv\u00e9ny\u00e9t a nyer\u0151sz\u00e1mokkal - az \u00f6sszes lott\u00f3eredm\u00e9nyt itt tekintheti meg\" \/>\n<meta property=\"og:url\" content=\"https:\/\/onlinelotto365.com\/hu\/nyero-lottoszamok\/euromillions\/\" \/>\n<meta property=\"og:site_name\" content=\"OnlineLotto365\" \/>\n<meta property=\"og:image\" content=\"https:\/\/redfoxlotto.com\/image?size=8&amp;lottery=euromillions\" \/>\n<meta name=\"twitter:card\" content=\"summary_large_image\" \/>\n<meta name=\"twitter:label1\" content=\"Becs\u00fclt olvas\u00e1si id\u0151\" \/>\n\t<meta name=\"twitter:data1\" content=\"2 perc\" \/>\n<script type=\"application\/ld+json\" class=\"yoast-schema-graph\">{\"@context\":\"https:\/\/schema.org\",\"@graph\":[{\"@type\":\"WebPage\",\"@id\":\"https:\/\/onlinelotto365.com\/hu\/nyero-lottoszamok\/euromillions\/\",\"url\":\"https:\/\/onlinelotto365.com\/hu\/nyero-lottoszamok\/euromillions\/\",\"name\":\"Nyer\u0151sz\u00e1mok Euromillions | N\u00e9zze meg az Euromillions leg\u00fajabb nyerem\u00e9nyeit \u00e9s eredm\u00e9nyeit\",\"isPartOf\":{\"@id\":\"https:\/\/onlinelotto365.com\/hu\/#website\"},\"primaryImageOfPage\":{\"@id\":\"https:\/\/onlinelotto365.com\/hu\/nyero-lottoszamok\/euromillions\/#primaryimage\"},\"image\":{\"@id\":\"https:\/\/onlinelotto365.com\/hu\/nyero-lottoszamok\/euromillions\/#primaryimage\"},\"thumbnailUrl\":\"https:\/\/redfoxlotto.com\/image?size=8&amp;lottery=euromillions\",\"datePublished\":\"2022-11-14T16:54:03+00:00\",\"dateModified\":\"2022-11-14T16:54:03+00:00\",\"description\":\"Hasonl\u00edtsa \u00f6ssze Euromillions szelv\u00e9ny\u00e9t a nyer\u0151sz\u00e1mokkal - az \u00f6sszes lott\u00f3eredm\u00e9nyt itt tekintheti meg\",\"breadcrumb\":{\"@id\":\"https:\/\/onlinelotto365.com\/hu\/nyero-lottoszamok\/euromillions\/#breadcrumb\"},\"inLanguage\":\"hu\",\"potentialAction\":[{\"@type\":\"ReadAction\",\"target\":[\"https:\/\/onlinelotto365.com\/hu\/nyero-lottoszamok\/euromillions\/\"]}]},{\"@type\":\"ImageObject\",\"inLanguage\":\"hu\",\"@id\":\"https:\/\/onlinelotto365.com\/hu\/nyero-lottoszamok\/euromillions\/#primaryimage\",\"url\":\"https:\/\/redfoxlotto.com\/image?size=8&amp;lottery=euromillions\",\"contentUrl\":\"https:\/\/redfoxlotto.com\/image?size=8&amp;lottery=euromillions\"},{\"@type\":\"BreadcrumbList\",\"@id\":\"https:\/\/onlinelotto365.com\/hu\/nyero-lottoszamok\/euromillions\/#breadcrumb\",\"itemListElement\":[{\"@type\":\"ListItem\",\"position\":1,\"name\":\"Home\",\"item\":\"https:\/\/onlinelotto365.com\/hu\/\"},{\"@type\":\"ListItem\",\"position\":2,\"name\":\"Nemzetk\u00f6zi lott\u00f3eredm\u00e9nyeket keresel?\",\"item\":\"https:\/\/onlinelotto365.com\/hu\/winning-numbers\/\"},{\"@type\":\"ListItem\",\"position\":3,\"name\":\"N\u00e9zze meg az Euromillions nyer\u0151sz\u00e1mokat\"}]},{\"@type\":\"WebSite\",\"@id\":\"https:\/\/onlinelotto365.com\/hu\/#website\",\"url\":\"https:\/\/onlinelotto365.com\/hu\/\",\"name\":\"OnlineLotto365\",\"description\":\"\",\"potentialAction\":[{\"@type\":\"SearchAction\",\"target\":{\"@type\":\"EntryPoint\",\"urlTemplate\":\"https:\/\/onlinelotto365.com\/hu\/?s={search_term_string}\"},\"query-input\":{\"@type\":\"PropertyValueSpecification\",\"valueRequired\":true,\"valueName\":\"search_term_string\"}}],\"inLanguage\":\"hu\"}]}<\/script>\n<!-- \/ Yoast SEO plugin. -->","yoast_head_json":{"title":"Nyer\u0151sz\u00e1mok Euromillions | N\u00e9zze meg az Euromillions leg\u00fajabb nyerem\u00e9nyeit \u00e9s eredm\u00e9nyeit","description":"Hasonl\u00edtsa \u00f6ssze Euromillions szelv\u00e9ny\u00e9t a nyer\u0151sz\u00e1mokkal - az \u00f6sszes lott\u00f3eredm\u00e9nyt itt tekintheti meg","robots":{"index":"index","follow":"follow","max-snippet":"max-snippet:-1","max-image-preview":"max-image-preview:large","max-video-preview":"max-video-preview:-1"},"canonical":"https:\/\/onlinelotto365.com\/hu\/nyero-lottoszamok\/euromillions\/","og_locale":"hu_HU","og_type":"article","og_title":"Nyer\u0151sz\u00e1mok Euromillions | N\u00e9zze meg az Euromillions leg\u00fajabb nyerem\u00e9nyeit \u00e9s eredm\u00e9nyeit","og_description":"Hasonl\u00edtsa \u00f6ssze Euromillions szelv\u00e9ny\u00e9t a nyer\u0151sz\u00e1mokkal - az \u00f6sszes lott\u00f3eredm\u00e9nyt itt tekintheti meg","og_url":"https:\/\/onlinelotto365.com\/hu\/nyero-lottoszamok\/euromillions\/","og_site_name":"OnlineLotto365","og_image":[{"url":"https:\/\/redfoxlotto.com\/image?size=8&amp;lottery=euromillions"}],"twitter_card":"summary_large_image","twitter_misc":{"Becs\u00fclt olvas\u00e1si id\u0151":"2 perc"},"schema":{"@context":"https:\/\/schema.org","@graph":[{"@type":"WebPage","@id":"https:\/\/onlinelotto365.com\/hu\/nyero-lottoszamok\/euromillions\/","url":"https:\/\/onlinelotto365.com\/hu\/nyero-lottoszamok\/euromillions\/","name":"Nyer\u0151sz\u00e1mok Euromillions | N\u00e9zze meg az Euromillions leg\u00fajabb nyerem\u00e9nyeit \u00e9s eredm\u00e9nyeit","isPartOf":{"@id":"https:\/\/onlinelotto365.com\/hu\/#website"},"primaryImageOfPage":{"@id":"https:\/\/onlinelotto365.com\/hu\/nyero-lottoszamok\/euromillions\/#primaryimage"},"image":{"@id":"https:\/\/onlinelotto365.com\/hu\/nyero-lottoszamok\/euromillions\/#primaryimage"},"thumbnailUrl":"https:\/\/redfoxlotto.com\/image?size=8&amp;lottery=euromillions","datePublished":"2022-11-14T16:54:03+00:00","dateModified":"2022-11-14T16:54:03+00:00","description":"Hasonl\u00edtsa \u00f6ssze Euromillions szelv\u00e9ny\u00e9t a nyer\u0151sz\u00e1mokkal - az \u00f6sszes lott\u00f3eredm\u00e9nyt itt tekintheti meg","breadcrumb":{"@id":"https:\/\/onlinelotto365.com\/hu\/nyero-lottoszamok\/euromillions\/#breadcrumb"},"inLanguage":"hu","potentialAction":[{"@type":"ReadAction","target":["https:\/\/onlinelotto365.com\/hu\/nyero-lottoszamok\/euromillions\/"]}]},{"@type":"ImageObject","inLanguage":"hu","@id":"https:\/\/onlinelotto365.com\/hu\/nyero-lottoszamok\/euromillions\/#primaryimage","url":"https:\/\/redfoxlotto.com\/image?size=8&amp;lottery=euromillions","contentUrl":"https:\/\/redfoxlotto.com\/image?size=8&amp;lottery=euromillions"},{"@type":"BreadcrumbList","@id":"https:\/\/onlinelotto365.com\/hu\/nyero-lottoszamok\/euromillions\/#breadcrumb","itemListElement":[{"@type":"ListItem","position":1,"name":"Home","item":"https:\/\/onlinelotto365.com\/hu\/"},{"@type":"ListItem","position":2,"name":"Nemzetk\u00f6zi lott\u00f3eredm\u00e9nyeket keresel?","item":"https:\/\/onlinelotto365.com\/hu\/winning-numbers\/"},{"@type":"ListItem","position":3,"name":"N\u00e9zze meg az Euromillions nyer\u0151sz\u00e1mokat"}]},{"@type":"WebSite","@id":"https:\/\/onlinelotto365.com\/hu\/#website","url":"https:\/\/onlinelotto365.com\/hu\/","name":"OnlineLotto365","description":"","potentialAction":[{"@type":"SearchAction","target":{"@type":"EntryPoint","urlTemplate":"https:\/\/onlinelotto365.com\/hu\/?s={search_term_string}"},"query-input":{"@type":"PropertyValueSpecification","valueRequired":true,"valueName":"search_term_string"}}],"inLanguage":"hu"}]}},"_links":{"self":[{"href":"https:\/\/onlinelotto365.com\/hu\/wp-json\/wp\/v2\/pages\/80103","targetHints":{"allow":["GET"]}}],"collection":[{"href":"https:\/\/onlinelotto365.com\/hu\/wp-json\/wp\/v2\/pages"}],"about":[{"href":"https:\/\/onlinelotto365.com\/hu\/wp-json\/wp\/v2\/types\/page"}],"author":[{"embeddable":true,"href":"https:\/\/onlinelotto365.com\/hu\/wp-json\/wp\/v2\/users\/1"}],"replies":[{"embeddable":true,"href":"https:\/\/onlinelotto365.com\/hu\/wp-json\/wp\/v2\/comments?post=80103"}],"version-history":[{"count":0,"href":"https:\/\/onlinelotto365.com\/hu\/wp-json\/wp\/v2\/pages\/80103\/revisions"}],"up":[{"embeddable":true,"href":"https:\/\/onlinelotto365.com\/hu\/wp-json\/wp\/v2\/pages\/5838"}],"wp:attachment":[{"href":"https:\/\/onlinelotto365.com\/hu\/wp-json\/wp\/v2\/media?parent=80103"}],"curies":[{"name":"wp","href":"https:\/\/api.w.org\/{rel}","templated":true}]}}